{"id":5177,"date":"2025-03-19T15:40:39","date_gmt":"2025-03-19T18:40:39","guid":{"rendered":"https:\/\/wp.ufpel.edu.br\/ppgcem\/?page_id=5177"},"modified":"2025-03-19T16:54:59","modified_gmt":"2025-03-19T19:54:59","slug":"premiacoes","status":"publish","type":"page","link":"https:\/\/wp.ufpel.edu.br\/ppgcem\/discentes\/premiacoes\/","title":{"rendered":"Destaques e Premia\u00e7\u00f5es"},"content":{"rendered":"<p><strong>Men\u00e7\u00e3o Honrosa da CAPES<\/strong><\/p>\n<ul>\n<li>Tese de C\u00e1tia Liane \u00dccker (19\/08\/2022), intitulada\u00a0<em>\u201cNb2O5 aplicado em processos fotocatal\u00edticos de degrada\u00e7\u00e3o da Rodamina B: influ\u00eancia da composi\u00e7\u00e3o, estrutura e m\u00e9todo de s\u00edntese\u201d<\/em>, que recebeu Men\u00e7\u00e3o Honrosa no renomado\u00a0<em>Pr\u00eamio CAPES de Tese 2023<\/em>. Sob a orienta\u00e7\u00e3o dos professores\u00a0<strong>Sergio da Silva Cava<\/strong>\u00a0e\u00a0<strong>Cristiane Wienke Raubach<\/strong>, a Dra. C\u00e1tia investigou processos fotocatal\u00edticos para a degrada\u00e7\u00e3o de compostos org\u00e2nicos, representando um avan\u00e7o significativo na \u00e1rea de Materiais.<\/li>\n<\/ul>\n<hr \/>\n<p><strong>II Encuentro de Investigadores en Ciencia de Materiales no Uruguai<\/strong><\/p>\n<p><strong>Trabalhos Apresentados e Premiados<\/strong><\/p>\n<ul>\n<li><em>&#8220;Obten\u00e7\u00e3o e caracteriza\u00e7\u00e3o de nanofibras de niobato de pot\u00e1ssio&#8221;<\/em><br \/>\nAutores: Gian F.R. Paganotto, Viviane G. Marques, Francielen S.M. Rodrigues, C\u00e1tia L. \u00dccker, Cristiane W. Raubach, S\u00e9rgio S. Cava.<br \/>\nAborda a s\u00edntese e caracteriza\u00e7\u00e3o de nanofibras de niobato de pot\u00e1ssio, com aplica\u00e7\u00f5es em eletr\u00f4nicos e catalisadores.<\/li>\n<li><em>&#8220;Al2O3@Nb2O5 materials for the catalytic wet air oxidation of Phenol&#8221;<\/em><br \/>\nAutores: F\u00e1bio C. Riemke, C\u00e1tia Ucker, Bruno Rosa, Milena Cerveira, Lucas da Silva Rodrigues, Mateus G. Masteghin, Mahdi Bourassi, Catherine Especel, Gwendoline Lafaye, Laurence Vivier, Cristiane W. Raubach, Neftali L.V. Carre\u00f1o.<br \/>\nDesenvolvido com a Universit\u00e9 de Poitiers (Fran\u00e7a), investiga materiais comp\u00f3sitos para a oxida\u00e7\u00e3o catal\u00edtica de fenol, com aplica\u00e7\u00f5es ambientais e industriais. O estudo foi viabilizado pelo Projeto CAPES-COFECUB e conv\u00eanios de cotutela, integrando a\u00e7\u00f5es de internacionaliza\u00e7\u00e3o do PPGCEM.<\/li>\n<li><em>&#8220;S\u00edntese de TiNb2O7 via rota hidrot\u00e9rmica assistida por micro-ondas visando aplica\u00e7\u00e3o fotocatal\u00edtica&#8221;<\/em><br \/>\nAutores: Renato de Gouveia Cantoneiro, C\u00e1tia Liane Ucker, Sergio da Silva Cava, Cristiane Wienke Raubach.<br \/>\nApresenta uma rota inovadora para s\u00edntese de TiNb2O7, material promissor para fotocat\u00e1lise e tecnologias sustent\u00e1veis.<\/li>\n<\/ul>\n<p><strong>Pr\u00eamios recebidos pela doutoranda Daiane Fernandes Gon\u00e7alves<\/strong>, sob orienta\u00e7\u00e3o do professor Sergio Cava:<\/p>\n<ul>\n<li>Bernhard Gross Award da Sociedade Brasileira de Pesquisa em Materiais.<\/li>\n<li>2\u00ba lugar no desafio &#8220;Sua tese em 3 min (3MT)&#8221; na Universidade Federal de Pelotas.<\/li>\n<\/ul>\n<hr \/>\n<p><strong>XXVI Encontro de P\u00f3s-Gradua\u00e7\u00e3o (2024)<\/strong><\/p>\n<ul>\n<li>Lucas Minghini Gon\u00e7alves, sobre\u00a0<em>\u201cMonitoramento de Epinefrina, Norepinefrina e Tirosina a Partir de Chip Sensores Eletroqu\u00edmicos de LIG Modificado, para An\u00e1lises R\u00e1pidas.\u201d<\/em><\/li>\n<li>Renato de Gouveia Cantoneiro, orientado pela Prof. Cristiane Wienke Raubach, sobre\u00a0<em>\u201cAn\u00e1lise do Potencial Fotocatal\u00edtico do TiNb2O7 Obtido por Rota Solvot\u00e9rmica Assistida por Micro-Ondas (SAM).\u201d<\/em><\/li>\n<li>Marlon Bender Bueno Rodrigues, orientado pelo Prof. Andr\u00e9 Luiz Missio, sobre\u00a0<em>\u201cPurifica\u00e7\u00f5es de Extratos T\u00e2nicos Aplicadas como Inibidores de Corros\u00e3o em A\u00e7o Carbono AISI 1045.\u201d<\/em><\/li>\n<li>Chaiani Battisti, orientada pelo Prof. Mateus Meneghetti Ferrer, sobre\u00a0<em>\u201cCaracteriza\u00e7\u00e3o dos Materiais Utilizados pelo Artista Victor Scharf por Meio de T\u00e9cnicas Arqueom\u00e9tricas.\u201d<\/em><\/li>\n<li>Daiane Fernandes Gon\u00e7alves, orientada pelo Prof. Sergio da Silva Cava, sobre\u00a0<em>\u201cNanobast\u00f5es de NaNbO3 Dopados com Cu (II): Atividades Fotocatal\u00edtica e Antibacteriana Aprimoradas,\u201d<\/em>\u00a0foram reconhecidos.<\/li>\n<li>Francescole Borges Cardoso, orientado pela Prof. Alice Gon\u00e7alves Os\u00f3rio, apresentou o trabalho\u00a0<em>\u201cOtimiza\u00e7\u00e3o de Metodologia para a Produ\u00e7\u00e3o de CNTY.\u201d<\/em><\/li>\n<\/ul>\n<hr \/>\n<p><strong>XXV Encontro de P\u00f3s-Gradua\u00e7\u00e3o (2023)<\/strong><\/p>\n<ul>\n<li>Naurienni Dutra Freitas, orientada pela Prof. Amanda Dantas de Oliveira, sobre\u00a0<em>\u201cEstrat\u00e9gias Sustent\u00e1veis de Revestimento: O Potencial da Resina \u00e0 Base de Poliestireno P\u00f3s-Consumo Aplicado na Superf\u00edcie de Aglomerado de Corti\u00e7a.\u201d<\/em><\/li>\n<li>Daniele Ferreira Lopes, orientada pelo Prof. Cesar Antonio Oropesa Avellaneda, sobre\u00a0<em>\u201cMetodologia do Experimento de Superf\u00edcie de Resposta (Box-Behnken) para Otimiza\u00e7\u00e3o do Tra\u00e7o do Concreto com Cinza Volante de Carv\u00e3o Mineral.\u201d<\/em><\/li>\n<\/ul>\n<hr \/>\n<p><strong>XXIV Encontro de P\u00f3s-Gradua\u00e7\u00e3o (2022)<\/strong><\/p>\n<ul>\n<li>Rafaela Moreira Javier Lemos, orientada pelo Prof. Cesar Antonio Oropesa Avellaneda, sobre\u00a0<em>\u201cDesenvolvimento de Eletr\u00f3litos de Blendas Polim\u00e9ricas Pectina-PVA para Janelas Inteligentes.\u201d<\/em><\/li>\n<\/ul>\n<hr \/>\n<p><strong>XXIV Encontro de P\u00f3s-Gradua\u00e7\u00e3o da Universidade Federal de Pelotas (2021)<\/strong><\/p>\n<ul>\n<li style=\"list-style-type: none;\">\n<ul>\n<li>Daiane Fernandes, orientada pelo Prof. Sergio da Silva Cava, intitulado\u00a0<em>\u201cNanopart\u00edculas de Niobato de S\u00f3dio (NaNbO3) e sua Atividade Fotocatal\u00edtica.\u201d<\/em><\/li>\n<\/ul>\n<\/li>\n<\/ul>\n","protected":false},"excerpt":{"rendered":"<p>Men\u00e7\u00e3o Honrosa da CAPES Tese de C\u00e1tia Liane \u00dccker (19\/08\/2022), intitulada\u00a0\u201cNb2O5 aplicado em processos fotocatal\u00edticos de degrada\u00e7\u00e3o da Rodamina B: influ\u00eancia da composi\u00e7\u00e3o, estrutura e m\u00e9todo de s\u00edntese\u201d, que recebeu Men\u00e7\u00e3o Honrosa no renomado\u00a0Pr\u00eamio CAPES de Tese 2023. Sob a orienta\u00e7\u00e3o dos professores\u00a0Sergio da Silva Cava\u00a0e\u00a0Cristiane Wienke Raubach, a Dra. C\u00e1tia investigou processos fotocatal\u00edticos para [&hellip;]<\/p>\n","protected":false},"author":370,"featured_media":0,"parent":5139,"menu_order":0,"comment_status":"closed","ping_status":"closed","template":"","meta":{"jetpack_post_was_ever_published":false,"footnotes":""},"class_list":["post-5177","page","type-page","status-publish","hentry"],"yoast_head":"<!-- This site is optimized with the Yoast SEO plugin v26.7 - https:\/\/yoast.com\/wordpress\/plugins\/seo\/ -->\n<title>Destaques e Premia\u00e7\u00f5es &#8211; Programa de P\u00f3s-Gradua\u00e7\u00e3o em Ci\u00eancia e Engenharia de Materiais<\/title>\n<meta name=\"robots\" content=\"index, follow, max-snippet:-1, max-image-preview:large, max-video-preview:-1\" \/>\n<link rel=\"canonical\" href=\"https:\/\/wp.ufpel.edu.br\/ppgcem\/pt\/discentes\/premiacoes\/\" \/>\n<meta property=\"og:locale\" content=\"pt_BR\" \/>\n<meta property=\"og:type\" content=\"article\" \/>\n<meta property=\"og:title\" content=\"Destaques e Premia\u00e7\u00f5es &#8211; Programa de P\u00f3s-Gradua\u00e7\u00e3o em Ci\u00eancia e Engenharia de Materiais\" \/>\n<meta property=\"og:description\" content=\"Men\u00e7\u00e3o Honrosa da CAPES Tese de C\u00e1tia Liane \u00dccker (19\/08\/2022), intitulada\u00a0\u201cNb2O5 aplicado em processos fotocatal\u00edticos de degrada\u00e7\u00e3o da Rodamina B: influ\u00eancia da composi\u00e7\u00e3o, estrutura e m\u00e9todo de s\u00edntese\u201d, que recebeu Men\u00e7\u00e3o Honrosa no renomado\u00a0Pr\u00eamio CAPES de Tese 2023. Sob a orienta\u00e7\u00e3o dos professores\u00a0Sergio da Silva Cava\u00a0e\u00a0Cristiane Wienke Raubach, a Dra. C\u00e1tia investigou processos fotocatal\u00edticos para [&hellip;]\" \/>\n<meta property=\"og:url\" content=\"https:\/\/wp.ufpel.edu.br\/ppgcem\/pt\/discentes\/premiacoes\/\" \/>\n<meta property=\"og:site_name\" content=\"Programa de P\u00f3s-Gradua\u00e7\u00e3o em Ci\u00eancia e Engenharia de Materiais\" \/>\n<meta property=\"article:modified_time\" content=\"2025-03-19T19:54:59+00:00\" \/>\n<meta name=\"twitter:card\" content=\"summary_large_image\" \/>\n<meta name=\"twitter:label1\" content=\"Est. tempo de leitura\" \/>\n\t<meta name=\"twitter:data1\" content=\"4 minutos\" \/>\n<script type=\"application\/ld+json\" class=\"yoast-schema-graph\">{\"@context\":\"https:\/\/schema.org\",\"@graph\":[{\"@type\":\"WebPage\",\"@id\":\"https:\/\/wp.ufpel.edu.br\/ppgcem\/pt\/discentes\/premiacoes\/\",\"url\":\"https:\/\/wp.ufpel.edu.br\/ppgcem\/pt\/discentes\/premiacoes\/\",\"name\":\"Destaques e Premia\u00e7\u00f5es &#8211; Programa de P\u00f3s-Gradua\u00e7\u00e3o em Ci\u00eancia e Engenharia de Materiais\",\"isPartOf\":{\"@id\":\"https:\/\/wp.ufpel.edu.br\/ppgcem\/pt\/#website\"},\"datePublished\":\"2025-03-19T18:40:39+00:00\",\"dateModified\":\"2025-03-19T19:54:59+00:00\",\"breadcrumb\":{\"@id\":\"https:\/\/wp.ufpel.edu.br\/ppgcem\/pt\/discentes\/premiacoes\/#breadcrumb\"},\"inLanguage\":\"pt-BR\",\"potentialAction\":[{\"@type\":\"ReadAction\",\"target\":[\"https:\/\/wp.ufpel.edu.br\/ppgcem\/pt\/discentes\/premiacoes\/\"]}]},{\"@type\":\"BreadcrumbList\",\"@id\":\"https:\/\/wp.ufpel.edu.br\/ppgcem\/pt\/discentes\/premiacoes\/#breadcrumb\",\"itemListElement\":[{\"@type\":\"ListItem\",\"position\":1,\"name\":\"In\u00edcio\",\"item\":\"https:\/\/wp.ufpel.edu.br\/ppgcem\/pt\/\"},{\"@type\":\"ListItem\",\"position\":2,\"name\":\"Discentes\",\"item\":\"https:\/\/wp.ufpel.edu.br\/ppgcem\/pt\/discentes\/\"},{\"@type\":\"ListItem\",\"position\":3,\"name\":\"Destaques e Premia\u00e7\u00f5es\"}]},{\"@type\":\"WebSite\",\"@id\":\"https:\/\/wp.ufpel.edu.br\/ppgcem\/pt\/#website\",\"url\":\"https:\/\/wp.ufpel.edu.br\/ppgcem\/pt\/\",\"name\":\"Programa de P\u00f3s-Gradua\u00e7\u00e3o em Ci\u00eancia e Engenharia de Materiais\",\"description\":\"\",\"potentialAction\":[{\"@type\":\"SearchAction\",\"target\":{\"@type\":\"EntryPoint\",\"urlTemplate\":\"https:\/\/wp.ufpel.edu.br\/ppgcem\/pt\/?s={search_term_string}\"},\"query-input\":{\"@type\":\"PropertyValueSpecification\",\"valueRequired\":true,\"valueName\":\"search_term_string\"}}],\"inLanguage\":\"pt-BR\"}]}<\/script>\n<!-- \/ Yoast SEO plugin. -->","yoast_head_json":{"title":"Destaques e Premia\u00e7\u00f5es &#8211; Programa de P\u00f3s-Gradua\u00e7\u00e3o em Ci\u00eancia e Engenharia de Materiais","robots":{"index":"index","follow":"follow","max-snippet":"max-snippet:-1","max-image-preview":"max-image-preview:large","max-video-preview":"max-video-preview:-1"},"canonical":"https:\/\/wp.ufpel.edu.br\/ppgcem\/pt\/discentes\/premiacoes\/","og_locale":"pt_BR","og_type":"article","og_title":"Destaques e Premia\u00e7\u00f5es &#8211; Programa de P\u00f3s-Gradua\u00e7\u00e3o em Ci\u00eancia e Engenharia de Materiais","og_description":"Men\u00e7\u00e3o Honrosa da CAPES Tese de C\u00e1tia Liane \u00dccker (19\/08\/2022), intitulada\u00a0\u201cNb2O5 aplicado em processos fotocatal\u00edticos de degrada\u00e7\u00e3o da Rodamina B: influ\u00eancia da composi\u00e7\u00e3o, estrutura e m\u00e9todo de s\u00edntese\u201d, que recebeu Men\u00e7\u00e3o Honrosa no renomado\u00a0Pr\u00eamio CAPES de Tese 2023. Sob a orienta\u00e7\u00e3o dos professores\u00a0Sergio da Silva Cava\u00a0e\u00a0Cristiane Wienke Raubach, a Dra. C\u00e1tia investigou processos fotocatal\u00edticos para [&hellip;]","og_url":"https:\/\/wp.ufpel.edu.br\/ppgcem\/pt\/discentes\/premiacoes\/","og_site_name":"Programa de P\u00f3s-Gradua\u00e7\u00e3o em Ci\u00eancia e Engenharia de Materiais","article_modified_time":"2025-03-19T19:54:59+00:00","twitter_card":"summary_large_image","twitter_misc":{"Est. tempo de leitura":"4 minutos"},"schema":{"@context":"https:\/\/schema.org","@graph":[{"@type":"WebPage","@id":"https:\/\/wp.ufpel.edu.br\/ppgcem\/pt\/discentes\/premiacoes\/","url":"https:\/\/wp.ufpel.edu.br\/ppgcem\/pt\/discentes\/premiacoes\/","name":"Destaques e Premia\u00e7\u00f5es &#8211; Programa de P\u00f3s-Gradua\u00e7\u00e3o em Ci\u00eancia e Engenharia de Materiais","isPartOf":{"@id":"https:\/\/wp.ufpel.edu.br\/ppgcem\/pt\/#website"},"datePublished":"2025-03-19T18:40:39+00:00","dateModified":"2025-03-19T19:54:59+00:00","breadcrumb":{"@id":"https:\/\/wp.ufpel.edu.br\/ppgcem\/pt\/discentes\/premiacoes\/#breadcrumb"},"inLanguage":"pt-BR","potentialAction":[{"@type":"ReadAction","target":["https:\/\/wp.ufpel.edu.br\/ppgcem\/pt\/discentes\/premiacoes\/"]}]},{"@type":"BreadcrumbList","@id":"https:\/\/wp.ufpel.edu.br\/ppgcem\/pt\/discentes\/premiacoes\/#breadcrumb","itemListElement":[{"@type":"ListItem","position":1,"name":"In\u00edcio","item":"https:\/\/wp.ufpel.edu.br\/ppgcem\/pt\/"},{"@type":"ListItem","position":2,"name":"Discentes","item":"https:\/\/wp.ufpel.edu.br\/ppgcem\/pt\/discentes\/"},{"@type":"ListItem","position":3,"name":"Destaques e Premia\u00e7\u00f5es"}]},{"@type":"WebSite","@id":"https:\/\/wp.ufpel.edu.br\/ppgcem\/pt\/#website","url":"https:\/\/wp.ufpel.edu.br\/ppgcem\/pt\/","name":"Programa de P\u00f3s-Gradua\u00e7\u00e3o em Ci\u00eancia e Engenharia de Materiais","description":"","potentialAction":[{"@type":"SearchAction","target":{"@type":"EntryPoint","urlTemplate":"https:\/\/wp.ufpel.edu.br\/ppgcem\/pt\/?s={search_term_string}"},"query-input":{"@type":"PropertyValueSpecification","valueRequired":true,"valueName":"search_term_string"}}],"inLanguage":"pt-BR"}]}},"jetpack_sharing_enabled":true,"jetpack_shortlink":"https:\/\/wp.me\/P8zk0j-1lv","_links":{"self":[{"href":"https:\/\/wp.ufpel.edu.br\/ppgcem\/wp-json\/wp\/v2\/pages\/5177","targetHints":{"allow":["GET"]}}],"collection":[{"href":"https:\/\/wp.ufpel.edu.br\/ppgcem\/wp-json\/wp\/v2\/pages"}],"about":[{"href":"https:\/\/wp.ufpel.edu.br\/ppgcem\/wp-json\/wp\/v2\/types\/page"}],"author":[{"embeddable":true,"href":"https:\/\/wp.ufpel.edu.br\/ppgcem\/wp-json\/wp\/v2\/users\/370"}],"replies":[{"embeddable":true,"href":"https:\/\/wp.ufpel.edu.br\/ppgcem\/wp-json\/wp\/v2\/comments?post=5177"}],"version-history":[{"count":7,"href":"https:\/\/wp.ufpel.edu.br\/ppgcem\/wp-json\/wp\/v2\/pages\/5177\/revisions"}],"predecessor-version":[{"id":5194,"href":"https:\/\/wp.ufpel.edu.br\/ppgcem\/wp-json\/wp\/v2\/pages\/5177\/revisions\/5194"}],"up":[{"embeddable":true,"href":"https:\/\/wp.ufpel.edu.br\/ppgcem\/wp-json\/wp\/v2\/pages\/5139"}],"wp:attachment":[{"href":"https:\/\/wp.ufpel.edu.br\/ppgcem\/wp-json\/wp\/v2\/media?parent=5177"}],"curies":[{"name":"wp","href":"https:\/\/api.w.org\/{rel}","templated":true}]}}