{"id":5167,"date":"2025-03-19T09:16:51","date_gmt":"2025-03-19T12:16:51","guid":{"rendered":"https:\/\/wp.ufpel.edu.br\/ppgcem\/?page_id=5167"},"modified":"2025-03-19T09:16:51","modified_gmt":"2025-03-19T12:16:51","slug":"laboratory-of-polymers-and-lignocellulosic-materials-labpmat","status":"publish","type":"page","link":"https:\/\/wp.ufpel.edu.br\/ppgcem\/research-groups-laboratories\/laboratory-of-polymers-and-lignocellulosic-materials-labpmat\/","title":{"rendered":"Laboratory of Polymers and Lignocellulosic Materials (LabPMaT)"},"content":{"rendered":"<p data-start=\"46\" data-end=\"489\"><strong data-start=\"46\" data-end=\"254\">The LabPMaT is a research laboratory of the Graduate Program in Science and Engineering of Materials (PPGCEM) at UFPel, led by Professors Andr\u00e9 Luiz Missio (<a href=\"http:\/\/lattes.cnpq.br\/6923877786371495\">Lattes<\/a>) and Amanda Dantas de Oliveira (<a href=\"http:\/\/lattes.cnpq.br\/0010723066123700\">Lattes<\/a>).<\/strong>\u00a0The laboratory focuses on the development of new sustainable materials, contributing to scientific and technological advancements that address global challenges and align with the United Nations Sustainable Development Goals (SDGs).<\/p>\n<h3 data-start=\"491\" data-end=\"540\">The main research areas of LabPMaT include:<\/h3>\n<p data-start=\"542\" data-end=\"852\"><strong data-start=\"542\" data-end=\"584\">Development of Materials from Tannins:<\/strong> Exploration of tannins, naturally derived compounds, for applications in sustainable materials. This research line aligns with <strong data-start=\"712\" data-end=\"762\">SDG 12: Responsible Consumption and Production<\/strong>, promoting the use of renewable and more sustainable resources in production processes.<\/p>\n<p data-start=\"854\" data-end=\"1291\"><strong data-start=\"854\" data-end=\"872\">Nanocellulose:<\/strong> Study and application of nanocellulose, an innovative and biodegradable material with exceptional mechanical properties, for the development of composites and new materials. This research contributes to <strong data-start=\"1076\" data-end=\"1127\">SDG 9: Industry, Innovation, and Infrastructure<\/strong>, by fostering technological and industrial innovations, and to <strong data-start=\"1191\" data-end=\"1215\">SDG 15: Life on Land<\/strong>, due to its focus on biological resources and environmental preservation.<\/p>\n<p data-start=\"1293\" data-end=\"1645\"><strong data-start=\"1293\" data-end=\"1354\">Separation and Purification of Lignocellulosic Materials:<\/strong> Research aimed at the isolation and purification of biomaterials from lignocellulosic sources, promoting the use of renewable materials. This line is in synergy with <strong data-start=\"1521\" data-end=\"1571\">SDG 12: Responsible Consumption and Production<\/strong>, encouraging responsible and sustainable production from plant biomass.<\/p>\n<p data-start=\"1647\" data-end=\"1994\"><strong data-start=\"1647\" data-end=\"1672\">Polymeric Composites:<\/strong> Development of new polymer-based composites, focusing on improving mechanical and thermal properties for various industrial and environmental applications. These projects are linked to <strong data-start=\"1858\" data-end=\"1909\">SDG 9: Industry, Innovation, and Infrastructure<\/strong>, by promoting innovations that enhance the durability and efficiency of materials.<\/p>\n<p data-start=\"1996\" data-end=\"2329\"><strong data-start=\"1996\" data-end=\"2030\">Polymers and Polymeric Blends:<\/strong> Study of polymeric blends and their modification processes to create materials with properties tailored to industrial and environmental needs. Aligned with <strong data-start=\"2187\" data-end=\"2237\">SDG 12: Responsible Consumption and Production<\/strong>, this research seeks to develop more efficient materials with lower environmental impact.<\/p>\n<p data-start=\"2331\" data-end=\"2688\"><strong data-start=\"2331\" data-end=\"2366\">Polymeric Materials Processing:<\/strong> Research on advanced technologies for polymer processing, aiming at the creation of high-performance materials with applications in strategic sectors. This focus contributes to <strong data-start=\"2544\" data-end=\"2595\">SDG 9: Industry, Innovation, and Infrastructure<\/strong>, which encourages industrial innovation and the development of sustainable infrastructure.<\/p>\n<p data-start=\"2690\" data-end=\"3331\">The <strong data-start=\"2694\" data-end=\"2760\">Laboratory of Polymers and Lignocellulosic Materials (LabPMaT)<\/strong> stands out for its continuous pursuit of sustainable and innovative solutions for the development of new materials, with a strong commitment to sustainability and the circular economy. By addressing the use of renewable natural resources, such as tannins and nanocellulose, the laboratory fosters scientific and technological advancements in compliance with <strong data-start=\"3119\" data-end=\"3170\">SDG 9: Industry, Innovation, and Infrastructure<\/strong>, <strong data-start=\"3172\" data-end=\"3222\">SDG 12: Responsible Consumption and Production<\/strong>, and <strong data-start=\"3228\" data-end=\"3252\">SDG 15: Life on Land<\/strong>, reinforcing its role in building a more sustainable and innovative society.<\/p>\n<p data-start=\"3333\" data-end=\"3476\">&#x1f52c; Stay updated! Follow the laboratory on Instagram:<br data-start=\"3385\" data-end=\"3388\" \/><a href=\"https:\/\/www.instagram.com\/laboratoriopmat\" target=\"_new\" rel=\"noopener\" data-start=\"3388\" data-end=\"3474\">https:\/\/www.instagram.com\/laboratoriopmat<\/a><\/p>\n","protected":false},"excerpt":{"rendered":"<p>The LabPMaT is a research laboratory of the Graduate Program in Science and Engineering of Materials (PPGCEM) at UFPel, led by Professors Andr\u00e9 Luiz Missio (Lattes) and Amanda Dantas de Oliveira (Lattes).\u00a0The laboratory focuses on the development of new sustainable materials, contributing to scientific and technological advancements that address global challenges and align with the [&hellip;]<\/p>\n","protected":false},"author":370,"featured_media":0,"parent":5163,"menu_order":0,"comment_status":"closed","ping_status":"closed","template":"","meta":{"jetpack_post_was_ever_published":false,"footnotes":""},"class_list":["post-5167","page","type-page","status-publish","hentry"],"yoast_head":"<!-- This site is optimized with the Yoast SEO plugin v26.7 - https:\/\/yoast.com\/wordpress\/plugins\/seo\/ -->\n<title>Laboratory of Polymers and Lignocellulosic Materials (LabPMaT) &#8211; Programa de P\u00f3s-Gradua\u00e7\u00e3o em Ci\u00eancia e Engenharia de Materiais<\/title>\n<meta name=\"robots\" content=\"index, follow, max-snippet:-1, max-image-preview:large, max-video-preview:-1\" \/>\n<link rel=\"canonical\" href=\"https:\/\/wp.ufpel.edu.br\/ppgcem\/en\/research-groups-laboratories\/laboratory-of-polymers-and-lignocellulosic-materials-labpmat\/\" \/>\n<meta property=\"og:locale\" content=\"pt_BR\" \/>\n<meta property=\"og:type\" content=\"article\" \/>\n<meta property=\"og:title\" content=\"Laboratory of Polymers and Lignocellulosic Materials (LabPMaT) &#8211; Programa de P\u00f3s-Gradua\u00e7\u00e3o em Ci\u00eancia e Engenharia de Materiais\" \/>\n<meta property=\"og:description\" content=\"The LabPMaT is a research laboratory of the Graduate Program in Science and Engineering of Materials (PPGCEM) at UFPel, led by Professors Andr\u00e9 Luiz Missio (Lattes) and Amanda Dantas de Oliveira (Lattes).\u00a0The laboratory focuses on the development of new sustainable materials, contributing to scientific and technological advancements that address global challenges and align with the [&hellip;]\" \/>\n<meta property=\"og:url\" content=\"https:\/\/wp.ufpel.edu.br\/ppgcem\/en\/research-groups-laboratories\/laboratory-of-polymers-and-lignocellulosic-materials-labpmat\/\" \/>\n<meta property=\"og:site_name\" content=\"Programa de P\u00f3s-Gradua\u00e7\u00e3o em Ci\u00eancia e Engenharia de Materiais\" \/>\n<meta name=\"twitter:card\" content=\"summary_large_image\" \/>\n<meta name=\"twitter:label1\" content=\"Est. tempo de leitura\" \/>\n\t<meta name=\"twitter:data1\" content=\"3 minutos\" \/>\n<script type=\"application\/ld+json\" class=\"yoast-schema-graph\">{\"@context\":\"https:\/\/schema.org\",\"@graph\":[{\"@type\":\"WebPage\",\"@id\":\"https:\/\/wp.ufpel.edu.br\/ppgcem\/en\/research-groups-laboratories\/laboratory-of-polymers-and-lignocellulosic-materials-labpmat\/\",\"url\":\"https:\/\/wp.ufpel.edu.br\/ppgcem\/en\/research-groups-laboratories\/laboratory-of-polymers-and-lignocellulosic-materials-labpmat\/\",\"name\":\"Laboratory of Polymers and Lignocellulosic Materials (LabPMaT) &#8211; Programa de P\u00f3s-Gradua\u00e7\u00e3o em Ci\u00eancia e Engenharia de Materiais\",\"isPartOf\":{\"@id\":\"https:\/\/wp.ufpel.edu.br\/ppgcem\/pt\/#website\"},\"datePublished\":\"2025-03-19T12:16:51+00:00\",\"breadcrumb\":{\"@id\":\"https:\/\/wp.ufpel.edu.br\/ppgcem\/en\/research-groups-laboratories\/laboratory-of-polymers-and-lignocellulosic-materials-labpmat\/#breadcrumb\"},\"inLanguage\":\"pt-BR\",\"potentialAction\":[{\"@type\":\"ReadAction\",\"target\":[\"https:\/\/wp.ufpel.edu.br\/ppgcem\/en\/research-groups-laboratories\/laboratory-of-polymers-and-lignocellulosic-materials-labpmat\/\"]}]},{\"@type\":\"BreadcrumbList\",\"@id\":\"https:\/\/wp.ufpel.edu.br\/ppgcem\/en\/research-groups-laboratories\/laboratory-of-polymers-and-lignocellulosic-materials-labpmat\/#breadcrumb\",\"itemListElement\":[{\"@type\":\"ListItem\",\"position\":1,\"name\":\"In\u00edcio\",\"item\":\"https:\/\/wp.ufpel.edu.br\/ppgcem\/pt\/\"},{\"@type\":\"ListItem\",\"position\":2,\"name\":\"Research Groups\/Laboratories\",\"item\":\"https:\/\/wp.ufpel.edu.br\/ppgcem\/en\/research-groups-laboratories\/\"},{\"@type\":\"ListItem\",\"position\":3,\"name\":\"Laboratory of Polymers and Lignocellulosic Materials (LabPMaT)\"}]},{\"@type\":\"WebSite\",\"@id\":\"https:\/\/wp.ufpel.edu.br\/ppgcem\/pt\/#website\",\"url\":\"https:\/\/wp.ufpel.edu.br\/ppgcem\/pt\/\",\"name\":\"Programa de P\u00f3s-Gradua\u00e7\u00e3o em Ci\u00eancia e Engenharia de Materiais\",\"description\":\"\",\"potentialAction\":[{\"@type\":\"SearchAction\",\"target\":{\"@type\":\"EntryPoint\",\"urlTemplate\":\"https:\/\/wp.ufpel.edu.br\/ppgcem\/pt\/?s={search_term_string}\"},\"query-input\":{\"@type\":\"PropertyValueSpecification\",\"valueRequired\":true,\"valueName\":\"search_term_string\"}}],\"inLanguage\":\"pt-BR\"}]}<\/script>\n<!-- \/ Yoast SEO plugin. -->","yoast_head_json":{"title":"Laboratory of Polymers and Lignocellulosic Materials (LabPMaT) &#8211; Programa de P\u00f3s-Gradua\u00e7\u00e3o em Ci\u00eancia e Engenharia de Materiais","robots":{"index":"index","follow":"follow","max-snippet":"max-snippet:-1","max-image-preview":"max-image-preview:large","max-video-preview":"max-video-preview:-1"},"canonical":"https:\/\/wp.ufpel.edu.br\/ppgcem\/en\/research-groups-laboratories\/laboratory-of-polymers-and-lignocellulosic-materials-labpmat\/","og_locale":"pt_BR","og_type":"article","og_title":"Laboratory of Polymers and Lignocellulosic Materials (LabPMaT) &#8211; Programa de P\u00f3s-Gradua\u00e7\u00e3o em Ci\u00eancia e Engenharia de Materiais","og_description":"The LabPMaT is a research laboratory of the Graduate Program in Science and Engineering of Materials (PPGCEM) at UFPel, led by Professors Andr\u00e9 Luiz Missio (Lattes) and Amanda Dantas de Oliveira (Lattes).\u00a0The laboratory focuses on the development of new sustainable materials, contributing to scientific and technological advancements that address global challenges and align with the [&hellip;]","og_url":"https:\/\/wp.ufpel.edu.br\/ppgcem\/en\/research-groups-laboratories\/laboratory-of-polymers-and-lignocellulosic-materials-labpmat\/","og_site_name":"Programa de P\u00f3s-Gradua\u00e7\u00e3o em Ci\u00eancia e Engenharia de Materiais","twitter_card":"summary_large_image","twitter_misc":{"Est. tempo de leitura":"3 minutos"},"schema":{"@context":"https:\/\/schema.org","@graph":[{"@type":"WebPage","@id":"https:\/\/wp.ufpel.edu.br\/ppgcem\/en\/research-groups-laboratories\/laboratory-of-polymers-and-lignocellulosic-materials-labpmat\/","url":"https:\/\/wp.ufpel.edu.br\/ppgcem\/en\/research-groups-laboratories\/laboratory-of-polymers-and-lignocellulosic-materials-labpmat\/","name":"Laboratory of Polymers and Lignocellulosic Materials (LabPMaT) &#8211; Programa de P\u00f3s-Gradua\u00e7\u00e3o em Ci\u00eancia e Engenharia de Materiais","isPartOf":{"@id":"https:\/\/wp.ufpel.edu.br\/ppgcem\/pt\/#website"},"datePublished":"2025-03-19T12:16:51+00:00","breadcrumb":{"@id":"https:\/\/wp.ufpel.edu.br\/ppgcem\/en\/research-groups-laboratories\/laboratory-of-polymers-and-lignocellulosic-materials-labpmat\/#breadcrumb"},"inLanguage":"pt-BR","potentialAction":[{"@type":"ReadAction","target":["https:\/\/wp.ufpel.edu.br\/ppgcem\/en\/research-groups-laboratories\/laboratory-of-polymers-and-lignocellulosic-materials-labpmat\/"]}]},{"@type":"BreadcrumbList","@id":"https:\/\/wp.ufpel.edu.br\/ppgcem\/en\/research-groups-laboratories\/laboratory-of-polymers-and-lignocellulosic-materials-labpmat\/#breadcrumb","itemListElement":[{"@type":"ListItem","position":1,"name":"In\u00edcio","item":"https:\/\/wp.ufpel.edu.br\/ppgcem\/pt\/"},{"@type":"ListItem","position":2,"name":"Research Groups\/Laboratories","item":"https:\/\/wp.ufpel.edu.br\/ppgcem\/en\/research-groups-laboratories\/"},{"@type":"ListItem","position":3,"name":"Laboratory of Polymers and Lignocellulosic Materials (LabPMaT)"}]},{"@type":"WebSite","@id":"https:\/\/wp.ufpel.edu.br\/ppgcem\/pt\/#website","url":"https:\/\/wp.ufpel.edu.br\/ppgcem\/pt\/","name":"Programa de P\u00f3s-Gradua\u00e7\u00e3o em Ci\u00eancia e Engenharia de Materiais","description":"","potentialAction":[{"@type":"SearchAction","target":{"@type":"EntryPoint","urlTemplate":"https:\/\/wp.ufpel.edu.br\/ppgcem\/pt\/?s={search_term_string}"},"query-input":{"@type":"PropertyValueSpecification","valueRequired":true,"valueName":"search_term_string"}}],"inLanguage":"pt-BR"}]}},"jetpack_sharing_enabled":true,"jetpack_shortlink":"https:\/\/wp.me\/P8zk0j-1ll","_links":{"self":[{"href":"https:\/\/wp.ufpel.edu.br\/ppgcem\/wp-json\/wp\/v2\/pages\/5167","targetHints":{"allow":["GET"]}}],"collection":[{"href":"https:\/\/wp.ufpel.edu.br\/ppgcem\/wp-json\/wp\/v2\/pages"}],"about":[{"href":"https:\/\/wp.ufpel.edu.br\/ppgcem\/wp-json\/wp\/v2\/types\/page"}],"author":[{"embeddable":true,"href":"https:\/\/wp.ufpel.edu.br\/ppgcem\/wp-json\/wp\/v2\/users\/370"}],"replies":[{"embeddable":true,"href":"https:\/\/wp.ufpel.edu.br\/ppgcem\/wp-json\/wp\/v2\/comments?post=5167"}],"version-history":[{"count":1,"href":"https:\/\/wp.ufpel.edu.br\/ppgcem\/wp-json\/wp\/v2\/pages\/5167\/revisions"}],"predecessor-version":[{"id":5169,"href":"https:\/\/wp.ufpel.edu.br\/ppgcem\/wp-json\/wp\/v2\/pages\/5167\/revisions\/5169"}],"up":[{"embeddable":true,"href":"https:\/\/wp.ufpel.edu.br\/ppgcem\/wp-json\/wp\/v2\/pages\/5163"}],"wp:attachment":[{"href":"https:\/\/wp.ufpel.edu.br\/ppgcem\/wp-json\/wp\/v2\/media?parent=5167"}],"curies":[{"name":"wp","href":"https:\/\/api.w.org\/{rel}","templated":true}]}}