{"id":5142,"date":"2025-03-18T11:52:43","date_gmt":"2025-03-18T14:52:43","guid":{"rendered":"https:\/\/wp.ufpel.edu.br\/ppgcem\/?page_id=5142"},"modified":"2025-03-18T14:12:50","modified_gmt":"2025-03-18T17:12:50","slug":"students","status":"publish","type":"page","link":"https:\/\/wp.ufpel.edu.br\/ppgcem\/students\/","title":{"rendered":"Students"},"content":{"rendered":"<p>Below we list the students enrolled in 2025\/1, followed by their supervisors.<\/p>\n<p><strong>Doctoral students:<\/strong><\/p>\n<ol>\n<li>Adalberto Gularte Schafer \u2013 Cesar Antonio Oropesa Avellaneda<\/li>\n<li>Alaor Valerio Filho \u2013 Neftali Lenin Villarreal Carre\u00f1o<\/li>\n<li>Alencar Ibeiro de Oliveira \u2013 Rafael de Avila Delucis<\/li>\n<li>Alvaro Santos Piovesan \u2013 Henara Lillian Costa Murray<\/li>\n<li>Ana Carolina Rodrigues Ribeiro \u2013 Andre Luiz Missio<\/li>\n<li>Ana Paula Corrales Casaravilla \u2013 Neftali Lenin Villarreal Carre\u00f1o<\/li>\n<li>Ana Paula Sturbelle Schiller \u2013 Rafael de Avila Delucis<\/li>\n<li>Andre Tremper Minasi \u2013 Rafael Beltrame<\/li>\n<li>Andrei Borges La Rosa \u2013 Evandro Piva<\/li>\n<li>Bettina Rodrigues Machado \u2013 Robson Andreazza<\/li>\n<li>Brenda Aparecida Martineli Fragoso \u2013 Mateus Meneghhetti Ferrer<\/li>\n<li>Bruna Bicca Fernandes \u2013 Andre Luiz Missio<\/li>\n<li>Bruno Cesar Dalape de Souza \u2013 Jose Henrique Alano<\/li>\n<li>Bruno Gomes da Silva \u2013 Cesar Antonio Oropesa Avellaneda<\/li>\n<li>Bruno Silva do Nascimento \u2013 Darci Alberto Gatto<\/li>\n<li>Camile de Vargas \u2013 Hebert Luis Rossetto<\/li>\n<li>Carlomagno Gonzalez Castelli \u2013 Neftali Lenin Villarreal Carre\u00f1o<\/li>\n<li>Carlos Francisco Veiga Barbosa \u2013 Cesar Antonio Oropesa Avellaneda<\/li>\n<li>Carolina da Silva \u2013 Willian Cezar Nadaleti<\/li>\n<li>Carolina Pinz Medronha Albernaz \u2013 Willian Cezar Nadaleti<\/li>\n<li>Cesar Antonio Mantovani \u2013 Robson Andreazza<\/li>\n<li>Cleidi Victoria Pinto \u2013 Neftali Lenin Villarreal Carre\u00f1o<\/li>\n<li>Cristian da Conceicao Gomes \u2013 Rafael de Avila Delucis<\/li>\n<li>Cristian Rogerio Guidotti Aguiar \u2013 Cesar Antonio Oropesa Avellaneda<\/li>\n<li>Daiane Fernandes Goncalves \u2013 Sergio da Silva Cava<\/li>\n<li>Daniele Ferreira Lopes \u2013 Cesar Antonio Oropesa Avellaneda<\/li>\n<li>Danielle Tapia Bueno \u2013 Claudio Martin Pereira de Pereira<\/li>\n<li>Elton Yvens Godoy de Oliveira \u2013 Henara Lillian Costa Murray<\/li>\n<li>Erika Vasques Schneider \u2013 Mateus Meneghhetti Ferrer<\/li>\n<li>Everton Luis Bitencourt das Neves \u2013 Hebert Luis Rossetto<\/li>\n<li>Fabiana Fernandes Laroque \u2013 Sergio da Silva Cava<\/li>\n<li>Fabio Calcagno Riemke \u2013 Cristiane Wienke Raubach<\/li>\n<li>Fernanda Vieira Barasuol \u2013 Fernando Machado Machado<\/li>\n<li>Fernando Ritiele Teixeira \u2013 Cesar Antonio Oropesa Avellaneda<\/li>\n<li>Franciele Dias de Castro \u2013 Henara Lillian Costa Murray<\/li>\n<li>Francielen San Martins Rodrigues \u2013 Mateus Meneghhetti Ferrer<\/li>\n<li>Geovanna Peter Correa \u2013 Rafael Guerra Lund<\/li>\n<li>Gian Francesco dos Reis Paganotto \u2013 Sergio da Silva Cava<\/li>\n<li>Helio Humberto Holthausen Junior \u2013 Henara Lillian Costa Murray<\/li>\n<li>Ian Rodrigues Porto \u2013 Neftali Lenin Villarreal Carre\u00f1o<\/li>\n<li>Jean Richardson Barros da Penha \u2013 Neftali Lenin Villarreal Carre\u00f1o<\/li>\n<li>Jessica Michel da Silva \u2013 Rafael de Avila Delucis<\/li>\n<li>Joao Pedro Almeida Lopes \u2013 Andre Luiz Missio<\/li>\n<li>Jones Bittencourt Machado \u2013 Willian Cezar Nadaleti<\/li>\n<li>Jorge Airton Badin de Oliveira \u2013 Jose Henrique Alano<\/li>\n<li>Jorge Luiz Rocha Borges \u2013 Rafael de Avila Delucis<\/li>\n<li>Josiane Pinheiro Farias \u2013 Robson Andreazza<\/li>\n<li>Josiara Novoa \u2013 Henara Lillian Costa Murray<\/li>\n<li>Juliana Neumann Seixas \u2013 Mateus Meneghhetti Ferrer<\/li>\n<li>Juliano Picanco Duarte \u2013 Amanda Dantas de Oliveira<\/li>\n<li>Juliano Vasconcellos Sinotti \u2013 Neftali Lenin Villarreal Carre\u00f1o<\/li>\n<li>Karin Luciano Brizola Simonato \u2013 Mario Lucio Moreira<\/li>\n<li>Laise Vergara Nornberg \u2013 Andre Luiz Missio<\/li>\n<li>Leandro Macedo Cozza \u2013 Sergio da Silva Cava<\/li>\n<li>Leonardo Goncalves da Silva \u2013 Andre Luiz Missio<\/li>\n<li>Leonardo Rodrigues Leite \u2013 Hebert Luis Rossetto<\/li>\n<li>Lincoln Audrew Cordeiro \u2013 Andre Luiz Missio<\/li>\n<li>Luana Uszacki Kruger \u2013 Andre Luiz Missio<\/li>\n<li>Luana Vaz Tholozan \u2013 Neftali Lenin Villarreal Carre\u00f1o<\/li>\n<li>Lucas Hlenka \u2013 Rafael de Avila Delucis<\/li>\n<li>Lucas Reinaldo Wachholz Romano \u2013 Darci Alberto Gatto<\/li>\n<li>Luciano Leao Duarte \u2013 Jose Henrique Alano<\/li>\n<li>Luiz Alberto de Moraes Salcedo \u2013 Cesar Antonio Oropesa Avellaneda<\/li>\n<li>Luiza Beatriz Gamboa Araujo Morselli \u2013 Robson Andreazza<\/li>\n<li>Luiza Ribeiro Santana \u2013 Neftali Lenin Villarreal Carre\u00f1o<\/li>\n<li>Luiza Rosimeri Romano Santin \u2013 Darci Alberto Gatto<\/li>\n<li>Maele Costa dos Santos \u2013 Willian Cezar Nadaleti<\/li>\n<li>Maicon Nolasco Pedrotti \u2013 Neftali Lenin Villarreal Carre\u00f1o<\/li>\n<li>Marciano Custodio Ferreira \u2013 Willian Cezar Nadaleti<\/li>\n<li>Marcio Francisco Denzer Kruger \u2013 Willian Cezar Nadaleti<\/li>\n<li>Mateus Berwaldt Santos \u2013 Darci Alberto Gatto<\/li>\n<li>Matheus de Paula Goularte \u2013 Darci Alberto Gatto<\/li>\n<li>Matheus Oliveira Baldez \u2013 Alice Goncalves Osorio<\/li>\n<li>Michele da Cruz Larrossa \u2013 Cesar Antonio Oropesa Avellaneda<\/li>\n<li>Michele Soares Netto \u2013 Mateus Meneghhetti Ferrer<\/li>\n<li>Mirian Dosolina Fuzinatto \u2013 Rafael de Avila Delucis<\/li>\n<li>Nataly Matos da Silva \u2013 Darci Alberto Gatto<\/li>\n<li>Nathalia Vieira Villar de Nunes \u2013 Andre Luiz Missio<\/li>\n<li>Naurienni Dutra Freitas \u2013 Amanda Dantas de Oliveira<\/li>\n<li>Nestor Jose Silveira de Silveira \u2013 Rafael de Avila Delucis<\/li>\n<li>Nicholas Fernandes de Souza \u2013 Fernando Machado Machado<\/li>\n<li>Nilson Edgar Antunes da Silva \u2013 Darci Alberto Gatto<\/li>\n<li>Patricia Oliveira Schmitt \u2013 Andre Luiz Missio<\/li>\n<li>Patrique Borchardt Triantafilu \u2013 Alice Goncalves Osorio<\/li>\n<li>Pedro Henrique de Moraes Kolton \u2013 Rafael Beltrame<\/li>\n<li>Pedro Henrique Santaliestra e Silva \u2013 Rafael Guerra Lund<\/li>\n<li>Rafaela Medina da Silva \u2013 Hebert Luis Rossetto<\/li>\n<li>Rafaela Moreira Javier Lemos \u2013 Cesar Antonio Oropesa Avellaneda<\/li>\n<li>Raphaela Moreira Costa \u2013 Evandro Piva<\/li>\n<li>Ricardo Ripoll de Medeiros \u2013 Darci Alberto Gatto<\/li>\n<li>Richard Gustavo Pereira Gonz\u00e1lez \u2013 Cesar Antonio Oropesa Avellaneda<\/li>\n<li>Rosinei Silva Santos \u2013 Claudio Martin Pereira de Pereira<\/li>\n<li>Saionara Dias Vianna \u2013 Alice Goncalves Osorio<\/li>\n<li>Tanyse Parada Sampaio \u2013 Fernando Machado Machado<\/li>\n<li>Tathiana Andressa Moreira \u2013 Rafael de Avila Delucis<\/li>\n<li>Tatiane Manke da Rocha \u2013 Mario Lucio Moreira<\/li>\n<li>Thamires Alves da Silveira \u2013 Rafael de Avila Delucis<\/li>\n<li>Victoria Porto Monks \u2013 Neftali Lenin Villarreal Carre\u00f1o<\/li>\n<li>Vinicius Perret Furtado \u2013 Fernando Machado Machado<\/li>\n<li>Viviane Gobel Marques \u2013 Neftali Lenin Villarreal Carre\u00f1o<\/li>\n<\/ol>\n<p><strong>Master students:<\/strong><\/p>\n<ol>\n<li>Albeneir Machado Ribeiro \u2013 Rafael Beltrame<\/li>\n<li>Aline Scheer Knuth \u2013 Neftali Lenin Villarreal Carre\u00f1o<\/li>\n<li>Amanda Aparecida Gomes \u2013 Neftali Lenin Villarreal Carre\u00f1o<\/li>\n<li>Ana Carolina Nunes da Silva \u2013 Mateus Meneghhetti Ferrer<\/li>\n<li>Ana Laura Melo Tejera \u2013 Cesar Antonio Oropesa Avellaneda<\/li>\n<li>Andre Lamounier Caixeta \u2013 Amanda Dantas de Oliveira<\/li>\n<li>Anna Luiza Lopes da Silva \u2013 Alice Goncalves Osorio<\/li>\n<li>Ariel Ferreira Bartz \u2013 Alice Goncalves Osorio<\/li>\n<li>Arthur Garcia Lucas \u2013 Darci Alberto Gatto<\/li>\n<li>Augusto Santos do Nascimento \u2013 Andre Luiz Missio<\/li>\n<li>Avila Ferreira de Sousa \u2013 Darci Alberto Gatto<\/li>\n<li>Carla Tuche de Armas \u2013 Cesar Antonio Oropesa Avellaneda<\/li>\n<li>Caroline Ieque Silveira \u2013 Claudio Martin Pereira de Pereira<\/li>\n<li>Chaiani Battisti \u2013 Mateus Meneghhetti Ferrer<\/li>\n<li>Cheyene Ferraz de Borba \u2013 Hebert Luis Rossetto<\/li>\n<li>Claudia de Oliveira Farias \u2013 Hebert Luis Rossetto<\/li>\n<li>Eduarda Vieira Silva \u2013 Amanda Dantas de Oliveira<\/li>\n<li>Eduardo Stone Guimaraes \u2013 Rafael Beltrame<\/li>\n<li>Elizandra dos Santos Pagani \u2013 Rafael de Avila Delucis<\/li>\n<li>Felipe Rodrigues Cassoni \u2013 Alice Goncalves Osorio<\/li>\n<li>Fernanda Langone \u2013 Amanda Dantas de Oliveira<\/li>\n<li>Filipe Felix dos Santos \u2013 Neftali Lenin Villarreal Carre\u00f1o<\/li>\n<li>Francielle Muller Lima \u2013 Rafael de Avila Delucis<\/li>\n<li>Frantchescole Borges Cardoso \u2013 Alice Goncalves Osorio<\/li>\n<li>Gabriel Lopes Insaurriaga \u2013 Rafael de Avila Delucis<\/li>\n<li>Gabriel Pacheco Vives Pereira \u2013 Sergio da Silva Cava<\/li>\n<li>Gustavo Amaral Rockembach \u2013 Andre Luiz Missio<\/li>\n<li>Joao Felipe Campanaro \u2013 Mateus Meneghhetti Ferrer<\/li>\n<li>Juliana Porciuncula da Silva \u2013 Claudio Martin Pereira de Pereira<\/li>\n<li>Karoline Coelho Pacheco \u2013 Cesar Antonio Oropesa Avellaneda<\/li>\n<li>Klaussen Prestes Paim \u2013 Hebert Luis Rossetto<\/li>\n<li>Leandro Lemos Silveira \u2013 Alice Goncalves Osorio<\/li>\n<li>Lucas da Silva \u2013 Hebert Luis Rossetto<\/li>\n<li>Lucas de Lima Bierhals \u2013 Sem orientador principal<\/li>\n<li>Lucas de Souza Lima Pereira \u2013 Mateus Meneghhetti Ferrer<\/li>\n<li>Lucas Maron Valerio \u2013 Cesar Antonio Oropesa Avellaneda<\/li>\n<li>Lucas Minghini Goncalves \u2013 Neftali Lenin Villarreal Carre\u00f1o<\/li>\n<li>Lucas Porciuncula Oliveira \u2013 Hebert Luis Rossetto<\/li>\n<li>Luis Paulo Zebrowski \u2013 Neftali Lenin Villarreal Carre\u00f1o<\/li>\n<li>Luiza Simoes Pires da Silva Figueiredo \u2013 Evandro Piva<\/li>\n<li>Marcelo Paula de Castro \u2013 Neftali Lenin Villarreal Carre\u00f1o<\/li>\n<li>Marcos Antonio da Silva \u2013 Robson Andreazza<\/li>\n<li>Marcos Antonio Geraldo \u2013 Hebert Luis Rossetto<\/li>\n<li>Marcus Lemos da Silva \u2013 Cesar Antonio Oropesa Avellaneda<\/li>\n<li>Marlon Bender Bueno Rodrigues \u2013 Andre Luiz Missio<\/li>\n<li>Mateus da Costa Lima \u2013 Darci Alberto Gatto<\/li>\n<li>Matheus de Carvalho Dias \u2013 Rafael Beltrame<\/li>\n<li>Maximo Armand Ugon Gutierrez \u2013 Rafael de Avila Delucis<\/li>\n<li>Mayara da Silva Insaurriaga \u2013 Andre Luiz Missio<\/li>\n<li>Mirella Lima Nobre Amaral \u2013 Sergio da Silva Cava<\/li>\n<li>Nayara Lunkes \u2013 Darci Alberto Gatto<\/li>\n<li>Pablo Dias Esteves \u2013 Rafael de Avila Delucis<\/li>\n<li>Paula Ribeiro Feijo \u2013 Hebert Luis Rossetto<\/li>\n<li>Pedro Pinho Lucas \u2013 Claudio Martin Pereira de Pereira<\/li>\n<li>Priscila Milech Theisen \u2013 Hebert Luis Rossetto<\/li>\n<li>Renata Moreno Bueno \u2013 Cesar Antonio Oropesa Avellaneda<\/li>\n<li>Renato de Gouveia Cantoneiro \u2013 Cristiane Wienke Raubach<\/li>\n<li>Rita Elena Fereira Hung \u2013 Mateus Meneghhetti Ferrer<\/li>\n<li>Romulo Duarte Paulsen \u2013 Darci Alberto Gatto<\/li>\n<li>Rudicler Pereira Ramos \u2013 Rafael de Avila Delucis<\/li>\n<li>Sarah Kalli Silva da Silva \u2013 Andre Luiz Missio<\/li>\n<li>Selam Enawgaw Admasu \u2013 Rafael de Avila Delucis<\/li>\n<li>Susele Pinho da Costa \u2013 Cesar Antonio Oropesa Avellaneda<\/li>\n<li>Tiago Braga Rickes \u2013 Cristiane Wienke Raubach<\/li>\n<li>Vinicius Reis Vasques \u2013 Rafael de Avila Delucis<\/li>\n<li>Vitor dos Santos Avila \u2013 Rafael de Avila Delucis<\/li>\n<\/ol>\n<p>&nbsp;<\/p>\n","protected":false},"excerpt":{"rendered":"<p>Below we list the students enrolled in 2025\/1, followed by their supervisors. Doctoral students: Adalberto Gularte Schafer \u2013 Cesar Antonio Oropesa Avellaneda Alaor Valerio Filho \u2013 Neftali Lenin Villarreal Carre\u00f1o Alencar Ibeiro de Oliveira \u2013 Rafael de Avila Delucis Alvaro Santos Piovesan \u2013 Henara Lillian Costa Murray Ana Carolina Rodrigues Ribeiro \u2013 Andre Luiz Missio [&hellip;]<\/p>\n","protected":false},"author":370,"featured_media":0,"parent":0,"menu_order":0,"comment_status":"closed","ping_status":"closed","template":"","meta":{"jetpack_post_was_ever_published":false,"footnotes":""},"class_list":["post-5142","page","type-page","status-publish","hentry"],"yoast_head":"<!-- This site is optimized with the Yoast SEO plugin v26.7 - https:\/\/yoast.com\/wordpress\/plugins\/seo\/ -->\n<title>Students &#8211; Programa de P\u00f3s-Gradua\u00e7\u00e3o em Ci\u00eancia e Engenharia de Materiais<\/title>\n<meta name=\"robots\" content=\"index, follow, max-snippet:-1, max-image-preview:large, max-video-preview:-1\" \/>\n<link rel=\"canonical\" href=\"https:\/\/wp.ufpel.edu.br\/ppgcem\/en\/students\/\" \/>\n<meta property=\"og:locale\" content=\"pt_BR\" \/>\n<meta property=\"og:type\" content=\"article\" \/>\n<meta property=\"og:title\" content=\"Students &#8211; Programa de P\u00f3s-Gradua\u00e7\u00e3o em Ci\u00eancia e Engenharia de Materiais\" \/>\n<meta property=\"og:description\" content=\"Below we list the students enrolled in 2025\/1, followed by their supervisors. Doctoral students: Adalberto Gularte Schafer \u2013 Cesar Antonio Oropesa Avellaneda Alaor Valerio Filho \u2013 Neftali Lenin Villarreal Carre\u00f1o Alencar Ibeiro de Oliveira \u2013 Rafael de Avila Delucis Alvaro Santos Piovesan \u2013 Henara Lillian Costa Murray Ana Carolina Rodrigues Ribeiro \u2013 Andre Luiz Missio [&hellip;]\" \/>\n<meta property=\"og:url\" content=\"https:\/\/wp.ufpel.edu.br\/ppgcem\/en\/students\/\" \/>\n<meta property=\"og:site_name\" content=\"Programa de P\u00f3s-Gradua\u00e7\u00e3o em Ci\u00eancia e Engenharia de Materiais\" \/>\n<meta property=\"article:modified_time\" content=\"2025-03-18T17:12:50+00:00\" \/>\n<meta name=\"twitter:card\" content=\"summary_large_image\" \/>\n<meta name=\"twitter:label1\" content=\"Est. tempo de leitura\" \/>\n\t<meta name=\"twitter:data1\" content=\"7 minutos\" \/>\n<script type=\"application\/ld+json\" class=\"yoast-schema-graph\">{\"@context\":\"https:\/\/schema.org\",\"@graph\":[{\"@type\":\"WebPage\",\"@id\":\"https:\/\/wp.ufpel.edu.br\/ppgcem\/en\/students\/\",\"url\":\"https:\/\/wp.ufpel.edu.br\/ppgcem\/en\/students\/\",\"name\":\"Students &#8211; Programa de P\u00f3s-Gradua\u00e7\u00e3o em Ci\u00eancia e Engenharia de Materiais\",\"isPartOf\":{\"@id\":\"https:\/\/wp.ufpel.edu.br\/ppgcem\/pt\/#website\"},\"datePublished\":\"2025-03-18T14:52:43+00:00\",\"dateModified\":\"2025-03-18T17:12:50+00:00\",\"breadcrumb\":{\"@id\":\"https:\/\/wp.ufpel.edu.br\/ppgcem\/en\/students\/#breadcrumb\"},\"inLanguage\":\"pt-BR\",\"potentialAction\":[{\"@type\":\"ReadAction\",\"target\":[\"https:\/\/wp.ufpel.edu.br\/ppgcem\/en\/students\/\"]}]},{\"@type\":\"BreadcrumbList\",\"@id\":\"https:\/\/wp.ufpel.edu.br\/ppgcem\/en\/students\/#breadcrumb\",\"itemListElement\":[{\"@type\":\"ListItem\",\"position\":1,\"name\":\"In\u00edcio\",\"item\":\"https:\/\/wp.ufpel.edu.br\/ppgcem\/pt\/\"},{\"@type\":\"ListItem\",\"position\":2,\"name\":\"Students\"}]},{\"@type\":\"WebSite\",\"@id\":\"https:\/\/wp.ufpel.edu.br\/ppgcem\/pt\/#website\",\"url\":\"https:\/\/wp.ufpel.edu.br\/ppgcem\/pt\/\",\"name\":\"Programa de P\u00f3s-Gradua\u00e7\u00e3o em Ci\u00eancia e Engenharia de Materiais\",\"description\":\"\",\"potentialAction\":[{\"@type\":\"SearchAction\",\"target\":{\"@type\":\"EntryPoint\",\"urlTemplate\":\"https:\/\/wp.ufpel.edu.br\/ppgcem\/pt\/?s={search_term_string}\"},\"query-input\":{\"@type\":\"PropertyValueSpecification\",\"valueRequired\":true,\"valueName\":\"search_term_string\"}}],\"inLanguage\":\"pt-BR\"}]}<\/script>\n<!-- \/ Yoast SEO plugin. -->","yoast_head_json":{"title":"Students &#8211; Programa de P\u00f3s-Gradua\u00e7\u00e3o em Ci\u00eancia e Engenharia de Materiais","robots":{"index":"index","follow":"follow","max-snippet":"max-snippet:-1","max-image-preview":"max-image-preview:large","max-video-preview":"max-video-preview:-1"},"canonical":"https:\/\/wp.ufpel.edu.br\/ppgcem\/en\/students\/","og_locale":"pt_BR","og_type":"article","og_title":"Students &#8211; Programa de P\u00f3s-Gradua\u00e7\u00e3o em Ci\u00eancia e Engenharia de Materiais","og_description":"Below we list the students enrolled in 2025\/1, followed by their supervisors. Doctoral students: Adalberto Gularte Schafer \u2013 Cesar Antonio Oropesa Avellaneda Alaor Valerio Filho \u2013 Neftali Lenin Villarreal Carre\u00f1o Alencar Ibeiro de Oliveira \u2013 Rafael de Avila Delucis Alvaro Santos Piovesan \u2013 Henara Lillian Costa Murray Ana Carolina Rodrigues Ribeiro \u2013 Andre Luiz Missio [&hellip;]","og_url":"https:\/\/wp.ufpel.edu.br\/ppgcem\/en\/students\/","og_site_name":"Programa de P\u00f3s-Gradua\u00e7\u00e3o em Ci\u00eancia e Engenharia de Materiais","article_modified_time":"2025-03-18T17:12:50+00:00","twitter_card":"summary_large_image","twitter_misc":{"Est. tempo de leitura":"7 minutos"},"schema":{"@context":"https:\/\/schema.org","@graph":[{"@type":"WebPage","@id":"https:\/\/wp.ufpel.edu.br\/ppgcem\/en\/students\/","url":"https:\/\/wp.ufpel.edu.br\/ppgcem\/en\/students\/","name":"Students &#8211; Programa de P\u00f3s-Gradua\u00e7\u00e3o em Ci\u00eancia e Engenharia de Materiais","isPartOf":{"@id":"https:\/\/wp.ufpel.edu.br\/ppgcem\/pt\/#website"},"datePublished":"2025-03-18T14:52:43+00:00","dateModified":"2025-03-18T17:12:50+00:00","breadcrumb":{"@id":"https:\/\/wp.ufpel.edu.br\/ppgcem\/en\/students\/#breadcrumb"},"inLanguage":"pt-BR","potentialAction":[{"@type":"ReadAction","target":["https:\/\/wp.ufpel.edu.br\/ppgcem\/en\/students\/"]}]},{"@type":"BreadcrumbList","@id":"https:\/\/wp.ufpel.edu.br\/ppgcem\/en\/students\/#breadcrumb","itemListElement":[{"@type":"ListItem","position":1,"name":"In\u00edcio","item":"https:\/\/wp.ufpel.edu.br\/ppgcem\/pt\/"},{"@type":"ListItem","position":2,"name":"Students"}]},{"@type":"WebSite","@id":"https:\/\/wp.ufpel.edu.br\/ppgcem\/pt\/#website","url":"https:\/\/wp.ufpel.edu.br\/ppgcem\/pt\/","name":"Programa de P\u00f3s-Gradua\u00e7\u00e3o em Ci\u00eancia e Engenharia de Materiais","description":"","potentialAction":[{"@type":"SearchAction","target":{"@type":"EntryPoint","urlTemplate":"https:\/\/wp.ufpel.edu.br\/ppgcem\/pt\/?s={search_term_string}"},"query-input":{"@type":"PropertyValueSpecification","valueRequired":true,"valueName":"search_term_string"}}],"inLanguage":"pt-BR"}]}},"jetpack_sharing_enabled":true,"jetpack_shortlink":"https:\/\/wp.me\/P8zk0j-1kW","_links":{"self":[{"href":"https:\/\/wp.ufpel.edu.br\/ppgcem\/wp-json\/wp\/v2\/pages\/5142","targetHints":{"allow":["GET"]}}],"collection":[{"href":"https:\/\/wp.ufpel.edu.br\/ppgcem\/wp-json\/wp\/v2\/pages"}],"about":[{"href":"https:\/\/wp.ufpel.edu.br\/ppgcem\/wp-json\/wp\/v2\/types\/page"}],"author":[{"embeddable":true,"href":"https:\/\/wp.ufpel.edu.br\/ppgcem\/wp-json\/wp\/v2\/users\/370"}],"replies":[{"embeddable":true,"href":"https:\/\/wp.ufpel.edu.br\/ppgcem\/wp-json\/wp\/v2\/comments?post=5142"}],"version-history":[{"count":3,"href":"https:\/\/wp.ufpel.edu.br\/ppgcem\/wp-json\/wp\/v2\/pages\/5142\/revisions"}],"predecessor-version":[{"id":5146,"href":"https:\/\/wp.ufpel.edu.br\/ppgcem\/wp-json\/wp\/v2\/pages\/5142\/revisions\/5146"}],"wp:attachment":[{"href":"https:\/\/wp.ufpel.edu.br\/ppgcem\/wp-json\/wp\/v2\/media?parent=5142"}],"curies":[{"name":"wp","href":"https:\/\/api.w.org\/{rel}","templated":true}]}}