{"id":5102,"date":"2025-03-17T20:08:16","date_gmt":"2025-03-17T23:08:16","guid":{"rendered":"https:\/\/wp.ufpel.edu.br\/ppgcem\/?page_id=5102"},"modified":"2025-03-17T20:08:16","modified_gmt":"2025-03-17T23:08:16","slug":"2025-1","status":"publish","type":"page","link":"https:\/\/wp.ufpel.edu.br\/ppgcem\/editais\/2025-1\/","title":{"rendered":"2025\/1"},"content":{"rendered":"<h2><strong>Documentos para sele\u00e7\u00e3o de Mestrado 2025\/1<\/strong><\/h2>\n<ul>\n<li style=\"list-style-type: none;\">\n<ul>\n<li>Acesse o Edital <a href=\"https:\/\/wp.ufpel.edu.br\/ppgcem\/files\/2024\/12\/SELECAO-DE-ALUNO-REGULAR-DE-MESTRADO-2025-1.pdf\">aqui<\/a>.<\/li>\n<\/ul>\n<\/li>\n<\/ul>\n<p>&nbsp;<\/p>\n<p><strong>Demais documentos:<\/strong><\/p>\n<p>1. Formul\u00e1rio de Inscri\u00e7\u00e3o \u2013 <a href=\"https:\/\/docs.google.com\/forms\/d\/e\/1FAIpQLScUDjUs-evsN78z88P0kg29sabmr5eSg_ZOEGx2BSzUHnl62g\/viewform?usp=share_link\">Clique para acessar o formul\u00e1rio<\/a><\/p>\n<p>2. Formul\u00e1rio para declara\u00e7\u00e3o de etnia (quando aplic\u00e1vel) \u2013\u00a0<a href=\"https:\/\/wp.ufpel.edu.br\/ppgcem\/files\/2017\/05\/Declara%C3%A7%C3%A3o-de-Etnia-edit%C3%A1vel-1.docx\">Declara\u00e7\u00e3o-de-Etnia-edit\u00e1vel-1<\/a><\/p>\n<p>3. Modelo de Projeto de Pesquisa \u2013\u00a0<a href=\"https:\/\/wp.ufpel.edu.br\/ppgcem\/files\/2014\/10\/Modelo-de-Projeto-de-Pesquisa.doc\">clique aqui.<\/a><\/p>\n<p>4.\u00a0<span id=\"page1R_mcid8\" class=\"markedContent\"><span dir=\"ltr\" role=\"presentation\">AUTODECLARA\u00c7\u00c3O DE IDENTIDADE DE G\u00caNERO<\/span><\/span>\u00a0 \u2013\u00a0<a href=\"https:\/\/wp.ufpel.edu.br\/ppgcem\/files\/2022\/06\/Autodeclaracao-de-Identidade-de-Genero.pdf\">Clique aqui<\/a>:<\/p>\n<p>&nbsp;<\/p>\n<h2><strong>Documentos para sele\u00e7\u00e3o de Doutorado 2025\/1<\/strong><\/h2>\n<ul>\n<li style=\"list-style-type: none;\">\n<ul>\n<li>Acesse o Edital <a href=\"https:\/\/wp.ufpel.edu.br\/ppgcem\/files\/2024\/12\/SELECAO-DE-ALUNO-REGULAR-DE-DOUTORADO-2025-1.pdf\">aqui<\/a>.<\/li>\n<\/ul>\n<\/li>\n<\/ul>\n<p>&nbsp;<\/p>\n<p><strong>Demais documentos:<\/strong><\/p>\n<div class=\"entry-content\">\n<p>1. Formul\u00e1rio de Inscri\u00e7\u00e3o \u2013 <a href=\"https:\/\/docs.google.com\/forms\/d\/14Ijl_dYKap5lJpUEFi0YG81UT1_p8gNwD4_j95uhJXU\/viewform?edit_requested=true\">Clique para acessar o formul\u00e1rio<\/a><\/p>\n<p>2. Formul\u00e1rio para declara\u00e7\u00e3o de etnia (quando aplic\u00e1vel):\u00a0<a href=\"https:\/\/wp.ufpel.edu.br\/ppgcem\/files\/2017\/05\/Declara%C3%A7%C3%A3o-de-Etnia-edit%C3%A1vel-1.docx\">Declara\u00e7\u00e3o-de-Etnia-edit\u00e1vel-1<\/a><\/p>\n<p>3. Modelo de Projeto de Pesquisa,\u00a0<a href=\"https:\/\/wp.ufpel.edu.br\/ppgcem\/files\/2014\/10\/Modelo-de-Projeto-de-Pesquisa.doc\">clique aqui.<\/a><\/p>\n<p><span id=\"page1R_mcid8\" class=\"markedContent\"><span dir=\"ltr\" role=\"presentation\">4. AUTODECLARA\u00c7\u00c3O DE IDENTIDADE DE G\u00caNERO<\/span><\/span>\u00a0 \u2013\u00a0<a href=\"https:\/\/wp.ufpel.edu.br\/ppgcem\/files\/2022\/06\/Autodeclaracao-de-Identidade-de-Genero.pdf\">Clique aqui<\/a>:<\/p>\n<\/div>\n<p>&nbsp;<\/p>\n<p><strong>Inscri\u00e7\u00f5es Homologadas:<\/strong><\/p>\n<ol>\n<li><strong>Doutorado:<\/strong>\n<ol>\n<li>Leonardo Leite<\/li>\n<li>Lucas Minghini Gon\u00e7alves<\/li>\n<li>Luiz Salcedo<\/li>\n<li>Marcelo Dias Rodrigues<\/li>\n<li>Marciano Cust\u00f3dio Ferreira<\/li>\n<li>Matheus Goularte<\/li>\n<li>Nataly Matos<\/li>\n<li>Nathalia Vieira Villar de Nunes<\/li>\n<li>Nicholas Fernandes de Souza<\/li>\n<li>Pedro Kolton<\/li>\n<li>Yasir Anwar<\/li>\n<\/ol>\n<p><strong>Mestrado:<\/strong><\/p>\n<ol>\n<li>Ana Carolina Nunes<\/li>\n<li>Andr\u00e9 Caixeta<\/li>\n<li>\u00c1vila Ferreira de Sousa<\/li>\n<li>Elizandra Pagani<\/li>\n<li>Francielle M\u00fcller Lima<\/li>\n<li>Juliana Porciuncula<\/li>\n<li>Lucas de Souza Lima Pereira<\/li>\n<li>Mateus da Costa Lima<\/li>\n<li>Matheus Dias<\/li>\n<li>Pedro Pinho Lucas<\/li>\n<li>Priscila Milech Theisen<\/li>\n<li>Rafaela Vieira<\/li>\n<li>Sarah Kalli Silva<\/li>\n<li>Tiago Iepsen<\/li>\n<\/ol>\n<\/li>\n<\/ol>\n<p>Em breve novas informa\u00e7\u00f5es sobre o processo seletivo.<\/p>\n<p>D\u00favidas, entrem em contato com a secretaria do PPGCEM &lt;ppgcem.ufpel@gmail.com&gt;<\/p>\n","protected":false},"excerpt":{"rendered":"<p>Documentos para sele\u00e7\u00e3o de Mestrado 2025\/1 Acesse o Edital aqui. &nbsp; Demais documentos: 1. Formul\u00e1rio de Inscri\u00e7\u00e3o \u2013 Clique para acessar o formul\u00e1rio 2. Formul\u00e1rio para declara\u00e7\u00e3o de etnia (quando aplic\u00e1vel) \u2013\u00a0Declara\u00e7\u00e3o-de-Etnia-edit\u00e1vel-1 3. Modelo de Projeto de Pesquisa \u2013\u00a0clique aqui. 4.\u00a0AUTODECLARA\u00c7\u00c3O DE IDENTIDADE DE G\u00caNERO\u00a0 \u2013\u00a0Clique aqui: &nbsp; Documentos para sele\u00e7\u00e3o de Doutorado 2025\/1 Acesse [&hellip;]<\/p>\n","protected":false},"author":370,"featured_media":0,"parent":41,"menu_order":-38,"comment_status":"closed","ping_status":"closed","template":"","meta":{"jetpack_post_was_ever_published":false,"footnotes":""},"class_list":["post-5102","page","type-page","status-publish","hentry"],"yoast_head":"<!-- This site is optimized with the Yoast SEO plugin v26.7 - https:\/\/yoast.com\/wordpress\/plugins\/seo\/ -->\n<title>2025\/1 &#8211; Programa de P\u00f3s-Gradua\u00e7\u00e3o em Ci\u00eancia e Engenharia de Materiais<\/title>\n<meta name=\"robots\" content=\"index, follow, max-snippet:-1, max-image-preview:large, max-video-preview:-1\" \/>\n<link rel=\"canonical\" href=\"https:\/\/wp.ufpel.edu.br\/ppgcem\/editais\/2025-1\/\" \/>\n<meta property=\"og:locale\" content=\"pt_BR\" \/>\n<meta property=\"og:type\" content=\"article\" \/>\n<meta property=\"og:title\" content=\"2025\/1 &#8211; Programa de P\u00f3s-Gradua\u00e7\u00e3o em Ci\u00eancia e Engenharia de Materiais\" \/>\n<meta property=\"og:description\" content=\"Documentos para sele\u00e7\u00e3o de Mestrado 2025\/1 Acesse o Edital aqui. &nbsp; Demais documentos: 1. Formul\u00e1rio de Inscri\u00e7\u00e3o \u2013 Clique para acessar o formul\u00e1rio 2. Formul\u00e1rio para declara\u00e7\u00e3o de etnia (quando aplic\u00e1vel) \u2013\u00a0Declara\u00e7\u00e3o-de-Etnia-edit\u00e1vel-1 3. Modelo de Projeto de Pesquisa \u2013\u00a0clique aqui. 4.\u00a0AUTODECLARA\u00c7\u00c3O DE IDENTIDADE DE G\u00caNERO\u00a0 \u2013\u00a0Clique aqui: &nbsp; Documentos para sele\u00e7\u00e3o de Doutorado 2025\/1 Acesse [&hellip;]\" \/>\n<meta property=\"og:url\" content=\"https:\/\/wp.ufpel.edu.br\/ppgcem\/editais\/2025-1\/\" \/>\n<meta property=\"og:site_name\" content=\"Programa de P\u00f3s-Gradua\u00e7\u00e3o em Ci\u00eancia e Engenharia de Materiais\" \/>\n<meta name=\"twitter:card\" content=\"summary_large_image\" \/>\n<meta name=\"twitter:label1\" content=\"Est. tempo de leitura\" \/>\n\t<meta name=\"twitter:data1\" content=\"2 minutos\" \/>\n<script type=\"application\/ld+json\" class=\"yoast-schema-graph\">{\"@context\":\"https:\/\/schema.org\",\"@graph\":[{\"@type\":\"WebPage\",\"@id\":\"https:\/\/wp.ufpel.edu.br\/ppgcem\/editais\/2025-1\/\",\"url\":\"https:\/\/wp.ufpel.edu.br\/ppgcem\/editais\/2025-1\/\",\"name\":\"2025\/1 &#8211; Programa de P\u00f3s-Gradua\u00e7\u00e3o em Ci\u00eancia e Engenharia de Materiais\",\"isPartOf\":{\"@id\":\"https:\/\/wp.ufpel.edu.br\/ppgcem\/pt\/#website\"},\"datePublished\":\"2025-03-17T23:08:16+00:00\",\"breadcrumb\":{\"@id\":\"https:\/\/wp.ufpel.edu.br\/ppgcem\/editais\/2025-1\/#breadcrumb\"},\"inLanguage\":\"pt-BR\",\"potentialAction\":[{\"@type\":\"ReadAction\",\"target\":[\"https:\/\/wp.ufpel.edu.br\/ppgcem\/editais\/2025-1\/\"]}]},{\"@type\":\"BreadcrumbList\",\"@id\":\"https:\/\/wp.ufpel.edu.br\/ppgcem\/editais\/2025-1\/#breadcrumb\",\"itemListElement\":[{\"@type\":\"ListItem\",\"position\":1,\"name\":\"In\u00edcio\",\"item\":\"https:\/\/wp.ufpel.edu.br\/ppgcem\/pt\/\"},{\"@type\":\"ListItem\",\"position\":2,\"name\":\"Processo Seletivo\",\"item\":\"https:\/\/wp.ufpel.edu.br\/ppgcem\/editais\/\"},{\"@type\":\"ListItem\",\"position\":3,\"name\":\"2025\/1\"}]},{\"@type\":\"WebSite\",\"@id\":\"https:\/\/wp.ufpel.edu.br\/ppgcem\/pt\/#website\",\"url\":\"https:\/\/wp.ufpel.edu.br\/ppgcem\/pt\/\",\"name\":\"Programa de P\u00f3s-Gradua\u00e7\u00e3o em Ci\u00eancia e Engenharia de Materiais\",\"description\":\"\",\"potentialAction\":[{\"@type\":\"SearchAction\",\"target\":{\"@type\":\"EntryPoint\",\"urlTemplate\":\"https:\/\/wp.ufpel.edu.br\/ppgcem\/pt\/?s={search_term_string}\"},\"query-input\":{\"@type\":\"PropertyValueSpecification\",\"valueRequired\":true,\"valueName\":\"search_term_string\"}}],\"inLanguage\":\"pt-BR\"}]}<\/script>\n<!-- \/ Yoast SEO plugin. -->","yoast_head_json":{"title":"2025\/1 &#8211; Programa de P\u00f3s-Gradua\u00e7\u00e3o em Ci\u00eancia e Engenharia de Materiais","robots":{"index":"index","follow":"follow","max-snippet":"max-snippet:-1","max-image-preview":"max-image-preview:large","max-video-preview":"max-video-preview:-1"},"canonical":"https:\/\/wp.ufpel.edu.br\/ppgcem\/editais\/2025-1\/","og_locale":"pt_BR","og_type":"article","og_title":"2025\/1 &#8211; Programa de P\u00f3s-Gradua\u00e7\u00e3o em Ci\u00eancia e Engenharia de Materiais","og_description":"Documentos para sele\u00e7\u00e3o de Mestrado 2025\/1 Acesse o Edital aqui. &nbsp; Demais documentos: 1. Formul\u00e1rio de Inscri\u00e7\u00e3o \u2013 Clique para acessar o formul\u00e1rio 2. Formul\u00e1rio para declara\u00e7\u00e3o de etnia (quando aplic\u00e1vel) \u2013\u00a0Declara\u00e7\u00e3o-de-Etnia-edit\u00e1vel-1 3. Modelo de Projeto de Pesquisa \u2013\u00a0clique aqui. 4.\u00a0AUTODECLARA\u00c7\u00c3O DE IDENTIDADE DE G\u00caNERO\u00a0 \u2013\u00a0Clique aqui: &nbsp; Documentos para sele\u00e7\u00e3o de Doutorado 2025\/1 Acesse [&hellip;]","og_url":"https:\/\/wp.ufpel.edu.br\/ppgcem\/editais\/2025-1\/","og_site_name":"Programa de P\u00f3s-Gradua\u00e7\u00e3o em Ci\u00eancia e Engenharia de Materiais","twitter_card":"summary_large_image","twitter_misc":{"Est. tempo de leitura":"2 minutos"},"schema":{"@context":"https:\/\/schema.org","@graph":[{"@type":"WebPage","@id":"https:\/\/wp.ufpel.edu.br\/ppgcem\/editais\/2025-1\/","url":"https:\/\/wp.ufpel.edu.br\/ppgcem\/editais\/2025-1\/","name":"2025\/1 &#8211; Programa de P\u00f3s-Gradua\u00e7\u00e3o em Ci\u00eancia e Engenharia de Materiais","isPartOf":{"@id":"https:\/\/wp.ufpel.edu.br\/ppgcem\/pt\/#website"},"datePublished":"2025-03-17T23:08:16+00:00","breadcrumb":{"@id":"https:\/\/wp.ufpel.edu.br\/ppgcem\/editais\/2025-1\/#breadcrumb"},"inLanguage":"pt-BR","potentialAction":[{"@type":"ReadAction","target":["https:\/\/wp.ufpel.edu.br\/ppgcem\/editais\/2025-1\/"]}]},{"@type":"BreadcrumbList","@id":"https:\/\/wp.ufpel.edu.br\/ppgcem\/editais\/2025-1\/#breadcrumb","itemListElement":[{"@type":"ListItem","position":1,"name":"In\u00edcio","item":"https:\/\/wp.ufpel.edu.br\/ppgcem\/pt\/"},{"@type":"ListItem","position":2,"name":"Processo Seletivo","item":"https:\/\/wp.ufpel.edu.br\/ppgcem\/editais\/"},{"@type":"ListItem","position":3,"name":"2025\/1"}]},{"@type":"WebSite","@id":"https:\/\/wp.ufpel.edu.br\/ppgcem\/pt\/#website","url":"https:\/\/wp.ufpel.edu.br\/ppgcem\/pt\/","name":"Programa de P\u00f3s-Gradua\u00e7\u00e3o em Ci\u00eancia e Engenharia de Materiais","description":"","potentialAction":[{"@type":"SearchAction","target":{"@type":"EntryPoint","urlTemplate":"https:\/\/wp.ufpel.edu.br\/ppgcem\/pt\/?s={search_term_string}"},"query-input":{"@type":"PropertyValueSpecification","valueRequired":true,"valueName":"search_term_string"}}],"inLanguage":"pt-BR"}]}},"jetpack_sharing_enabled":true,"jetpack_shortlink":"https:\/\/wp.me\/P8zk0j-1ki","_links":{"self":[{"href":"https:\/\/wp.ufpel.edu.br\/ppgcem\/wp-json\/wp\/v2\/pages\/5102","targetHints":{"allow":["GET"]}}],"collection":[{"href":"https:\/\/wp.ufpel.edu.br\/ppgcem\/wp-json\/wp\/v2\/pages"}],"about":[{"href":"https:\/\/wp.ufpel.edu.br\/ppgcem\/wp-json\/wp\/v2\/types\/page"}],"author":[{"embeddable":true,"href":"https:\/\/wp.ufpel.edu.br\/ppgcem\/wp-json\/wp\/v2\/users\/370"}],"replies":[{"embeddable":true,"href":"https:\/\/wp.ufpel.edu.br\/ppgcem\/wp-json\/wp\/v2\/comments?post=5102"}],"version-history":[{"count":1,"href":"https:\/\/wp.ufpel.edu.br\/ppgcem\/wp-json\/wp\/v2\/pages\/5102\/revisions"}],"predecessor-version":[{"id":5104,"href":"https:\/\/wp.ufpel.edu.br\/ppgcem\/wp-json\/wp\/v2\/pages\/5102\/revisions\/5104"}],"up":[{"embeddable":true,"href":"https:\/\/wp.ufpel.edu.br\/ppgcem\/wp-json\/wp\/v2\/pages\/41"}],"wp:attachment":[{"href":"https:\/\/wp.ufpel.edu.br\/ppgcem\/wp-json\/wp\/v2\/media?parent=5102"}],"curies":[{"name":"wp","href":"https:\/\/api.w.org\/{rel}","templated":true}]}}