{"id":5099,"date":"2025-03-17T20:06:52","date_gmt":"2025-03-17T23:06:52","guid":{"rendered":"https:\/\/wp.ufpel.edu.br\/ppgcem\/?page_id=5099"},"modified":"2025-03-17T20:06:52","modified_gmt":"2025-03-17T23:06:52","slug":"2021-2","status":"publish","type":"page","link":"https:\/\/wp.ufpel.edu.br\/ppgcem\/editais\/2021-2\/","title":{"rendered":"2021\/2"},"content":{"rendered":"<p><span class=\"fontstyle0\">As inscri\u00e7\u00f5es ao Exame de Sele\u00e7\u00e3o para o Programa de P\u00f3s-gradua\u00e7\u00e3o em Ci\u00eancia e Engenharia de Materiais da UFPel (Rua Gomes Carneiro, n\u00b001, Pelotas\/RS, CEP 96010-610) estar\u00e3o abertas no per\u00edodo de 25 de junho de 2021 a 23 de julho de 2021.<\/span><\/p>\n<p><span class=\"fontstyle0\">Os candidatos dever\u00e3o inscrever-se atrav\u00e9s do envio da documenta\u00e7\u00e3o para o endere\u00e7o eletr\u00f4nico: ppgcem.ufpel@gmail.com. O hor\u00e1rio limite para o envio dos documentos ser\u00e1 at\u00e9 \u00e0s 23h59 (vinte e tr\u00eas horas e cinquenta e nove minutos), hor\u00e1rio de Bras\u00edlia, do dia 23 de julho de 2021, n\u00e3o sendo aceitas inscri\u00e7\u00f5es enviadas ap\u00f3s este hor\u00e1rio. \u00c9 obrigat\u00f3rio o envio em formato .pdf, leg\u00edvel, dos seguintes documentos: <\/span><\/p>\n<p><span class=\"fontstyle0\"><a href=\"https:\/\/wp.ufpel.edu.br\/ppgcem\/files\/2021\/06\/edital-mestrado-2021-21.pdf\">edital mestrado 2021 2(1)<\/a> <a href=\"https:\/\/wp.ufpel.edu.br\/ppgcem\/files\/2021\/06\/edital-doutorado-2021-2.pdf\">edital doutorado 2021 2<\/a><\/span><\/p>\n<div class=\"entry-content\">\n<p>Retifica\u00e7\u00e3o edital de doutorado: <a href=\"https:\/\/wp.ufpel.edu.br\/ppgcem\/files\/2021\/06\/Edital-de-doutorado-2021-2-retificacao.pdf\">Edital de doutorado 2021 2 retifica\u00e7\u00e3o<\/a><\/p>\n<p>1. Formul\u00e1rio de Inscri\u00e7\u00e3o [aten\u00e7\u00e3o: dentro do formul\u00e1rio encontra-se uma TABELA DE PONTUA\u00c7\u00c3O DO LATTES. Organize-se para preench\u00ea-la Mestrado \u2013 <a href=\"https:\/\/docs.google.com\/forms\/d\/1-1Xy6IqyFXV5Z37ip0bubjDkjCXQ8IYxxZwPRNQ_2cs\/edit?usp=sharing\">Clique para acessar o formul\u00e1rio<\/a><\/p>\n<p>2. Formul\u00e1rio de Inscri\u00e7\u00e3o [aten\u00e7\u00e3o: dentro do formul\u00e1rio encontra-se uma TABELA DE PONTUA\u00c7\u00c3O DO LATTES. Organize-se para preench\u00ea-la Doutorado \u2013 <a href=\"https:\/\/docs.google.com\/forms\/d\/1u1uq9ds8So5FdZQ4Zf-H2rrpWVRLzWO8KAMoGlR9kqs\/edit?usp=sharing\">Clique para acessar o formul\u00e1rio<\/a><\/p>\n<p>3. Formul\u00e1rio para declara\u00e7\u00e3o de etnia (quando aplic\u00e1vel): <a href=\"https:\/\/wp.ufpel.edu.br\/ppgcem\/files\/2017\/05\/Declara\u00e7\u00e3o-de-Etnia-edit\u00e1vel-1.docx\">Declara\u00e7\u00e3o-de-Etnia-edit\u00e1vel-1<\/a><\/p>\n<p>4. Modelo de Projeto de Pesquisa, <a href=\"https:\/\/wp.ufpel.edu.br\/ppgcem\/files\/2014\/10\/Modelo-de-Projeto-de-Pesquisa.doc\">clique aqui.<\/a><\/p>\n<\/div>\n<p><span class=\"fontstyle0\"><a href=\"https:\/\/wp.ufpel.edu.br\/ppgcem\/files\/2021\/06\/Autodeclaracao-de-Identidade-de-Genero2.docx\">5. Autodeclaracao-de-Identidade-de-Genero(2)<\/a><\/span><\/p>\n<p>OBS: <span id=\"page2R_mcid29\" class=\"markedContent\"><span dir=\"ltr\" role=\"presentation\">Os candidatos dever\u00e3o inscrever-se atrav\u00e9s do envio da documenta\u00e7\u00e3o para o endere\u00e7o eletr\u00f4nico:<\/span><\/span><span id=\"page2R_mcid30\" class=\"markedContent\"><span class=\"\" dir=\"ltr\" role=\"presentation\">ppgcem.ufpel@gmail.com. O hor\u00e1rio limite para o envio dos documentos ser\u00e1 at\u00e9 \u00e0s 23h59 (vinte e tr\u00eas horas <\/span><\/span><span id=\"page2R_mcid31\" class=\"markedContent\"><span dir=\"ltr\" role=\"presentation\">e cinquenta e nove minutos), hor\u00e1rio de Bras\u00edlia, do dia 23 de julho de 2021, n\u00e3o sendo aceitas inscri\u00e7\u00f5es <\/span><\/span><span id=\"page2R_mcid32\" class=\"markedContent\"><span dir=\"ltr\" role=\"presentation\">enviadas ap\u00f3s este hor\u00e1rio. \u00c9 obrigat\u00f3rio o envio em formato .pdf, leg\u00edvel, dos seguintes documentos. Formul\u00e1rio de inscri\u00e7\u00e3o deve ser salvo em PDF e enviado junto.<\/span><\/span><\/p>\n","protected":false},"excerpt":{"rendered":"<p>As inscri\u00e7\u00f5es ao Exame de Sele\u00e7\u00e3o para o Programa de P\u00f3s-gradua\u00e7\u00e3o em Ci\u00eancia e Engenharia de Materiais da UFPel (Rua Gomes Carneiro, n\u00b001, Pelotas\/RS, CEP 96010-610) estar\u00e3o abertas no per\u00edodo de 25 de junho de 2021 a 23 de julho de 2021. Os candidatos dever\u00e3o inscrever-se atrav\u00e9s do envio da documenta\u00e7\u00e3o para o endere\u00e7o eletr\u00f4nico: [&hellip;]<\/p>\n","protected":false},"author":370,"featured_media":0,"parent":41,"menu_order":-25,"comment_status":"closed","ping_status":"closed","template":"","meta":{"jetpack_post_was_ever_published":false,"footnotes":""},"class_list":["post-5099","page","type-page","status-publish","hentry"],"yoast_head":"<!-- This site is optimized with the Yoast SEO plugin v26.7 - https:\/\/yoast.com\/wordpress\/plugins\/seo\/ -->\n<title>2021\/2 &#8211; Programa de P\u00f3s-Gradua\u00e7\u00e3o em Ci\u00eancia e Engenharia de Materiais<\/title>\n<meta name=\"robots\" content=\"index, follow, max-snippet:-1, max-image-preview:large, max-video-preview:-1\" \/>\n<link rel=\"canonical\" href=\"https:\/\/wp.ufpel.edu.br\/ppgcem\/editais\/2021-2\/\" \/>\n<meta property=\"og:locale\" content=\"pt_BR\" \/>\n<meta property=\"og:type\" content=\"article\" \/>\n<meta property=\"og:title\" content=\"2021\/2 &#8211; Programa de P\u00f3s-Gradua\u00e7\u00e3o em Ci\u00eancia e Engenharia de Materiais\" \/>\n<meta property=\"og:description\" content=\"As inscri\u00e7\u00f5es ao Exame de Sele\u00e7\u00e3o para o Programa de P\u00f3s-gradua\u00e7\u00e3o em Ci\u00eancia e Engenharia de Materiais da UFPel (Rua Gomes Carneiro, n\u00b001, Pelotas\/RS, CEP 96010-610) estar\u00e3o abertas no per\u00edodo de 25 de junho de 2021 a 23 de julho de 2021. Os candidatos dever\u00e3o inscrever-se atrav\u00e9s do envio da documenta\u00e7\u00e3o para o endere\u00e7o eletr\u00f4nico: [&hellip;]\" \/>\n<meta property=\"og:url\" content=\"https:\/\/wp.ufpel.edu.br\/ppgcem\/editais\/2021-2\/\" \/>\n<meta property=\"og:site_name\" content=\"Programa de P\u00f3s-Gradua\u00e7\u00e3o em Ci\u00eancia e Engenharia de Materiais\" \/>\n<meta name=\"twitter:card\" content=\"summary_large_image\" \/>\n<meta name=\"twitter:label1\" content=\"Est. tempo de leitura\" \/>\n\t<meta name=\"twitter:data1\" content=\"2 minutos\" \/>\n<script type=\"application\/ld+json\" class=\"yoast-schema-graph\">{\"@context\":\"https:\/\/schema.org\",\"@graph\":[{\"@type\":\"WebPage\",\"@id\":\"https:\/\/wp.ufpel.edu.br\/ppgcem\/editais\/2021-2\/\",\"url\":\"https:\/\/wp.ufpel.edu.br\/ppgcem\/editais\/2021-2\/\",\"name\":\"2021\/2 &#8211; Programa de P\u00f3s-Gradua\u00e7\u00e3o em Ci\u00eancia e Engenharia de Materiais\",\"isPartOf\":{\"@id\":\"https:\/\/wp.ufpel.edu.br\/ppgcem\/pt\/#website\"},\"datePublished\":\"2025-03-17T23:06:52+00:00\",\"breadcrumb\":{\"@id\":\"https:\/\/wp.ufpel.edu.br\/ppgcem\/editais\/2021-2\/#breadcrumb\"},\"inLanguage\":\"pt-BR\",\"potentialAction\":[{\"@type\":\"ReadAction\",\"target\":[\"https:\/\/wp.ufpel.edu.br\/ppgcem\/editais\/2021-2\/\"]}]},{\"@type\":\"BreadcrumbList\",\"@id\":\"https:\/\/wp.ufpel.edu.br\/ppgcem\/editais\/2021-2\/#breadcrumb\",\"itemListElement\":[{\"@type\":\"ListItem\",\"position\":1,\"name\":\"In\u00edcio\",\"item\":\"https:\/\/wp.ufpel.edu.br\/ppgcem\/pt\/\"},{\"@type\":\"ListItem\",\"position\":2,\"name\":\"Processo Seletivo\",\"item\":\"https:\/\/wp.ufpel.edu.br\/ppgcem\/editais\/\"},{\"@type\":\"ListItem\",\"position\":3,\"name\":\"2021\/2\"}]},{\"@type\":\"WebSite\",\"@id\":\"https:\/\/wp.ufpel.edu.br\/ppgcem\/pt\/#website\",\"url\":\"https:\/\/wp.ufpel.edu.br\/ppgcem\/pt\/\",\"name\":\"Programa de P\u00f3s-Gradua\u00e7\u00e3o em Ci\u00eancia e Engenharia de Materiais\",\"description\":\"\",\"potentialAction\":[{\"@type\":\"SearchAction\",\"target\":{\"@type\":\"EntryPoint\",\"urlTemplate\":\"https:\/\/wp.ufpel.edu.br\/ppgcem\/pt\/?s={search_term_string}\"},\"query-input\":{\"@type\":\"PropertyValueSpecification\",\"valueRequired\":true,\"valueName\":\"search_term_string\"}}],\"inLanguage\":\"pt-BR\"}]}<\/script>\n<!-- \/ Yoast SEO plugin. -->","yoast_head_json":{"title":"2021\/2 &#8211; Programa de P\u00f3s-Gradua\u00e7\u00e3o em Ci\u00eancia e Engenharia de Materiais","robots":{"index":"index","follow":"follow","max-snippet":"max-snippet:-1","max-image-preview":"max-image-preview:large","max-video-preview":"max-video-preview:-1"},"canonical":"https:\/\/wp.ufpel.edu.br\/ppgcem\/editais\/2021-2\/","og_locale":"pt_BR","og_type":"article","og_title":"2021\/2 &#8211; Programa de P\u00f3s-Gradua\u00e7\u00e3o em Ci\u00eancia e Engenharia de Materiais","og_description":"As inscri\u00e7\u00f5es ao Exame de Sele\u00e7\u00e3o para o Programa de P\u00f3s-gradua\u00e7\u00e3o em Ci\u00eancia e Engenharia de Materiais da UFPel (Rua Gomes Carneiro, n\u00b001, Pelotas\/RS, CEP 96010-610) estar\u00e3o abertas no per\u00edodo de 25 de junho de 2021 a 23 de julho de 2021. Os candidatos dever\u00e3o inscrever-se atrav\u00e9s do envio da documenta\u00e7\u00e3o para o endere\u00e7o eletr\u00f4nico: [&hellip;]","og_url":"https:\/\/wp.ufpel.edu.br\/ppgcem\/editais\/2021-2\/","og_site_name":"Programa de P\u00f3s-Gradua\u00e7\u00e3o em Ci\u00eancia e Engenharia de Materiais","twitter_card":"summary_large_image","twitter_misc":{"Est. tempo de leitura":"2 minutos"},"schema":{"@context":"https:\/\/schema.org","@graph":[{"@type":"WebPage","@id":"https:\/\/wp.ufpel.edu.br\/ppgcem\/editais\/2021-2\/","url":"https:\/\/wp.ufpel.edu.br\/ppgcem\/editais\/2021-2\/","name":"2021\/2 &#8211; Programa de P\u00f3s-Gradua\u00e7\u00e3o em Ci\u00eancia e Engenharia de Materiais","isPartOf":{"@id":"https:\/\/wp.ufpel.edu.br\/ppgcem\/pt\/#website"},"datePublished":"2025-03-17T23:06:52+00:00","breadcrumb":{"@id":"https:\/\/wp.ufpel.edu.br\/ppgcem\/editais\/2021-2\/#breadcrumb"},"inLanguage":"pt-BR","potentialAction":[{"@type":"ReadAction","target":["https:\/\/wp.ufpel.edu.br\/ppgcem\/editais\/2021-2\/"]}]},{"@type":"BreadcrumbList","@id":"https:\/\/wp.ufpel.edu.br\/ppgcem\/editais\/2021-2\/#breadcrumb","itemListElement":[{"@type":"ListItem","position":1,"name":"In\u00edcio","item":"https:\/\/wp.ufpel.edu.br\/ppgcem\/pt\/"},{"@type":"ListItem","position":2,"name":"Processo Seletivo","item":"https:\/\/wp.ufpel.edu.br\/ppgcem\/editais\/"},{"@type":"ListItem","position":3,"name":"2021\/2"}]},{"@type":"WebSite","@id":"https:\/\/wp.ufpel.edu.br\/ppgcem\/pt\/#website","url":"https:\/\/wp.ufpel.edu.br\/ppgcem\/pt\/","name":"Programa de P\u00f3s-Gradua\u00e7\u00e3o em Ci\u00eancia e Engenharia de Materiais","description":"","potentialAction":[{"@type":"SearchAction","target":{"@type":"EntryPoint","urlTemplate":"https:\/\/wp.ufpel.edu.br\/ppgcem\/pt\/?s={search_term_string}"},"query-input":{"@type":"PropertyValueSpecification","valueRequired":true,"valueName":"search_term_string"}}],"inLanguage":"pt-BR"}]}},"jetpack_sharing_enabled":true,"jetpack_shortlink":"https:\/\/wp.me\/P8zk0j-1kf","_links":{"self":[{"href":"https:\/\/wp.ufpel.edu.br\/ppgcem\/wp-json\/wp\/v2\/pages\/5099","targetHints":{"allow":["GET"]}}],"collection":[{"href":"https:\/\/wp.ufpel.edu.br\/ppgcem\/wp-json\/wp\/v2\/pages"}],"about":[{"href":"https:\/\/wp.ufpel.edu.br\/ppgcem\/wp-json\/wp\/v2\/types\/page"}],"author":[{"embeddable":true,"href":"https:\/\/wp.ufpel.edu.br\/ppgcem\/wp-json\/wp\/v2\/users\/370"}],"replies":[{"embeddable":true,"href":"https:\/\/wp.ufpel.edu.br\/ppgcem\/wp-json\/wp\/v2\/comments?post=5099"}],"version-history":[{"count":1,"href":"https:\/\/wp.ufpel.edu.br\/ppgcem\/wp-json\/wp\/v2\/pages\/5099\/revisions"}],"predecessor-version":[{"id":5101,"href":"https:\/\/wp.ufpel.edu.br\/ppgcem\/wp-json\/wp\/v2\/pages\/5099\/revisions\/5101"}],"up":[{"embeddable":true,"href":"https:\/\/wp.ufpel.edu.br\/ppgcem\/wp-json\/wp\/v2\/pages\/41"}],"wp:attachment":[{"href":"https:\/\/wp.ufpel.edu.br\/ppgcem\/wp-json\/wp\/v2\/media?parent=5099"}],"curies":[{"name":"wp","href":"https:\/\/api.w.org\/{rel}","templated":true}]}}