{"id":5087,"date":"2025-03-17T20:00:09","date_gmt":"2025-03-17T23:00:09","guid":{"rendered":"https:\/\/wp.ufpel.edu.br\/ppgcem\/?page_id=5087"},"modified":"2025-03-17T20:00:09","modified_gmt":"2025-03-17T23:00:09","slug":"2024-1","status":"publish","type":"page","link":"https:\/\/wp.ufpel.edu.br\/ppgcem\/editais\/2024-1\/","title":{"rendered":"2024\/1"},"content":{"rendered":"<h2><strong>Documentos para sele\u00e7\u00e3o de Mestrado 2024\/1<\/strong><\/h2>\n<ul>\n<li>Acesse o Edital: <a href=\"https:\/\/wp.ufpel.edu.br\/ppgcem\/files\/2023\/12\/Edital-Mestrado-PPGCEM-UFPel-2024-1-SEI_23110.046804_2023_16.pdf\">Edital Mestrado PPGCEM-UFPel 2024-1 &#8211; SEI_23110.046804_2023_16<\/a><\/li>\n<\/ul>\n<p><strong>Primeira Retifica\u00e7\u00e3o do Edital:\u00a0 <a href=\"https:\/\/wp.ufpel.edu.br\/ppgcem\/files\/2023\/12\/SEI_23110.046804_2023_16.pdf\">Edital Mestrado retificado<\/a><\/strong><\/p>\n<p><strong>Demais documentos:<\/strong><\/p>\n<p>1. Formul\u00e1rio de Inscri\u00e7\u00e3o [aten\u00e7\u00e3o: dentro do formul\u00e1rio encontra-se uma TABELA DE PONTUA\u00c7\u00c3O DO LATTES. Organize-se para preench\u00ea-la] \u2013\u00a0<a href=\"https:\/\/docs.google.com\/forms\/d\/e\/1FAIpQLScUDjUs-evsN78z88P0kg29sabmr5eSg_ZOEGx2BSzUHnl62g\/viewform?usp=share_link\">Clique para acessar o formul\u00e1rio<\/a><\/p>\n<p>2. Formul\u00e1rio para declara\u00e7\u00e3o de etnia (quando aplic\u00e1vel) \u2013\u00a0<a href=\"https:\/\/wp.ufpel.edu.br\/ppgcem\/files\/2017\/05\/Declara%C3%A7%C3%A3o-de-Etnia-edit%C3%A1vel-1.docx\">Declara\u00e7\u00e3o-de-Etnia-edit\u00e1vel-1<\/a><\/p>\n<p>3. Modelo de Projeto de Pesquisa \u2013\u00a0<a href=\"https:\/\/wp.ufpel.edu.br\/ppgcem\/files\/2014\/10\/Modelo-de-Projeto-de-Pesquisa.doc\">clique aqui.<\/a><\/p>\n<p>4.\u00a0<span id=\"page1R_mcid8\" class=\"markedContent\"><span dir=\"ltr\" role=\"presentation\">AUTODECLARA\u00c7\u00c3O DE IDENTIDADE DE G\u00caNERO<\/span><\/span>\u00a0 \u2013\u00a0<a href=\"https:\/\/wp.ufpel.edu.br\/ppgcem\/files\/2022\/06\/Autodeclaracao-de-Identidade-de-Genero.pdf\">Clique aqui<\/a>:<\/p>\n<p>&nbsp;<\/p>\n<h2><strong>Documentos para sele\u00e7\u00e3o de Doutorado 2024\/1<\/strong><\/h2>\n<ul>\n<li>Acesse o Edital:<a style=\"text-align: justify; font-family: var(--fonte-corpo);\" href=\"https:\/\/wp.ufpel.edu.br\/ppgcem\/files\/2023\/12\/Edital-Doutorado-PPGCEM-UFPel-2024-1SEI_23110.046833_2023_70.pdf\">Edital Doutorado PPGCEM-UFPel 2024-1SEI_23110.046833_2023_70<\/a><\/li>\n<\/ul>\n<p><strong>Primeira Retifica\u00e7\u00e3o do Edital: <a href=\"https:\/\/wp.ufpel.edu.br\/ppgcem\/files\/2023\/12\/SEI_23110.046833_2023_70-1.pdf\">Edital doutorado Retificado<\/a><\/strong><\/p>\n<p><strong>Segunda Retifica\u00e7\u00e3o do Edital: <a href=\"https:\/\/wp.ufpel.edu.br\/ppgcem\/files\/2024\/01\/EDITAL-DE-RETIFICACAO-No-2-2024.pdf\">Edital doutorado Retificado<\/a><\/strong><\/p>\n<p><strong>Demais documentos:<\/strong><\/p>\n<div class=\"entry-content\">\n<p>1. Formul\u00e1rio de Inscri\u00e7\u00e3o [aten\u00e7\u00e3o: dentro do formul\u00e1rio encontra-se uma TABELA DE PONTUA\u00c7\u00c3O DO LATTES. Organize-se para preench\u00ea-la] \u2013\u00a0<a href=\"https:\/\/docs.google.com\/forms\/d\/14Ijl_dYKap5lJpUEFi0YG81UT1_p8gNwD4_j95uhJXU\/viewform?edit_requested=true\">Clique para acessar o formul\u00e1rio<\/a><\/p>\n<p>2. Formul\u00e1rio para declara\u00e7\u00e3o de etnia (quando aplic\u00e1vel):\u00a0<a href=\"https:\/\/wp.ufpel.edu.br\/ppgcem\/files\/2017\/05\/Declara%C3%A7%C3%A3o-de-Etnia-edit%C3%A1vel-1.docx\">Declara\u00e7\u00e3o-de-Etnia-edit\u00e1vel-1<\/a><\/p>\n<p>3. Modelo de Projeto de Pesquisa,\u00a0<a href=\"https:\/\/wp.ufpel.edu.br\/ppgcem\/files\/2014\/10\/Modelo-de-Projeto-de-Pesquisa.doc\">clique aqui.<\/a><\/p>\n<p><span id=\"page1R_mcid8\" class=\"markedContent\"><span dir=\"ltr\" role=\"presentation\">4. AUTODECLARA\u00c7\u00c3O DE IDENTIDADE DE G\u00caNERO<\/span><\/span>\u00a0 \u2013\u00a0<a href=\"https:\/\/wp.ufpel.edu.br\/ppgcem\/files\/2022\/06\/Autodeclaracao-de-Identidade-de-Genero.pdf\">Clique aqui<\/a>:<\/p>\n<\/div>\n","protected":false},"excerpt":{"rendered":"<p>Documentos para sele\u00e7\u00e3o de Mestrado 2024\/1 Acesse o Edital: Edital Mestrado PPGCEM-UFPel 2024-1 &#8211; SEI_23110.046804_2023_16 Primeira Retifica\u00e7\u00e3o do Edital:\u00a0 Edital Mestrado retificado Demais documentos: 1. Formul\u00e1rio de Inscri\u00e7\u00e3o [aten\u00e7\u00e3o: dentro do formul\u00e1rio encontra-se uma TABELA DE PONTUA\u00c7\u00c3O DO LATTES. Organize-se para preench\u00ea-la] \u2013\u00a0Clique para acessar o formul\u00e1rio 2. Formul\u00e1rio para declara\u00e7\u00e3o de etnia (quando aplic\u00e1vel) [&hellip;]<\/p>\n","protected":false},"author":370,"featured_media":0,"parent":41,"menu_order":-34,"comment_status":"closed","ping_status":"closed","template":"","meta":{"jetpack_post_was_ever_published":false,"footnotes":""},"class_list":["post-5087","page","type-page","status-publish","hentry"],"yoast_head":"<!-- This site is optimized with the Yoast SEO plugin v26.7 - https:\/\/yoast.com\/wordpress\/plugins\/seo\/ -->\n<title>2024\/1 &#8211; Programa de P\u00f3s-Gradua\u00e7\u00e3o em Ci\u00eancia e Engenharia de Materiais<\/title>\n<meta name=\"robots\" content=\"index, follow, max-snippet:-1, max-image-preview:large, max-video-preview:-1\" \/>\n<link rel=\"canonical\" href=\"https:\/\/wp.ufpel.edu.br\/ppgcem\/editais\/2024-1\/\" \/>\n<meta property=\"og:locale\" content=\"pt_BR\" \/>\n<meta property=\"og:type\" content=\"article\" \/>\n<meta property=\"og:title\" content=\"2024\/1 &#8211; Programa de P\u00f3s-Gradua\u00e7\u00e3o em Ci\u00eancia e Engenharia de Materiais\" \/>\n<meta property=\"og:description\" content=\"Documentos para sele\u00e7\u00e3o de Mestrado 2024\/1 Acesse o Edital: Edital Mestrado PPGCEM-UFPel 2024-1 &#8211; SEI_23110.046804_2023_16 Primeira Retifica\u00e7\u00e3o do Edital:\u00a0 Edital Mestrado retificado Demais documentos: 1. Formul\u00e1rio de Inscri\u00e7\u00e3o [aten\u00e7\u00e3o: dentro do formul\u00e1rio encontra-se uma TABELA DE PONTUA\u00c7\u00c3O DO LATTES. Organize-se para preench\u00ea-la] \u2013\u00a0Clique para acessar o formul\u00e1rio 2. Formul\u00e1rio para declara\u00e7\u00e3o de etnia (quando aplic\u00e1vel) [&hellip;]\" \/>\n<meta property=\"og:url\" content=\"https:\/\/wp.ufpel.edu.br\/ppgcem\/editais\/2024-1\/\" \/>\n<meta property=\"og:site_name\" content=\"Programa de P\u00f3s-Gradua\u00e7\u00e3o em Ci\u00eancia e Engenharia de Materiais\" \/>\n<meta name=\"twitter:card\" content=\"summary_large_image\" \/>\n<meta name=\"twitter:label1\" content=\"Est. tempo de leitura\" \/>\n\t<meta name=\"twitter:data1\" content=\"1 minuto\" \/>\n<script type=\"application\/ld+json\" class=\"yoast-schema-graph\">{\"@context\":\"https:\/\/schema.org\",\"@graph\":[{\"@type\":\"WebPage\",\"@id\":\"https:\/\/wp.ufpel.edu.br\/ppgcem\/editais\/2024-1\/\",\"url\":\"https:\/\/wp.ufpel.edu.br\/ppgcem\/editais\/2024-1\/\",\"name\":\"2024\/1 &#8211; Programa de P\u00f3s-Gradua\u00e7\u00e3o em Ci\u00eancia e Engenharia de Materiais\",\"isPartOf\":{\"@id\":\"https:\/\/wp.ufpel.edu.br\/ppgcem\/pt\/#website\"},\"datePublished\":\"2025-03-17T23:00:09+00:00\",\"breadcrumb\":{\"@id\":\"https:\/\/wp.ufpel.edu.br\/ppgcem\/editais\/2024-1\/#breadcrumb\"},\"inLanguage\":\"pt-BR\",\"potentialAction\":[{\"@type\":\"ReadAction\",\"target\":[\"https:\/\/wp.ufpel.edu.br\/ppgcem\/editais\/2024-1\/\"]}]},{\"@type\":\"BreadcrumbList\",\"@id\":\"https:\/\/wp.ufpel.edu.br\/ppgcem\/editais\/2024-1\/#breadcrumb\",\"itemListElement\":[{\"@type\":\"ListItem\",\"position\":1,\"name\":\"In\u00edcio\",\"item\":\"https:\/\/wp.ufpel.edu.br\/ppgcem\/pt\/\"},{\"@type\":\"ListItem\",\"position\":2,\"name\":\"Processo Seletivo\",\"item\":\"https:\/\/wp.ufpel.edu.br\/ppgcem\/editais\/\"},{\"@type\":\"ListItem\",\"position\":3,\"name\":\"2024\/1\"}]},{\"@type\":\"WebSite\",\"@id\":\"https:\/\/wp.ufpel.edu.br\/ppgcem\/pt\/#website\",\"url\":\"https:\/\/wp.ufpel.edu.br\/ppgcem\/pt\/\",\"name\":\"Programa de P\u00f3s-Gradua\u00e7\u00e3o em Ci\u00eancia e Engenharia de Materiais\",\"description\":\"\",\"potentialAction\":[{\"@type\":\"SearchAction\",\"target\":{\"@type\":\"EntryPoint\",\"urlTemplate\":\"https:\/\/wp.ufpel.edu.br\/ppgcem\/pt\/?s={search_term_string}\"},\"query-input\":{\"@type\":\"PropertyValueSpecification\",\"valueRequired\":true,\"valueName\":\"search_term_string\"}}],\"inLanguage\":\"pt-BR\"}]}<\/script>\n<!-- \/ Yoast SEO plugin. -->","yoast_head_json":{"title":"2024\/1 &#8211; Programa de P\u00f3s-Gradua\u00e7\u00e3o em Ci\u00eancia e Engenharia de Materiais","robots":{"index":"index","follow":"follow","max-snippet":"max-snippet:-1","max-image-preview":"max-image-preview:large","max-video-preview":"max-video-preview:-1"},"canonical":"https:\/\/wp.ufpel.edu.br\/ppgcem\/editais\/2024-1\/","og_locale":"pt_BR","og_type":"article","og_title":"2024\/1 &#8211; Programa de P\u00f3s-Gradua\u00e7\u00e3o em Ci\u00eancia e Engenharia de Materiais","og_description":"Documentos para sele\u00e7\u00e3o de Mestrado 2024\/1 Acesse o Edital: Edital Mestrado PPGCEM-UFPel 2024-1 &#8211; SEI_23110.046804_2023_16 Primeira Retifica\u00e7\u00e3o do Edital:\u00a0 Edital Mestrado retificado Demais documentos: 1. Formul\u00e1rio de Inscri\u00e7\u00e3o [aten\u00e7\u00e3o: dentro do formul\u00e1rio encontra-se uma TABELA DE PONTUA\u00c7\u00c3O DO LATTES. Organize-se para preench\u00ea-la] \u2013\u00a0Clique para acessar o formul\u00e1rio 2. Formul\u00e1rio para declara\u00e7\u00e3o de etnia (quando aplic\u00e1vel) [&hellip;]","og_url":"https:\/\/wp.ufpel.edu.br\/ppgcem\/editais\/2024-1\/","og_site_name":"Programa de P\u00f3s-Gradua\u00e7\u00e3o em Ci\u00eancia e Engenharia de Materiais","twitter_card":"summary_large_image","twitter_misc":{"Est. tempo de leitura":"1 minuto"},"schema":{"@context":"https:\/\/schema.org","@graph":[{"@type":"WebPage","@id":"https:\/\/wp.ufpel.edu.br\/ppgcem\/editais\/2024-1\/","url":"https:\/\/wp.ufpel.edu.br\/ppgcem\/editais\/2024-1\/","name":"2024\/1 &#8211; Programa de P\u00f3s-Gradua\u00e7\u00e3o em Ci\u00eancia e Engenharia de Materiais","isPartOf":{"@id":"https:\/\/wp.ufpel.edu.br\/ppgcem\/pt\/#website"},"datePublished":"2025-03-17T23:00:09+00:00","breadcrumb":{"@id":"https:\/\/wp.ufpel.edu.br\/ppgcem\/editais\/2024-1\/#breadcrumb"},"inLanguage":"pt-BR","potentialAction":[{"@type":"ReadAction","target":["https:\/\/wp.ufpel.edu.br\/ppgcem\/editais\/2024-1\/"]}]},{"@type":"BreadcrumbList","@id":"https:\/\/wp.ufpel.edu.br\/ppgcem\/editais\/2024-1\/#breadcrumb","itemListElement":[{"@type":"ListItem","position":1,"name":"In\u00edcio","item":"https:\/\/wp.ufpel.edu.br\/ppgcem\/pt\/"},{"@type":"ListItem","position":2,"name":"Processo Seletivo","item":"https:\/\/wp.ufpel.edu.br\/ppgcem\/editais\/"},{"@type":"ListItem","position":3,"name":"2024\/1"}]},{"@type":"WebSite","@id":"https:\/\/wp.ufpel.edu.br\/ppgcem\/pt\/#website","url":"https:\/\/wp.ufpel.edu.br\/ppgcem\/pt\/","name":"Programa de P\u00f3s-Gradua\u00e7\u00e3o em Ci\u00eancia e Engenharia de Materiais","description":"","potentialAction":[{"@type":"SearchAction","target":{"@type":"EntryPoint","urlTemplate":"https:\/\/wp.ufpel.edu.br\/ppgcem\/pt\/?s={search_term_string}"},"query-input":{"@type":"PropertyValueSpecification","valueRequired":true,"valueName":"search_term_string"}}],"inLanguage":"pt-BR"}]}},"jetpack_sharing_enabled":true,"jetpack_shortlink":"https:\/\/wp.me\/P8zk0j-1k3","_links":{"self":[{"href":"https:\/\/wp.ufpel.edu.br\/ppgcem\/wp-json\/wp\/v2\/pages\/5087","targetHints":{"allow":["GET"]}}],"collection":[{"href":"https:\/\/wp.ufpel.edu.br\/ppgcem\/wp-json\/wp\/v2\/pages"}],"about":[{"href":"https:\/\/wp.ufpel.edu.br\/ppgcem\/wp-json\/wp\/v2\/types\/page"}],"author":[{"embeddable":true,"href":"https:\/\/wp.ufpel.edu.br\/ppgcem\/wp-json\/wp\/v2\/users\/370"}],"replies":[{"embeddable":true,"href":"https:\/\/wp.ufpel.edu.br\/ppgcem\/wp-json\/wp\/v2\/comments?post=5087"}],"version-history":[{"count":1,"href":"https:\/\/wp.ufpel.edu.br\/ppgcem\/wp-json\/wp\/v2\/pages\/5087\/revisions"}],"predecessor-version":[{"id":5089,"href":"https:\/\/wp.ufpel.edu.br\/ppgcem\/wp-json\/wp\/v2\/pages\/5087\/revisions\/5089"}],"up":[{"embeddable":true,"href":"https:\/\/wp.ufpel.edu.br\/ppgcem\/wp-json\/wp\/v2\/pages\/41"}],"wp:attachment":[{"href":"https:\/\/wp.ufpel.edu.br\/ppgcem\/wp-json\/wp\/v2\/media?parent=5087"}],"curies":[{"name":"wp","href":"https:\/\/api.w.org\/{rel}","templated":true}]}}