{"id":5081,"date":"2025-03-17T19:58:03","date_gmt":"2025-03-17T22:58:03","guid":{"rendered":"https:\/\/wp.ufpel.edu.br\/ppgcem\/?page_id=5081"},"modified":"2025-03-17T20:02:26","modified_gmt":"2025-03-17T23:02:26","slug":"lancados-os-editais-de-selecao-de-aluno-regular-para-2023-2-do-ppgcem","status":"publish","type":"page","link":"https:\/\/wp.ufpel.edu.br\/ppgcem\/editais\/lancados-os-editais-de-selecao-de-aluno-regular-para-2023-2-do-ppgcem\/","title":{"rendered":"2023\/2"},"content":{"rendered":"<p>O Programa de P\u00f3s-Gradua\u00e7\u00e3o em Ci\u00eancia e Engenharia de Materiais (PPGCEM) da UFPel torna p\u00fablico que as inscri\u00e7\u00f5es referentes aos Editais de Sele\u00e7\u00e3o de Aluno Regular, n\u00edveis <a href=\"https:\/\/wp.ufpel.edu.br\/ppgcem\/files\/2023\/06\/Edital-Mestrado-2023-2-ppgcem.pdf\">Mestrado<\/a> e <a href=\"https:\/\/wp.ufpel.edu.br\/ppgcem\/files\/2023\/06\/Edital-Doutorado-2023-2-ppgcem.pdf\">Doutorado<\/a>, para o segundo semestre letivo do ano de dois mil e vinte e tr\u00eas (2023\/2) estar\u00e3o abertas no per\u00edodo de 29 de junho a 13 de julho de 2023.<\/p>\n","protected":false},"excerpt":{"rendered":"<p>O Programa de P\u00f3s-Gradua\u00e7\u00e3o em Ci\u00eancia e Engenharia de Materiais (PPGCEM) da UFPel torna p\u00fablico que as inscri\u00e7\u00f5es referentes aos Editais de Sele\u00e7\u00e3o de Aluno Regular, n\u00edveis Mestrado e Doutorado, para o segundo semestre letivo do ano de dois mil e vinte e tr\u00eas (2023\/2) estar\u00e3o abertas no per\u00edodo de 29 de junho a 13 [&hellip;]<\/p>\n","protected":false},"author":370,"featured_media":0,"parent":41,"menu_order":-32,"comment_status":"closed","ping_status":"closed","template":"","meta":{"jetpack_post_was_ever_published":false,"footnotes":""},"class_list":["post-5081","page","type-page","status-publish","hentry"],"yoast_head":"<!-- This site is optimized with the Yoast SEO plugin v26.7 - https:\/\/yoast.com\/wordpress\/plugins\/seo\/ -->\n<title>2023\/2 &#8211; Programa de P\u00f3s-Gradua\u00e7\u00e3o em Ci\u00eancia e Engenharia de Materiais<\/title>\n<meta name=\"robots\" content=\"index, follow, max-snippet:-1, max-image-preview:large, max-video-preview:-1\" \/>\n<link rel=\"canonical\" href=\"https:\/\/wp.ufpel.edu.br\/ppgcem\/editais\/lancados-os-editais-de-selecao-de-aluno-regular-para-2023-2-do-ppgcem\/\" \/>\n<meta property=\"og:locale\" content=\"pt_BR\" \/>\n<meta property=\"og:type\" content=\"article\" \/>\n<meta property=\"og:title\" content=\"2023\/2 &#8211; Programa de P\u00f3s-Gradua\u00e7\u00e3o em Ci\u00eancia e Engenharia de Materiais\" \/>\n<meta property=\"og:description\" content=\"O Programa de P\u00f3s-Gradua\u00e7\u00e3o em Ci\u00eancia e Engenharia de Materiais (PPGCEM) da UFPel torna p\u00fablico que as inscri\u00e7\u00f5es referentes aos Editais de Sele\u00e7\u00e3o de Aluno Regular, n\u00edveis Mestrado e Doutorado, para o segundo semestre letivo do ano de dois mil e vinte e tr\u00eas (2023\/2) estar\u00e3o abertas no per\u00edodo de 29 de junho a 13 [&hellip;]\" \/>\n<meta property=\"og:url\" content=\"https:\/\/wp.ufpel.edu.br\/ppgcem\/editais\/lancados-os-editais-de-selecao-de-aluno-regular-para-2023-2-do-ppgcem\/\" \/>\n<meta property=\"og:site_name\" content=\"Programa de P\u00f3s-Gradua\u00e7\u00e3o em Ci\u00eancia e Engenharia de Materiais\" \/>\n<meta property=\"article:modified_time\" content=\"2025-03-17T23:02:26+00:00\" \/>\n<meta name=\"twitter:card\" content=\"summary_large_image\" \/>\n<meta name=\"twitter:label1\" content=\"Est. tempo de leitura\" \/>\n\t<meta name=\"twitter:data1\" content=\"1 minuto\" \/>\n<script type=\"application\/ld+json\" class=\"yoast-schema-graph\">{\"@context\":\"https:\/\/schema.org\",\"@graph\":[{\"@type\":\"WebPage\",\"@id\":\"https:\/\/wp.ufpel.edu.br\/ppgcem\/editais\/lancados-os-editais-de-selecao-de-aluno-regular-para-2023-2-do-ppgcem\/\",\"url\":\"https:\/\/wp.ufpel.edu.br\/ppgcem\/editais\/lancados-os-editais-de-selecao-de-aluno-regular-para-2023-2-do-ppgcem\/\",\"name\":\"2023\/2 &#8211; Programa de P\u00f3s-Gradua\u00e7\u00e3o em Ci\u00eancia e Engenharia de Materiais\",\"isPartOf\":{\"@id\":\"https:\/\/wp.ufpel.edu.br\/ppgcem\/pt\/#website\"},\"datePublished\":\"2025-03-17T22:58:03+00:00\",\"dateModified\":\"2025-03-17T23:02:26+00:00\",\"breadcrumb\":{\"@id\":\"https:\/\/wp.ufpel.edu.br\/ppgcem\/editais\/lancados-os-editais-de-selecao-de-aluno-regular-para-2023-2-do-ppgcem\/#breadcrumb\"},\"inLanguage\":\"pt-BR\",\"potentialAction\":[{\"@type\":\"ReadAction\",\"target\":[\"https:\/\/wp.ufpel.edu.br\/ppgcem\/editais\/lancados-os-editais-de-selecao-de-aluno-regular-para-2023-2-do-ppgcem\/\"]}]},{\"@type\":\"BreadcrumbList\",\"@id\":\"https:\/\/wp.ufpel.edu.br\/ppgcem\/editais\/lancados-os-editais-de-selecao-de-aluno-regular-para-2023-2-do-ppgcem\/#breadcrumb\",\"itemListElement\":[{\"@type\":\"ListItem\",\"position\":1,\"name\":\"In\u00edcio\",\"item\":\"https:\/\/wp.ufpel.edu.br\/ppgcem\/pt\/\"},{\"@type\":\"ListItem\",\"position\":2,\"name\":\"Processo Seletivo\",\"item\":\"https:\/\/wp.ufpel.edu.br\/ppgcem\/editais\/\"},{\"@type\":\"ListItem\",\"position\":3,\"name\":\"2023\/2\"}]},{\"@type\":\"WebSite\",\"@id\":\"https:\/\/wp.ufpel.edu.br\/ppgcem\/pt\/#website\",\"url\":\"https:\/\/wp.ufpel.edu.br\/ppgcem\/pt\/\",\"name\":\"Programa de P\u00f3s-Gradua\u00e7\u00e3o em Ci\u00eancia e Engenharia de Materiais\",\"description\":\"\",\"potentialAction\":[{\"@type\":\"SearchAction\",\"target\":{\"@type\":\"EntryPoint\",\"urlTemplate\":\"https:\/\/wp.ufpel.edu.br\/ppgcem\/pt\/?s={search_term_string}\"},\"query-input\":{\"@type\":\"PropertyValueSpecification\",\"valueRequired\":true,\"valueName\":\"search_term_string\"}}],\"inLanguage\":\"pt-BR\"}]}<\/script>\n<!-- \/ Yoast SEO plugin. -->","yoast_head_json":{"title":"2023\/2 &#8211; Programa de P\u00f3s-Gradua\u00e7\u00e3o em Ci\u00eancia e Engenharia de Materiais","robots":{"index":"index","follow":"follow","max-snippet":"max-snippet:-1","max-image-preview":"max-image-preview:large","max-video-preview":"max-video-preview:-1"},"canonical":"https:\/\/wp.ufpel.edu.br\/ppgcem\/editais\/lancados-os-editais-de-selecao-de-aluno-regular-para-2023-2-do-ppgcem\/","og_locale":"pt_BR","og_type":"article","og_title":"2023\/2 &#8211; Programa de P\u00f3s-Gradua\u00e7\u00e3o em Ci\u00eancia e Engenharia de Materiais","og_description":"O Programa de P\u00f3s-Gradua\u00e7\u00e3o em Ci\u00eancia e Engenharia de Materiais (PPGCEM) da UFPel torna p\u00fablico que as inscri\u00e7\u00f5es referentes aos Editais de Sele\u00e7\u00e3o de Aluno Regular, n\u00edveis Mestrado e Doutorado, para o segundo semestre letivo do ano de dois mil e vinte e tr\u00eas (2023\/2) estar\u00e3o abertas no per\u00edodo de 29 de junho a 13 [&hellip;]","og_url":"https:\/\/wp.ufpel.edu.br\/ppgcem\/editais\/lancados-os-editais-de-selecao-de-aluno-regular-para-2023-2-do-ppgcem\/","og_site_name":"Programa de P\u00f3s-Gradua\u00e7\u00e3o em Ci\u00eancia e Engenharia de Materiais","article_modified_time":"2025-03-17T23:02:26+00:00","twitter_card":"summary_large_image","twitter_misc":{"Est. tempo de leitura":"1 minuto"},"schema":{"@context":"https:\/\/schema.org","@graph":[{"@type":"WebPage","@id":"https:\/\/wp.ufpel.edu.br\/ppgcem\/editais\/lancados-os-editais-de-selecao-de-aluno-regular-para-2023-2-do-ppgcem\/","url":"https:\/\/wp.ufpel.edu.br\/ppgcem\/editais\/lancados-os-editais-de-selecao-de-aluno-regular-para-2023-2-do-ppgcem\/","name":"2023\/2 &#8211; Programa de P\u00f3s-Gradua\u00e7\u00e3o em Ci\u00eancia e Engenharia de Materiais","isPartOf":{"@id":"https:\/\/wp.ufpel.edu.br\/ppgcem\/pt\/#website"},"datePublished":"2025-03-17T22:58:03+00:00","dateModified":"2025-03-17T23:02:26+00:00","breadcrumb":{"@id":"https:\/\/wp.ufpel.edu.br\/ppgcem\/editais\/lancados-os-editais-de-selecao-de-aluno-regular-para-2023-2-do-ppgcem\/#breadcrumb"},"inLanguage":"pt-BR","potentialAction":[{"@type":"ReadAction","target":["https:\/\/wp.ufpel.edu.br\/ppgcem\/editais\/lancados-os-editais-de-selecao-de-aluno-regular-para-2023-2-do-ppgcem\/"]}]},{"@type":"BreadcrumbList","@id":"https:\/\/wp.ufpel.edu.br\/ppgcem\/editais\/lancados-os-editais-de-selecao-de-aluno-regular-para-2023-2-do-ppgcem\/#breadcrumb","itemListElement":[{"@type":"ListItem","position":1,"name":"In\u00edcio","item":"https:\/\/wp.ufpel.edu.br\/ppgcem\/pt\/"},{"@type":"ListItem","position":2,"name":"Processo Seletivo","item":"https:\/\/wp.ufpel.edu.br\/ppgcem\/editais\/"},{"@type":"ListItem","position":3,"name":"2023\/2"}]},{"@type":"WebSite","@id":"https:\/\/wp.ufpel.edu.br\/ppgcem\/pt\/#website","url":"https:\/\/wp.ufpel.edu.br\/ppgcem\/pt\/","name":"Programa de P\u00f3s-Gradua\u00e7\u00e3o em Ci\u00eancia e Engenharia de Materiais","description":"","potentialAction":[{"@type":"SearchAction","target":{"@type":"EntryPoint","urlTemplate":"https:\/\/wp.ufpel.edu.br\/ppgcem\/pt\/?s={search_term_string}"},"query-input":{"@type":"PropertyValueSpecification","valueRequired":true,"valueName":"search_term_string"}}],"inLanguage":"pt-BR"}]}},"jetpack_sharing_enabled":true,"jetpack_shortlink":"https:\/\/wp.me\/P8zk0j-1jX","_links":{"self":[{"href":"https:\/\/wp.ufpel.edu.br\/ppgcem\/wp-json\/wp\/v2\/pages\/5081","targetHints":{"allow":["GET"]}}],"collection":[{"href":"https:\/\/wp.ufpel.edu.br\/ppgcem\/wp-json\/wp\/v2\/pages"}],"about":[{"href":"https:\/\/wp.ufpel.edu.br\/ppgcem\/wp-json\/wp\/v2\/types\/page"}],"author":[{"embeddable":true,"href":"https:\/\/wp.ufpel.edu.br\/ppgcem\/wp-json\/wp\/v2\/users\/370"}],"replies":[{"embeddable":true,"href":"https:\/\/wp.ufpel.edu.br\/ppgcem\/wp-json\/wp\/v2\/comments?post=5081"}],"version-history":[{"count":2,"href":"https:\/\/wp.ufpel.edu.br\/ppgcem\/wp-json\/wp\/v2\/pages\/5081\/revisions"}],"predecessor-version":[{"id":5094,"href":"https:\/\/wp.ufpel.edu.br\/ppgcem\/wp-json\/wp\/v2\/pages\/5081\/revisions\/5094"}],"up":[{"embeddable":true,"href":"https:\/\/wp.ufpel.edu.br\/ppgcem\/wp-json\/wp\/v2\/pages\/41"}],"wp:attachment":[{"href":"https:\/\/wp.ufpel.edu.br\/ppgcem\/wp-json\/wp\/v2\/media?parent=5081"}],"curies":[{"name":"wp","href":"https:\/\/api.w.org\/{rel}","templated":true}]}}