{"id":5072,"date":"2025-03-17T19:45:38","date_gmt":"2025-03-17T22:45:38","guid":{"rendered":"https:\/\/wp.ufpel.edu.br\/ppgcem\/?page_id=5072"},"modified":"2025-03-17T20:13:07","modified_gmt":"2025-03-17T23:13:07","slug":"nossos-egressos","status":"publish","type":"page","link":"https:\/\/wp.ufpel.edu.br\/ppgcem\/nossos-egressos\/","title":{"rendered":"Nossos Egressos"},"content":{"rendered":"<h2 data-pm-slice=\"1 3 []\">Egressos de Destaque do PPGCEM nos \u00daltimos Quadri\u00eanios<\/h2>\n<h3>Quadri\u00eanio 2021-2024<\/h3>\n<p><strong>C\u00e1tia Liane Ucker<\/strong>: Concluiu o doutorado em Ci\u00eancia e Engenharia de Materiais pelo PPGCEM\/UFPel em 2022, realizando um per\u00edodo sandu\u00edche na Universit\u00e4t Duisburg-Essen, com bolsa do DAAD. Seu desempenho acad\u00eamico foi reconhecido com uma men\u00e7\u00e3o honrosa no Pr\u00eamio CAPES de Tese 2023 na \u00e1rea de Materiais, destacando a excel\u00eancia de sua pesquisa. Durante o doutorado e como egressa at\u00e9 2024, publicou 15 artigos cient\u00edficos, evidenciando sua not\u00e1vel capacidade de escrita acad\u00eamica e impacto na \u00e1rea de pesquisa e inova\u00e7\u00e3o.<\/p>\n<p><strong>Guilherme Kurz Maron<\/strong>: Doutor pelo PPGCEM\/UFPel em 2021, Guilherme atua como bolsista de Desenvolvimento Tecnol\u00f3gico Industrial A, com vasta experi\u00eancia em pesquisa, ensino e inova\u00e7\u00e3o. Seu trabalho concentra-se no desenvolvimento de materiais para baterias, supercapacitores e (bio)sensores eletroqu\u00edmicos. Com mais de 10 anos de atua\u00e7\u00e3o na \u00e1rea de nanoestruturas de carbono e materiais sustent\u00e1veis, publicou 20 artigos cient\u00edficos nos \u00faltimos quatro anos, refor\u00e7ando sua posi\u00e7\u00e3o como um dos pesquisadores em ascens\u00e3o no campo da eletroqu\u00edmica e inova\u00e7\u00e3o tecnol\u00f3gica.<\/p>\n<p><strong>Carlomagno Gonzalez Castelli<\/strong>: Concluiu o mestrado no PPGCEM\/UFPel em 2023 e atualmente \u00e9 professor na Universidad Tecnol\u00f3gica del Uruguay. Sua trajet\u00f3ria acad\u00eamica segue no programa como doutorando, integrando um projeto de internacionaliza\u00e7\u00e3o em colabora\u00e7\u00e3o com universidades do Bioma Pampa. Seu desenvolvimento acad\u00eamico evidencia a contribui\u00e7\u00e3o do PPGCEM na forma\u00e7\u00e3o de pesquisadores com atua\u00e7\u00e3o internacional e na promo\u00e7\u00e3o da coopera\u00e7\u00e3o cient\u00edfica entre Brasil e Uruguai.<\/p>\n<h3>Quadri\u00eanio 2016-2020<\/h3>\n<p><strong>Bruno Muller Vieira<\/strong>: Concluiu o doutorado em Ci\u00eancia e Engenharia de Materiais pelo PPGCEM\/UFPel em 2017 e, ainda durante sua forma\u00e7\u00e3o, ingressou como professor na UFPel em 2016. Ao longo dos \u00faltimos anos, ocupou cargos de gest\u00e3o acad\u00eamica, incluindo a fun\u00e7\u00e3o de diretor do Centro de Engenharias. Sua atua\u00e7\u00e3o tem sido essencial para o desenvolvimento institucional e a forma\u00e7\u00e3o de novos pesquisadores. A experi\u00eancia adquirida no PPGCEM foi fundamental para sua trajet\u00f3ria, proporcionando conhecimentos t\u00e9cnicos e estrat\u00e9gicos aplicados tanto \u00e0 pesquisa quanto \u00e0 administra\u00e7\u00e3o acad\u00eamica.<\/p>\n<p><strong>Camila Monteiro Cholant<\/strong>: Doutora pelo PPGCEM\/UFPel em 2018, Camila atuou como professora substituta no CDTec\/UFPel em 2019 e posteriormente como pesquisadora p\u00f3s-doutoranda PNPD\/CAPES no PPGCEM. Atualmente, \u00e9 bolsista DTI-A do INCT Circularidade, contribuindo significativamente para o LABPMat\/UFPel, onde tamb\u00e9m ministra disciplinas. Nos \u00faltimos quatro anos, publicou 10 artigos cient\u00edficos, demonstrando sua crescente produ\u00e7\u00e3o acad\u00eamica. Sua forma\u00e7\u00e3o no PPGCEM foi essencial para sua consolida\u00e7\u00e3o como pesquisadora e docente.<\/p>\n<p><strong>Andrey Pereira Acosta<\/strong>: Concluiu o mestrado no PPGCEM\/UFPel em 2020 e prosseguiu para o doutorado na UFRGS. Durante sua trajet\u00f3ria, publicou 47 artigos em colabora\u00e7\u00e3o com professores do PPGCEM, evidenciando sua produtividade e impacto na pesquisa. Atualmente, \u00e9 professor adjunto na UFPR, atuando nos Programas de P\u00f3s-Gradua\u00e7\u00e3o em Materiais e Engenharia Florestal. Sua forma\u00e7\u00e3o no PPGCEM foi determinante para seu crescimento acad\u00eamico e sua inser\u00e7\u00e3o na doc\u00eancia e pesquisa em \u00e2mbito nacional.<\/p>\n<h3>Quadri\u00eanio 2011-2015<\/h3>\n<p><strong>Bruno Dufau Mattos<\/strong>: Matriculado no mestrado em 13\/03\/2012 e titulado em 16\/01\/2014, Bruno Dufau Mattos consolidou sua carreira como pesquisador de renome internacional. Atualmente, \u00e9 pesquisador l\u00edder no grupo Bio-based Colloids and Materials (BiCMat) da Aalto University, Finl\u00e2ndia. Sua trajet\u00f3ria inclui est\u00e1gios de internacionaliza\u00e7\u00e3o na Universidade do Pa\u00eds Basco, Espanha, e na pr\u00f3pria Aalto University, onde mais tarde se estabeleceu profissionalmente. Nos \u00faltimos cinco anos, manteve uma colabora\u00e7\u00e3o ativa com professores do PPGCEM, resultando em diversas publica\u00e7\u00f5es conjuntas, incluindo um artigo na prestigiosa <em>Advanced Materials<\/em> (IF 32). Em 2024, aprovou, juntamente com o professor Dr. Andr\u00e9 Luiz Missio, o edital CNPq ConhecBrasil-REDES, com o objetivo de aproximar as pesquisas entre as institui\u00e7\u00f5es e fortalecer a internacionaliza\u00e7\u00e3o do PPGCEM.<\/p>\n<p><strong>Pedro Henrique Gonzalez de Cademartori<\/strong>: Matriculado no mestrado em 2011 e titulado em 2012, Pedro Henrique Gonzalez de Cademartori se tornou professor adjunto do Departamento de Engenharia e Tecnologia Florestal (DETF) da Universidade Federal do Paran\u00e1. Al\u00e9m de seu impacto na forma\u00e7\u00e3o acad\u00eamica, Pedro foi Diretor da Ag\u00eancia de Inova\u00e7\u00e3o \/ SPIn da UFPR. No final de 2024, aprovou, em parceria com os professores Dr. Andr\u00e9 Luiz Missio e Dr. Bruno Dufau Mattos, o edital CNPq ConhecBrasil-REDES, fortalecendo ainda mais a rede de contatos cient\u00edficos. No \u00faltimo quadri\u00eanio, publicou mais de cinco artigos de alto impacto com docentes do PPGCEM, evidenciando a relev\u00e2ncia de sua forma\u00e7\u00e3o no programa.<\/p>\n<p><strong>Rafael de \u00c1vila Delucis<\/strong>: Rafael concluiu o mestrado em Ci\u00eancia e Engenharia de Materiais pelo PPGCEM\/UFPel em 2014 e o doutorado na UFRGS em 2018. Ap\u00f3s sua forma\u00e7\u00e3o, retornou \u00e0 UFPel como docente permanente do PPGCEM e se tornou bolsista de produtividade em pesquisa n\u00edvel 2 do CNPq. Destaca-se como um dos pesquisadores mais produtivos do programa, com 65 artigos publicados nos \u00faltimos quatro anos. Sua trajet\u00f3ria acad\u00eamica demonstra o impacto duradouro da forma\u00e7\u00e3o oferecida pelo PPGCEM, promovendo a orienta\u00e7\u00e3o de novos pesquisadores e a consolida\u00e7\u00e3o do programa no cen\u00e1rio cient\u00edfico nacional e internacional.<\/p>\n<p>Para acessar a lista completa de egressos, clique nos links abaixo:<\/p>\n<ul data-spread=\"false\">\n<li><a href=\"https:\/\/wp.ufpel.edu.br\/ppgcem\/files\/2025\/03\/Egressos-2021-2024.pdf\">[Egressos Quadri\u00eanio 2021-2024]<\/a><\/li>\n<li><a href=\"https:\/\/wp.ufpel.edu.br\/ppgcem\/files\/2025\/03\/Egressos-2016-2020.pdf\">[Egressos Quadri\u00eanio 2016-2020]<\/a><\/li>\n<li><a href=\"https:\/\/wp.ufpel.edu.br\/ppgcem\/files\/2025\/03\/Egressos-antigos.pdf\">Egressos mais antigos<\/a><\/li>\n<\/ul>\n","protected":false},"excerpt":{"rendered":"<p>Egressos de Destaque do PPGCEM nos \u00daltimos Quadri\u00eanios Quadri\u00eanio 2021-2024 C\u00e1tia Liane Ucker: Concluiu o doutorado em Ci\u00eancia e Engenharia de Materiais pelo PPGCEM\/UFPel em 2022, realizando um per\u00edodo sandu\u00edche na Universit\u00e4t Duisburg-Essen, com bolsa do DAAD. Seu desempenho acad\u00eamico foi reconhecido com uma men\u00e7\u00e3o honrosa no Pr\u00eamio CAPES de Tese 2023 na \u00e1rea de [&hellip;]<\/p>\n","protected":false},"author":370,"featured_media":0,"parent":0,"menu_order":0,"comment_status":"closed","ping_status":"closed","template":"","meta":{"jetpack_post_was_ever_published":false,"footnotes":""},"class_list":["post-5072","page","type-page","status-publish","hentry"],"yoast_head":"<!-- This site is optimized with the Yoast SEO plugin v26.7 - https:\/\/yoast.com\/wordpress\/plugins\/seo\/ -->\n<title>Nossos Egressos &#8211; Programa de P\u00f3s-Gradua\u00e7\u00e3o em Ci\u00eancia e Engenharia de Materiais<\/title>\n<meta name=\"robots\" content=\"index, follow, max-snippet:-1, max-image-preview:large, max-video-preview:-1\" \/>\n<link rel=\"canonical\" href=\"https:\/\/wp.ufpel.edu.br\/ppgcem\/pt\/nossos-egressos\/\" \/>\n<meta property=\"og:locale\" content=\"pt_BR\" \/>\n<meta property=\"og:type\" content=\"article\" \/>\n<meta property=\"og:title\" content=\"Nossos Egressos &#8211; Programa de P\u00f3s-Gradua\u00e7\u00e3o em Ci\u00eancia e Engenharia de Materiais\" \/>\n<meta property=\"og:description\" content=\"Egressos de Destaque do PPGCEM nos \u00daltimos Quadri\u00eanios Quadri\u00eanio 2021-2024 C\u00e1tia Liane Ucker: Concluiu o doutorado em Ci\u00eancia e Engenharia de Materiais pelo PPGCEM\/UFPel em 2022, realizando um per\u00edodo sandu\u00edche na Universit\u00e4t Duisburg-Essen, com bolsa do DAAD. Seu desempenho acad\u00eamico foi reconhecido com uma men\u00e7\u00e3o honrosa no Pr\u00eamio CAPES de Tese 2023 na \u00e1rea de [&hellip;]\" \/>\n<meta property=\"og:url\" content=\"https:\/\/wp.ufpel.edu.br\/ppgcem\/pt\/nossos-egressos\/\" \/>\n<meta property=\"og:site_name\" content=\"Programa de P\u00f3s-Gradua\u00e7\u00e3o em Ci\u00eancia e Engenharia de Materiais\" \/>\n<meta property=\"article:modified_time\" content=\"2025-03-17T23:13:07+00:00\" \/>\n<meta name=\"twitter:card\" content=\"summary_large_image\" \/>\n<meta name=\"twitter:label1\" content=\"Est. tempo de leitura\" \/>\n\t<meta name=\"twitter:data1\" content=\"5 minutos\" \/>\n<script type=\"application\/ld+json\" class=\"yoast-schema-graph\">{\"@context\":\"https:\/\/schema.org\",\"@graph\":[{\"@type\":\"WebPage\",\"@id\":\"https:\/\/wp.ufpel.edu.br\/ppgcem\/pt\/nossos-egressos\/\",\"url\":\"https:\/\/wp.ufpel.edu.br\/ppgcem\/pt\/nossos-egressos\/\",\"name\":\"Nossos Egressos &#8211; Programa de P\u00f3s-Gradua\u00e7\u00e3o em Ci\u00eancia e Engenharia de Materiais\",\"isPartOf\":{\"@id\":\"https:\/\/wp.ufpel.edu.br\/ppgcem\/pt\/#website\"},\"datePublished\":\"2025-03-17T22:45:38+00:00\",\"dateModified\":\"2025-03-17T23:13:07+00:00\",\"breadcrumb\":{\"@id\":\"https:\/\/wp.ufpel.edu.br\/ppgcem\/pt\/nossos-egressos\/#breadcrumb\"},\"inLanguage\":\"pt-BR\",\"potentialAction\":[{\"@type\":\"ReadAction\",\"target\":[\"https:\/\/wp.ufpel.edu.br\/ppgcem\/pt\/nossos-egressos\/\"]}]},{\"@type\":\"BreadcrumbList\",\"@id\":\"https:\/\/wp.ufpel.edu.br\/ppgcem\/pt\/nossos-egressos\/#breadcrumb\",\"itemListElement\":[{\"@type\":\"ListItem\",\"position\":1,\"name\":\"In\u00edcio\",\"item\":\"https:\/\/wp.ufpel.edu.br\/ppgcem\/pt\/\"},{\"@type\":\"ListItem\",\"position\":2,\"name\":\"Nossos Egressos\"}]},{\"@type\":\"WebSite\",\"@id\":\"https:\/\/wp.ufpel.edu.br\/ppgcem\/pt\/#website\",\"url\":\"https:\/\/wp.ufpel.edu.br\/ppgcem\/pt\/\",\"name\":\"Programa de P\u00f3s-Gradua\u00e7\u00e3o em Ci\u00eancia e Engenharia de Materiais\",\"description\":\"\",\"potentialAction\":[{\"@type\":\"SearchAction\",\"target\":{\"@type\":\"EntryPoint\",\"urlTemplate\":\"https:\/\/wp.ufpel.edu.br\/ppgcem\/pt\/?s={search_term_string}\"},\"query-input\":{\"@type\":\"PropertyValueSpecification\",\"valueRequired\":true,\"valueName\":\"search_term_string\"}}],\"inLanguage\":\"pt-BR\"}]}<\/script>\n<!-- \/ Yoast SEO plugin. -->","yoast_head_json":{"title":"Nossos Egressos &#8211; Programa de P\u00f3s-Gradua\u00e7\u00e3o em Ci\u00eancia e Engenharia de Materiais","robots":{"index":"index","follow":"follow","max-snippet":"max-snippet:-1","max-image-preview":"max-image-preview:large","max-video-preview":"max-video-preview:-1"},"canonical":"https:\/\/wp.ufpel.edu.br\/ppgcem\/pt\/nossos-egressos\/","og_locale":"pt_BR","og_type":"article","og_title":"Nossos Egressos &#8211; Programa de P\u00f3s-Gradua\u00e7\u00e3o em Ci\u00eancia e Engenharia de Materiais","og_description":"Egressos de Destaque do PPGCEM nos \u00daltimos Quadri\u00eanios Quadri\u00eanio 2021-2024 C\u00e1tia Liane Ucker: Concluiu o doutorado em Ci\u00eancia e Engenharia de Materiais pelo PPGCEM\/UFPel em 2022, realizando um per\u00edodo sandu\u00edche na Universit\u00e4t Duisburg-Essen, com bolsa do DAAD. Seu desempenho acad\u00eamico foi reconhecido com uma men\u00e7\u00e3o honrosa no Pr\u00eamio CAPES de Tese 2023 na \u00e1rea de [&hellip;]","og_url":"https:\/\/wp.ufpel.edu.br\/ppgcem\/pt\/nossos-egressos\/","og_site_name":"Programa de P\u00f3s-Gradua\u00e7\u00e3o em Ci\u00eancia e Engenharia de Materiais","article_modified_time":"2025-03-17T23:13:07+00:00","twitter_card":"summary_large_image","twitter_misc":{"Est. tempo de leitura":"5 minutos"},"schema":{"@context":"https:\/\/schema.org","@graph":[{"@type":"WebPage","@id":"https:\/\/wp.ufpel.edu.br\/ppgcem\/pt\/nossos-egressos\/","url":"https:\/\/wp.ufpel.edu.br\/ppgcem\/pt\/nossos-egressos\/","name":"Nossos Egressos &#8211; Programa de P\u00f3s-Gradua\u00e7\u00e3o em Ci\u00eancia e Engenharia de Materiais","isPartOf":{"@id":"https:\/\/wp.ufpel.edu.br\/ppgcem\/pt\/#website"},"datePublished":"2025-03-17T22:45:38+00:00","dateModified":"2025-03-17T23:13:07+00:00","breadcrumb":{"@id":"https:\/\/wp.ufpel.edu.br\/ppgcem\/pt\/nossos-egressos\/#breadcrumb"},"inLanguage":"pt-BR","potentialAction":[{"@type":"ReadAction","target":["https:\/\/wp.ufpel.edu.br\/ppgcem\/pt\/nossos-egressos\/"]}]},{"@type":"BreadcrumbList","@id":"https:\/\/wp.ufpel.edu.br\/ppgcem\/pt\/nossos-egressos\/#breadcrumb","itemListElement":[{"@type":"ListItem","position":1,"name":"In\u00edcio","item":"https:\/\/wp.ufpel.edu.br\/ppgcem\/pt\/"},{"@type":"ListItem","position":2,"name":"Nossos Egressos"}]},{"@type":"WebSite","@id":"https:\/\/wp.ufpel.edu.br\/ppgcem\/pt\/#website","url":"https:\/\/wp.ufpel.edu.br\/ppgcem\/pt\/","name":"Programa de P\u00f3s-Gradua\u00e7\u00e3o em Ci\u00eancia e Engenharia de Materiais","description":"","potentialAction":[{"@type":"SearchAction","target":{"@type":"EntryPoint","urlTemplate":"https:\/\/wp.ufpel.edu.br\/ppgcem\/pt\/?s={search_term_string}"},"query-input":{"@type":"PropertyValueSpecification","valueRequired":true,"valueName":"search_term_string"}}],"inLanguage":"pt-BR"}]}},"jetpack_sharing_enabled":true,"jetpack_shortlink":"https:\/\/wp.me\/P8zk0j-1jO","_links":{"self":[{"href":"https:\/\/wp.ufpel.edu.br\/ppgcem\/wp-json\/wp\/v2\/pages\/5072","targetHints":{"allow":["GET"]}}],"collection":[{"href":"https:\/\/wp.ufpel.edu.br\/ppgcem\/wp-json\/wp\/v2\/pages"}],"about":[{"href":"https:\/\/wp.ufpel.edu.br\/ppgcem\/wp-json\/wp\/v2\/types\/page"}],"author":[{"embeddable":true,"href":"https:\/\/wp.ufpel.edu.br\/ppgcem\/wp-json\/wp\/v2\/users\/370"}],"replies":[{"embeddable":true,"href":"https:\/\/wp.ufpel.edu.br\/ppgcem\/wp-json\/wp\/v2\/comments?post=5072"}],"version-history":[{"count":3,"href":"https:\/\/wp.ufpel.edu.br\/ppgcem\/wp-json\/wp\/v2\/pages\/5072\/revisions"}],"predecessor-version":[{"id":5112,"href":"https:\/\/wp.ufpel.edu.br\/ppgcem\/wp-json\/wp\/v2\/pages\/5072\/revisions\/5112"}],"wp:attachment":[{"href":"https:\/\/wp.ufpel.edu.br\/ppgcem\/wp-json\/wp\/v2\/media?parent=5072"}],"curies":[{"name":"wp","href":"https:\/\/api.w.org\/{rel}","templated":true}]}}