{"id":5062,"date":"2025-03-17T16:45:02","date_gmt":"2025-03-17T19:45:02","guid":{"rendered":"https:\/\/wp.ufpel.edu.br\/ppgcem\/?page_id=5062"},"modified":"2025-03-17T16:45:02","modified_gmt":"2025-03-17T19:45:02","slug":"2024-2","status":"publish","type":"page","link":"https:\/\/wp.ufpel.edu.br\/ppgcem\/dissertacoes-e-teses\/teses\/2024-2\/","title":{"rendered":"2024"},"content":{"rendered":"<ol>\n<li><strong data-start=\"3\" data-end=\"35\" data-is-only-node=\"\">DANIEL LUCAS COSTA RODRIGUES<\/strong> \u2013 Prepara\u00e7\u00e3o e caracteriza\u00e7\u00e3o de biocarv\u00f5es ativados magn\u00e9ticos derivados de biomassa de oliva para a remo\u00e7\u00e3o do antibi\u00f3tico ciprofloxacino em solu\u00e7\u00f5es aquosas \u2013 18\/12\/2024<\/li>\n<li><strong data-start=\"214\" data-end=\"242\" data-is-only-node=\"\">FELIX KROLOW SELL JUNIOR<\/strong> \u2013 <a href=\"https:\/\/guaiaca.ufpel.edu.br\/bitstream\/handle\/prefix\/14697\/Tese%20F%c3%a9lix%20Krolow%20Sell%20Junior.pdf?sequence=1&amp;isAllowed=y\">Avalia\u00e7\u00e3o do potencial da cinza de folha de bambu como material ciment\u00edcio suplementar na produ\u00e7\u00e3o de concretos e seus efeitos sob a a\u00e7\u00e3o de \u00edons cloreto<\/a> \u2013 25\/11\/2024<\/li>\n<li><strong data-start=\"417\" data-end=\"433\" data-is-only-node=\"\">TAIS POLETTI<\/strong> \u2013 Bioss\u00edntese de nanopart\u00edculas multifuncionais de prata e de ferro a partir da macroalga sub-ant\u00e1rtica <em data-start=\"538\" data-end=\"564\">Sarcopeltis skottsbergii<\/em> \u2013 18\/11\/2024<\/li>\n<li><strong data-start=\"583\" data-end=\"606\" data-is-only-node=\"\">FLAVIO AIRTON KNUTH<\/strong> \u2013 <a href=\"https:\/\/guaiaca.ufpel.edu.br\/bitstream\/handle\/prefix\/14698\/Tese%20Fl%c3%a1vio%20Airton%20Knuth.pdf?sequence=1&amp;isAllowed=y\">Propriedades fotocatal\u00edticas de BFO sintetizado pelo m\u00e9todo hidrotermal assistido por micro-ondas<\/a> \u2013 27\/09\/2024<\/li>\n<li><strong data-start=\"725\" data-end=\"746\" data-is-only-node=\"\">BETTY BRAGA GALLO<\/strong> \u2013 Desenvolvimento de plataforma IoT multiain\u00e1lises para (bio)sensores eletroqu\u00edmicos \u00e0 base de grafeno \u2013 19\/09\/2024<\/li>\n<li><strong data-start=\"868\" data-end=\"896\" data-is-only-node=\"\">BRUNO VASCONCELLOS LOPES<\/strong> \u2013 <a href=\"https:\/\/guaiaca.ufpel.edu.br\/bitstream\/handle\/prefix\/14554\/Tese%20BRUNO%20VASCONCELLOS%20LOPES.pdf?sequence=1&amp;isAllowed=y\">Sensores eletroqu\u00edmicos de grafeno induzido por laser: aplica\u00e7\u00f5es na detec\u00e7\u00e3o de res\u00edduos de glifosato<\/a> \u2013 08\/08\/2024<\/li>\n<li><strong data-start=\"1020\" data-end=\"1061\" data-is-only-node=\"\">JESUS DE ALENCAR MORAIS DE ALAVARENGA<\/strong> \u2013 <a href=\"https:\/\/guaiaca.ufpel.edu.br\/bitstream\/handle\/prefix\/14898\/Tese%20JESUS%20DE%20ALENCAR%20MORAIS%20DE%20ALVARENGA.pdf?sequence=1&amp;isAllowed=y\">S\u00edntese e caracteriza\u00e7\u00e3o de cer\u00e2micas piezoel\u00e9tricas \u00e0 base de niobato de s\u00f3dio: um estudo te\u00f3rico e experimental<\/a> \u2013 26\/07\/2024<\/li>\n<li><strong data-start=\"1196\" data-end=\"1228\" data-is-only-node=\"\">GUILHERME LUIS MELLO RIBEIRO<\/strong> \u2013 <a href=\"https:\/\/guaiaca.ufpel.edu.br\/bitstream\/handle\/prefix\/14699\/Tese%20Guilherme%20Lu%c2%b4%c4%b1s%20Mello%20Ribeiro.pdf?sequence=1&amp;isAllowed=y\">Efeito da adi\u00e7\u00e3o dos dopantes Co e Ni nas estruturas eletr\u00f4nicas de perovskitas \u00e0 base de (K, Na)NbO\u2083: um estudo computacional via teoria do funcional da densidade<\/a> \u2013 14\/06\/2024<\/li>\n<li><strong data-start=\"1413\" data-end=\"1443\" data-is-only-node=\"\">PAULA LEMOES HAERTEL WIETH<\/strong> \u2013 Produ\u00e7\u00e3o de biocombust\u00edveis e estudo da economia energ\u00e9tica de res\u00edduos da ind\u00fastria de pescados e arroz do Rio Grande do Sul: biodiesel e biog\u00e1s \u2013 12\/06\/2024<\/li>\n<li><strong data-start=\"1611\" data-end=\"1639\" data-is-only-node=\"\">MARCELO GAUTERIO FONSECA<\/strong> \u2013 Aspers\u00e3o t\u00e9rmica a plasma: constru\u00e7\u00e3o de equipamento, processo e caracteriza\u00e7\u00e3o tribol\u00f3gica de recobrimentos met\u00e1licos sobre a\u00e7os de baixa e alta carbon \u2013 24\/04\/2024<\/li>\n<li><strong data-start=\"1814\" data-end=\"1840\" data-is-only-node=\"\">CRISTIANE ARPINO SILVA<\/strong> \u2013<a href=\"https:\/\/repositorio.ufpel.edu.br\/bitstream\/handle\/prefix\/14896\/Tese%20Cristiane%20Arpino%20Silva.pdf?sequence=1&amp;isAllowed=y\"> Efeito de nanofolhas de MXenes (Ti3C2Tx) nas resist\u00eancias \u00e0 compress\u00e3o e ao desgaste de um concreto estrutural<\/a> \u2013 22\/03\/2024<\/li>\n<li><strong data-start=\"1973\" data-end=\"1997\" data-is-only-node=\"\">ALEX BRITTO DA SILVA<\/strong> \u2013 <a href=\"https:\/\/guaiaca.ufpel.edu.br\/bitstream\/handle\/prefix\/14552\/Tese_Alex%20Britto%20da%20Silva.pdf?sequence=1&amp;isAllowed=y\">Superliga de n\u00edquel sinterizada a partir de p\u00f3s elementares com recobrimentos cer\u00e2micos contra a carburiza\u00e7\u00e3o<\/a> \u2013 01\/03\/2024<\/li>\n<\/ol>\n","protected":false},"excerpt":{"rendered":"<p>DANIEL LUCAS COSTA RODRIGUES \u2013 Prepara\u00e7\u00e3o e caracteriza\u00e7\u00e3o de biocarv\u00f5es ativados magn\u00e9ticos derivados de biomassa de oliva para a remo\u00e7\u00e3o do antibi\u00f3tico ciprofloxacino em solu\u00e7\u00f5es aquosas \u2013 18\/12\/2024 FELIX KROLOW SELL JUNIOR \u2013 Avalia\u00e7\u00e3o do potencial da cinza de folha de bambu como material ciment\u00edcio suplementar na produ\u00e7\u00e3o de concretos e seus efeitos sob a [&hellip;]<\/p>\n","protected":false},"author":370,"featured_media":0,"parent":1741,"menu_order":-8,"comment_status":"closed","ping_status":"closed","template":"","meta":{"jetpack_post_was_ever_published":false,"footnotes":""},"class_list":["post-5062","page","type-page","status-publish","hentry"],"yoast_head":"<!-- This site is optimized with the Yoast SEO plugin v26.7 - https:\/\/yoast.com\/wordpress\/plugins\/seo\/ -->\n<title>2024 &#8211; Programa de P\u00f3s-Gradua\u00e7\u00e3o em Ci\u00eancia e Engenharia de Materiais<\/title>\n<meta name=\"robots\" content=\"index, follow, max-snippet:-1, max-image-preview:large, max-video-preview:-1\" \/>\n<link rel=\"canonical\" href=\"https:\/\/wp.ufpel.edu.br\/ppgcem\/pt\/dissertacoes-e-teses\/teses\/2024-2\/\" \/>\n<meta property=\"og:locale\" content=\"pt_BR\" \/>\n<meta property=\"og:type\" content=\"article\" \/>\n<meta property=\"og:title\" content=\"2024 &#8211; Programa de P\u00f3s-Gradua\u00e7\u00e3o em Ci\u00eancia e Engenharia de Materiais\" \/>\n<meta property=\"og:description\" content=\"DANIEL LUCAS COSTA RODRIGUES \u2013 Prepara\u00e7\u00e3o e caracteriza\u00e7\u00e3o de biocarv\u00f5es ativados magn\u00e9ticos derivados de biomassa de oliva para a remo\u00e7\u00e3o do antibi\u00f3tico ciprofloxacino em solu\u00e7\u00f5es aquosas \u2013 18\/12\/2024 FELIX KROLOW SELL JUNIOR \u2013 Avalia\u00e7\u00e3o do potencial da cinza de folha de bambu como material ciment\u00edcio suplementar na produ\u00e7\u00e3o de concretos e seus efeitos sob a [&hellip;]\" \/>\n<meta property=\"og:url\" content=\"https:\/\/wp.ufpel.edu.br\/ppgcem\/pt\/dissertacoes-e-teses\/teses\/2024-2\/\" \/>\n<meta property=\"og:site_name\" content=\"Programa de P\u00f3s-Gradua\u00e7\u00e3o em Ci\u00eancia e Engenharia de Materiais\" \/>\n<meta name=\"twitter:card\" content=\"summary_large_image\" \/>\n<meta name=\"twitter:label1\" content=\"Est. tempo de leitura\" \/>\n\t<meta name=\"twitter:data1\" content=\"2 minutos\" \/>\n<script type=\"application\/ld+json\" class=\"yoast-schema-graph\">{\"@context\":\"https:\/\/schema.org\",\"@graph\":[{\"@type\":\"WebPage\",\"@id\":\"https:\/\/wp.ufpel.edu.br\/ppgcem\/pt\/dissertacoes-e-teses\/teses\/2024-2\/\",\"url\":\"https:\/\/wp.ufpel.edu.br\/ppgcem\/pt\/dissertacoes-e-teses\/teses\/2024-2\/\",\"name\":\"2024 &#8211; Programa de P\u00f3s-Gradua\u00e7\u00e3o em Ci\u00eancia e Engenharia de Materiais\",\"isPartOf\":{\"@id\":\"https:\/\/wp.ufpel.edu.br\/ppgcem\/pt\/#website\"},\"datePublished\":\"2025-03-17T19:45:02+00:00\",\"breadcrumb\":{\"@id\":\"https:\/\/wp.ufpel.edu.br\/ppgcem\/pt\/dissertacoes-e-teses\/teses\/2024-2\/#breadcrumb\"},\"inLanguage\":\"pt-BR\",\"potentialAction\":[{\"@type\":\"ReadAction\",\"target\":[\"https:\/\/wp.ufpel.edu.br\/ppgcem\/pt\/dissertacoes-e-teses\/teses\/2024-2\/\"]}]},{\"@type\":\"BreadcrumbList\",\"@id\":\"https:\/\/wp.ufpel.edu.br\/ppgcem\/pt\/dissertacoes-e-teses\/teses\/2024-2\/#breadcrumb\",\"itemListElement\":[{\"@type\":\"ListItem\",\"position\":1,\"name\":\"In\u00edcio\",\"item\":\"https:\/\/wp.ufpel.edu.br\/ppgcem\/pt\/\"},{\"@type\":\"ListItem\",\"position\":2,\"name\":\"Disserta\u00e7\u00f5es e Teses\",\"item\":\"https:\/\/wp.ufpel.edu.br\/ppgcem\/pt\/dissertacoes-e-teses\/\"},{\"@type\":\"ListItem\",\"position\":3,\"name\":\"Teses\",\"item\":\"https:\/\/wp.ufpel.edu.br\/ppgcem\/pt\/dissertacoes-e-teses\/teses\/\"},{\"@type\":\"ListItem\",\"position\":4,\"name\":\"2024\"}]},{\"@type\":\"WebSite\",\"@id\":\"https:\/\/wp.ufpel.edu.br\/ppgcem\/pt\/#website\",\"url\":\"https:\/\/wp.ufpel.edu.br\/ppgcem\/pt\/\",\"name\":\"Programa de P\u00f3s-Gradua\u00e7\u00e3o em Ci\u00eancia e Engenharia de Materiais\",\"description\":\"\",\"potentialAction\":[{\"@type\":\"SearchAction\",\"target\":{\"@type\":\"EntryPoint\",\"urlTemplate\":\"https:\/\/wp.ufpel.edu.br\/ppgcem\/pt\/?s={search_term_string}\"},\"query-input\":{\"@type\":\"PropertyValueSpecification\",\"valueRequired\":true,\"valueName\":\"search_term_string\"}}],\"inLanguage\":\"pt-BR\"}]}<\/script>\n<!-- \/ Yoast SEO plugin. -->","yoast_head_json":{"title":"2024 &#8211; Programa de P\u00f3s-Gradua\u00e7\u00e3o em Ci\u00eancia e Engenharia de Materiais","robots":{"index":"index","follow":"follow","max-snippet":"max-snippet:-1","max-image-preview":"max-image-preview:large","max-video-preview":"max-video-preview:-1"},"canonical":"https:\/\/wp.ufpel.edu.br\/ppgcem\/pt\/dissertacoes-e-teses\/teses\/2024-2\/","og_locale":"pt_BR","og_type":"article","og_title":"2024 &#8211; Programa de P\u00f3s-Gradua\u00e7\u00e3o em Ci\u00eancia e Engenharia de Materiais","og_description":"DANIEL LUCAS COSTA RODRIGUES \u2013 Prepara\u00e7\u00e3o e caracteriza\u00e7\u00e3o de biocarv\u00f5es ativados magn\u00e9ticos derivados de biomassa de oliva para a remo\u00e7\u00e3o do antibi\u00f3tico ciprofloxacino em solu\u00e7\u00f5es aquosas \u2013 18\/12\/2024 FELIX KROLOW SELL JUNIOR \u2013 Avalia\u00e7\u00e3o do potencial da cinza de folha de bambu como material ciment\u00edcio suplementar na produ\u00e7\u00e3o de concretos e seus efeitos sob a [&hellip;]","og_url":"https:\/\/wp.ufpel.edu.br\/ppgcem\/pt\/dissertacoes-e-teses\/teses\/2024-2\/","og_site_name":"Programa de P\u00f3s-Gradua\u00e7\u00e3o em Ci\u00eancia e Engenharia de Materiais","twitter_card":"summary_large_image","twitter_misc":{"Est. tempo de leitura":"2 minutos"},"schema":{"@context":"https:\/\/schema.org","@graph":[{"@type":"WebPage","@id":"https:\/\/wp.ufpel.edu.br\/ppgcem\/pt\/dissertacoes-e-teses\/teses\/2024-2\/","url":"https:\/\/wp.ufpel.edu.br\/ppgcem\/pt\/dissertacoes-e-teses\/teses\/2024-2\/","name":"2024 &#8211; Programa de P\u00f3s-Gradua\u00e7\u00e3o em Ci\u00eancia e Engenharia de Materiais","isPartOf":{"@id":"https:\/\/wp.ufpel.edu.br\/ppgcem\/pt\/#website"},"datePublished":"2025-03-17T19:45:02+00:00","breadcrumb":{"@id":"https:\/\/wp.ufpel.edu.br\/ppgcem\/pt\/dissertacoes-e-teses\/teses\/2024-2\/#breadcrumb"},"inLanguage":"pt-BR","potentialAction":[{"@type":"ReadAction","target":["https:\/\/wp.ufpel.edu.br\/ppgcem\/pt\/dissertacoes-e-teses\/teses\/2024-2\/"]}]},{"@type":"BreadcrumbList","@id":"https:\/\/wp.ufpel.edu.br\/ppgcem\/pt\/dissertacoes-e-teses\/teses\/2024-2\/#breadcrumb","itemListElement":[{"@type":"ListItem","position":1,"name":"In\u00edcio","item":"https:\/\/wp.ufpel.edu.br\/ppgcem\/pt\/"},{"@type":"ListItem","position":2,"name":"Disserta\u00e7\u00f5es e Teses","item":"https:\/\/wp.ufpel.edu.br\/ppgcem\/pt\/dissertacoes-e-teses\/"},{"@type":"ListItem","position":3,"name":"Teses","item":"https:\/\/wp.ufpel.edu.br\/ppgcem\/pt\/dissertacoes-e-teses\/teses\/"},{"@type":"ListItem","position":4,"name":"2024"}]},{"@type":"WebSite","@id":"https:\/\/wp.ufpel.edu.br\/ppgcem\/pt\/#website","url":"https:\/\/wp.ufpel.edu.br\/ppgcem\/pt\/","name":"Programa de P\u00f3s-Gradua\u00e7\u00e3o em Ci\u00eancia e Engenharia de Materiais","description":"","potentialAction":[{"@type":"SearchAction","target":{"@type":"EntryPoint","urlTemplate":"https:\/\/wp.ufpel.edu.br\/ppgcem\/pt\/?s={search_term_string}"},"query-input":{"@type":"PropertyValueSpecification","valueRequired":true,"valueName":"search_term_string"}}],"inLanguage":"pt-BR"}]}},"jetpack_sharing_enabled":true,"jetpack_shortlink":"https:\/\/wp.me\/P8zk0j-1jE","_links":{"self":[{"href":"https:\/\/wp.ufpel.edu.br\/ppgcem\/wp-json\/wp\/v2\/pages\/5062","targetHints":{"allow":["GET"]}}],"collection":[{"href":"https:\/\/wp.ufpel.edu.br\/ppgcem\/wp-json\/wp\/v2\/pages"}],"about":[{"href":"https:\/\/wp.ufpel.edu.br\/ppgcem\/wp-json\/wp\/v2\/types\/page"}],"author":[{"embeddable":true,"href":"https:\/\/wp.ufpel.edu.br\/ppgcem\/wp-json\/wp\/v2\/users\/370"}],"replies":[{"embeddable":true,"href":"https:\/\/wp.ufpel.edu.br\/ppgcem\/wp-json\/wp\/v2\/comments?post=5062"}],"version-history":[{"count":1,"href":"https:\/\/wp.ufpel.edu.br\/ppgcem\/wp-json\/wp\/v2\/pages\/5062\/revisions"}],"predecessor-version":[{"id":5064,"href":"https:\/\/wp.ufpel.edu.br\/ppgcem\/wp-json\/wp\/v2\/pages\/5062\/revisions\/5064"}],"up":[{"embeddable":true,"href":"https:\/\/wp.ufpel.edu.br\/ppgcem\/wp-json\/wp\/v2\/pages\/1741"}],"wp:attachment":[{"href":"https:\/\/wp.ufpel.edu.br\/ppgcem\/wp-json\/wp\/v2\/media?parent=5062"}],"curies":[{"name":"wp","href":"https:\/\/api.w.org\/{rel}","templated":true}]}}