{"id":5058,"date":"2025-03-17T16:40:44","date_gmt":"2025-03-17T19:40:44","guid":{"rendered":"https:\/\/wp.ufpel.edu.br\/ppgcem\/?page_id=5058"},"modified":"2025-03-17T16:40:52","modified_gmt":"2025-03-17T19:40:52","slug":"5058-2","status":"publish","type":"page","link":"https:\/\/wp.ufpel.edu.br\/ppgcem\/dissertacoes-e-teses\/teses\/5058-2\/","title":{"rendered":"2023"},"content":{"rendered":"<ol>\n<li><strong data-start=\"3\" data-end=\"26\" data-is-only-node=\"\">THAYS FRANCA AFONSO<\/strong> \u2013 Espumas sustent\u00e1veis de poliuretano incorporadas com diferentes cargas: adsor\u00e7\u00e3o de Cr(III) e SARS-CoV-2 em solu\u00e7\u00f5es aquosas \u2013 14\/12\/2023<\/li>\n<li><strong data-start=\"172\" data-end=\"197\" data-is-only-node=\"\">LEANDRO GULARTE BLOIS<\/strong> \u2013 <a href=\"https:\/\/repositorio.ufpel.edu.br\/bitstream\/handle\/prefix\/12837\/Tese_Leandro%20Gularte%20Blois.pdf?sequence=1&amp;isAllowed=y\">Comportamento da migra\u00e7\u00e3o de \u00edons cloreto do substrato para argamassa de saneamento, desenvolvida para recupera\u00e7\u00e3o de pr\u00e9dios hist\u00f3ricos<\/a> \u2013 21\/09\/2023<\/li>\n<li><strong data-start=\"355\" data-end=\"392\" data-is-only-node=\"\">FRANCISCO JOSE VON AMELN LUZZARDI<\/strong> \u2013 <a href=\"https:\/\/repositorio.ufpel.edu.br\/bitstream\/handle\/prefix\/12836\/TESE_FRANCISCO%20JOS%c3%89%20VON%20AMELN%20LUZZARDI.pdf?sequence=1&amp;isAllowed=y\">Concreto leve contendo espuma de poliuretano reciclada e adi\u00e7\u00f5es minerais<\/a> \u2013 15\/09\/2023<\/li>\n<li><strong data-start=\"487\" data-end=\"516\" data-is-only-node=\"\">RUI ROSA DE MORAIS JUNIOR<\/strong> \u2013 Mineraliza\u00e7\u00e3o com cinza volante (MCV) de serragens de eucalipto tratadas para utiliza\u00e7\u00e3o como agregado em comp\u00f3sitos geopolim\u00e9ricos \u2013 13\/09\/2023<\/li>\n<li><strong data-start=\"669\" data-end=\"693\" data-is-only-node=\"\">RODRIGO JORGE MACEDO<\/strong> \u2013 <a href=\"https:\/\/guaiaca.ufpel.edu.br\/bitstream\/handle\/prefix\/12839\/Tese_Rodrigo%20Jorge%20Macedo.pdf?sequence=1&amp;isAllowed=y\">Efeitos do g\u00e1s de prote\u00e7\u00e3o e da espessura do substrato na usinabilidade de revestimentos de inconel 625 soldados pelos processos M<\/a>IG\/MAG \u2013 28\/08\/2023<\/li>\n<li><strong data-start=\"851\" data-end=\"882\" data-is-only-node=\"\">MARIANE WEIRICH BOSENBECKER<\/strong> \u2013 Comp\u00f3sitos de polietileno verde de baixa densidade com refor\u00e7os celul\u00f3sicos isolados a partir de bambu \u2013 22\/08\/2023<\/li>\n<li><strong data-start=\"1006\" data-end=\"1031\" data-is-only-node=\"\">FABIO DA ROCHA ALONSO<\/strong> \u2013 <a href=\"https:\/\/guaiaca.ufpel.edu.br\/bitstream\/handle\/prefix\/9975\/TESE_FABIO%20DA%20ROCHA%20ALONSO.pdf?sequence=1&amp;isAllowed=y\">Efeito do tempo de atua\u00e7\u00e3o da polaridade positiva no comportamento mec\u00e2nico e em corros\u00e3o de juntas compostas Al-Mg com diferentes teores de Mg soldadas pelo processo TIG CA<\/a> \u2013 31\/03\/2023<\/li>\n<li><strong data-start=\"1226\" data-end=\"1255\" data-is-only-node=\"\">CRISTIANE SCHWARTZ VENZKE<\/strong> \u2013 <a href=\"https:\/\/guaiaca.ufpel.edu.br\/bitstream\/handle\/prefix\/9974\/Tese_Cristiane_Venzke.pdf?sequence=1&amp;isAllowed=y\">Propriedades estruturais e eletr\u00f4nicas de novos sistemas de perovskitas calcog\u00eanicas com potencial para aplica\u00e7\u00f5es fotovoltaicas\/optoeletr\u00f4nicas<\/a> \u2013 31\/03\/2023<\/li>\n<li><strong data-start=\"1421\" data-end=\"1442\" data-is-only-node=\"\">MARILIA BRYKALSKI<\/strong> \u2013 <a href=\"https:\/\/repositorio.ufpel.edu.br\/bitstream\/handle\/prefix\/9531\/Tese_Marilia_Brykalski.pdf?sequence=1&amp;isAllowed=y\">Produ\u00e7\u00e3o de espumas v\u00edtreas utilizando res\u00edduo de vidro de placas fotovoltaicas<\/a> \u2013 10\/03\/2023<\/li>\n<li><strong data-start=\"1544\" data-end=\"1571\" data-is-only-node=\"\">CAROLINA FACCIO DEMARCO<\/strong> \u2013 <a href=\"https:\/\/guaiaca.ufpel.edu.br\/bitstream\/handle\/prefix\/9530\/Tese_Carolina_Faccio_Demarco.pdf?sequence=1&amp;isAllowed=y\">Mecanismos de adsor\u00e7\u00e3o e adsor\u00e7\u00e3o de biofiltros para biorremedia\u00e7\u00e3o de ambientes aqu\u00e1ticos contaminados com SARS-CoV-2 e metais pesados<\/a> \u2013 10\/02\/2023<\/li>\n<li><strong data-start=\"1729\" data-end=\"1762\" data-is-only-node=\"\">FABIANE GRECCO DA SILVA PORTO<\/strong> \u2013 <a href=\"https:\/\/guaiaca.ufpel.edu.br\/bitstream\/handle\/prefix\/12834\/Tese_Fabiane%20Grecco%20da%20Silva%20Porto.pdf?sequence=1&amp;isAllowed=y\">Estabilidade da quitosana ativada para hidrog\u00eanio destilado e desenvolvimento de filmes com adi\u00e7\u00e3o de mucilagem de ora-pro-n\u00f3bis<\/a> \u2013 08\/02\/2023<\/li>\n<\/ol>\n","protected":false},"excerpt":{"rendered":"<p>THAYS FRANCA AFONSO \u2013 Espumas sustent\u00e1veis de poliuretano incorporadas com diferentes cargas: adsor\u00e7\u00e3o de Cr(III) e SARS-CoV-2 em solu\u00e7\u00f5es aquosas \u2013 14\/12\/2023 LEANDRO GULARTE BLOIS \u2013 Comportamento da migra\u00e7\u00e3o de \u00edons cloreto do substrato para argamassa de saneamento, desenvolvida para recupera\u00e7\u00e3o de pr\u00e9dios hist\u00f3ricos \u2013 21\/09\/2023 FRANCISCO JOSE VON AMELN LUZZARDI \u2013 Concreto leve contendo [&hellip;]<\/p>\n","protected":false},"author":370,"featured_media":0,"parent":1741,"menu_order":-7,"comment_status":"closed","ping_status":"closed","template":"","meta":{"jetpack_post_was_ever_published":false,"footnotes":""},"class_list":["post-5058","page","type-page","status-publish","hentry"],"yoast_head":"<!-- This site is optimized with the Yoast SEO plugin v26.7 - https:\/\/yoast.com\/wordpress\/plugins\/seo\/ -->\n<title>2023 &#8211; Programa de P\u00f3s-Gradua\u00e7\u00e3o em Ci\u00eancia e Engenharia de Materiais<\/title>\n<meta name=\"robots\" content=\"index, follow, max-snippet:-1, max-image-preview:large, max-video-preview:-1\" \/>\n<link rel=\"canonical\" href=\"https:\/\/wp.ufpel.edu.br\/ppgcem\/pt\/dissertacoes-e-teses\/teses\/5058-2\/\" \/>\n<meta property=\"og:locale\" content=\"pt_BR\" \/>\n<meta property=\"og:type\" content=\"article\" \/>\n<meta property=\"og:title\" content=\"2023 &#8211; Programa de P\u00f3s-Gradua\u00e7\u00e3o em Ci\u00eancia e Engenharia de Materiais\" \/>\n<meta property=\"og:description\" content=\"THAYS FRANCA AFONSO \u2013 Espumas sustent\u00e1veis de poliuretano incorporadas com diferentes cargas: adsor\u00e7\u00e3o de Cr(III) e SARS-CoV-2 em solu\u00e7\u00f5es aquosas \u2013 14\/12\/2023 LEANDRO GULARTE BLOIS \u2013 Comportamento da migra\u00e7\u00e3o de \u00edons cloreto do substrato para argamassa de saneamento, desenvolvida para recupera\u00e7\u00e3o de pr\u00e9dios hist\u00f3ricos \u2013 21\/09\/2023 FRANCISCO JOSE VON AMELN LUZZARDI \u2013 Concreto leve contendo [&hellip;]\" \/>\n<meta property=\"og:url\" content=\"https:\/\/wp.ufpel.edu.br\/ppgcem\/pt\/dissertacoes-e-teses\/teses\/5058-2\/\" \/>\n<meta property=\"og:site_name\" content=\"Programa de P\u00f3s-Gradua\u00e7\u00e3o em Ci\u00eancia e Engenharia de Materiais\" \/>\n<meta property=\"article:modified_time\" content=\"2025-03-17T19:40:52+00:00\" \/>\n<meta name=\"twitter:card\" content=\"summary_large_image\" \/>\n<meta name=\"twitter:label1\" content=\"Est. tempo de leitura\" \/>\n\t<meta name=\"twitter:data1\" content=\"2 minutos\" \/>\n<script type=\"application\/ld+json\" class=\"yoast-schema-graph\">{\"@context\":\"https:\/\/schema.org\",\"@graph\":[{\"@type\":\"WebPage\",\"@id\":\"https:\/\/wp.ufpel.edu.br\/ppgcem\/pt\/dissertacoes-e-teses\/teses\/5058-2\/\",\"url\":\"https:\/\/wp.ufpel.edu.br\/ppgcem\/pt\/dissertacoes-e-teses\/teses\/5058-2\/\",\"name\":\"2023 &#8211; Programa de P\u00f3s-Gradua\u00e7\u00e3o em Ci\u00eancia e Engenharia de Materiais\",\"isPartOf\":{\"@id\":\"https:\/\/wp.ufpel.edu.br\/ppgcem\/pt\/#website\"},\"datePublished\":\"2025-03-17T19:40:44+00:00\",\"dateModified\":\"2025-03-17T19:40:52+00:00\",\"breadcrumb\":{\"@id\":\"https:\/\/wp.ufpel.edu.br\/ppgcem\/pt\/dissertacoes-e-teses\/teses\/5058-2\/#breadcrumb\"},\"inLanguage\":\"pt-BR\",\"potentialAction\":[{\"@type\":\"ReadAction\",\"target\":[\"https:\/\/wp.ufpel.edu.br\/ppgcem\/pt\/dissertacoes-e-teses\/teses\/5058-2\/\"]}]},{\"@type\":\"BreadcrumbList\",\"@id\":\"https:\/\/wp.ufpel.edu.br\/ppgcem\/pt\/dissertacoes-e-teses\/teses\/5058-2\/#breadcrumb\",\"itemListElement\":[{\"@type\":\"ListItem\",\"position\":1,\"name\":\"In\u00edcio\",\"item\":\"https:\/\/wp.ufpel.edu.br\/ppgcem\/pt\/\"},{\"@type\":\"ListItem\",\"position\":2,\"name\":\"Disserta\u00e7\u00f5es e Teses\",\"item\":\"https:\/\/wp.ufpel.edu.br\/ppgcem\/pt\/dissertacoes-e-teses\/\"},{\"@type\":\"ListItem\",\"position\":3,\"name\":\"Teses\",\"item\":\"https:\/\/wp.ufpel.edu.br\/ppgcem\/pt\/dissertacoes-e-teses\/teses\/\"},{\"@type\":\"ListItem\",\"position\":4,\"name\":\"2023\"}]},{\"@type\":\"WebSite\",\"@id\":\"https:\/\/wp.ufpel.edu.br\/ppgcem\/pt\/#website\",\"url\":\"https:\/\/wp.ufpel.edu.br\/ppgcem\/pt\/\",\"name\":\"Programa de P\u00f3s-Gradua\u00e7\u00e3o em Ci\u00eancia e Engenharia de Materiais\",\"description\":\"\",\"potentialAction\":[{\"@type\":\"SearchAction\",\"target\":{\"@type\":\"EntryPoint\",\"urlTemplate\":\"https:\/\/wp.ufpel.edu.br\/ppgcem\/pt\/?s={search_term_string}\"},\"query-input\":{\"@type\":\"PropertyValueSpecification\",\"valueRequired\":true,\"valueName\":\"search_term_string\"}}],\"inLanguage\":\"pt-BR\"}]}<\/script>\n<!-- \/ Yoast SEO plugin. -->","yoast_head_json":{"title":"2023 &#8211; Programa de P\u00f3s-Gradua\u00e7\u00e3o em Ci\u00eancia e Engenharia de Materiais","robots":{"index":"index","follow":"follow","max-snippet":"max-snippet:-1","max-image-preview":"max-image-preview:large","max-video-preview":"max-video-preview:-1"},"canonical":"https:\/\/wp.ufpel.edu.br\/ppgcem\/pt\/dissertacoes-e-teses\/teses\/5058-2\/","og_locale":"pt_BR","og_type":"article","og_title":"2023 &#8211; Programa de P\u00f3s-Gradua\u00e7\u00e3o em Ci\u00eancia e Engenharia de Materiais","og_description":"THAYS FRANCA AFONSO \u2013 Espumas sustent\u00e1veis de poliuretano incorporadas com diferentes cargas: adsor\u00e7\u00e3o de Cr(III) e SARS-CoV-2 em solu\u00e7\u00f5es aquosas \u2013 14\/12\/2023 LEANDRO GULARTE BLOIS \u2013 Comportamento da migra\u00e7\u00e3o de \u00edons cloreto do substrato para argamassa de saneamento, desenvolvida para recupera\u00e7\u00e3o de pr\u00e9dios hist\u00f3ricos \u2013 21\/09\/2023 FRANCISCO JOSE VON AMELN LUZZARDI \u2013 Concreto leve contendo [&hellip;]","og_url":"https:\/\/wp.ufpel.edu.br\/ppgcem\/pt\/dissertacoes-e-teses\/teses\/5058-2\/","og_site_name":"Programa de P\u00f3s-Gradua\u00e7\u00e3o em Ci\u00eancia e Engenharia de Materiais","article_modified_time":"2025-03-17T19:40:52+00:00","twitter_card":"summary_large_image","twitter_misc":{"Est. tempo de leitura":"2 minutos"},"schema":{"@context":"https:\/\/schema.org","@graph":[{"@type":"WebPage","@id":"https:\/\/wp.ufpel.edu.br\/ppgcem\/pt\/dissertacoes-e-teses\/teses\/5058-2\/","url":"https:\/\/wp.ufpel.edu.br\/ppgcem\/pt\/dissertacoes-e-teses\/teses\/5058-2\/","name":"2023 &#8211; Programa de P\u00f3s-Gradua\u00e7\u00e3o em Ci\u00eancia e Engenharia de Materiais","isPartOf":{"@id":"https:\/\/wp.ufpel.edu.br\/ppgcem\/pt\/#website"},"datePublished":"2025-03-17T19:40:44+00:00","dateModified":"2025-03-17T19:40:52+00:00","breadcrumb":{"@id":"https:\/\/wp.ufpel.edu.br\/ppgcem\/pt\/dissertacoes-e-teses\/teses\/5058-2\/#breadcrumb"},"inLanguage":"pt-BR","potentialAction":[{"@type":"ReadAction","target":["https:\/\/wp.ufpel.edu.br\/ppgcem\/pt\/dissertacoes-e-teses\/teses\/5058-2\/"]}]},{"@type":"BreadcrumbList","@id":"https:\/\/wp.ufpel.edu.br\/ppgcem\/pt\/dissertacoes-e-teses\/teses\/5058-2\/#breadcrumb","itemListElement":[{"@type":"ListItem","position":1,"name":"In\u00edcio","item":"https:\/\/wp.ufpel.edu.br\/ppgcem\/pt\/"},{"@type":"ListItem","position":2,"name":"Disserta\u00e7\u00f5es e Teses","item":"https:\/\/wp.ufpel.edu.br\/ppgcem\/pt\/dissertacoes-e-teses\/"},{"@type":"ListItem","position":3,"name":"Teses","item":"https:\/\/wp.ufpel.edu.br\/ppgcem\/pt\/dissertacoes-e-teses\/teses\/"},{"@type":"ListItem","position":4,"name":"2023"}]},{"@type":"WebSite","@id":"https:\/\/wp.ufpel.edu.br\/ppgcem\/pt\/#website","url":"https:\/\/wp.ufpel.edu.br\/ppgcem\/pt\/","name":"Programa de P\u00f3s-Gradua\u00e7\u00e3o em Ci\u00eancia e Engenharia de Materiais","description":"","potentialAction":[{"@type":"SearchAction","target":{"@type":"EntryPoint","urlTemplate":"https:\/\/wp.ufpel.edu.br\/ppgcem\/pt\/?s={search_term_string}"},"query-input":{"@type":"PropertyValueSpecification","valueRequired":true,"valueName":"search_term_string"}}],"inLanguage":"pt-BR"}]}},"jetpack_sharing_enabled":true,"jetpack_shortlink":"https:\/\/wp.me\/P8zk0j-1jA","_links":{"self":[{"href":"https:\/\/wp.ufpel.edu.br\/ppgcem\/wp-json\/wp\/v2\/pages\/5058","targetHints":{"allow":["GET"]}}],"collection":[{"href":"https:\/\/wp.ufpel.edu.br\/ppgcem\/wp-json\/wp\/v2\/pages"}],"about":[{"href":"https:\/\/wp.ufpel.edu.br\/ppgcem\/wp-json\/wp\/v2\/types\/page"}],"author":[{"embeddable":true,"href":"https:\/\/wp.ufpel.edu.br\/ppgcem\/wp-json\/wp\/v2\/users\/370"}],"replies":[{"embeddable":true,"href":"https:\/\/wp.ufpel.edu.br\/ppgcem\/wp-json\/wp\/v2\/comments?post=5058"}],"version-history":[{"count":2,"href":"https:\/\/wp.ufpel.edu.br\/ppgcem\/wp-json\/wp\/v2\/pages\/5058\/revisions"}],"predecessor-version":[{"id":5061,"href":"https:\/\/wp.ufpel.edu.br\/ppgcem\/wp-json\/wp\/v2\/pages\/5058\/revisions\/5061"}],"up":[{"embeddable":true,"href":"https:\/\/wp.ufpel.edu.br\/ppgcem\/wp-json\/wp\/v2\/pages\/1741"}],"wp:attachment":[{"href":"https:\/\/wp.ufpel.edu.br\/ppgcem\/wp-json\/wp\/v2\/media?parent=5058"}],"curies":[{"name":"wp","href":"https:\/\/api.w.org\/{rel}","templated":true}]}}