{"id":5054,"date":"2025-03-17T16:32:54","date_gmt":"2025-03-17T19:32:54","guid":{"rendered":"https:\/\/wp.ufpel.edu.br\/ppgcem\/?page_id=5054"},"modified":"2025-03-17T16:32:54","modified_gmt":"2025-03-17T19:32:54","slug":"2024-2","status":"publish","type":"page","link":"https:\/\/wp.ufpel.edu.br\/ppgcem\/dissertacoes-e-teses\/dissertacoes\/2024-2\/","title":{"rendered":"2024"},"content":{"rendered":"<ol>\n<li><strong data-start=\"3\" data-end=\"20\" data-is-only-node=\"\">JULIANA ZANOL<\/strong> \u2013 Reciclagem de res\u00edduos de vidro provenientes de laborat\u00f3rios de ensino e pesquisa da UFPel para produ\u00e7\u00e3o de espumas v\u00edtreas \u2013 10\/12\/2024<\/li>\n<li><strong data-start=\"165\" data-end=\"192\" data-is-only-node=\"\">ERIKA VASQUES SCHNEIDER<\/strong> \u2013 <a href=\"https:\/\/guaiaca.ufpel.edu.br\/bitstream\/handle\/prefix\/14695\/Disserta%c3%a7%c3%a3o%20Erika%20Vasques%20Schneider.pdf?sequence=1&amp;isAllowed=y\">Utiliza\u00e7\u00e3o do l\u00edquido pirolenhoso como inibidor de corros\u00e3o para o a\u00e7o carbono 1045 em HCl<\/a> \u2013 14\/11\/2024<\/li>\n<li><strong data-start=\"304\" data-end=\"329\" data-is-only-node=\"\">GIOVANI LUCAS COIMBRA<\/strong> \u2013 <a href=\"https:\/\/guaiaca.ufpel.edu.br\/bitstream\/handle\/prefix\/14694\/Disserta%c3%a7%c3%a3o%20Giovani%20Lucas%20Coimbra.pdf?sequence=1&amp;isAllowed=y\">Influ\u00eancia da t\u00e9cnica de deposi\u00e7\u00e3o de filmes eletrocr\u00f4micos de WO\u2083<\/a> \u2013 09\/09\/2024<\/li>\n<li><strong data-start=\"417\" data-end=\"445\" data-is-only-node=\"\">JO\u00c3O PEDRO ALMEIDA LOPES<\/strong> \u2013 Solu\u00e7\u00f5es sustent\u00e1veis para impermeabiliza\u00e7\u00e3o de concreto: explora\u00e7\u00e3o do potencial da membrana \u00e0 base de alcatr\u00e3o vegetal \u2013 31\/07\/2024<\/li>\n<li><strong data-start=\"587\" data-end=\"614\" data-is-only-node=\"\">RAFAELA MEDINA DA SILVA<\/strong> \u2013 Desenvolvimento de placas em escala reduzida baseadas em comp\u00f3sitos ciment\u00edcios com potencial fotocatal\u00edtico \u2013 25\/07\/2024<\/li>\n<li><strong data-start=\"744\" data-end=\"775\" data-is-only-node=\"\">TABATA LARISSA CORREA PERES<\/strong> \u2013 <a href=\"https:\/\/guaiaca.ufpel.edu.br\/bitstream\/handle\/prefix\/14802\/Disserta%c3%a7%c3%a3o%20T%c3%a1bata%20Larissa%20Corr%c3%aaa%20Peres.pdf?sequence=1&amp;isAllowed=y\">Adesivos de poliuretano para a madeira baseados em uma mistura simples de \u00f3leo de mamona e glicerina loira<\/a> \u2013 08\/03\/2024<\/li>\n<li><strong data-start=\"903\" data-end=\"929\" data-is-only-node=\"\">LAISE VERGARA NORNBERG<\/strong> \u2013 <a href=\"https:\/\/guaiaca.ufpel.edu.br\/bitstream\/handle\/prefix\/14764\/Disserta%c3%a7%c3%a3o%20La%c3%adse%20Vergara%20N%c3%b6rnberg.pdf?sequence=1&amp;isAllowed=y\">Caracteriza\u00e7\u00e3o da madeira de h\u00edbridos de <em data-start=\"973\" data-end=\"983\">Corymbia<\/em> via espectroscopia no infravermelho pr\u00f3ximo<\/a> (NIRS) \u2013 29\/02\/2024<\/li>\n<li><strong data-start=\"1053\" data-end=\"1082\" data-is-only-node=\"\">TATHIANA ANDRESSA MOREIRA<\/strong> \u2013 Tratamento de superf\u00edcie em componentes de gesso com elevado desempenho \u2013 31\/01\/2024<\/li>\n<\/ol>\n","protected":false},"excerpt":{"rendered":"<p>JULIANA ZANOL \u2013 Reciclagem de res\u00edduos de vidro provenientes de laborat\u00f3rios de ensino e pesquisa da UFPel para produ\u00e7\u00e3o de espumas v\u00edtreas \u2013 10\/12\/2024 ERIKA VASQUES SCHNEIDER \u2013 Utiliza\u00e7\u00e3o do l\u00edquido pirolenhoso como inibidor de corros\u00e3o para o a\u00e7o carbono 1045 em HCl \u2013 14\/11\/2024 GIOVANI LUCAS COIMBRA \u2013 Influ\u00eancia da t\u00e9cnica de deposi\u00e7\u00e3o de [&hellip;]<\/p>\n","protected":false},"author":370,"featured_media":0,"parent":490,"menu_order":-9,"comment_status":"closed","ping_status":"closed","template":"","meta":{"jetpack_post_was_ever_published":false,"footnotes":""},"class_list":["post-5054","page","type-page","status-publish","hentry"],"yoast_head":"<!-- This site is optimized with the Yoast SEO plugin v26.7 - https:\/\/yoast.com\/wordpress\/plugins\/seo\/ -->\n<title>2024 &#8211; Programa de P\u00f3s-Gradua\u00e7\u00e3o em Ci\u00eancia e Engenharia de Materiais<\/title>\n<meta name=\"robots\" content=\"index, follow, max-snippet:-1, max-image-preview:large, max-video-preview:-1\" \/>\n<link rel=\"canonical\" href=\"https:\/\/wp.ufpel.edu.br\/ppgcem\/pt\/dissertacoes-e-teses\/dissertacoes\/2024-2\/\" \/>\n<meta property=\"og:locale\" content=\"pt_BR\" \/>\n<meta property=\"og:type\" content=\"article\" \/>\n<meta property=\"og:title\" content=\"2024 &#8211; Programa de P\u00f3s-Gradua\u00e7\u00e3o em Ci\u00eancia e Engenharia de Materiais\" \/>\n<meta property=\"og:description\" content=\"JULIANA ZANOL \u2013 Reciclagem de res\u00edduos de vidro provenientes de laborat\u00f3rios de ensino e pesquisa da UFPel para produ\u00e7\u00e3o de espumas v\u00edtreas \u2013 10\/12\/2024 ERIKA VASQUES SCHNEIDER \u2013 Utiliza\u00e7\u00e3o do l\u00edquido pirolenhoso como inibidor de corros\u00e3o para o a\u00e7o carbono 1045 em HCl \u2013 14\/11\/2024 GIOVANI LUCAS COIMBRA \u2013 Influ\u00eancia da t\u00e9cnica de deposi\u00e7\u00e3o de [&hellip;]\" \/>\n<meta property=\"og:url\" content=\"https:\/\/wp.ufpel.edu.br\/ppgcem\/pt\/dissertacoes-e-teses\/dissertacoes\/2024-2\/\" \/>\n<meta property=\"og:site_name\" content=\"Programa de P\u00f3s-Gradua\u00e7\u00e3o em Ci\u00eancia e Engenharia de Materiais\" \/>\n<meta name=\"twitter:card\" content=\"summary_large_image\" \/>\n<meta name=\"twitter:label1\" content=\"Est. tempo de leitura\" \/>\n\t<meta name=\"twitter:data1\" content=\"1 minuto\" \/>\n<script type=\"application\/ld+json\" class=\"yoast-schema-graph\">{\"@context\":\"https:\/\/schema.org\",\"@graph\":[{\"@type\":\"WebPage\",\"@id\":\"https:\/\/wp.ufpel.edu.br\/ppgcem\/pt\/dissertacoes-e-teses\/dissertacoes\/2024-2\/\",\"url\":\"https:\/\/wp.ufpel.edu.br\/ppgcem\/pt\/dissertacoes-e-teses\/dissertacoes\/2024-2\/\",\"name\":\"2024 &#8211; Programa de P\u00f3s-Gradua\u00e7\u00e3o em Ci\u00eancia e Engenharia de Materiais\",\"isPartOf\":{\"@id\":\"https:\/\/wp.ufpel.edu.br\/ppgcem\/pt\/#website\"},\"datePublished\":\"2025-03-17T19:32:54+00:00\",\"breadcrumb\":{\"@id\":\"https:\/\/wp.ufpel.edu.br\/ppgcem\/pt\/dissertacoes-e-teses\/dissertacoes\/2024-2\/#breadcrumb\"},\"inLanguage\":\"pt-BR\",\"potentialAction\":[{\"@type\":\"ReadAction\",\"target\":[\"https:\/\/wp.ufpel.edu.br\/ppgcem\/pt\/dissertacoes-e-teses\/dissertacoes\/2024-2\/\"]}]},{\"@type\":\"BreadcrumbList\",\"@id\":\"https:\/\/wp.ufpel.edu.br\/ppgcem\/pt\/dissertacoes-e-teses\/dissertacoes\/2024-2\/#breadcrumb\",\"itemListElement\":[{\"@type\":\"ListItem\",\"position\":1,\"name\":\"In\u00edcio\",\"item\":\"https:\/\/wp.ufpel.edu.br\/ppgcem\/pt\/\"},{\"@type\":\"ListItem\",\"position\":2,\"name\":\"Disserta\u00e7\u00f5es e Teses\",\"item\":\"https:\/\/wp.ufpel.edu.br\/ppgcem\/pt\/dissertacoes-e-teses\/\"},{\"@type\":\"ListItem\",\"position\":3,\"name\":\"Disserta\u00e7\u00f5es\",\"item\":\"https:\/\/wp.ufpel.edu.br\/ppgcem\/pt\/dissertacoes-e-teses\/dissertacoes\/\"},{\"@type\":\"ListItem\",\"position\":4,\"name\":\"2024\"}]},{\"@type\":\"WebSite\",\"@id\":\"https:\/\/wp.ufpel.edu.br\/ppgcem\/pt\/#website\",\"url\":\"https:\/\/wp.ufpel.edu.br\/ppgcem\/pt\/\",\"name\":\"Programa de P\u00f3s-Gradua\u00e7\u00e3o em Ci\u00eancia e Engenharia de Materiais\",\"description\":\"\",\"potentialAction\":[{\"@type\":\"SearchAction\",\"target\":{\"@type\":\"EntryPoint\",\"urlTemplate\":\"https:\/\/wp.ufpel.edu.br\/ppgcem\/pt\/?s={search_term_string}\"},\"query-input\":{\"@type\":\"PropertyValueSpecification\",\"valueRequired\":true,\"valueName\":\"search_term_string\"}}],\"inLanguage\":\"pt-BR\"}]}<\/script>\n<!-- \/ Yoast SEO plugin. -->","yoast_head_json":{"title":"2024 &#8211; Programa de P\u00f3s-Gradua\u00e7\u00e3o em Ci\u00eancia e Engenharia de Materiais","robots":{"index":"index","follow":"follow","max-snippet":"max-snippet:-1","max-image-preview":"max-image-preview:large","max-video-preview":"max-video-preview:-1"},"canonical":"https:\/\/wp.ufpel.edu.br\/ppgcem\/pt\/dissertacoes-e-teses\/dissertacoes\/2024-2\/","og_locale":"pt_BR","og_type":"article","og_title":"2024 &#8211; Programa de P\u00f3s-Gradua\u00e7\u00e3o em Ci\u00eancia e Engenharia de Materiais","og_description":"JULIANA ZANOL \u2013 Reciclagem de res\u00edduos de vidro provenientes de laborat\u00f3rios de ensino e pesquisa da UFPel para produ\u00e7\u00e3o de espumas v\u00edtreas \u2013 10\/12\/2024 ERIKA VASQUES SCHNEIDER \u2013 Utiliza\u00e7\u00e3o do l\u00edquido pirolenhoso como inibidor de corros\u00e3o para o a\u00e7o carbono 1045 em HCl \u2013 14\/11\/2024 GIOVANI LUCAS COIMBRA \u2013 Influ\u00eancia da t\u00e9cnica de deposi\u00e7\u00e3o de [&hellip;]","og_url":"https:\/\/wp.ufpel.edu.br\/ppgcem\/pt\/dissertacoes-e-teses\/dissertacoes\/2024-2\/","og_site_name":"Programa de P\u00f3s-Gradua\u00e7\u00e3o em Ci\u00eancia e Engenharia de Materiais","twitter_card":"summary_large_image","twitter_misc":{"Est. tempo de leitura":"1 minuto"},"schema":{"@context":"https:\/\/schema.org","@graph":[{"@type":"WebPage","@id":"https:\/\/wp.ufpel.edu.br\/ppgcem\/pt\/dissertacoes-e-teses\/dissertacoes\/2024-2\/","url":"https:\/\/wp.ufpel.edu.br\/ppgcem\/pt\/dissertacoes-e-teses\/dissertacoes\/2024-2\/","name":"2024 &#8211; Programa de P\u00f3s-Gradua\u00e7\u00e3o em Ci\u00eancia e Engenharia de Materiais","isPartOf":{"@id":"https:\/\/wp.ufpel.edu.br\/ppgcem\/pt\/#website"},"datePublished":"2025-03-17T19:32:54+00:00","breadcrumb":{"@id":"https:\/\/wp.ufpel.edu.br\/ppgcem\/pt\/dissertacoes-e-teses\/dissertacoes\/2024-2\/#breadcrumb"},"inLanguage":"pt-BR","potentialAction":[{"@type":"ReadAction","target":["https:\/\/wp.ufpel.edu.br\/ppgcem\/pt\/dissertacoes-e-teses\/dissertacoes\/2024-2\/"]}]},{"@type":"BreadcrumbList","@id":"https:\/\/wp.ufpel.edu.br\/ppgcem\/pt\/dissertacoes-e-teses\/dissertacoes\/2024-2\/#breadcrumb","itemListElement":[{"@type":"ListItem","position":1,"name":"In\u00edcio","item":"https:\/\/wp.ufpel.edu.br\/ppgcem\/pt\/"},{"@type":"ListItem","position":2,"name":"Disserta\u00e7\u00f5es e Teses","item":"https:\/\/wp.ufpel.edu.br\/ppgcem\/pt\/dissertacoes-e-teses\/"},{"@type":"ListItem","position":3,"name":"Disserta\u00e7\u00f5es","item":"https:\/\/wp.ufpel.edu.br\/ppgcem\/pt\/dissertacoes-e-teses\/dissertacoes\/"},{"@type":"ListItem","position":4,"name":"2024"}]},{"@type":"WebSite","@id":"https:\/\/wp.ufpel.edu.br\/ppgcem\/pt\/#website","url":"https:\/\/wp.ufpel.edu.br\/ppgcem\/pt\/","name":"Programa de P\u00f3s-Gradua\u00e7\u00e3o em Ci\u00eancia e Engenharia de Materiais","description":"","potentialAction":[{"@type":"SearchAction","target":{"@type":"EntryPoint","urlTemplate":"https:\/\/wp.ufpel.edu.br\/ppgcem\/pt\/?s={search_term_string}"},"query-input":{"@type":"PropertyValueSpecification","valueRequired":true,"valueName":"search_term_string"}}],"inLanguage":"pt-BR"}]}},"jetpack_sharing_enabled":true,"jetpack_shortlink":"https:\/\/wp.me\/P8zk0j-1jw","_links":{"self":[{"href":"https:\/\/wp.ufpel.edu.br\/ppgcem\/wp-json\/wp\/v2\/pages\/5054","targetHints":{"allow":["GET"]}}],"collection":[{"href":"https:\/\/wp.ufpel.edu.br\/ppgcem\/wp-json\/wp\/v2\/pages"}],"about":[{"href":"https:\/\/wp.ufpel.edu.br\/ppgcem\/wp-json\/wp\/v2\/types\/page"}],"author":[{"embeddable":true,"href":"https:\/\/wp.ufpel.edu.br\/ppgcem\/wp-json\/wp\/v2\/users\/370"}],"replies":[{"embeddable":true,"href":"https:\/\/wp.ufpel.edu.br\/ppgcem\/wp-json\/wp\/v2\/comments?post=5054"}],"version-history":[{"count":1,"href":"https:\/\/wp.ufpel.edu.br\/ppgcem\/wp-json\/wp\/v2\/pages\/5054\/revisions"}],"predecessor-version":[{"id":5056,"href":"https:\/\/wp.ufpel.edu.br\/ppgcem\/wp-json\/wp\/v2\/pages\/5054\/revisions\/5056"}],"up":[{"embeddable":true,"href":"https:\/\/wp.ufpel.edu.br\/ppgcem\/wp-json\/wp\/v2\/pages\/490"}],"wp:attachment":[{"href":"https:\/\/wp.ufpel.edu.br\/ppgcem\/wp-json\/wp\/v2\/media?parent=5054"}],"curies":[{"name":"wp","href":"https:\/\/api.w.org\/{rel}","templated":true}]}}