{"id":5051,"date":"2025-03-17T16:26:38","date_gmt":"2025-03-17T19:26:38","guid":{"rendered":"https:\/\/wp.ufpel.edu.br\/ppgcem\/?page_id=5051"},"modified":"2025-03-17T16:26:38","modified_gmt":"2025-03-17T19:26:38","slug":"2023-2","status":"publish","type":"page","link":"https:\/\/wp.ufpel.edu.br\/ppgcem\/dissertacoes-e-teses\/dissertacoes\/2023-2\/","title":{"rendered":"2023"},"content":{"rendered":"<div class=\"flex max-w-full flex-col flex-grow\">\n<div class=\"min-h-8 text-message relative flex w-full flex-col items-end gap-2 whitespace-normal break-words text-start [.text-message+&amp;]:mt-5\" dir=\"auto\" data-message-author-role=\"assistant\" data-message-id=\"edca13f2-528b-4877-9818-4cb28b8d8f9f\" data-message-model-slug=\"gpt-4o\">\n<div class=\"flex w-full flex-col gap-1 empty:hidden first:pt-[3px]\">\n<div class=\"markdown prose w-full break-words dark:prose-invert light\">\n<ol>\n<li data-start=\"0\" data-end=\"2477\">ANDRESSA PEGLOW LUDTKE \u2013 <a href=\"https:\/\/guaiaca.ufpel.edu.br\/bitstream\/handle\/prefix\/14758\/Disserta%c3%a7%c3%a3o%20Andressa%20Peglow%20L%c3%bcdtke.pdf?sequence=1&amp;isAllowed=y\">Comp\u00f3sito odontol\u00f3gico para impress\u00e3o 3D<\/a> \u2013 18\/12\/2023<\/li>\n<li data-start=\"0\" data-end=\"2477\">THAM\u00cdRES ALVES DA SILVEIRA \u2013 Fibrocimetos h\u00edbridos refor\u00e7ados com sisal quimicamente tratado e nanoargila \u2013 18\/12\/2023<\/li>\n<li data-start=\"0\" data-end=\"2477\">ANDRIELE LANGE DA ROSA \u2013 Avalia\u00e7\u00e3o da efici\u00eancia fotocatal\u00edtica do ZnO dopado com Cu em rodamina B \u2013 30\/11\/2023<\/li>\n<li data-start=\"0\" data-end=\"2477\">DARWIN DE OLIVEIRA BRUM \u2013 <a href=\"https:\/\/guaiaca.ufpel.edu.br\/bitstream\/handle\/prefix\/12827\/Dissertacao_Darwin%20de%20Oliveira%20Brum.pdf?sequence=1&amp;isAllowed=y\">S\u00edntese e caracteriza\u00e7\u00e3o de fibras de ze\u00edna produzidas via rotofia\u00e7\u00e3o<\/a> \u2013 30\/11\/2023<\/li>\n<li data-start=\"0\" data-end=\"2477\">JULIANO VASCONCELLOS SINOTTI \u2013 <a href=\"https:\/\/guaiaca.ufpel.edu.br\/bitstream\/handle\/prefix\/14762\/Disserta%c3%a7%c3%a3o%20JULIANO%20VASCONCELLOS%20SINOTTI.pdf?sequence=1&amp;isAllowed=y\">Desenvolvimento e aplica\u00e7\u00e3o de sensores eletroqu\u00edmicos para o monitoramento de metais pesados: enfoque em cobre<\/a> \u2013 24\/11\/2023<\/li>\n<li data-start=\"0\" data-end=\"2477\">ANA CAROLINA RODRIGUES RIBEIRO \u2013 E<a href=\"https:\/\/guaiaca.ufpel.edu.br\/bitstream\/handle\/prefix\/12825\/Dissertacao_Ana%20Carolina%20Rodrigues%20Ribeiro.pdf?sequence=1&amp;isAllowed=y\">spumas de celulose microfibrilada obtidas pelo m\u00e9todo freeze-thawing-drying<\/a> \u2013 07\/11\/2023<\/li>\n<li data-start=\"0\" data-end=\"2477\">VICTORIA PORTO MONKS \u2013 S<a href=\"https:\/\/guaiaca.ufpel.edu.br\/bitstream\/handle\/prefix\/12824\/DISSERTACAO_VICTORIA%20PORTO%20MONKS.pdf?sequence=1&amp;isAllowed=y\">ensor eletroqu\u00edmico baseado em nanoestruturas de carbono para monitoramento cont\u00ednuo de glicose em animais<\/a> \u2013 18\/08\/2023<\/li>\n<li data-start=\"0\" data-end=\"2477\">JESSICA MICHEL DA SILVA \u2013 Nanocelulose carboxilada oriunda da polpa kraft de <em data-start=\"933\" data-end=\"950\">Eucalyptus spp.<\/em> \u2013 04\/08\/2023<\/li>\n<li data-start=\"0\" data-end=\"2477\">NAIANE GARCIA MOTTA \u2013 Desenvolvimento e caracteriza\u00e7\u00e3o de curativo nanoestruturado com libera\u00e7\u00e3o controlada de monoperssulfato de pot\u00e1ssio \u2013 31\/07\/2023<\/li>\n<li data-start=\"0\" data-end=\"2477\">FRANCIELEN SAN MARTINS RODRIGUES \u2013<a href=\"https:\/\/guaiaca.ufpel.edu.br\/bitstream\/handle\/prefix\/12821\/Dissertacao_Francielen%20San%20Martins%20Rodrigues.pdf?sequence=1&amp;isAllowed=y\"> Fotocat\u00e1lise heterog\u00eanea do TiO\u2082 com adi\u00e7\u00e3o de cobre para a descolora\u00e7\u00e3o dos corantes RhB e AM<\/a> \u2013 19\/07\/2023<\/li>\n<li data-start=\"0\" data-end=\"2477\">RENATO SILVA DA SILVA \u2013 Investiga\u00e7\u00e3o forense de inc\u00eandio: protocolo de identifica\u00e7\u00e3o de vest\u00edgios acelerantes em espectroscopia no infravermelho \u2013 29\/05\/2023<\/li>\n<li data-start=\"0\" data-end=\"2477\">ANA PAULA CORRALES CASARAVILLA \u2013 <a href=\"https:\/\/repositorio.ufpel.edu.br\/bitstream\/handle\/prefix\/9526\/Dissertacao_Ana%20Paula%20Corrales%20Casaravilla.pdf?sequence=1&amp;isAllowed=y\">Hidrogel \u00e0 base de nanocelulose, \u00f3xido de grafeno e alginato de s\u00f3dio para aplica\u00e7\u00f5es cosm\u00e9ticas<\/a> \u2013 28\/04\/2023<\/li>\n<li data-start=\"0\" data-end=\"2477\">CECILIA DE OLIVEIRA VOLOSKI \u2013 Estudo da estabilidade termogravim\u00e9trica da lignina Kraft com potencial uso para aditivo em fluidos de perfura\u00e7\u00e3o em escoamento de petr\u00f3leo \u2013 04\/04\/2023<\/li>\n<li data-start=\"0\" data-end=\"2477\">PATRICIA OLIVEIRA SCHMITT \u2013 Efeito dos tempos de moagem no <em data-start=\"1814\" data-end=\"1828\">Arundo donax<\/em> L. ap\u00f3s pr\u00e9-tratamentos qu\u00edmicos \u2013 03\/03\/2023<\/li>\n<li data-start=\"0\" data-end=\"2477\">FRANCIEL DAIS DE CASTRO \u2013 <a href=\"https:\/\/guaiaca.ufpel.edu.br\/bitstream\/handle\/prefix\/9529\/Dissertacao_Franciele%20Dias%20de%20Castro.pdf?sequence=1&amp;isAllowed=y\">Quantifica\u00e7\u00e3o da evapora\u00e7\u00e3o de part\u00edculas de alumina em um plasma t\u00e9rmico<\/a> \u2013 02\/03\/2023<\/li>\n<li data-start=\"0\" data-end=\"2477\">DANIELLE TAPIA BUENO \u2013 <a href=\"https:\/\/guaiaca.ufpel.edu.br\/bitstream\/handle\/prefix\/9801\/Dissertacao_DANIELLE%20TAPIA%20BUENO.pdf?sequence=1&amp;isAllowed=y\">Aplica\u00e7\u00e3o da kappa-carragenana na s\u00edntese de materiais h\u00edbridos de curcumina natural derivados da incorpora\u00e7\u00e3o de ferro e cobre<\/a> \u2013 01\/03\/2023<\/li>\n<li data-start=\"0\" data-end=\"2477\">BRENDA APARECIDA MARTINELI FRAGOSO \u2013 <a href=\"https:\/\/guaiaca.ufpel.edu.br\/bitstream\/handle\/prefix\/9527\/Dissertacao_Brenda%20Aparecida%20Martineli%20Fragoso.pdf?sequence=1&amp;isAllowed=y\">An\u00e1lise te\u00f3rica-experimental das propriedades eletr\u00f4nicas e estruturais da perovskita de haleto<\/a> Cs\u2082AgSbCl\u2086 \u2013 27\/02\/2023<\/li>\n<li data-start=\"0\" data-end=\"2477\">CARLOMAGNO GONZALEZ CASTELLI \u2013 <a href=\"https:\/\/guaiaca.ufpel.edu.br\/bitstream\/handle\/prefix\/9528\/Dissertacao_Carlomagno%20Gonzalez%20Castelli.pdf?sequence=1&amp;isAllowed=y\">Acumulador de energia Ni-Fe\/Y sem estruturado com a t\u00e9cnica: grafeno reduzido a laser (LIG) com laser de baixo custo<\/a> \u2013 01\/02\/2023<\/li>\n<\/ol>\n<\/div>\n<\/div>\n<\/div>\n<\/div>\n","protected":false},"excerpt":{"rendered":"<p>ANDRESSA PEGLOW LUDTKE \u2013 Comp\u00f3sito odontol\u00f3gico para impress\u00e3o 3D \u2013 18\/12\/2023 THAM\u00cdRES ALVES DA SILVEIRA \u2013 Fibrocimetos h\u00edbridos refor\u00e7ados com sisal quimicamente tratado e nanoargila \u2013 18\/12\/2023 ANDRIELE LANGE DA ROSA \u2013 Avalia\u00e7\u00e3o da efici\u00eancia fotocatal\u00edtica do ZnO dopado com Cu em rodamina B \u2013 30\/11\/2023 DARWIN DE OLIVEIRA BRUM \u2013 S\u00edntese e caracteriza\u00e7\u00e3o de [&hellip;]<\/p>\n","protected":false},"author":370,"featured_media":0,"parent":490,"menu_order":-8,"comment_status":"closed","ping_status":"closed","template":"","meta":{"jetpack_post_was_ever_published":false,"footnotes":""},"class_list":["post-5051","page","type-page","status-publish","hentry"],"yoast_head":"<!-- This site is optimized with the Yoast SEO plugin v26.7 - https:\/\/yoast.com\/wordpress\/plugins\/seo\/ -->\n<title>2023 &#8211; Programa de P\u00f3s-Gradua\u00e7\u00e3o em Ci\u00eancia e Engenharia de Materiais<\/title>\n<meta name=\"robots\" content=\"index, follow, max-snippet:-1, max-image-preview:large, max-video-preview:-1\" \/>\n<link rel=\"canonical\" href=\"https:\/\/wp.ufpel.edu.br\/ppgcem\/pt\/dissertacoes-e-teses\/dissertacoes\/2023-2\/\" \/>\n<meta property=\"og:locale\" content=\"pt_BR\" \/>\n<meta property=\"og:type\" content=\"article\" \/>\n<meta property=\"og:title\" content=\"2023 &#8211; Programa de P\u00f3s-Gradua\u00e7\u00e3o em Ci\u00eancia e Engenharia de Materiais\" \/>\n<meta property=\"og:description\" content=\"ANDRESSA PEGLOW LUDTKE \u2013 Comp\u00f3sito odontol\u00f3gico para impress\u00e3o 3D \u2013 18\/12\/2023 THAM\u00cdRES ALVES DA SILVEIRA \u2013 Fibrocimetos h\u00edbridos refor\u00e7ados com sisal quimicamente tratado e nanoargila \u2013 18\/12\/2023 ANDRIELE LANGE DA ROSA \u2013 Avalia\u00e7\u00e3o da efici\u00eancia fotocatal\u00edtica do ZnO dopado com Cu em rodamina B \u2013 30\/11\/2023 DARWIN DE OLIVEIRA BRUM \u2013 S\u00edntese e caracteriza\u00e7\u00e3o de [&hellip;]\" \/>\n<meta property=\"og:url\" content=\"https:\/\/wp.ufpel.edu.br\/ppgcem\/pt\/dissertacoes-e-teses\/dissertacoes\/2023-2\/\" \/>\n<meta property=\"og:site_name\" content=\"Programa de P\u00f3s-Gradua\u00e7\u00e3o em Ci\u00eancia e Engenharia de Materiais\" \/>\n<meta name=\"twitter:card\" content=\"summary_large_image\" \/>\n<meta name=\"twitter:label1\" content=\"Est. tempo de leitura\" \/>\n\t<meta name=\"twitter:data1\" content=\"2 minutos\" \/>\n<script type=\"application\/ld+json\" class=\"yoast-schema-graph\">{\"@context\":\"https:\/\/schema.org\",\"@graph\":[{\"@type\":\"WebPage\",\"@id\":\"https:\/\/wp.ufpel.edu.br\/ppgcem\/pt\/dissertacoes-e-teses\/dissertacoes\/2023-2\/\",\"url\":\"https:\/\/wp.ufpel.edu.br\/ppgcem\/pt\/dissertacoes-e-teses\/dissertacoes\/2023-2\/\",\"name\":\"2023 &#8211; Programa de P\u00f3s-Gradua\u00e7\u00e3o em Ci\u00eancia e Engenharia de Materiais\",\"isPartOf\":{\"@id\":\"https:\/\/wp.ufpel.edu.br\/ppgcem\/pt\/#website\"},\"datePublished\":\"2025-03-17T19:26:38+00:00\",\"breadcrumb\":{\"@id\":\"https:\/\/wp.ufpel.edu.br\/ppgcem\/pt\/dissertacoes-e-teses\/dissertacoes\/2023-2\/#breadcrumb\"},\"inLanguage\":\"pt-BR\",\"potentialAction\":[{\"@type\":\"ReadAction\",\"target\":[\"https:\/\/wp.ufpel.edu.br\/ppgcem\/pt\/dissertacoes-e-teses\/dissertacoes\/2023-2\/\"]}]},{\"@type\":\"BreadcrumbList\",\"@id\":\"https:\/\/wp.ufpel.edu.br\/ppgcem\/pt\/dissertacoes-e-teses\/dissertacoes\/2023-2\/#breadcrumb\",\"itemListElement\":[{\"@type\":\"ListItem\",\"position\":1,\"name\":\"In\u00edcio\",\"item\":\"https:\/\/wp.ufpel.edu.br\/ppgcem\/pt\/\"},{\"@type\":\"ListItem\",\"position\":2,\"name\":\"Disserta\u00e7\u00f5es e Teses\",\"item\":\"https:\/\/wp.ufpel.edu.br\/ppgcem\/pt\/dissertacoes-e-teses\/\"},{\"@type\":\"ListItem\",\"position\":3,\"name\":\"Disserta\u00e7\u00f5es\",\"item\":\"https:\/\/wp.ufpel.edu.br\/ppgcem\/pt\/dissertacoes-e-teses\/dissertacoes\/\"},{\"@type\":\"ListItem\",\"position\":4,\"name\":\"2023\"}]},{\"@type\":\"WebSite\",\"@id\":\"https:\/\/wp.ufpel.edu.br\/ppgcem\/pt\/#website\",\"url\":\"https:\/\/wp.ufpel.edu.br\/ppgcem\/pt\/\",\"name\":\"Programa de P\u00f3s-Gradua\u00e7\u00e3o em Ci\u00eancia e Engenharia de Materiais\",\"description\":\"\",\"potentialAction\":[{\"@type\":\"SearchAction\",\"target\":{\"@type\":\"EntryPoint\",\"urlTemplate\":\"https:\/\/wp.ufpel.edu.br\/ppgcem\/pt\/?s={search_term_string}\"},\"query-input\":{\"@type\":\"PropertyValueSpecification\",\"valueRequired\":true,\"valueName\":\"search_term_string\"}}],\"inLanguage\":\"pt-BR\"}]}<\/script>\n<!-- \/ Yoast SEO plugin. -->","yoast_head_json":{"title":"2023 &#8211; Programa de P\u00f3s-Gradua\u00e7\u00e3o em Ci\u00eancia e Engenharia de Materiais","robots":{"index":"index","follow":"follow","max-snippet":"max-snippet:-1","max-image-preview":"max-image-preview:large","max-video-preview":"max-video-preview:-1"},"canonical":"https:\/\/wp.ufpel.edu.br\/ppgcem\/pt\/dissertacoes-e-teses\/dissertacoes\/2023-2\/","og_locale":"pt_BR","og_type":"article","og_title":"2023 &#8211; Programa de P\u00f3s-Gradua\u00e7\u00e3o em Ci\u00eancia e Engenharia de Materiais","og_description":"ANDRESSA PEGLOW LUDTKE \u2013 Comp\u00f3sito odontol\u00f3gico para impress\u00e3o 3D \u2013 18\/12\/2023 THAM\u00cdRES ALVES DA SILVEIRA \u2013 Fibrocimetos h\u00edbridos refor\u00e7ados com sisal quimicamente tratado e nanoargila \u2013 18\/12\/2023 ANDRIELE LANGE DA ROSA \u2013 Avalia\u00e7\u00e3o da efici\u00eancia fotocatal\u00edtica do ZnO dopado com Cu em rodamina B \u2013 30\/11\/2023 DARWIN DE OLIVEIRA BRUM \u2013 S\u00edntese e caracteriza\u00e7\u00e3o de [&hellip;]","og_url":"https:\/\/wp.ufpel.edu.br\/ppgcem\/pt\/dissertacoes-e-teses\/dissertacoes\/2023-2\/","og_site_name":"Programa de P\u00f3s-Gradua\u00e7\u00e3o em Ci\u00eancia e Engenharia de Materiais","twitter_card":"summary_large_image","twitter_misc":{"Est. tempo de leitura":"2 minutos"},"schema":{"@context":"https:\/\/schema.org","@graph":[{"@type":"WebPage","@id":"https:\/\/wp.ufpel.edu.br\/ppgcem\/pt\/dissertacoes-e-teses\/dissertacoes\/2023-2\/","url":"https:\/\/wp.ufpel.edu.br\/ppgcem\/pt\/dissertacoes-e-teses\/dissertacoes\/2023-2\/","name":"2023 &#8211; Programa de P\u00f3s-Gradua\u00e7\u00e3o em Ci\u00eancia e Engenharia de Materiais","isPartOf":{"@id":"https:\/\/wp.ufpel.edu.br\/ppgcem\/pt\/#website"},"datePublished":"2025-03-17T19:26:38+00:00","breadcrumb":{"@id":"https:\/\/wp.ufpel.edu.br\/ppgcem\/pt\/dissertacoes-e-teses\/dissertacoes\/2023-2\/#breadcrumb"},"inLanguage":"pt-BR","potentialAction":[{"@type":"ReadAction","target":["https:\/\/wp.ufpel.edu.br\/ppgcem\/pt\/dissertacoes-e-teses\/dissertacoes\/2023-2\/"]}]},{"@type":"BreadcrumbList","@id":"https:\/\/wp.ufpel.edu.br\/ppgcem\/pt\/dissertacoes-e-teses\/dissertacoes\/2023-2\/#breadcrumb","itemListElement":[{"@type":"ListItem","position":1,"name":"In\u00edcio","item":"https:\/\/wp.ufpel.edu.br\/ppgcem\/pt\/"},{"@type":"ListItem","position":2,"name":"Disserta\u00e7\u00f5es e Teses","item":"https:\/\/wp.ufpel.edu.br\/ppgcem\/pt\/dissertacoes-e-teses\/"},{"@type":"ListItem","position":3,"name":"Disserta\u00e7\u00f5es","item":"https:\/\/wp.ufpel.edu.br\/ppgcem\/pt\/dissertacoes-e-teses\/dissertacoes\/"},{"@type":"ListItem","position":4,"name":"2023"}]},{"@type":"WebSite","@id":"https:\/\/wp.ufpel.edu.br\/ppgcem\/pt\/#website","url":"https:\/\/wp.ufpel.edu.br\/ppgcem\/pt\/","name":"Programa de P\u00f3s-Gradua\u00e7\u00e3o em Ci\u00eancia e Engenharia de Materiais","description":"","potentialAction":[{"@type":"SearchAction","target":{"@type":"EntryPoint","urlTemplate":"https:\/\/wp.ufpel.edu.br\/ppgcem\/pt\/?s={search_term_string}"},"query-input":{"@type":"PropertyValueSpecification","valueRequired":true,"valueName":"search_term_string"}}],"inLanguage":"pt-BR"}]}},"jetpack_sharing_enabled":true,"jetpack_shortlink":"https:\/\/wp.me\/P8zk0j-1jt","_links":{"self":[{"href":"https:\/\/wp.ufpel.edu.br\/ppgcem\/wp-json\/wp\/v2\/pages\/5051","targetHints":{"allow":["GET"]}}],"collection":[{"href":"https:\/\/wp.ufpel.edu.br\/ppgcem\/wp-json\/wp\/v2\/pages"}],"about":[{"href":"https:\/\/wp.ufpel.edu.br\/ppgcem\/wp-json\/wp\/v2\/types\/page"}],"author":[{"embeddable":true,"href":"https:\/\/wp.ufpel.edu.br\/ppgcem\/wp-json\/wp\/v2\/users\/370"}],"replies":[{"embeddable":true,"href":"https:\/\/wp.ufpel.edu.br\/ppgcem\/wp-json\/wp\/v2\/comments?post=5051"}],"version-history":[{"count":1,"href":"https:\/\/wp.ufpel.edu.br\/ppgcem\/wp-json\/wp\/v2\/pages\/5051\/revisions"}],"predecessor-version":[{"id":5053,"href":"https:\/\/wp.ufpel.edu.br\/ppgcem\/wp-json\/wp\/v2\/pages\/5051\/revisions\/5053"}],"up":[{"embeddable":true,"href":"https:\/\/wp.ufpel.edu.br\/ppgcem\/wp-json\/wp\/v2\/pages\/490"}],"wp:attachment":[{"href":"https:\/\/wp.ufpel.edu.br\/ppgcem\/wp-json\/wp\/v2\/media?parent=5051"}],"curies":[{"name":"wp","href":"https:\/\/api.w.org\/{rel}","templated":true}]}}