{"id":5048,"date":"2025-03-17T16:00:08","date_gmt":"2025-03-17T19:00:08","guid":{"rendered":"https:\/\/wp.ufpel.edu.br\/ppgcem\/?page_id=5048"},"modified":"2025-03-17T16:00:08","modified_gmt":"2025-03-17T19:00:08","slug":"2022-2","status":"publish","type":"page","link":"https:\/\/wp.ufpel.edu.br\/ppgcem\/dissertacoes-e-teses\/dissertacoes\/2022-2\/","title":{"rendered":"2022"},"content":{"rendered":"<ol>\n<li><strong data-start=\"63\" data-end=\"99\">Richard Gustavo Pereira Gonz\u00e1lez<\/strong> \u2013 <a href=\"https:\/\/guaiaca.ufpel.edu.br\/bitstream\/handle\/prefix\/9803\/DISSERTACAO_RICHARD%20GUSTAVO%20PEREIRA%20GONZALEZ.pdf?sequence=1&amp;isAllowed=y\">Estudo dos filmes finos de heterojun\u00e7\u00e3o de V2O5:WO3 pela t\u00e9cnica dip-coating<\/a> \u2013 16\/12\/2022<\/li>\n<li><strong data-start=\"196\" data-end=\"229\">Marco Antonio Muniz Fernandes<\/strong> \u2013 <a href=\"https:\/\/guaiaca.ufpel.edu.br\/bitstream\/handle\/prefix\/9117\/Dissertacao_Marco_Antonio_Muniz_Fernandes.pdf?sequence=1&amp;isAllowed=y\">An\u00e1lise da qualidade da madeira de h\u00edbridos de <em data-start=\"279\" data-end=\"289\">Corymbia<\/em> para a produ\u00e7\u00e3o de celulose kraft<\/a> \u2013 08\/12\/2022<\/li>\n<li><strong data-start=\"341\" data-end=\"380\">Pedro Henrique Santaliestra e Silva<\/strong> \u2013 <a href=\"https:\/\/guaiaca.ufpel.edu.br\/bitstream\/handle\/prefix\/9119\/Dissertacao_Pedro%20Henrique%20Santaliestra%20e%20Silva.pdf?sequence=1&amp;isAllowed=y\">Estudo da degrada\u00e7\u00e3o de blendas contendo materiais biodegrad\u00e1veis em solo controlado<\/a> \u2013 07\/12\/2022<\/li>\n<li><strong data-start=\"485\" data-end=\"510\">Bruna Bicca Fernandes<\/strong> \u2013 <a href=\"https:\/\/guaiaca.ufpel.edu.br\/bitstream\/handle\/prefix\/9115\/Dissertacao_Bruna%20Bicca%20Fernandes.pdf?sequence=1&amp;isAllowed=y\">Produ\u00e7\u00e3o de comp\u00f3sitos sustent\u00e1veis usando res\u00edduos lignocelul\u00f3sicos e polietileno verde<\/a> \u2013 18\/11\/2022<\/li>\n<li><strong data-start=\"619\" data-end=\"648\">Bruno Silva do Nascimento<\/strong> \u2013 <a href=\"https:\/\/guaiaca.ufpel.edu.br\/bitstream\/handle\/prefix\/9116\/Dissertacao_Bruno%20Silva%20do%20Nascimento.pdf?sequence=1&amp;isAllowed=y\">Propriedades tecnol\u00f3gicas da madeira <em data-start=\"688\" data-end=\"708\">Eucalyptus grandis<\/em> impregnada com nanofluidos de s\u00edlica<\/a> \u2013 16\/11\/2022<\/li>\n<li><strong data-start=\"763\" data-end=\"794\">Marcely Echeverria Oliveira<\/strong> \u2013 <a href=\"https:\/\/guaiaca.ufpel.edu.br\/bitstream\/handle\/prefix\/8576\/Disertacao_Marcely_Echeverria_Oliveira.pdf?sequence=1&amp;isAllowed=y\">Biossensor eletroqu\u00edmico \u00e0 base de grafeno induzido a laser para diagn\u00f3stico da COVID-19: detec\u00e7\u00e3o de anticorpos biomarcadores anti-SARS-CoV-2<\/a> \u2013 29\/07\/2022<\/li>\n<li><strong data-start=\"957\" data-end=\"981\">Rosinei Silva Santos<\/strong> \u2013 <a href=\"https:\/\/guaiaca.ufpel.edu.br\/bitstream\/handle\/prefix\/8631\/Dissertacao_Rosinei_Silva_Santos.pdf?sequence=1&amp;isAllowed=y\">Estudo do potencial da celite como material adsorvente de impurezas em biodiesel<\/a> \u2013 25\/07\/2022<\/li>\n<li><strong data-start=\"1082\" data-end=\"1113\">Alencar Ribeiro de Oliveira<\/strong> \u2013 <a href=\"https:\/\/guaiaca.ufpel.edu.br\/bitstream\/handle\/prefix\/8577\/Dissertacao_Alencar_Ibeiro_de_Oliveira.pdf?sequence=1&amp;isAllowed=y\">Uso de dregs em substitui\u00e7\u00e3o da cal hidratada em argamassas mistas de revestimento<\/a> \u2013 08\/04\/2022<\/li>\n<li><strong data-start=\"1216\" data-end=\"1252\">Augusto Henrique Gombar Oliveira<\/strong> \u2013 <a href=\"https:\/\/guaiaca.ufpel.edu.br\/bitstream\/handle\/prefix\/8585\/Dissertacao_Augusto_Henrique_Gombar_Oliveira.pdf?sequence=1&amp;isAllowed=y\">Comp\u00f3sitos de estruturas sandu\u00edche de fibra de carbono e <em data-start=\"1312\" data-end=\"1323\">honeycomb<\/em> em matriz ep\u00f3xi aditivada com nanol\u00e2minas de grafite expandida<\/a> \u2013 30\/03\/2022<\/li>\n<li><strong data-start=\"1404\" data-end=\"1431\">Arthur Behenck Aramburu<\/strong> \u2013 <a href=\"https:\/\/guaiaca.ufpel.edu.br\/bitstream\/handle\/prefix\/8273\/dissertacao_arthur_behenck_aramburu.pdf?sequence=1&amp;isAllowed=y\">Matriz ciment\u00edcia refor\u00e7ada com celulose microfibrilada tratada com \u00e1lcool furfur\u00edlico<\/a> \u2013 21\/02\/2022<\/li>\n<li><strong data-start=\"1538\" data-end=\"1565\">Josiane Pinheiro Farias<\/strong> \u2013 <a href=\"https:\/\/guaiaca.ufpel.edu.br\/bitstream\/handle\/prefix\/9802\/Dissertacao_JOSIANE%20PINHEIRO%20FARIAS.pdf?sequence=1&amp;isAllowed=y\">Biotecnologias aplicadas \u00e0 produ\u00e7\u00e3o de bio-\u00f3leo e biodiesel a partir de baga\u00e7o de cana-de-a\u00e7\u00facar<\/a> \u2013 18\/02\/2022<\/li>\n<li><strong data-start=\"1682\" data-end=\"1708\">Kelvin Techera Barbosa<\/strong> \u2013 <a href=\"https:\/\/guaiaca.ufpel.edu.br\/bitstream\/handle\/prefix\/8274\/DISSERTACAO_KELVIN_TECHERA_BARBOSA.pdf?sequence=1&amp;isAllowed=y\">Processo kraft de polpa\u00e7\u00e3o de <em data-start=\"1741\" data-end=\"1761\">Eucalyptus grandis<\/em> para a obten\u00e7\u00e3o de madeira transparente<\/a> \u2013 17\/02\/2022<\/li>\n<li><strong data-start=\"1819\" data-end=\"1847\">Arthur Baumhardt Guidoti<\/strong> \u2013 <a href=\"https:\/\/guaiaca.ufpel.edu.br\/bitstream\/handle\/prefix\/8272\/Dissertacao_Arthur_Baumhardt_Guidoti.pdf?sequence=1&amp;isAllowed=y\">Avalia\u00e7\u00e3o de concentradores de tens\u00e3o em madeiras s\u00f3lidas furadas<\/a> \u2013 03\/02\/2022<\/li>\n<\/ol>\n","protected":false},"excerpt":{"rendered":"<p>Richard Gustavo Pereira Gonz\u00e1lez \u2013 Estudo dos filmes finos de heterojun\u00e7\u00e3o de V2O5:WO3 pela t\u00e9cnica dip-coating \u2013 16\/12\/2022 Marco Antonio Muniz Fernandes \u2013 An\u00e1lise da qualidade da madeira de h\u00edbridos de Corymbia para a produ\u00e7\u00e3o de celulose kraft \u2013 08\/12\/2022 Pedro Henrique Santaliestra e Silva \u2013 Estudo da degrada\u00e7\u00e3o de blendas contendo materiais biodegrad\u00e1veis em [&hellip;]<\/p>\n","protected":false},"author":370,"featured_media":0,"parent":490,"menu_order":-7,"comment_status":"closed","ping_status":"closed","template":"","meta":{"jetpack_post_was_ever_published":false,"footnotes":""},"class_list":["post-5048","page","type-page","status-publish","hentry"],"yoast_head":"<!-- This site is optimized with the Yoast SEO plugin v26.7 - https:\/\/yoast.com\/wordpress\/plugins\/seo\/ -->\n<title>2022 &#8211; Programa de P\u00f3s-Gradua\u00e7\u00e3o em Ci\u00eancia e Engenharia de Materiais<\/title>\n<meta name=\"robots\" content=\"index, follow, max-snippet:-1, max-image-preview:large, max-video-preview:-1\" \/>\n<link rel=\"canonical\" href=\"https:\/\/wp.ufpel.edu.br\/ppgcem\/pt\/dissertacoes-e-teses\/dissertacoes\/2022-2\/\" \/>\n<meta property=\"og:locale\" content=\"pt_BR\" \/>\n<meta property=\"og:type\" content=\"article\" \/>\n<meta property=\"og:title\" content=\"2022 &#8211; Programa de P\u00f3s-Gradua\u00e7\u00e3o em Ci\u00eancia e Engenharia de Materiais\" \/>\n<meta property=\"og:description\" content=\"Richard Gustavo Pereira Gonz\u00e1lez \u2013 Estudo dos filmes finos de heterojun\u00e7\u00e3o de V2O5:WO3 pela t\u00e9cnica dip-coating \u2013 16\/12\/2022 Marco Antonio Muniz Fernandes \u2013 An\u00e1lise da qualidade da madeira de h\u00edbridos de Corymbia para a produ\u00e7\u00e3o de celulose kraft \u2013 08\/12\/2022 Pedro Henrique Santaliestra e Silva \u2013 Estudo da degrada\u00e7\u00e3o de blendas contendo materiais biodegrad\u00e1veis em [&hellip;]\" \/>\n<meta property=\"og:url\" content=\"https:\/\/wp.ufpel.edu.br\/ppgcem\/pt\/dissertacoes-e-teses\/dissertacoes\/2022-2\/\" \/>\n<meta property=\"og:site_name\" content=\"Programa de P\u00f3s-Gradua\u00e7\u00e3o em Ci\u00eancia e Engenharia de Materiais\" \/>\n<meta name=\"twitter:card\" content=\"summary_large_image\" \/>\n<meta name=\"twitter:label1\" content=\"Est. tempo de leitura\" \/>\n\t<meta name=\"twitter:data1\" content=\"2 minutos\" \/>\n<script type=\"application\/ld+json\" class=\"yoast-schema-graph\">{\"@context\":\"https:\/\/schema.org\",\"@graph\":[{\"@type\":\"WebPage\",\"@id\":\"https:\/\/wp.ufpel.edu.br\/ppgcem\/pt\/dissertacoes-e-teses\/dissertacoes\/2022-2\/\",\"url\":\"https:\/\/wp.ufpel.edu.br\/ppgcem\/pt\/dissertacoes-e-teses\/dissertacoes\/2022-2\/\",\"name\":\"2022 &#8211; Programa de P\u00f3s-Gradua\u00e7\u00e3o em Ci\u00eancia e Engenharia de Materiais\",\"isPartOf\":{\"@id\":\"https:\/\/wp.ufpel.edu.br\/ppgcem\/pt\/#website\"},\"datePublished\":\"2025-03-17T19:00:08+00:00\",\"breadcrumb\":{\"@id\":\"https:\/\/wp.ufpel.edu.br\/ppgcem\/pt\/dissertacoes-e-teses\/dissertacoes\/2022-2\/#breadcrumb\"},\"inLanguage\":\"pt-BR\",\"potentialAction\":[{\"@type\":\"ReadAction\",\"target\":[\"https:\/\/wp.ufpel.edu.br\/ppgcem\/pt\/dissertacoes-e-teses\/dissertacoes\/2022-2\/\"]}]},{\"@type\":\"BreadcrumbList\",\"@id\":\"https:\/\/wp.ufpel.edu.br\/ppgcem\/pt\/dissertacoes-e-teses\/dissertacoes\/2022-2\/#breadcrumb\",\"itemListElement\":[{\"@type\":\"ListItem\",\"position\":1,\"name\":\"In\u00edcio\",\"item\":\"https:\/\/wp.ufpel.edu.br\/ppgcem\/pt\/\"},{\"@type\":\"ListItem\",\"position\":2,\"name\":\"Disserta\u00e7\u00f5es e Teses\",\"item\":\"https:\/\/wp.ufpel.edu.br\/ppgcem\/pt\/dissertacoes-e-teses\/\"},{\"@type\":\"ListItem\",\"position\":3,\"name\":\"Disserta\u00e7\u00f5es\",\"item\":\"https:\/\/wp.ufpel.edu.br\/ppgcem\/pt\/dissertacoes-e-teses\/dissertacoes\/\"},{\"@type\":\"ListItem\",\"position\":4,\"name\":\"2022\"}]},{\"@type\":\"WebSite\",\"@id\":\"https:\/\/wp.ufpel.edu.br\/ppgcem\/pt\/#website\",\"url\":\"https:\/\/wp.ufpel.edu.br\/ppgcem\/pt\/\",\"name\":\"Programa de P\u00f3s-Gradua\u00e7\u00e3o em Ci\u00eancia e Engenharia de Materiais\",\"description\":\"\",\"potentialAction\":[{\"@type\":\"SearchAction\",\"target\":{\"@type\":\"EntryPoint\",\"urlTemplate\":\"https:\/\/wp.ufpel.edu.br\/ppgcem\/pt\/?s={search_term_string}\"},\"query-input\":{\"@type\":\"PropertyValueSpecification\",\"valueRequired\":true,\"valueName\":\"search_term_string\"}}],\"inLanguage\":\"pt-BR\"}]}<\/script>\n<!-- \/ Yoast SEO plugin. -->","yoast_head_json":{"title":"2022 &#8211; Programa de P\u00f3s-Gradua\u00e7\u00e3o em Ci\u00eancia e Engenharia de Materiais","robots":{"index":"index","follow":"follow","max-snippet":"max-snippet:-1","max-image-preview":"max-image-preview:large","max-video-preview":"max-video-preview:-1"},"canonical":"https:\/\/wp.ufpel.edu.br\/ppgcem\/pt\/dissertacoes-e-teses\/dissertacoes\/2022-2\/","og_locale":"pt_BR","og_type":"article","og_title":"2022 &#8211; Programa de P\u00f3s-Gradua\u00e7\u00e3o em Ci\u00eancia e Engenharia de Materiais","og_description":"Richard Gustavo Pereira Gonz\u00e1lez \u2013 Estudo dos filmes finos de heterojun\u00e7\u00e3o de V2O5:WO3 pela t\u00e9cnica dip-coating \u2013 16\/12\/2022 Marco Antonio Muniz Fernandes \u2013 An\u00e1lise da qualidade da madeira de h\u00edbridos de Corymbia para a produ\u00e7\u00e3o de celulose kraft \u2013 08\/12\/2022 Pedro Henrique Santaliestra e Silva \u2013 Estudo da degrada\u00e7\u00e3o de blendas contendo materiais biodegrad\u00e1veis em [&hellip;]","og_url":"https:\/\/wp.ufpel.edu.br\/ppgcem\/pt\/dissertacoes-e-teses\/dissertacoes\/2022-2\/","og_site_name":"Programa de P\u00f3s-Gradua\u00e7\u00e3o em Ci\u00eancia e Engenharia de Materiais","twitter_card":"summary_large_image","twitter_misc":{"Est. tempo de leitura":"2 minutos"},"schema":{"@context":"https:\/\/schema.org","@graph":[{"@type":"WebPage","@id":"https:\/\/wp.ufpel.edu.br\/ppgcem\/pt\/dissertacoes-e-teses\/dissertacoes\/2022-2\/","url":"https:\/\/wp.ufpel.edu.br\/ppgcem\/pt\/dissertacoes-e-teses\/dissertacoes\/2022-2\/","name":"2022 &#8211; Programa de P\u00f3s-Gradua\u00e7\u00e3o em Ci\u00eancia e Engenharia de Materiais","isPartOf":{"@id":"https:\/\/wp.ufpel.edu.br\/ppgcem\/pt\/#website"},"datePublished":"2025-03-17T19:00:08+00:00","breadcrumb":{"@id":"https:\/\/wp.ufpel.edu.br\/ppgcem\/pt\/dissertacoes-e-teses\/dissertacoes\/2022-2\/#breadcrumb"},"inLanguage":"pt-BR","potentialAction":[{"@type":"ReadAction","target":["https:\/\/wp.ufpel.edu.br\/ppgcem\/pt\/dissertacoes-e-teses\/dissertacoes\/2022-2\/"]}]},{"@type":"BreadcrumbList","@id":"https:\/\/wp.ufpel.edu.br\/ppgcem\/pt\/dissertacoes-e-teses\/dissertacoes\/2022-2\/#breadcrumb","itemListElement":[{"@type":"ListItem","position":1,"name":"In\u00edcio","item":"https:\/\/wp.ufpel.edu.br\/ppgcem\/pt\/"},{"@type":"ListItem","position":2,"name":"Disserta\u00e7\u00f5es e Teses","item":"https:\/\/wp.ufpel.edu.br\/ppgcem\/pt\/dissertacoes-e-teses\/"},{"@type":"ListItem","position":3,"name":"Disserta\u00e7\u00f5es","item":"https:\/\/wp.ufpel.edu.br\/ppgcem\/pt\/dissertacoes-e-teses\/dissertacoes\/"},{"@type":"ListItem","position":4,"name":"2022"}]},{"@type":"WebSite","@id":"https:\/\/wp.ufpel.edu.br\/ppgcem\/pt\/#website","url":"https:\/\/wp.ufpel.edu.br\/ppgcem\/pt\/","name":"Programa de P\u00f3s-Gradua\u00e7\u00e3o em Ci\u00eancia e Engenharia de Materiais","description":"","potentialAction":[{"@type":"SearchAction","target":{"@type":"EntryPoint","urlTemplate":"https:\/\/wp.ufpel.edu.br\/ppgcem\/pt\/?s={search_term_string}"},"query-input":{"@type":"PropertyValueSpecification","valueRequired":true,"valueName":"search_term_string"}}],"inLanguage":"pt-BR"}]}},"jetpack_sharing_enabled":true,"jetpack_shortlink":"https:\/\/wp.me\/P8zk0j-1jq","_links":{"self":[{"href":"https:\/\/wp.ufpel.edu.br\/ppgcem\/wp-json\/wp\/v2\/pages\/5048","targetHints":{"allow":["GET"]}}],"collection":[{"href":"https:\/\/wp.ufpel.edu.br\/ppgcem\/wp-json\/wp\/v2\/pages"}],"about":[{"href":"https:\/\/wp.ufpel.edu.br\/ppgcem\/wp-json\/wp\/v2\/types\/page"}],"author":[{"embeddable":true,"href":"https:\/\/wp.ufpel.edu.br\/ppgcem\/wp-json\/wp\/v2\/users\/370"}],"replies":[{"embeddable":true,"href":"https:\/\/wp.ufpel.edu.br\/ppgcem\/wp-json\/wp\/v2\/comments?post=5048"}],"version-history":[{"count":1,"href":"https:\/\/wp.ufpel.edu.br\/ppgcem\/wp-json\/wp\/v2\/pages\/5048\/revisions"}],"predecessor-version":[{"id":5050,"href":"https:\/\/wp.ufpel.edu.br\/ppgcem\/wp-json\/wp\/v2\/pages\/5048\/revisions\/5050"}],"up":[{"embeddable":true,"href":"https:\/\/wp.ufpel.edu.br\/ppgcem\/wp-json\/wp\/v2\/pages\/490"}],"wp:attachment":[{"href":"https:\/\/wp.ufpel.edu.br\/ppgcem\/wp-json\/wp\/v2\/media?parent=5048"}],"curies":[{"name":"wp","href":"https:\/\/api.w.org\/{rel}","templated":true}]}}