{"id":5045,"date":"2025-03-17T15:46:41","date_gmt":"2025-03-17T18:46:41","guid":{"rendered":"https:\/\/wp.ufpel.edu.br\/ppgcem\/?page_id=5045"},"modified":"2025-03-17T15:46:41","modified_gmt":"2025-03-17T18:46:41","slug":"2021-2","status":"publish","type":"page","link":"https:\/\/wp.ufpel.edu.br\/ppgcem\/dissertacoes-e-teses\/dissertacoes\/2021-2\/","title":{"rendered":"2021"},"content":{"rendered":"<ol>\n<li><strong data-start=\"52\" data-end=\"80\">Gabriel Monteiro Cholant<\/strong> \u2013 <a href=\"https:\/\/guaiaca.ufpel.edu.br\/bitstream\/handle\/prefix\/8059\/Dissertacao_Gabriel_Monteiro_Cholant.pdf?sequence=1&amp;isAllowed=y\">Filmes de \u00e1lcool polivin\u00edlico refor\u00e7ado com nanocelulose proveniente da casca de arroz<\/a> \u2013 27\/09\/2021<\/li>\n<li><strong data-start=\"187\" data-end=\"211\">Kassia Pecan\u00e3 Vieira<\/strong> \u2013 <a href=\"https:\/\/guaiaca.ufpel.edu.br\/bitstream\/handle\/prefix\/8060\/Dissertacao_Kassia_Pecanha_Vieira.pdf?sequence=1&amp;isAllowed=y\">Obten\u00e7\u00e3o e caracteriza\u00e7\u00e3o de comp\u00f3sitos sustent\u00e1veis de polietileno verde refor\u00e7ados com casca de ovos e bio-CaCO3<\/a> \u2013 23\/08\/2021<\/li>\n<li><strong data-start=\"346\" data-end=\"377\">Alexandre de Mattos Machado<\/strong> \u2013 <a href=\"https:\/\/guaiaca.ufpel.edu.br\/handle\/prefix\/12810?show=full\">Identifica\u00e7\u00e3o de coca\u00edna e seus adulterantes em impress\u00f5es digitais latentes reveladas com tiocarbamoil pirazol utilizando molde de silicone<\/a> \u2013 20\/08\/2021<\/li>\n<li><strong data-start=\"538\" data-end=\"568\">Alexandra Augusta Reichert<\/strong> \u2013 <a href=\"https:\/\/guaiaca.ufpel.edu.br\/bitstream\/handle\/prefix\/8057\/dissertacao_Alexandra_Reichert.pdf?sequence=1&amp;isAllowed=y\">Filmes biodegrad\u00e1veis \u00e0 base de amido de milho incorporados com celulose obtida a partir da coroa do abacaxi<\/a> \u2013 03\/08\/2021<\/li>\n<li><strong data-start=\"697\" data-end=\"727\">Ricardo Ripoli de Medeiros<\/strong> \u2013 <a href=\"https:\/\/guaiaca.ufpel.edu.br\/bitstream\/handle\/prefix\/7919\/Dissertacao_Ricardo_Rippol_de_Medeiros.pdf?sequence=1&amp;isAllowed=y\">Efeitos do tratamento t\u00e9rmico e do intemperismo na resist\u00eancia aos cupins de uma madeira de r\u00e1pido crescimento<\/a> \u2013 01\/06\/2021<\/li>\n<li><strong data-start=\"858\" data-end=\"882\">Paola Gay dos Santos<\/strong> \u2013 I<a href=\"https:\/\/guaiaca.ufpel.edu.br\/bitstream\/handle\/prefix\/9118\/Dissertacao_Paola%20Gay%20dos%20Santos.pdf?sequence=1&amp;isAllowed=y\">nvestiga\u00e7\u00e3o estrutural e morfol\u00f3gica do sistema zirconato f\u00e9rrico de b\u00e1rio para aplica\u00e7\u00e3o em c\u00e9lulas solares<\/a> \u2013 20\/05\/2021<\/li>\n<li><strong data-start=\"1012\" data-end=\"1028\">Tais Poletti<\/strong> \u2013 <a href=\"https:\/\/guaiaca.ufpel.edu.br\/bitstream\/handle\/prefix\/7920\/Dissertacao_Ta%c3%ads_Poletti.pdf?sequence=1&amp;isAllowed=y\">Avalia\u00e7\u00e3o qu\u00edmica e aplica\u00e7\u00e3o de curcuminas derivadas de cinamalde\u00eddo como potenciais reveladores de impress\u00f5es digitais<\/a> \u2013 05\/03\/2021<\/li>\n<li><strong data-start=\"1169\" data-end=\"1194\">Fabio Calcagno Riemke<\/strong> \u2013 <a href=\"https:\/\/guaiaca.ufpel.edu.br\/bitstream\/handle\/prefix\/8058\/Dissertacao_Fabio_Calcagno_Riemke.pdf?sequence=1&amp;isAllowed=y\">SrTiO3@Nb2O5 produzido por s\u00edntese solvot\u00e9rmica assistida por micro-ondas para degrada\u00e7\u00e3o de corantes t\u00eaxteis<\/a> \u2013 01\/03\/2021<\/li>\n<li><strong data-start=\"1324\" data-end=\"1348\">Luana Uszacki Kruger<\/strong> \u2013 <a href=\"https:\/\/repositorio.ufpel.edu.br\/bitstream\/handle\/prefix\/14799\/Disserta%c3%a7%c3%a3o%20LUANA%20USZACKI%20KRUGER.pdf?sequence=1&amp;isAllowed=y\">A influ\u00eancia dos \u00edons de l\u00edtio: Caracteriza\u00e7\u00f5es eletroqu\u00edmicas, \u00f3pticas, morfol\u00f3gicas e estruturais de filmes finos de MoO3 e MoO3:Li+<\/a> \u2013 15\/02\/2021<\/li>\n<\/ol>\n","protected":false},"excerpt":{"rendered":"<p>Gabriel Monteiro Cholant \u2013 Filmes de \u00e1lcool polivin\u00edlico refor\u00e7ado com nanocelulose proveniente da casca de arroz \u2013 27\/09\/2021 Kassia Pecan\u00e3 Vieira \u2013 Obten\u00e7\u00e3o e caracteriza\u00e7\u00e3o de comp\u00f3sitos sustent\u00e1veis de polietileno verde refor\u00e7ados com casca de ovos e bio-CaCO3 \u2013 23\/08\/2021 Alexandre de Mattos Machado \u2013 Identifica\u00e7\u00e3o de coca\u00edna e seus adulterantes em impress\u00f5es digitais latentes [&hellip;]<\/p>\n","protected":false},"author":370,"featured_media":0,"parent":490,"menu_order":-6,"comment_status":"closed","ping_status":"closed","template":"","meta":{"jetpack_post_was_ever_published":false,"footnotes":""},"class_list":["post-5045","page","type-page","status-publish","hentry"],"yoast_head":"<!-- This site is optimized with the Yoast SEO plugin v26.7 - https:\/\/yoast.com\/wordpress\/plugins\/seo\/ -->\n<title>2021 &#8211; Programa de P\u00f3s-Gradua\u00e7\u00e3o em Ci\u00eancia e Engenharia de Materiais<\/title>\n<meta name=\"robots\" content=\"index, follow, max-snippet:-1, max-image-preview:large, max-video-preview:-1\" \/>\n<link rel=\"canonical\" href=\"https:\/\/wp.ufpel.edu.br\/ppgcem\/pt\/dissertacoes-e-teses\/dissertacoes\/2021-2\/\" \/>\n<meta property=\"og:locale\" content=\"pt_BR\" \/>\n<meta property=\"og:type\" content=\"article\" \/>\n<meta property=\"og:title\" content=\"2021 &#8211; Programa de P\u00f3s-Gradua\u00e7\u00e3o em Ci\u00eancia e Engenharia de Materiais\" \/>\n<meta property=\"og:description\" content=\"Gabriel Monteiro Cholant \u2013 Filmes de \u00e1lcool polivin\u00edlico refor\u00e7ado com nanocelulose proveniente da casca de arroz \u2013 27\/09\/2021 Kassia Pecan\u00e3 Vieira \u2013 Obten\u00e7\u00e3o e caracteriza\u00e7\u00e3o de comp\u00f3sitos sustent\u00e1veis de polietileno verde refor\u00e7ados com casca de ovos e bio-CaCO3 \u2013 23\/08\/2021 Alexandre de Mattos Machado \u2013 Identifica\u00e7\u00e3o de coca\u00edna e seus adulterantes em impress\u00f5es digitais latentes [&hellip;]\" \/>\n<meta property=\"og:url\" content=\"https:\/\/wp.ufpel.edu.br\/ppgcem\/pt\/dissertacoes-e-teses\/dissertacoes\/2021-2\/\" \/>\n<meta property=\"og:site_name\" content=\"Programa de P\u00f3s-Gradua\u00e7\u00e3o em Ci\u00eancia e Engenharia de Materiais\" \/>\n<meta name=\"twitter:card\" content=\"summary_large_image\" \/>\n<meta name=\"twitter:label1\" content=\"Est. tempo de leitura\" \/>\n\t<meta name=\"twitter:data1\" content=\"2 minutos\" \/>\n<script type=\"application\/ld+json\" class=\"yoast-schema-graph\">{\"@context\":\"https:\/\/schema.org\",\"@graph\":[{\"@type\":\"WebPage\",\"@id\":\"https:\/\/wp.ufpel.edu.br\/ppgcem\/pt\/dissertacoes-e-teses\/dissertacoes\/2021-2\/\",\"url\":\"https:\/\/wp.ufpel.edu.br\/ppgcem\/pt\/dissertacoes-e-teses\/dissertacoes\/2021-2\/\",\"name\":\"2021 &#8211; Programa de P\u00f3s-Gradua\u00e7\u00e3o em Ci\u00eancia e Engenharia de Materiais\",\"isPartOf\":{\"@id\":\"https:\/\/wp.ufpel.edu.br\/ppgcem\/pt\/#website\"},\"datePublished\":\"2025-03-17T18:46:41+00:00\",\"breadcrumb\":{\"@id\":\"https:\/\/wp.ufpel.edu.br\/ppgcem\/pt\/dissertacoes-e-teses\/dissertacoes\/2021-2\/#breadcrumb\"},\"inLanguage\":\"pt-BR\",\"potentialAction\":[{\"@type\":\"ReadAction\",\"target\":[\"https:\/\/wp.ufpel.edu.br\/ppgcem\/pt\/dissertacoes-e-teses\/dissertacoes\/2021-2\/\"]}]},{\"@type\":\"BreadcrumbList\",\"@id\":\"https:\/\/wp.ufpel.edu.br\/ppgcem\/pt\/dissertacoes-e-teses\/dissertacoes\/2021-2\/#breadcrumb\",\"itemListElement\":[{\"@type\":\"ListItem\",\"position\":1,\"name\":\"In\u00edcio\",\"item\":\"https:\/\/wp.ufpel.edu.br\/ppgcem\/pt\/\"},{\"@type\":\"ListItem\",\"position\":2,\"name\":\"Disserta\u00e7\u00f5es e Teses\",\"item\":\"https:\/\/wp.ufpel.edu.br\/ppgcem\/pt\/dissertacoes-e-teses\/\"},{\"@type\":\"ListItem\",\"position\":3,\"name\":\"Disserta\u00e7\u00f5es\",\"item\":\"https:\/\/wp.ufpel.edu.br\/ppgcem\/pt\/dissertacoes-e-teses\/dissertacoes\/\"},{\"@type\":\"ListItem\",\"position\":4,\"name\":\"2021\"}]},{\"@type\":\"WebSite\",\"@id\":\"https:\/\/wp.ufpel.edu.br\/ppgcem\/pt\/#website\",\"url\":\"https:\/\/wp.ufpel.edu.br\/ppgcem\/pt\/\",\"name\":\"Programa de P\u00f3s-Gradua\u00e7\u00e3o em Ci\u00eancia e Engenharia de Materiais\",\"description\":\"\",\"potentialAction\":[{\"@type\":\"SearchAction\",\"target\":{\"@type\":\"EntryPoint\",\"urlTemplate\":\"https:\/\/wp.ufpel.edu.br\/ppgcem\/pt\/?s={search_term_string}\"},\"query-input\":{\"@type\":\"PropertyValueSpecification\",\"valueRequired\":true,\"valueName\":\"search_term_string\"}}],\"inLanguage\":\"pt-BR\"}]}<\/script>\n<!-- \/ Yoast SEO plugin. -->","yoast_head_json":{"title":"2021 &#8211; Programa de P\u00f3s-Gradua\u00e7\u00e3o em Ci\u00eancia e Engenharia de Materiais","robots":{"index":"index","follow":"follow","max-snippet":"max-snippet:-1","max-image-preview":"max-image-preview:large","max-video-preview":"max-video-preview:-1"},"canonical":"https:\/\/wp.ufpel.edu.br\/ppgcem\/pt\/dissertacoes-e-teses\/dissertacoes\/2021-2\/","og_locale":"pt_BR","og_type":"article","og_title":"2021 &#8211; Programa de P\u00f3s-Gradua\u00e7\u00e3o em Ci\u00eancia e Engenharia de Materiais","og_description":"Gabriel Monteiro Cholant \u2013 Filmes de \u00e1lcool polivin\u00edlico refor\u00e7ado com nanocelulose proveniente da casca de arroz \u2013 27\/09\/2021 Kassia Pecan\u00e3 Vieira \u2013 Obten\u00e7\u00e3o e caracteriza\u00e7\u00e3o de comp\u00f3sitos sustent\u00e1veis de polietileno verde refor\u00e7ados com casca de ovos e bio-CaCO3 \u2013 23\/08\/2021 Alexandre de Mattos Machado \u2013 Identifica\u00e7\u00e3o de coca\u00edna e seus adulterantes em impress\u00f5es digitais latentes [&hellip;]","og_url":"https:\/\/wp.ufpel.edu.br\/ppgcem\/pt\/dissertacoes-e-teses\/dissertacoes\/2021-2\/","og_site_name":"Programa de P\u00f3s-Gradua\u00e7\u00e3o em Ci\u00eancia e Engenharia de Materiais","twitter_card":"summary_large_image","twitter_misc":{"Est. tempo de leitura":"2 minutos"},"schema":{"@context":"https:\/\/schema.org","@graph":[{"@type":"WebPage","@id":"https:\/\/wp.ufpel.edu.br\/ppgcem\/pt\/dissertacoes-e-teses\/dissertacoes\/2021-2\/","url":"https:\/\/wp.ufpel.edu.br\/ppgcem\/pt\/dissertacoes-e-teses\/dissertacoes\/2021-2\/","name":"2021 &#8211; Programa de P\u00f3s-Gradua\u00e7\u00e3o em Ci\u00eancia e Engenharia de Materiais","isPartOf":{"@id":"https:\/\/wp.ufpel.edu.br\/ppgcem\/pt\/#website"},"datePublished":"2025-03-17T18:46:41+00:00","breadcrumb":{"@id":"https:\/\/wp.ufpel.edu.br\/ppgcem\/pt\/dissertacoes-e-teses\/dissertacoes\/2021-2\/#breadcrumb"},"inLanguage":"pt-BR","potentialAction":[{"@type":"ReadAction","target":["https:\/\/wp.ufpel.edu.br\/ppgcem\/pt\/dissertacoes-e-teses\/dissertacoes\/2021-2\/"]}]},{"@type":"BreadcrumbList","@id":"https:\/\/wp.ufpel.edu.br\/ppgcem\/pt\/dissertacoes-e-teses\/dissertacoes\/2021-2\/#breadcrumb","itemListElement":[{"@type":"ListItem","position":1,"name":"In\u00edcio","item":"https:\/\/wp.ufpel.edu.br\/ppgcem\/pt\/"},{"@type":"ListItem","position":2,"name":"Disserta\u00e7\u00f5es e Teses","item":"https:\/\/wp.ufpel.edu.br\/ppgcem\/pt\/dissertacoes-e-teses\/"},{"@type":"ListItem","position":3,"name":"Disserta\u00e7\u00f5es","item":"https:\/\/wp.ufpel.edu.br\/ppgcem\/pt\/dissertacoes-e-teses\/dissertacoes\/"},{"@type":"ListItem","position":4,"name":"2021"}]},{"@type":"WebSite","@id":"https:\/\/wp.ufpel.edu.br\/ppgcem\/pt\/#website","url":"https:\/\/wp.ufpel.edu.br\/ppgcem\/pt\/","name":"Programa de P\u00f3s-Gradua\u00e7\u00e3o em Ci\u00eancia e Engenharia de Materiais","description":"","potentialAction":[{"@type":"SearchAction","target":{"@type":"EntryPoint","urlTemplate":"https:\/\/wp.ufpel.edu.br\/ppgcem\/pt\/?s={search_term_string}"},"query-input":{"@type":"PropertyValueSpecification","valueRequired":true,"valueName":"search_term_string"}}],"inLanguage":"pt-BR"}]}},"jetpack_sharing_enabled":true,"jetpack_shortlink":"https:\/\/wp.me\/P8zk0j-1jn","_links":{"self":[{"href":"https:\/\/wp.ufpel.edu.br\/ppgcem\/wp-json\/wp\/v2\/pages\/5045","targetHints":{"allow":["GET"]}}],"collection":[{"href":"https:\/\/wp.ufpel.edu.br\/ppgcem\/wp-json\/wp\/v2\/pages"}],"about":[{"href":"https:\/\/wp.ufpel.edu.br\/ppgcem\/wp-json\/wp\/v2\/types\/page"}],"author":[{"embeddable":true,"href":"https:\/\/wp.ufpel.edu.br\/ppgcem\/wp-json\/wp\/v2\/users\/370"}],"replies":[{"embeddable":true,"href":"https:\/\/wp.ufpel.edu.br\/ppgcem\/wp-json\/wp\/v2\/comments?post=5045"}],"version-history":[{"count":1,"href":"https:\/\/wp.ufpel.edu.br\/ppgcem\/wp-json\/wp\/v2\/pages\/5045\/revisions"}],"predecessor-version":[{"id":5047,"href":"https:\/\/wp.ufpel.edu.br\/ppgcem\/wp-json\/wp\/v2\/pages\/5045\/revisions\/5047"}],"up":[{"embeddable":true,"href":"https:\/\/wp.ufpel.edu.br\/ppgcem\/wp-json\/wp\/v2\/pages\/490"}],"wp:attachment":[{"href":"https:\/\/wp.ufpel.edu.br\/ppgcem\/wp-json\/wp\/v2\/media?parent=5045"}],"curies":[{"name":"wp","href":"https:\/\/api.w.org\/{rel}","templated":true}]}}