{"id":5042,"date":"2025-03-17T15:39:03","date_gmt":"2025-03-17T18:39:03","guid":{"rendered":"https:\/\/wp.ufpel.edu.br\/ppgcem\/?page_id=5042"},"modified":"2025-03-17T15:39:03","modified_gmt":"2025-03-17T18:39:03","slug":"2020-2","status":"publish","type":"page","link":"https:\/\/wp.ufpel.edu.br\/ppgcem\/dissertacoes-e-teses\/dissertacoes\/2020-2\/","title":{"rendered":"2020"},"content":{"rendered":"<ol>\n<li><strong data-start=\"52\" data-end=\"77\">Carina Beleia Antunes<\/strong> \u2013 <a href=\"https:\/\/guaiaca.ufpel.edu.br\/bitstream\/handle\/prefix\/7918\/Dissertacao_Carina_Beleia_Antunes.pdf?sequence=1&amp;isAllowed=y\">An\u00e1lise do uso de gr\u00e3os da areia de britagem de origem gran\u00edtica na produ\u00e7\u00e3o de argamassas de revestimento<\/a> \u2013 30\/12\/2020<\/li>\n<li><strong data-start=\"204\" data-end=\"228\">Luan Ferreira Passos<\/strong> \u2013 Avalia\u00e7\u00e3o e caracteriza\u00e7\u00e3o de algas marinhas como materiais reveladores de impress\u00f5es digitais latentes: Uma perspectiva forense \u2013 08\/12\/2020<\/li>\n<li><strong data-start=\"377\" data-end=\"402\">Luiza Ribeiro Santana<\/strong> \u2013 <a href=\"https:\/\/guaiaca.ufpel.edu.br\/bitstream\/handle\/prefix\/14800\/Disserta%c3%a7%c3%a3o%20Luiza%20Ribeiro%20Santana.pdf?sequence=1&amp;isAllowed=y\">Nanocomp\u00f3sito \u00e0 base de celulose e \u00f3xido de zinco obtido via s\u00edntese hidrot\u00e9rmica assistida por micro-ondas para aplica\u00e7\u00f5es antimicrobianas<\/a> \u2013 20\/11\/2020<\/li>\n<li><strong data-start=\"562\" data-end=\"587\">Andrey Pereira Acosta<\/strong> \u2013 <a href=\"https:\/\/www.oasisbr.ibict.br\/vufind\/Record\/BRCRIS_071f6b9739f38e01f0b0462562876cd2\">Comp\u00f3sitos madeira-pol\u00edmero produzidos por polimeriza\u00e7\u00e3o in situ nos lenhos juvenil e adulto de Pinus<\/a> \u2013 24\/08\/2020<\/li>\n<li><strong data-start=\"709\" data-end=\"739\">Daiane Fernandes Gon\u00e7alves<\/strong> \u2013 <a href=\"https:\/\/guaiaca.ufpel.edu.br\/bitstream\/handle\/prefix\/14759\/DISSERTA%c3%87%c3%83O%20DAIANE%20FERNANDES%20GONCALVES.pdf?sequence=1&amp;isAllowed=y\">S\u00edntese de nanofios de niobato de s\u00f3dio (NaNbO3) pelo m\u00e9todo hidrot\u00e9rmico assistido por micro-ondas e sua atividade fotocatal\u00edtica<\/a> \u2013 07\/08\/2020<\/li>\n<li><strong data-start=\"890\" data-end=\"915\">Gabriel Henryque Abib<\/strong> \u2013 <a href=\"https:\/\/guaiaca.ufpel.edu.br\/bitstream\/handle\/prefix\/14760\/Disserta%c3%a7%c3%a3o%20Gabriel%20Henryque%20Abib.pdf?sequence=1&amp;isAllowed=y\">Transforma\u00e7\u00e3o de vidro de janela em biovitro-cer\u00e2mica<\/a> \u2013 22\/05\/2020<\/li>\n<li><strong data-start=\"989\" data-end=\"1029\">Gabriela Escobar Hochmuller da Silva<\/strong> \u2013 <a href=\"https:\/\/repositorio.ufpel.edu.br\/bitstream\/handle\/prefix\/14761\/Disserta%c3%a7%c3%a3o%20GABRIELA%20ESCOBAR%20HOCHMULLER%20DA%20SILVA.pdf?sequence=1&amp;isAllowed=y\">Blendas de PC\/ABS refor\u00e7adas com nanotubos de carbono crescidos por DQV em argila esmectita modificada<\/a> \u2013 31\/03\/2020<\/li>\n<li><strong data-start=\"1152\" data-end=\"1177\">Tanyse Parada Sampaio<\/strong> \u2013 <a href=\"https:\/\/guaiaca.ufpel.edu.br\/bitstream\/handle\/prefix\/14803\/Disserta%c3%a7%c3%a3o%20TANYSE%20PARADA%20SAMPAIO.pdf?sequence=1&amp;isAllowed=y\">Obten\u00e7\u00e3o de \u00f3xido de grafeno reduzido a partir de reutiza\u00e7\u00e3o de vedantes \u00e0 base de compostos fen\u00f3licos de folhas de jambol\u00e3o (<em data-start=\"1306\" data-end=\"1323\">Syzygium cumini<\/em>)<\/a> \u2013 02\/03\/2020<\/li>\n<li><strong data-start=\"1342\" data-end=\"1368\">Leandro Lemos de Peres<\/strong> \u2013<a href=\"https:\/\/guaiaca.ufpel.edu.br\/bitstream\/handle\/prefix\/8277\/Dissertacao_Leandro_lemos_de_peres.pdf?sequence=1&amp;isAllowed=y\"> Propriedades \u00f3pto-eletroqu\u00edmicas de filmes finos de V2O5 e V2O5:ZnO para utiliza\u00e7\u00e3o em dispositivos eletrocr\u00f4micos<\/a> \u2013 27\/02\/2020<\/li>\n<li><strong data-start=\"1503\" data-end=\"1522\">Laise Guerreiro<\/strong> \u2013 <a href=\"https:\/\/guaiaca.ufpel.edu.br\/bitstream\/handle\/prefix\/14763\/Disserta%c3%a7%c3%a3o%20La%c3%adse%20Guerreiro.pdf?sequence=1&amp;isAllowed=y\">Fracionamento e epoxida\u00e7\u00e3o da lignina organosolv<\/a> \u2013 17\/02\/2020<\/li>\n<\/ol>\n","protected":false},"excerpt":{"rendered":"<p>Carina Beleia Antunes \u2013 An\u00e1lise do uso de gr\u00e3os da areia de britagem de origem gran\u00edtica na produ\u00e7\u00e3o de argamassas de revestimento \u2013 30\/12\/2020 Luan Ferreira Passos \u2013 Avalia\u00e7\u00e3o e caracteriza\u00e7\u00e3o de algas marinhas como materiais reveladores de impress\u00f5es digitais latentes: Uma perspectiva forense \u2013 08\/12\/2020 Luiza Ribeiro Santana \u2013 Nanocomp\u00f3sito \u00e0 base de celulose [&hellip;]<\/p>\n","protected":false},"author":370,"featured_media":0,"parent":490,"menu_order":-5,"comment_status":"closed","ping_status":"closed","template":"","meta":{"jetpack_post_was_ever_published":false,"footnotes":""},"class_list":["post-5042","page","type-page","status-publish","hentry"],"yoast_head":"<!-- This site is optimized with the Yoast SEO plugin v26.7 - https:\/\/yoast.com\/wordpress\/plugins\/seo\/ -->\n<title>2020 &#8211; Programa de P\u00f3s-Gradua\u00e7\u00e3o em Ci\u00eancia e Engenharia de Materiais<\/title>\n<meta name=\"robots\" content=\"index, follow, max-snippet:-1, max-image-preview:large, max-video-preview:-1\" \/>\n<link rel=\"canonical\" href=\"https:\/\/wp.ufpel.edu.br\/ppgcem\/pt\/dissertacoes-e-teses\/dissertacoes\/2020-2\/\" \/>\n<meta property=\"og:locale\" content=\"pt_BR\" \/>\n<meta property=\"og:type\" content=\"article\" \/>\n<meta property=\"og:title\" content=\"2020 &#8211; Programa de P\u00f3s-Gradua\u00e7\u00e3o em Ci\u00eancia e Engenharia de Materiais\" \/>\n<meta property=\"og:description\" content=\"Carina Beleia Antunes \u2013 An\u00e1lise do uso de gr\u00e3os da areia de britagem de origem gran\u00edtica na produ\u00e7\u00e3o de argamassas de revestimento \u2013 30\/12\/2020 Luan Ferreira Passos \u2013 Avalia\u00e7\u00e3o e caracteriza\u00e7\u00e3o de algas marinhas como materiais reveladores de impress\u00f5es digitais latentes: Uma perspectiva forense \u2013 08\/12\/2020 Luiza Ribeiro Santana \u2013 Nanocomp\u00f3sito \u00e0 base de celulose [&hellip;]\" \/>\n<meta property=\"og:url\" content=\"https:\/\/wp.ufpel.edu.br\/ppgcem\/pt\/dissertacoes-e-teses\/dissertacoes\/2020-2\/\" \/>\n<meta property=\"og:site_name\" content=\"Programa de P\u00f3s-Gradua\u00e7\u00e3o em Ci\u00eancia e Engenharia de Materiais\" \/>\n<meta name=\"twitter:card\" content=\"summary_large_image\" \/>\n<meta name=\"twitter:label1\" content=\"Est. tempo de leitura\" \/>\n\t<meta name=\"twitter:data1\" content=\"2 minutos\" \/>\n<script type=\"application\/ld+json\" class=\"yoast-schema-graph\">{\"@context\":\"https:\/\/schema.org\",\"@graph\":[{\"@type\":\"WebPage\",\"@id\":\"https:\/\/wp.ufpel.edu.br\/ppgcem\/pt\/dissertacoes-e-teses\/dissertacoes\/2020-2\/\",\"url\":\"https:\/\/wp.ufpel.edu.br\/ppgcem\/pt\/dissertacoes-e-teses\/dissertacoes\/2020-2\/\",\"name\":\"2020 &#8211; Programa de P\u00f3s-Gradua\u00e7\u00e3o em Ci\u00eancia e Engenharia de Materiais\",\"isPartOf\":{\"@id\":\"https:\/\/wp.ufpel.edu.br\/ppgcem\/pt\/#website\"},\"datePublished\":\"2025-03-17T18:39:03+00:00\",\"breadcrumb\":{\"@id\":\"https:\/\/wp.ufpel.edu.br\/ppgcem\/pt\/dissertacoes-e-teses\/dissertacoes\/2020-2\/#breadcrumb\"},\"inLanguage\":\"pt-BR\",\"potentialAction\":[{\"@type\":\"ReadAction\",\"target\":[\"https:\/\/wp.ufpel.edu.br\/ppgcem\/pt\/dissertacoes-e-teses\/dissertacoes\/2020-2\/\"]}]},{\"@type\":\"BreadcrumbList\",\"@id\":\"https:\/\/wp.ufpel.edu.br\/ppgcem\/pt\/dissertacoes-e-teses\/dissertacoes\/2020-2\/#breadcrumb\",\"itemListElement\":[{\"@type\":\"ListItem\",\"position\":1,\"name\":\"In\u00edcio\",\"item\":\"https:\/\/wp.ufpel.edu.br\/ppgcem\/pt\/\"},{\"@type\":\"ListItem\",\"position\":2,\"name\":\"Disserta\u00e7\u00f5es e Teses\",\"item\":\"https:\/\/wp.ufpel.edu.br\/ppgcem\/pt\/dissertacoes-e-teses\/\"},{\"@type\":\"ListItem\",\"position\":3,\"name\":\"Disserta\u00e7\u00f5es\",\"item\":\"https:\/\/wp.ufpel.edu.br\/ppgcem\/pt\/dissertacoes-e-teses\/dissertacoes\/\"},{\"@type\":\"ListItem\",\"position\":4,\"name\":\"2020\"}]},{\"@type\":\"WebSite\",\"@id\":\"https:\/\/wp.ufpel.edu.br\/ppgcem\/pt\/#website\",\"url\":\"https:\/\/wp.ufpel.edu.br\/ppgcem\/pt\/\",\"name\":\"Programa de P\u00f3s-Gradua\u00e7\u00e3o em Ci\u00eancia e Engenharia de Materiais\",\"description\":\"\",\"potentialAction\":[{\"@type\":\"SearchAction\",\"target\":{\"@type\":\"EntryPoint\",\"urlTemplate\":\"https:\/\/wp.ufpel.edu.br\/ppgcem\/pt\/?s={search_term_string}\"},\"query-input\":{\"@type\":\"PropertyValueSpecification\",\"valueRequired\":true,\"valueName\":\"search_term_string\"}}],\"inLanguage\":\"pt-BR\"}]}<\/script>\n<!-- \/ Yoast SEO plugin. -->","yoast_head_json":{"title":"2020 &#8211; Programa de P\u00f3s-Gradua\u00e7\u00e3o em Ci\u00eancia e Engenharia de Materiais","robots":{"index":"index","follow":"follow","max-snippet":"max-snippet:-1","max-image-preview":"max-image-preview:large","max-video-preview":"max-video-preview:-1"},"canonical":"https:\/\/wp.ufpel.edu.br\/ppgcem\/pt\/dissertacoes-e-teses\/dissertacoes\/2020-2\/","og_locale":"pt_BR","og_type":"article","og_title":"2020 &#8211; Programa de P\u00f3s-Gradua\u00e7\u00e3o em Ci\u00eancia e Engenharia de Materiais","og_description":"Carina Beleia Antunes \u2013 An\u00e1lise do uso de gr\u00e3os da areia de britagem de origem gran\u00edtica na produ\u00e7\u00e3o de argamassas de revestimento \u2013 30\/12\/2020 Luan Ferreira Passos \u2013 Avalia\u00e7\u00e3o e caracteriza\u00e7\u00e3o de algas marinhas como materiais reveladores de impress\u00f5es digitais latentes: Uma perspectiva forense \u2013 08\/12\/2020 Luiza Ribeiro Santana \u2013 Nanocomp\u00f3sito \u00e0 base de celulose [&hellip;]","og_url":"https:\/\/wp.ufpel.edu.br\/ppgcem\/pt\/dissertacoes-e-teses\/dissertacoes\/2020-2\/","og_site_name":"Programa de P\u00f3s-Gradua\u00e7\u00e3o em Ci\u00eancia e Engenharia de Materiais","twitter_card":"summary_large_image","twitter_misc":{"Est. tempo de leitura":"2 minutos"},"schema":{"@context":"https:\/\/schema.org","@graph":[{"@type":"WebPage","@id":"https:\/\/wp.ufpel.edu.br\/ppgcem\/pt\/dissertacoes-e-teses\/dissertacoes\/2020-2\/","url":"https:\/\/wp.ufpel.edu.br\/ppgcem\/pt\/dissertacoes-e-teses\/dissertacoes\/2020-2\/","name":"2020 &#8211; Programa de P\u00f3s-Gradua\u00e7\u00e3o em Ci\u00eancia e Engenharia de Materiais","isPartOf":{"@id":"https:\/\/wp.ufpel.edu.br\/ppgcem\/pt\/#website"},"datePublished":"2025-03-17T18:39:03+00:00","breadcrumb":{"@id":"https:\/\/wp.ufpel.edu.br\/ppgcem\/pt\/dissertacoes-e-teses\/dissertacoes\/2020-2\/#breadcrumb"},"inLanguage":"pt-BR","potentialAction":[{"@type":"ReadAction","target":["https:\/\/wp.ufpel.edu.br\/ppgcem\/pt\/dissertacoes-e-teses\/dissertacoes\/2020-2\/"]}]},{"@type":"BreadcrumbList","@id":"https:\/\/wp.ufpel.edu.br\/ppgcem\/pt\/dissertacoes-e-teses\/dissertacoes\/2020-2\/#breadcrumb","itemListElement":[{"@type":"ListItem","position":1,"name":"In\u00edcio","item":"https:\/\/wp.ufpel.edu.br\/ppgcem\/pt\/"},{"@type":"ListItem","position":2,"name":"Disserta\u00e7\u00f5es e Teses","item":"https:\/\/wp.ufpel.edu.br\/ppgcem\/pt\/dissertacoes-e-teses\/"},{"@type":"ListItem","position":3,"name":"Disserta\u00e7\u00f5es","item":"https:\/\/wp.ufpel.edu.br\/ppgcem\/pt\/dissertacoes-e-teses\/dissertacoes\/"},{"@type":"ListItem","position":4,"name":"2020"}]},{"@type":"WebSite","@id":"https:\/\/wp.ufpel.edu.br\/ppgcem\/pt\/#website","url":"https:\/\/wp.ufpel.edu.br\/ppgcem\/pt\/","name":"Programa de P\u00f3s-Gradua\u00e7\u00e3o em Ci\u00eancia e Engenharia de Materiais","description":"","potentialAction":[{"@type":"SearchAction","target":{"@type":"EntryPoint","urlTemplate":"https:\/\/wp.ufpel.edu.br\/ppgcem\/pt\/?s={search_term_string}"},"query-input":{"@type":"PropertyValueSpecification","valueRequired":true,"valueName":"search_term_string"}}],"inLanguage":"pt-BR"}]}},"jetpack_sharing_enabled":true,"jetpack_shortlink":"https:\/\/wp.me\/P8zk0j-1jk","_links":{"self":[{"href":"https:\/\/wp.ufpel.edu.br\/ppgcem\/wp-json\/wp\/v2\/pages\/5042","targetHints":{"allow":["GET"]}}],"collection":[{"href":"https:\/\/wp.ufpel.edu.br\/ppgcem\/wp-json\/wp\/v2\/pages"}],"about":[{"href":"https:\/\/wp.ufpel.edu.br\/ppgcem\/wp-json\/wp\/v2\/types\/page"}],"author":[{"embeddable":true,"href":"https:\/\/wp.ufpel.edu.br\/ppgcem\/wp-json\/wp\/v2\/users\/370"}],"replies":[{"embeddable":true,"href":"https:\/\/wp.ufpel.edu.br\/ppgcem\/wp-json\/wp\/v2\/comments?post=5042"}],"version-history":[{"count":1,"href":"https:\/\/wp.ufpel.edu.br\/ppgcem\/wp-json\/wp\/v2\/pages\/5042\/revisions"}],"predecessor-version":[{"id":5044,"href":"https:\/\/wp.ufpel.edu.br\/ppgcem\/wp-json\/wp\/v2\/pages\/5042\/revisions\/5044"}],"up":[{"embeddable":true,"href":"https:\/\/wp.ufpel.edu.br\/ppgcem\/wp-json\/wp\/v2\/pages\/490"}],"wp:attachment":[{"href":"https:\/\/wp.ufpel.edu.br\/ppgcem\/wp-json\/wp\/v2\/media?parent=5042"}],"curies":[{"name":"wp","href":"https:\/\/api.w.org\/{rel}","templated":true}]}}