{"id":4922,"date":"2024-09-25T16:31:07","date_gmt":"2024-09-25T19:31:07","guid":{"rendered":"https:\/\/wp.ufpel.edu.br\/ppgcem\/?page_id=4922"},"modified":"2025-03-17T16:36:00","modified_gmt":"2025-03-17T19:36:00","slug":"2022-2","status":"publish","type":"page","link":"https:\/\/wp.ufpel.edu.br\/ppgcem\/dissertacoes-e-teses\/teses\/2022-2\/","title":{"rendered":"2022"},"content":{"rendered":"<table style=\"height: 1492px;\" width=\"826\">\n<tbody>\n<tr style=\"height: 76px;\">\n<td style=\"width: 251px; height: 76px;\" width=\"359\"><strong>T\u00edtulo<\/strong><\/td>\n<td style=\"width: 214px; height: 76px;\" width=\"185\"><strong>Autor<\/strong><\/td>\n<td style=\"width: 145px; height: 76px;\" width=\"174\"><strong>Orientador<\/strong><\/td>\n<td style=\"width: 92px; height: 76px;\"><strong>Data da Defesa<\/strong><\/td>\n<\/tr>\n<tr style=\"height: 99px;\">\n<td style=\"width: 251px; height: 99px;\" width=\"359\"><a href=\"https:\/\/guaiaca.ufpel.edu.br\/bitstream\/prefix\/4831\/1\/Dissertacao_Vitor_Goetzke.pdf\">An\u00e1lise estat\u00edstica de processos para a otimiza\u00e7\u00e3o de fotoeletrodos aplicados em c\u00e9lulas solares sensibilizadas por corante<\/a><\/td>\n<td style=\"width: 214px; height: 99px;\" width=\"185\">VITOR GOETZKE<\/td>\n<td style=\"width: 145px; height: 99px;\" width=\"174\">CRISTIANE WIENKE RAUBACH<\/td>\n<td style=\"width: 92px; height: 99px;\">20\/12\/2022<\/td>\n<\/tr>\n<tr style=\"height: 99px;\">\n<td style=\"width: 251px; height: 99px;\" width=\"359\"><a href=\"https:\/\/guaiaca.ufpel.edu.br\/bitstream\/handle\/prefix\/9121\/Tese_Fernanda%20Mazuco%20Clain.pdf?sequence=1&amp;isAllowed=y\">Estruturas a Base de Carbono como Adsorventes para Remo\u00e7\u00e3o de Contaminantes de Preocupa\u00e7\u00e3o Emergente<\/a><\/td>\n<td style=\"width: 214px; height: 99px;\" width=\"185\">CRISTIANE FERRAZ DE AZEVEDO<\/td>\n<td style=\"width: 145px; height: 99px;\" width=\"174\">FERNANDO MACHADO MACHADO<\/td>\n<td style=\"width: 92px; height: 99px;\">19\/12\/2022<\/td>\n<\/tr>\n<tr style=\"height: 121px;\">\n<td style=\"width: 251px; height: 121px;\" width=\"359\">Desenvolvimento de Multifilamentos de Nanotubos de Carbono e Avalia\u00e7\u00e3o de seu Comportamento em Condi\u00e7\u00f5es de Flu\u00eancia e Fadiga<\/td>\n<td style=\"width: 214px; height: 121px;\" width=\"185\">FERNANDA MAZUCO CLAIN<\/td>\n<td style=\"width: 145px; height: 121px;\" width=\"174\">ALICE GONCALVES OSORIO<\/td>\n<td style=\"width: 92px; height: 121px;\">06\/12\/2022<\/td>\n<\/tr>\n<tr style=\"height: 99px;\">\n<td style=\"width: 251px; height: 99px;\" width=\"359\"><a href=\"https:\/\/repositorio.ufpel.edu.br\/bitstream\/handle\/prefix\/9120\/Tese_Cristina%20Lemos%20Goularte.pdf?sequence=1&amp;isAllowed=y\">POTENCIAL DA LAMA DA DRAGAGEM DO PORTO DE RIO GRANDE, RS, NA OBTEN\u00c7\u00c3O DE CER\u00c2MICA ISOLANTE T\u00c9RMICA<\/a><\/td>\n<td style=\"width: 214px; height: 99px;\" width=\"185\">CRISTINA LEMOS GOULARTE<\/td>\n<td style=\"width: 145px; height: 99px;\" width=\"174\">MARGARETE REGINA FREITAS GONCALVES<\/td>\n<td style=\"width: 92px; height: 99px;\">30\/11\/2022<\/td>\n<\/tr>\n<tr style=\"height: 99px;\">\n<td style=\"width: 251px; height: 99px;\" width=\"359\">Nb2O5 aplicado em processos fotocatal\u00edticos de degrada\u00e7\u00e3o da Rodamina B: influ\u00eancia da composi\u00e7\u00e3o, estrutura e m\u00e9todo de s\u00edntese<\/td>\n<td style=\"width: 214px; height: 99px;\" width=\"185\">CATIA LIANE UCKER<\/td>\n<td style=\"width: 145px; height: 99px;\" width=\"174\">SERGIO DA SILVA CAVA<\/td>\n<td style=\"width: 92px; height: 99px;\">19\/08\/2022<\/td>\n<\/tr>\n<tr style=\"height: 76px;\">\n<td style=\"width: 251px; height: 76px;\" width=\"359\">Desenvolvimento de um forno para ensaios termogravim\u00e9tricos controlados<\/td>\n<td style=\"width: 214px; height: 76px;\" width=\"185\">LUCIANO ANACKER LESTON<\/td>\n<td style=\"width: 145px; height: 76px;\" width=\"174\">DARCI ALBERTO GATTO<\/td>\n<td style=\"width: 92px; height: 76px;\">05\/08\/2022<\/td>\n<\/tr>\n<tr style=\"height: 76px;\">\n<td style=\"width: 251px; height: 76px;\" width=\"359\"><a href=\"https:\/\/guaiaca.ufpel.edu.br\/bitstream\/handle\/prefix\/9123\/TESE_NIDRIA%20DIAS%20CRUZ.pdf?sequence=1&amp;isAllowed=y\">S\u00edntese verde de \u00f3xidos de cobre e zinco para preserva\u00e7\u00e3o da madeira de Pinus elliottii<\/a><\/td>\n<td style=\"width: 214px; height: 76px;\" width=\"185\">NIDRIA DIAS CRUZ<\/td>\n<td style=\"width: 145px; height: 76px;\" width=\"174\">DARCI ALBERTO GATTO<\/td>\n<td style=\"width: 92px; height: 76px;\">04\/08\/2022<\/td>\n<\/tr>\n<tr style=\"height: 121px;\">\n<td style=\"width: 251px; height: 121px;\" width=\"359\">CHALCONAS COMO MATERIAL DE PARTIDA PARA PIRAZ\u00d3IS E COMP\u00d3SITOS FLUORESCENTES: REVELADORES DE IMPRESS\u00d5ES DIGITAIS LATENTES<\/td>\n<td style=\"width: 214px; height: 121px;\" width=\"185\">BRUNO NUNES DA ROSA<\/td>\n<td style=\"width: 145px; height: 121px;\" width=\"174\">CLAUDIO MARTIN PEREIRA DE PEREIRA<\/td>\n<td style=\"width: 92px; height: 121px;\">13\/07\/2022<\/td>\n<\/tr>\n<tr style=\"height: 76px;\">\n<td style=\"width: 251px; height: 76px;\" width=\"359\"><a href=\"https:\/\/guaiaca.ufpel.edu.br\/bitstream\/handle\/prefix\/9122\/Tese_Marco%20Paulsen%20Rodrigues.pdf?sequence=1&amp;isAllowed=y\">FILMES FINOS ELETROCR\u00d4MICOS: SIMULA\u00c7\u00c3O DE PROCESSOS DIFUSIONAIS<\/a><\/td>\n<td style=\"width: 214px; height: 76px;\" width=\"185\">MARCO PAULSEN RODRIGUES<\/td>\n<td style=\"width: 145px; height: 76px;\" width=\"174\">CESAR ANTONIO OROPESA AVELLANEDA<\/td>\n<td style=\"width: 92px; height: 76px;\">27\/06\/2022<\/td>\n<\/tr>\n<tr style=\"height: 143px;\">\n<td style=\"width: 251px; height: 143px;\" width=\"359\"><a href=\"https:\/\/guaiaca.ufpel.edu.br\/bitstream\/handle\/prefix\/8578\/Tese_Rogerio_Daltro_Knuth.pdf?sequence=1&amp;isAllowed=y\">Obten\u00e7\u00e3o de Nanofolhas de Grafite Expandido (GNs) Visando \u00e0 Incorpora\u00e7\u00e3o em Eletr\u00f3lito Polim\u00e9rico S\u00f3lido para Potencial uso em C\u00e9lulas Solares Sensibilizadas por Corante<\/a><\/td>\n<td style=\"width: 214px; height: 143px;\" width=\"185\">ROGERIO DALTRO KNUTH<\/td>\n<td style=\"width: 145px; height: 143px;\" width=\"174\">SERGIO DA SILVA CAVA<\/td>\n<td style=\"width: 92px; height: 143px;\">26\/05\/2022<\/td>\n<\/tr>\n<tr style=\"height: 121px;\">\n<td style=\"width: 251px; height: 121px;\" width=\"359\"><a href=\"https:\/\/guaiaca.ufpel.edu.br\/bitstream\/handle\/prefix\/8586\/Tese_Raphael_Balboni.pdf?sequence=1&amp;isAllowed=y\">INFLU\u00caNCIA DO INTEMPERISMO EM FILMES FINOS DE CEO2 E CEO2:V2O5 E ESTUDO DE BIOG\u00c9IS SUSTENT\u00c1VEIS PARA APLICA\u00c7\u00c3O EM DISPOSITIVOS ELETROCR\u00d4MICO<\/a><\/td>\n<td style=\"width: 214px; height: 121px;\" width=\"185\">RAPHAEL DORNELES CALDEIRA BALBONI<\/td>\n<td style=\"width: 145px; height: 121px;\" width=\"174\">ROBSON ANDREAZZA<\/td>\n<td style=\"width: 92px; height: 121px;\">13\/05\/2022<\/td>\n<\/tr>\n<tr style=\"height: 143px;\">\n<td style=\"width: 251px; height: 143px;\" width=\"359\"><a href=\"https:\/\/repositorio.ufpel.edu.br\/bitstream\/handle\/prefix\/8275\/Tese_Jorge_luiz_saes_Bandeira.pdf?sequence=1&amp;isAllowed=y\">Desenvolvimento de um M\u00e9todo para a Avalia\u00e7\u00e3o da Influ\u00eancia do Revestimento Argamassado no Ataque de Cloretos \u00e0s Estruturas de Concreto Saturado e N\u00e3o Saturado<\/a><\/td>\n<td style=\"width: 214px; height: 143px;\" width=\"185\">JORGE LUIZ SAES BANDEIRA<\/td>\n<td style=\"width: 145px; height: 143px;\" width=\"174\">MARGARETE REGINA FREITAS GONCALVES<\/td>\n<td style=\"width: 92px; height: 143px;\">24\/02\/2022<\/td>\n<\/tr>\n<tr style=\"height: 143px;\">\n<td style=\"width: 251px; height: 143px;\" width=\"359\"><a href=\"https:\/\/guaiaca.ufpel.edu.br\/bitstream\/handle\/prefix\/9804\/TESE_Jorge%20Luiz%20Olienik%20Nunes.pdf?sequence=1&amp;isAllowed=y\">AN\u00c1LISE DA INTEGRIDADE DA ARGAMASSA DE SANEAMENTO BRASILEIRA USADA NA RESTAURA\u00c7\u00c3O DO REVESTIMENTO EXTERNO DA CATEDRAL DE S\u00c3O PEDRO, RIO GRANDE, RS, AP\u00d3S 25 ANOS DE APLICA\u00c7\u00c3O<\/a><\/td>\n<td style=\"width: 214px; height: 143px;\" width=\"185\">JORGE LUIZ OLEINIK NUNES<\/td>\n<td style=\"width: 145px; height: 143px;\" width=\"174\">MARGARETE REGINA FREITAS GONCALVES<\/td>\n<td style=\"width: 92px; height: 143px;\">26\/01\/2022<\/td>\n<\/tr>\n<\/tbody>\n<\/table>\n<p>&nbsp;<\/p>\n","protected":false},"excerpt":{"rendered":"<p>T\u00edtulo Autor Orientador Data da Defesa An\u00e1lise estat\u00edstica de processos para a otimiza\u00e7\u00e3o de fotoeletrodos aplicados em c\u00e9lulas solares sensibilizadas por corante VITOR GOETZKE CRISTIANE WIENKE RAUBACH 20\/12\/2022 Estruturas a Base de Carbono como Adsorventes para Remo\u00e7\u00e3o de Contaminantes de Preocupa\u00e7\u00e3o Emergente CRISTIANE FERRAZ DE AZEVEDO FERNANDO MACHADO MACHADO 19\/12\/2022 Desenvolvimento de Multifilamentos de Nanotubos [&hellip;]<\/p>\n","protected":false},"author":370,"featured_media":0,"parent":1741,"menu_order":-6,"comment_status":"closed","ping_status":"closed","template":"","meta":{"jetpack_post_was_ever_published":false,"footnotes":""},"class_list":["post-4922","page","type-page","status-publish","hentry"],"yoast_head":"<!-- This site is optimized with the Yoast SEO plugin v26.7 - https:\/\/yoast.com\/wordpress\/plugins\/seo\/ -->\n<title>2022 &#8211; Programa de P\u00f3s-Gradua\u00e7\u00e3o em Ci\u00eancia e Engenharia de Materiais<\/title>\n<meta name=\"robots\" content=\"index, follow, max-snippet:-1, max-image-preview:large, max-video-preview:-1\" \/>\n<link rel=\"canonical\" href=\"https:\/\/wp.ufpel.edu.br\/ppgcem\/pt\/dissertacoes-e-teses\/teses\/2022-2\/\" \/>\n<meta property=\"og:locale\" content=\"pt_BR\" \/>\n<meta property=\"og:type\" content=\"article\" \/>\n<meta property=\"og:title\" content=\"2022 &#8211; Programa de P\u00f3s-Gradua\u00e7\u00e3o em Ci\u00eancia e Engenharia de Materiais\" \/>\n<meta property=\"og:description\" content=\"T\u00edtulo Autor Orientador Data da Defesa An\u00e1lise estat\u00edstica de processos para a otimiza\u00e7\u00e3o de fotoeletrodos aplicados em c\u00e9lulas solares sensibilizadas por corante VITOR GOETZKE CRISTIANE WIENKE RAUBACH 20\/12\/2022 Estruturas a Base de Carbono como Adsorventes para Remo\u00e7\u00e3o de Contaminantes de Preocupa\u00e7\u00e3o Emergente CRISTIANE FERRAZ DE AZEVEDO FERNANDO MACHADO MACHADO 19\/12\/2022 Desenvolvimento de Multifilamentos de Nanotubos [&hellip;]\" \/>\n<meta property=\"og:url\" content=\"https:\/\/wp.ufpel.edu.br\/ppgcem\/pt\/dissertacoes-e-teses\/teses\/2022-2\/\" \/>\n<meta property=\"og:site_name\" content=\"Programa de P\u00f3s-Gradua\u00e7\u00e3o em Ci\u00eancia e Engenharia de Materiais\" \/>\n<meta property=\"article:modified_time\" content=\"2025-03-17T19:36:00+00:00\" \/>\n<meta name=\"twitter:card\" content=\"summary_large_image\" \/>\n<meta name=\"twitter:label1\" content=\"Est. tempo de leitura\" \/>\n\t<meta name=\"twitter:data1\" content=\"2 minutos\" \/>\n<script type=\"application\/ld+json\" class=\"yoast-schema-graph\">{\"@context\":\"https:\/\/schema.org\",\"@graph\":[{\"@type\":\"WebPage\",\"@id\":\"https:\/\/wp.ufpel.edu.br\/ppgcem\/pt\/dissertacoes-e-teses\/teses\/2022-2\/\",\"url\":\"https:\/\/wp.ufpel.edu.br\/ppgcem\/pt\/dissertacoes-e-teses\/teses\/2022-2\/\",\"name\":\"2022 &#8211; Programa de P\u00f3s-Gradua\u00e7\u00e3o em Ci\u00eancia e Engenharia de Materiais\",\"isPartOf\":{\"@id\":\"https:\/\/wp.ufpel.edu.br\/ppgcem\/pt\/#website\"},\"datePublished\":\"2024-09-25T19:31:07+00:00\",\"dateModified\":\"2025-03-17T19:36:00+00:00\",\"breadcrumb\":{\"@id\":\"https:\/\/wp.ufpel.edu.br\/ppgcem\/pt\/dissertacoes-e-teses\/teses\/2022-2\/#breadcrumb\"},\"inLanguage\":\"pt-BR\",\"potentialAction\":[{\"@type\":\"ReadAction\",\"target\":[\"https:\/\/wp.ufpel.edu.br\/ppgcem\/pt\/dissertacoes-e-teses\/teses\/2022-2\/\"]}]},{\"@type\":\"BreadcrumbList\",\"@id\":\"https:\/\/wp.ufpel.edu.br\/ppgcem\/pt\/dissertacoes-e-teses\/teses\/2022-2\/#breadcrumb\",\"itemListElement\":[{\"@type\":\"ListItem\",\"position\":1,\"name\":\"In\u00edcio\",\"item\":\"https:\/\/wp.ufpel.edu.br\/ppgcem\/pt\/\"},{\"@type\":\"ListItem\",\"position\":2,\"name\":\"Disserta\u00e7\u00f5es e Teses\",\"item\":\"https:\/\/wp.ufpel.edu.br\/ppgcem\/pt\/dissertacoes-e-teses\/\"},{\"@type\":\"ListItem\",\"position\":3,\"name\":\"Teses\",\"item\":\"https:\/\/wp.ufpel.edu.br\/ppgcem\/pt\/dissertacoes-e-teses\/teses\/\"},{\"@type\":\"ListItem\",\"position\":4,\"name\":\"2022\"}]},{\"@type\":\"WebSite\",\"@id\":\"https:\/\/wp.ufpel.edu.br\/ppgcem\/pt\/#website\",\"url\":\"https:\/\/wp.ufpel.edu.br\/ppgcem\/pt\/\",\"name\":\"Programa de P\u00f3s-Gradua\u00e7\u00e3o em Ci\u00eancia e Engenharia de Materiais\",\"description\":\"\",\"potentialAction\":[{\"@type\":\"SearchAction\",\"target\":{\"@type\":\"EntryPoint\",\"urlTemplate\":\"https:\/\/wp.ufpel.edu.br\/ppgcem\/pt\/?s={search_term_string}\"},\"query-input\":{\"@type\":\"PropertyValueSpecification\",\"valueRequired\":true,\"valueName\":\"search_term_string\"}}],\"inLanguage\":\"pt-BR\"}]}<\/script>\n<!-- \/ Yoast SEO plugin. -->","yoast_head_json":{"title":"2022 &#8211; Programa de P\u00f3s-Gradua\u00e7\u00e3o em Ci\u00eancia e Engenharia de Materiais","robots":{"index":"index","follow":"follow","max-snippet":"max-snippet:-1","max-image-preview":"max-image-preview:large","max-video-preview":"max-video-preview:-1"},"canonical":"https:\/\/wp.ufpel.edu.br\/ppgcem\/pt\/dissertacoes-e-teses\/teses\/2022-2\/","og_locale":"pt_BR","og_type":"article","og_title":"2022 &#8211; Programa de P\u00f3s-Gradua\u00e7\u00e3o em Ci\u00eancia e Engenharia de Materiais","og_description":"T\u00edtulo Autor Orientador Data da Defesa An\u00e1lise estat\u00edstica de processos para a otimiza\u00e7\u00e3o de fotoeletrodos aplicados em c\u00e9lulas solares sensibilizadas por corante VITOR GOETZKE CRISTIANE WIENKE RAUBACH 20\/12\/2022 Estruturas a Base de Carbono como Adsorventes para Remo\u00e7\u00e3o de Contaminantes de Preocupa\u00e7\u00e3o Emergente CRISTIANE FERRAZ DE AZEVEDO FERNANDO MACHADO MACHADO 19\/12\/2022 Desenvolvimento de Multifilamentos de Nanotubos [&hellip;]","og_url":"https:\/\/wp.ufpel.edu.br\/ppgcem\/pt\/dissertacoes-e-teses\/teses\/2022-2\/","og_site_name":"Programa de P\u00f3s-Gradua\u00e7\u00e3o em Ci\u00eancia e Engenharia de Materiais","article_modified_time":"2025-03-17T19:36:00+00:00","twitter_card":"summary_large_image","twitter_misc":{"Est. tempo de leitura":"2 minutos"},"schema":{"@context":"https:\/\/schema.org","@graph":[{"@type":"WebPage","@id":"https:\/\/wp.ufpel.edu.br\/ppgcem\/pt\/dissertacoes-e-teses\/teses\/2022-2\/","url":"https:\/\/wp.ufpel.edu.br\/ppgcem\/pt\/dissertacoes-e-teses\/teses\/2022-2\/","name":"2022 &#8211; Programa de P\u00f3s-Gradua\u00e7\u00e3o em Ci\u00eancia e Engenharia de Materiais","isPartOf":{"@id":"https:\/\/wp.ufpel.edu.br\/ppgcem\/pt\/#website"},"datePublished":"2024-09-25T19:31:07+00:00","dateModified":"2025-03-17T19:36:00+00:00","breadcrumb":{"@id":"https:\/\/wp.ufpel.edu.br\/ppgcem\/pt\/dissertacoes-e-teses\/teses\/2022-2\/#breadcrumb"},"inLanguage":"pt-BR","potentialAction":[{"@type":"ReadAction","target":["https:\/\/wp.ufpel.edu.br\/ppgcem\/pt\/dissertacoes-e-teses\/teses\/2022-2\/"]}]},{"@type":"BreadcrumbList","@id":"https:\/\/wp.ufpel.edu.br\/ppgcem\/pt\/dissertacoes-e-teses\/teses\/2022-2\/#breadcrumb","itemListElement":[{"@type":"ListItem","position":1,"name":"In\u00edcio","item":"https:\/\/wp.ufpel.edu.br\/ppgcem\/pt\/"},{"@type":"ListItem","position":2,"name":"Disserta\u00e7\u00f5es e Teses","item":"https:\/\/wp.ufpel.edu.br\/ppgcem\/pt\/dissertacoes-e-teses\/"},{"@type":"ListItem","position":3,"name":"Teses","item":"https:\/\/wp.ufpel.edu.br\/ppgcem\/pt\/dissertacoes-e-teses\/teses\/"},{"@type":"ListItem","position":4,"name":"2022"}]},{"@type":"WebSite","@id":"https:\/\/wp.ufpel.edu.br\/ppgcem\/pt\/#website","url":"https:\/\/wp.ufpel.edu.br\/ppgcem\/pt\/","name":"Programa de P\u00f3s-Gradua\u00e7\u00e3o em Ci\u00eancia e Engenharia de Materiais","description":"","potentialAction":[{"@type":"SearchAction","target":{"@type":"EntryPoint","urlTemplate":"https:\/\/wp.ufpel.edu.br\/ppgcem\/pt\/?s={search_term_string}"},"query-input":{"@type":"PropertyValueSpecification","valueRequired":true,"valueName":"search_term_string"}}],"inLanguage":"pt-BR"}]}},"jetpack_sharing_enabled":true,"jetpack_shortlink":"https:\/\/wp.me\/P8zk0j-1ho","_links":{"self":[{"href":"https:\/\/wp.ufpel.edu.br\/ppgcem\/wp-json\/wp\/v2\/pages\/4922","targetHints":{"allow":["GET"]}}],"collection":[{"href":"https:\/\/wp.ufpel.edu.br\/ppgcem\/wp-json\/wp\/v2\/pages"}],"about":[{"href":"https:\/\/wp.ufpel.edu.br\/ppgcem\/wp-json\/wp\/v2\/types\/page"}],"author":[{"embeddable":true,"href":"https:\/\/wp.ufpel.edu.br\/ppgcem\/wp-json\/wp\/v2\/users\/370"}],"replies":[{"embeddable":true,"href":"https:\/\/wp.ufpel.edu.br\/ppgcem\/wp-json\/wp\/v2\/comments?post=4922"}],"version-history":[{"count":5,"href":"https:\/\/wp.ufpel.edu.br\/ppgcem\/wp-json\/wp\/v2\/pages\/4922\/revisions"}],"predecessor-version":[{"id":4932,"href":"https:\/\/wp.ufpel.edu.br\/ppgcem\/wp-json\/wp\/v2\/pages\/4922\/revisions\/4932"}],"up":[{"embeddable":true,"href":"https:\/\/wp.ufpel.edu.br\/ppgcem\/wp-json\/wp\/v2\/pages\/1741"}],"wp:attachment":[{"href":"https:\/\/wp.ufpel.edu.br\/ppgcem\/wp-json\/wp\/v2\/media?parent=4922"}],"curies":[{"name":"wp","href":"https:\/\/api.w.org\/{rel}","templated":true}]}}