{"id":4912,"date":"2024-09-25T16:16:43","date_gmt":"2024-09-25T19:16:43","guid":{"rendered":"https:\/\/wp.ufpel.edu.br\/ppgcem\/?page_id=4912"},"modified":"2025-03-17T16:35:56","modified_gmt":"2025-03-17T19:35:56","slug":"4912-2","status":"publish","type":"page","link":"https:\/\/wp.ufpel.edu.br\/ppgcem\/dissertacoes-e-teses\/teses\/4912-2\/","title":{"rendered":"2021"},"content":{"rendered":"<table style=\"height: 759px; width: 745px;\" width=\"826\">\n<thead>\n<tr style=\"height: 76px;\">\n<td style=\"height: 76px; width: 322px;\" width=\"331\"><strong>T\u00edtulo<\/strong><\/td>\n<td style=\"height: 76px; width: 138px;\" width=\"198\"><strong>Autor<\/strong><\/td>\n<td style=\"height: 76px; width: 168px;\" width=\"202\"><strong>Orientador<\/strong><\/td>\n<td style=\"height: 76px; width: 117px;\"><strong>Data da Defesa<\/strong><\/td>\n<\/tr>\n<\/thead>\n<tbody>\n<tr style=\"height: 143px;\">\n<td style=\"height: 143px; width: 322px;\" width=\"331\"><a href=\"https:\/\/guaiaca.ufpel.edu.br\/bitstream\/handle\/prefix\/8062\/Tese_Guilherme_Maron_.pdf?sequence=1&amp;isAllowed=y\">Desenvolvimento de microsupercapacitores de grafeno induzido por laser recobertos com sulfeto de n\u00edquel cobalto pelo m\u00e9todo de eletrodeposi\u00e7\u00e3o<\/a><\/td>\n<td style=\"height: 143px; width: 138px;\" width=\"198\">GUILHERME KURZ MARON<\/td>\n<td style=\"height: 143px; width: 168px;\" width=\"202\">NEFTALI LENIN VILLARREAL CARRE\u00d1O<\/td>\n<td style=\"height: 143px; width: 117px;\">19\/07\/2021<\/td>\n<\/tr>\n<tr style=\"height: 76px;\">\n<td style=\"height: 76px; width: 322px;\" width=\"331\"><a href=\"https:\/\/guaiaca.ufpel.edu.br\/bitstream\/handle\/prefix\/7952\/Tese_Debora_Duarte_Ribes.pdf?sequence=1&amp;isAllowed=y\">S\u00edntese e Caracteriza\u00e7\u00e3o de Nanofibrilas de Celulose Para Uso Como Bio-Curativo<\/a>s<\/td>\n<td style=\"height: 76px; width: 138px;\" width=\"198\">DEBORA DUARTE RIBES<\/td>\n<td style=\"height: 76px; width: 168px;\" width=\"202\">RAFAEL BELTRAME<\/td>\n<td style=\"height: 76px; width: 117px;\">10\/05\/2021<\/td>\n<\/tr>\n<tr style=\"height: 99px;\">\n<td style=\"height: 99px; width: 322px;\" width=\"331\"><a href=\"https:\/\/guaiaca.ufpel.edu.br\/bitstream\/handle\/prefix\/7923\/Tese_Edilson_Nunes_Pollnow.pdf?sequence=1&amp;isAllowed=y\">Revestimentos Ricos Em Nb Aplicados Sobre A\u00e7o Microligado Por Soldagem A Arco<\/a><\/td>\n<td style=\"height: 99px; width: 138px;\" width=\"198\">EDILSON NUNES POLLNOW<\/td>\n<td style=\"height: 99px; width: 168px;\" width=\"202\">ALICE GONCALVES OSORIO<\/td>\n<td style=\"height: 99px; width: 117px;\">23\/04\/2021<\/td>\n<\/tr>\n<tr style=\"height: 121px;\">\n<td style=\"height: 121px; width: 322px;\" width=\"331\"><a href=\"https:\/\/guaiaca.ufpel.edu.br\/bitstream\/handle\/prefix\/7922\/Tese_Cristian_Dias_Fernandes.pdf?sequence=1&amp;isAllowed=y\">Aprimoramento de Fotoeletrodos de ZnS crescidos sobre ZnO, por Meio do Controle Estrutural e Eletr\u00f4nico, para Uso em C\u00e9lulas Fotovoltaicas<\/a><\/td>\n<td style=\"height: 121px; width: 138px;\" width=\"198\">CRISTIAN DIAS FERNANDES<\/td>\n<td style=\"height: 121px; width: 168px;\" width=\"202\">MARIO LUCIO MOREIRA<\/td>\n<td style=\"height: 121px; width: 117px;\">20\/04\/2021<\/td>\n<\/tr>\n<tr style=\"height: 121px;\">\n<td style=\"height: 121px; width: 322px;\" width=\"331\"><a href=\"https:\/\/repositorio.ufpel.edu.br\/bitstream\/handle\/prefix\/8063\/Tese_Oscar_Giordani_Paniz.pdf?sequence=1&amp;isAllowed=y\">OBTEN\u00c7\u00c3O DE CELULOSE E NANOCELULOSE A PARTIR DE BIOMASSAS MARINHAS E LINHO NEOZELAND\u00caS<\/a><\/td>\n<td style=\"height: 121px; width: 138px;\" width=\"198\">OSCAR GIORDANI PANIZ<\/td>\n<td style=\"height: 121px; width: 168px;\" width=\"202\">ALICE GONCALVES OSORIO<\/td>\n<td style=\"height: 121px; width: 117px;\">14\/04\/2021<\/td>\n<\/tr>\n<tr style=\"height: 99px;\">\n<td style=\"height: 99px; width: 322px;\" width=\"331\"><a href=\"https:\/\/guaiaca.ufpel.edu.br\/bitstream\/handle\/prefix\/8061\/Tese_Francine_Nunes_pdf.pdf?sequence=1&amp;isAllowed=y\">Identifica\u00e7\u00e3o de fases ciment\u00edcias presentes em materiais cer\u00e2micos a base de argila e res\u00edduo de casca de ovo<\/a><\/td>\n<td style=\"height: 99px; width: 138px;\" width=\"198\">FRANCINE MACHADO NUNES<\/td>\n<td style=\"height: 99px; width: 168px;\" width=\"202\">FERNANDO MACHADO MACHADO<\/td>\n<td style=\"height: 99px; width: 117px;\">31\/03\/2021<\/td>\n<\/tr>\n<tr style=\"height: 24px;\">\n<td style=\"height: 24px; width: 322px;\" width=\"331\"><\/td>\n<td style=\"height: 24px; width: 138px;\" width=\"198\"><\/td>\n<td style=\"height: 24px; width: 168px;\" width=\"202\"><\/td>\n<td style=\"height: 24px; width: 117px;\"><\/td>\n<\/tr>\n<\/tbody>\n<\/table>\n<p>&nbsp;<\/p>\n","protected":false},"excerpt":{"rendered":"<p>T\u00edtulo Autor Orientador Data da Defesa Desenvolvimento de microsupercapacitores de grafeno induzido por laser recobertos com sulfeto de n\u00edquel cobalto pelo m\u00e9todo de eletrodeposi\u00e7\u00e3o GUILHERME KURZ MARON NEFTALI LENIN VILLARREAL CARRE\u00d1O 19\/07\/2021 S\u00edntese e Caracteriza\u00e7\u00e3o de Nanofibrilas de Celulose Para Uso Como Bio-Curativos DEBORA DUARTE RIBES RAFAEL BELTRAME 10\/05\/2021 Revestimentos Ricos Em Nb Aplicados Sobre [&hellip;]<\/p>\n","protected":false},"author":370,"featured_media":0,"parent":1741,"menu_order":-5,"comment_status":"closed","ping_status":"closed","template":"","meta":{"jetpack_post_was_ever_published":false,"footnotes":""},"class_list":["post-4912","page","type-page","status-publish","hentry"],"yoast_head":"<!-- This site is optimized with the Yoast SEO plugin v26.7 - https:\/\/yoast.com\/wordpress\/plugins\/seo\/ -->\n<title>2021 &#8211; Programa de P\u00f3s-Gradua\u00e7\u00e3o em Ci\u00eancia e Engenharia de Materiais<\/title>\n<meta name=\"robots\" content=\"index, follow, max-snippet:-1, max-image-preview:large, max-video-preview:-1\" \/>\n<link rel=\"canonical\" href=\"https:\/\/wp.ufpel.edu.br\/ppgcem\/pt\/dissertacoes-e-teses\/teses\/4912-2\/\" \/>\n<meta property=\"og:locale\" content=\"pt_BR\" \/>\n<meta property=\"og:type\" content=\"article\" \/>\n<meta property=\"og:title\" content=\"2021 &#8211; Programa de P\u00f3s-Gradua\u00e7\u00e3o em Ci\u00eancia e Engenharia de Materiais\" \/>\n<meta property=\"og:description\" content=\"T\u00edtulo Autor Orientador Data da Defesa Desenvolvimento de microsupercapacitores de grafeno induzido por laser recobertos com sulfeto de n\u00edquel cobalto pelo m\u00e9todo de eletrodeposi\u00e7\u00e3o GUILHERME KURZ MARON NEFTALI LENIN VILLARREAL CARRE\u00d1O 19\/07\/2021 S\u00edntese e Caracteriza\u00e7\u00e3o de Nanofibrilas de Celulose Para Uso Como Bio-Curativos DEBORA DUARTE RIBES RAFAEL BELTRAME 10\/05\/2021 Revestimentos Ricos Em Nb Aplicados Sobre [&hellip;]\" \/>\n<meta property=\"og:url\" content=\"https:\/\/wp.ufpel.edu.br\/ppgcem\/pt\/dissertacoes-e-teses\/teses\/4912-2\/\" \/>\n<meta property=\"og:site_name\" content=\"Programa de P\u00f3s-Gradua\u00e7\u00e3o em Ci\u00eancia e Engenharia de Materiais\" \/>\n<meta property=\"article:modified_time\" content=\"2025-03-17T19:35:56+00:00\" \/>\n<meta name=\"twitter:card\" content=\"summary_large_image\" \/>\n<meta name=\"twitter:label1\" content=\"Est. tempo de leitura\" \/>\n\t<meta name=\"twitter:data1\" content=\"1 minuto\" \/>\n<script type=\"application\/ld+json\" class=\"yoast-schema-graph\">{\"@context\":\"https:\/\/schema.org\",\"@graph\":[{\"@type\":\"WebPage\",\"@id\":\"https:\/\/wp.ufpel.edu.br\/ppgcem\/pt\/dissertacoes-e-teses\/teses\/4912-2\/\",\"url\":\"https:\/\/wp.ufpel.edu.br\/ppgcem\/pt\/dissertacoes-e-teses\/teses\/4912-2\/\",\"name\":\"2021 &#8211; Programa de P\u00f3s-Gradua\u00e7\u00e3o em Ci\u00eancia e Engenharia de Materiais\",\"isPartOf\":{\"@id\":\"https:\/\/wp.ufpel.edu.br\/ppgcem\/pt\/#website\"},\"datePublished\":\"2024-09-25T19:16:43+00:00\",\"dateModified\":\"2025-03-17T19:35:56+00:00\",\"breadcrumb\":{\"@id\":\"https:\/\/wp.ufpel.edu.br\/ppgcem\/pt\/dissertacoes-e-teses\/teses\/4912-2\/#breadcrumb\"},\"inLanguage\":\"pt-BR\",\"potentialAction\":[{\"@type\":\"ReadAction\",\"target\":[\"https:\/\/wp.ufpel.edu.br\/ppgcem\/pt\/dissertacoes-e-teses\/teses\/4912-2\/\"]}]},{\"@type\":\"BreadcrumbList\",\"@id\":\"https:\/\/wp.ufpel.edu.br\/ppgcem\/pt\/dissertacoes-e-teses\/teses\/4912-2\/#breadcrumb\",\"itemListElement\":[{\"@type\":\"ListItem\",\"position\":1,\"name\":\"In\u00edcio\",\"item\":\"https:\/\/wp.ufpel.edu.br\/ppgcem\/pt\/\"},{\"@type\":\"ListItem\",\"position\":2,\"name\":\"Disserta\u00e7\u00f5es e Teses\",\"item\":\"https:\/\/wp.ufpel.edu.br\/ppgcem\/pt\/dissertacoes-e-teses\/\"},{\"@type\":\"ListItem\",\"position\":3,\"name\":\"Teses\",\"item\":\"https:\/\/wp.ufpel.edu.br\/ppgcem\/pt\/dissertacoes-e-teses\/teses\/\"},{\"@type\":\"ListItem\",\"position\":4,\"name\":\"2021\"}]},{\"@type\":\"WebSite\",\"@id\":\"https:\/\/wp.ufpel.edu.br\/ppgcem\/pt\/#website\",\"url\":\"https:\/\/wp.ufpel.edu.br\/ppgcem\/pt\/\",\"name\":\"Programa de P\u00f3s-Gradua\u00e7\u00e3o em Ci\u00eancia e Engenharia de Materiais\",\"description\":\"\",\"potentialAction\":[{\"@type\":\"SearchAction\",\"target\":{\"@type\":\"EntryPoint\",\"urlTemplate\":\"https:\/\/wp.ufpel.edu.br\/ppgcem\/pt\/?s={search_term_string}\"},\"query-input\":{\"@type\":\"PropertyValueSpecification\",\"valueRequired\":true,\"valueName\":\"search_term_string\"}}],\"inLanguage\":\"pt-BR\"}]}<\/script>\n<!-- \/ Yoast SEO plugin. -->","yoast_head_json":{"title":"2021 &#8211; Programa de P\u00f3s-Gradua\u00e7\u00e3o em Ci\u00eancia e Engenharia de Materiais","robots":{"index":"index","follow":"follow","max-snippet":"max-snippet:-1","max-image-preview":"max-image-preview:large","max-video-preview":"max-video-preview:-1"},"canonical":"https:\/\/wp.ufpel.edu.br\/ppgcem\/pt\/dissertacoes-e-teses\/teses\/4912-2\/","og_locale":"pt_BR","og_type":"article","og_title":"2021 &#8211; Programa de P\u00f3s-Gradua\u00e7\u00e3o em Ci\u00eancia e Engenharia de Materiais","og_description":"T\u00edtulo Autor Orientador Data da Defesa Desenvolvimento de microsupercapacitores de grafeno induzido por laser recobertos com sulfeto de n\u00edquel cobalto pelo m\u00e9todo de eletrodeposi\u00e7\u00e3o GUILHERME KURZ MARON NEFTALI LENIN VILLARREAL CARRE\u00d1O 19\/07\/2021 S\u00edntese e Caracteriza\u00e7\u00e3o de Nanofibrilas de Celulose Para Uso Como Bio-Curativos DEBORA DUARTE RIBES RAFAEL BELTRAME 10\/05\/2021 Revestimentos Ricos Em Nb Aplicados Sobre [&hellip;]","og_url":"https:\/\/wp.ufpel.edu.br\/ppgcem\/pt\/dissertacoes-e-teses\/teses\/4912-2\/","og_site_name":"Programa de P\u00f3s-Gradua\u00e7\u00e3o em Ci\u00eancia e Engenharia de Materiais","article_modified_time":"2025-03-17T19:35:56+00:00","twitter_card":"summary_large_image","twitter_misc":{"Est. tempo de leitura":"1 minuto"},"schema":{"@context":"https:\/\/schema.org","@graph":[{"@type":"WebPage","@id":"https:\/\/wp.ufpel.edu.br\/ppgcem\/pt\/dissertacoes-e-teses\/teses\/4912-2\/","url":"https:\/\/wp.ufpel.edu.br\/ppgcem\/pt\/dissertacoes-e-teses\/teses\/4912-2\/","name":"2021 &#8211; Programa de P\u00f3s-Gradua\u00e7\u00e3o em Ci\u00eancia e Engenharia de Materiais","isPartOf":{"@id":"https:\/\/wp.ufpel.edu.br\/ppgcem\/pt\/#website"},"datePublished":"2024-09-25T19:16:43+00:00","dateModified":"2025-03-17T19:35:56+00:00","breadcrumb":{"@id":"https:\/\/wp.ufpel.edu.br\/ppgcem\/pt\/dissertacoes-e-teses\/teses\/4912-2\/#breadcrumb"},"inLanguage":"pt-BR","potentialAction":[{"@type":"ReadAction","target":["https:\/\/wp.ufpel.edu.br\/ppgcem\/pt\/dissertacoes-e-teses\/teses\/4912-2\/"]}]},{"@type":"BreadcrumbList","@id":"https:\/\/wp.ufpel.edu.br\/ppgcem\/pt\/dissertacoes-e-teses\/teses\/4912-2\/#breadcrumb","itemListElement":[{"@type":"ListItem","position":1,"name":"In\u00edcio","item":"https:\/\/wp.ufpel.edu.br\/ppgcem\/pt\/"},{"@type":"ListItem","position":2,"name":"Disserta\u00e7\u00f5es e Teses","item":"https:\/\/wp.ufpel.edu.br\/ppgcem\/pt\/dissertacoes-e-teses\/"},{"@type":"ListItem","position":3,"name":"Teses","item":"https:\/\/wp.ufpel.edu.br\/ppgcem\/pt\/dissertacoes-e-teses\/teses\/"},{"@type":"ListItem","position":4,"name":"2021"}]},{"@type":"WebSite","@id":"https:\/\/wp.ufpel.edu.br\/ppgcem\/pt\/#website","url":"https:\/\/wp.ufpel.edu.br\/ppgcem\/pt\/","name":"Programa de P\u00f3s-Gradua\u00e7\u00e3o em Ci\u00eancia e Engenharia de Materiais","description":"","potentialAction":[{"@type":"SearchAction","target":{"@type":"EntryPoint","urlTemplate":"https:\/\/wp.ufpel.edu.br\/ppgcem\/pt\/?s={search_term_string}"},"query-input":{"@type":"PropertyValueSpecification","valueRequired":true,"valueName":"search_term_string"}}],"inLanguage":"pt-BR"}]}},"jetpack_sharing_enabled":true,"jetpack_shortlink":"https:\/\/wp.me\/P8zk0j-1he","_links":{"self":[{"href":"https:\/\/wp.ufpel.edu.br\/ppgcem\/wp-json\/wp\/v2\/pages\/4912","targetHints":{"allow":["GET"]}}],"collection":[{"href":"https:\/\/wp.ufpel.edu.br\/ppgcem\/wp-json\/wp\/v2\/pages"}],"about":[{"href":"https:\/\/wp.ufpel.edu.br\/ppgcem\/wp-json\/wp\/v2\/types\/page"}],"author":[{"embeddable":true,"href":"https:\/\/wp.ufpel.edu.br\/ppgcem\/wp-json\/wp\/v2\/users\/370"}],"replies":[{"embeddable":true,"href":"https:\/\/wp.ufpel.edu.br\/ppgcem\/wp-json\/wp\/v2\/comments?post=4912"}],"version-history":[{"count":4,"href":"https:\/\/wp.ufpel.edu.br\/ppgcem\/wp-json\/wp\/v2\/pages\/4912\/revisions"}],"predecessor-version":[{"id":4934,"href":"https:\/\/wp.ufpel.edu.br\/ppgcem\/wp-json\/wp\/v2\/pages\/4912\/revisions\/4934"}],"up":[{"embeddable":true,"href":"https:\/\/wp.ufpel.edu.br\/ppgcem\/wp-json\/wp\/v2\/pages\/1741"}],"wp:attachment":[{"href":"https:\/\/wp.ufpel.edu.br\/ppgcem\/wp-json\/wp\/v2\/media?parent=4912"}],"curies":[{"name":"wp","href":"https:\/\/api.w.org\/{rel}","templated":true}]}}