{"id":4879,"date":"2024-09-25T16:07:06","date_gmt":"2024-09-25T19:07:06","guid":{"rendered":"https:\/\/wp.ufpel.edu.br\/ppgcem\/?page_id=4879"},"modified":"2025-03-17T16:35:51","modified_gmt":"2025-03-17T19:35:51","slug":"2020-2","status":"publish","type":"page","link":"https:\/\/wp.ufpel.edu.br\/ppgcem\/dissertacoes-e-teses\/teses\/2020-2\/","title":{"rendered":"2020"},"content":{"rendered":"<table style=\"height: 774px;\" width=\"826\">\n<thead>\n<tr style=\"height: 76px;\">\n<td style=\"width: 123px; height: 76px;\"><strong>T\u00edtulo<\/strong><\/td>\n<td style=\"width: 95px; height: 76px;\"><strong>Autor<\/strong><\/td>\n<td style=\"width: 103px; height: 76px;\"><strong>Orientador<\/strong><\/td>\n<td style=\"width: 31px; height: 76px;\"><strong>Data da Defesa<\/strong><\/td>\n<\/tr>\n<\/thead>\n<tbody>\n<tr style=\"height: 99px;\">\n<td style=\"width: 123px; height: 99px;\"><a href=\"https:\/\/guaiaca.ufpel.edu.br\/bitstream\/handle\/prefix\/7924\/Tese_Catia_Fernandes_Leite.pdf?sequence=1&amp;isAllowed=y\">Grafeno funcionalizado com nanopart\u00edculas de ferro: sensor eletroqu\u00edmico e enzim\u00e1tico<\/a><\/td>\n<td style=\"width: 95px; height: 99px;\">CATIA FERNANDES LEITE<\/td>\n<td style=\"width: 103px; height: 99px;\">NEFTALI LENIN VILLARREAL CARRE\u00d1O<\/td>\n<td style=\"width: 31px; height: 99px;\">18\/12\/2020<\/td>\n<\/tr>\n<tr style=\"height: 121px;\">\n<td style=\"width: 123px; height: 121px;\"><a href=\"https:\/\/guaiaca.ufpel.edu.br\/bitstream\/handle\/prefix\/7925\/Tese_Luciano_Timm_Gularte.pdf?sequence=1&amp;isAllowed=y\">Deposi\u00e7\u00e3o assistida por micro-ondas de sulfeto de cobalto em superf\u00edcies eletrocatal\u00edticas de contra eletrodo para c\u00e9lulas solares sensibilizadas por corante<\/a><\/td>\n<td style=\"width: 95px; height: 121px;\">LUCIANO TIMM GULARTE<\/td>\n<td style=\"width: 103px; height: 121px;\">SERGIO DA SILVA CAVA<\/td>\n<td style=\"width: 31px; height: 121px;\">27\/11\/2020<\/td>\n<\/tr>\n<tr style=\"height: 99px;\">\n<td style=\"width: 123px; height: 99px;\"><a href=\"https:\/\/wp.ufpel.edu.br\/ppgcem\/files\/2024\/09\/TESE-ALINE-TABARELLI-VERSAO-FINAL-CORRIGIDA.pdf\">Avalia\u00e7\u00e3o do Comportamento Eletroqu\u00edmico do Concreto Auto Adens\u00e1vel Exposto ao Ataque de Cloretos<\/a><\/td>\n<td style=\"width: 95px; height: 99px;\">ALINE TABARELLI<\/td>\n<td style=\"width: 103px; height: 99px;\">CESAR ANTONIO OROPESA AVELLANEDA<\/td>\n<td style=\"width: 31px; height: 99px;\">09\/10\/2020<\/td>\n<\/tr>\n<tr style=\"height: 76px;\">\n<td style=\"width: 123px; height: 58px;\"><a href=\"https:\/\/guaiaca.ufpel.edu.br\/bitstream\/handle\/prefix\/8354\/Tese__Mauricio_Silva.pdf?sequence=1&amp;isAllowed=y\">Estudo das Propriedades Mec\u00e2nicas da Fibra Rami para Aplica\u00e7\u00f5es de Amarra\u00e7\u00e3o e Ancoragem<\/a><\/td>\n<td style=\"width: 95px; height: 58px;\">MAURICIO DE OLIVEIRA SILVA<\/td>\n<td style=\"width: 103px; height: 58px;\">ALICE GONCALVES OSORIO<\/td>\n<td style=\"width: 31px; height: 58px;\">21\/08\/2020<\/td>\n<\/tr>\n<tr style=\"height: 99px;\">\n<td style=\"width: 123px; height: 99px;\"><a href=\"https:\/\/wp.ufpel.edu.br\/ppgcem\/files\/2024\/09\/TESE-revisada-com-consideracoes-da-banca-Vanessa-Dummer-Marques-1.pdf\">Estudo tecnol\u00f3gico do tetraborato de s\u00f3dio como retardante de chamas para madeira<\/a><\/td>\n<td style=\"width: 95px; height: 99px;\">VANESSA DUMMER MARQUES<\/td>\n<td style=\"width: 103px; height: 99px;\">DARCI ALBERTO GATTO<\/td>\n<td style=\"width: 31px; height: 99px;\">19\/06\/2020<\/td>\n<\/tr>\n<tr style=\"height: 104px;\">\n<td style=\"width: 123px; height: 104px;\"><a href=\"https:\/\/wp.ufpel.edu.br\/ppgcem\/files\/2024\/09\/Tese-Doutorado-Eduarda-versao-final-pos-banca-1.pdf\">S\u00edntese de espumas v\u00edtreas decoradas com part\u00edculas de \u00f3xido de ni\u00f3bio para aplica\u00e7\u00e3o fotocatal\u00edtica<\/a><\/td>\n<td style=\"width: 95px; height: 104px;\">EDUARDA MEDRAN RANGEL<\/td>\n<td style=\"width: 103px; height: 104px;\">FERNANDO MACHADO MACHADO<\/td>\n<td style=\"width: 31px; height: 104px;\">03\/03\/2020<\/td>\n<\/tr>\n<tr style=\"height: 76px;\">\n<td style=\"width: 123px; height: 76px;\"><a href=\"https:\/\/guaiaca.ufpel.edu.br\/bitstream\/handle\/prefix\/9047\/Tese_Ezequiel%20Gallio.pdf?sequence=1&amp;isAllowed=y\">S\u00edntese e aplica\u00e7\u00e3o de part\u00edculas de \u00f3xido de alum\u00ednio visando a prote\u00e7\u00e3o da madeira<\/a><\/td>\n<td style=\"width: 95px; height: 76px;\">EZEQUIEL GALLIO<\/td>\n<td style=\"width: 103px; height: 76px;\">DARCI ALBERTO GATTO<\/td>\n<td style=\"width: 31px; height: 76px;\">03\/03\/2020<\/td>\n<\/tr>\n<tr style=\"height: 24px;\">\n<td style=\"width: 123px; height: 24px;\"><\/td>\n<td style=\"width: 95px; height: 24px;\"><\/td>\n<td style=\"width: 103px; height: 24px;\"><\/td>\n<td style=\"width: 31px; height: 24px;\"><\/td>\n<\/tr>\n<\/tbody>\n<\/table>\n<p>&nbsp;<\/p>\n","protected":false},"excerpt":{"rendered":"<p>T\u00edtulo Autor Orientador Data da Defesa Grafeno funcionalizado com nanopart\u00edculas de ferro: sensor eletroqu\u00edmico e enzim\u00e1tico CATIA FERNANDES LEITE NEFTALI LENIN VILLARREAL CARRE\u00d1O 18\/12\/2020 Deposi\u00e7\u00e3o assistida por micro-ondas de sulfeto de cobalto em superf\u00edcies eletrocatal\u00edticas de contra eletrodo para c\u00e9lulas solares sensibilizadas por corante LUCIANO TIMM GULARTE SERGIO DA SILVA CAVA 27\/11\/2020 Avalia\u00e7\u00e3o do Comportamento [&hellip;]<\/p>\n","protected":false},"author":370,"featured_media":0,"parent":1741,"menu_order":-4,"comment_status":"closed","ping_status":"closed","template":"","meta":{"jetpack_post_was_ever_published":false,"footnotes":""},"class_list":["post-4879","page","type-page","status-publish","hentry"],"yoast_head":"<!-- This site is optimized with the Yoast SEO plugin v26.7 - https:\/\/yoast.com\/wordpress\/plugins\/seo\/ -->\n<title>2020 &#8211; Programa de P\u00f3s-Gradua\u00e7\u00e3o em Ci\u00eancia e Engenharia de Materiais<\/title>\n<meta name=\"robots\" content=\"index, follow, max-snippet:-1, max-image-preview:large, max-video-preview:-1\" \/>\n<link rel=\"canonical\" href=\"https:\/\/wp.ufpel.edu.br\/ppgcem\/pt\/dissertacoes-e-teses\/teses\/2020-2\/\" \/>\n<meta property=\"og:locale\" content=\"pt_BR\" \/>\n<meta property=\"og:type\" content=\"article\" \/>\n<meta property=\"og:title\" content=\"2020 &#8211; Programa de P\u00f3s-Gradua\u00e7\u00e3o em Ci\u00eancia e Engenharia de Materiais\" \/>\n<meta property=\"og:description\" content=\"T\u00edtulo Autor Orientador Data da Defesa Grafeno funcionalizado com nanopart\u00edculas de ferro: sensor eletroqu\u00edmico e enzim\u00e1tico CATIA FERNANDES LEITE NEFTALI LENIN VILLARREAL CARRE\u00d1O 18\/12\/2020 Deposi\u00e7\u00e3o assistida por micro-ondas de sulfeto de cobalto em superf\u00edcies eletrocatal\u00edticas de contra eletrodo para c\u00e9lulas solares sensibilizadas por corante LUCIANO TIMM GULARTE SERGIO DA SILVA CAVA 27\/11\/2020 Avalia\u00e7\u00e3o do Comportamento [&hellip;]\" \/>\n<meta property=\"og:url\" content=\"https:\/\/wp.ufpel.edu.br\/ppgcem\/pt\/dissertacoes-e-teses\/teses\/2020-2\/\" \/>\n<meta property=\"og:site_name\" content=\"Programa de P\u00f3s-Gradua\u00e7\u00e3o em Ci\u00eancia e Engenharia de Materiais\" \/>\n<meta property=\"article:modified_time\" content=\"2025-03-17T19:35:51+00:00\" \/>\n<meta name=\"twitter:card\" content=\"summary_large_image\" \/>\n<meta name=\"twitter:label1\" content=\"Est. tempo de leitura\" \/>\n\t<meta name=\"twitter:data1\" content=\"1 minuto\" \/>\n<script type=\"application\/ld+json\" class=\"yoast-schema-graph\">{\"@context\":\"https:\/\/schema.org\",\"@graph\":[{\"@type\":\"WebPage\",\"@id\":\"https:\/\/wp.ufpel.edu.br\/ppgcem\/pt\/dissertacoes-e-teses\/teses\/2020-2\/\",\"url\":\"https:\/\/wp.ufpel.edu.br\/ppgcem\/pt\/dissertacoes-e-teses\/teses\/2020-2\/\",\"name\":\"2020 &#8211; Programa de P\u00f3s-Gradua\u00e7\u00e3o em Ci\u00eancia e Engenharia de Materiais\",\"isPartOf\":{\"@id\":\"https:\/\/wp.ufpel.edu.br\/ppgcem\/pt\/#website\"},\"datePublished\":\"2024-09-25T19:07:06+00:00\",\"dateModified\":\"2025-03-17T19:35:51+00:00\",\"breadcrumb\":{\"@id\":\"https:\/\/wp.ufpel.edu.br\/ppgcem\/pt\/dissertacoes-e-teses\/teses\/2020-2\/#breadcrumb\"},\"inLanguage\":\"pt-BR\",\"potentialAction\":[{\"@type\":\"ReadAction\",\"target\":[\"https:\/\/wp.ufpel.edu.br\/ppgcem\/pt\/dissertacoes-e-teses\/teses\/2020-2\/\"]}]},{\"@type\":\"BreadcrumbList\",\"@id\":\"https:\/\/wp.ufpel.edu.br\/ppgcem\/pt\/dissertacoes-e-teses\/teses\/2020-2\/#breadcrumb\",\"itemListElement\":[{\"@type\":\"ListItem\",\"position\":1,\"name\":\"In\u00edcio\",\"item\":\"https:\/\/wp.ufpel.edu.br\/ppgcem\/pt\/\"},{\"@type\":\"ListItem\",\"position\":2,\"name\":\"Disserta\u00e7\u00f5es e Teses\",\"item\":\"https:\/\/wp.ufpel.edu.br\/ppgcem\/pt\/dissertacoes-e-teses\/\"},{\"@type\":\"ListItem\",\"position\":3,\"name\":\"Teses\",\"item\":\"https:\/\/wp.ufpel.edu.br\/ppgcem\/pt\/dissertacoes-e-teses\/teses\/\"},{\"@type\":\"ListItem\",\"position\":4,\"name\":\"2020\"}]},{\"@type\":\"WebSite\",\"@id\":\"https:\/\/wp.ufpel.edu.br\/ppgcem\/pt\/#website\",\"url\":\"https:\/\/wp.ufpel.edu.br\/ppgcem\/pt\/\",\"name\":\"Programa de P\u00f3s-Gradua\u00e7\u00e3o em Ci\u00eancia e Engenharia de Materiais\",\"description\":\"\",\"potentialAction\":[{\"@type\":\"SearchAction\",\"target\":{\"@type\":\"EntryPoint\",\"urlTemplate\":\"https:\/\/wp.ufpel.edu.br\/ppgcem\/pt\/?s={search_term_string}\"},\"query-input\":{\"@type\":\"PropertyValueSpecification\",\"valueRequired\":true,\"valueName\":\"search_term_string\"}}],\"inLanguage\":\"pt-BR\"}]}<\/script>\n<!-- \/ Yoast SEO plugin. -->","yoast_head_json":{"title":"2020 &#8211; Programa de P\u00f3s-Gradua\u00e7\u00e3o em Ci\u00eancia e Engenharia de Materiais","robots":{"index":"index","follow":"follow","max-snippet":"max-snippet:-1","max-image-preview":"max-image-preview:large","max-video-preview":"max-video-preview:-1"},"canonical":"https:\/\/wp.ufpel.edu.br\/ppgcem\/pt\/dissertacoes-e-teses\/teses\/2020-2\/","og_locale":"pt_BR","og_type":"article","og_title":"2020 &#8211; Programa de P\u00f3s-Gradua\u00e7\u00e3o em Ci\u00eancia e Engenharia de Materiais","og_description":"T\u00edtulo Autor Orientador Data da Defesa Grafeno funcionalizado com nanopart\u00edculas de ferro: sensor eletroqu\u00edmico e enzim\u00e1tico CATIA FERNANDES LEITE NEFTALI LENIN VILLARREAL CARRE\u00d1O 18\/12\/2020 Deposi\u00e7\u00e3o assistida por micro-ondas de sulfeto de cobalto em superf\u00edcies eletrocatal\u00edticas de contra eletrodo para c\u00e9lulas solares sensibilizadas por corante LUCIANO TIMM GULARTE SERGIO DA SILVA CAVA 27\/11\/2020 Avalia\u00e7\u00e3o do Comportamento [&hellip;]","og_url":"https:\/\/wp.ufpel.edu.br\/ppgcem\/pt\/dissertacoes-e-teses\/teses\/2020-2\/","og_site_name":"Programa de P\u00f3s-Gradua\u00e7\u00e3o em Ci\u00eancia e Engenharia de Materiais","article_modified_time":"2025-03-17T19:35:51+00:00","twitter_card":"summary_large_image","twitter_misc":{"Est. tempo de leitura":"1 minuto"},"schema":{"@context":"https:\/\/schema.org","@graph":[{"@type":"WebPage","@id":"https:\/\/wp.ufpel.edu.br\/ppgcem\/pt\/dissertacoes-e-teses\/teses\/2020-2\/","url":"https:\/\/wp.ufpel.edu.br\/ppgcem\/pt\/dissertacoes-e-teses\/teses\/2020-2\/","name":"2020 &#8211; Programa de P\u00f3s-Gradua\u00e7\u00e3o em Ci\u00eancia e Engenharia de Materiais","isPartOf":{"@id":"https:\/\/wp.ufpel.edu.br\/ppgcem\/pt\/#website"},"datePublished":"2024-09-25T19:07:06+00:00","dateModified":"2025-03-17T19:35:51+00:00","breadcrumb":{"@id":"https:\/\/wp.ufpel.edu.br\/ppgcem\/pt\/dissertacoes-e-teses\/teses\/2020-2\/#breadcrumb"},"inLanguage":"pt-BR","potentialAction":[{"@type":"ReadAction","target":["https:\/\/wp.ufpel.edu.br\/ppgcem\/pt\/dissertacoes-e-teses\/teses\/2020-2\/"]}]},{"@type":"BreadcrumbList","@id":"https:\/\/wp.ufpel.edu.br\/ppgcem\/pt\/dissertacoes-e-teses\/teses\/2020-2\/#breadcrumb","itemListElement":[{"@type":"ListItem","position":1,"name":"In\u00edcio","item":"https:\/\/wp.ufpel.edu.br\/ppgcem\/pt\/"},{"@type":"ListItem","position":2,"name":"Disserta\u00e7\u00f5es e Teses","item":"https:\/\/wp.ufpel.edu.br\/ppgcem\/pt\/dissertacoes-e-teses\/"},{"@type":"ListItem","position":3,"name":"Teses","item":"https:\/\/wp.ufpel.edu.br\/ppgcem\/pt\/dissertacoes-e-teses\/teses\/"},{"@type":"ListItem","position":4,"name":"2020"}]},{"@type":"WebSite","@id":"https:\/\/wp.ufpel.edu.br\/ppgcem\/pt\/#website","url":"https:\/\/wp.ufpel.edu.br\/ppgcem\/pt\/","name":"Programa de P\u00f3s-Gradua\u00e7\u00e3o em Ci\u00eancia e Engenharia de Materiais","description":"","potentialAction":[{"@type":"SearchAction","target":{"@type":"EntryPoint","urlTemplate":"https:\/\/wp.ufpel.edu.br\/ppgcem\/pt\/?s={search_term_string}"},"query-input":{"@type":"PropertyValueSpecification","valueRequired":true,"valueName":"search_term_string"}}],"inLanguage":"pt-BR"}]}},"jetpack_sharing_enabled":true,"jetpack_shortlink":"https:\/\/wp.me\/P8zk0j-1gH","_links":{"self":[{"href":"https:\/\/wp.ufpel.edu.br\/ppgcem\/wp-json\/wp\/v2\/pages\/4879","targetHints":{"allow":["GET"]}}],"collection":[{"href":"https:\/\/wp.ufpel.edu.br\/ppgcem\/wp-json\/wp\/v2\/pages"}],"about":[{"href":"https:\/\/wp.ufpel.edu.br\/ppgcem\/wp-json\/wp\/v2\/types\/page"}],"author":[{"embeddable":true,"href":"https:\/\/wp.ufpel.edu.br\/ppgcem\/wp-json\/wp\/v2\/users\/370"}],"replies":[{"embeddable":true,"href":"https:\/\/wp.ufpel.edu.br\/ppgcem\/wp-json\/wp\/v2\/comments?post=4879"}],"version-history":[{"count":11,"href":"https:\/\/wp.ufpel.edu.br\/ppgcem\/wp-json\/wp\/v2\/pages\/4879\/revisions"}],"predecessor-version":[{"id":4935,"href":"https:\/\/wp.ufpel.edu.br\/ppgcem\/wp-json\/wp\/v2\/pages\/4879\/revisions\/4935"}],"up":[{"embeddable":true,"href":"https:\/\/wp.ufpel.edu.br\/ppgcem\/wp-json\/wp\/v2\/pages\/1741"}],"wp:attachment":[{"href":"https:\/\/wp.ufpel.edu.br\/ppgcem\/wp-json\/wp\/v2\/media?parent=4879"}],"curies":[{"name":"wp","href":"https:\/\/api.w.org\/{rel}","templated":true}]}}