{"id":4864,"date":"2024-09-25T15:31:36","date_gmt":"2024-09-25T18:31:36","guid":{"rendered":"https:\/\/wp.ufpel.edu.br\/ppgcem\/?page_id=4864"},"modified":"2025-03-17T16:35:47","modified_gmt":"2025-03-17T19:35:47","slug":"2019-2","status":"publish","type":"page","link":"https:\/\/wp.ufpel.edu.br\/ppgcem\/dissertacoes-e-teses\/teses\/2019-2\/","title":{"rendered":"2019"},"content":{"rendered":"<table style=\"width: 733px;\" width=\"826\">\n<thead>\n<tr style=\"height: 48px;\">\n<td style=\"width: 380px; height: 48px;\"><strong>T\u00edtulo<\/strong><\/td>\n<td style=\"width: 173px; height: 48px;\"><strong>Autor<\/strong><\/td>\n<td style=\"width: 166px; height: 48px;\"><strong>Orientador<\/strong><\/td>\n<td style=\"width: 14px; height: 48px;\"><strong>Data da Defesa<\/strong><\/td>\n<\/tr>\n<\/thead>\n<tbody>\n<tr style=\"height: 120px;\">\n<td style=\"width: 380px; height: 120px;\"><a href=\"https:\/\/wp.ufpel.edu.br\/ppgcem\/files\/2024\/09\/Bruno-da-Silveira-Noremberg.pdf\">Desenvolvimento de um nanocomp\u00f3sito a base de celulose e nanotubos de carbono e l\u00edquido i\u00f4nico [Bmin][NTf2] para dispositivos de armazenamento de energia<\/a><\/td>\n<td style=\"width: 173px; height: 120px;\">BRUNO DA SILVEIRA NOREMBERG<\/td>\n<td style=\"width: 166px; height: 120px;\">NEFTALI LENIN VILLARREAL CARRE\u00d1O<\/td>\n<td style=\"width: 14px; height: 120px;\">19\/09\/2019<\/td>\n<\/tr>\n<tr style=\"height: 72px;\">\n<td style=\"width: 380px; height: 72px;\"><a href=\"https:\/\/wp.ufpel.edu.br\/ppgcem\/files\/2024\/09\/Tese-Matheus-Krolow-Versao-Final.pdf\">Obten\u00e7\u00e3o e estudo das propriedades capacitivas de nanotubos de carbono decorados com \u00f3xido de \u00edndio-estanho<\/a><\/td>\n<td style=\"width: 173px; height: 72px;\">MATHEUS ZORZOLI KROLOW<\/td>\n<td style=\"width: 166px; height: 72px;\">NEFTALI LENIN VILLARREAL CARRE\u00d1O<\/td>\n<td style=\"width: 14px; height: 72px;\">26\/07\/2019<\/td>\n<\/tr>\n<tr style=\"height: 96px;\">\n<td style=\"width: 380px; height: 96px;\"><a href=\"https:\/\/wp.ufpel.edu.br\/ppgcem\/files\/2024\/09\/MARCIO-ULGUIM-OLIVEIRA.pdf\">Estudo Morfol\u00f3gico, Estrutural e de Corros\u00e3o frente \u00e0 Recupera\u00e7\u00e3o\/Recristaliza\u00e7\u00e3o Din\u00e2mica de Ligas de Alum\u00ednio 6063 Laminadas \u00e0 Frio<\/a><\/td>\n<td style=\"width: 173px; height: 96px;\">MARCIO ULGUIM OLIVEIRA<\/td>\n<td style=\"width: 166px; height: 96px;\">CESAR ANTONIO OROPESA AVELLANEDA<\/td>\n<td style=\"width: 14px; height: 96px;\">18\/07\/2019<\/td>\n<\/tr>\n<tr style=\"height: 120px;\">\n<td style=\"width: 380px; height: 120px;\"><a href=\"https:\/\/guaiaca.ufpel.edu.br\/bitstream\/handle\/prefix\/4832\/Tese_Daniel_Souza.pdf?sequence=1&amp;isAllowed=y\">AVALIA\u00c7\u00c3O DO COMPORTAMENTO EM CORROS\u00c3O E TRIBOCORROS\u00c3O DE REVESTIMENTOS DE INCONEL 625 DEPOSITADOS PELO PROCESSO DE SOLDAGEM MIG\/MAG<\/a><\/td>\n<td style=\"width: 173px; height: 120px;\">DANIEL SOUZA<\/td>\n<td style=\"width: 166px; height: 120px;\">ALICE GONCALVES OSORIO<\/td>\n<td style=\"width: 14px; height: 120px;\">12\/07\/2019<\/td>\n<\/tr>\n<tr style=\"height: 72px;\">\n<td style=\"width: 380px; height: 72px;\"><a href=\"https:\/\/wp.ufpel.edu.br\/ppgcem\/files\/2024\/09\/VIVIANE-COELHO-DUARTE.pdf\">Obten\u00e7\u00e3o de Fosfatos de C\u00e1lcio com Potencial de Aplica\u00e7\u00e3o em Comp\u00f3sitos Odontol\u00f3gicos<\/a><\/td>\n<td style=\"width: 173px; height: 72px;\">VIVIANE COELHO DUARTE<\/td>\n<td style=\"width: 166px; height: 72px;\">EVANDRO PIVA<\/td>\n<td style=\"width: 14px; height: 72px;\">28\/06\/2019<\/td>\n<\/tr>\n<tr style=\"height: 96px;\">\n<td style=\"width: 380px; height: 96px;\"><a href=\"https:\/\/wp.ufpel.edu.br\/ppgcem\/files\/2024\/09\/Tese-Doutorado-Ricardo-Versao-Final.pdf\">Obten\u00e7\u00e3o de comp\u00f3sitos \u00e0 base de carbono recobertos com diferentes part\u00edculas cer\u00e2micas (PZT e Nb2O5) e suas propriedades capacitivas<\/a><\/td>\n<td style=\"width: 173px; height: 96px;\">RICARDO MARQUES E SILVA<\/td>\n<td style=\"width: 166px; height: 96px;\">NEFTALI LENIN VILLARREAL CARRE\u00d1O<\/td>\n<td style=\"width: 14px; height: 96px;\">23\/05\/2019<\/td>\n<\/tr>\n<tr style=\"height: 72px;\">\n<td style=\"width: 380px; height: 72px;\"><a href=\"https:\/\/wp.ufpel.edu.br\/ppgcem\/files\/2024\/09\/PPGCEM_TESE_Jose-Euclides-Beltran-Versao-Final.pdf\">DISPOSITIVO PORT\u00c1TIL PARA QUALIFICAR TANINOS E FLAVON\u00d3IDES<\/a><\/td>\n<td style=\"width: 173px; height: 72px;\">JOSE EUCLIDES RODRIGUES BELTRAN<\/td>\n<td style=\"width: 166px; height: 72px;\">MARGARETE REGINA FREITAS GONCALVES<\/td>\n<td style=\"width: 14px; height: 72px;\">18\/03\/2019<\/td>\n<\/tr>\n<tr style=\"height: 72px;\">\n<td style=\"width: 380px; height: 72px;\"><a href=\"https:\/\/guaiaca.ufpel.edu.br\/bitstream\/handle\/prefix\/4833\/Tese_Joseane_Porto.pdf?sequence=1&amp;isAllowed=y\">Desempenho termoenerg\u00e9tico e \u00f3tico da janela inteligente por simula\u00e7\u00e3o computacional<\/a><\/td>\n<td style=\"width: 173px; height: 72px;\">JOSEANE DA SILVA PORTO<\/td>\n<td style=\"width: 166px; height: 72px;\">CESAR ANTONIO OROPESA AVELLANEDA<\/td>\n<td style=\"width: 14px; height: 72px;\">26\/02\/2019<\/td>\n<\/tr>\n<tr style=\"height: 96px;\">\n<td style=\"width: 380px; height: 96px;\"><a href=\"https:\/\/guaiaca.ufpel.edu.br\/bitstream\/handle\/prefix\/4835\/Tese_Natalia_Hadler_Marins.pdf?sequence=1&amp;isAllowed=y\">Membranas Nanofibrosas Obtidas por Electrospinning Contendo Nanopart\u00edculas de Pent\u00f3xido de Ni\u00f3bio e suas Aplica\u00e7\u00f5es em Biomateriais<\/a><\/td>\n<td style=\"width: 173px; height: 96px;\">NATALIA HADLER MARINS<\/td>\n<td style=\"width: 166px; height: 96px;\">NEFTALI LENIN VILLARREAL CARRE\u00d1O<\/td>\n<td style=\"width: 14px; height: 96px;\">22\/02\/2019<\/td>\n<\/tr>\n<tr style=\"height: 24px;\">\n<td style=\"width: 380px; height: 24px;\"><\/td>\n<td style=\"width: 173px; height: 24px;\"><\/td>\n<td style=\"width: 166px; height: 24px;\"><\/td>\n<td style=\"width: 14px; height: 24px;\"><\/td>\n<\/tr>\n<\/tbody>\n<\/table>\n<p>&nbsp;<\/p>\n","protected":false},"excerpt":{"rendered":"<p>T\u00edtulo Autor Orientador Data da Defesa Desenvolvimento de um nanocomp\u00f3sito a base de celulose e nanotubos de carbono e l\u00edquido i\u00f4nico [Bmin][NTf2] para dispositivos de armazenamento de energia BRUNO DA SILVEIRA NOREMBERG NEFTALI LENIN VILLARREAL CARRE\u00d1O 19\/09\/2019 Obten\u00e7\u00e3o e estudo das propriedades capacitivas de nanotubos de carbono decorados com \u00f3xido de \u00edndio-estanho MATHEUS ZORZOLI KROLOW [&hellip;]<\/p>\n","protected":false},"author":370,"featured_media":0,"parent":1741,"menu_order":-3,"comment_status":"closed","ping_status":"closed","template":"","meta":{"jetpack_post_was_ever_published":false,"footnotes":""},"class_list":["post-4864","page","type-page","status-publish","hentry"],"yoast_head":"<!-- This site is optimized with the Yoast SEO plugin v26.7 - https:\/\/yoast.com\/wordpress\/plugins\/seo\/ -->\n<title>2019 &#8211; Programa de P\u00f3s-Gradua\u00e7\u00e3o em Ci\u00eancia e Engenharia de Materiais<\/title>\n<meta name=\"robots\" content=\"index, follow, max-snippet:-1, max-image-preview:large, max-video-preview:-1\" \/>\n<link rel=\"canonical\" href=\"https:\/\/wp.ufpel.edu.br\/ppgcem\/pt\/dissertacoes-e-teses\/teses\/2019-2\/\" \/>\n<meta property=\"og:locale\" content=\"pt_BR\" \/>\n<meta property=\"og:type\" content=\"article\" \/>\n<meta property=\"og:title\" content=\"2019 &#8211; Programa de P\u00f3s-Gradua\u00e7\u00e3o em Ci\u00eancia e Engenharia de Materiais\" \/>\n<meta property=\"og:description\" content=\"T\u00edtulo Autor Orientador Data da Defesa Desenvolvimento de um nanocomp\u00f3sito a base de celulose e nanotubos de carbono e l\u00edquido i\u00f4nico [Bmin][NTf2] para dispositivos de armazenamento de energia BRUNO DA SILVEIRA NOREMBERG NEFTALI LENIN VILLARREAL CARRE\u00d1O 19\/09\/2019 Obten\u00e7\u00e3o e estudo das propriedades capacitivas de nanotubos de carbono decorados com \u00f3xido de \u00edndio-estanho MATHEUS ZORZOLI KROLOW [&hellip;]\" \/>\n<meta property=\"og:url\" content=\"https:\/\/wp.ufpel.edu.br\/ppgcem\/pt\/dissertacoes-e-teses\/teses\/2019-2\/\" \/>\n<meta property=\"og:site_name\" content=\"Programa de P\u00f3s-Gradua\u00e7\u00e3o em Ci\u00eancia e Engenharia de Materiais\" \/>\n<meta property=\"article:modified_time\" content=\"2025-03-17T19:35:47+00:00\" \/>\n<meta name=\"twitter:card\" content=\"summary_large_image\" \/>\n<meta name=\"twitter:label1\" content=\"Est. tempo de leitura\" \/>\n\t<meta name=\"twitter:data1\" content=\"2 minutos\" \/>\n<script type=\"application\/ld+json\" class=\"yoast-schema-graph\">{\"@context\":\"https:\/\/schema.org\",\"@graph\":[{\"@type\":\"WebPage\",\"@id\":\"https:\/\/wp.ufpel.edu.br\/ppgcem\/pt\/dissertacoes-e-teses\/teses\/2019-2\/\",\"url\":\"https:\/\/wp.ufpel.edu.br\/ppgcem\/pt\/dissertacoes-e-teses\/teses\/2019-2\/\",\"name\":\"2019 &#8211; Programa de P\u00f3s-Gradua\u00e7\u00e3o em Ci\u00eancia e Engenharia de Materiais\",\"isPartOf\":{\"@id\":\"https:\/\/wp.ufpel.edu.br\/ppgcem\/pt\/#website\"},\"datePublished\":\"2024-09-25T18:31:36+00:00\",\"dateModified\":\"2025-03-17T19:35:47+00:00\",\"breadcrumb\":{\"@id\":\"https:\/\/wp.ufpel.edu.br\/ppgcem\/pt\/dissertacoes-e-teses\/teses\/2019-2\/#breadcrumb\"},\"inLanguage\":\"pt-BR\",\"potentialAction\":[{\"@type\":\"ReadAction\",\"target\":[\"https:\/\/wp.ufpel.edu.br\/ppgcem\/pt\/dissertacoes-e-teses\/teses\/2019-2\/\"]}]},{\"@type\":\"BreadcrumbList\",\"@id\":\"https:\/\/wp.ufpel.edu.br\/ppgcem\/pt\/dissertacoes-e-teses\/teses\/2019-2\/#breadcrumb\",\"itemListElement\":[{\"@type\":\"ListItem\",\"position\":1,\"name\":\"In\u00edcio\",\"item\":\"https:\/\/wp.ufpel.edu.br\/ppgcem\/pt\/\"},{\"@type\":\"ListItem\",\"position\":2,\"name\":\"Disserta\u00e7\u00f5es e Teses\",\"item\":\"https:\/\/wp.ufpel.edu.br\/ppgcem\/pt\/dissertacoes-e-teses\/\"},{\"@type\":\"ListItem\",\"position\":3,\"name\":\"Teses\",\"item\":\"https:\/\/wp.ufpel.edu.br\/ppgcem\/pt\/dissertacoes-e-teses\/teses\/\"},{\"@type\":\"ListItem\",\"position\":4,\"name\":\"2019\"}]},{\"@type\":\"WebSite\",\"@id\":\"https:\/\/wp.ufpel.edu.br\/ppgcem\/pt\/#website\",\"url\":\"https:\/\/wp.ufpel.edu.br\/ppgcem\/pt\/\",\"name\":\"Programa de P\u00f3s-Gradua\u00e7\u00e3o em Ci\u00eancia e Engenharia de Materiais\",\"description\":\"\",\"potentialAction\":[{\"@type\":\"SearchAction\",\"target\":{\"@type\":\"EntryPoint\",\"urlTemplate\":\"https:\/\/wp.ufpel.edu.br\/ppgcem\/pt\/?s={search_term_string}\"},\"query-input\":{\"@type\":\"PropertyValueSpecification\",\"valueRequired\":true,\"valueName\":\"search_term_string\"}}],\"inLanguage\":\"pt-BR\"}]}<\/script>\n<!-- \/ Yoast SEO plugin. -->","yoast_head_json":{"title":"2019 &#8211; Programa de P\u00f3s-Gradua\u00e7\u00e3o em Ci\u00eancia e Engenharia de Materiais","robots":{"index":"index","follow":"follow","max-snippet":"max-snippet:-1","max-image-preview":"max-image-preview:large","max-video-preview":"max-video-preview:-1"},"canonical":"https:\/\/wp.ufpel.edu.br\/ppgcem\/pt\/dissertacoes-e-teses\/teses\/2019-2\/","og_locale":"pt_BR","og_type":"article","og_title":"2019 &#8211; Programa de P\u00f3s-Gradua\u00e7\u00e3o em Ci\u00eancia e Engenharia de Materiais","og_description":"T\u00edtulo Autor Orientador Data da Defesa Desenvolvimento de um nanocomp\u00f3sito a base de celulose e nanotubos de carbono e l\u00edquido i\u00f4nico [Bmin][NTf2] para dispositivos de armazenamento de energia BRUNO DA SILVEIRA NOREMBERG NEFTALI LENIN VILLARREAL CARRE\u00d1O 19\/09\/2019 Obten\u00e7\u00e3o e estudo das propriedades capacitivas de nanotubos de carbono decorados com \u00f3xido de \u00edndio-estanho MATHEUS ZORZOLI KROLOW [&hellip;]","og_url":"https:\/\/wp.ufpel.edu.br\/ppgcem\/pt\/dissertacoes-e-teses\/teses\/2019-2\/","og_site_name":"Programa de P\u00f3s-Gradua\u00e7\u00e3o em Ci\u00eancia e Engenharia de Materiais","article_modified_time":"2025-03-17T19:35:47+00:00","twitter_card":"summary_large_image","twitter_misc":{"Est. tempo de leitura":"2 minutos"},"schema":{"@context":"https:\/\/schema.org","@graph":[{"@type":"WebPage","@id":"https:\/\/wp.ufpel.edu.br\/ppgcem\/pt\/dissertacoes-e-teses\/teses\/2019-2\/","url":"https:\/\/wp.ufpel.edu.br\/ppgcem\/pt\/dissertacoes-e-teses\/teses\/2019-2\/","name":"2019 &#8211; Programa de P\u00f3s-Gradua\u00e7\u00e3o em Ci\u00eancia e Engenharia de Materiais","isPartOf":{"@id":"https:\/\/wp.ufpel.edu.br\/ppgcem\/pt\/#website"},"datePublished":"2024-09-25T18:31:36+00:00","dateModified":"2025-03-17T19:35:47+00:00","breadcrumb":{"@id":"https:\/\/wp.ufpel.edu.br\/ppgcem\/pt\/dissertacoes-e-teses\/teses\/2019-2\/#breadcrumb"},"inLanguage":"pt-BR","potentialAction":[{"@type":"ReadAction","target":["https:\/\/wp.ufpel.edu.br\/ppgcem\/pt\/dissertacoes-e-teses\/teses\/2019-2\/"]}]},{"@type":"BreadcrumbList","@id":"https:\/\/wp.ufpel.edu.br\/ppgcem\/pt\/dissertacoes-e-teses\/teses\/2019-2\/#breadcrumb","itemListElement":[{"@type":"ListItem","position":1,"name":"In\u00edcio","item":"https:\/\/wp.ufpel.edu.br\/ppgcem\/pt\/"},{"@type":"ListItem","position":2,"name":"Disserta\u00e7\u00f5es e Teses","item":"https:\/\/wp.ufpel.edu.br\/ppgcem\/pt\/dissertacoes-e-teses\/"},{"@type":"ListItem","position":3,"name":"Teses","item":"https:\/\/wp.ufpel.edu.br\/ppgcem\/pt\/dissertacoes-e-teses\/teses\/"},{"@type":"ListItem","position":4,"name":"2019"}]},{"@type":"WebSite","@id":"https:\/\/wp.ufpel.edu.br\/ppgcem\/pt\/#website","url":"https:\/\/wp.ufpel.edu.br\/ppgcem\/pt\/","name":"Programa de P\u00f3s-Gradua\u00e7\u00e3o em Ci\u00eancia e Engenharia de Materiais","description":"","potentialAction":[{"@type":"SearchAction","target":{"@type":"EntryPoint","urlTemplate":"https:\/\/wp.ufpel.edu.br\/ppgcem\/pt\/?s={search_term_string}"},"query-input":{"@type":"PropertyValueSpecification","valueRequired":true,"valueName":"search_term_string"}}],"inLanguage":"pt-BR"}]}},"jetpack_sharing_enabled":true,"jetpack_shortlink":"https:\/\/wp.me\/P8zk0j-1gs","_links":{"self":[{"href":"https:\/\/wp.ufpel.edu.br\/ppgcem\/wp-json\/wp\/v2\/pages\/4864","targetHints":{"allow":["GET"]}}],"collection":[{"href":"https:\/\/wp.ufpel.edu.br\/ppgcem\/wp-json\/wp\/v2\/pages"}],"about":[{"href":"https:\/\/wp.ufpel.edu.br\/ppgcem\/wp-json\/wp\/v2\/types\/page"}],"author":[{"embeddable":true,"href":"https:\/\/wp.ufpel.edu.br\/ppgcem\/wp-json\/wp\/v2\/users\/370"}],"replies":[{"embeddable":true,"href":"https:\/\/wp.ufpel.edu.br\/ppgcem\/wp-json\/wp\/v2\/comments?post=4864"}],"version-history":[{"count":5,"href":"https:\/\/wp.ufpel.edu.br\/ppgcem\/wp-json\/wp\/v2\/pages\/4864\/revisions"}],"predecessor-version":[{"id":4936,"href":"https:\/\/wp.ufpel.edu.br\/ppgcem\/wp-json\/wp\/v2\/pages\/4864\/revisions\/4936"}],"up":[{"embeddable":true,"href":"https:\/\/wp.ufpel.edu.br\/ppgcem\/wp-json\/wp\/v2\/pages\/1741"}],"wp:attachment":[{"href":"https:\/\/wp.ufpel.edu.br\/ppgcem\/wp-json\/wp\/v2\/media?parent=4864"}],"curies":[{"name":"wp","href":"https:\/\/api.w.org\/{rel}","templated":true}]}}