{"id":4745,"date":"2024-05-08T16:49:35","date_gmt":"2024-05-08T19:49:35","guid":{"rendered":"https:\/\/wp.ufpel.edu.br\/ppgcem\/?page_id=4745"},"modified":"2024-05-08T17:13:54","modified_gmt":"2024-05-08T20:13:54","slug":"aproveitamentos","status":"publish","type":"page","link":"https:\/\/wp.ufpel.edu.br\/ppgcem\/informacoes-aos-alunos\/aproveitamentos\/","title":{"rendered":"Aproveitamentos"},"content":{"rendered":"<p>Conforme decis\u00e3o proferida pelo Colegiado do PPGCEM (<a href=\"https:\/\/wp.ufpel.edu.br\/ppgcem\/files\/2024\/05\/SEI_23110.012999_2024_73-2.pdf\">dispon\u00edvel aqui<\/a>), para o <strong>Doutorado<\/strong>, o aproveitamento de cr\u00e9ditos de disciplinas externas ao Programa para a completude da carga hor\u00e1ria de disciplinas optativas, sem dispensa de disciplina correspondente, ser\u00e1 limitado a cinquenta por cento (50%) da carga hor\u00e1ria m\u00ednima exigida no Regimento para cr\u00e9ditos optativos, o que atualmente equivale a seis (06) cr\u00e9ditos. Ainda, quanto ao <strong>Mestrado<\/strong>, <strong>n\u00e3o<\/strong> ser\u00e3o aceitas solicita\u00e7\u00f5es de aproveitamento de cr\u00e9ditos de disciplinas externas ao Programa para a integraliza\u00e7\u00e3o da carga hor\u00e1ria de cr\u00e9ditos optativos.<\/p>\n<p>Al\u00e9m disso, em tempo, indicamos que quaisquer solicita\u00e7\u00f5es de aproveitamento de disciplinas externas ao PPGCEM dever\u00e3o ser acompanhas de hist\u00f3rico e ementas correspondentes. Em derradeiro, disponibilizamos o formul\u00e1rio para solicita\u00e7\u00e3o de aproveitamento <a href=\"https:\/\/wp.ufpel.edu.br\/ppgcem\/files\/2024\/05\/Formulario-de-aproveitamento-de-creditos.doc\">aqui<\/a>.<\/p>\n","protected":false},"excerpt":{"rendered":"<p>Conforme decis\u00e3o proferida pelo Colegiado do PPGCEM (dispon\u00edvel aqui), para o Doutorado, o aproveitamento de cr\u00e9ditos de disciplinas externas ao Programa para a completude da carga hor\u00e1ria de disciplinas optativas, sem dispensa de disciplina correspondente, ser\u00e1 limitado a cinquenta por cento (50%) da carga hor\u00e1ria m\u00ednima exigida no Regimento para cr\u00e9ditos optativos, o que atualmente [&hellip;]<\/p>\n","protected":false},"author":370,"featured_media":0,"parent":626,"menu_order":0,"comment_status":"closed","ping_status":"closed","template":"","meta":{"jetpack_post_was_ever_published":false,"footnotes":""},"class_list":["post-4745","page","type-page","status-publish","hentry"],"yoast_head":"<!-- This site is optimized with the Yoast SEO plugin v26.7 - https:\/\/yoast.com\/wordpress\/plugins\/seo\/ -->\n<title>Aproveitamentos &#8211; Programa de P\u00f3s-Gradua\u00e7\u00e3o em Ci\u00eancia e Engenharia de Materiais<\/title>\n<meta name=\"robots\" content=\"index, follow, max-snippet:-1, max-image-preview:large, max-video-preview:-1\" \/>\n<link rel=\"canonical\" href=\"https:\/\/wp.ufpel.edu.br\/ppgcem\/pt\/informacoes-aos-alunos\/aproveitamentos\/\" \/>\n<meta property=\"og:locale\" content=\"pt_BR\" \/>\n<meta property=\"og:type\" content=\"article\" \/>\n<meta property=\"og:title\" content=\"Aproveitamentos &#8211; Programa de P\u00f3s-Gradua\u00e7\u00e3o em Ci\u00eancia e Engenharia de Materiais\" \/>\n<meta property=\"og:description\" content=\"Conforme decis\u00e3o proferida pelo Colegiado do PPGCEM (dispon\u00edvel aqui), para o Doutorado, o aproveitamento de cr\u00e9ditos de disciplinas externas ao Programa para a completude da carga hor\u00e1ria de disciplinas optativas, sem dispensa de disciplina correspondente, ser\u00e1 limitado a cinquenta por cento (50%) da carga hor\u00e1ria m\u00ednima exigida no Regimento para cr\u00e9ditos optativos, o que atualmente [&hellip;]\" \/>\n<meta property=\"og:url\" content=\"https:\/\/wp.ufpel.edu.br\/ppgcem\/pt\/informacoes-aos-alunos\/aproveitamentos\/\" \/>\n<meta property=\"og:site_name\" content=\"Programa de P\u00f3s-Gradua\u00e7\u00e3o em Ci\u00eancia e Engenharia de Materiais\" \/>\n<meta property=\"article:modified_time\" content=\"2024-05-08T20:13:54+00:00\" \/>\n<meta name=\"twitter:card\" content=\"summary_large_image\" \/>\n<meta name=\"twitter:label1\" content=\"Est. tempo de leitura\" \/>\n\t<meta name=\"twitter:data1\" content=\"1 minuto\" \/>\n<script type=\"application\/ld+json\" class=\"yoast-schema-graph\">{\"@context\":\"https:\/\/schema.org\",\"@graph\":[{\"@type\":\"WebPage\",\"@id\":\"https:\/\/wp.ufpel.edu.br\/ppgcem\/pt\/informacoes-aos-alunos\/aproveitamentos\/\",\"url\":\"https:\/\/wp.ufpel.edu.br\/ppgcem\/pt\/informacoes-aos-alunos\/aproveitamentos\/\",\"name\":\"Aproveitamentos &#8211; Programa de P\u00f3s-Gradua\u00e7\u00e3o em Ci\u00eancia e Engenharia de Materiais\",\"isPartOf\":{\"@id\":\"https:\/\/wp.ufpel.edu.br\/ppgcem\/pt\/#website\"},\"datePublished\":\"2024-05-08T19:49:35+00:00\",\"dateModified\":\"2024-05-08T20:13:54+00:00\",\"breadcrumb\":{\"@id\":\"https:\/\/wp.ufpel.edu.br\/ppgcem\/pt\/informacoes-aos-alunos\/aproveitamentos\/#breadcrumb\"},\"inLanguage\":\"pt-BR\",\"potentialAction\":[{\"@type\":\"ReadAction\",\"target\":[\"https:\/\/wp.ufpel.edu.br\/ppgcem\/pt\/informacoes-aos-alunos\/aproveitamentos\/\"]}]},{\"@type\":\"BreadcrumbList\",\"@id\":\"https:\/\/wp.ufpel.edu.br\/ppgcem\/pt\/informacoes-aos-alunos\/aproveitamentos\/#breadcrumb\",\"itemListElement\":[{\"@type\":\"ListItem\",\"position\":1,\"name\":\"In\u00edcio\",\"item\":\"https:\/\/wp.ufpel.edu.br\/ppgcem\/pt\/\"},{\"@type\":\"ListItem\",\"position\":2,\"name\":\"Informa\u00e7\u00f5es e Documentos\",\"item\":\"https:\/\/wp.ufpel.edu.br\/ppgcem\/pt\/informacoes-aos-alunos\/\"},{\"@type\":\"ListItem\",\"position\":3,\"name\":\"Aproveitamentos\"}]},{\"@type\":\"WebSite\",\"@id\":\"https:\/\/wp.ufpel.edu.br\/ppgcem\/pt\/#website\",\"url\":\"https:\/\/wp.ufpel.edu.br\/ppgcem\/pt\/\",\"name\":\"Programa de P\u00f3s-Gradua\u00e7\u00e3o em Ci\u00eancia e Engenharia de Materiais\",\"description\":\"\",\"potentialAction\":[{\"@type\":\"SearchAction\",\"target\":{\"@type\":\"EntryPoint\",\"urlTemplate\":\"https:\/\/wp.ufpel.edu.br\/ppgcem\/pt\/?s={search_term_string}\"},\"query-input\":{\"@type\":\"PropertyValueSpecification\",\"valueRequired\":true,\"valueName\":\"search_term_string\"}}],\"inLanguage\":\"pt-BR\"}]}<\/script>\n<!-- \/ Yoast SEO plugin. -->","yoast_head_json":{"title":"Aproveitamentos &#8211; Programa de P\u00f3s-Gradua\u00e7\u00e3o em Ci\u00eancia e Engenharia de Materiais","robots":{"index":"index","follow":"follow","max-snippet":"max-snippet:-1","max-image-preview":"max-image-preview:large","max-video-preview":"max-video-preview:-1"},"canonical":"https:\/\/wp.ufpel.edu.br\/ppgcem\/pt\/informacoes-aos-alunos\/aproveitamentos\/","og_locale":"pt_BR","og_type":"article","og_title":"Aproveitamentos &#8211; Programa de P\u00f3s-Gradua\u00e7\u00e3o em Ci\u00eancia e Engenharia de Materiais","og_description":"Conforme decis\u00e3o proferida pelo Colegiado do PPGCEM (dispon\u00edvel aqui), para o Doutorado, o aproveitamento de cr\u00e9ditos de disciplinas externas ao Programa para a completude da carga hor\u00e1ria de disciplinas optativas, sem dispensa de disciplina correspondente, ser\u00e1 limitado a cinquenta por cento (50%) da carga hor\u00e1ria m\u00ednima exigida no Regimento para cr\u00e9ditos optativos, o que atualmente [&hellip;]","og_url":"https:\/\/wp.ufpel.edu.br\/ppgcem\/pt\/informacoes-aos-alunos\/aproveitamentos\/","og_site_name":"Programa de P\u00f3s-Gradua\u00e7\u00e3o em Ci\u00eancia e Engenharia de Materiais","article_modified_time":"2024-05-08T20:13:54+00:00","twitter_card":"summary_large_image","twitter_misc":{"Est. tempo de leitura":"1 minuto"},"schema":{"@context":"https:\/\/schema.org","@graph":[{"@type":"WebPage","@id":"https:\/\/wp.ufpel.edu.br\/ppgcem\/pt\/informacoes-aos-alunos\/aproveitamentos\/","url":"https:\/\/wp.ufpel.edu.br\/ppgcem\/pt\/informacoes-aos-alunos\/aproveitamentos\/","name":"Aproveitamentos &#8211; Programa de P\u00f3s-Gradua\u00e7\u00e3o em Ci\u00eancia e Engenharia de Materiais","isPartOf":{"@id":"https:\/\/wp.ufpel.edu.br\/ppgcem\/pt\/#website"},"datePublished":"2024-05-08T19:49:35+00:00","dateModified":"2024-05-08T20:13:54+00:00","breadcrumb":{"@id":"https:\/\/wp.ufpel.edu.br\/ppgcem\/pt\/informacoes-aos-alunos\/aproveitamentos\/#breadcrumb"},"inLanguage":"pt-BR","potentialAction":[{"@type":"ReadAction","target":["https:\/\/wp.ufpel.edu.br\/ppgcem\/pt\/informacoes-aos-alunos\/aproveitamentos\/"]}]},{"@type":"BreadcrumbList","@id":"https:\/\/wp.ufpel.edu.br\/ppgcem\/pt\/informacoes-aos-alunos\/aproveitamentos\/#breadcrumb","itemListElement":[{"@type":"ListItem","position":1,"name":"In\u00edcio","item":"https:\/\/wp.ufpel.edu.br\/ppgcem\/pt\/"},{"@type":"ListItem","position":2,"name":"Informa\u00e7\u00f5es e Documentos","item":"https:\/\/wp.ufpel.edu.br\/ppgcem\/pt\/informacoes-aos-alunos\/"},{"@type":"ListItem","position":3,"name":"Aproveitamentos"}]},{"@type":"WebSite","@id":"https:\/\/wp.ufpel.edu.br\/ppgcem\/pt\/#website","url":"https:\/\/wp.ufpel.edu.br\/ppgcem\/pt\/","name":"Programa de P\u00f3s-Gradua\u00e7\u00e3o em Ci\u00eancia e Engenharia de Materiais","description":"","potentialAction":[{"@type":"SearchAction","target":{"@type":"EntryPoint","urlTemplate":"https:\/\/wp.ufpel.edu.br\/ppgcem\/pt\/?s={search_term_string}"},"query-input":{"@type":"PropertyValueSpecification","valueRequired":true,"valueName":"search_term_string"}}],"inLanguage":"pt-BR"}]}},"jetpack_sharing_enabled":true,"jetpack_shortlink":"https:\/\/wp.me\/P8zk0j-1ex","_links":{"self":[{"href":"https:\/\/wp.ufpel.edu.br\/ppgcem\/wp-json\/wp\/v2\/pages\/4745","targetHints":{"allow":["GET"]}}],"collection":[{"href":"https:\/\/wp.ufpel.edu.br\/ppgcem\/wp-json\/wp\/v2\/pages"}],"about":[{"href":"https:\/\/wp.ufpel.edu.br\/ppgcem\/wp-json\/wp\/v2\/types\/page"}],"author":[{"embeddable":true,"href":"https:\/\/wp.ufpel.edu.br\/ppgcem\/wp-json\/wp\/v2\/users\/370"}],"replies":[{"embeddable":true,"href":"https:\/\/wp.ufpel.edu.br\/ppgcem\/wp-json\/wp\/v2\/comments?post=4745"}],"version-history":[{"count":8,"href":"https:\/\/wp.ufpel.edu.br\/ppgcem\/wp-json\/wp\/v2\/pages\/4745\/revisions"}],"predecessor-version":[{"id":4759,"href":"https:\/\/wp.ufpel.edu.br\/ppgcem\/wp-json\/wp\/v2\/pages\/4745\/revisions\/4759"}],"up":[{"embeddable":true,"href":"https:\/\/wp.ufpel.edu.br\/ppgcem\/wp-json\/wp\/v2\/pages\/626"}],"wp:attachment":[{"href":"https:\/\/wp.ufpel.edu.br\/ppgcem\/wp-json\/wp\/v2\/media?parent=4745"}],"curies":[{"name":"wp","href":"https:\/\/api.w.org\/{rel}","templated":true}]}}