{"id":46,"date":"2014-10-11T12:34:15","date_gmt":"2014-10-11T15:34:15","guid":{"rendered":"https:\/\/wp.ufpel.edu.br\/ppgcem\/?page_id=46"},"modified":"2024-05-13T15:41:04","modified_gmt":"2024-05-13T18:41:04","slug":"formularios","status":"publish","type":"page","link":"https:\/\/wp.ufpel.edu.br\/ppgcem\/informacoes-aos-alunos\/formularios\/","title":{"rendered":"Modelos e Formul\u00e1rios"},"content":{"rendered":"<p>PROCESSO SELETIVO<\/p>\n<ul>\n<li>Formul\u00e1rio de inscri\u00e7\u00e3o, n\u00edvel mestrado,\u00a0(acesse a p\u00e1gina correspondente ao processo seletivo vigente)<\/li>\n<li>Formul\u00e1rio de inscri\u00e7\u00e3o, n\u00edvel doutorado,\u00a0(acesse a p\u00e1gina correspondente ao processo seletivo vigente)<\/li>\n<li>Formul\u00e1rio de inscri\u00e7\u00e3o de aluno especial, (acesse a p\u00e1gina correspondente ao processo seletivo vigente)<\/li>\n<li>Modelo de Projeto de Pesquisa,\u00a0<a href=\"https:\/\/wp.ufpel.edu.br\/ppgcem\/files\/2014\/10\/Modelo-de-Projeto-de-Pesquisa.doc\">clique aqui.<\/a><\/li>\n<\/ul>\n<p>MATR\u00cdCULA\/REMATR\u00cdCULA<\/p>\n<ul>\n<li>Formul\u00e1rio de matr\u00edcula\/rematr\u00edcula,\u00a0<a href=\"https:\/\/wp.ufpel.edu.br\/ppgcem\/files\/2014\/10\/Formul\u00e1rio-2-Matr\u00edcula.doc\">clique aqui.<\/a><\/li>\n<li>Formul\u00e1rio de trancamento GERAL de matr\u00edcula,\u00a0<a href=\"https:\/\/wp.ufpel.edu.br\/ppgcem\/files\/2014\/10\/Formul\u00e1rio-10-Trancamento-de-matr\u00edcula.doc\">clique aqui.<\/a><\/li>\n<li>Formul\u00e1rio de cancelamento de matr\u00edcula em disciplina,\u00a0<a href=\"https:\/\/wp.ufpel.edu.br\/ppgcem\/files\/2014\/10\/Formul\u00e1rio-9-Cancelamento-de-matr\u00edcula-em-disciplina.doc\">clique aqui.<\/a><\/li>\n<\/ul>\n<p>Mais informa\u00e7\u00f5es em: <a href=\"https:\/\/wp.ufpel.edu.br\/ppgcem\/informacoes-aos-alunos\/matriculas\/\">Informa\u00e7\u00f5es sobre matr\u00edculas<\/a><\/p>\n<p>&nbsp;<\/p>\n<p>APROVEITAMENTO DE CR\u00c9DITOS\/DISCIPLINAS (COM OU SEM DISPENSA DE EQUIVALENTE)<\/p>\n<ul>\n<li>Formul\u00e1rio de aproveitamento, <a href=\"https:\/\/wp.ufpel.edu.br\/ppgcem\/files\/2024\/05\/Formulario-de-aproveitamento-de-creditos.doc\">clique aqui.<\/a><\/li>\n<\/ul>\n<p>Mais informa\u00e7\u00f5es em: <a href=\"https:\/\/wp.ufpel.edu.br\/ppgcem\/pt\/informacoes-aos-alunos\/aproveitamentos\/\">Informa\u00e7\u00f5es sobre aproveitamentos<\/a><\/p>\n<p>&nbsp;<\/p>\n<p>FORMALIZA\u00c7\u00c3O DE COORIENTA\u00c7\u00c3O<\/p>\n<ul>\n<li>Modelo de carta para formalizar coorienta\u00e7\u00e3o: <a href=\"https:\/\/wp.ufpel.edu.br\/ppgcem\/files\/2015\/11\/Carta_para_formalizar_coorientacao_27062013.doc\">clique aqui<\/a><\/li>\n<\/ul>\n<p>JUSTIFICATIVAS<\/p>\n<ul>\n<li>Justificativa de atividades fora do programa, <a href=\"https:\/\/wp.ufpel.edu.br\/ppgcem\/files\/2014\/10\/Justificativa-atividades-fora-do-programa.pdf\">clique aqui.<\/a><\/li>\n<li>Solicita\u00e7\u00e3o de prorroga\u00e7\u00e3o de prazo de defesa, <a href=\"https:\/\/wp.ufpel.edu.br\/ppgcem\/files\/2018\/01\/SOLICITA\u00c7\u00c3O-DE-PRORROGA\u00c7\u00c3O-DE-DATA-DE-DEFESA.docx\">clique aqui<\/a><\/li>\n<\/ul>\n<p>LICEN\u00c7A M\u00c9DICA<\/p>\n<p>Modelo de Requerimento: <a href=\"https:\/\/wp.ufpel.edu.br\/ppgcem\/files\/2018\/09\/Pericia_AlunoPPG_Requerimento.docx\">Pericia_AlunoPPG_Requerimento<\/a><\/p>\n<p>Detalhes dispon\u00edveis em:<\/p>\n<p>https:\/\/wp.ufpel.edu.br\/progep\/csqv\/pericia-medica\/<\/p>\n<p>&nbsp;<\/p>\n<p>DOC\u00caNCIA ORIENTADA<\/p>\n<ul>\n<li>Plano de est\u00e1gio de Doc\u00eancia Orientada (precisa ser entregue no in\u00edcio do semestre): <a href=\"https:\/\/wp.ufpel.edu.br\/ppgcem\/files\/2018\/08\/8_Modelo-de-D\u00f4cencia-Orientada_-proposta-colegiado.docx\">Plano de Est\u00e1gio de DO<\/a><\/li>\n<li>(Entrega ao final do semestre) Relat\u00f3rio do Professor Supervisor: <a href=\"https:\/\/wp.ufpel.edu.br\/ppgcem\/files\/2018\/08\/relatorio-do-supervisor_docencia-orientada.docx\">relatorio do supervisor_docencia orientada<\/a><\/li>\n<li>(Entrega ao final do semestre) Parece do Professor Orientador: <a href=\"https:\/\/wp.ufpel.edu.br\/ppgcem\/files\/2018\/08\/parecer-do-orientador_docencia-orientada.docx\">parecer do orientador_docencia orientada<\/a><\/li>\n<\/ul>\n<p>TERMO DE COMPROMISSO DE CONFIDENCIALIDADE<\/p>\n<ul>\n<li>Modelo de termo de compromisso de confidencialidade, <a href=\"https:\/\/wp.ufpel.edu.br\/ppgcem\/files\/2014\/10\/Termo-de-Confidencialidade.docx\">Termo de Confidencialidade<\/a><\/li>\n<\/ul>\n<p>REDA\u00c7\u00c3O DE TRABALHOS ACAD\u00caMICOS<\/p>\n<ul>\n<li>Manual de normas para reda\u00e7\u00e3o de trabalhos acad\u00eamicos UFPel,\u00a0<a href=\"https:\/\/wp.ufpel.edu.br\/sisbi\/files\/2019\/06\/manual-2.pdf\">clique aqui<\/a>.<\/li>\n<li>Esqueleto de trabalho acad\u00eamico (com capa e elementos pr\u00e9 e p\u00f3s-textuais),\u00a0<a href=\"https:\/\/wp.ufpel.edu.br\/sisbi\/files\/2017\/05\/Capa_Paginas_pre-textuais_e_pos-textuais.docx\">clique aqui.<\/a><\/li>\n<\/ul>\n<p>QUALIFICA\u00c7\u00c3O DE PROJETO DE PESQUISA<\/p>\n<ul>\n<li>Agendamento de Exame de Qualifica\u00e7\u00e3o de Mestrado: <a href=\"https:\/\/goo.gl\/forms\/2w4MMRE7R6qVc4OD3\">https:\/\/goo.gl\/forms\/2w4MMRE7R6qVc4OD3<\/a><\/li>\n<li>Agendamento de Exame de Qualifica\u00e7\u00e3o de Doutorado: <a href=\"http:\/\/clique aqui\">https:\/\/goo.gl\/forms\/UXVhqaphxZCorHu33<\/a><\/li>\n<li>Ata de defesa de exame de qualifica\u00e7\u00e3o de Projeto de Pesquisa, <a href=\"https:\/\/wp.ufpel.edu.br\/ppgcem\/files\/2022\/03\/Formulario-7-Defesa-de-qualificacao.doc\">Clique aqui<\/a><a href=\"https:\/\/wp.ufpel.edu.br\/ppgcem\/files\/2014\/10\/Formul\u00e1rio-7-Defesa-de-qualifica\u00e7\u00e3o.doc\">.<\/a><\/li>\n<\/ul>\n<p>DEFESA DE DISSERTA\u00c7\u00c3O DE MESTRADO OU TESE DE DOUTORADO<\/p>\n<ul>\n<li>Agendamento de Defesa de Disserta\u00e7\u00e3o: <a href=\"https:\/\/goo.gl\/forms\/jWJKVEVHHV56grFk2\">https:\/\/goo.gl\/forms\/jWJKVEVHHV56grFk2<\/a><\/li>\n<li>Agendamento de Defesa de Tese: <a href=\"https:\/\/goo.gl\/forms\/6cAGKkrmZ4zRufcI3\">https:\/\/goo.gl\/forms\/6cAGKkrmZ4zRufcI3<\/a><\/li>\n<li>Ata de defesa de Disserta\u00e7\u00e3o de Mestrado ou Tese de Doutorado, <a href=\"https:\/\/wp.ufpel.edu.br\/ppgcem\/files\/2022\/03\/Formulario-7-Defesa-de-qualificacao.doc\">Clique aqui<\/a><\/li>\n<\/ul>\n<p>ENTREGA DA DISSERTA\u00c7\u00c3O DE MESTRADO OU TESE DE DOUTORADO AP\u00d3S DEFESA<\/p>\n<ul>\n<li>Ver: <a href=\"https:\/\/wp.ufpel.edu.br\/ppgcem\/informacoes-aos-alunos\/documentos-para-pedido-do-diploma\/\">Documentos para diploma<\/a><\/li>\n<\/ul>\n<p>RELAT\u00d3RIO DE ATIVIDADES PARA RENOVA\u00c7\u00c3O DE BOLSA<\/p>\n<ul>\n<li>Modelo de relat\u00f3rio: <a href=\"https:\/\/wp.ufpel.edu.br\/ppgcem\/files\/2024\/05\/Modelo-a-renovacao-de-bolsa.docx\">clique aqui<\/a><\/li>\n<\/ul>\n<p>OUTROS ASSUNTOS:<\/p>\n<ul>\n<li>Modelo de formul\u00e1rio de inscri\u00e7\u00e3o no edital de Premia\u00e7\u00e3o \u00e0 Produ\u00e7\u00e3o Cient\u00edfica Discente: <a href=\"https:\/\/wp.ufpel.edu.br\/ppgcem\/files\/2019\/04\/modelo-oficio-insc-premio-producao-cientifica.docx\">modelo oficio insc premio producao cientifica<\/a><\/li>\n<li>Formul\u00e1rio a ser enviado ao professor convidado para banca, em caso de disponibilidade de pagamento de di\u00e1rias: <a href=\"https:\/\/wp.ufpel.edu.br\/ppgcem\/files\/2019\/04\/Cadastro-Externo-Pagamento-1-UFPEL-PPGCEM.doc\">Cadastro Externo Pagamento -1 UFPEL PPGCEM<\/a><\/li>\n<\/ul>\n","protected":false},"excerpt":{"rendered":"<p>PROCESSO SELETIVO Formul\u00e1rio de inscri\u00e7\u00e3o, n\u00edvel mestrado,\u00a0(acesse a p\u00e1gina correspondente ao processo seletivo vigente) Formul\u00e1rio de inscri\u00e7\u00e3o, n\u00edvel doutorado,\u00a0(acesse a p\u00e1gina correspondente ao processo seletivo vigente) Formul\u00e1rio de inscri\u00e7\u00e3o de aluno especial, (acesse a p\u00e1gina correspondente ao processo seletivo vigente) Modelo de Projeto de Pesquisa,\u00a0clique aqui. MATR\u00cdCULA\/REMATR\u00cdCULA Formul\u00e1rio de matr\u00edcula\/rematr\u00edcula,\u00a0clique aqui. Formul\u00e1rio de trancamento GERAL [&hellip;]<\/p>\n","protected":false},"author":370,"featured_media":0,"parent":626,"menu_order":-4,"comment_status":"closed","ping_status":"closed","template":"","meta":{"jetpack_post_was_ever_published":false,"footnotes":""},"class_list":["post-46","page","type-page","status-publish","hentry"],"yoast_head":"<!-- This site is optimized with the Yoast SEO plugin v26.7 - https:\/\/yoast.com\/wordpress\/plugins\/seo\/ -->\n<title>Modelos e Formul\u00e1rios &#8211; Programa de P\u00f3s-Gradua\u00e7\u00e3o em Ci\u00eancia e Engenharia de Materiais<\/title>\n<meta name=\"robots\" content=\"index, follow, max-snippet:-1, max-image-preview:large, max-video-preview:-1\" \/>\n<link rel=\"canonical\" href=\"https:\/\/wp.ufpel.edu.br\/ppgcem\/pt\/informacoes-aos-alunos\/formularios\/\" \/>\n<meta property=\"og:locale\" content=\"pt_BR\" \/>\n<meta property=\"og:type\" content=\"article\" \/>\n<meta property=\"og:title\" content=\"Modelos e Formul\u00e1rios &#8211; Programa de P\u00f3s-Gradua\u00e7\u00e3o em Ci\u00eancia e Engenharia de Materiais\" \/>\n<meta property=\"og:description\" content=\"PROCESSO SELETIVO Formul\u00e1rio de inscri\u00e7\u00e3o, n\u00edvel mestrado,\u00a0(acesse a p\u00e1gina correspondente ao processo seletivo vigente) Formul\u00e1rio de inscri\u00e7\u00e3o, n\u00edvel doutorado,\u00a0(acesse a p\u00e1gina correspondente ao processo seletivo vigente) Formul\u00e1rio de inscri\u00e7\u00e3o de aluno especial, (acesse a p\u00e1gina correspondente ao processo seletivo vigente) Modelo de Projeto de Pesquisa,\u00a0clique aqui. MATR\u00cdCULA\/REMATR\u00cdCULA Formul\u00e1rio de matr\u00edcula\/rematr\u00edcula,\u00a0clique aqui. Formul\u00e1rio de trancamento GERAL [&hellip;]\" \/>\n<meta property=\"og:url\" content=\"https:\/\/wp.ufpel.edu.br\/ppgcem\/pt\/informacoes-aos-alunos\/formularios\/\" \/>\n<meta property=\"og:site_name\" content=\"Programa de P\u00f3s-Gradua\u00e7\u00e3o em Ci\u00eancia e Engenharia de Materiais\" \/>\n<meta property=\"article:modified_time\" content=\"2024-05-13T18:41:04+00:00\" \/>\n<meta name=\"twitter:card\" content=\"summary_large_image\" \/>\n<meta name=\"twitter:label1\" content=\"Est. tempo de leitura\" \/>\n\t<meta name=\"twitter:data1\" content=\"3 minutos\" \/>\n<script type=\"application\/ld+json\" class=\"yoast-schema-graph\">{\"@context\":\"https:\/\/schema.org\",\"@graph\":[{\"@type\":\"WebPage\",\"@id\":\"https:\/\/wp.ufpel.edu.br\/ppgcem\/pt\/informacoes-aos-alunos\/formularios\/\",\"url\":\"https:\/\/wp.ufpel.edu.br\/ppgcem\/pt\/informacoes-aos-alunos\/formularios\/\",\"name\":\"Modelos e Formul\u00e1rios &#8211; Programa de P\u00f3s-Gradua\u00e7\u00e3o em Ci\u00eancia e Engenharia de Materiais\",\"isPartOf\":{\"@id\":\"https:\/\/wp.ufpel.edu.br\/ppgcem\/pt\/#website\"},\"datePublished\":\"2014-10-11T15:34:15+00:00\",\"dateModified\":\"2024-05-13T18:41:04+00:00\",\"breadcrumb\":{\"@id\":\"https:\/\/wp.ufpel.edu.br\/ppgcem\/pt\/informacoes-aos-alunos\/formularios\/#breadcrumb\"},\"inLanguage\":\"pt-BR\",\"potentialAction\":[{\"@type\":\"ReadAction\",\"target\":[\"https:\/\/wp.ufpel.edu.br\/ppgcem\/pt\/informacoes-aos-alunos\/formularios\/\"]}]},{\"@type\":\"BreadcrumbList\",\"@id\":\"https:\/\/wp.ufpel.edu.br\/ppgcem\/pt\/informacoes-aos-alunos\/formularios\/#breadcrumb\",\"itemListElement\":[{\"@type\":\"ListItem\",\"position\":1,\"name\":\"In\u00edcio\",\"item\":\"https:\/\/wp.ufpel.edu.br\/ppgcem\/pt\/\"},{\"@type\":\"ListItem\",\"position\":2,\"name\":\"Informa\u00e7\u00f5es e Documentos\",\"item\":\"https:\/\/wp.ufpel.edu.br\/ppgcem\/pt\/informacoes-aos-alunos\/\"},{\"@type\":\"ListItem\",\"position\":3,\"name\":\"Modelos e Formul\u00e1rios\"}]},{\"@type\":\"WebSite\",\"@id\":\"https:\/\/wp.ufpel.edu.br\/ppgcem\/pt\/#website\",\"url\":\"https:\/\/wp.ufpel.edu.br\/ppgcem\/pt\/\",\"name\":\"Programa de P\u00f3s-Gradua\u00e7\u00e3o em Ci\u00eancia e Engenharia de Materiais\",\"description\":\"\",\"potentialAction\":[{\"@type\":\"SearchAction\",\"target\":{\"@type\":\"EntryPoint\",\"urlTemplate\":\"https:\/\/wp.ufpel.edu.br\/ppgcem\/pt\/?s={search_term_string}\"},\"query-input\":{\"@type\":\"PropertyValueSpecification\",\"valueRequired\":true,\"valueName\":\"search_term_string\"}}],\"inLanguage\":\"pt-BR\"}]}<\/script>\n<!-- \/ Yoast SEO plugin. -->","yoast_head_json":{"title":"Modelos e Formul\u00e1rios &#8211; Programa de P\u00f3s-Gradua\u00e7\u00e3o em Ci\u00eancia e Engenharia de Materiais","robots":{"index":"index","follow":"follow","max-snippet":"max-snippet:-1","max-image-preview":"max-image-preview:large","max-video-preview":"max-video-preview:-1"},"canonical":"https:\/\/wp.ufpel.edu.br\/ppgcem\/pt\/informacoes-aos-alunos\/formularios\/","og_locale":"pt_BR","og_type":"article","og_title":"Modelos e Formul\u00e1rios &#8211; Programa de P\u00f3s-Gradua\u00e7\u00e3o em Ci\u00eancia e Engenharia de Materiais","og_description":"PROCESSO SELETIVO Formul\u00e1rio de inscri\u00e7\u00e3o, n\u00edvel mestrado,\u00a0(acesse a p\u00e1gina correspondente ao processo seletivo vigente) Formul\u00e1rio de inscri\u00e7\u00e3o, n\u00edvel doutorado,\u00a0(acesse a p\u00e1gina correspondente ao processo seletivo vigente) Formul\u00e1rio de inscri\u00e7\u00e3o de aluno especial, (acesse a p\u00e1gina correspondente ao processo seletivo vigente) Modelo de Projeto de Pesquisa,\u00a0clique aqui. MATR\u00cdCULA\/REMATR\u00cdCULA Formul\u00e1rio de matr\u00edcula\/rematr\u00edcula,\u00a0clique aqui. Formul\u00e1rio de trancamento GERAL [&hellip;]","og_url":"https:\/\/wp.ufpel.edu.br\/ppgcem\/pt\/informacoes-aos-alunos\/formularios\/","og_site_name":"Programa de P\u00f3s-Gradua\u00e7\u00e3o em Ci\u00eancia e Engenharia de Materiais","article_modified_time":"2024-05-13T18:41:04+00:00","twitter_card":"summary_large_image","twitter_misc":{"Est. tempo de leitura":"3 minutos"},"schema":{"@context":"https:\/\/schema.org","@graph":[{"@type":"WebPage","@id":"https:\/\/wp.ufpel.edu.br\/ppgcem\/pt\/informacoes-aos-alunos\/formularios\/","url":"https:\/\/wp.ufpel.edu.br\/ppgcem\/pt\/informacoes-aos-alunos\/formularios\/","name":"Modelos e Formul\u00e1rios &#8211; Programa de P\u00f3s-Gradua\u00e7\u00e3o em Ci\u00eancia e Engenharia de Materiais","isPartOf":{"@id":"https:\/\/wp.ufpel.edu.br\/ppgcem\/pt\/#website"},"datePublished":"2014-10-11T15:34:15+00:00","dateModified":"2024-05-13T18:41:04+00:00","breadcrumb":{"@id":"https:\/\/wp.ufpel.edu.br\/ppgcem\/pt\/informacoes-aos-alunos\/formularios\/#breadcrumb"},"inLanguage":"pt-BR","potentialAction":[{"@type":"ReadAction","target":["https:\/\/wp.ufpel.edu.br\/ppgcem\/pt\/informacoes-aos-alunos\/formularios\/"]}]},{"@type":"BreadcrumbList","@id":"https:\/\/wp.ufpel.edu.br\/ppgcem\/pt\/informacoes-aos-alunos\/formularios\/#breadcrumb","itemListElement":[{"@type":"ListItem","position":1,"name":"In\u00edcio","item":"https:\/\/wp.ufpel.edu.br\/ppgcem\/pt\/"},{"@type":"ListItem","position":2,"name":"Informa\u00e7\u00f5es e Documentos","item":"https:\/\/wp.ufpel.edu.br\/ppgcem\/pt\/informacoes-aos-alunos\/"},{"@type":"ListItem","position":3,"name":"Modelos e Formul\u00e1rios"}]},{"@type":"WebSite","@id":"https:\/\/wp.ufpel.edu.br\/ppgcem\/pt\/#website","url":"https:\/\/wp.ufpel.edu.br\/ppgcem\/pt\/","name":"Programa de P\u00f3s-Gradua\u00e7\u00e3o em Ci\u00eancia e Engenharia de Materiais","description":"","potentialAction":[{"@type":"SearchAction","target":{"@type":"EntryPoint","urlTemplate":"https:\/\/wp.ufpel.edu.br\/ppgcem\/pt\/?s={search_term_string}"},"query-input":{"@type":"PropertyValueSpecification","valueRequired":true,"valueName":"search_term_string"}}],"inLanguage":"pt-BR"}]}},"jetpack_sharing_enabled":true,"jetpack_shortlink":"https:\/\/wp.me\/P8zk0j-K","_links":{"self":[{"href":"https:\/\/wp.ufpel.edu.br\/ppgcem\/wp-json\/wp\/v2\/pages\/46","targetHints":{"allow":["GET"]}}],"collection":[{"href":"https:\/\/wp.ufpel.edu.br\/ppgcem\/wp-json\/wp\/v2\/pages"}],"about":[{"href":"https:\/\/wp.ufpel.edu.br\/ppgcem\/wp-json\/wp\/v2\/types\/page"}],"author":[{"embeddable":true,"href":"https:\/\/wp.ufpel.edu.br\/ppgcem\/wp-json\/wp\/v2\/users\/370"}],"replies":[{"embeddable":true,"href":"https:\/\/wp.ufpel.edu.br\/ppgcem\/wp-json\/wp\/v2\/comments?post=46"}],"version-history":[{"count":64,"href":"https:\/\/wp.ufpel.edu.br\/ppgcem\/wp-json\/wp\/v2\/pages\/46\/revisions"}],"predecessor-version":[{"id":4771,"href":"https:\/\/wp.ufpel.edu.br\/ppgcem\/wp-json\/wp\/v2\/pages\/46\/revisions\/4771"}],"up":[{"embeddable":true,"href":"https:\/\/wp.ufpel.edu.br\/ppgcem\/wp-json\/wp\/v2\/pages\/626"}],"wp:attachment":[{"href":"https:\/\/wp.ufpel.edu.br\/ppgcem\/wp-json\/wp\/v2\/media?parent=46"}],"curies":[{"name":"wp","href":"https:\/\/api.w.org\/{rel}","templated":true}]}}