{"id":44,"date":"2014-10-11T12:33:27","date_gmt":"2014-10-11T15:33:27","guid":{"rendered":"https:\/\/wp.ufpel.edu.br\/ppgcem\/?page_id=44"},"modified":"2025-03-17T20:18:26","modified_gmt":"2025-03-17T23:18:26","slug":"regimento","status":"publish","type":"page","link":"https:\/\/wp.ufpel.edu.br\/ppgcem\/regimento-ppgcem-2023\/regimento\/","title":{"rendered":"Regimento antigos"},"content":{"rendered":"<p><strong>Ingressantes 2020\/1: <a href=\"https:\/\/wp.ufpel.edu.br\/ppgcem\/files\/2020\/03\/PPGCEM_versao_junho_2019.pdf\">PPGCEM_versao_junho_2019<\/a><br \/>\n<\/strong><\/p>\n<p>&nbsp;<\/p>\n<p>V<strong>igente para Ingressantes a partir de 2018\/1 at\u00e9 2019\/2:<\/strong> Regimento do PPGCEM (2018):\u00a0 <a href=\"https:\/\/wp.ufpel.edu.br\/ppgcem\/files\/2018\/05\/PPGCEM_regimento_fevereiro-2018.pdf\">PPGCEM_regimento_fevereiro 2018<\/a><\/p>\n<p>&nbsp;<\/p>\n<p><strong>Vigente para Ingressantes de 2014\/1 a 2017\/2:<\/strong> Regimento <em>antigo<\/em> do PPGCEM: <a href=\"https:\/\/wp.ufpel.edu.br\/ppgcem\/files\/2014\/10\/regimento2015.pdf\">clique aqui.<\/a> e suas atualiza\u00e7\u00f5es: <a href=\"https:\/\/wp.ufpel.edu.br\/ppgcem\/files\/2014\/10\/alteracoes-no-regimento-_-site.pdf\">alteracoes no regimento _ ata 03\/2016_14_mar_PPGCEM<\/a><\/p>\n<p>Obs: \u00e9 facultado aos discentes do per\u00edodo 2014\/1 a 2019\/2 escolher entre o regimento atual ou ao antigo para se adequarem.<\/p>\n","protected":false},"excerpt":{"rendered":"<p>Ingressantes 2020\/1: PPGCEM_versao_junho_2019 &nbsp; Vigente para Ingressantes a partir de 2018\/1 at\u00e9 2019\/2: Regimento do PPGCEM (2018):\u00a0 PPGCEM_regimento_fevereiro 2018 &nbsp; Vigente para Ingressantes de 2014\/1 a 2017\/2: Regimento antigo do PPGCEM: clique aqui. e suas atualiza\u00e7\u00f5es: alteracoes no regimento _ ata 03\/2016_14_mar_PPGCEM Obs: \u00e9 facultado aos discentes do per\u00edodo 2014\/1 a 2019\/2 escolher entre o [&hellip;]<\/p>\n","protected":false},"author":370,"featured_media":0,"parent":4553,"menu_order":2,"comment_status":"closed","ping_status":"closed","template":"","meta":{"jetpack_post_was_ever_published":false,"footnotes":""},"class_list":["post-44","page","type-page","status-publish","hentry"],"yoast_head":"<!-- This site is optimized with the Yoast SEO plugin v26.7 - https:\/\/yoast.com\/wordpress\/plugins\/seo\/ -->\n<title>Regimento antigos &#8211; Programa de P\u00f3s-Gradua\u00e7\u00e3o em Ci\u00eancia e Engenharia de Materiais<\/title>\n<meta name=\"robots\" content=\"index, follow, max-snippet:-1, max-image-preview:large, max-video-preview:-1\" \/>\n<link rel=\"canonical\" href=\"https:\/\/wp.ufpel.edu.br\/ppgcem\/regimento-ppgcem-2023\/regimento\/\" \/>\n<meta property=\"og:locale\" content=\"pt_BR\" \/>\n<meta property=\"og:type\" content=\"article\" \/>\n<meta property=\"og:title\" content=\"Regimento antigos &#8211; Programa de P\u00f3s-Gradua\u00e7\u00e3o em Ci\u00eancia e Engenharia de Materiais\" \/>\n<meta property=\"og:description\" content=\"Ingressantes 2020\/1: PPGCEM_versao_junho_2019 &nbsp; Vigente para Ingressantes a partir de 2018\/1 at\u00e9 2019\/2: Regimento do PPGCEM (2018):\u00a0 PPGCEM_regimento_fevereiro 2018 &nbsp; Vigente para Ingressantes de 2014\/1 a 2017\/2: Regimento antigo do PPGCEM: clique aqui. e suas atualiza\u00e7\u00f5es: alteracoes no regimento _ ata 03\/2016_14_mar_PPGCEM Obs: \u00e9 facultado aos discentes do per\u00edodo 2014\/1 a 2019\/2 escolher entre o [&hellip;]\" \/>\n<meta property=\"og:url\" content=\"https:\/\/wp.ufpel.edu.br\/ppgcem\/regimento-ppgcem-2023\/regimento\/\" \/>\n<meta property=\"og:site_name\" content=\"Programa de P\u00f3s-Gradua\u00e7\u00e3o em Ci\u00eancia e Engenharia de Materiais\" \/>\n<meta property=\"article:modified_time\" content=\"2025-03-17T23:18:26+00:00\" \/>\n<meta name=\"twitter:card\" content=\"summary_large_image\" \/>\n<meta name=\"twitter:label1\" content=\"Est. tempo de leitura\" \/>\n\t<meta name=\"twitter:data1\" content=\"1 minuto\" \/>\n<script type=\"application\/ld+json\" class=\"yoast-schema-graph\">{\"@context\":\"https:\/\/schema.org\",\"@graph\":[{\"@type\":\"WebPage\",\"@id\":\"https:\/\/wp.ufpel.edu.br\/ppgcem\/regimento-ppgcem-2023\/regimento\/\",\"url\":\"https:\/\/wp.ufpel.edu.br\/ppgcem\/regimento-ppgcem-2023\/regimento\/\",\"name\":\"Regimento antigos &#8211; Programa de P\u00f3s-Gradua\u00e7\u00e3o em Ci\u00eancia e Engenharia de Materiais\",\"isPartOf\":{\"@id\":\"https:\/\/wp.ufpel.edu.br\/ppgcem\/pt\/#website\"},\"datePublished\":\"2014-10-11T15:33:27+00:00\",\"dateModified\":\"2025-03-17T23:18:26+00:00\",\"breadcrumb\":{\"@id\":\"https:\/\/wp.ufpel.edu.br\/ppgcem\/regimento-ppgcem-2023\/regimento\/#breadcrumb\"},\"inLanguage\":\"pt-BR\",\"potentialAction\":[{\"@type\":\"ReadAction\",\"target\":[\"https:\/\/wp.ufpel.edu.br\/ppgcem\/regimento-ppgcem-2023\/regimento\/\"]}]},{\"@type\":\"BreadcrumbList\",\"@id\":\"https:\/\/wp.ufpel.edu.br\/ppgcem\/regimento-ppgcem-2023\/regimento\/#breadcrumb\",\"itemListElement\":[{\"@type\":\"ListItem\",\"position\":1,\"name\":\"In\u00edcio\",\"item\":\"https:\/\/wp.ufpel.edu.br\/ppgcem\/pt\/\"},{\"@type\":\"ListItem\",\"position\":2,\"name\":\"Regimento PPGCEM\",\"item\":\"https:\/\/wp.ufpel.edu.br\/ppgcem\/regimento-ppgcem-2023\/\"},{\"@type\":\"ListItem\",\"position\":3,\"name\":\"Regimento antigos\"}]},{\"@type\":\"WebSite\",\"@id\":\"https:\/\/wp.ufpel.edu.br\/ppgcem\/pt\/#website\",\"url\":\"https:\/\/wp.ufpel.edu.br\/ppgcem\/pt\/\",\"name\":\"Programa de P\u00f3s-Gradua\u00e7\u00e3o em Ci\u00eancia e Engenharia de Materiais\",\"description\":\"\",\"potentialAction\":[{\"@type\":\"SearchAction\",\"target\":{\"@type\":\"EntryPoint\",\"urlTemplate\":\"https:\/\/wp.ufpel.edu.br\/ppgcem\/pt\/?s={search_term_string}\"},\"query-input\":{\"@type\":\"PropertyValueSpecification\",\"valueRequired\":true,\"valueName\":\"search_term_string\"}}],\"inLanguage\":\"pt-BR\"}]}<\/script>\n<!-- \/ Yoast SEO plugin. -->","yoast_head_json":{"title":"Regimento antigos &#8211; Programa de P\u00f3s-Gradua\u00e7\u00e3o em Ci\u00eancia e Engenharia de Materiais","robots":{"index":"index","follow":"follow","max-snippet":"max-snippet:-1","max-image-preview":"max-image-preview:large","max-video-preview":"max-video-preview:-1"},"canonical":"https:\/\/wp.ufpel.edu.br\/ppgcem\/regimento-ppgcem-2023\/regimento\/","og_locale":"pt_BR","og_type":"article","og_title":"Regimento antigos &#8211; Programa de P\u00f3s-Gradua\u00e7\u00e3o em Ci\u00eancia e Engenharia de Materiais","og_description":"Ingressantes 2020\/1: PPGCEM_versao_junho_2019 &nbsp; Vigente para Ingressantes a partir de 2018\/1 at\u00e9 2019\/2: Regimento do PPGCEM (2018):\u00a0 PPGCEM_regimento_fevereiro 2018 &nbsp; Vigente para Ingressantes de 2014\/1 a 2017\/2: Regimento antigo do PPGCEM: clique aqui. e suas atualiza\u00e7\u00f5es: alteracoes no regimento _ ata 03\/2016_14_mar_PPGCEM Obs: \u00e9 facultado aos discentes do per\u00edodo 2014\/1 a 2019\/2 escolher entre o [&hellip;]","og_url":"https:\/\/wp.ufpel.edu.br\/ppgcem\/regimento-ppgcem-2023\/regimento\/","og_site_name":"Programa de P\u00f3s-Gradua\u00e7\u00e3o em Ci\u00eancia e Engenharia de Materiais","article_modified_time":"2025-03-17T23:18:26+00:00","twitter_card":"summary_large_image","twitter_misc":{"Est. tempo de leitura":"1 minuto"},"schema":{"@context":"https:\/\/schema.org","@graph":[{"@type":"WebPage","@id":"https:\/\/wp.ufpel.edu.br\/ppgcem\/regimento-ppgcem-2023\/regimento\/","url":"https:\/\/wp.ufpel.edu.br\/ppgcem\/regimento-ppgcem-2023\/regimento\/","name":"Regimento antigos &#8211; Programa de P\u00f3s-Gradua\u00e7\u00e3o em Ci\u00eancia e Engenharia de Materiais","isPartOf":{"@id":"https:\/\/wp.ufpel.edu.br\/ppgcem\/pt\/#website"},"datePublished":"2014-10-11T15:33:27+00:00","dateModified":"2025-03-17T23:18:26+00:00","breadcrumb":{"@id":"https:\/\/wp.ufpel.edu.br\/ppgcem\/regimento-ppgcem-2023\/regimento\/#breadcrumb"},"inLanguage":"pt-BR","potentialAction":[{"@type":"ReadAction","target":["https:\/\/wp.ufpel.edu.br\/ppgcem\/regimento-ppgcem-2023\/regimento\/"]}]},{"@type":"BreadcrumbList","@id":"https:\/\/wp.ufpel.edu.br\/ppgcem\/regimento-ppgcem-2023\/regimento\/#breadcrumb","itemListElement":[{"@type":"ListItem","position":1,"name":"In\u00edcio","item":"https:\/\/wp.ufpel.edu.br\/ppgcem\/pt\/"},{"@type":"ListItem","position":2,"name":"Regimento PPGCEM","item":"https:\/\/wp.ufpel.edu.br\/ppgcem\/regimento-ppgcem-2023\/"},{"@type":"ListItem","position":3,"name":"Regimento antigos"}]},{"@type":"WebSite","@id":"https:\/\/wp.ufpel.edu.br\/ppgcem\/pt\/#website","url":"https:\/\/wp.ufpel.edu.br\/ppgcem\/pt\/","name":"Programa de P\u00f3s-Gradua\u00e7\u00e3o em Ci\u00eancia e Engenharia de Materiais","description":"","potentialAction":[{"@type":"SearchAction","target":{"@type":"EntryPoint","urlTemplate":"https:\/\/wp.ufpel.edu.br\/ppgcem\/pt\/?s={search_term_string}"},"query-input":{"@type":"PropertyValueSpecification","valueRequired":true,"valueName":"search_term_string"}}],"inLanguage":"pt-BR"}]}},"jetpack_sharing_enabled":true,"jetpack_shortlink":"https:\/\/wp.me\/P8zk0j-I","_links":{"self":[{"href":"https:\/\/wp.ufpel.edu.br\/ppgcem\/wp-json\/wp\/v2\/pages\/44","targetHints":{"allow":["GET"]}}],"collection":[{"href":"https:\/\/wp.ufpel.edu.br\/ppgcem\/wp-json\/wp\/v2\/pages"}],"about":[{"href":"https:\/\/wp.ufpel.edu.br\/ppgcem\/wp-json\/wp\/v2\/types\/page"}],"author":[{"embeddable":true,"href":"https:\/\/wp.ufpel.edu.br\/ppgcem\/wp-json\/wp\/v2\/users\/370"}],"replies":[{"embeddable":true,"href":"https:\/\/wp.ufpel.edu.br\/ppgcem\/wp-json\/wp\/v2\/comments?post=44"}],"version-history":[{"count":20,"href":"https:\/\/wp.ufpel.edu.br\/ppgcem\/wp-json\/wp\/v2\/pages\/44\/revisions"}],"predecessor-version":[{"id":4560,"href":"https:\/\/wp.ufpel.edu.br\/ppgcem\/wp-json\/wp\/v2\/pages\/44\/revisions\/4560"}],"up":[{"embeddable":true,"href":"https:\/\/wp.ufpel.edu.br\/ppgcem\/wp-json\/wp\/v2\/pages\/4553"}],"wp:attachment":[{"href":"https:\/\/wp.ufpel.edu.br\/ppgcem\/wp-json\/wp\/v2\/media?parent=44"}],"curies":[{"name":"wp","href":"https:\/\/api.w.org\/{rel}","templated":true}]}}