{"id":41,"date":"2014-10-11T12:30:36","date_gmt":"2014-10-11T15:30:36","guid":{"rendered":"https:\/\/wp.ufpel.edu.br\/ppgcem\/?page_id=41"},"modified":"2025-08-11T14:33:10","modified_gmt":"2025-08-11T17:33:10","slug":"editais","status":"publish","type":"page","link":"https:\/\/wp.ufpel.edu.br\/ppgcem\/editais\/","title":{"rendered":"Processo Seletivo"},"content":{"rendered":"<p data-start=\"0\" data-end=\"55\"><strong data-start=\"0\" data-end=\"53\">Processo Seletivo do PPGCEM \u2013 Informa\u00e7\u00f5es B\u00e1sicas<\/strong><\/p>\n<p data-start=\"57\" data-end=\"152\">O processo seletivo do PPGCEM ocorre em duas fases, conduzidas por uma Comiss\u00e3o de Avalia\u00e7\u00e3o:<\/p>\n<ol data-start=\"154\" data-end=\"548\">\n<li data-start=\"154\" data-end=\"288\"><strong data-start=\"157\" data-end=\"175\">Primeira Fase:<\/strong> Avalia\u00e7\u00e3o do Anteprojeto escrito (classificat\u00f3ria, peso 50%). O candidato deve indicar prov\u00e1veis orientadores.<\/li>\n<li data-start=\"289\" data-end=\"548\"><strong data-start=\"292\" data-end=\"309\">Segunda Fase:<\/strong> Defesa do Anteprojeto perante a Comiss\u00e3o (eliminat\u00f3ria e classificat\u00f3ria, peso 50%). A defesa tem dura\u00e7\u00e3o de at\u00e9 15 minutos (10 min de apresenta\u00e7\u00e3o + 5 min de avalia\u00e7\u00e3o). A presen\u00e7a \u00e9 obrigat\u00f3ria, e atrasos resultam em desclassifica\u00e7\u00e3o.<\/li>\n<\/ol>\n<p data-start=\"550\" data-end=\"579\"><strong data-start=\"550\" data-end=\"577\">Informa\u00e7\u00f5es adicionais:<\/strong><\/p>\n<ul data-start=\"580\" data-end=\"961\" data-is-last-node=\"\" data-is-only-node=\"\">\n<li data-start=\"580\" data-end=\"688\">Os editais s\u00e3o gratuitos e publicados na p\u00e1gina do PPGCEM, com inscri\u00e7\u00f5es abertas em fluxo cont\u00ednuo.<\/li>\n<li data-start=\"689\" data-end=\"769\">Bolsas internas s\u00e3o concedidas com base na produ\u00e7\u00e3o acad\u00eamica dos discentes.<\/li>\n<li data-start=\"770\" data-end=\"890\">Candidatos que necessitem realizar a sele\u00e7\u00e3o de forma virtual devem agendar o processo junto \u00e0 secretaria do PPGCEM.<\/li>\n<li data-start=\"891\" data-end=\"961\" data-is-last-node=\"\">Homologa\u00e7\u00f5es e resultados s\u00e3o sempre divulgados na p\u00e1gina do PPGCEM.<\/li>\n<\/ul>\n","protected":false},"excerpt":{"rendered":"<p>Processo Seletivo do PPGCEM \u2013 Informa\u00e7\u00f5es B\u00e1sicas O processo seletivo do PPGCEM ocorre em duas fases, conduzidas por uma Comiss\u00e3o de Avalia\u00e7\u00e3o: Primeira Fase: Avalia\u00e7\u00e3o do Anteprojeto escrito (classificat\u00f3ria, peso 50%). O candidato deve indicar prov\u00e1veis orientadores. Segunda Fase: Defesa do Anteprojeto perante a Comiss\u00e3o (eliminat\u00f3ria e classificat\u00f3ria, peso 50%). A defesa tem dura\u00e7\u00e3o de [&hellip;]<\/p>\n","protected":false},"author":370,"featured_media":0,"parent":0,"menu_order":3,"comment_status":"closed","ping_status":"closed","template":"","meta":{"jetpack_post_was_ever_published":false,"footnotes":""},"class_list":["post-41","page","type-page","status-publish","hentry"],"yoast_head":"<!-- This site is optimized with the Yoast SEO plugin v26.7 - https:\/\/yoast.com\/wordpress\/plugins\/seo\/ -->\n<title>Processo Seletivo &#8211; Programa de P\u00f3s-Gradua\u00e7\u00e3o em Ci\u00eancia e Engenharia de Materiais<\/title>\n<meta name=\"robots\" content=\"index, follow, max-snippet:-1, max-image-preview:large, max-video-preview:-1\" \/>\n<link rel=\"canonical\" href=\"https:\/\/wp.ufpel.edu.br\/ppgcem\/editais\/\" \/>\n<meta property=\"og:locale\" content=\"pt_BR\" \/>\n<meta property=\"og:type\" content=\"article\" \/>\n<meta property=\"og:title\" content=\"Processo Seletivo &#8211; Programa de P\u00f3s-Gradua\u00e7\u00e3o em Ci\u00eancia e Engenharia de Materiais\" \/>\n<meta property=\"og:description\" content=\"Processo Seletivo do PPGCEM \u2013 Informa\u00e7\u00f5es B\u00e1sicas O processo seletivo do PPGCEM ocorre em duas fases, conduzidas por uma Comiss\u00e3o de Avalia\u00e7\u00e3o: Primeira Fase: Avalia\u00e7\u00e3o do Anteprojeto escrito (classificat\u00f3ria, peso 50%). O candidato deve indicar prov\u00e1veis orientadores. Segunda Fase: Defesa do Anteprojeto perante a Comiss\u00e3o (eliminat\u00f3ria e classificat\u00f3ria, peso 50%). A defesa tem dura\u00e7\u00e3o de [&hellip;]\" \/>\n<meta property=\"og:url\" content=\"https:\/\/wp.ufpel.edu.br\/ppgcem\/editais\/\" \/>\n<meta property=\"og:site_name\" content=\"Programa de P\u00f3s-Gradua\u00e7\u00e3o em Ci\u00eancia e Engenharia de Materiais\" \/>\n<meta property=\"article:modified_time\" content=\"2025-08-11T17:33:10+00:00\" \/>\n<meta name=\"twitter:card\" content=\"summary_large_image\" \/>\n<meta name=\"twitter:label1\" content=\"Est. tempo de leitura\" \/>\n\t<meta name=\"twitter:data1\" content=\"1 minuto\" \/>\n<script type=\"application\/ld+json\" class=\"yoast-schema-graph\">{\"@context\":\"https:\/\/schema.org\",\"@graph\":[{\"@type\":\"WebPage\",\"@id\":\"https:\/\/wp.ufpel.edu.br\/ppgcem\/editais\/\",\"url\":\"https:\/\/wp.ufpel.edu.br\/ppgcem\/editais\/\",\"name\":\"Processo Seletivo &#8211; Programa de P\u00f3s-Gradua\u00e7\u00e3o em Ci\u00eancia e Engenharia de Materiais\",\"isPartOf\":{\"@id\":\"https:\/\/wp.ufpel.edu.br\/ppgcem\/pt\/#website\"},\"datePublished\":\"2014-10-11T15:30:36+00:00\",\"dateModified\":\"2025-08-11T17:33:10+00:00\",\"breadcrumb\":{\"@id\":\"https:\/\/wp.ufpel.edu.br\/ppgcem\/editais\/#breadcrumb\"},\"inLanguage\":\"pt-BR\",\"potentialAction\":[{\"@type\":\"ReadAction\",\"target\":[\"https:\/\/wp.ufpel.edu.br\/ppgcem\/editais\/\"]}]},{\"@type\":\"BreadcrumbList\",\"@id\":\"https:\/\/wp.ufpel.edu.br\/ppgcem\/editais\/#breadcrumb\",\"itemListElement\":[{\"@type\":\"ListItem\",\"position\":1,\"name\":\"In\u00edcio\",\"item\":\"https:\/\/wp.ufpel.edu.br\/ppgcem\/pt\/\"},{\"@type\":\"ListItem\",\"position\":2,\"name\":\"Processo Seletivo\"}]},{\"@type\":\"WebSite\",\"@id\":\"https:\/\/wp.ufpel.edu.br\/ppgcem\/pt\/#website\",\"url\":\"https:\/\/wp.ufpel.edu.br\/ppgcem\/pt\/\",\"name\":\"Programa de P\u00f3s-Gradua\u00e7\u00e3o em Ci\u00eancia e Engenharia de Materiais\",\"description\":\"\",\"potentialAction\":[{\"@type\":\"SearchAction\",\"target\":{\"@type\":\"EntryPoint\",\"urlTemplate\":\"https:\/\/wp.ufpel.edu.br\/ppgcem\/pt\/?s={search_term_string}\"},\"query-input\":{\"@type\":\"PropertyValueSpecification\",\"valueRequired\":true,\"valueName\":\"search_term_string\"}}],\"inLanguage\":\"pt-BR\"}]}<\/script>\n<!-- \/ Yoast SEO plugin. -->","yoast_head_json":{"title":"Processo Seletivo &#8211; Programa de P\u00f3s-Gradua\u00e7\u00e3o em Ci\u00eancia e Engenharia de Materiais","robots":{"index":"index","follow":"follow","max-snippet":"max-snippet:-1","max-image-preview":"max-image-preview:large","max-video-preview":"max-video-preview:-1"},"canonical":"https:\/\/wp.ufpel.edu.br\/ppgcem\/editais\/","og_locale":"pt_BR","og_type":"article","og_title":"Processo Seletivo &#8211; Programa de P\u00f3s-Gradua\u00e7\u00e3o em Ci\u00eancia e Engenharia de Materiais","og_description":"Processo Seletivo do PPGCEM \u2013 Informa\u00e7\u00f5es B\u00e1sicas O processo seletivo do PPGCEM ocorre em duas fases, conduzidas por uma Comiss\u00e3o de Avalia\u00e7\u00e3o: Primeira Fase: Avalia\u00e7\u00e3o do Anteprojeto escrito (classificat\u00f3ria, peso 50%). O candidato deve indicar prov\u00e1veis orientadores. Segunda Fase: Defesa do Anteprojeto perante a Comiss\u00e3o (eliminat\u00f3ria e classificat\u00f3ria, peso 50%). A defesa tem dura\u00e7\u00e3o de [&hellip;]","og_url":"https:\/\/wp.ufpel.edu.br\/ppgcem\/editais\/","og_site_name":"Programa de P\u00f3s-Gradua\u00e7\u00e3o em Ci\u00eancia e Engenharia de Materiais","article_modified_time":"2025-08-11T17:33:10+00:00","twitter_card":"summary_large_image","twitter_misc":{"Est. tempo de leitura":"1 minuto"},"schema":{"@context":"https:\/\/schema.org","@graph":[{"@type":"WebPage","@id":"https:\/\/wp.ufpel.edu.br\/ppgcem\/editais\/","url":"https:\/\/wp.ufpel.edu.br\/ppgcem\/editais\/","name":"Processo Seletivo &#8211; Programa de P\u00f3s-Gradua\u00e7\u00e3o em Ci\u00eancia e Engenharia de Materiais","isPartOf":{"@id":"https:\/\/wp.ufpel.edu.br\/ppgcem\/pt\/#website"},"datePublished":"2014-10-11T15:30:36+00:00","dateModified":"2025-08-11T17:33:10+00:00","breadcrumb":{"@id":"https:\/\/wp.ufpel.edu.br\/ppgcem\/editais\/#breadcrumb"},"inLanguage":"pt-BR","potentialAction":[{"@type":"ReadAction","target":["https:\/\/wp.ufpel.edu.br\/ppgcem\/editais\/"]}]},{"@type":"BreadcrumbList","@id":"https:\/\/wp.ufpel.edu.br\/ppgcem\/editais\/#breadcrumb","itemListElement":[{"@type":"ListItem","position":1,"name":"In\u00edcio","item":"https:\/\/wp.ufpel.edu.br\/ppgcem\/pt\/"},{"@type":"ListItem","position":2,"name":"Processo Seletivo"}]},{"@type":"WebSite","@id":"https:\/\/wp.ufpel.edu.br\/ppgcem\/pt\/#website","url":"https:\/\/wp.ufpel.edu.br\/ppgcem\/pt\/","name":"Programa de P\u00f3s-Gradua\u00e7\u00e3o em Ci\u00eancia e Engenharia de Materiais","description":"","potentialAction":[{"@type":"SearchAction","target":{"@type":"EntryPoint","urlTemplate":"https:\/\/wp.ufpel.edu.br\/ppgcem\/pt\/?s={search_term_string}"},"query-input":{"@type":"PropertyValueSpecification","valueRequired":true,"valueName":"search_term_string"}}],"inLanguage":"pt-BR"}]}},"jetpack_sharing_enabled":true,"jetpack_shortlink":"https:\/\/wp.me\/P8zk0j-F","_links":{"self":[{"href":"https:\/\/wp.ufpel.edu.br\/ppgcem\/wp-json\/wp\/v2\/pages\/41","targetHints":{"allow":["GET"]}}],"collection":[{"href":"https:\/\/wp.ufpel.edu.br\/ppgcem\/wp-json\/wp\/v2\/pages"}],"about":[{"href":"https:\/\/wp.ufpel.edu.br\/ppgcem\/wp-json\/wp\/v2\/types\/page"}],"author":[{"embeddable":true,"href":"https:\/\/wp.ufpel.edu.br\/ppgcem\/wp-json\/wp\/v2\/users\/370"}],"replies":[{"embeddable":true,"href":"https:\/\/wp.ufpel.edu.br\/ppgcem\/wp-json\/wp\/v2\/comments?post=41"}],"version-history":[{"count":4,"href":"https:\/\/wp.ufpel.edu.br\/ppgcem\/wp-json\/wp\/v2\/pages\/41\/revisions"}],"predecessor-version":[{"id":5295,"href":"https:\/\/wp.ufpel.edu.br\/ppgcem\/wp-json\/wp\/v2\/pages\/41\/revisions\/5295"}],"wp:attachment":[{"href":"https:\/\/wp.ufpel.edu.br\/ppgcem\/wp-json\/wp\/v2\/media?parent=41"}],"curies":[{"name":"wp","href":"https:\/\/api.w.org\/{rel}","templated":true}]}}