{"id":3748,"date":"2021-07-17T21:45:04","date_gmt":"2021-07-18T00:45:04","guid":{"rendered":"https:\/\/wp.ufpel.edu.br\/ppgcem\/?page_id=3748"},"modified":"2025-03-17T15:02:15","modified_gmt":"2025-03-17T18:02:15","slug":"autoavaliacao","status":"publish","type":"page","link":"https:\/\/wp.ufpel.edu.br\/ppgcem\/autoavaliacao\/","title":{"rendered":"Autoavalia\u00e7\u00e3o"},"content":{"rendered":"<p style=\"text-align: center;\">Autoavalia\u00e7\u00e3o no PPGCEM (2024)<\/p>\n<p>O Programa de P\u00f3s-Gradua\u00e7\u00e3o em Ci\u00eancia e Engenharia de Materiais (PPGCEM) da Universidade Federal de Pelotas (UFPel) implementou, a partir de 2019, um processo estruturado e cont\u00ednuo de autoavalia\u00e7\u00e3o, com o objetivo de monitorar e aprimorar a qualidade da forma\u00e7\u00e3o discente e fortalecer a produ\u00e7\u00e3o intelectual do Programa. Essa iniciativa visou identificar desafios e oportunidades, orientando a\u00e7\u00f5es estrat\u00e9gicas que contribu\u00edram para a excel\u00eancia acad\u00eamica e a inser\u00e7\u00e3o do PPGCEM em contextos regionais, nacionais e internacionais.<\/p>\n<p>A autoavalia\u00e7\u00e3o da quadrienal 2021-2024 foi realizada em meados de 2024, com base na coleta e an\u00e1lise de dados quantitativos e qualitativos, obtidos por meio de question\u00e1rios aplicados ao corpo discente, docente e egressos, al\u00e9m da an\u00e1lise de indicadores institucionais e acad\u00eamicos. Esse processo foi supervisionado por uma\u00a0<strong>comiss\u00e3o independente<\/strong>, composta por docentes permanentes e representantes discentes, respons\u00e1vel por coletar, analisar e encaminhar propostas de melhoria ao colegiado do Programa. Os instrumentos de avalia\u00e7\u00e3o abordaram aspectos fundamentais da forma\u00e7\u00e3o acad\u00eamica, como a adequa\u00e7\u00e3o das disciplinas, a infraestrutura dispon\u00edvel, o impacto da orienta\u00e7\u00e3o e a inser\u00e7\u00e3o dos egressos no mercado de trabalho. Por fim, um relat\u00f3rio\u00a0 foi enviado a um membro externo a institui\u00e7\u00e3o, a fim de avaliar o processo de Autoavalia\u00e7\u00e3o do nosso PPG, sendo aprovado todo o processo.<\/p>\n<p>Relat\u00f3rio de Autoavalia\u00e7\u00e3o pode ser acessado<a href=\"https:\/\/wp.ufpel.edu.br\/ppgcem\/files\/2025\/03\/Relatorio-de-Autoavalicao-2021-2024-PPGCEM.pdf\"> aqui.<\/a><\/p>\n<p><strong>Perspectivas Futuras<\/strong><\/p>\n<p>Os resultados apontam que o PPGCEM\/UFPel est\u00e1 em um caminho de crescimento cont\u00ednuo, mas enfrenta desafios relacionados \u00e0 infraestrutura, integra\u00e7\u00e3o, internacionaliza\u00e7\u00e3o e inser\u00e7\u00e3o profissional dos discentes. Para atender \u00e0s expectativas de sua comunidade acad\u00eamica, recomenda-se:<\/p>\n<ul>\n<li>Investir em infraestrutura e recursos financeiros, com foco em laborat\u00f3rios e consum\u00edveis.<\/li>\n<li>Fortalecer parcerias internacionais e industriais, promovendo a mobilidade e a intera\u00e7\u00e3o com<\/li>\n<\/ul>\n<p>demandas reais do mercado.<\/p>\n<ul>\n<li>Ampliar a oferta de disciplinas pr\u00e1ticas e inovadoras, integrando teoria e aplica\u00e7\u00e3o.<\/li>\n<li>Fomentar colabora\u00e7\u00f5es internas e externas, incentivando coorienta\u00e7\u00f5es e projetos multidisciplinares.<\/li>\n<\/ul>\n<p>Essa an\u00e1lise confirma o papel central do PPGCEM\/UFPel na forma\u00e7\u00e3o de profissionais altamente qualificados e na promo\u00e7\u00e3o de pesquisas inovadoras. Com a implementa\u00e7\u00e3o das melhorias sugeridas, o programa tem o potencial de se consolidar como uma refer\u00eancia nacional e internacional em Ci\u00eancia e Engenharia de Materiais.<\/p>\n<p><strong>Conclus\u00e3o<\/strong><\/p>\n<p>O processo de autoavalia\u00e7\u00e3o do PPGCEM foi fundamental para mapear a evolu\u00e7\u00e3o do Programa, identificar desafios e propor solu\u00e7\u00f5es estrat\u00e9gicas para seu aprimoramento. A an\u00e1lise dos dados demonstrou que o Programa manteve um alto n\u00edvel de qualifica\u00e7\u00e3o, refletido na satisfa\u00e7\u00e3o dos discentes, na crescente produ\u00e7\u00e3o cient\u00edfica e na inser\u00e7\u00e3o de egressos em posi\u00e7\u00f5es de destaque no meio acad\u00eamico e industrial.<\/p>\n<p>As pesquisas conduzidas no PPGCEM estiveram em sinergia com os\u00a0<strong>Objetivos de Desenvolvimento Sustent\u00e1vel (ODS) 6 (\u00c1gua Pot\u00e1vel e Saneamento), 7 (Energia Acess\u00edvel e Limpa), 9 (Ind\u00fastria, Inova\u00e7\u00e3o e Infraestrutura), 12 (Consumo e Produ\u00e7\u00e3o Respons\u00e1veis), 13 (A\u00e7\u00e3o Contra a Mudan\u00e7a Global do Clima), 15 (Vida Terrestre) e 16 (Paz, Justi\u00e7a e Institui\u00e7\u00f5es Eficazes)<\/strong>, demonstrando como a ci\u00eancia dos materiais pode contribuir diretamente para o desenvolvimento de solu\u00e7\u00f5es inovadoras e sustent\u00e1veis. Ao integrar essas \u00e1reas de pesquisa, o PPGCEM promoveu o avan\u00e7o cient\u00edfico com forte compromisso com a sustentabilidade, a inova\u00e7\u00e3o e a melhoria da qualidade de vida.<\/p>\n<p>A continuidade desse processo de autoavalia\u00e7\u00e3o ser\u00e1 fundamental para garantir que o PPGCEM se mantenha como uma refer\u00eancia nacional e internacional na \u00e1rea de Ci\u00eancia e Engenharia de Materiais, consolidando-se como um ambiente de excel\u00eancia para a forma\u00e7\u00e3o de pesquisadores e profissionais altamente capacitados.<\/p>\n<p>&nbsp;<\/p>\n<p style=\"text-align: center;\">Autoavalia\u00e7\u00e3o no PPGCEM (2020)<\/p>\n<p style=\"text-align: justify;\">A partir da atualiza\u00e7\u00e3o do Regimento do PPGCEM, as principais a\u00e7\u00f5es,\u00a0 visam criar condi\u00e7\u00f5es para superar os constantes desafios na \u00e1rea de Materiais, e nichos deficientes no PPGCEM, aprimorando a qualidade do Programa e sua competitividade, aproxima\u00e7\u00e3o com a comunidade em geral, com a\u00e7\u00f5es multidisciplinares. Quanto aos aspectos marcantes do processo de autoavalia\u00e7\u00e3o implementado a partir de 2019 no PPGCEM, ser\u00e1 utilizado como uma ferramenta que nortearam os\u00a0 processo citados acima, como a I OFICINA PEDAG\u00d3GICA DE P\u00d3S-GRADUA\u00c7\u00c3O DO CDTEC em maio de 2019 (https:\/\/wp.ufpel.edu.br\/cdtec\/files\/2019\/05\/Programa.pdf).<\/p>\n<p>&nbsp;<\/p>\n<p>Processo de autoavalia\u00e7\u00e3o de 2020<\/p>\n<p><a href=\"https:\/\/wp.ufpel.edu.br\/ppgcem\/files\/2021\/07\/Resultados-Autoavaliacao-do-PPGCEM.pdf\">Resultados Autoavalia\u00e7\u00e3o do PPGCEM<\/a><\/p>\n","protected":false},"excerpt":{"rendered":"<p>Autoavalia\u00e7\u00e3o no PPGCEM (2024) O Programa de P\u00f3s-Gradua\u00e7\u00e3o em Ci\u00eancia e Engenharia de Materiais (PPGCEM) da Universidade Federal de Pelotas (UFPel) implementou, a partir de 2019, um processo estruturado e cont\u00ednuo de autoavalia\u00e7\u00e3o, com o objetivo de monitorar e aprimorar a qualidade da forma\u00e7\u00e3o discente e fortalecer a produ\u00e7\u00e3o intelectual do Programa. Essa iniciativa visou [&hellip;]<\/p>\n","protected":false},"author":370,"featured_media":0,"parent":0,"menu_order":0,"comment_status":"closed","ping_status":"closed","template":"","meta":{"jetpack_post_was_ever_published":false,"footnotes":""},"class_list":["post-3748","page","type-page","status-publish","hentry"],"yoast_head":"<!-- This site is optimized with the Yoast SEO plugin v26.7 - https:\/\/yoast.com\/wordpress\/plugins\/seo\/ -->\n<title>Autoavalia\u00e7\u00e3o &#8211; Programa de P\u00f3s-Gradua\u00e7\u00e3o em Ci\u00eancia e Engenharia de Materiais<\/title>\n<meta name=\"robots\" content=\"index, follow, max-snippet:-1, max-image-preview:large, max-video-preview:-1\" \/>\n<link rel=\"canonical\" href=\"https:\/\/wp.ufpel.edu.br\/ppgcem\/pt\/autoavaliacao\/\" \/>\n<meta property=\"og:locale\" content=\"pt_BR\" \/>\n<meta property=\"og:type\" content=\"article\" \/>\n<meta property=\"og:title\" content=\"Autoavalia\u00e7\u00e3o &#8211; Programa de P\u00f3s-Gradua\u00e7\u00e3o em Ci\u00eancia e Engenharia de Materiais\" \/>\n<meta property=\"og:description\" content=\"Autoavalia\u00e7\u00e3o no PPGCEM (2024) O Programa de P\u00f3s-Gradua\u00e7\u00e3o em Ci\u00eancia e Engenharia de Materiais (PPGCEM) da Universidade Federal de Pelotas (UFPel) implementou, a partir de 2019, um processo estruturado e cont\u00ednuo de autoavalia\u00e7\u00e3o, com o objetivo de monitorar e aprimorar a qualidade da forma\u00e7\u00e3o discente e fortalecer a produ\u00e7\u00e3o intelectual do Programa. Essa iniciativa visou [&hellip;]\" \/>\n<meta property=\"og:url\" content=\"https:\/\/wp.ufpel.edu.br\/ppgcem\/pt\/autoavaliacao\/\" \/>\n<meta property=\"og:site_name\" content=\"Programa de P\u00f3s-Gradua\u00e7\u00e3o em Ci\u00eancia e Engenharia de Materiais\" \/>\n<meta property=\"article:modified_time\" content=\"2025-03-17T18:02:15+00:00\" \/>\n<meta name=\"twitter:card\" content=\"summary_large_image\" \/>\n<meta name=\"twitter:label1\" content=\"Est. tempo de leitura\" \/>\n\t<meta name=\"twitter:data1\" content=\"4 minutos\" \/>\n<script type=\"application\/ld+json\" class=\"yoast-schema-graph\">{\"@context\":\"https:\/\/schema.org\",\"@graph\":[{\"@type\":\"WebPage\",\"@id\":\"https:\/\/wp.ufpel.edu.br\/ppgcem\/pt\/autoavaliacao\/\",\"url\":\"https:\/\/wp.ufpel.edu.br\/ppgcem\/pt\/autoavaliacao\/\",\"name\":\"Autoavalia\u00e7\u00e3o &#8211; Programa de P\u00f3s-Gradua\u00e7\u00e3o em Ci\u00eancia e Engenharia de Materiais\",\"isPartOf\":{\"@id\":\"https:\/\/wp.ufpel.edu.br\/ppgcem\/pt\/#website\"},\"datePublished\":\"2021-07-18T00:45:04+00:00\",\"dateModified\":\"2025-03-17T18:02:15+00:00\",\"breadcrumb\":{\"@id\":\"https:\/\/wp.ufpel.edu.br\/ppgcem\/pt\/autoavaliacao\/#breadcrumb\"},\"inLanguage\":\"pt-BR\",\"potentialAction\":[{\"@type\":\"ReadAction\",\"target\":[\"https:\/\/wp.ufpel.edu.br\/ppgcem\/pt\/autoavaliacao\/\"]}]},{\"@type\":\"BreadcrumbList\",\"@id\":\"https:\/\/wp.ufpel.edu.br\/ppgcem\/pt\/autoavaliacao\/#breadcrumb\",\"itemListElement\":[{\"@type\":\"ListItem\",\"position\":1,\"name\":\"In\u00edcio\",\"item\":\"https:\/\/wp.ufpel.edu.br\/ppgcem\/pt\/\"},{\"@type\":\"ListItem\",\"position\":2,\"name\":\"Autoavalia\u00e7\u00e3o\"}]},{\"@type\":\"WebSite\",\"@id\":\"https:\/\/wp.ufpel.edu.br\/ppgcem\/pt\/#website\",\"url\":\"https:\/\/wp.ufpel.edu.br\/ppgcem\/pt\/\",\"name\":\"Programa de P\u00f3s-Gradua\u00e7\u00e3o em Ci\u00eancia e Engenharia de Materiais\",\"description\":\"\",\"potentialAction\":[{\"@type\":\"SearchAction\",\"target\":{\"@type\":\"EntryPoint\",\"urlTemplate\":\"https:\/\/wp.ufpel.edu.br\/ppgcem\/pt\/?s={search_term_string}\"},\"query-input\":{\"@type\":\"PropertyValueSpecification\",\"valueRequired\":true,\"valueName\":\"search_term_string\"}}],\"inLanguage\":\"pt-BR\"}]}<\/script>\n<!-- \/ Yoast SEO plugin. -->","yoast_head_json":{"title":"Autoavalia\u00e7\u00e3o &#8211; Programa de P\u00f3s-Gradua\u00e7\u00e3o em Ci\u00eancia e Engenharia de Materiais","robots":{"index":"index","follow":"follow","max-snippet":"max-snippet:-1","max-image-preview":"max-image-preview:large","max-video-preview":"max-video-preview:-1"},"canonical":"https:\/\/wp.ufpel.edu.br\/ppgcem\/pt\/autoavaliacao\/","og_locale":"pt_BR","og_type":"article","og_title":"Autoavalia\u00e7\u00e3o &#8211; Programa de P\u00f3s-Gradua\u00e7\u00e3o em Ci\u00eancia e Engenharia de Materiais","og_description":"Autoavalia\u00e7\u00e3o no PPGCEM (2024) O Programa de P\u00f3s-Gradua\u00e7\u00e3o em Ci\u00eancia e Engenharia de Materiais (PPGCEM) da Universidade Federal de Pelotas (UFPel) implementou, a partir de 2019, um processo estruturado e cont\u00ednuo de autoavalia\u00e7\u00e3o, com o objetivo de monitorar e aprimorar a qualidade da forma\u00e7\u00e3o discente e fortalecer a produ\u00e7\u00e3o intelectual do Programa. Essa iniciativa visou [&hellip;]","og_url":"https:\/\/wp.ufpel.edu.br\/ppgcem\/pt\/autoavaliacao\/","og_site_name":"Programa de P\u00f3s-Gradua\u00e7\u00e3o em Ci\u00eancia e Engenharia de Materiais","article_modified_time":"2025-03-17T18:02:15+00:00","twitter_card":"summary_large_image","twitter_misc":{"Est. tempo de leitura":"4 minutos"},"schema":{"@context":"https:\/\/schema.org","@graph":[{"@type":"WebPage","@id":"https:\/\/wp.ufpel.edu.br\/ppgcem\/pt\/autoavaliacao\/","url":"https:\/\/wp.ufpel.edu.br\/ppgcem\/pt\/autoavaliacao\/","name":"Autoavalia\u00e7\u00e3o &#8211; Programa de P\u00f3s-Gradua\u00e7\u00e3o em Ci\u00eancia e Engenharia de Materiais","isPartOf":{"@id":"https:\/\/wp.ufpel.edu.br\/ppgcem\/pt\/#website"},"datePublished":"2021-07-18T00:45:04+00:00","dateModified":"2025-03-17T18:02:15+00:00","breadcrumb":{"@id":"https:\/\/wp.ufpel.edu.br\/ppgcem\/pt\/autoavaliacao\/#breadcrumb"},"inLanguage":"pt-BR","potentialAction":[{"@type":"ReadAction","target":["https:\/\/wp.ufpel.edu.br\/ppgcem\/pt\/autoavaliacao\/"]}]},{"@type":"BreadcrumbList","@id":"https:\/\/wp.ufpel.edu.br\/ppgcem\/pt\/autoavaliacao\/#breadcrumb","itemListElement":[{"@type":"ListItem","position":1,"name":"In\u00edcio","item":"https:\/\/wp.ufpel.edu.br\/ppgcem\/pt\/"},{"@type":"ListItem","position":2,"name":"Autoavalia\u00e7\u00e3o"}]},{"@type":"WebSite","@id":"https:\/\/wp.ufpel.edu.br\/ppgcem\/pt\/#website","url":"https:\/\/wp.ufpel.edu.br\/ppgcem\/pt\/","name":"Programa de P\u00f3s-Gradua\u00e7\u00e3o em Ci\u00eancia e Engenharia de Materiais","description":"","potentialAction":[{"@type":"SearchAction","target":{"@type":"EntryPoint","urlTemplate":"https:\/\/wp.ufpel.edu.br\/ppgcem\/pt\/?s={search_term_string}"},"query-input":{"@type":"PropertyValueSpecification","valueRequired":true,"valueName":"search_term_string"}}],"inLanguage":"pt-BR"}]}},"jetpack_sharing_enabled":true,"jetpack_shortlink":"https:\/\/wp.me\/P8zk0j-Ys","_links":{"self":[{"href":"https:\/\/wp.ufpel.edu.br\/ppgcem\/wp-json\/wp\/v2\/pages\/3748","targetHints":{"allow":["GET"]}}],"collection":[{"href":"https:\/\/wp.ufpel.edu.br\/ppgcem\/wp-json\/wp\/v2\/pages"}],"about":[{"href":"https:\/\/wp.ufpel.edu.br\/ppgcem\/wp-json\/wp\/v2\/types\/page"}],"author":[{"embeddable":true,"href":"https:\/\/wp.ufpel.edu.br\/ppgcem\/wp-json\/wp\/v2\/users\/370"}],"replies":[{"embeddable":true,"href":"https:\/\/wp.ufpel.edu.br\/ppgcem\/wp-json\/wp\/v2\/comments?post=3748"}],"version-history":[{"count":5,"href":"https:\/\/wp.ufpel.edu.br\/ppgcem\/wp-json\/wp\/v2\/pages\/3748\/revisions"}],"predecessor-version":[{"id":5033,"href":"https:\/\/wp.ufpel.edu.br\/ppgcem\/wp-json\/wp\/v2\/pages\/3748\/revisions\/5033"}],"wp:attachment":[{"href":"https:\/\/wp.ufpel.edu.br\/ppgcem\/wp-json\/wp\/v2\/media?parent=3748"}],"curies":[{"name":"wp","href":"https:\/\/api.w.org\/{rel}","templated":true}]}}