{"id":37,"date":"2014-10-10T20:35:05","date_gmt":"2014-10-10T23:35:05","guid":{"rendered":"https:\/\/wp.ufpel.edu.br\/ppgcem\/?page_id=37"},"modified":"2025-03-17T21:06:16","modified_gmt":"2025-03-18T00:06:16","slug":"disciplinas","status":"publish","type":"page","link":"https:\/\/wp.ufpel.edu.br\/ppgcem\/disciplinas-2\/disciplinas\/","title":{"rendered":"Regime Did\u00e1tico-Cient\u00edfico \/ Ementas"},"content":{"rendered":"<p><em>Estrutura curricular<\/em><\/p>\n<p><em>Durante a quadrienal da CAPES (2017-2020), a estrutura curricular do PPGCEM foi revisada para melhor atender \u00e0s necessidades dos alunos. Em 2017, iniciou-se a reformula\u00e7\u00e3o da oferta de disciplinas, adotando regime concentrado ou regular e reduzindo a carga hor\u00e1ria das optativas para 2 cr\u00e9ditos. Criou-se tamb\u00e9m a disciplina de Reda\u00e7\u00e3o de Textos Cient\u00edficos e Tecnol\u00f3gicos para apoiar a elabora\u00e7\u00e3o de artigos e relat\u00f3rios. Em 2018, uma nova estrutura curricular foi aprovada, consolidando uma \u00fanica \u00e1rea de concentra\u00e7\u00e3o, &#8220;Materiais&#8221;, com cinco linhas de pesquisa: Engenharia de Superf\u00edcies, Biomateriais, Energias Renov\u00e1veis, Materiais Comp\u00f3sitos, Materiais Forenses e Ambientais, e Materiais Nanoestruturados.<\/em><\/p>\n<p><em>Em 2023, o <a href=\"https:\/\/wp.ufpel.edu.br\/ppgcem\/files\/2023\/11\/Regimento-PPGCEM-2023.pdf\">regimento<\/a> foi atualizado para alinhar-se \u00e0s diretrizes da CAPES. O sistema de cr\u00e9ditos manteve 20 cr\u00e9ditos para mestrado (10 obrigat\u00f3rios) e 40 para doutorado (15 obrigat\u00f3rios). Por fim, o novo regimento refor\u00e7a a flexibilidade para os discentes cursarem disciplinas em outros programas da UFPel ou institui\u00e7\u00f5es, desde que haja aprova\u00e7\u00e3o pelo colegiado.<\/em><\/p>\n<p><em>As disciplinas regulares s\u00e3o classificadas em obrigat\u00f3rias e optativas. As obrigat\u00f3rias para mestrado e doutorado s\u00e3o: Ci\u00eancia dos Materiais I, Doc\u00eancia Orientada, Semin\u00e1rios I e II, Reda\u00e7\u00e3o de Artigos Cient\u00edficos e Tecnol\u00f3gicos e Elabora\u00e7\u00e3o de disserta\u00e7\u00e3o\/tese. J\u00e1 as optativas para mestrandos e doutorandos s\u00e3o: Biomateriais, Bioengenharia Aplicada ao Desenvolvimento de Biomateriais, Ci\u00eancia dos Materiais II, Estat\u00edstica Aplicada \u00e0 Engenharia, Filmes Finos, Gerenciamento de Projetos e Empreendedorismo, Materiais Comp\u00f3sitos, Mec\u00e2nica da Fratura, Nanocomposites, Nanotecnologia, Patologia da Madeira, Processamento de Materiais, Processamento de Materiais I, Processamento de Materiais II, Simula\u00e7\u00e3o Computacional de Materiais, Simula\u00e7\u00e3o de Materiais, T\u00e9cnicas Anal\u00edticas em Caracteriza\u00e7\u00e3o de Materiais I, T\u00e9cnicas Anal\u00edticas em Caracteriza\u00e7\u00e3o de Materiais II, T\u00e9cnicas Anal\u00edticas em Caracteriza\u00e7\u00e3o de Materiais III, T\u00e9cnicas Anal\u00edticas em Caracteriza\u00e7\u00e3o de Materiais VI, Tecnologia da Madeira, Termodin\u00e2mica e Tribologia. Ao final do ano de 2024, ap\u00f3s aprova\u00e7\u00e3o no colegiado do PPGCEM, na C\u00e2mara de P\u00f3s-Gradua\u00e7\u00e3o e no COCEPE, foram criadas duas disciplinas no programa: Elabora\u00e7\u00e3o de Disserta\u00e7\u00e3o e Tese em Materiais: disciplina voltada para discentes em fase de elabora\u00e7\u00e3o de seus documentos finais de mestrado e doutorado. Essa novidade est\u00e1 associada \u00e0 carga hor\u00e1ria de 4 cr\u00e9ditos, que ser\u00e1 contabilizada nos hist\u00f3ricos acad\u00eamicos dos discentes a partir de sua cria\u00e7\u00e3o. Nanotecnologia e Aplica\u00e7\u00f5es Biol\u00f3gicas: disciplina criada para aplica\u00e7\u00f5es pr\u00e1ticas dentro do Hub Tecnol\u00f3gico. Seu objetivo \u00e9 inserir os discentes do PPGCEM em t\u00e9cnicas laboratoriais, como cromatografias, an\u00e1lises t\u00e9rmicas e espectroscopia no infravermelho, de forma pr\u00e1tica. As disciplinas optativas poder\u00e3o ser ofertadas em regime concentrado, mediante aprova\u00e7\u00e3o do Colegiado. <\/em><\/p>\n<p>Lista de disciplinas ofertadas pelo PPGCEM e suas respectivas ementas:<\/p>\n<h3><strong>Bioengenharia Aplicada ao Desenvolvimento de Biomateriais<\/strong><\/h3>\n<p><strong>C\u00f3digo:<\/strong>\u00a01118087 \u2013\u00a0<strong>Cr\u00e9ditos:<\/strong>\u00a02<br \/>\n<strong>Ementa:<\/strong>\u00a0Engenharia de tecidos, substitutos biol\u00f3gicos, restaura\u00e7\u00e3o de \u00f3rg\u00e3os. Fatores indutores (fatores de crescimento), c\u00e9lulas com capacidade de resposta (c\u00e9lulas-tronco) e um scaffold (matriz polim\u00e9rica). Mundo microbiano; morfologia de microrganismos; t\u00e9cnica de biologia molecular; aplica\u00e7\u00f5es da microbiologia ao desenvolvimento de biomateriais.<\/p>\n<p>&nbsp;<\/p>\n<h3><strong>Biomateriais<\/strong><\/h3>\n<p><strong>C\u00f3digo:<\/strong>\u00a01118073 \u2013\u00a0<strong>Cr\u00e9ditos:<\/strong>\u00a02<br \/>\n<strong>Ementa:<\/strong>\u00a0Biomateriais: classifica\u00e7\u00e3o e sele\u00e7\u00e3o. Biomateriais como substitutos de tecidos moles e tecidos duros. Materiais para aplica\u00e7\u00f5es em sistemas cardiovasculares. Modifica\u00e7\u00e3o da superf\u00edcie. Recobrimentos bioativos. T\u00e9cnicas de caracteriza\u00e7\u00e3o de superf\u00edcies. Fisiologia do osso. Intera\u00e7\u00e3o osso-implante. Avalia\u00e7\u00e3o e desempenho biol\u00f3gico de materiais (in vitro e in vivo). Mat\u00e9rias-primas naturais. Pol\u00edmeros biodegrad\u00e1veis.<\/p>\n<p>&nbsp;<\/p>\n<h3><strong>Ci\u00eancia dos Materiais 1<\/strong><\/h3>\n<p><strong>C\u00f3digo:<\/strong>\u00a01110010 \u2013\u00a0<strong>Cr\u00e9ditos:<\/strong>\u00a04<br \/>\n<strong>Ementa:<\/strong>\u00a0Introdu\u00e7\u00e3o \u00e0 Ci\u00eancia dos Materiais. Liga\u00e7\u00f5es Qu\u00edmicas. Estrutura At\u00f4mica. Estrutura dos S\u00f3lidos Cristalinos. Imperfei\u00e7\u00f5es em S\u00f3lidos. Difus\u00e3o em S\u00f3lidos. Propriedades Mec\u00e2nicas. Diagramas de Fases. Materiais Cer\u00e2micos. Materiais Polim\u00e9ricos. Materiais Comp\u00f3sitos.<\/p>\n<p>&nbsp;<\/p>\n<h3><strong>Elabora\u00e7\u00e3o de Disserta\u00e7\u00e3o e Tese em Materiais<\/strong><\/h3>\n<p><strong>C\u00f3digo:<\/strong>\u00a022000585 \u2013\u00a0<strong>Cr\u00e9ditos:<\/strong>\u00a04<br \/>\n<strong>Ementa:<\/strong>\u00a0Orienta\u00e7\u00e3o no processo de estrutura\u00e7\u00e3o e reda\u00e7\u00e3o de disserta\u00e7\u00f5es e teses em ci\u00eancia dos materiais, abordando metodologias de pesquisa, organiza\u00e7\u00e3o do conte\u00fado, normas cient\u00edficas e estrat\u00e9gias para reda\u00e7\u00e3o t\u00e9cnica e revis\u00e3o de literatura. Discuss\u00e3o de aspectos fundamentais da constru\u00e7\u00e3o de cap\u00edtulos, revis\u00e3o cr\u00edtica da literatura, elabora\u00e7\u00e3o de figuras e tabelas e submiss\u00e3o para defesa e publica\u00e7\u00e3o. Aulas incluem pr\u00e1ticas de revis\u00e3o textual e an\u00e1lise de refer\u00eancias relevantes.<\/p>\n<p>&nbsp;<\/p>\n<h3><strong>Gest\u00e3o de Projetos e Empreendedorismo<\/strong><\/h3>\n<p><strong>C\u00f3digo:<\/strong>\u00a01118075 \u2013\u00a0<strong>Cr\u00e9ditos:<\/strong>\u00a02<br \/>\n<strong>Ementa:<\/strong>\u00a0Fundamentos de gest\u00e3o de projetos com foco em planejamento, execu\u00e7\u00e3o e controle. Ferramentas e metodologias para gerenciamento eficiente de recursos e riscos. Conceitos de empreendedorismo, inova\u00e7\u00e3o e cria\u00e7\u00e3o de neg\u00f3cios. Estrat\u00e9gias para o desenvolvimento de startups e projetos tecnol\u00f3gicos no ambiente acad\u00eamico e industrial.<\/p>\n<p>&nbsp;<\/p>\n<h3><strong>Materiais Comp\u00f3sitos<\/strong><\/h3>\n<p><strong>C\u00f3digo:<\/strong>\u00a01118076 \u2013\u00a0<strong>Cr\u00e9ditos:<\/strong>\u00a02<br \/>\n<strong>Ementa:<\/strong>\u00a0Defini\u00e7\u00f5es, requisitos, benef\u00edcios e limita\u00e7\u00f5es. Tipos e estruturas de refor\u00e7o. Tipos de matrizes. Ades\u00e3o e interface refor\u00e7o\/matriz. Processamento de materiais comp\u00f3sitos. Comportamento t\u00e9rmico e mec\u00e2nico. Aplica\u00e7\u00f5es.<\/p>\n<p>&nbsp;<\/p>\n<h3><strong>Mec\u00e2nica da Fratura<\/strong><\/h3>\n<p><strong>C\u00f3digo:<\/strong>\u00a01118077 \u2013\u00a0<strong>Cr\u00e9ditos:<\/strong>\u00a01<br \/>\n<strong>Ementa:<\/strong>\u00a0Tens\u00f5es e deforma\u00e7\u00f5es. Princ\u00edpios gerais da Resist\u00eancia dos Materiais. Esfor\u00e7os solicitantes. An\u00e1lise de pe\u00e7as submetidas a esfor\u00e7os simples e combinados. Energia de deforma\u00e7\u00e3o. Propriedades gerais dos materiais. Estudo das principais causas de falhas em materiais. Revis\u00e3o de estados de tens\u00f5es atuantes. Fadiga controlada por tens\u00e3o e deforma\u00e7\u00e3o. Contagem de ciclos e ac\u00famulo de danos. Mec\u00e2nica de fratura linear el\u00e1stica e elasto-pl\u00e1stica. Curvas R, Integral-J, CTOD. Mec\u00e2nica de fratura aplicada \u00e0 fadiga e an\u00e1lise de casos pr\u00e1ticos.<\/p>\n<p>&nbsp;<\/p>\n<h3><strong>Nanocomposites<\/strong><\/h3>\n<p><strong>C\u00f3digo:<\/strong>\u00a022000359 \u2013\u00a0<strong>Cr\u00e9ditos:<\/strong>\u00a02<br \/>\n<strong>Ementa:<\/strong>\u00a0Introdu\u00e7\u00e3o a nanomateriais e nanocomp\u00f3sitos para aplica\u00e7\u00f5es avan\u00e7adas em fabrica\u00e7\u00e3o, transporte, energia, meio ambiente e embalagem. Nanocomp\u00f3sitos na natureza. Dispers\u00e3o, mistura de nanopart\u00edculas e l\u00edquidos, teoria da percola\u00e7\u00e3o. Fabrica\u00e7\u00e3o de nanocomp\u00f3sitos polim\u00e9ricos e modifica\u00e7\u00e3o de nanopart\u00edculas para funcionalidade controlada. Propriedades mec\u00e2nicas, el\u00e9tricas, t\u00e9rmicas e de difus\u00e3o de g\u00e1s. Nanofibras. Sa\u00fade e seguran\u00e7a de nanocomp\u00f3sitos. T\u00f3picos de pesquisa e avalia\u00e7\u00f5es de patentes.<\/p>\n<p>&nbsp;<\/p>\n<h3><strong>Nanotecnologia<\/strong><\/h3>\n<p><strong>C\u00f3digo:<\/strong>\u00a01118078 \u2013\u00a0<strong>Cr\u00e9ditos:<\/strong>\u00a02<br \/>\n<strong>Ementa:<\/strong>\u00a0Fundamentos de nanotecnologia, nanomateriais e suas aplica\u00e7\u00f5es. M\u00e9todos de s\u00edntese e caracteriza\u00e7\u00e3o. Propriedades f\u00edsico-qu\u00edmicas dos nanomateriais. Aplica\u00e7\u00f5es em dispositivos eletr\u00f4nicos, biomateriais, sensores e cat\u00e1lise.<\/p>\n<p>&nbsp;<\/p>\n<h3><strong>Nanotecnologia e Aplica\u00e7\u00f5es Biol\u00f3gicas<\/strong><\/h3>\n<p><strong>C\u00f3digo:<\/strong>\u00a01118079 \u2013\u00a0<strong>Cr\u00e9ditos:<\/strong>\u00a02<br \/>\n<strong>Ementa:<\/strong>\u00a0Aplica\u00e7\u00e3o de nanomateriais na \u00e1rea da sa\u00fade. Nanopart\u00edculas para libera\u00e7\u00e3o controlada de f\u00e1rmacos. Nanotecnologia aplicada a diagn\u00f3sticos biom\u00e9dicos e terapias avan\u00e7adas.<\/p>\n<p>&nbsp;<\/p>\n<h3><strong>Patologia da Madeira<\/strong><\/h3>\n<p><strong>C\u00f3digo:<\/strong>\u00a01118080 \u2013\u00a0<strong>Cr\u00e9ditos:<\/strong>\u00a02<br \/>\n<strong>Ementa:<\/strong>\u00a0Principais patologias da madeira. Mecanismos de deteriora\u00e7\u00e3o e prote\u00e7\u00e3o da madeira. Tratamentos qu\u00edmicos e f\u00edsicos para preserva\u00e7\u00e3o. Aplica\u00e7\u00f5es na constru\u00e7\u00e3o civil e ind\u00fastria moveleira.<\/p>\n<p>&nbsp;<\/p>\n<h3><strong>Processamento de Materiais II<\/strong><\/h3>\n<p><strong>C\u00f3digo:<\/strong>\u00a01118081 \u2013\u00a0<strong>Cr\u00e9ditos:<\/strong>\u00a02<br \/>\n<strong>Ementa:<\/strong>\u00a0Processamento avan\u00e7ado de materiais met\u00e1licos, cer\u00e2micos, polim\u00e9ricos e comp\u00f3sitos. T\u00e9cnicas de fabrica\u00e7\u00e3o e manufatura. Processos t\u00e9rmicos e mec\u00e2nicos.<\/p>\n<p>&nbsp;<\/p>\n<h3><strong>Reda\u00e7\u00e3o de Textos Cient\u00edficos e Tecnol\u00f3gicos<\/strong><\/h3>\n<p><strong>C\u00f3digo:<\/strong>\u00a01118082 \u2013\u00a0<strong>Cr\u00e9ditos:<\/strong>\u00a02<br \/>\n<strong>Ementa:<\/strong>\u00a0T\u00e9cnicas de escrita acad\u00eamica e cient\u00edfica. Estrutura\u00e7\u00e3o de artigos, relat\u00f3rios e patentes. \u00c9tica na publica\u00e7\u00e3o cient\u00edfica.<\/p>\n<p>&nbsp;<\/p>\n<h3><strong>Semin\u00e1rios 1<\/strong><\/h3>\n<p><strong>C\u00f3digo:<\/strong>\u00a01118083 \u2013\u00a0<strong>Cr\u00e9ditos:<\/strong> 3<br \/>\n<strong>Ementa:<\/strong>\u00a0Apresenta\u00e7\u00e3o e discuss\u00e3o de pesquisas em andamento na \u00e1rea de ci\u00eancia e engenharia de materiais.<\/p>\n<p>&nbsp;<\/p>\n<h3><strong>Semin\u00e1rios 2<\/strong><\/h3>\n<p><strong>C\u00f3digo:<\/strong>\u00a01118084 \u2013\u00a0<strong>Cr\u00e9ditos:<\/strong> 3<br \/>\n<strong>Ementa:<\/strong>\u00a0Continua\u00e7\u00e3o da disciplina Semin\u00e1rios 1, com aprofundamento na an\u00e1lise cr\u00edtica de trabalhos cient\u00edficos.<\/p>\n<p>&nbsp;<\/p>\n<h3><strong>Simula\u00e7\u00e3o Computacional de Materiais<\/strong><\/h3>\n<p><strong>C\u00f3digo:<\/strong>\u00a01118085 \u2013\u00a0<strong>Cr\u00e9ditos:<\/strong>\u00a02<br \/>\n<strong>Ementa:<\/strong>\u00a0M\u00e9todos de simula\u00e7\u00e3o computacional para estudo de materiais. Modelagem molecular, din\u00e2mica molecular e mec\u00e2nica estat\u00edstica.<\/p>\n<p>&nbsp;<\/p>\n<h3><strong>TACM (T\u00e9cnicas Anal\u00edticas de Caracteriza\u00e7\u00e3o em Materiais) I<\/strong><\/h3>\n<p><strong>C\u00f3digo:<\/strong> 1110011 \u2013\u00a0<strong>Cr\u00e9ditos:<\/strong>\u00a02<br \/>\n<strong>Ementa:<\/strong><br \/>\n<strong>Unidade 1. T\u00e9cnicas de Caracteriza\u00e7\u00e3o Morfol\u00f3gica: <\/strong>Microscopia \u00f3ptica; Microscopia eletr\u00f4nica de varredura; Microscopia eletr\u00f4nica de transmiss\u00e3o; Microscopia de for\u00e7a at\u00f4mica<\/p>\n<p><strong>Unidade 2. T\u00e9cnicas de Caracteriza\u00e7\u00e3o Qu\u00edmica e Estrutural: <\/strong>Espectroscopia na regi\u00e3o do Ultra-Violeta\/Vis\u00edvel; Espectroscopia na regi\u00e3o do Infravermelho; Espectroscopia RAMAN; Floresc\u00eancia de raios X; Difra\u00e7\u00e3o de raios X<\/p>\n<p>&nbsp;<\/p>\n<h3><strong>TACM (T\u00e9cnicas Anal\u00edticas de Caracteriza\u00e7\u00e3o em Materiais) II<\/strong><\/h3>\n<p><strong>C\u00f3digo:<\/strong> 1110012 \u2013\u00a0<strong>Cr\u00e9ditos:<\/strong>\u00a02<br \/>\n<strong>Ementa: <\/strong><span style=\"color: var(--cor-texto); font-family: var(--fonte-corpo);\">Ensaio de Tra\u00e7\u00e3o; E<\/span><span style=\"color: var(--cor-texto); font-family: var(--fonte-corpo);\">nsaio de flex\u00e3o, compress\u00e3o e dobramento; <\/span><span style=\"color: var(--cor-texto); font-family: var(--fonte-corpo);\">Ensaio de Dureza e impacto; <\/span><span style=\"color: var(--cor-texto); font-family: var(--fonte-corpo);\">Ensaio de fadiga; <\/span><span style=\"color: var(--cor-texto); font-family: var(--fonte-corpo);\">Ensaio de flu\u00eancia; <\/span><span style=\"color: var(--cor-texto); font-family: var(--fonte-corpo);\">Avalia\u00e7\u00e3o.<\/span><\/p>\n<p>&nbsp;<\/p>\n<h3><strong>TACM (T\u00e9cnicas Anal\u00edticas de Caracteriza\u00e7\u00e3o em Materiais) III<\/strong><\/h3>\n<p><strong>C\u00f3digo:<\/strong> 1110013 \u2013\u00a0<strong>Cr\u00e9ditos:<\/strong>\u00a02<br \/>\n<strong>Ementa: <\/strong>Fundamentos sobre propriedades t\u00e9rmicas; <span style=\"color: var(--cor-texto); font-family: var(--fonte-corpo);\">Tipos de t\u00e9cnicas utilizadas em an\u00e1lises t\u00e9rmicas; <\/span><span style=\"color: var(--cor-texto); font-family: var(--fonte-corpo);\">Metodologia de medi\u00e7\u00f5es em Termogravimetria; <\/span><span style=\"color: var(--cor-texto); font-family: var(--fonte-corpo);\">Coleta de dados em termogravimetria<\/span><\/p>\n<p>&nbsp;<\/p>\n<h3><strong>TACM (T\u00e9cnicas Anal\u00edticas de Caracteriza\u00e7\u00e3o em Materiais) IV<\/strong><\/h3>\n<p><strong>C\u00f3digo:<\/strong>\u00a00950055 \u2013\u00a0<strong>Cr\u00e9ditos:<\/strong>\u00a02<br \/>\n<strong>Ementa:<\/strong>\u00a0Amostragem e preserva\u00e7\u00e3o da amostra, amostras representativas, tipos de amostras: amostras compostas, amostras individuais, amostras integradas. Prepara\u00e7\u00e3o de amostras: M\u00e9todos de decomposi\u00e7\u00e3o de amostras por via \u00famida, envolvendo sistemas abertos e fechados com aquecimento convencional e micro-ondas; combust\u00e3o em sistemas abertos via seca e via seca a baixa temperatura e prepara\u00e7\u00e3o de amostras via fus\u00e3o.<\/p>\n<p>&nbsp;<\/p>\n<h3><strong>Tecnologia da Madeira<\/strong><\/h3>\n<p><strong>C\u00f3digo:<\/strong>\u00a01110170 \u2013\u00a0<strong>Cr\u00e9ditos:<\/strong>\u00a02<br \/>\n<strong>Ementa:<\/strong>\u00a0Definir conceitos de anatomia da madeira. Estrutura Anat\u00f4mica da Madeira de Con\u00edferas e Folhosas. Normas t\u00e9cnicas de ensaios f\u00edsicos e mec\u00e2nicos da madeira. Propriedades F\u00edsicas. Influ\u00eancia das propriedades f\u00edsicas na utiliza\u00e7\u00e3o da madeira. Propriedades Mec\u00e2nicas (Ensaios mec\u00e2nicos com esp\u00e9cies comerciais). Aspectos de qualidade para os principais usos da madeira. Madeiras para produ\u00e7\u00e3o de pain\u00e9is, celulose, m\u00f3veis, energia. Caracteriza\u00e7\u00e3o de defeitos na madeira e Normas de classifica\u00e7\u00e3o da madeira.<\/p>\n<p>&nbsp;<\/p>\n<h3><strong>Termodin\u00e2mica<\/strong><\/h3>\n<p><strong>C\u00f3digo:<\/strong>\u00a01110171 \u2013\u00a0<strong>Cr\u00e9ditos:<\/strong>\u00a02<br \/>\n<strong>Ementa:<\/strong>\u00a0Termodin\u00e2mica dos s\u00f3lidos: Equil\u00edbrio de fases em sistemas s\u00f3lido-l\u00edquido e s\u00f3lido. Diagramas de equil\u00edbrio estruturas comp\u00f3sitos e ligas. Cin\u00e9tica dos processos de mudan\u00e7a de fase. Rea\u00e7\u00f5es no estado s\u00f3lido. Difus\u00e3o em s\u00f3lidos. Rea\u00e7\u00f5es de oxi-redu\u00e7\u00e3o. Tipos de Interfaces. Solidifica\u00e7\u00e3o, metais puros e de ligas. Termodin\u00e2mica computacional.<\/p>\n<p>&nbsp;<\/p>\n<h3><strong>Tribologia<\/strong><\/h3>\n<p><strong>C\u00f3digo:<\/strong>\u00a022000325 \u2013\u00a0<strong>Cr\u00e9ditos:<\/strong>\u00a02<br \/>\n<strong>Ementa:<\/strong>\u00a0Tornar o aluno capaz de compreender a natureza f\u00edsica do atrito e suas consequ\u00eancias. Compreender a defini\u00e7\u00e3o de desgaste, seus mecanismos e as formas de controle associadas a esses. Compreender os princ\u00edpios do projeto para desgaste zero. Entender os diversos tipos de lubrifica\u00e7\u00e3o e lubrificantes, tornando-o apto a selecionar, especificar e qualificar os principais tipos de lubrificantes empregados na ind\u00fastria.<\/p>\n<p><!--more--><\/p>\n","protected":false},"excerpt":{"rendered":"<p>Estrutura curricular Durante a quadrienal da CAPES (2017-2020), a estrutura curricular do PPGCEM foi revisada para melhor atender \u00e0s necessidades dos alunos. Em 2017, iniciou-se a reformula\u00e7\u00e3o da oferta de disciplinas, adotando regime concentrado ou regular e reduzindo a carga hor\u00e1ria das optativas para 2 cr\u00e9ditos. Criou-se tamb\u00e9m a disciplina de Reda\u00e7\u00e3o de Textos Cient\u00edficos [&hellip;]<\/p>\n","protected":false},"author":370,"featured_media":0,"parent":2056,"menu_order":4,"comment_status":"closed","ping_status":"closed","template":"","meta":{"jetpack_post_was_ever_published":false,"footnotes":""},"class_list":["post-37","page","type-page","status-publish","hentry"],"yoast_head":"<!-- This site is optimized with the Yoast SEO plugin v26.7 - https:\/\/yoast.com\/wordpress\/plugins\/seo\/ -->\n<title>Regime Did\u00e1tico-Cient\u00edfico \/ Ementas &#8211; Programa de P\u00f3s-Gradua\u00e7\u00e3o em Ci\u00eancia e Engenharia de Materiais<\/title>\n<meta name=\"robots\" content=\"index, follow, max-snippet:-1, max-image-preview:large, max-video-preview:-1\" \/>\n<link rel=\"canonical\" href=\"https:\/\/wp.ufpel.edu.br\/ppgcem\/pt\/disciplinas-2\/disciplinas\/\" \/>\n<meta property=\"og:locale\" content=\"pt_BR\" \/>\n<meta property=\"og:type\" content=\"article\" \/>\n<meta property=\"og:title\" content=\"Regime Did\u00e1tico-Cient\u00edfico \/ Ementas &#8211; Programa de P\u00f3s-Gradua\u00e7\u00e3o em Ci\u00eancia e Engenharia de Materiais\" \/>\n<meta property=\"og:description\" content=\"Estrutura curricular Durante a quadrienal da CAPES (2017-2020), a estrutura curricular do PPGCEM foi revisada para melhor atender \u00e0s necessidades dos alunos. Em 2017, iniciou-se a reformula\u00e7\u00e3o da oferta de disciplinas, adotando regime concentrado ou regular e reduzindo a carga hor\u00e1ria das optativas para 2 cr\u00e9ditos. Criou-se tamb\u00e9m a disciplina de Reda\u00e7\u00e3o de Textos Cient\u00edficos [&hellip;]\" \/>\n<meta property=\"og:url\" content=\"https:\/\/wp.ufpel.edu.br\/ppgcem\/pt\/disciplinas-2\/disciplinas\/\" \/>\n<meta property=\"og:site_name\" content=\"Programa de P\u00f3s-Gradua\u00e7\u00e3o em Ci\u00eancia e Engenharia de Materiais\" \/>\n<meta property=\"article:modified_time\" content=\"2025-03-18T00:06:16+00:00\" \/>\n<meta name=\"twitter:card\" content=\"summary_large_image\" \/>\n<meta name=\"twitter:label1\" content=\"Est. tempo de leitura\" \/>\n\t<meta name=\"twitter:data1\" content=\"9 minutos\" \/>\n<script type=\"application\/ld+json\" class=\"yoast-schema-graph\">{\"@context\":\"https:\/\/schema.org\",\"@graph\":[{\"@type\":\"WebPage\",\"@id\":\"https:\/\/wp.ufpel.edu.br\/ppgcem\/pt\/disciplinas-2\/disciplinas\/\",\"url\":\"https:\/\/wp.ufpel.edu.br\/ppgcem\/pt\/disciplinas-2\/disciplinas\/\",\"name\":\"Regime Did\u00e1tico-Cient\u00edfico \/ Ementas &#8211; Programa de P\u00f3s-Gradua\u00e7\u00e3o em Ci\u00eancia e Engenharia de Materiais\",\"isPartOf\":{\"@id\":\"https:\/\/wp.ufpel.edu.br\/ppgcem\/pt\/#website\"},\"datePublished\":\"2014-10-10T23:35:05+00:00\",\"dateModified\":\"2025-03-18T00:06:16+00:00\",\"breadcrumb\":{\"@id\":\"https:\/\/wp.ufpel.edu.br\/ppgcem\/pt\/disciplinas-2\/disciplinas\/#breadcrumb\"},\"inLanguage\":\"pt-BR\",\"potentialAction\":[{\"@type\":\"ReadAction\",\"target\":[\"https:\/\/wp.ufpel.edu.br\/ppgcem\/pt\/disciplinas-2\/disciplinas\/\"]}]},{\"@type\":\"BreadcrumbList\",\"@id\":\"https:\/\/wp.ufpel.edu.br\/ppgcem\/pt\/disciplinas-2\/disciplinas\/#breadcrumb\",\"itemListElement\":[{\"@type\":\"ListItem\",\"position\":1,\"name\":\"In\u00edcio\",\"item\":\"https:\/\/wp.ufpel.edu.br\/ppgcem\/pt\/\"},{\"@type\":\"ListItem\",\"position\":2,\"name\":\"Disciplinas\",\"item\":\"https:\/\/wp.ufpel.edu.br\/ppgcem\/pt\/disciplinas-2\/\"},{\"@type\":\"ListItem\",\"position\":3,\"name\":\"Regime Did\u00e1tico-Cient\u00edfico \/ Ementas\"}]},{\"@type\":\"WebSite\",\"@id\":\"https:\/\/wp.ufpel.edu.br\/ppgcem\/pt\/#website\",\"url\":\"https:\/\/wp.ufpel.edu.br\/ppgcem\/pt\/\",\"name\":\"Programa de P\u00f3s-Gradua\u00e7\u00e3o em Ci\u00eancia e Engenharia de Materiais\",\"description\":\"\",\"potentialAction\":[{\"@type\":\"SearchAction\",\"target\":{\"@type\":\"EntryPoint\",\"urlTemplate\":\"https:\/\/wp.ufpel.edu.br\/ppgcem\/pt\/?s={search_term_string}\"},\"query-input\":{\"@type\":\"PropertyValueSpecification\",\"valueRequired\":true,\"valueName\":\"search_term_string\"}}],\"inLanguage\":\"pt-BR\"}]}<\/script>\n<!-- \/ Yoast SEO plugin. -->","yoast_head_json":{"title":"Regime Did\u00e1tico-Cient\u00edfico \/ Ementas &#8211; Programa de P\u00f3s-Gradua\u00e7\u00e3o em Ci\u00eancia e Engenharia de Materiais","robots":{"index":"index","follow":"follow","max-snippet":"max-snippet:-1","max-image-preview":"max-image-preview:large","max-video-preview":"max-video-preview:-1"},"canonical":"https:\/\/wp.ufpel.edu.br\/ppgcem\/pt\/disciplinas-2\/disciplinas\/","og_locale":"pt_BR","og_type":"article","og_title":"Regime Did\u00e1tico-Cient\u00edfico \/ Ementas &#8211; Programa de P\u00f3s-Gradua\u00e7\u00e3o em Ci\u00eancia e Engenharia de Materiais","og_description":"Estrutura curricular Durante a quadrienal da CAPES (2017-2020), a estrutura curricular do PPGCEM foi revisada para melhor atender \u00e0s necessidades dos alunos. Em 2017, iniciou-se a reformula\u00e7\u00e3o da oferta de disciplinas, adotando regime concentrado ou regular e reduzindo a carga hor\u00e1ria das optativas para 2 cr\u00e9ditos. Criou-se tamb\u00e9m a disciplina de Reda\u00e7\u00e3o de Textos Cient\u00edficos [&hellip;]","og_url":"https:\/\/wp.ufpel.edu.br\/ppgcem\/pt\/disciplinas-2\/disciplinas\/","og_site_name":"Programa de P\u00f3s-Gradua\u00e7\u00e3o em Ci\u00eancia e Engenharia de Materiais","article_modified_time":"2025-03-18T00:06:16+00:00","twitter_card":"summary_large_image","twitter_misc":{"Est. tempo de leitura":"9 minutos"},"schema":{"@context":"https:\/\/schema.org","@graph":[{"@type":"WebPage","@id":"https:\/\/wp.ufpel.edu.br\/ppgcem\/pt\/disciplinas-2\/disciplinas\/","url":"https:\/\/wp.ufpel.edu.br\/ppgcem\/pt\/disciplinas-2\/disciplinas\/","name":"Regime Did\u00e1tico-Cient\u00edfico \/ Ementas &#8211; Programa de P\u00f3s-Gradua\u00e7\u00e3o em Ci\u00eancia e Engenharia de Materiais","isPartOf":{"@id":"https:\/\/wp.ufpel.edu.br\/ppgcem\/pt\/#website"},"datePublished":"2014-10-10T23:35:05+00:00","dateModified":"2025-03-18T00:06:16+00:00","breadcrumb":{"@id":"https:\/\/wp.ufpel.edu.br\/ppgcem\/pt\/disciplinas-2\/disciplinas\/#breadcrumb"},"inLanguage":"pt-BR","potentialAction":[{"@type":"ReadAction","target":["https:\/\/wp.ufpel.edu.br\/ppgcem\/pt\/disciplinas-2\/disciplinas\/"]}]},{"@type":"BreadcrumbList","@id":"https:\/\/wp.ufpel.edu.br\/ppgcem\/pt\/disciplinas-2\/disciplinas\/#breadcrumb","itemListElement":[{"@type":"ListItem","position":1,"name":"In\u00edcio","item":"https:\/\/wp.ufpel.edu.br\/ppgcem\/pt\/"},{"@type":"ListItem","position":2,"name":"Disciplinas","item":"https:\/\/wp.ufpel.edu.br\/ppgcem\/pt\/disciplinas-2\/"},{"@type":"ListItem","position":3,"name":"Regime Did\u00e1tico-Cient\u00edfico \/ Ementas"}]},{"@type":"WebSite","@id":"https:\/\/wp.ufpel.edu.br\/ppgcem\/pt\/#website","url":"https:\/\/wp.ufpel.edu.br\/ppgcem\/pt\/","name":"Programa de P\u00f3s-Gradua\u00e7\u00e3o em Ci\u00eancia e Engenharia de Materiais","description":"","potentialAction":[{"@type":"SearchAction","target":{"@type":"EntryPoint","urlTemplate":"https:\/\/wp.ufpel.edu.br\/ppgcem\/pt\/?s={search_term_string}"},"query-input":{"@type":"PropertyValueSpecification","valueRequired":true,"valueName":"search_term_string"}}],"inLanguage":"pt-BR"}]}},"jetpack_sharing_enabled":true,"jetpack_shortlink":"https:\/\/wp.me\/P8zk0j-B","_links":{"self":[{"href":"https:\/\/wp.ufpel.edu.br\/ppgcem\/wp-json\/wp\/v2\/pages\/37","targetHints":{"allow":["GET"]}}],"collection":[{"href":"https:\/\/wp.ufpel.edu.br\/ppgcem\/wp-json\/wp\/v2\/pages"}],"about":[{"href":"https:\/\/wp.ufpel.edu.br\/ppgcem\/wp-json\/wp\/v2\/types\/page"}],"author":[{"embeddable":true,"href":"https:\/\/wp.ufpel.edu.br\/ppgcem\/wp-json\/wp\/v2\/users\/370"}],"replies":[{"embeddable":true,"href":"https:\/\/wp.ufpel.edu.br\/ppgcem\/wp-json\/wp\/v2\/comments?post=37"}],"version-history":[{"count":40,"href":"https:\/\/wp.ufpel.edu.br\/ppgcem\/wp-json\/wp\/v2\/pages\/37\/revisions"}],"predecessor-version":[{"id":4629,"href":"https:\/\/wp.ufpel.edu.br\/ppgcem\/wp-json\/wp\/v2\/pages\/37\/revisions\/4629"}],"up":[{"embeddable":true,"href":"https:\/\/wp.ufpel.edu.br\/ppgcem\/wp-json\/wp\/v2\/pages\/2056"}],"wp:attachment":[{"href":"https:\/\/wp.ufpel.edu.br\/ppgcem\/wp-json\/wp\/v2\/media?parent=37"}],"curies":[{"name":"wp","href":"https:\/\/api.w.org\/{rel}","templated":true}]}}