{"id":3510,"date":"2020-12-15T09:40:18","date_gmt":"2020-12-15T12:40:18","guid":{"rendered":"https:\/\/wp.ufpel.edu.br\/ppgcem\/?page_id=3510"},"modified":"2025-03-17T20:06:17","modified_gmt":"2025-03-17T23:06:17","slug":"processo-seletivo-regular-2020-1","status":"publish","type":"page","link":"https:\/\/wp.ufpel.edu.br\/ppgcem\/editais\/processo-seletivo-regular-2020-1\/","title":{"rendered":"2021\/1"},"content":{"rendered":"<h2><strong>Documentos para sele\u00e7\u00e3o de Mestrado 2021\/1<br \/>\n<\/strong><\/h2>\n<ul>\n<li style=\"list-style-type: none;\">\n<ul>\n<li>Acesse o Edital clicando aqui: <a href=\"https:\/\/wp.ufpel.edu.br\/prppgi\/files\/2020\/12\/SEI_UFPel-PPGCEM-Mestrado-Edital-de-selecao-PRPPGI.pdf\" target=\"_blank\" rel=\"noopener noreferrer\">Edital de Mestrado<\/a><em><br \/>\n<\/em><\/li>\n<li>Edital de retifica\u00e7\u00e3o: <a href=\"https:\/\/wp.ufpel.edu.br\/ppgcem\/files\/2020\/12\/SEI_UFPel-1163841-Edital-de-Retificacao-PRPPGI.pdf\">SEI_UFPel &#8211; 1163841 &#8211; Edital de Retifica\u00e7\u00e3o PRPPGI<\/a><\/li>\n<\/ul>\n<\/li>\n<\/ul>\n<p><strong>Demais documentos:<\/strong><\/p>\n<p>1. Formul\u00e1rio de Inscri\u00e7\u00e3o [aten\u00e7\u00e3o: dentro do formul\u00e1rio encontra-se uma TABELA DE PONTUA\u00c7\u00c3O DO LATTES. Organize-se para preench\u00ea-la] \u2013 <a href=\"https:\/\/forms.gle\/Wv7GRB3H39fpYsoh6\">Clique para acessar o formul\u00e1rio<\/a><\/p>\n<p>2. Formul\u00e1rio para declara\u00e7\u00e3o de etnia (quando aplic\u00e1vel) &#8211; <a href=\"https:\/\/wp.ufpel.edu.br\/ppgcem\/files\/2017\/05\/Declara\u00e7\u00e3o-de-Etnia-edit\u00e1vel-1.docx\">Declara\u00e7\u00e3o-de-Etnia-edit\u00e1vel-1<\/a><\/p>\n<p>3. Modelo de Projeto de Pesquisa &#8211; <a href=\"https:\/\/wp.ufpel.edu.br\/ppgcem\/files\/2014\/10\/Modelo-de-Projeto-de-Pesquisa.doc\">clique aqui.<\/a><\/p>\n<p>&nbsp;<\/p>\n<p>&nbsp;<\/p>\n<h2><strong>Documentos para sele\u00e7\u00e3o de Doutorado 2021\/1<\/strong><\/h2>\n<ul>\n<li>Acesse o Edital clicando aqui: <a href=\"https:\/\/wp.ufpel.edu.br\/ppgcem\/files\/2020\/12\/SEI_UFPel-1155376-Edital-de-selecao-PRPPGI-Doutorado.pdf\">Edital de Doutorado<\/a><\/li>\n<\/ul>\n<p><strong>Demais documentos:<\/strong><\/p>\n<div class=\"entry-content\">\n<p>1. Formul\u00e1rio de Inscri\u00e7\u00e3o [aten\u00e7\u00e3o: dentro do formul\u00e1rio encontra-se uma TABELA DE PONTUA\u00c7\u00c3O DO LATTES. Organize-se para preench\u00ea-la] \u2013 <a href=\"https:\/\/forms.gle\/CwnWF8Bv9GHf8qyP7\">Clique para acessar o formul\u00e1rio<\/a><\/p>\n<p>2. Formul\u00e1rio para declara\u00e7\u00e3o de etnia (quando aplic\u00e1vel): <a href=\"https:\/\/wp.ufpel.edu.br\/ppgcem\/files\/2017\/05\/Declara\u00e7\u00e3o-de-Etnia-edit\u00e1vel-1.docx\">Declara\u00e7\u00e3o-de-Etnia-edit\u00e1vel-1<\/a><\/p>\n<p>3. Modelo de Projeto de Pesquisa, <a href=\"https:\/\/wp.ufpel.edu.br\/ppgcem\/files\/2014\/10\/Modelo-de-Projeto-de-Pesquisa.doc\">clique aqui.<\/a><\/p>\n<\/div>\n","protected":false},"excerpt":{"rendered":"<p>Documentos para sele\u00e7\u00e3o de Mestrado 2021\/1 Acesse o Edital clicando aqui: Edital de Mestrado Edital de retifica\u00e7\u00e3o: SEI_UFPel &#8211; 1163841 &#8211; Edital de Retifica\u00e7\u00e3o PRPPGI Demais documentos: 1. Formul\u00e1rio de Inscri\u00e7\u00e3o [aten\u00e7\u00e3o: dentro do formul\u00e1rio encontra-se uma TABELA DE PONTUA\u00c7\u00c3O DO LATTES. Organize-se para preench\u00ea-la] \u2013 Clique para acessar o formul\u00e1rio 2. Formul\u00e1rio para declara\u00e7\u00e3o [&hellip;]<\/p>\n","protected":false},"author":370,"featured_media":0,"parent":41,"menu_order":-20,"comment_status":"closed","ping_status":"closed","template":"","meta":{"jetpack_post_was_ever_published":false,"footnotes":""},"class_list":["post-3510","page","type-page","status-publish","hentry"],"yoast_head":"<!-- This site is optimized with the Yoast SEO plugin v26.7 - https:\/\/yoast.com\/wordpress\/plugins\/seo\/ -->\n<title>2021\/1 &#8211; Programa de P\u00f3s-Gradua\u00e7\u00e3o em Ci\u00eancia e Engenharia de Materiais<\/title>\n<meta name=\"robots\" content=\"index, follow, max-snippet:-1, max-image-preview:large, max-video-preview:-1\" \/>\n<link rel=\"canonical\" href=\"https:\/\/wp.ufpel.edu.br\/ppgcem\/editais\/processo-seletivo-regular-2020-1\/\" \/>\n<meta property=\"og:locale\" content=\"pt_BR\" \/>\n<meta property=\"og:type\" content=\"article\" \/>\n<meta property=\"og:title\" content=\"2021\/1 &#8211; Programa de P\u00f3s-Gradua\u00e7\u00e3o em Ci\u00eancia e Engenharia de Materiais\" \/>\n<meta property=\"og:description\" content=\"Documentos para sele\u00e7\u00e3o de Mestrado 2021\/1 Acesse o Edital clicando aqui: Edital de Mestrado Edital de retifica\u00e7\u00e3o: SEI_UFPel &#8211; 1163841 &#8211; Edital de Retifica\u00e7\u00e3o PRPPGI Demais documentos: 1. Formul\u00e1rio de Inscri\u00e7\u00e3o [aten\u00e7\u00e3o: dentro do formul\u00e1rio encontra-se uma TABELA DE PONTUA\u00c7\u00c3O DO LATTES. Organize-se para preench\u00ea-la] \u2013 Clique para acessar o formul\u00e1rio 2. Formul\u00e1rio para declara\u00e7\u00e3o [&hellip;]\" \/>\n<meta property=\"og:url\" content=\"https:\/\/wp.ufpel.edu.br\/ppgcem\/editais\/processo-seletivo-regular-2020-1\/\" \/>\n<meta property=\"og:site_name\" content=\"Programa de P\u00f3s-Gradua\u00e7\u00e3o em Ci\u00eancia e Engenharia de Materiais\" \/>\n<meta property=\"article:modified_time\" content=\"2025-03-17T23:06:17+00:00\" \/>\n<meta name=\"twitter:card\" content=\"summary_large_image\" \/>\n<meta name=\"twitter:label1\" content=\"Est. tempo de leitura\" \/>\n\t<meta name=\"twitter:data1\" content=\"1 minuto\" \/>\n<script type=\"application\/ld+json\" class=\"yoast-schema-graph\">{\"@context\":\"https:\/\/schema.org\",\"@graph\":[{\"@type\":\"WebPage\",\"@id\":\"https:\/\/wp.ufpel.edu.br\/ppgcem\/editais\/processo-seletivo-regular-2020-1\/\",\"url\":\"https:\/\/wp.ufpel.edu.br\/ppgcem\/editais\/processo-seletivo-regular-2020-1\/\",\"name\":\"2021\/1 &#8211; Programa de P\u00f3s-Gradua\u00e7\u00e3o em Ci\u00eancia e Engenharia de Materiais\",\"isPartOf\":{\"@id\":\"https:\/\/wp.ufpel.edu.br\/ppgcem\/pt\/#website\"},\"datePublished\":\"2020-12-15T12:40:18+00:00\",\"dateModified\":\"2025-03-17T23:06:17+00:00\",\"breadcrumb\":{\"@id\":\"https:\/\/wp.ufpel.edu.br\/ppgcem\/editais\/processo-seletivo-regular-2020-1\/#breadcrumb\"},\"inLanguage\":\"pt-BR\",\"potentialAction\":[{\"@type\":\"ReadAction\",\"target\":[\"https:\/\/wp.ufpel.edu.br\/ppgcem\/editais\/processo-seletivo-regular-2020-1\/\"]}]},{\"@type\":\"BreadcrumbList\",\"@id\":\"https:\/\/wp.ufpel.edu.br\/ppgcem\/editais\/processo-seletivo-regular-2020-1\/#breadcrumb\",\"itemListElement\":[{\"@type\":\"ListItem\",\"position\":1,\"name\":\"In\u00edcio\",\"item\":\"https:\/\/wp.ufpel.edu.br\/ppgcem\/pt\/\"},{\"@type\":\"ListItem\",\"position\":2,\"name\":\"Processo Seletivo\",\"item\":\"https:\/\/wp.ufpel.edu.br\/ppgcem\/editais\/\"},{\"@type\":\"ListItem\",\"position\":3,\"name\":\"2021\/1\"}]},{\"@type\":\"WebSite\",\"@id\":\"https:\/\/wp.ufpel.edu.br\/ppgcem\/pt\/#website\",\"url\":\"https:\/\/wp.ufpel.edu.br\/ppgcem\/pt\/\",\"name\":\"Programa de P\u00f3s-Gradua\u00e7\u00e3o em Ci\u00eancia e Engenharia de Materiais\",\"description\":\"\",\"potentialAction\":[{\"@type\":\"SearchAction\",\"target\":{\"@type\":\"EntryPoint\",\"urlTemplate\":\"https:\/\/wp.ufpel.edu.br\/ppgcem\/pt\/?s={search_term_string}\"},\"query-input\":{\"@type\":\"PropertyValueSpecification\",\"valueRequired\":true,\"valueName\":\"search_term_string\"}}],\"inLanguage\":\"pt-BR\"}]}<\/script>\n<!-- \/ Yoast SEO plugin. -->","yoast_head_json":{"title":"2021\/1 &#8211; Programa de P\u00f3s-Gradua\u00e7\u00e3o em Ci\u00eancia e Engenharia de Materiais","robots":{"index":"index","follow":"follow","max-snippet":"max-snippet:-1","max-image-preview":"max-image-preview:large","max-video-preview":"max-video-preview:-1"},"canonical":"https:\/\/wp.ufpel.edu.br\/ppgcem\/editais\/processo-seletivo-regular-2020-1\/","og_locale":"pt_BR","og_type":"article","og_title":"2021\/1 &#8211; Programa de P\u00f3s-Gradua\u00e7\u00e3o em Ci\u00eancia e Engenharia de Materiais","og_description":"Documentos para sele\u00e7\u00e3o de Mestrado 2021\/1 Acesse o Edital clicando aqui: Edital de Mestrado Edital de retifica\u00e7\u00e3o: SEI_UFPel &#8211; 1163841 &#8211; Edital de Retifica\u00e7\u00e3o PRPPGI Demais documentos: 1. Formul\u00e1rio de Inscri\u00e7\u00e3o [aten\u00e7\u00e3o: dentro do formul\u00e1rio encontra-se uma TABELA DE PONTUA\u00c7\u00c3O DO LATTES. Organize-se para preench\u00ea-la] \u2013 Clique para acessar o formul\u00e1rio 2. Formul\u00e1rio para declara\u00e7\u00e3o [&hellip;]","og_url":"https:\/\/wp.ufpel.edu.br\/ppgcem\/editais\/processo-seletivo-regular-2020-1\/","og_site_name":"Programa de P\u00f3s-Gradua\u00e7\u00e3o em Ci\u00eancia e Engenharia de Materiais","article_modified_time":"2025-03-17T23:06:17+00:00","twitter_card":"summary_large_image","twitter_misc":{"Est. tempo de leitura":"1 minuto"},"schema":{"@context":"https:\/\/schema.org","@graph":[{"@type":"WebPage","@id":"https:\/\/wp.ufpel.edu.br\/ppgcem\/editais\/processo-seletivo-regular-2020-1\/","url":"https:\/\/wp.ufpel.edu.br\/ppgcem\/editais\/processo-seletivo-regular-2020-1\/","name":"2021\/1 &#8211; Programa de P\u00f3s-Gradua\u00e7\u00e3o em Ci\u00eancia e Engenharia de Materiais","isPartOf":{"@id":"https:\/\/wp.ufpel.edu.br\/ppgcem\/pt\/#website"},"datePublished":"2020-12-15T12:40:18+00:00","dateModified":"2025-03-17T23:06:17+00:00","breadcrumb":{"@id":"https:\/\/wp.ufpel.edu.br\/ppgcem\/editais\/processo-seletivo-regular-2020-1\/#breadcrumb"},"inLanguage":"pt-BR","potentialAction":[{"@type":"ReadAction","target":["https:\/\/wp.ufpel.edu.br\/ppgcem\/editais\/processo-seletivo-regular-2020-1\/"]}]},{"@type":"BreadcrumbList","@id":"https:\/\/wp.ufpel.edu.br\/ppgcem\/editais\/processo-seletivo-regular-2020-1\/#breadcrumb","itemListElement":[{"@type":"ListItem","position":1,"name":"In\u00edcio","item":"https:\/\/wp.ufpel.edu.br\/ppgcem\/pt\/"},{"@type":"ListItem","position":2,"name":"Processo Seletivo","item":"https:\/\/wp.ufpel.edu.br\/ppgcem\/editais\/"},{"@type":"ListItem","position":3,"name":"2021\/1"}]},{"@type":"WebSite","@id":"https:\/\/wp.ufpel.edu.br\/ppgcem\/pt\/#website","url":"https:\/\/wp.ufpel.edu.br\/ppgcem\/pt\/","name":"Programa de P\u00f3s-Gradua\u00e7\u00e3o em Ci\u00eancia e Engenharia de Materiais","description":"","potentialAction":[{"@type":"SearchAction","target":{"@type":"EntryPoint","urlTemplate":"https:\/\/wp.ufpel.edu.br\/ppgcem\/pt\/?s={search_term_string}"},"query-input":{"@type":"PropertyValueSpecification","valueRequired":true,"valueName":"search_term_string"}}],"inLanguage":"pt-BR"}]}},"jetpack_sharing_enabled":true,"jetpack_shortlink":"https:\/\/wp.me\/P8zk0j-UC","_links":{"self":[{"href":"https:\/\/wp.ufpel.edu.br\/ppgcem\/wp-json\/wp\/v2\/pages\/3510","targetHints":{"allow":["GET"]}}],"collection":[{"href":"https:\/\/wp.ufpel.edu.br\/ppgcem\/wp-json\/wp\/v2\/pages"}],"about":[{"href":"https:\/\/wp.ufpel.edu.br\/ppgcem\/wp-json\/wp\/v2\/types\/page"}],"author":[{"embeddable":true,"href":"https:\/\/wp.ufpel.edu.br\/ppgcem\/wp-json\/wp\/v2\/users\/370"}],"replies":[{"embeddable":true,"href":"https:\/\/wp.ufpel.edu.br\/ppgcem\/wp-json\/wp\/v2\/comments?post=3510"}],"version-history":[{"count":18,"href":"https:\/\/wp.ufpel.edu.br\/ppgcem\/wp-json\/wp\/v2\/pages\/3510\/revisions"}],"predecessor-version":[{"id":5096,"href":"https:\/\/wp.ufpel.edu.br\/ppgcem\/wp-json\/wp\/v2\/pages\/3510\/revisions\/5096"}],"up":[{"embeddable":true,"href":"https:\/\/wp.ufpel.edu.br\/ppgcem\/wp-json\/wp\/v2\/pages\/41"}],"wp:attachment":[{"href":"https:\/\/wp.ufpel.edu.br\/ppgcem\/wp-json\/wp\/v2\/media?parent=3510"}],"curies":[{"name":"wp","href":"https:\/\/api.w.org\/{rel}","templated":true}]}}