{"id":3494,"date":"2020-10-07T16:15:25","date_gmt":"2020-10-07T19:15:25","guid":{"rendered":"https:\/\/wp.ufpel.edu.br\/ppgcem\/?page_id=3494"},"modified":"2025-03-17T20:06:00","modified_gmt":"2025-03-17T23:06:00","slug":"aluno-especial-semestre-2020-1","status":"publish","type":"page","link":"https:\/\/wp.ufpel.edu.br\/ppgcem\/editais\/aluno-especial-semestre-2020-1\/","title":{"rendered":"2022\/2 (Aluno Especial)"},"content":{"rendered":"<p><strong>Documentos para sele\u00e7\u00e3o como ALUNO ESPECIAL para o semestre 2020\/2 do PPGCEM:<\/strong><\/p>\n<p>Edital: https:\/\/wp.ufpel.edu.br\/ppgcem\/files\/2022\/02\/SEI_UFPel-1598459-Edital-de-selecao-PRPPGI.pdf<\/p>\n<p>Requerimento de inscri\u00e7\u00e3o:https: https:\/\/docs.google.com\/forms\/d\/1sTBntq31KRBxvNNqUK7XTScsf-PsPw1UPesKSnjVB48\/edit?usp=sharing<\/p>\n<p>INFORMA\u00c7\u00d5ES<\/p>\n<ul>\n<li>N\u00e3o h\u00e1 modelo de carta. O candidato deve redigi-la seguindo o indicado no Edital.<\/li>\n<li>Os candidatos s\u00f3 poder\u00e3o se inscrever para as disciplinas listadas no Edital.<\/li>\n<li>Havendo d\u00favidas, \u00e9 poss\u00edvel enviar um e-mail para: ppgcem.ufpel@gmail.com<\/li>\n<\/ul>\n","protected":false},"excerpt":{"rendered":"<p>Documentos para sele\u00e7\u00e3o como ALUNO ESPECIAL para o semestre 2020\/2 do PPGCEM: Edital: https:\/\/wp.ufpel.edu.br\/ppgcem\/files\/2022\/02\/SEI_UFPel-1598459-Edital-de-selecao-PRPPGI.pdf Requerimento de inscri\u00e7\u00e3o:https: https:\/\/docs.google.com\/forms\/d\/1sTBntq31KRBxvNNqUK7XTScsf-PsPw1UPesKSnjVB48\/edit?usp=sharing INFORMA\u00c7\u00d5ES N\u00e3o h\u00e1 modelo de carta. O candidato deve redigi-la seguindo o indicado no Edital. Os candidatos s\u00f3 poder\u00e3o se inscrever para as disciplinas listadas no Edital. Havendo d\u00favidas, \u00e9 poss\u00edvel enviar um e-mail para: ppgcem.ufpel@gmail.com<\/p>\n","protected":false},"author":370,"featured_media":0,"parent":41,"menu_order":-30,"comment_status":"closed","ping_status":"closed","template":"","meta":{"jetpack_post_was_ever_published":false,"footnotes":""},"class_list":["post-3494","page","type-page","status-publish","hentry"],"yoast_head":"<!-- This site is optimized with the Yoast SEO plugin v26.7 - https:\/\/yoast.com\/wordpress\/plugins\/seo\/ -->\n<title>2022\/2 (Aluno Especial) &#8211; Programa de P\u00f3s-Gradua\u00e7\u00e3o em Ci\u00eancia e Engenharia de Materiais<\/title>\n<meta name=\"robots\" content=\"index, follow, max-snippet:-1, max-image-preview:large, max-video-preview:-1\" \/>\n<link rel=\"canonical\" href=\"https:\/\/wp.ufpel.edu.br\/ppgcem\/editais\/aluno-especial-semestre-2020-1\/\" \/>\n<meta property=\"og:locale\" content=\"pt_BR\" \/>\n<meta property=\"og:type\" content=\"article\" \/>\n<meta property=\"og:title\" content=\"2022\/2 (Aluno Especial) &#8211; Programa de P\u00f3s-Gradua\u00e7\u00e3o em Ci\u00eancia e Engenharia de Materiais\" \/>\n<meta property=\"og:description\" content=\"Documentos para sele\u00e7\u00e3o como ALUNO ESPECIAL para o semestre 2020\/2 do PPGCEM: Edital: https:\/\/wp.ufpel.edu.br\/ppgcem\/files\/2022\/02\/SEI_UFPel-1598459-Edital-de-selecao-PRPPGI.pdf Requerimento de inscri\u00e7\u00e3o:https: https:\/\/docs.google.com\/forms\/d\/1sTBntq31KRBxvNNqUK7XTScsf-PsPw1UPesKSnjVB48\/edit?usp=sharing INFORMA\u00c7\u00d5ES N\u00e3o h\u00e1 modelo de carta. O candidato deve redigi-la seguindo o indicado no Edital. Os candidatos s\u00f3 poder\u00e3o se inscrever para as disciplinas listadas no Edital. Havendo d\u00favidas, \u00e9 poss\u00edvel enviar um e-mail para: ppgcem.ufpel@gmail.com\" \/>\n<meta property=\"og:url\" content=\"https:\/\/wp.ufpel.edu.br\/ppgcem\/editais\/aluno-especial-semestre-2020-1\/\" \/>\n<meta property=\"og:site_name\" content=\"Programa de P\u00f3s-Gradua\u00e7\u00e3o em Ci\u00eancia e Engenharia de Materiais\" \/>\n<meta property=\"article:modified_time\" content=\"2025-03-17T23:06:00+00:00\" \/>\n<meta name=\"twitter:card\" content=\"summary_large_image\" \/>\n<meta name=\"twitter:label1\" content=\"Est. tempo de leitura\" \/>\n\t<meta name=\"twitter:data1\" content=\"1 minuto\" \/>\n<script type=\"application\/ld+json\" class=\"yoast-schema-graph\">{\"@context\":\"https:\/\/schema.org\",\"@graph\":[{\"@type\":\"WebPage\",\"@id\":\"https:\/\/wp.ufpel.edu.br\/ppgcem\/editais\/aluno-especial-semestre-2020-1\/\",\"url\":\"https:\/\/wp.ufpel.edu.br\/ppgcem\/editais\/aluno-especial-semestre-2020-1\/\",\"name\":\"2022\/2 (Aluno Especial) &#8211; Programa de P\u00f3s-Gradua\u00e7\u00e3o em Ci\u00eancia e Engenharia de Materiais\",\"isPartOf\":{\"@id\":\"https:\/\/wp.ufpel.edu.br\/ppgcem\/pt\/#website\"},\"datePublished\":\"2020-10-07T19:15:25+00:00\",\"dateModified\":\"2025-03-17T23:06:00+00:00\",\"breadcrumb\":{\"@id\":\"https:\/\/wp.ufpel.edu.br\/ppgcem\/editais\/aluno-especial-semestre-2020-1\/#breadcrumb\"},\"inLanguage\":\"pt-BR\",\"potentialAction\":[{\"@type\":\"ReadAction\",\"target\":[\"https:\/\/wp.ufpel.edu.br\/ppgcem\/editais\/aluno-especial-semestre-2020-1\/\"]}]},{\"@type\":\"BreadcrumbList\",\"@id\":\"https:\/\/wp.ufpel.edu.br\/ppgcem\/editais\/aluno-especial-semestre-2020-1\/#breadcrumb\",\"itemListElement\":[{\"@type\":\"ListItem\",\"position\":1,\"name\":\"In\u00edcio\",\"item\":\"https:\/\/wp.ufpel.edu.br\/ppgcem\/pt\/\"},{\"@type\":\"ListItem\",\"position\":2,\"name\":\"Processo Seletivo\",\"item\":\"https:\/\/wp.ufpel.edu.br\/ppgcem\/editais\/\"},{\"@type\":\"ListItem\",\"position\":3,\"name\":\"2022\/2 (Aluno Especial)\"}]},{\"@type\":\"WebSite\",\"@id\":\"https:\/\/wp.ufpel.edu.br\/ppgcem\/pt\/#website\",\"url\":\"https:\/\/wp.ufpel.edu.br\/ppgcem\/pt\/\",\"name\":\"Programa de P\u00f3s-Gradua\u00e7\u00e3o em Ci\u00eancia e Engenharia de Materiais\",\"description\":\"\",\"potentialAction\":[{\"@type\":\"SearchAction\",\"target\":{\"@type\":\"EntryPoint\",\"urlTemplate\":\"https:\/\/wp.ufpel.edu.br\/ppgcem\/pt\/?s={search_term_string}\"},\"query-input\":{\"@type\":\"PropertyValueSpecification\",\"valueRequired\":true,\"valueName\":\"search_term_string\"}}],\"inLanguage\":\"pt-BR\"}]}<\/script>\n<!-- \/ Yoast SEO plugin. -->","yoast_head_json":{"title":"2022\/2 (Aluno Especial) &#8211; Programa de P\u00f3s-Gradua\u00e7\u00e3o em Ci\u00eancia e Engenharia de Materiais","robots":{"index":"index","follow":"follow","max-snippet":"max-snippet:-1","max-image-preview":"max-image-preview:large","max-video-preview":"max-video-preview:-1"},"canonical":"https:\/\/wp.ufpel.edu.br\/ppgcem\/editais\/aluno-especial-semestre-2020-1\/","og_locale":"pt_BR","og_type":"article","og_title":"2022\/2 (Aluno Especial) &#8211; Programa de P\u00f3s-Gradua\u00e7\u00e3o em Ci\u00eancia e Engenharia de Materiais","og_description":"Documentos para sele\u00e7\u00e3o como ALUNO ESPECIAL para o semestre 2020\/2 do PPGCEM: Edital: https:\/\/wp.ufpel.edu.br\/ppgcem\/files\/2022\/02\/SEI_UFPel-1598459-Edital-de-selecao-PRPPGI.pdf Requerimento de inscri\u00e7\u00e3o:https: https:\/\/docs.google.com\/forms\/d\/1sTBntq31KRBxvNNqUK7XTScsf-PsPw1UPesKSnjVB48\/edit?usp=sharing INFORMA\u00c7\u00d5ES N\u00e3o h\u00e1 modelo de carta. O candidato deve redigi-la seguindo o indicado no Edital. Os candidatos s\u00f3 poder\u00e3o se inscrever para as disciplinas listadas no Edital. Havendo d\u00favidas, \u00e9 poss\u00edvel enviar um e-mail para: ppgcem.ufpel@gmail.com","og_url":"https:\/\/wp.ufpel.edu.br\/ppgcem\/editais\/aluno-especial-semestre-2020-1\/","og_site_name":"Programa de P\u00f3s-Gradua\u00e7\u00e3o em Ci\u00eancia e Engenharia de Materiais","article_modified_time":"2025-03-17T23:06:00+00:00","twitter_card":"summary_large_image","twitter_misc":{"Est. tempo de leitura":"1 minuto"},"schema":{"@context":"https:\/\/schema.org","@graph":[{"@type":"WebPage","@id":"https:\/\/wp.ufpel.edu.br\/ppgcem\/editais\/aluno-especial-semestre-2020-1\/","url":"https:\/\/wp.ufpel.edu.br\/ppgcem\/editais\/aluno-especial-semestre-2020-1\/","name":"2022\/2 (Aluno Especial) &#8211; Programa de P\u00f3s-Gradua\u00e7\u00e3o em Ci\u00eancia e Engenharia de Materiais","isPartOf":{"@id":"https:\/\/wp.ufpel.edu.br\/ppgcem\/pt\/#website"},"datePublished":"2020-10-07T19:15:25+00:00","dateModified":"2025-03-17T23:06:00+00:00","breadcrumb":{"@id":"https:\/\/wp.ufpel.edu.br\/ppgcem\/editais\/aluno-especial-semestre-2020-1\/#breadcrumb"},"inLanguage":"pt-BR","potentialAction":[{"@type":"ReadAction","target":["https:\/\/wp.ufpel.edu.br\/ppgcem\/editais\/aluno-especial-semestre-2020-1\/"]}]},{"@type":"BreadcrumbList","@id":"https:\/\/wp.ufpel.edu.br\/ppgcem\/editais\/aluno-especial-semestre-2020-1\/#breadcrumb","itemListElement":[{"@type":"ListItem","position":1,"name":"In\u00edcio","item":"https:\/\/wp.ufpel.edu.br\/ppgcem\/pt\/"},{"@type":"ListItem","position":2,"name":"Processo Seletivo","item":"https:\/\/wp.ufpel.edu.br\/ppgcem\/editais\/"},{"@type":"ListItem","position":3,"name":"2022\/2 (Aluno Especial)"}]},{"@type":"WebSite","@id":"https:\/\/wp.ufpel.edu.br\/ppgcem\/pt\/#website","url":"https:\/\/wp.ufpel.edu.br\/ppgcem\/pt\/","name":"Programa de P\u00f3s-Gradua\u00e7\u00e3o em Ci\u00eancia e Engenharia de Materiais","description":"","potentialAction":[{"@type":"SearchAction","target":{"@type":"EntryPoint","urlTemplate":"https:\/\/wp.ufpel.edu.br\/ppgcem\/pt\/?s={search_term_string}"},"query-input":{"@type":"PropertyValueSpecification","valueRequired":true,"valueName":"search_term_string"}}],"inLanguage":"pt-BR"}]}},"jetpack_sharing_enabled":true,"jetpack_shortlink":"https:\/\/wp.me\/P8zk0j-Um","_links":{"self":[{"href":"https:\/\/wp.ufpel.edu.br\/ppgcem\/wp-json\/wp\/v2\/pages\/3494","targetHints":{"allow":["GET"]}}],"collection":[{"href":"https:\/\/wp.ufpel.edu.br\/ppgcem\/wp-json\/wp\/v2\/pages"}],"about":[{"href":"https:\/\/wp.ufpel.edu.br\/ppgcem\/wp-json\/wp\/v2\/types\/page"}],"author":[{"embeddable":true,"href":"https:\/\/wp.ufpel.edu.br\/ppgcem\/wp-json\/wp\/v2\/users\/370"}],"replies":[{"embeddable":true,"href":"https:\/\/wp.ufpel.edu.br\/ppgcem\/wp-json\/wp\/v2\/comments?post=3494"}],"version-history":[{"count":6,"href":"https:\/\/wp.ufpel.edu.br\/ppgcem\/wp-json\/wp\/v2\/pages\/3494\/revisions"}],"predecessor-version":[{"id":5097,"href":"https:\/\/wp.ufpel.edu.br\/ppgcem\/wp-json\/wp\/v2\/pages\/3494\/revisions\/5097"}],"up":[{"embeddable":true,"href":"https:\/\/wp.ufpel.edu.br\/ppgcem\/wp-json\/wp\/v2\/pages\/41"}],"wp:attachment":[{"href":"https:\/\/wp.ufpel.edu.br\/ppgcem\/wp-json\/wp\/v2\/media?parent=3494"}],"curies":[{"name":"wp","href":"https:\/\/api.w.org\/{rel}","templated":true}]}}