{"id":33,"date":"2014-10-10T20:32:33","date_gmt":"2014-10-10T23:32:33","guid":{"rendered":"https:\/\/wp.ufpel.edu.br\/ppgcem\/?page_id=33"},"modified":"2024-09-25T14:40:10","modified_gmt":"2024-09-25T17:40:10","slug":"linhas-de-pesquisa","status":"publish","type":"page","link":"https:\/\/wp.ufpel.edu.br\/ppgcem\/apresentacao\/linhas-de-pesquisa\/","title":{"rendered":"Linhas de Pesquisa"},"content":{"rendered":"<p><strong>\u00c1rea de concentra\u00e7\u00e3o: MATERIAIS (ativa)<br \/>\n<\/strong><\/p>\n<p>As linhas de pesquisa:<\/p>\n<p><strong>-TECNOLOGIA E DESENVOLVIMENTO DE MATERIAIS COMP\u00d3SITOS<\/strong><\/p>\n<p><strong>-TECNOLOGIA E DESENVOLVIMENTO DE MATERIAIS FORENSES E AMBIENTAIS<\/strong><\/p>\n<p><strong>-TECNOLOGIA E DESENVOLVIMENTO DE MATERIAIS NANOESTRUTURADOS<\/strong><\/p>\n<p><strong>-TECNOLOGIA E DESENVOLVIMENTO DE ENERGIAS RENOV\u00c1VEIS<\/strong><\/p>\n<p><strong>-TECNOLOGIA E DESENVOLVIMENTO DE BIOMATERIAIS<\/strong><\/p>\n<p><strong>-ENGENHARIA DE SUPERF\u00cdCIES<\/strong><\/p>\n<p>____________<\/p>\n<p>\u00c1REA DE CONCENTRA\u00c7\u00c3O: <strong>MATERIAIS NANOESTRUTURADOS (at\u00e9 2019, n\u00e3o esta ativa)<br \/>\n<\/strong><\/p>\n<p>Linha de Pesquisa: <strong>Desenvolvimento, caracteriza\u00e7\u00e3o e aplica\u00e7\u00e3o de superf\u00edcies cer\u00e2micas e materiais nanoestruturados<\/strong><\/p>\n<ul>\n<li>Desenvolvimento de metodologias de obten\u00e7\u00e3o de superf\u00edcies na forma de filmes finos, sensores, dentre outros.<\/li>\n<li>S\u00edntese de nanomateriais por rea\u00e7\u00e3o de combust\u00e3o, sol-gel e de precursores polim\u00e9ricos.<\/li>\n<\/ul>\n<p>Linha de Pesquisa: <strong>Processamento e aplica\u00e7\u00f5es industriais de materiais comp\u00f3sitos<\/strong><\/p>\n<ul>\n<li>Desenvolvimento de novos materiais com propriedades superiores \u00e0s mat\u00e9rias-primas originais. Obten\u00e7\u00e3o de dados de caracteriza\u00e7\u00e3o de comp\u00f3sitos polim\u00e9ricos e cer\u00e2micos refor\u00e7ados com diferentes cargas, com objetivo de melhorar a resist\u00eancia mec\u00e2nica.<\/li>\n<li><\/li>\n<\/ul>\n<p>\u00c1REA DE CONCENTRA\u00c7\u00c3O: <strong>BIOMATERIAIS (at\u00e9 2019, n\u00e3o esta ativa)<br \/>\n<\/strong><\/p>\n<p>Linha de Pesquisa: <strong>Tecnologia de biomateriais aplicados \u00e0 sa\u00fade humana<\/strong><\/p>\n<ul>\n<li>O tema central da presente proposta de projeto consiste no desenvolvimento de metodologias de s\u00edntese qu\u00edmica e caracteriza\u00e7\u00e3o de materiais nanoestruturados com alta \u00e1rea superficial, visando \u00e0 sua incorpora\u00e7\u00e3o e funcionaliza\u00e7\u00e3o com sust\u00e2ncias bioativas.<\/li>\n<\/ul>\n<p>Linha de Pesquisa: <strong>Tecnologia e avalia\u00e7\u00e3o de materiais ambientais<\/strong><\/p>\n<ul>\n<li>Desenvolvimento de estudos e pesquisas relacionados \u00e0 extra\u00e7\u00e3o de produtos naturais e o processamento na forma de biomateriais.<\/li>\n<\/ul>\n<p>&nbsp;<\/p>\n<p>&nbsp;<\/p>\n<p>&nbsp;<\/p>\n","protected":false},"excerpt":{"rendered":"<p>\u00c1rea de concentra\u00e7\u00e3o: MATERIAIS (ativa) As linhas de pesquisa: -TECNOLOGIA E DESENVOLVIMENTO DE MATERIAIS COMP\u00d3SITOS -TECNOLOGIA E DESENVOLVIMENTO DE MATERIAIS FORENSES E AMBIENTAIS -TECNOLOGIA E DESENVOLVIMENTO DE MATERIAIS NANOESTRUTURADOS -TECNOLOGIA E DESENVOLVIMENTO DE ENERGIAS RENOV\u00c1VEIS -TECNOLOGIA E DESENVOLVIMENTO DE BIOMATERIAIS -ENGENHARIA DE SUPERF\u00cdCIES ____________ \u00c1REA DE CONCENTRA\u00c7\u00c3O: MATERIAIS NANOESTRUTURADOS (at\u00e9 2019, n\u00e3o esta ativa) Linha [&hellip;]<\/p>\n","protected":false},"author":370,"featured_media":0,"parent":2,"menu_order":1,"comment_status":"closed","ping_status":"closed","template":"","meta":{"jetpack_post_was_ever_published":false,"footnotes":""},"class_list":["post-33","page","type-page","status-publish","hentry"],"yoast_head":"<!-- This site is optimized with the Yoast SEO plugin v26.7 - https:\/\/yoast.com\/wordpress\/plugins\/seo\/ -->\n<title>Linhas de Pesquisa &#8211; Programa de P\u00f3s-Gradua\u00e7\u00e3o em Ci\u00eancia e Engenharia de Materiais<\/title>\n<meta name=\"robots\" content=\"index, follow, max-snippet:-1, max-image-preview:large, max-video-preview:-1\" \/>\n<link rel=\"canonical\" href=\"https:\/\/wp.ufpel.edu.br\/ppgcem\/pt\/apresentacao\/linhas-de-pesquisa\/\" \/>\n<meta property=\"og:locale\" content=\"pt_BR\" \/>\n<meta property=\"og:type\" content=\"article\" \/>\n<meta property=\"og:title\" content=\"Linhas de Pesquisa &#8211; Programa de P\u00f3s-Gradua\u00e7\u00e3o em Ci\u00eancia e Engenharia de Materiais\" \/>\n<meta property=\"og:description\" content=\"\u00c1rea de concentra\u00e7\u00e3o: MATERIAIS (ativa) As linhas de pesquisa: -TECNOLOGIA E DESENVOLVIMENTO DE MATERIAIS COMP\u00d3SITOS -TECNOLOGIA E DESENVOLVIMENTO DE MATERIAIS FORENSES E AMBIENTAIS -TECNOLOGIA E DESENVOLVIMENTO DE MATERIAIS NANOESTRUTURADOS -TECNOLOGIA E DESENVOLVIMENTO DE ENERGIAS RENOV\u00c1VEIS -TECNOLOGIA E DESENVOLVIMENTO DE BIOMATERIAIS -ENGENHARIA DE SUPERF\u00cdCIES ____________ \u00c1REA DE CONCENTRA\u00c7\u00c3O: MATERIAIS NANOESTRUTURADOS (at\u00e9 2019, n\u00e3o esta ativa) Linha [&hellip;]\" \/>\n<meta property=\"og:url\" content=\"https:\/\/wp.ufpel.edu.br\/ppgcem\/pt\/apresentacao\/linhas-de-pesquisa\/\" \/>\n<meta property=\"og:site_name\" content=\"Programa de P\u00f3s-Gradua\u00e7\u00e3o em Ci\u00eancia e Engenharia de Materiais\" \/>\n<meta property=\"article:modified_time\" content=\"2024-09-25T17:40:10+00:00\" \/>\n<meta name=\"twitter:card\" content=\"summary_large_image\" \/>\n<meta name=\"twitter:label1\" content=\"Est. tempo de leitura\" \/>\n\t<meta name=\"twitter:data1\" content=\"2 minutos\" \/>\n<script type=\"application\/ld+json\" class=\"yoast-schema-graph\">{\"@context\":\"https:\/\/schema.org\",\"@graph\":[{\"@type\":\"WebPage\",\"@id\":\"https:\/\/wp.ufpel.edu.br\/ppgcem\/pt\/apresentacao\/linhas-de-pesquisa\/\",\"url\":\"https:\/\/wp.ufpel.edu.br\/ppgcem\/pt\/apresentacao\/linhas-de-pesquisa\/\",\"name\":\"Linhas de Pesquisa &#8211; Programa de P\u00f3s-Gradua\u00e7\u00e3o em Ci\u00eancia e Engenharia de Materiais\",\"isPartOf\":{\"@id\":\"https:\/\/wp.ufpel.edu.br\/ppgcem\/pt\/#website\"},\"datePublished\":\"2014-10-10T23:32:33+00:00\",\"dateModified\":\"2024-09-25T17:40:10+00:00\",\"breadcrumb\":{\"@id\":\"https:\/\/wp.ufpel.edu.br\/ppgcem\/pt\/apresentacao\/linhas-de-pesquisa\/#breadcrumb\"},\"inLanguage\":\"pt-BR\",\"potentialAction\":[{\"@type\":\"ReadAction\",\"target\":[\"https:\/\/wp.ufpel.edu.br\/ppgcem\/pt\/apresentacao\/linhas-de-pesquisa\/\"]}]},{\"@type\":\"BreadcrumbList\",\"@id\":\"https:\/\/wp.ufpel.edu.br\/ppgcem\/pt\/apresentacao\/linhas-de-pesquisa\/#breadcrumb\",\"itemListElement\":[{\"@type\":\"ListItem\",\"position\":1,\"name\":\"In\u00edcio\",\"item\":\"https:\/\/wp.ufpel.edu.br\/ppgcem\/pt\/\"},{\"@type\":\"ListItem\",\"position\":2,\"name\":\"Sobre o PPGCEM\",\"item\":\"https:\/\/wp.ufpel.edu.br\/ppgcem\/pt\/apresentacao\/\"},{\"@type\":\"ListItem\",\"position\":3,\"name\":\"Linhas de Pesquisa\"}]},{\"@type\":\"WebSite\",\"@id\":\"https:\/\/wp.ufpel.edu.br\/ppgcem\/pt\/#website\",\"url\":\"https:\/\/wp.ufpel.edu.br\/ppgcem\/pt\/\",\"name\":\"Programa de P\u00f3s-Gradua\u00e7\u00e3o em Ci\u00eancia e Engenharia de Materiais\",\"description\":\"\",\"potentialAction\":[{\"@type\":\"SearchAction\",\"target\":{\"@type\":\"EntryPoint\",\"urlTemplate\":\"https:\/\/wp.ufpel.edu.br\/ppgcem\/pt\/?s={search_term_string}\"},\"query-input\":{\"@type\":\"PropertyValueSpecification\",\"valueRequired\":true,\"valueName\":\"search_term_string\"}}],\"inLanguage\":\"pt-BR\"}]}<\/script>\n<!-- \/ Yoast SEO plugin. -->","yoast_head_json":{"title":"Linhas de Pesquisa &#8211; Programa de P\u00f3s-Gradua\u00e7\u00e3o em Ci\u00eancia e Engenharia de Materiais","robots":{"index":"index","follow":"follow","max-snippet":"max-snippet:-1","max-image-preview":"max-image-preview:large","max-video-preview":"max-video-preview:-1"},"canonical":"https:\/\/wp.ufpel.edu.br\/ppgcem\/pt\/apresentacao\/linhas-de-pesquisa\/","og_locale":"pt_BR","og_type":"article","og_title":"Linhas de Pesquisa &#8211; Programa de P\u00f3s-Gradua\u00e7\u00e3o em Ci\u00eancia e Engenharia de Materiais","og_description":"\u00c1rea de concentra\u00e7\u00e3o: MATERIAIS (ativa) As linhas de pesquisa: -TECNOLOGIA E DESENVOLVIMENTO DE MATERIAIS COMP\u00d3SITOS -TECNOLOGIA E DESENVOLVIMENTO DE MATERIAIS FORENSES E AMBIENTAIS -TECNOLOGIA E DESENVOLVIMENTO DE MATERIAIS NANOESTRUTURADOS -TECNOLOGIA E DESENVOLVIMENTO DE ENERGIAS RENOV\u00c1VEIS -TECNOLOGIA E DESENVOLVIMENTO DE BIOMATERIAIS -ENGENHARIA DE SUPERF\u00cdCIES ____________ \u00c1REA DE CONCENTRA\u00c7\u00c3O: MATERIAIS NANOESTRUTURADOS (at\u00e9 2019, n\u00e3o esta ativa) Linha [&hellip;]","og_url":"https:\/\/wp.ufpel.edu.br\/ppgcem\/pt\/apresentacao\/linhas-de-pesquisa\/","og_site_name":"Programa de P\u00f3s-Gradua\u00e7\u00e3o em Ci\u00eancia e Engenharia de Materiais","article_modified_time":"2024-09-25T17:40:10+00:00","twitter_card":"summary_large_image","twitter_misc":{"Est. tempo de leitura":"2 minutos"},"schema":{"@context":"https:\/\/schema.org","@graph":[{"@type":"WebPage","@id":"https:\/\/wp.ufpel.edu.br\/ppgcem\/pt\/apresentacao\/linhas-de-pesquisa\/","url":"https:\/\/wp.ufpel.edu.br\/ppgcem\/pt\/apresentacao\/linhas-de-pesquisa\/","name":"Linhas de Pesquisa &#8211; Programa de P\u00f3s-Gradua\u00e7\u00e3o em Ci\u00eancia e Engenharia de Materiais","isPartOf":{"@id":"https:\/\/wp.ufpel.edu.br\/ppgcem\/pt\/#website"},"datePublished":"2014-10-10T23:32:33+00:00","dateModified":"2024-09-25T17:40:10+00:00","breadcrumb":{"@id":"https:\/\/wp.ufpel.edu.br\/ppgcem\/pt\/apresentacao\/linhas-de-pesquisa\/#breadcrumb"},"inLanguage":"pt-BR","potentialAction":[{"@type":"ReadAction","target":["https:\/\/wp.ufpel.edu.br\/ppgcem\/pt\/apresentacao\/linhas-de-pesquisa\/"]}]},{"@type":"BreadcrumbList","@id":"https:\/\/wp.ufpel.edu.br\/ppgcem\/pt\/apresentacao\/linhas-de-pesquisa\/#breadcrumb","itemListElement":[{"@type":"ListItem","position":1,"name":"In\u00edcio","item":"https:\/\/wp.ufpel.edu.br\/ppgcem\/pt\/"},{"@type":"ListItem","position":2,"name":"Sobre o PPGCEM","item":"https:\/\/wp.ufpel.edu.br\/ppgcem\/pt\/apresentacao\/"},{"@type":"ListItem","position":3,"name":"Linhas de Pesquisa"}]},{"@type":"WebSite","@id":"https:\/\/wp.ufpel.edu.br\/ppgcem\/pt\/#website","url":"https:\/\/wp.ufpel.edu.br\/ppgcem\/pt\/","name":"Programa de P\u00f3s-Gradua\u00e7\u00e3o em Ci\u00eancia e Engenharia de Materiais","description":"","potentialAction":[{"@type":"SearchAction","target":{"@type":"EntryPoint","urlTemplate":"https:\/\/wp.ufpel.edu.br\/ppgcem\/pt\/?s={search_term_string}"},"query-input":{"@type":"PropertyValueSpecification","valueRequired":true,"valueName":"search_term_string"}}],"inLanguage":"pt-BR"}]}},"jetpack_sharing_enabled":true,"jetpack_shortlink":"https:\/\/wp.me\/P8zk0j-x","_links":{"self":[{"href":"https:\/\/wp.ufpel.edu.br\/ppgcem\/wp-json\/wp\/v2\/pages\/33","targetHints":{"allow":["GET"]}}],"collection":[{"href":"https:\/\/wp.ufpel.edu.br\/ppgcem\/wp-json\/wp\/v2\/pages"}],"about":[{"href":"https:\/\/wp.ufpel.edu.br\/ppgcem\/wp-json\/wp\/v2\/types\/page"}],"author":[{"embeddable":true,"href":"https:\/\/wp.ufpel.edu.br\/ppgcem\/wp-json\/wp\/v2\/users\/370"}],"replies":[{"embeddable":true,"href":"https:\/\/wp.ufpel.edu.br\/ppgcem\/wp-json\/wp\/v2\/comments?post=33"}],"version-history":[{"count":7,"href":"https:\/\/wp.ufpel.edu.br\/ppgcem\/wp-json\/wp\/v2\/pages\/33\/revisions"}],"predecessor-version":[{"id":4853,"href":"https:\/\/wp.ufpel.edu.br\/ppgcem\/wp-json\/wp\/v2\/pages\/33\/revisions\/4853"}],"up":[{"embeddable":true,"href":"https:\/\/wp.ufpel.edu.br\/ppgcem\/wp-json\/wp\/v2\/pages\/2"}],"wp:attachment":[{"href":"https:\/\/wp.ufpel.edu.br\/ppgcem\/wp-json\/wp\/v2\/media?parent=33"}],"curies":[{"name":"wp","href":"https:\/\/api.w.org\/{rel}","templated":true}]}}