{"id":3295,"date":"2019-12-18T15:15:19","date_gmt":"2019-12-18T18:15:19","guid":{"rendered":"https:\/\/wp.ufpel.edu.br\/ppgcem\/?page_id=3295"},"modified":"2020-12-15T16:42:56","modified_gmt":"2020-12-15T19:42:56","slug":"processo-seletivo-regular-2020-1-2","status":"publish","type":"page","link":"https:\/\/wp.ufpel.edu.br\/ppgcem\/editais\/processo-seletivo-regular-2020-1-2\/","title":{"rendered":"Processo Seletivo Regular 2020\/1"},"content":{"rendered":"<h3><strong>Documentos para sele\u00e7\u00e3o de Mestrado &#8211; Vagas Remanescentes<br \/>\n<\/strong><\/h3>\n<p>ESTE PROCESSO SELETIVO ENCONTRA-SE SUSPENSO POR TEMPO INDETERMINADO, EM FUN\u00c7\u00c3O DA SUSPENS\u00c3O DAS ATIVIDADES DA UFPEL RELACIONADAS \u00c0 EPIDEMIA DE CORONAV\u00cdRUS<\/p>\n<ul>\n<li>Acesse o Edital clicando aqui: <a href=\"https:\/\/wp.ufpel.edu.br\/ppgcem\/files\/2020\/03\/edital-vagas-remanescentes-mestrado-20201.pdf\">edital vagas remanescentes mestrado 20201<\/a><\/li>\n<li><strong>Demais documentos:<\/strong><\/li>\n<\/ul>\n<ol>\n<li>Formul\u00e1rio de Inscri\u00e7\u00e3o \u2013\u00a0 <a href=\"https:\/\/wp.ufpel.edu.br\/ppgcem\/files\/2020\/01\/formulario_inscricaoMESTRADO2020-1.doc\">formulario_inscricaoMESTRADO2020-1<\/a><\/li>\n<\/ol>\n<p>2. Tabela de Pontua\u00e7\u00e3o do Curr\u00edculo Lattes (os documentos comprobat\u00f3rios dever\u00e3o ser entregues conforme estabelecido no Edital): <a href=\"https:\/\/wp.ufpel.edu.br\/ppgcem\/files\/2019\/07\/Tabela-de-pontua\u00e7\u00e3o-Lattes.xlsx\">Tabela de pontua\u00e7\u00e3o Lattes<\/a><\/p>\n<p>3. Carta de Recomenda\u00e7\u00e3o (OPCIONAL \u2013 N\u00e3o \u00e9 obrigat\u00f3ria): <a href=\"https:\/\/wp.ufpel.edu.br\/prppg\/files\/2013\/08\/51d78d2968.doc\">Modelo de Carta de Recomenda\u00e7\u00e3o<\/a><\/p>\n<p>4. Formul\u00e1rio para declara\u00e7\u00e3o de etnia (quando aplic\u00e1vel): <a href=\"https:\/\/wp.ufpel.edu.br\/ppgcem\/files\/2017\/05\/Declara\u00e7\u00e3o-de-Etnia-edit\u00e1vel-1.docx\">Declara\u00e7\u00e3o-de-Etnia-edit\u00e1vel-1<\/a><\/p>\n<p>5. Modelo de Projeto de Pesquisa,\u00a0<a href=\"https:\/\/wp.ufpel.edu.br\/ppgcem\/files\/2014\/10\/Modelo-de-Projeto-de-Pesquisa.doc\">clique aqui.<\/a><\/p>\n<p>&nbsp;<\/p>\n<h3><strong>Documentos para sele\u00e7\u00e3o de Doutorado\u00a0<\/strong><strong>&#8211; Vagas Remanescentes<\/strong><strong>\u00a0<\/strong><\/h3>\n<p>ESTE PROCESSO SELETIVO ENCONTRA-SE SUSPENSO POR TEMPO INDETERMINADO, EM FUN\u00c7\u00c3O DA SUSPENS\u00c3O DAS ATIVIDADES DA UFPEL RELACIONADAS \u00c0 EPIDEMIA DE CORONAV\u00cdRUS<\/p>\n<ul>\n<li>Acesse o Edital clicando aqui: <a href=\"https:\/\/wp.ufpel.edu.br\/ppgcem\/files\/2020\/03\/edital-vagas-remanescentes-doutorado-2020_1.pdf\">edital vagas remanescentes doutorado 2020_1<\/a><\/li>\n<li><strong>Demais documentos:<\/strong><\/li>\n<\/ul>\n<div class=\"entry-content\">\n<p>1. Formul\u00e1rio de Inscri\u00e7\u00e3o \u2013 <a href=\"https:\/\/wp.ufpel.edu.br\/ppgcem\/files\/2020\/01\/formulario_inscricaoDOUTORADO2020-1.doc\">formulario_inscricaoDOUTORADO2020-1<\/a><\/p>\n<p>2. Tabela de Pontua\u00e7\u00e3o do Curr\u00edculo Lattes (os documentos comprobat\u00f3rios dever\u00e3o ser entregues conforme estabelecido no Edital): <a href=\"https:\/\/wp.ufpel.edu.br\/ppgcem\/files\/2020\/03\/Tabela-de-pontua\u00e7\u00e3o-Lattes2.xlsx\">Tabela-de-pontua\u00e7\u00e3o-Lattes(2)<\/a><\/p>\n<p>3.\u00a0 Carta de Recomenda\u00e7\u00e3o (OPCIONAL \u2013 N\u00e3o \u00e9 obrigat\u00f3ria): <a href=\"https:\/\/wp.ufpel.edu.br\/prppg\/files\/2013\/08\/51d78d2968.doc\">Modelo de Carta de Recomenda\u00e7\u00e3o<\/a><\/p>\n<p>4.\u00a0 Formul\u00e1rio para declara\u00e7\u00e3o de etnia (quando aplic\u00e1vel): <a href=\"https:\/\/wp.ufpel.edu.br\/ppgcem\/files\/2017\/05\/Declara\u00e7\u00e3o-de-Etnia-edit\u00e1vel-1.docx\">Declara\u00e7\u00e3o-de-Etnia-edit\u00e1vel-1<\/a><\/p>\n<p>5. Modelo de Projeto de Pesquisa, <a href=\"https:\/\/wp.ufpel.edu.br\/ppgcem\/files\/2014\/10\/Modelo-de-Projeto-de-Pesquisa.doc\">clique aqui.<\/a><\/p>\n<\/div>\n<h3><\/h3>\n<h3><\/h3>\n<h3><\/h3>\n<h3><strong>Documentos para sele\u00e7\u00e3o de Mestrado (INSCRI\u00c7\u00d5ES ENCERRADAS)<br \/>\n<\/strong><\/h3>\n<ul>\n<li>Acesse o Edital clicando aqui: <a href=\"https:\/\/wp.ufpel.edu.br\/ppgcem\/files\/2019\/12\/UFPel-0832455-Edital-de-sele\u00e7\u00e3o-MESTRADO.pdf\">UFPel &#8211; 0832455 &#8211; Edital de sele\u00e7\u00e3o MESTRADO<\/a><em><br \/>\n<\/em><\/li>\n<li>RETIFICA\u00c7\u00c3O DO EDITAL (acrescenta vagas e retira informa\u00e7\u00e3o sobre prova escrita:<strong> N\u00e3o haver\u00e1<\/strong> prova escrita!): <a href=\"https:\/\/wp.ufpel.edu.br\/ppgcem\/files\/2020\/02\/EDITAL-DE-RETIFICACAO-DE-MESTRADO-2020-1.pdf\">EDITAL DE RETIFICACAO DE MESTRADO 2020 1<\/a><\/li>\n<li><strong>Demais documentos:<\/strong><\/li>\n<\/ul>\n<ol>\n<li>Formul\u00e1rio de Inscri\u00e7\u00e3o \u2013\u00a0 <a href=\"https:\/\/wp.ufpel.edu.br\/ppgcem\/files\/2020\/01\/formulario_inscricaoMESTRADO2020-1.doc\">formulario_inscricaoMESTRADO2020-1<\/a><\/li>\n<\/ol>\n<p>2. Tabela de Pontua\u00e7\u00e3o do Curr\u00edculo Lattes (os documentos comprobat\u00f3rios dever\u00e3o ser entregues conforme estabelecido no Edital): <a href=\"https:\/\/wp.ufpel.edu.br\/ppgcem\/files\/2019\/07\/Tabela-de-pontua\u00e7\u00e3o-Lattes.xlsx\">Tabela de pontua\u00e7\u00e3o Lattes<\/a><\/p>\n<p>3. Carta de Recomenda\u00e7\u00e3o (OPCIONAL \u2013 N\u00e3o \u00e9 obrigat\u00f3ria): <a href=\"https:\/\/wp.ufpel.edu.br\/prppg\/files\/2013\/08\/51d78d2968.doc\">Modelo de Carta de Recomenda\u00e7\u00e3o<\/a><\/p>\n<p>4. Formul\u00e1rio para declara\u00e7\u00e3o de etnia (quando aplic\u00e1vel): <a href=\"https:\/\/wp.ufpel.edu.br\/ppgcem\/files\/2017\/05\/Declara\u00e7\u00e3o-de-Etnia-edit\u00e1vel-1.docx\">Declara\u00e7\u00e3o-de-Etnia-edit\u00e1vel-1<\/a><\/p>\n<p>5. Modelo de Projeto de Pesquisa,\u00a0<a href=\"https:\/\/wp.ufpel.edu.br\/ppgcem\/files\/2014\/10\/Modelo-de-Projeto-de-Pesquisa.doc\">clique aqui.<\/a><\/p>\n<p>&nbsp;<\/p>\n<p>&nbsp;<\/p>\n<h3><strong>Documentos para sele\u00e7\u00e3o de Doutorado <\/strong><strong>(INSCRI\u00c7\u00d5ES ENCERRADAS)<\/strong><\/h3>\n<h3><strong>\u00a0<\/strong><\/h3>\n<ul>\n<li>Acesse o Edital clicando aqui: <a href=\"https:\/\/wp.ufpel.edu.br\/ppgcem\/files\/2020\/01\/edital-doutorado-2020-1.pdf\">edital doutorado 2020 1<\/a><em><br \/>\n<\/em><\/li>\n<li>RETIFICA\u00c7\u00c3O DO EDITAL (acrescenta vagas): <a href=\"https:\/\/wp.ufpel.edu.br\/ppgcem\/files\/2020\/02\/EDITAL-DE-RETIFICA\u00c7\u00c3O-DOUTORADO-2020-1.pdf\">EDITAL DE RETIFICA\u00c7\u00c3O DOUTORADO 2020 1<\/a><\/li>\n<li><strong>Demais documentos:<\/strong><\/li>\n<\/ul>\n<div class=\"entry-content\">\n<p>1. Formul\u00e1rio de Inscri\u00e7\u00e3o \u2013 <a href=\"https:\/\/wp.ufpel.edu.br\/ppgcem\/files\/2020\/01\/formulario_inscricaoDOUTORADO2020-1.doc\">formulario_inscricaoDOUTORADO2020-1<\/a><\/p>\n<p>2. Tabela de Pontua\u00e7\u00e3o do Curr\u00edculo Lattes (os documentos comprobat\u00f3rios dever\u00e3o ser entregues conforme estabelecido no Edital): <a href=\"https:\/\/wp.ufpel.edu.br\/ppgcem\/files\/2019\/07\/Tabela-de-pontua\u00e7\u00e3o-Lattes.xlsx\">Tabela de pontua\u00e7\u00e3o Lattes<\/a><\/p>\n<p>3.\u00a0 Carta de Recomenda\u00e7\u00e3o (OPCIONAL \u2013 N\u00e3o \u00e9 obrigat\u00f3ria): <a href=\"https:\/\/wp.ufpel.edu.br\/prppg\/files\/2013\/08\/51d78d2968.doc\">Modelo de Carta de Recomenda\u00e7\u00e3o<\/a><\/p>\n<p>4.\u00a0 Formul\u00e1rio para declara\u00e7\u00e3o de etnia (quando aplic\u00e1vel): <a href=\"https:\/\/wp.ufpel.edu.br\/ppgcem\/files\/2017\/05\/Declara\u00e7\u00e3o-de-Etnia-edit\u00e1vel-1.docx\">Declara\u00e7\u00e3o-de-Etnia-edit\u00e1vel-1<\/a><\/p>\n<p>5. Modelo de Projeto de Pesquisa, <a href=\"https:\/\/wp.ufpel.edu.br\/ppgcem\/files\/2014\/10\/Modelo-de-Projeto-de-Pesquisa.doc\">clique aqui.<\/a><\/p>\n<\/div>\n<p>&nbsp;<\/p>\n","protected":false},"excerpt":{"rendered":"<p>Documentos para sele\u00e7\u00e3o de Mestrado &#8211; Vagas Remanescentes ESTE PROCESSO SELETIVO ENCONTRA-SE SUSPENSO POR TEMPO INDETERMINADO, EM FUN\u00c7\u00c3O DA SUSPENS\u00c3O DAS ATIVIDADES DA UFPEL RELACIONADAS \u00c0 EPIDEMIA DE CORONAV\u00cdRUS Acesse o Edital clicando aqui: edital vagas remanescentes mestrado 20201 Demais documentos: Formul\u00e1rio de Inscri\u00e7\u00e3o \u2013\u00a0 formulario_inscricaoMESTRADO2020-1 2. Tabela de Pontua\u00e7\u00e3o do Curr\u00edculo Lattes (os documentos [&hellip;]<\/p>\n","protected":false},"author":370,"featured_media":0,"parent":41,"menu_order":0,"comment_status":"closed","ping_status":"closed","template":"","meta":{"jetpack_post_was_ever_published":false,"footnotes":""},"class_list":["post-3295","page","type-page","status-publish","hentry"],"yoast_head":"<!-- This site is optimized with the Yoast SEO plugin v26.7 - https:\/\/yoast.com\/wordpress\/plugins\/seo\/ -->\n<title>Processo Seletivo Regular 2020\/1 &#8211; Programa de P\u00f3s-Gradua\u00e7\u00e3o em Ci\u00eancia e Engenharia de Materiais<\/title>\n<meta name=\"robots\" content=\"index, follow, max-snippet:-1, max-image-preview:large, max-video-preview:-1\" \/>\n<link rel=\"canonical\" href=\"https:\/\/wp.ufpel.edu.br\/ppgcem\/editais\/processo-seletivo-regular-2020-1-2\/\" \/>\n<meta property=\"og:locale\" content=\"pt_BR\" \/>\n<meta property=\"og:type\" content=\"article\" \/>\n<meta property=\"og:title\" content=\"Processo Seletivo Regular 2020\/1 &#8211; Programa de P\u00f3s-Gradua\u00e7\u00e3o em Ci\u00eancia e Engenharia de Materiais\" \/>\n<meta property=\"og:description\" content=\"Documentos para sele\u00e7\u00e3o de Mestrado &#8211; Vagas Remanescentes ESTE PROCESSO SELETIVO ENCONTRA-SE SUSPENSO POR TEMPO INDETERMINADO, EM FUN\u00c7\u00c3O DA SUSPENS\u00c3O DAS ATIVIDADES DA UFPEL RELACIONADAS \u00c0 EPIDEMIA DE CORONAV\u00cdRUS Acesse o Edital clicando aqui: edital vagas remanescentes mestrado 20201 Demais documentos: Formul\u00e1rio de Inscri\u00e7\u00e3o \u2013\u00a0 formulario_inscricaoMESTRADO2020-1 2. Tabela de Pontua\u00e7\u00e3o do Curr\u00edculo Lattes (os documentos [&hellip;]\" \/>\n<meta property=\"og:url\" content=\"https:\/\/wp.ufpel.edu.br\/ppgcem\/editais\/processo-seletivo-regular-2020-1-2\/\" \/>\n<meta property=\"og:site_name\" content=\"Programa de P\u00f3s-Gradua\u00e7\u00e3o em Ci\u00eancia e Engenharia de Materiais\" \/>\n<meta property=\"article:modified_time\" content=\"2020-12-15T19:42:56+00:00\" \/>\n<meta name=\"twitter:card\" content=\"summary_large_image\" \/>\n<meta name=\"twitter:label1\" content=\"Est. tempo de leitura\" \/>\n\t<meta name=\"twitter:data1\" content=\"2 minutos\" \/>\n<script type=\"application\/ld+json\" class=\"yoast-schema-graph\">{\"@context\":\"https:\/\/schema.org\",\"@graph\":[{\"@type\":\"WebPage\",\"@id\":\"https:\/\/wp.ufpel.edu.br\/ppgcem\/editais\/processo-seletivo-regular-2020-1-2\/\",\"url\":\"https:\/\/wp.ufpel.edu.br\/ppgcem\/editais\/processo-seletivo-regular-2020-1-2\/\",\"name\":\"Processo Seletivo Regular 2020\/1 &#8211; Programa de P\u00f3s-Gradua\u00e7\u00e3o em Ci\u00eancia e Engenharia de Materiais\",\"isPartOf\":{\"@id\":\"https:\/\/wp.ufpel.edu.br\/ppgcem\/pt\/#website\"},\"datePublished\":\"2019-12-18T18:15:19+00:00\",\"dateModified\":\"2020-12-15T19:42:56+00:00\",\"breadcrumb\":{\"@id\":\"https:\/\/wp.ufpel.edu.br\/ppgcem\/editais\/processo-seletivo-regular-2020-1-2\/#breadcrumb\"},\"inLanguage\":\"pt-BR\",\"potentialAction\":[{\"@type\":\"ReadAction\",\"target\":[\"https:\/\/wp.ufpel.edu.br\/ppgcem\/editais\/processo-seletivo-regular-2020-1-2\/\"]}]},{\"@type\":\"BreadcrumbList\",\"@id\":\"https:\/\/wp.ufpel.edu.br\/ppgcem\/editais\/processo-seletivo-regular-2020-1-2\/#breadcrumb\",\"itemListElement\":[{\"@type\":\"ListItem\",\"position\":1,\"name\":\"In\u00edcio\",\"item\":\"https:\/\/wp.ufpel.edu.br\/ppgcem\/pt\/\"},{\"@type\":\"ListItem\",\"position\":2,\"name\":\"Processo Seletivo\",\"item\":\"https:\/\/wp.ufpel.edu.br\/ppgcem\/editais\/\"},{\"@type\":\"ListItem\",\"position\":3,\"name\":\"Processo Seletivo Regular 2020\/1\"}]},{\"@type\":\"WebSite\",\"@id\":\"https:\/\/wp.ufpel.edu.br\/ppgcem\/pt\/#website\",\"url\":\"https:\/\/wp.ufpel.edu.br\/ppgcem\/pt\/\",\"name\":\"Programa de P\u00f3s-Gradua\u00e7\u00e3o em Ci\u00eancia e Engenharia de Materiais\",\"description\":\"\",\"potentialAction\":[{\"@type\":\"SearchAction\",\"target\":{\"@type\":\"EntryPoint\",\"urlTemplate\":\"https:\/\/wp.ufpel.edu.br\/ppgcem\/pt\/?s={search_term_string}\"},\"query-input\":{\"@type\":\"PropertyValueSpecification\",\"valueRequired\":true,\"valueName\":\"search_term_string\"}}],\"inLanguage\":\"pt-BR\"}]}<\/script>\n<!-- \/ Yoast SEO plugin. -->","yoast_head_json":{"title":"Processo Seletivo Regular 2020\/1 &#8211; Programa de P\u00f3s-Gradua\u00e7\u00e3o em Ci\u00eancia e Engenharia de Materiais","robots":{"index":"index","follow":"follow","max-snippet":"max-snippet:-1","max-image-preview":"max-image-preview:large","max-video-preview":"max-video-preview:-1"},"canonical":"https:\/\/wp.ufpel.edu.br\/ppgcem\/editais\/processo-seletivo-regular-2020-1-2\/","og_locale":"pt_BR","og_type":"article","og_title":"Processo Seletivo Regular 2020\/1 &#8211; Programa de P\u00f3s-Gradua\u00e7\u00e3o em Ci\u00eancia e Engenharia de Materiais","og_description":"Documentos para sele\u00e7\u00e3o de Mestrado &#8211; Vagas Remanescentes ESTE PROCESSO SELETIVO ENCONTRA-SE SUSPENSO POR TEMPO INDETERMINADO, EM FUN\u00c7\u00c3O DA SUSPENS\u00c3O DAS ATIVIDADES DA UFPEL RELACIONADAS \u00c0 EPIDEMIA DE CORONAV\u00cdRUS Acesse o Edital clicando aqui: edital vagas remanescentes mestrado 20201 Demais documentos: Formul\u00e1rio de Inscri\u00e7\u00e3o \u2013\u00a0 formulario_inscricaoMESTRADO2020-1 2. Tabela de Pontua\u00e7\u00e3o do Curr\u00edculo Lattes (os documentos [&hellip;]","og_url":"https:\/\/wp.ufpel.edu.br\/ppgcem\/editais\/processo-seletivo-regular-2020-1-2\/","og_site_name":"Programa de P\u00f3s-Gradua\u00e7\u00e3o em Ci\u00eancia e Engenharia de Materiais","article_modified_time":"2020-12-15T19:42:56+00:00","twitter_card":"summary_large_image","twitter_misc":{"Est. tempo de leitura":"2 minutos"},"schema":{"@context":"https:\/\/schema.org","@graph":[{"@type":"WebPage","@id":"https:\/\/wp.ufpel.edu.br\/ppgcem\/editais\/processo-seletivo-regular-2020-1-2\/","url":"https:\/\/wp.ufpel.edu.br\/ppgcem\/editais\/processo-seletivo-regular-2020-1-2\/","name":"Processo Seletivo Regular 2020\/1 &#8211; Programa de P\u00f3s-Gradua\u00e7\u00e3o em Ci\u00eancia e Engenharia de Materiais","isPartOf":{"@id":"https:\/\/wp.ufpel.edu.br\/ppgcem\/pt\/#website"},"datePublished":"2019-12-18T18:15:19+00:00","dateModified":"2020-12-15T19:42:56+00:00","breadcrumb":{"@id":"https:\/\/wp.ufpel.edu.br\/ppgcem\/editais\/processo-seletivo-regular-2020-1-2\/#breadcrumb"},"inLanguage":"pt-BR","potentialAction":[{"@type":"ReadAction","target":["https:\/\/wp.ufpel.edu.br\/ppgcem\/editais\/processo-seletivo-regular-2020-1-2\/"]}]},{"@type":"BreadcrumbList","@id":"https:\/\/wp.ufpel.edu.br\/ppgcem\/editais\/processo-seletivo-regular-2020-1-2\/#breadcrumb","itemListElement":[{"@type":"ListItem","position":1,"name":"In\u00edcio","item":"https:\/\/wp.ufpel.edu.br\/ppgcem\/pt\/"},{"@type":"ListItem","position":2,"name":"Processo Seletivo","item":"https:\/\/wp.ufpel.edu.br\/ppgcem\/editais\/"},{"@type":"ListItem","position":3,"name":"Processo Seletivo Regular 2020\/1"}]},{"@type":"WebSite","@id":"https:\/\/wp.ufpel.edu.br\/ppgcem\/pt\/#website","url":"https:\/\/wp.ufpel.edu.br\/ppgcem\/pt\/","name":"Programa de P\u00f3s-Gradua\u00e7\u00e3o em Ci\u00eancia e Engenharia de Materiais","description":"","potentialAction":[{"@type":"SearchAction","target":{"@type":"EntryPoint","urlTemplate":"https:\/\/wp.ufpel.edu.br\/ppgcem\/pt\/?s={search_term_string}"},"query-input":{"@type":"PropertyValueSpecification","valueRequired":true,"valueName":"search_term_string"}}],"inLanguage":"pt-BR"}]}},"jetpack_sharing_enabled":true,"jetpack_shortlink":"https:\/\/wp.me\/P8zk0j-R9","_links":{"self":[{"href":"https:\/\/wp.ufpel.edu.br\/ppgcem\/wp-json\/wp\/v2\/pages\/3295","targetHints":{"allow":["GET"]}}],"collection":[{"href":"https:\/\/wp.ufpel.edu.br\/ppgcem\/wp-json\/wp\/v2\/pages"}],"about":[{"href":"https:\/\/wp.ufpel.edu.br\/ppgcem\/wp-json\/wp\/v2\/types\/page"}],"author":[{"embeddable":true,"href":"https:\/\/wp.ufpel.edu.br\/ppgcem\/wp-json\/wp\/v2\/users\/370"}],"replies":[{"embeddable":true,"href":"https:\/\/wp.ufpel.edu.br\/ppgcem\/wp-json\/wp\/v2\/comments?post=3295"}],"version-history":[{"count":10,"href":"https:\/\/wp.ufpel.edu.br\/ppgcem\/wp-json\/wp\/v2\/pages\/3295\/revisions"}],"predecessor-version":[{"id":3406,"href":"https:\/\/wp.ufpel.edu.br\/ppgcem\/wp-json\/wp\/v2\/pages\/3295\/revisions\/3406"}],"up":[{"embeddable":true,"href":"https:\/\/wp.ufpel.edu.br\/ppgcem\/wp-json\/wp\/v2\/pages\/41"}],"wp:attachment":[{"href":"https:\/\/wp.ufpel.edu.br\/ppgcem\/wp-json\/wp\/v2\/media?parent=3295"}],"curies":[{"name":"wp","href":"https:\/\/api.w.org\/{rel}","templated":true}]}}