{"id":3195,"date":"2019-09-24T16:42:26","date_gmt":"2019-09-24T19:42:26","guid":{"rendered":"https:\/\/wp.ufpel.edu.br\/ppgcem\/?page_id=3195"},"modified":"2025-03-17T16:35:25","modified_gmt":"2025-03-17T19:35:25","slug":"2018-2","status":"publish","type":"page","link":"https:\/\/wp.ufpel.edu.br\/ppgcem\/dissertacoes-e-teses\/teses\/2018-2\/","title":{"rendered":"2018"},"content":{"rendered":"<table width=\"700\">\n<tbody>\n<tr>\n<td width=\"344\">\n<h5>Tese (clique para acessar o arquivo)<\/h5>\n<\/td>\n<td width=\"209\">\n<h5>Nome do Aluno<\/h5>\n<\/td>\n<td width=\"209\">\n<h5>Nome do Orientador<\/h5>\n<\/td>\n<td width=\"130\">\n<h5>Data da Defesa<\/h5>\n<\/td>\n<\/tr>\n<tr>\n<td width=\"344\"><a href=\"https:\/\/drive.google.com\/open?id=1oHBwBlbE06RSV6X62N7tjZVaZubD73bv\">An\u00e1lise da influ\u00eancia da pozolana metacaulim no desempenho de argamassas de cal destinadas ao restauro de revestimentos externos de pr\u00e9dios hist\u00f3ricos<\/a><\/td>\n<td width=\"209\">FLAVIA COSTA DE MATTOS<\/td>\n<td width=\"209\">Margarete Regina Freitas Gon\u00e7alves<\/td>\n<td width=\"130\">14\/12\/2018<\/td>\n<\/tr>\n<tr>\n<td width=\"344\"><a href=\"https:\/\/drive.google.com\/open?id=1FRTVTa_OGoDr2yF_k5yQqo9R73pBd7kB\">Desenvolvimento de nanocomp\u00f3sitos de fibra de madeira impregnadas com di\u00f3xido de tit\u00e2nio via sistema solvot\u00e9rmico assistido por micro-ondas para produ\u00e7\u00e3o de pain\u00e9is MDF<\/a><\/td>\n<td width=\"209\">GABRIEL VALIM CARDOSO<\/td>\n<td width=\"209\">Mario Lucio Moreira<\/td>\n<td width=\"130\">12\/11\/2018<\/td>\n<\/tr>\n<tr>\n<td width=\"344\"><a href=\"https:\/\/drive.google.com\/open?id=16PqDVfFiqjAq2dc1xJ0KC9T25dV1fQaI\">Capacitores Sim\u00e9tricos a Base de estrutura 3 D de Grafeno funcionalizado com metais de transi\u00e7\u00e3o<\/a><\/td>\n<td width=\"209\">MARCELO DOURADO MONCKS<\/td>\n<td width=\"209\">Neftal\u00ed Lenin Villarreal Carre\u00f1o<\/td>\n<td width=\"130\">04\/09\/2018<\/td>\n<\/tr>\n<tr>\n<td width=\"344\">Modifica\u00e7\u00e3o da madeira de Pinus elliottii com di\u00f3xido de tit\u00e2nio por meio do sistema solvot\u00e9rmico assistido por micro-ondas<\/td>\n<td width=\"209\">PAULA ZANATTA<\/td>\n<td width=\"209\">Mario Lucio Moreira<\/td>\n<td width=\"130\">30\/07\/2018<\/td>\n<\/tr>\n<tr>\n<td width=\"344\">Sinteriza\u00e7\u00e3o por micro-ondas de um a\u00e7o AISI 316L refor\u00e7ado com carbeto de boro<\/td>\n<td width=\"209\">EDERSON BITENCOURT DAS NEVES<\/td>\n<td width=\"209\">Alice Gon\u00e7alves Osorio<\/td>\n<td width=\"130\">19\/03\/2018<\/td>\n<\/tr>\n<tr>\n<td width=\"344\">Filmes Finos De V2O5:MoO3 e Eletr\u00f3litos S\u00f3lidos \u00e0 Base de PVA:GA para Aplica\u00e7\u00e3o em Dispositivos Eletrocr\u00f4micos Camila<\/td>\n<td width=\"209\">CAMILA MONTEIRO CHOLANT<\/td>\n<td width=\"209\">Cesar Antonio Oropesa Avellaneda<\/td>\n<td width=\"130\">31\/01\/2018<\/td>\n<\/tr>\n<\/tbody>\n<\/table>\n<p>&nbsp;<\/p>\n","protected":false},"excerpt":{"rendered":"<p>Tese (clique para acessar o arquivo) Nome do Aluno Nome do Orientador Data da Defesa An\u00e1lise da influ\u00eancia da pozolana metacaulim no desempenho de argamassas de cal destinadas ao restauro de revestimentos externos de pr\u00e9dios hist\u00f3ricos FLAVIA COSTA DE MATTOS Margarete Regina Freitas Gon\u00e7alves 14\/12\/2018 Desenvolvimento de nanocomp\u00f3sitos de fibra de madeira impregnadas com di\u00f3xido [&hellip;]<\/p>\n","protected":false},"author":370,"featured_media":0,"parent":1741,"menu_order":-2,"comment_status":"closed","ping_status":"closed","template":"","meta":{"jetpack_post_was_ever_published":false,"footnotes":""},"class_list":["post-3195","page","type-page","status-publish","hentry"],"yoast_head":"<!-- This site is optimized with the Yoast SEO plugin v26.7 - https:\/\/yoast.com\/wordpress\/plugins\/seo\/ -->\n<title>2018 &#8211; Programa de P\u00f3s-Gradua\u00e7\u00e3o em Ci\u00eancia e Engenharia de Materiais<\/title>\n<meta name=\"robots\" content=\"index, follow, max-snippet:-1, max-image-preview:large, max-video-preview:-1\" \/>\n<link rel=\"canonical\" href=\"https:\/\/wp.ufpel.edu.br\/ppgcem\/pt\/dissertacoes-e-teses\/teses\/2018-2\/\" \/>\n<meta property=\"og:locale\" content=\"pt_BR\" \/>\n<meta property=\"og:type\" content=\"article\" \/>\n<meta property=\"og:title\" content=\"2018 &#8211; Programa de P\u00f3s-Gradua\u00e7\u00e3o em Ci\u00eancia e Engenharia de Materiais\" \/>\n<meta property=\"og:description\" content=\"Tese (clique para acessar o arquivo) Nome do Aluno Nome do Orientador Data da Defesa An\u00e1lise da influ\u00eancia da pozolana metacaulim no desempenho de argamassas de cal destinadas ao restauro de revestimentos externos de pr\u00e9dios hist\u00f3ricos FLAVIA COSTA DE MATTOS Margarete Regina Freitas Gon\u00e7alves 14\/12\/2018 Desenvolvimento de nanocomp\u00f3sitos de fibra de madeira impregnadas com di\u00f3xido [&hellip;]\" \/>\n<meta property=\"og:url\" content=\"https:\/\/wp.ufpel.edu.br\/ppgcem\/pt\/dissertacoes-e-teses\/teses\/2018-2\/\" \/>\n<meta property=\"og:site_name\" content=\"Programa de P\u00f3s-Gradua\u00e7\u00e3o em Ci\u00eancia e Engenharia de Materiais\" \/>\n<meta property=\"article:modified_time\" content=\"2025-03-17T19:35:25+00:00\" \/>\n<meta name=\"twitter:card\" content=\"summary_large_image\" \/>\n<meta name=\"twitter:label1\" content=\"Est. tempo de leitura\" \/>\n\t<meta name=\"twitter:data1\" content=\"1 minuto\" \/>\n<script type=\"application\/ld+json\" class=\"yoast-schema-graph\">{\"@context\":\"https:\/\/schema.org\",\"@graph\":[{\"@type\":\"WebPage\",\"@id\":\"https:\/\/wp.ufpel.edu.br\/ppgcem\/pt\/dissertacoes-e-teses\/teses\/2018-2\/\",\"url\":\"https:\/\/wp.ufpel.edu.br\/ppgcem\/pt\/dissertacoes-e-teses\/teses\/2018-2\/\",\"name\":\"2018 &#8211; Programa de P\u00f3s-Gradua\u00e7\u00e3o em Ci\u00eancia e Engenharia de Materiais\",\"isPartOf\":{\"@id\":\"https:\/\/wp.ufpel.edu.br\/ppgcem\/pt\/#website\"},\"datePublished\":\"2019-09-24T19:42:26+00:00\",\"dateModified\":\"2025-03-17T19:35:25+00:00\",\"breadcrumb\":{\"@id\":\"https:\/\/wp.ufpel.edu.br\/ppgcem\/pt\/dissertacoes-e-teses\/teses\/2018-2\/#breadcrumb\"},\"inLanguage\":\"pt-BR\",\"potentialAction\":[{\"@type\":\"ReadAction\",\"target\":[\"https:\/\/wp.ufpel.edu.br\/ppgcem\/pt\/dissertacoes-e-teses\/teses\/2018-2\/\"]}]},{\"@type\":\"BreadcrumbList\",\"@id\":\"https:\/\/wp.ufpel.edu.br\/ppgcem\/pt\/dissertacoes-e-teses\/teses\/2018-2\/#breadcrumb\",\"itemListElement\":[{\"@type\":\"ListItem\",\"position\":1,\"name\":\"In\u00edcio\",\"item\":\"https:\/\/wp.ufpel.edu.br\/ppgcem\/pt\/\"},{\"@type\":\"ListItem\",\"position\":2,\"name\":\"Disserta\u00e7\u00f5es e Teses\",\"item\":\"https:\/\/wp.ufpel.edu.br\/ppgcem\/pt\/dissertacoes-e-teses\/\"},{\"@type\":\"ListItem\",\"position\":3,\"name\":\"Teses\",\"item\":\"https:\/\/wp.ufpel.edu.br\/ppgcem\/pt\/dissertacoes-e-teses\/teses\/\"},{\"@type\":\"ListItem\",\"position\":4,\"name\":\"2018\"}]},{\"@type\":\"WebSite\",\"@id\":\"https:\/\/wp.ufpel.edu.br\/ppgcem\/pt\/#website\",\"url\":\"https:\/\/wp.ufpel.edu.br\/ppgcem\/pt\/\",\"name\":\"Programa de P\u00f3s-Gradua\u00e7\u00e3o em Ci\u00eancia e Engenharia de Materiais\",\"description\":\"\",\"potentialAction\":[{\"@type\":\"SearchAction\",\"target\":{\"@type\":\"EntryPoint\",\"urlTemplate\":\"https:\/\/wp.ufpel.edu.br\/ppgcem\/pt\/?s={search_term_string}\"},\"query-input\":{\"@type\":\"PropertyValueSpecification\",\"valueRequired\":true,\"valueName\":\"search_term_string\"}}],\"inLanguage\":\"pt-BR\"}]}<\/script>\n<!-- \/ Yoast SEO plugin. -->","yoast_head_json":{"title":"2018 &#8211; Programa de P\u00f3s-Gradua\u00e7\u00e3o em Ci\u00eancia e Engenharia de Materiais","robots":{"index":"index","follow":"follow","max-snippet":"max-snippet:-1","max-image-preview":"max-image-preview:large","max-video-preview":"max-video-preview:-1"},"canonical":"https:\/\/wp.ufpel.edu.br\/ppgcem\/pt\/dissertacoes-e-teses\/teses\/2018-2\/","og_locale":"pt_BR","og_type":"article","og_title":"2018 &#8211; Programa de P\u00f3s-Gradua\u00e7\u00e3o em Ci\u00eancia e Engenharia de Materiais","og_description":"Tese (clique para acessar o arquivo) Nome do Aluno Nome do Orientador Data da Defesa An\u00e1lise da influ\u00eancia da pozolana metacaulim no desempenho de argamassas de cal destinadas ao restauro de revestimentos externos de pr\u00e9dios hist\u00f3ricos FLAVIA COSTA DE MATTOS Margarete Regina Freitas Gon\u00e7alves 14\/12\/2018 Desenvolvimento de nanocomp\u00f3sitos de fibra de madeira impregnadas com di\u00f3xido [&hellip;]","og_url":"https:\/\/wp.ufpel.edu.br\/ppgcem\/pt\/dissertacoes-e-teses\/teses\/2018-2\/","og_site_name":"Programa de P\u00f3s-Gradua\u00e7\u00e3o em Ci\u00eancia e Engenharia de Materiais","article_modified_time":"2025-03-17T19:35:25+00:00","twitter_card":"summary_large_image","twitter_misc":{"Est. tempo de leitura":"1 minuto"},"schema":{"@context":"https:\/\/schema.org","@graph":[{"@type":"WebPage","@id":"https:\/\/wp.ufpel.edu.br\/ppgcem\/pt\/dissertacoes-e-teses\/teses\/2018-2\/","url":"https:\/\/wp.ufpel.edu.br\/ppgcem\/pt\/dissertacoes-e-teses\/teses\/2018-2\/","name":"2018 &#8211; Programa de P\u00f3s-Gradua\u00e7\u00e3o em Ci\u00eancia e Engenharia de Materiais","isPartOf":{"@id":"https:\/\/wp.ufpel.edu.br\/ppgcem\/pt\/#website"},"datePublished":"2019-09-24T19:42:26+00:00","dateModified":"2025-03-17T19:35:25+00:00","breadcrumb":{"@id":"https:\/\/wp.ufpel.edu.br\/ppgcem\/pt\/dissertacoes-e-teses\/teses\/2018-2\/#breadcrumb"},"inLanguage":"pt-BR","potentialAction":[{"@type":"ReadAction","target":["https:\/\/wp.ufpel.edu.br\/ppgcem\/pt\/dissertacoes-e-teses\/teses\/2018-2\/"]}]},{"@type":"BreadcrumbList","@id":"https:\/\/wp.ufpel.edu.br\/ppgcem\/pt\/dissertacoes-e-teses\/teses\/2018-2\/#breadcrumb","itemListElement":[{"@type":"ListItem","position":1,"name":"In\u00edcio","item":"https:\/\/wp.ufpel.edu.br\/ppgcem\/pt\/"},{"@type":"ListItem","position":2,"name":"Disserta\u00e7\u00f5es e Teses","item":"https:\/\/wp.ufpel.edu.br\/ppgcem\/pt\/dissertacoes-e-teses\/"},{"@type":"ListItem","position":3,"name":"Teses","item":"https:\/\/wp.ufpel.edu.br\/ppgcem\/pt\/dissertacoes-e-teses\/teses\/"},{"@type":"ListItem","position":4,"name":"2018"}]},{"@type":"WebSite","@id":"https:\/\/wp.ufpel.edu.br\/ppgcem\/pt\/#website","url":"https:\/\/wp.ufpel.edu.br\/ppgcem\/pt\/","name":"Programa de P\u00f3s-Gradua\u00e7\u00e3o em Ci\u00eancia e Engenharia de Materiais","description":"","potentialAction":[{"@type":"SearchAction","target":{"@type":"EntryPoint","urlTemplate":"https:\/\/wp.ufpel.edu.br\/ppgcem\/pt\/?s={search_term_string}"},"query-input":{"@type":"PropertyValueSpecification","valueRequired":true,"valueName":"search_term_string"}}],"inLanguage":"pt-BR"}]}},"jetpack_sharing_enabled":true,"jetpack_shortlink":"https:\/\/wp.me\/P8zk0j-Px","_links":{"self":[{"href":"https:\/\/wp.ufpel.edu.br\/ppgcem\/wp-json\/wp\/v2\/pages\/3195","targetHints":{"allow":["GET"]}}],"collection":[{"href":"https:\/\/wp.ufpel.edu.br\/ppgcem\/wp-json\/wp\/v2\/pages"}],"about":[{"href":"https:\/\/wp.ufpel.edu.br\/ppgcem\/wp-json\/wp\/v2\/types\/page"}],"author":[{"embeddable":true,"href":"https:\/\/wp.ufpel.edu.br\/ppgcem\/wp-json\/wp\/v2\/users\/370"}],"replies":[{"embeddable":true,"href":"https:\/\/wp.ufpel.edu.br\/ppgcem\/wp-json\/wp\/v2\/comments?post=3195"}],"version-history":[{"count":5,"href":"https:\/\/wp.ufpel.edu.br\/ppgcem\/wp-json\/wp\/v2\/pages\/3195\/revisions"}],"predecessor-version":[{"id":3201,"href":"https:\/\/wp.ufpel.edu.br\/ppgcem\/wp-json\/wp\/v2\/pages\/3195\/revisions\/3201"}],"up":[{"embeddable":true,"href":"https:\/\/wp.ufpel.edu.br\/ppgcem\/wp-json\/wp\/v2\/pages\/1741"}],"wp:attachment":[{"href":"https:\/\/wp.ufpel.edu.br\/ppgcem\/wp-json\/wp\/v2\/media?parent=3195"}],"curies":[{"name":"wp","href":"https:\/\/api.w.org\/{rel}","templated":true}]}}