{"id":3183,"date":"2019-09-24T15:48:51","date_gmt":"2019-09-24T18:48:51","guid":{"rendered":"https:\/\/wp.ufpel.edu.br\/ppgcem\/?page_id=3183"},"modified":"2019-09-24T18:39:18","modified_gmt":"2019-09-24T21:39:18","slug":"2018-2","status":"publish","type":"page","link":"https:\/\/wp.ufpel.edu.br\/ppgcem\/dissertacoes-e-teses\/dissertacoes\/2018-2\/","title":{"rendered":"2018"},"content":{"rendered":"<table width=\"700\">\n<tbody>\n<tr>\n<td style=\"width: 255px\" width=\"344\">\n<h5>Disserta\u00e7\u00e3o (clique para acessar o arquivo)<\/h5>\n<\/td>\n<td style=\"width: 172px\" width=\"209\">\n<h5>Nome do Aluno<\/h5>\n<\/td>\n<td style=\"width: 148px\" width=\"209\">\n<h5>Nome do Orientador<\/h5>\n<\/td>\n<td style=\"width: 113px\" width=\"130\">\n<h5>Data da Defesa<\/h5>\n<\/td>\n<\/tr>\n<tr>\n<td style=\"width: 255px\" width=\"344\"><a href=\"https:\/\/drive.google.com\/open?id=11ST6tiFKLYowKjtvgUYp-ClLkZm-80-p\">INFLU\u00caNCIA DA FUNCIONALIZA\u00c7\u00c3O DE NANOTUBOS DE CARBONO NAS PROPRIEDADES DE NANOCOMP\u00d3SITOS (PC\/ABS)\/MWCNT.<\/a><\/td>\n<td style=\"width: 172px\" width=\"209\">JONAS EICHELBERGER GRANADA<\/td>\n<td style=\"width: 148px\" width=\"209\"><\/td>\n<td style=\"width: 113px\" width=\"130\">21\/11\/2018<\/td>\n<\/tr>\n<tr>\n<td style=\"width: 255px\" width=\"344\"><a href=\"https:\/\/drive.google.com\/open?id=1CYXcoLWKmO4XN_j9qxpXAA08t546MjDc\">OBTEN\u00c7\u00c3O DE CELULOSE A PARTIR DA CASCA DE ARROZ E SUA UTILIZA\u00c7\u00c3O COMO CARGA EM COMP\u00d3SITOS COM MATRIZ DE POLIETILENO DE ALTA DENSIDADE<\/a><\/td>\n<td style=\"width: 172px\" width=\"209\">MARIANE WEIRICH BOSENBECKER<\/td>\n<td style=\"width: 148px\" width=\"209\"><\/td>\n<td style=\"width: 113px\" width=\"130\">16\/10\/2018<\/td>\n<\/tr>\n<tr>\n<td style=\"width: 255px\" width=\"344\"><a href=\"https:\/\/drive.google.com\/open?id=1leAjJcdNmxrPZWEFbcGPC7ACj7mpGS6B\">S\u00edntese de Titanato de B\u00e1rio Dopado com Cobalto para Utiliza\u00e7\u00e3o em C\u00e9lulas Fotovoltaicas<\/a><\/td>\n<td style=\"width: 172px\" width=\"209\">MAICON NOLASCO PEDROTTI<\/td>\n<td style=\"width: 148px\" width=\"209\"><\/td>\n<td style=\"width: 113px\" width=\"130\">08\/10\/2018<\/td>\n<\/tr>\n<tr>\n<td style=\"width: 255px\" width=\"344\"><a href=\"https:\/\/drive.google.com\/open?id=1ArI3ThIpiaVuVYqbaj067wYdll-Vmw5U\">USO DE CINZA DE CASCA DE ARROZ PARA OBTEN\u00c7\u00c3O DE BLOCOS DE CONCRETO PARA PAVIMENTA\u00c7\u00c3O<\/a><\/td>\n<td style=\"width: 172px\" width=\"209\">JONATHAN AIRES IACKS<\/td>\n<td style=\"width: 148px\" width=\"209\"><\/td>\n<td style=\"width: 113px\" width=\"130\">28\/09\/2018<\/td>\n<\/tr>\n<tr>\n<td style=\"width: 255px\" width=\"344\"><a href=\"https:\/\/drive.google.com\/open?id=15B1tAWMIbzclObYQrCymeGQWilLUj8p2\">Desempenho t\u00e9rmico de paredes de blocos de argamassa de cimento e garrafas PET preenchidas com cinzas da casca de arroz<\/a><\/td>\n<td style=\"width: 172px\" width=\"209\">EVERTON LUIS BITENCOURT DAS NEVES<\/td>\n<td style=\"width: 148px\" width=\"209\"><\/td>\n<td style=\"width: 113px\" width=\"130\">31\/08\/2018<\/td>\n<\/tr>\n<tr>\n<td style=\"width: 255px\" width=\"344\"><a href=\"https:\/\/drive.google.com\/open?id=1PbCLov9MmPzzfuzn-xei9xXNv_PskRwc\">Aplica\u00e7\u00e3o de lignina kraft para estabiliza\u00e7\u00e3o de um sistema biocida baseado em timol<\/a><\/td>\n<td style=\"width: 172px\" width=\"209\">ALINE KROLOW SOARES<\/td>\n<td style=\"width: 148px\" width=\"209\"><\/td>\n<td style=\"width: 113px\" width=\"130\">24\/08\/2018<\/td>\n<\/tr>\n<\/tbody>\n<\/table>\n<p>&nbsp;<\/p>\n","protected":false},"excerpt":{"rendered":"<p>Disserta\u00e7\u00e3o (clique para acessar o arquivo) Nome do Aluno Nome do Orientador Data da Defesa INFLU\u00caNCIA DA FUNCIONALIZA\u00c7\u00c3O DE NANOTUBOS DE CARBONO NAS PROPRIEDADES DE NANOCOMP\u00d3SITOS (PC\/ABS)\/MWCNT. JONAS EICHELBERGER GRANADA 21\/11\/2018 OBTEN\u00c7\u00c3O DE CELULOSE A PARTIR DA CASCA DE ARROZ E SUA UTILIZA\u00c7\u00c3O COMO CARGA EM COMP\u00d3SITOS COM MATRIZ DE POLIETILENO DE ALTA DENSIDADE MARIANE [&hellip;]<\/p>\n","protected":false},"author":370,"featured_media":0,"parent":490,"menu_order":-3,"comment_status":"closed","ping_status":"closed","template":"","meta":{"jetpack_post_was_ever_published":false,"footnotes":""},"class_list":["post-3183","page","type-page","status-publish","hentry"],"yoast_head":"<!-- This site is optimized with the Yoast SEO plugin v26.7 - https:\/\/yoast.com\/wordpress\/plugins\/seo\/ -->\n<title>2018 &#8211; Programa de P\u00f3s-Gradua\u00e7\u00e3o em Ci\u00eancia e Engenharia de Materiais<\/title>\n<meta name=\"robots\" content=\"index, follow, max-snippet:-1, max-image-preview:large, max-video-preview:-1\" \/>\n<link rel=\"canonical\" href=\"https:\/\/wp.ufpel.edu.br\/ppgcem\/pt\/dissertacoes-e-teses\/dissertacoes\/2018-2\/\" \/>\n<meta property=\"og:locale\" content=\"pt_BR\" \/>\n<meta property=\"og:type\" content=\"article\" \/>\n<meta property=\"og:title\" content=\"2018 &#8211; Programa de P\u00f3s-Gradua\u00e7\u00e3o em Ci\u00eancia e Engenharia de Materiais\" \/>\n<meta property=\"og:description\" content=\"Disserta\u00e7\u00e3o (clique para acessar o arquivo) Nome do Aluno Nome do Orientador Data da Defesa INFLU\u00caNCIA DA FUNCIONALIZA\u00c7\u00c3O DE NANOTUBOS DE CARBONO NAS PROPRIEDADES DE NANOCOMP\u00d3SITOS (PC\/ABS)\/MWCNT. JONAS EICHELBERGER GRANADA 21\/11\/2018 OBTEN\u00c7\u00c3O DE CELULOSE A PARTIR DA CASCA DE ARROZ E SUA UTILIZA\u00c7\u00c3O COMO CARGA EM COMP\u00d3SITOS COM MATRIZ DE POLIETILENO DE ALTA DENSIDADE MARIANE [&hellip;]\" \/>\n<meta property=\"og:url\" content=\"https:\/\/wp.ufpel.edu.br\/ppgcem\/pt\/dissertacoes-e-teses\/dissertacoes\/2018-2\/\" \/>\n<meta property=\"og:site_name\" content=\"Programa de P\u00f3s-Gradua\u00e7\u00e3o em Ci\u00eancia e Engenharia de Materiais\" \/>\n<meta property=\"article:modified_time\" content=\"2019-09-24T21:39:18+00:00\" \/>\n<meta name=\"twitter:card\" content=\"summary_large_image\" \/>\n<meta name=\"twitter:label1\" content=\"Est. tempo de leitura\" \/>\n\t<meta name=\"twitter:data1\" content=\"1 minuto\" \/>\n<script type=\"application\/ld+json\" class=\"yoast-schema-graph\">{\"@context\":\"https:\/\/schema.org\",\"@graph\":[{\"@type\":\"WebPage\",\"@id\":\"https:\/\/wp.ufpel.edu.br\/ppgcem\/pt\/dissertacoes-e-teses\/dissertacoes\/2018-2\/\",\"url\":\"https:\/\/wp.ufpel.edu.br\/ppgcem\/pt\/dissertacoes-e-teses\/dissertacoes\/2018-2\/\",\"name\":\"2018 &#8211; Programa de P\u00f3s-Gradua\u00e7\u00e3o em Ci\u00eancia e Engenharia de Materiais\",\"isPartOf\":{\"@id\":\"https:\/\/wp.ufpel.edu.br\/ppgcem\/pt\/#website\"},\"datePublished\":\"2019-09-24T18:48:51+00:00\",\"dateModified\":\"2019-09-24T21:39:18+00:00\",\"breadcrumb\":{\"@id\":\"https:\/\/wp.ufpel.edu.br\/ppgcem\/pt\/dissertacoes-e-teses\/dissertacoes\/2018-2\/#breadcrumb\"},\"inLanguage\":\"pt-BR\",\"potentialAction\":[{\"@type\":\"ReadAction\",\"target\":[\"https:\/\/wp.ufpel.edu.br\/ppgcem\/pt\/dissertacoes-e-teses\/dissertacoes\/2018-2\/\"]}]},{\"@type\":\"BreadcrumbList\",\"@id\":\"https:\/\/wp.ufpel.edu.br\/ppgcem\/pt\/dissertacoes-e-teses\/dissertacoes\/2018-2\/#breadcrumb\",\"itemListElement\":[{\"@type\":\"ListItem\",\"position\":1,\"name\":\"In\u00edcio\",\"item\":\"https:\/\/wp.ufpel.edu.br\/ppgcem\/pt\/\"},{\"@type\":\"ListItem\",\"position\":2,\"name\":\"Disserta\u00e7\u00f5es e Teses\",\"item\":\"https:\/\/wp.ufpel.edu.br\/ppgcem\/pt\/dissertacoes-e-teses\/\"},{\"@type\":\"ListItem\",\"position\":3,\"name\":\"Disserta\u00e7\u00f5es\",\"item\":\"https:\/\/wp.ufpel.edu.br\/ppgcem\/pt\/dissertacoes-e-teses\/dissertacoes\/\"},{\"@type\":\"ListItem\",\"position\":4,\"name\":\"2018\"}]},{\"@type\":\"WebSite\",\"@id\":\"https:\/\/wp.ufpel.edu.br\/ppgcem\/pt\/#website\",\"url\":\"https:\/\/wp.ufpel.edu.br\/ppgcem\/pt\/\",\"name\":\"Programa de P\u00f3s-Gradua\u00e7\u00e3o em Ci\u00eancia e Engenharia de Materiais\",\"description\":\"\",\"potentialAction\":[{\"@type\":\"SearchAction\",\"target\":{\"@type\":\"EntryPoint\",\"urlTemplate\":\"https:\/\/wp.ufpel.edu.br\/ppgcem\/pt\/?s={search_term_string}\"},\"query-input\":{\"@type\":\"PropertyValueSpecification\",\"valueRequired\":true,\"valueName\":\"search_term_string\"}}],\"inLanguage\":\"pt-BR\"}]}<\/script>\n<!-- \/ Yoast SEO plugin. -->","yoast_head_json":{"title":"2018 &#8211; Programa de P\u00f3s-Gradua\u00e7\u00e3o em Ci\u00eancia e Engenharia de Materiais","robots":{"index":"index","follow":"follow","max-snippet":"max-snippet:-1","max-image-preview":"max-image-preview:large","max-video-preview":"max-video-preview:-1"},"canonical":"https:\/\/wp.ufpel.edu.br\/ppgcem\/pt\/dissertacoes-e-teses\/dissertacoes\/2018-2\/","og_locale":"pt_BR","og_type":"article","og_title":"2018 &#8211; Programa de P\u00f3s-Gradua\u00e7\u00e3o em Ci\u00eancia e Engenharia de Materiais","og_description":"Disserta\u00e7\u00e3o (clique para acessar o arquivo) Nome do Aluno Nome do Orientador Data da Defesa INFLU\u00caNCIA DA FUNCIONALIZA\u00c7\u00c3O DE NANOTUBOS DE CARBONO NAS PROPRIEDADES DE NANOCOMP\u00d3SITOS (PC\/ABS)\/MWCNT. JONAS EICHELBERGER GRANADA 21\/11\/2018 OBTEN\u00c7\u00c3O DE CELULOSE A PARTIR DA CASCA DE ARROZ E SUA UTILIZA\u00c7\u00c3O COMO CARGA EM COMP\u00d3SITOS COM MATRIZ DE POLIETILENO DE ALTA DENSIDADE MARIANE [&hellip;]","og_url":"https:\/\/wp.ufpel.edu.br\/ppgcem\/pt\/dissertacoes-e-teses\/dissertacoes\/2018-2\/","og_site_name":"Programa de P\u00f3s-Gradua\u00e7\u00e3o em Ci\u00eancia e Engenharia de Materiais","article_modified_time":"2019-09-24T21:39:18+00:00","twitter_card":"summary_large_image","twitter_misc":{"Est. tempo de leitura":"1 minuto"},"schema":{"@context":"https:\/\/schema.org","@graph":[{"@type":"WebPage","@id":"https:\/\/wp.ufpel.edu.br\/ppgcem\/pt\/dissertacoes-e-teses\/dissertacoes\/2018-2\/","url":"https:\/\/wp.ufpel.edu.br\/ppgcem\/pt\/dissertacoes-e-teses\/dissertacoes\/2018-2\/","name":"2018 &#8211; Programa de P\u00f3s-Gradua\u00e7\u00e3o em Ci\u00eancia e Engenharia de Materiais","isPartOf":{"@id":"https:\/\/wp.ufpel.edu.br\/ppgcem\/pt\/#website"},"datePublished":"2019-09-24T18:48:51+00:00","dateModified":"2019-09-24T21:39:18+00:00","breadcrumb":{"@id":"https:\/\/wp.ufpel.edu.br\/ppgcem\/pt\/dissertacoes-e-teses\/dissertacoes\/2018-2\/#breadcrumb"},"inLanguage":"pt-BR","potentialAction":[{"@type":"ReadAction","target":["https:\/\/wp.ufpel.edu.br\/ppgcem\/pt\/dissertacoes-e-teses\/dissertacoes\/2018-2\/"]}]},{"@type":"BreadcrumbList","@id":"https:\/\/wp.ufpel.edu.br\/ppgcem\/pt\/dissertacoes-e-teses\/dissertacoes\/2018-2\/#breadcrumb","itemListElement":[{"@type":"ListItem","position":1,"name":"In\u00edcio","item":"https:\/\/wp.ufpel.edu.br\/ppgcem\/pt\/"},{"@type":"ListItem","position":2,"name":"Disserta\u00e7\u00f5es e Teses","item":"https:\/\/wp.ufpel.edu.br\/ppgcem\/pt\/dissertacoes-e-teses\/"},{"@type":"ListItem","position":3,"name":"Disserta\u00e7\u00f5es","item":"https:\/\/wp.ufpel.edu.br\/ppgcem\/pt\/dissertacoes-e-teses\/dissertacoes\/"},{"@type":"ListItem","position":4,"name":"2018"}]},{"@type":"WebSite","@id":"https:\/\/wp.ufpel.edu.br\/ppgcem\/pt\/#website","url":"https:\/\/wp.ufpel.edu.br\/ppgcem\/pt\/","name":"Programa de P\u00f3s-Gradua\u00e7\u00e3o em Ci\u00eancia e Engenharia de Materiais","description":"","potentialAction":[{"@type":"SearchAction","target":{"@type":"EntryPoint","urlTemplate":"https:\/\/wp.ufpel.edu.br\/ppgcem\/pt\/?s={search_term_string}"},"query-input":{"@type":"PropertyValueSpecification","valueRequired":true,"valueName":"search_term_string"}}],"inLanguage":"pt-BR"}]}},"jetpack_sharing_enabled":true,"jetpack_shortlink":"https:\/\/wp.me\/P8zk0j-Pl","_links":{"self":[{"href":"https:\/\/wp.ufpel.edu.br\/ppgcem\/wp-json\/wp\/v2\/pages\/3183","targetHints":{"allow":["GET"]}}],"collection":[{"href":"https:\/\/wp.ufpel.edu.br\/ppgcem\/wp-json\/wp\/v2\/pages"}],"about":[{"href":"https:\/\/wp.ufpel.edu.br\/ppgcem\/wp-json\/wp\/v2\/types\/page"}],"author":[{"embeddable":true,"href":"https:\/\/wp.ufpel.edu.br\/ppgcem\/wp-json\/wp\/v2\/users\/370"}],"replies":[{"embeddable":true,"href":"https:\/\/wp.ufpel.edu.br\/ppgcem\/wp-json\/wp\/v2\/comments?post=3183"}],"version-history":[{"count":4,"href":"https:\/\/wp.ufpel.edu.br\/ppgcem\/wp-json\/wp\/v2\/pages\/3183\/revisions"}],"predecessor-version":[{"id":3198,"href":"https:\/\/wp.ufpel.edu.br\/ppgcem\/wp-json\/wp\/v2\/pages\/3183\/revisions\/3198"}],"up":[{"embeddable":true,"href":"https:\/\/wp.ufpel.edu.br\/ppgcem\/wp-json\/wp\/v2\/pages\/490"}],"wp:attachment":[{"href":"https:\/\/wp.ufpel.edu.br\/ppgcem\/wp-json\/wp\/v2\/media?parent=3183"}],"curies":[{"name":"wp","href":"https:\/\/api.w.org\/{rel}","templated":true}]}}