{"id":3173,"date":"2019-09-23T16:45:51","date_gmt":"2019-09-23T19:45:51","guid":{"rendered":"https:\/\/wp.ufpel.edu.br\/ppgcem\/?page_id=3173"},"modified":"2019-09-24T15:58:10","modified_gmt":"2019-09-24T18:58:10","slug":"2017-2","status":"publish","type":"page","link":"https:\/\/wp.ufpel.edu.br\/ppgcem\/dissertacoes-e-teses\/dissertacoes\/2017-2\/","title":{"rendered":"2017"},"content":{"rendered":"<table style=\"height: 750px\" width=\"700\">\n<tbody>\n<tr style=\"height: 80px\">\n<td style=\"height: 80px\" width=\"337\">\n<h4 style=\"text-align: left\"><strong>Disserta\u00e7\u00e3o (clique para acessar o arquivo)<\/strong><\/h4>\n<\/td>\n<td style=\"text-align: left;height: 80px\" width=\"220\">\n<h4><strong>Nome do Aluno<\/strong><\/h4>\n<\/td>\n<td style=\"text-align: left;height: 80px\" width=\"220\">\n<h4><strong>Nome do Orientador<\/strong><\/h4>\n<\/td>\n<td style=\"text-align: left;height: 80px\" width=\"124\">\n<h4><strong>Data da Defesa<\/strong><\/h4>\n<\/td>\n<\/tr>\n<tr style=\"height: 100px\">\n<td style=\"height: 100px\" width=\"337\"><a href=\"https:\/\/drive.google.com\/open?id=1jCCC06tzaNAqdZvgTJQV88pHn0Lugffh\">OBTEN\u00c7\u00c3O E CARACTERIZA\u00c7\u00c3O DE NANOCOMP\u00d3SITOS DE POLIAMIDA 6 REFOR\u00c7ADA COM \u00d3XIDO DE GRAFENO POR M\u00c9TODOS COMBINADOS DE MISTURA EM SOLU\u00c7\u00c3O E MISTURA NO ESTADO FUNDIDO<\/a><\/td>\n<td style=\"height: 100px\" width=\"220\">CAIO CESAR NOGUEIRA DE MELO<\/td>\n<td style=\"height: 100px\" width=\"220\"><\/td>\n<td style=\"height: 100px\" width=\"124\">18\/12\/2017<\/td>\n<\/tr>\n<tr style=\"height: 72px\">\n<td style=\"height: 72px\" width=\"337\"><a href=\"https:\/\/drive.google.com\/open?id=1T8hx1vtBaWAjot6O_P1am4tUa-UoibxE\">ESTUDO DO COMPORTAMENTO CORROSIVO DE UMA LIGA SOLDADA DE ALUM\u00cdNIO 7003<\/a><\/td>\n<td style=\"height: 72px\" width=\"220\">VINICIUS PERRET FURTADO<\/td>\n<td style=\"height: 72px\" width=\"220\"><\/td>\n<td style=\"height: 72px\" width=\"124\">27\/11\/2017<\/td>\n<\/tr>\n<tr style=\"height: 96px\">\n<td style=\"height: 96px\" width=\"337\"><a href=\"https:\/\/drive.google.com\/open?id=1aLhmzK_OR6i_L9xzwCaZSkiLwRnrZVqg\">Comp\u00f3sito de fibra de carbono e resina ep\u00f3xi modificada pela adi\u00e7\u00e3o de nanotubos de carbono recobertos com ZnS<\/a><\/td>\n<td style=\"height: 96px\" width=\"220\">GUILHERME KURZ MARON<\/td>\n<td style=\"height: 96px\" width=\"220\"><\/td>\n<td style=\"height: 96px\" width=\"124\">03\/07\/2017<\/td>\n<\/tr>\n<tr style=\"height: 72px\">\n<td style=\"height: 72px\" width=\"337\"><a href=\"https:\/\/drive.google.com\/open?id=1xi7w_zUoJ7tnQFsaqc0ezRQaGqdMLJUW\">Desenvolvimento e caracteriza\u00e7\u00e3o de comp\u00f3sitos de matriz met\u00e1lica refor\u00e7ados com carbeto de ni\u00f3bio<\/a><\/td>\n<td style=\"height: 72px\" width=\"220\">JANETE VIEGAS VIEIRA<\/td>\n<td style=\"height: 72px\" width=\"220\"><\/td>\n<td style=\"height: 72px\" width=\"124\">29\/03\/2017<\/td>\n<\/tr>\n<tr style=\"height: 96px\">\n<td style=\"height: 96px\" width=\"337\"><a href=\"https:\/\/drive.google.com\/open?id=1kZqqn5sjLNHig6YDENkNevgvq2MnyImz\">Obten\u00e7\u00e3o de Acetato de Celulose a partir de Res\u00edduos Agroindustriais para utiliza\u00e7\u00e3o em comp\u00f3sito Antimicrobiano<\/a><\/td>\n<td style=\"height: 96px\" width=\"220\">OSCAR GIORDANI PANIZ<\/td>\n<td style=\"height: 96px\" width=\"220\"><\/td>\n<td style=\"height: 96px\" width=\"124\">23\/02\/2017<\/td>\n<\/tr>\n<tr style=\"height: 72px\">\n<td style=\"height: 72px\" width=\"337\"><a href=\"https:\/\/drive.google.com\/open?id=1c5QY4sp6Cv3X29CQyxTcbh7yNa_4GQzn\">Avalia\u00e7\u00e3o de Produ\u00e7\u00e3o e Caracteriza\u00e7\u00e3o de Nanofibrilas de celulose<\/a><\/td>\n<td style=\"height: 72px\" width=\"220\">DEBORA DUARTE RIBES<\/td>\n<td style=\"height: 72px\" width=\"220\"><\/td>\n<td style=\"height: 72px\" width=\"124\">22\/02\/2017<\/td>\n<\/tr>\n<tr style=\"height: 96px\">\n<td style=\"height: 96px\" width=\"337\"><a href=\"https:\/\/drive.google.com\/open?id=1L4UmlWXml4NxRnLvfXhPBxLC7bIQ1wKy\">C\u00e9lula Fotovoltaica ZnO@ZnS Core@Shell, Obtida a Partir do M\u00e9todo Hidrot\u00e9rmico Assistido por Microondas<\/a><\/td>\n<td style=\"height: 96px\" width=\"220\">CRISTIAN DIAS FERNANDES<\/td>\n<td style=\"height: 96px\" width=\"220\"><\/td>\n<td style=\"height: 96px\" width=\"124\">21\/02\/2017<\/td>\n<\/tr>\n<tr style=\"height: 72px\">\n<td style=\"height: 72px\" width=\"337\"><a href=\"https:\/\/drive.google.com\/open?id=1PsrAVAYBp8rR9cZclX0qVcxTsneIuPNI\">Efici\u00eancia de preservantes fungicidas em madeiras de Eucalyptus dunnii e Pinus elliottii<\/a><\/td>\n<td style=\"height: 72px\" width=\"220\">EZEQUIEL GALLIO<\/td>\n<td style=\"height: 72px\" width=\"220\"><\/td>\n<td style=\"height: 72px\" width=\"124\">03\/02\/2017<\/td>\n<\/tr>\n<\/tbody>\n<\/table>\n<p>&nbsp;<\/p>\n","protected":false},"excerpt":{"rendered":"<p>Disserta\u00e7\u00e3o (clique para acessar o arquivo) Nome do Aluno Nome do Orientador Data da Defesa OBTEN\u00c7\u00c3O E CARACTERIZA\u00c7\u00c3O DE NANOCOMP\u00d3SITOS DE POLIAMIDA 6 REFOR\u00c7ADA COM \u00d3XIDO DE GRAFENO POR M\u00c9TODOS COMBINADOS DE MISTURA EM SOLU\u00c7\u00c3O E MISTURA NO ESTADO FUNDIDO CAIO CESAR NOGUEIRA DE MELO 18\/12\/2017 ESTUDO DO COMPORTAMENTO CORROSIVO DE UMA LIGA SOLDADA DE [&hellip;]<\/p>\n","protected":false},"author":370,"featured_media":0,"parent":490,"menu_order":-2,"comment_status":"closed","ping_status":"closed","template":"","meta":{"jetpack_post_was_ever_published":false,"footnotes":""},"class_list":["post-3173","page","type-page","status-publish","hentry"],"yoast_head":"<!-- This site is optimized with the Yoast SEO plugin v26.7 - https:\/\/yoast.com\/wordpress\/plugins\/seo\/ -->\n<title>2017 &#8211; Programa de P\u00f3s-Gradua\u00e7\u00e3o em Ci\u00eancia e Engenharia de Materiais<\/title>\n<meta name=\"robots\" content=\"index, follow, max-snippet:-1, max-image-preview:large, max-video-preview:-1\" \/>\n<link rel=\"canonical\" href=\"https:\/\/wp.ufpel.edu.br\/ppgcem\/pt\/dissertacoes-e-teses\/dissertacoes\/2017-2\/\" \/>\n<meta property=\"og:locale\" content=\"pt_BR\" \/>\n<meta property=\"og:type\" content=\"article\" \/>\n<meta property=\"og:title\" content=\"2017 &#8211; Programa de P\u00f3s-Gradua\u00e7\u00e3o em Ci\u00eancia e Engenharia de Materiais\" \/>\n<meta property=\"og:description\" content=\"Disserta\u00e7\u00e3o (clique para acessar o arquivo) Nome do Aluno Nome do Orientador Data da Defesa OBTEN\u00c7\u00c3O E CARACTERIZA\u00c7\u00c3O DE NANOCOMP\u00d3SITOS DE POLIAMIDA 6 REFOR\u00c7ADA COM \u00d3XIDO DE GRAFENO POR M\u00c9TODOS COMBINADOS DE MISTURA EM SOLU\u00c7\u00c3O E MISTURA NO ESTADO FUNDIDO CAIO CESAR NOGUEIRA DE MELO 18\/12\/2017 ESTUDO DO COMPORTAMENTO CORROSIVO DE UMA LIGA SOLDADA DE [&hellip;]\" \/>\n<meta property=\"og:url\" content=\"https:\/\/wp.ufpel.edu.br\/ppgcem\/pt\/dissertacoes-e-teses\/dissertacoes\/2017-2\/\" \/>\n<meta property=\"og:site_name\" content=\"Programa de P\u00f3s-Gradua\u00e7\u00e3o em Ci\u00eancia e Engenharia de Materiais\" \/>\n<meta property=\"article:modified_time\" content=\"2019-09-24T18:58:10+00:00\" \/>\n<meta name=\"twitter:card\" content=\"summary_large_image\" \/>\n<meta name=\"twitter:label1\" content=\"Est. tempo de leitura\" \/>\n\t<meta name=\"twitter:data1\" content=\"1 minuto\" \/>\n<script type=\"application\/ld+json\" class=\"yoast-schema-graph\">{\"@context\":\"https:\/\/schema.org\",\"@graph\":[{\"@type\":\"WebPage\",\"@id\":\"https:\/\/wp.ufpel.edu.br\/ppgcem\/pt\/dissertacoes-e-teses\/dissertacoes\/2017-2\/\",\"url\":\"https:\/\/wp.ufpel.edu.br\/ppgcem\/pt\/dissertacoes-e-teses\/dissertacoes\/2017-2\/\",\"name\":\"2017 &#8211; Programa de P\u00f3s-Gradua\u00e7\u00e3o em Ci\u00eancia e Engenharia de Materiais\",\"isPartOf\":{\"@id\":\"https:\/\/wp.ufpel.edu.br\/ppgcem\/pt\/#website\"},\"datePublished\":\"2019-09-23T19:45:51+00:00\",\"dateModified\":\"2019-09-24T18:58:10+00:00\",\"breadcrumb\":{\"@id\":\"https:\/\/wp.ufpel.edu.br\/ppgcem\/pt\/dissertacoes-e-teses\/dissertacoes\/2017-2\/#breadcrumb\"},\"inLanguage\":\"pt-BR\",\"potentialAction\":[{\"@type\":\"ReadAction\",\"target\":[\"https:\/\/wp.ufpel.edu.br\/ppgcem\/pt\/dissertacoes-e-teses\/dissertacoes\/2017-2\/\"]}]},{\"@type\":\"BreadcrumbList\",\"@id\":\"https:\/\/wp.ufpel.edu.br\/ppgcem\/pt\/dissertacoes-e-teses\/dissertacoes\/2017-2\/#breadcrumb\",\"itemListElement\":[{\"@type\":\"ListItem\",\"position\":1,\"name\":\"In\u00edcio\",\"item\":\"https:\/\/wp.ufpel.edu.br\/ppgcem\/pt\/\"},{\"@type\":\"ListItem\",\"position\":2,\"name\":\"Disserta\u00e7\u00f5es e Teses\",\"item\":\"https:\/\/wp.ufpel.edu.br\/ppgcem\/pt\/dissertacoes-e-teses\/\"},{\"@type\":\"ListItem\",\"position\":3,\"name\":\"Disserta\u00e7\u00f5es\",\"item\":\"https:\/\/wp.ufpel.edu.br\/ppgcem\/pt\/dissertacoes-e-teses\/dissertacoes\/\"},{\"@type\":\"ListItem\",\"position\":4,\"name\":\"2017\"}]},{\"@type\":\"WebSite\",\"@id\":\"https:\/\/wp.ufpel.edu.br\/ppgcem\/pt\/#website\",\"url\":\"https:\/\/wp.ufpel.edu.br\/ppgcem\/pt\/\",\"name\":\"Programa de P\u00f3s-Gradua\u00e7\u00e3o em Ci\u00eancia e Engenharia de Materiais\",\"description\":\"\",\"potentialAction\":[{\"@type\":\"SearchAction\",\"target\":{\"@type\":\"EntryPoint\",\"urlTemplate\":\"https:\/\/wp.ufpel.edu.br\/ppgcem\/pt\/?s={search_term_string}\"},\"query-input\":{\"@type\":\"PropertyValueSpecification\",\"valueRequired\":true,\"valueName\":\"search_term_string\"}}],\"inLanguage\":\"pt-BR\"}]}<\/script>\n<!-- \/ Yoast SEO plugin. -->","yoast_head_json":{"title":"2017 &#8211; Programa de P\u00f3s-Gradua\u00e7\u00e3o em Ci\u00eancia e Engenharia de Materiais","robots":{"index":"index","follow":"follow","max-snippet":"max-snippet:-1","max-image-preview":"max-image-preview:large","max-video-preview":"max-video-preview:-1"},"canonical":"https:\/\/wp.ufpel.edu.br\/ppgcem\/pt\/dissertacoes-e-teses\/dissertacoes\/2017-2\/","og_locale":"pt_BR","og_type":"article","og_title":"2017 &#8211; Programa de P\u00f3s-Gradua\u00e7\u00e3o em Ci\u00eancia e Engenharia de Materiais","og_description":"Disserta\u00e7\u00e3o (clique para acessar o arquivo) Nome do Aluno Nome do Orientador Data da Defesa OBTEN\u00c7\u00c3O E CARACTERIZA\u00c7\u00c3O DE NANOCOMP\u00d3SITOS DE POLIAMIDA 6 REFOR\u00c7ADA COM \u00d3XIDO DE GRAFENO POR M\u00c9TODOS COMBINADOS DE MISTURA EM SOLU\u00c7\u00c3O E MISTURA NO ESTADO FUNDIDO CAIO CESAR NOGUEIRA DE MELO 18\/12\/2017 ESTUDO DO COMPORTAMENTO CORROSIVO DE UMA LIGA SOLDADA DE [&hellip;]","og_url":"https:\/\/wp.ufpel.edu.br\/ppgcem\/pt\/dissertacoes-e-teses\/dissertacoes\/2017-2\/","og_site_name":"Programa de P\u00f3s-Gradua\u00e7\u00e3o em Ci\u00eancia e Engenharia de Materiais","article_modified_time":"2019-09-24T18:58:10+00:00","twitter_card":"summary_large_image","twitter_misc":{"Est. tempo de leitura":"1 minuto"},"schema":{"@context":"https:\/\/schema.org","@graph":[{"@type":"WebPage","@id":"https:\/\/wp.ufpel.edu.br\/ppgcem\/pt\/dissertacoes-e-teses\/dissertacoes\/2017-2\/","url":"https:\/\/wp.ufpel.edu.br\/ppgcem\/pt\/dissertacoes-e-teses\/dissertacoes\/2017-2\/","name":"2017 &#8211; Programa de P\u00f3s-Gradua\u00e7\u00e3o em Ci\u00eancia e Engenharia de Materiais","isPartOf":{"@id":"https:\/\/wp.ufpel.edu.br\/ppgcem\/pt\/#website"},"datePublished":"2019-09-23T19:45:51+00:00","dateModified":"2019-09-24T18:58:10+00:00","breadcrumb":{"@id":"https:\/\/wp.ufpel.edu.br\/ppgcem\/pt\/dissertacoes-e-teses\/dissertacoes\/2017-2\/#breadcrumb"},"inLanguage":"pt-BR","potentialAction":[{"@type":"ReadAction","target":["https:\/\/wp.ufpel.edu.br\/ppgcem\/pt\/dissertacoes-e-teses\/dissertacoes\/2017-2\/"]}]},{"@type":"BreadcrumbList","@id":"https:\/\/wp.ufpel.edu.br\/ppgcem\/pt\/dissertacoes-e-teses\/dissertacoes\/2017-2\/#breadcrumb","itemListElement":[{"@type":"ListItem","position":1,"name":"In\u00edcio","item":"https:\/\/wp.ufpel.edu.br\/ppgcem\/pt\/"},{"@type":"ListItem","position":2,"name":"Disserta\u00e7\u00f5es e Teses","item":"https:\/\/wp.ufpel.edu.br\/ppgcem\/pt\/dissertacoes-e-teses\/"},{"@type":"ListItem","position":3,"name":"Disserta\u00e7\u00f5es","item":"https:\/\/wp.ufpel.edu.br\/ppgcem\/pt\/dissertacoes-e-teses\/dissertacoes\/"},{"@type":"ListItem","position":4,"name":"2017"}]},{"@type":"WebSite","@id":"https:\/\/wp.ufpel.edu.br\/ppgcem\/pt\/#website","url":"https:\/\/wp.ufpel.edu.br\/ppgcem\/pt\/","name":"Programa de P\u00f3s-Gradua\u00e7\u00e3o em Ci\u00eancia e Engenharia de Materiais","description":"","potentialAction":[{"@type":"SearchAction","target":{"@type":"EntryPoint","urlTemplate":"https:\/\/wp.ufpel.edu.br\/ppgcem\/pt\/?s={search_term_string}"},"query-input":{"@type":"PropertyValueSpecification","valueRequired":true,"valueName":"search_term_string"}}],"inLanguage":"pt-BR"}]}},"jetpack_sharing_enabled":true,"jetpack_shortlink":"https:\/\/wp.me\/P8zk0j-Pb","_links":{"self":[{"href":"https:\/\/wp.ufpel.edu.br\/ppgcem\/wp-json\/wp\/v2\/pages\/3173","targetHints":{"allow":["GET"]}}],"collection":[{"href":"https:\/\/wp.ufpel.edu.br\/ppgcem\/wp-json\/wp\/v2\/pages"}],"about":[{"href":"https:\/\/wp.ufpel.edu.br\/ppgcem\/wp-json\/wp\/v2\/types\/page"}],"author":[{"embeddable":true,"href":"https:\/\/wp.ufpel.edu.br\/ppgcem\/wp-json\/wp\/v2\/users\/370"}],"replies":[{"embeddable":true,"href":"https:\/\/wp.ufpel.edu.br\/ppgcem\/wp-json\/wp\/v2\/comments?post=3173"}],"version-history":[{"count":9,"href":"https:\/\/wp.ufpel.edu.br\/ppgcem\/wp-json\/wp\/v2\/pages\/3173\/revisions"}],"predecessor-version":[{"id":3176,"href":"https:\/\/wp.ufpel.edu.br\/ppgcem\/wp-json\/wp\/v2\/pages\/3173\/revisions\/3176"}],"up":[{"embeddable":true,"href":"https:\/\/wp.ufpel.edu.br\/ppgcem\/wp-json\/wp\/v2\/pages\/490"}],"wp:attachment":[{"href":"https:\/\/wp.ufpel.edu.br\/ppgcem\/wp-json\/wp\/v2\/media?parent=3173"}],"curies":[{"name":"wp","href":"https:\/\/api.w.org\/{rel}","templated":true}]}}