{"id":3060,"date":"2019-07-16T15:37:54","date_gmt":"2019-07-16T18:37:54","guid":{"rendered":"https:\/\/wp.ufpel.edu.br\/ppgcem\/?page_id=3060"},"modified":"2019-08-09T17:46:41","modified_gmt":"2019-08-09T20:46:41","slug":"processo-seletivo-2019-2","status":"publish","type":"page","link":"https:\/\/wp.ufpel.edu.br\/ppgcem\/editais\/processo-seletivo-2019-2\/","title":{"rendered":"Processo Seletivo 2019\/2"},"content":{"rendered":"<h3><strong>Documentos para sele\u00e7\u00e3o de Mestrado <\/strong><\/h3>\n<ul>\n<li>Acesse o Edital clicando aqui: <a href=\"https:\/\/wp.ufpel.edu.br\/ppgcem\/files\/2019\/07\/edital-de-Mestrado-2019_2.pdf\">edital de Mestrado 2019_2<\/a><\/li>\n<li><strong>Demais documentos:<\/strong><\/li>\n<\/ul>\n<ol>\n<li>Formul\u00e1rio de Inscri\u00e7\u00e3o \u2013 <a href=\"https:\/\/wp.ufpel.edu.br\/ppgcem\/files\/2019\/07\/formulario_inscricaoMESTRADO2019-2.doc\">formulario_inscricaoMESTRADO2019-2<\/a><\/li>\n<\/ol>\n<p>2. Tabela de Pontua\u00e7\u00e3o do Curr\u00edculo Lattes (os documentos comprobat\u00f3rios dever\u00e3o ser entregues conforme estabelecido no Edital): <a href=\"https:\/\/wp.ufpel.edu.br\/ppgcem\/files\/2019\/07\/Tabela-de-pontua\u00e7\u00e3o-Lattes.xlsx\">Tabela de pontua\u00e7\u00e3o Lattes<\/a><\/p>\n<p>3. Carta de Recomenda\u00e7\u00e3o (OPCIONAL \u2013 N\u00e3o \u00e9 obrigat\u00f3ria): <a href=\"https:\/\/wp.ufpel.edu.br\/prppg\/files\/2013\/08\/51d78d2968.doc\">Modelo de Carta de Recomenda\u00e7\u00e3o<\/a><\/p>\n<p>4. Formul\u00e1rio para declara\u00e7\u00e3o de etnia (quando aplic\u00e1vel): <a href=\"https:\/\/wp.ufpel.edu.br\/ppgcem\/files\/2017\/05\/Declara\u00e7\u00e3o-de-Etnia-edit\u00e1vel-1.docx\">Declara\u00e7\u00e3o-de-Etnia-edit\u00e1vel-1<\/a><\/p>\n<p>5. Modelo de Projeto de Pesquisa,\u00a0<a href=\"https:\/\/wp.ufpel.edu.br\/ppgcem\/files\/2014\/10\/Modelo-de-Projeto-de-Pesquisa.doc\">clique aqui.<\/a><\/p>\n<p>6. Artigos para a prova escrita:<\/p>\n<p><a href=\"https:\/\/wp.ufpel.edu.br\/ppgcem\/files\/2019\/08\/1-s2.0-S0001868618303208-main.pdf\">artigo 01<\/a><\/p>\n<p><a href=\"https:\/\/wp.ufpel.edu.br\/ppgcem\/files\/2019\/08\/acssuschemeng.9b01122-referencia.pdf\">artigo 02<\/a><\/p>\n<p>&nbsp;<\/p>\n<p><strong>AVISO IMPORTANTE!<\/strong> NO DIA 08 DE AGOSTO A UFPEL FAR\u00c1 TURNO \u00daNICO, OU SEJA, O ATENDIMENTO EM TODA A UNIVERSIDADE FUNCIONAR\u00c1 APENAS NO PER\u00cdODO DAS 08H \u00c0S 14H. PORTANTO, AS INSCRI\u00c7\u00d5ES DEVER\u00c3O SER FEITAS NESSE HOR\u00c1RIO.<\/p>\n<h3><strong>Documentos para sele\u00e7\u00e3o de Doutorado<\/strong><\/h3>\n<ul>\n<li>Acesse o Edital clicando aqui: <a href=\"https:\/\/wp.ufpel.edu.br\/ppgcem\/files\/2019\/07\/edital-de-Doutorado-2019_2.pdf\">edital de Doutorado 2019_2<\/a><\/li>\n<li><strong>Demais documentos:<\/strong><\/li>\n<\/ul>\n<div class=\"entry-content\">\n<p>1. Formul\u00e1rio de Inscri\u00e7\u00e3o \u2013 <a href=\"https:\/\/wp.ufpel.edu.br\/ppgcem\/files\/2019\/07\/formulario_inscricaoDOUTORADO2019-2.doc\">formulario_inscricaoDOUTORADO2019-2<\/a><\/p>\n<p>2. Tabela de Pontua\u00e7\u00e3o do Curr\u00edculo Lattes (os documentos comprobat\u00f3rios dever\u00e3o ser entregues conforme estabelecido no Edital): <a href=\"https:\/\/wp.ufpel.edu.br\/ppgcem\/files\/2019\/07\/Tabela-de-pontua\u00e7\u00e3o-Lattes.xlsx\">Tabela de pontua\u00e7\u00e3o Lattes<\/a><\/p>\n<p>3.\u00a0 Carta de Recomenda\u00e7\u00e3o (OPCIONAL \u2013 N\u00e3o \u00e9 obrigat\u00f3ria): <a href=\"https:\/\/wp.ufpel.edu.br\/prppg\/files\/2013\/08\/51d78d2968.doc\">Modelo de Carta de Recomenda\u00e7\u00e3o<\/a><\/p>\n<p>4.\u00a0 Formul\u00e1rio para declara\u00e7\u00e3o de etnia (quando aplic\u00e1vel): <a href=\"https:\/\/wp.ufpel.edu.br\/ppgcem\/files\/2017\/05\/Declara\u00e7\u00e3o-de-Etnia-edit\u00e1vel-1.docx\">Declara\u00e7\u00e3o-de-Etnia-edit\u00e1vel-1<\/a><\/p>\n<p>5. Modelo de Projeto de Pesquisa, <a href=\"https:\/\/wp.ufpel.edu.br\/ppgcem\/files\/2014\/10\/Modelo-de-Projeto-de-Pesquisa.doc\">clique aqui.<\/a><\/p>\n<\/div>\n<p><strong>AVISO IMPORTANTE!<\/strong> NO DIA 08 DE AGOSTO A UFPEL FAR\u00c1 TURNO \u00daNICO, OU SEJA, O ATENDIMENTO EM TODA A UNIVERSIDADE FUNCIONAR\u00c1 APENAS NO PER\u00cdODO DAS 08H \u00c0S 14H. PORTANTO, AS INSCRI\u00c7\u00d5ES DEVER\u00c3O SER FEITAS NESSE HOR\u00c1RIO.<\/p>\n","protected":false},"excerpt":{"rendered":"<p>Documentos para sele\u00e7\u00e3o de Mestrado Acesse o Edital clicando aqui: edital de Mestrado 2019_2 Demais documentos: Formul\u00e1rio de Inscri\u00e7\u00e3o \u2013 formulario_inscricaoMESTRADO2019-2 2. Tabela de Pontua\u00e7\u00e3o do Curr\u00edculo Lattes (os documentos comprobat\u00f3rios dever\u00e3o ser entregues conforme estabelecido no Edital): Tabela de pontua\u00e7\u00e3o Lattes 3. Carta de Recomenda\u00e7\u00e3o (OPCIONAL \u2013 N\u00e3o \u00e9 obrigat\u00f3ria): Modelo de Carta de [&hellip;]<\/p>\n","protected":false},"author":370,"featured_media":0,"parent":41,"menu_order":-10,"comment_status":"closed","ping_status":"closed","template":"","meta":{"jetpack_post_was_ever_published":false,"footnotes":""},"class_list":["post-3060","page","type-page","status-publish","hentry"],"yoast_head":"<!-- This site is optimized with the Yoast SEO plugin v26.7 - https:\/\/yoast.com\/wordpress\/plugins\/seo\/ -->\n<title>Processo Seletivo 2019\/2 &#8211; Programa de P\u00f3s-Gradua\u00e7\u00e3o em Ci\u00eancia e Engenharia de Materiais<\/title>\n<meta name=\"robots\" content=\"index, follow, max-snippet:-1, max-image-preview:large, max-video-preview:-1\" \/>\n<link rel=\"canonical\" href=\"https:\/\/wp.ufpel.edu.br\/ppgcem\/editais\/processo-seletivo-2019-2\/\" \/>\n<meta property=\"og:locale\" content=\"pt_BR\" \/>\n<meta property=\"og:type\" content=\"article\" \/>\n<meta property=\"og:title\" content=\"Processo Seletivo 2019\/2 &#8211; Programa de P\u00f3s-Gradua\u00e7\u00e3o em Ci\u00eancia e Engenharia de Materiais\" \/>\n<meta property=\"og:description\" content=\"Documentos para sele\u00e7\u00e3o de Mestrado Acesse o Edital clicando aqui: edital de Mestrado 2019_2 Demais documentos: Formul\u00e1rio de Inscri\u00e7\u00e3o \u2013 formulario_inscricaoMESTRADO2019-2 2. Tabela de Pontua\u00e7\u00e3o do Curr\u00edculo Lattes (os documentos comprobat\u00f3rios dever\u00e3o ser entregues conforme estabelecido no Edital): Tabela de pontua\u00e7\u00e3o Lattes 3. Carta de Recomenda\u00e7\u00e3o (OPCIONAL \u2013 N\u00e3o \u00e9 obrigat\u00f3ria): Modelo de Carta de [&hellip;]\" \/>\n<meta property=\"og:url\" content=\"https:\/\/wp.ufpel.edu.br\/ppgcem\/editais\/processo-seletivo-2019-2\/\" \/>\n<meta property=\"og:site_name\" content=\"Programa de P\u00f3s-Gradua\u00e7\u00e3o em Ci\u00eancia e Engenharia de Materiais\" \/>\n<meta property=\"article:modified_time\" content=\"2019-08-09T20:46:41+00:00\" \/>\n<meta name=\"twitter:card\" content=\"summary_large_image\" \/>\n<meta name=\"twitter:label1\" content=\"Est. tempo de leitura\" \/>\n\t<meta name=\"twitter:data1\" content=\"1 minuto\" \/>\n<script type=\"application\/ld+json\" class=\"yoast-schema-graph\">{\"@context\":\"https:\/\/schema.org\",\"@graph\":[{\"@type\":\"WebPage\",\"@id\":\"https:\/\/wp.ufpel.edu.br\/ppgcem\/editais\/processo-seletivo-2019-2\/\",\"url\":\"https:\/\/wp.ufpel.edu.br\/ppgcem\/editais\/processo-seletivo-2019-2\/\",\"name\":\"Processo Seletivo 2019\/2 &#8211; Programa de P\u00f3s-Gradua\u00e7\u00e3o em Ci\u00eancia e Engenharia de Materiais\",\"isPartOf\":{\"@id\":\"https:\/\/wp.ufpel.edu.br\/ppgcem\/pt\/#website\"},\"datePublished\":\"2019-07-16T18:37:54+00:00\",\"dateModified\":\"2019-08-09T20:46:41+00:00\",\"breadcrumb\":{\"@id\":\"https:\/\/wp.ufpel.edu.br\/ppgcem\/editais\/processo-seletivo-2019-2\/#breadcrumb\"},\"inLanguage\":\"pt-BR\",\"potentialAction\":[{\"@type\":\"ReadAction\",\"target\":[\"https:\/\/wp.ufpel.edu.br\/ppgcem\/editais\/processo-seletivo-2019-2\/\"]}]},{\"@type\":\"BreadcrumbList\",\"@id\":\"https:\/\/wp.ufpel.edu.br\/ppgcem\/editais\/processo-seletivo-2019-2\/#breadcrumb\",\"itemListElement\":[{\"@type\":\"ListItem\",\"position\":1,\"name\":\"In\u00edcio\",\"item\":\"https:\/\/wp.ufpel.edu.br\/ppgcem\/pt\/\"},{\"@type\":\"ListItem\",\"position\":2,\"name\":\"Processo Seletivo\",\"item\":\"https:\/\/wp.ufpel.edu.br\/ppgcem\/editais\/\"},{\"@type\":\"ListItem\",\"position\":3,\"name\":\"Processo Seletivo 2019\/2\"}]},{\"@type\":\"WebSite\",\"@id\":\"https:\/\/wp.ufpel.edu.br\/ppgcem\/pt\/#website\",\"url\":\"https:\/\/wp.ufpel.edu.br\/ppgcem\/pt\/\",\"name\":\"Programa de P\u00f3s-Gradua\u00e7\u00e3o em Ci\u00eancia e Engenharia de Materiais\",\"description\":\"\",\"potentialAction\":[{\"@type\":\"SearchAction\",\"target\":{\"@type\":\"EntryPoint\",\"urlTemplate\":\"https:\/\/wp.ufpel.edu.br\/ppgcem\/pt\/?s={search_term_string}\"},\"query-input\":{\"@type\":\"PropertyValueSpecification\",\"valueRequired\":true,\"valueName\":\"search_term_string\"}}],\"inLanguage\":\"pt-BR\"}]}<\/script>\n<!-- \/ Yoast SEO plugin. -->","yoast_head_json":{"title":"Processo Seletivo 2019\/2 &#8211; Programa de P\u00f3s-Gradua\u00e7\u00e3o em Ci\u00eancia e Engenharia de Materiais","robots":{"index":"index","follow":"follow","max-snippet":"max-snippet:-1","max-image-preview":"max-image-preview:large","max-video-preview":"max-video-preview:-1"},"canonical":"https:\/\/wp.ufpel.edu.br\/ppgcem\/editais\/processo-seletivo-2019-2\/","og_locale":"pt_BR","og_type":"article","og_title":"Processo Seletivo 2019\/2 &#8211; Programa de P\u00f3s-Gradua\u00e7\u00e3o em Ci\u00eancia e Engenharia de Materiais","og_description":"Documentos para sele\u00e7\u00e3o de Mestrado Acesse o Edital clicando aqui: edital de Mestrado 2019_2 Demais documentos: Formul\u00e1rio de Inscri\u00e7\u00e3o \u2013 formulario_inscricaoMESTRADO2019-2 2. Tabela de Pontua\u00e7\u00e3o do Curr\u00edculo Lattes (os documentos comprobat\u00f3rios dever\u00e3o ser entregues conforme estabelecido no Edital): Tabela de pontua\u00e7\u00e3o Lattes 3. Carta de Recomenda\u00e7\u00e3o (OPCIONAL \u2013 N\u00e3o \u00e9 obrigat\u00f3ria): Modelo de Carta de [&hellip;]","og_url":"https:\/\/wp.ufpel.edu.br\/ppgcem\/editais\/processo-seletivo-2019-2\/","og_site_name":"Programa de P\u00f3s-Gradua\u00e7\u00e3o em Ci\u00eancia e Engenharia de Materiais","article_modified_time":"2019-08-09T20:46:41+00:00","twitter_card":"summary_large_image","twitter_misc":{"Est. tempo de leitura":"1 minuto"},"schema":{"@context":"https:\/\/schema.org","@graph":[{"@type":"WebPage","@id":"https:\/\/wp.ufpel.edu.br\/ppgcem\/editais\/processo-seletivo-2019-2\/","url":"https:\/\/wp.ufpel.edu.br\/ppgcem\/editais\/processo-seletivo-2019-2\/","name":"Processo Seletivo 2019\/2 &#8211; Programa de P\u00f3s-Gradua\u00e7\u00e3o em Ci\u00eancia e Engenharia de Materiais","isPartOf":{"@id":"https:\/\/wp.ufpel.edu.br\/ppgcem\/pt\/#website"},"datePublished":"2019-07-16T18:37:54+00:00","dateModified":"2019-08-09T20:46:41+00:00","breadcrumb":{"@id":"https:\/\/wp.ufpel.edu.br\/ppgcem\/editais\/processo-seletivo-2019-2\/#breadcrumb"},"inLanguage":"pt-BR","potentialAction":[{"@type":"ReadAction","target":["https:\/\/wp.ufpel.edu.br\/ppgcem\/editais\/processo-seletivo-2019-2\/"]}]},{"@type":"BreadcrumbList","@id":"https:\/\/wp.ufpel.edu.br\/ppgcem\/editais\/processo-seletivo-2019-2\/#breadcrumb","itemListElement":[{"@type":"ListItem","position":1,"name":"In\u00edcio","item":"https:\/\/wp.ufpel.edu.br\/ppgcem\/pt\/"},{"@type":"ListItem","position":2,"name":"Processo Seletivo","item":"https:\/\/wp.ufpel.edu.br\/ppgcem\/editais\/"},{"@type":"ListItem","position":3,"name":"Processo Seletivo 2019\/2"}]},{"@type":"WebSite","@id":"https:\/\/wp.ufpel.edu.br\/ppgcem\/pt\/#website","url":"https:\/\/wp.ufpel.edu.br\/ppgcem\/pt\/","name":"Programa de P\u00f3s-Gradua\u00e7\u00e3o em Ci\u00eancia e Engenharia de Materiais","description":"","potentialAction":[{"@type":"SearchAction","target":{"@type":"EntryPoint","urlTemplate":"https:\/\/wp.ufpel.edu.br\/ppgcem\/pt\/?s={search_term_string}"},"query-input":{"@type":"PropertyValueSpecification","valueRequired":true,"valueName":"search_term_string"}}],"inLanguage":"pt-BR"}]}},"jetpack_sharing_enabled":true,"jetpack_shortlink":"https:\/\/wp.me\/P8zk0j-Nm","_links":{"self":[{"href":"https:\/\/wp.ufpel.edu.br\/ppgcem\/wp-json\/wp\/v2\/pages\/3060","targetHints":{"allow":["GET"]}}],"collection":[{"href":"https:\/\/wp.ufpel.edu.br\/ppgcem\/wp-json\/wp\/v2\/pages"}],"about":[{"href":"https:\/\/wp.ufpel.edu.br\/ppgcem\/wp-json\/wp\/v2\/types\/page"}],"author":[{"embeddable":true,"href":"https:\/\/wp.ufpel.edu.br\/ppgcem\/wp-json\/wp\/v2\/users\/370"}],"replies":[{"embeddable":true,"href":"https:\/\/wp.ufpel.edu.br\/ppgcem\/wp-json\/wp\/v2\/comments?post=3060"}],"version-history":[{"count":12,"href":"https:\/\/wp.ufpel.edu.br\/ppgcem\/wp-json\/wp\/v2\/pages\/3060\/revisions"}],"predecessor-version":[{"id":3106,"href":"https:\/\/wp.ufpel.edu.br\/ppgcem\/wp-json\/wp\/v2\/pages\/3060\/revisions\/3106"}],"up":[{"embeddable":true,"href":"https:\/\/wp.ufpel.edu.br\/ppgcem\/wp-json\/wp\/v2\/pages\/41"}],"wp:attachment":[{"href":"https:\/\/wp.ufpel.edu.br\/ppgcem\/wp-json\/wp\/v2\/media?parent=3060"}],"curies":[{"name":"wp","href":"https:\/\/api.w.org\/{rel}","templated":true}]}}