{"id":2754,"date":"2018-11-01T16:31:02","date_gmt":"2018-11-01T19:31:02","guid":{"rendered":"https:\/\/wp.ufpel.edu.br\/ppgcem\/?page_id=2754"},"modified":"2025-03-19T09:10:17","modified_gmt":"2025-03-19T12:10:17","slug":"laboratorio-de-polimeros-materiais-compositos","status":"publish","type":"page","link":"https:\/\/wp.ufpel.edu.br\/ppgcem\/infraestrutura\/laboratorio-de-polimeros-materiais-compositos\/","title":{"rendered":"Laborat\u00f3rio de Pol\u00edmeros e Materiais Lignocelul\u00f3sicos (LabPMat)"},"content":{"rendered":"<p>O <strong>LabPMaT<\/strong> \u00e9 um laborat\u00f3rio de pesquisa do Programa de P\u00f3s-Gradua\u00e7\u00e3o em Ci\u00eancia e Engenharia de Materiais (PPGCEM) da UFPel, liderado pelos professores <strong>Andr\u00e9 Luiz Missio (<a href=\"http:\/\/lattes.cnpq.br\/6923877786371495\">Lattes<\/a>)<\/strong> e <strong>Amanda Dantas de Oliveira (<a href=\"http:\/\/lattes.cnpq.br\/0010723066123700\">Lattes<\/a>)<\/strong>. O laborat\u00f3rio tem como foco o desenvolvimento de <strong>novos materiais sustent\u00e1veis<\/strong>, contribuindo para avan\u00e7os cient\u00edficos e tecnol\u00f3gicos que respondem a desafios globais e alinhados aos <strong>Objetivos de Desenvolvimento Sustent\u00e1vel (ODS)<\/strong> da ONU.<\/p>\n<p>As principais linhas de pesquisa do LABPMAT incluem:<\/p>\n<ul>\n<li style=\"text-align: justify;\"><strong>Desenvolvimento de Materiais a Partir de Taninos<\/strong>: Explora\u00e7\u00e3o de taninos, compostos de origem natural, para aplica\u00e7\u00f5es em materiais sustent\u00e1veis. Esta linha se alinha ao <strong>ODS 12: Consumo e Produ\u00e7\u00e3o Respons\u00e1veis<\/strong>, promovendo o uso de recursos renov\u00e1veis e mais sustent\u00e1veis em processos produtivos.<\/li>\n<li style=\"text-align: justify;\"><strong>Nanocelulose<\/strong>: Estudo e aplica\u00e7\u00e3o de nanocelulose, um material inovador e biodegrad\u00e1vel com propriedades mec\u00e2nicas excepcionais, para o desenvolvimento de comp\u00f3sitos e novos materiais. Esta linha de pesquisa contribui para o <strong>ODS 9: Ind\u00fastria, Inova\u00e7\u00e3o e Infraestrutura<\/strong>, ao fomentar inova\u00e7\u00f5es tecnol\u00f3gicas e industriais sustent\u00e1veis, e para o <strong>ODS 15: Vida Terrestre<\/strong>, por seu foco em recursos biol\u00f3gicos e preserva\u00e7\u00e3o ambiental.<\/li>\n<li style=\"text-align: justify;\"><strong>Separa\u00e7\u00e3o e Purifica\u00e7\u00e3o de Materiais Lignocelul\u00f3sicos<\/strong>: Pesquisa voltada para o isolamento e purifica\u00e7\u00e3o de biomateriais de origem lignocelul\u00f3sica, promovendo a utiliza\u00e7\u00e3o de materiais renov\u00e1veis. Esta linha est\u00e1 em sinergia com o <strong>ODS 12: Consumo e Produ\u00e7\u00e3o Respons\u00e1veis<\/strong>, incentivando a produ\u00e7\u00e3o respons\u00e1vel e sustent\u00e1vel a partir de biomassa vegetal.<\/li>\n<li style=\"text-align: justify;\"><strong>Comp\u00f3sitos Polim\u00e9ricos<\/strong>: Desenvolvimento de novos comp\u00f3sitos \u00e0 base de pol\u00edmeros, com foco em melhorar as propriedades mec\u00e2nicas e t\u00e9rmicas para diversas aplica\u00e7\u00f5es industriais e ambientais. Esses projetos est\u00e3o ligados ao <strong>ODS 9: Ind\u00fastria, Inova\u00e7\u00e3o e Infraestrutura<\/strong>, ao promover inova\u00e7\u00f5es que ampliam a durabilidade e a efici\u00eancia dos materiais.<\/li>\n<li style=\"text-align: justify;\"><strong>Pol\u00edmeros e Blendas Polim\u00e9ricas<\/strong>: Estudo de blendas polim\u00e9ricas e seus processos de modifica\u00e7\u00e3o para criar materiais com propriedades ajustadas \u00e0s necessidades industriais e ambientais. Alinhado ao <strong>ODS 12: Consumo e Produ\u00e7\u00e3o Respons\u00e1veis<\/strong>, essa linha busca o desenvolvimento de materiais mais eficientes e com menor impacto ambiental.<\/li>\n<li style=\"text-align: justify;\"><strong>Processamento de Materiais Polim\u00e9ricos<\/strong>: Pesquisa em tecnologias avan\u00e7adas para o processamento de pol\u00edmeros, visando a cria\u00e7\u00e3o de materiais de alto desempenho com aplica\u00e7\u00f5es em setores estrat\u00e9gicos. Este foco contribui para o <strong>ODS 9: Ind\u00fastria, Inova\u00e7\u00e3o e Infraestrutura<\/strong>, que incentiva a inova\u00e7\u00e3o industrial e o desenvolvimento de infraestrutura sustent\u00e1vel.<\/li>\n<\/ul>\n<p>O <strong>LABPMAT<\/strong> se destaca pela busca constante de solu\u00e7\u00f5es sustent\u00e1veis e inovadoras para o desenvolvimento de novos materiais, com um forte compromisso com a sustentabilidade e a economia circular. Ao abordar o uso de <strong>recursos naturais renov\u00e1veis<\/strong>, como taninos e nanocelulose, o laborat\u00f3rio promove o avan\u00e7o cient\u00edfico e tecnol\u00f3gico em conformidade com os <strong>ODS 9: Ind\u00fastria, Inova\u00e7\u00e3o e Infraestrutura<\/strong>, <strong>ODS 12: Consumo e Produ\u00e7\u00e3o Respons\u00e1veis<\/strong> e <strong>ODS 15: Vida Terrestre<\/strong>, refor\u00e7ando seu papel na constru\u00e7\u00e3o de uma sociedade mais sustent\u00e1vel e inovadora.<\/p>\n<p>Acesse o instagram do laborat\u00f3rio para informa\u00e7\u00f5es atualizadas!<\/p>\n<p><a href=\"https:\/\/www.instagram.com\/laboratoriopmat?igsh=MTZtNmczZGFmdmJ5Yw==\">https:\/\/www.instagram.com\/laboratoriopmat?igsh=MTZtNmczZGFmdmJ5Yw==<\/a><\/p>\n","protected":false},"excerpt":{"rendered":"<p>O LabPMaT \u00e9 um laborat\u00f3rio de pesquisa do Programa de P\u00f3s-Gradua\u00e7\u00e3o em Ci\u00eancia e Engenharia de Materiais (PPGCEM) da UFPel, liderado pelos professores Andr\u00e9 Luiz Missio (Lattes) e Amanda Dantas de Oliveira (Lattes). O laborat\u00f3rio tem como foco o desenvolvimento de novos materiais sustent\u00e1veis, contribuindo para avan\u00e7os cient\u00edficos e tecnol\u00f3gicos que respondem a desafios globais [&hellip;]<\/p>\n","protected":false},"author":370,"featured_media":0,"parent":88,"menu_order":0,"comment_status":"closed","ping_status":"closed","template":"","meta":{"jetpack_post_was_ever_published":false,"footnotes":""},"class_list":["post-2754","page","type-page","status-publish","hentry"],"yoast_head":"<!-- This site is optimized with the Yoast SEO plugin v26.7 - https:\/\/yoast.com\/wordpress\/plugins\/seo\/ -->\n<title>Laborat\u00f3rio de Pol\u00edmeros e Materiais Lignocelul\u00f3sicos (LabPMat) &#8211; Programa de P\u00f3s-Gradua\u00e7\u00e3o em Ci\u00eancia e Engenharia de Materiais<\/title>\n<meta name=\"robots\" content=\"index, follow, max-snippet:-1, max-image-preview:large, max-video-preview:-1\" \/>\n<link rel=\"canonical\" href=\"https:\/\/wp.ufpel.edu.br\/ppgcem\/pt\/infraestrutura\/laboratorio-de-polimeros-materiais-compositos\/\" \/>\n<meta property=\"og:locale\" content=\"pt_BR\" \/>\n<meta property=\"og:type\" content=\"article\" \/>\n<meta property=\"og:title\" content=\"Laborat\u00f3rio de Pol\u00edmeros e Materiais Lignocelul\u00f3sicos (LabPMat) &#8211; Programa de P\u00f3s-Gradua\u00e7\u00e3o em Ci\u00eancia e Engenharia de Materiais\" \/>\n<meta property=\"og:description\" content=\"O LabPMaT \u00e9 um laborat\u00f3rio de pesquisa do Programa de P\u00f3s-Gradua\u00e7\u00e3o em Ci\u00eancia e Engenharia de Materiais (PPGCEM) da UFPel, liderado pelos professores Andr\u00e9 Luiz Missio (Lattes) e Amanda Dantas de Oliveira (Lattes). O laborat\u00f3rio tem como foco o desenvolvimento de novos materiais sustent\u00e1veis, contribuindo para avan\u00e7os cient\u00edficos e tecnol\u00f3gicos que respondem a desafios globais [&hellip;]\" \/>\n<meta property=\"og:url\" content=\"https:\/\/wp.ufpel.edu.br\/ppgcem\/pt\/infraestrutura\/laboratorio-de-polimeros-materiais-compositos\/\" \/>\n<meta property=\"og:site_name\" content=\"Programa de P\u00f3s-Gradua\u00e7\u00e3o em Ci\u00eancia e Engenharia de Materiais\" \/>\n<meta property=\"article:modified_time\" content=\"2025-03-19T12:10:17+00:00\" \/>\n<meta name=\"twitter:card\" content=\"summary_large_image\" \/>\n<meta name=\"twitter:label1\" content=\"Est. tempo de leitura\" \/>\n\t<meta name=\"twitter:data1\" content=\"3 minutos\" \/>\n<script type=\"application\/ld+json\" class=\"yoast-schema-graph\">{\"@context\":\"https:\/\/schema.org\",\"@graph\":[{\"@type\":\"WebPage\",\"@id\":\"https:\/\/wp.ufpel.edu.br\/ppgcem\/pt\/infraestrutura\/laboratorio-de-polimeros-materiais-compositos\/\",\"url\":\"https:\/\/wp.ufpel.edu.br\/ppgcem\/pt\/infraestrutura\/laboratorio-de-polimeros-materiais-compositos\/\",\"name\":\"Laborat\u00f3rio de Pol\u00edmeros e Materiais Lignocelul\u00f3sicos (LabPMat) &#8211; Programa de P\u00f3s-Gradua\u00e7\u00e3o em Ci\u00eancia e Engenharia de Materiais\",\"isPartOf\":{\"@id\":\"https:\/\/wp.ufpel.edu.br\/ppgcem\/pt\/#website\"},\"datePublished\":\"2018-11-01T19:31:02+00:00\",\"dateModified\":\"2025-03-19T12:10:17+00:00\",\"breadcrumb\":{\"@id\":\"https:\/\/wp.ufpel.edu.br\/ppgcem\/pt\/infraestrutura\/laboratorio-de-polimeros-materiais-compositos\/#breadcrumb\"},\"inLanguage\":\"pt-BR\",\"potentialAction\":[{\"@type\":\"ReadAction\",\"target\":[\"https:\/\/wp.ufpel.edu.br\/ppgcem\/pt\/infraestrutura\/laboratorio-de-polimeros-materiais-compositos\/\"]}]},{\"@type\":\"BreadcrumbList\",\"@id\":\"https:\/\/wp.ufpel.edu.br\/ppgcem\/pt\/infraestrutura\/laboratorio-de-polimeros-materiais-compositos\/#breadcrumb\",\"itemListElement\":[{\"@type\":\"ListItem\",\"position\":1,\"name\":\"In\u00edcio\",\"item\":\"https:\/\/wp.ufpel.edu.br\/ppgcem\/pt\/\"},{\"@type\":\"ListItem\",\"position\":2,\"name\":\"Grupos de Pesquisa\/Laborat\u00f3rios\",\"item\":\"https:\/\/wp.ufpel.edu.br\/ppgcem\/pt\/infraestrutura\/\"},{\"@type\":\"ListItem\",\"position\":3,\"name\":\"Laborat\u00f3rio de Pol\u00edmeros e Materiais Lignocelul\u00f3sicos (LabPMat)\"}]},{\"@type\":\"WebSite\",\"@id\":\"https:\/\/wp.ufpel.edu.br\/ppgcem\/pt\/#website\",\"url\":\"https:\/\/wp.ufpel.edu.br\/ppgcem\/pt\/\",\"name\":\"Programa de P\u00f3s-Gradua\u00e7\u00e3o em Ci\u00eancia e Engenharia de Materiais\",\"description\":\"\",\"potentialAction\":[{\"@type\":\"SearchAction\",\"target\":{\"@type\":\"EntryPoint\",\"urlTemplate\":\"https:\/\/wp.ufpel.edu.br\/ppgcem\/pt\/?s={search_term_string}\"},\"query-input\":{\"@type\":\"PropertyValueSpecification\",\"valueRequired\":true,\"valueName\":\"search_term_string\"}}],\"inLanguage\":\"pt-BR\"}]}<\/script>\n<!-- \/ Yoast SEO plugin. -->","yoast_head_json":{"title":"Laborat\u00f3rio de Pol\u00edmeros e Materiais Lignocelul\u00f3sicos (LabPMat) &#8211; Programa de P\u00f3s-Gradua\u00e7\u00e3o em Ci\u00eancia e Engenharia de Materiais","robots":{"index":"index","follow":"follow","max-snippet":"max-snippet:-1","max-image-preview":"max-image-preview:large","max-video-preview":"max-video-preview:-1"},"canonical":"https:\/\/wp.ufpel.edu.br\/ppgcem\/pt\/infraestrutura\/laboratorio-de-polimeros-materiais-compositos\/","og_locale":"pt_BR","og_type":"article","og_title":"Laborat\u00f3rio de Pol\u00edmeros e Materiais Lignocelul\u00f3sicos (LabPMat) &#8211; Programa de P\u00f3s-Gradua\u00e7\u00e3o em Ci\u00eancia e Engenharia de Materiais","og_description":"O LabPMaT \u00e9 um laborat\u00f3rio de pesquisa do Programa de P\u00f3s-Gradua\u00e7\u00e3o em Ci\u00eancia e Engenharia de Materiais (PPGCEM) da UFPel, liderado pelos professores Andr\u00e9 Luiz Missio (Lattes) e Amanda Dantas de Oliveira (Lattes). O laborat\u00f3rio tem como foco o desenvolvimento de novos materiais sustent\u00e1veis, contribuindo para avan\u00e7os cient\u00edficos e tecnol\u00f3gicos que respondem a desafios globais [&hellip;]","og_url":"https:\/\/wp.ufpel.edu.br\/ppgcem\/pt\/infraestrutura\/laboratorio-de-polimeros-materiais-compositos\/","og_site_name":"Programa de P\u00f3s-Gradua\u00e7\u00e3o em Ci\u00eancia e Engenharia de Materiais","article_modified_time":"2025-03-19T12:10:17+00:00","twitter_card":"summary_large_image","twitter_misc":{"Est. tempo de leitura":"3 minutos"},"schema":{"@context":"https:\/\/schema.org","@graph":[{"@type":"WebPage","@id":"https:\/\/wp.ufpel.edu.br\/ppgcem\/pt\/infraestrutura\/laboratorio-de-polimeros-materiais-compositos\/","url":"https:\/\/wp.ufpel.edu.br\/ppgcem\/pt\/infraestrutura\/laboratorio-de-polimeros-materiais-compositos\/","name":"Laborat\u00f3rio de Pol\u00edmeros e Materiais Lignocelul\u00f3sicos (LabPMat) &#8211; Programa de P\u00f3s-Gradua\u00e7\u00e3o em Ci\u00eancia e Engenharia de Materiais","isPartOf":{"@id":"https:\/\/wp.ufpel.edu.br\/ppgcem\/pt\/#website"},"datePublished":"2018-11-01T19:31:02+00:00","dateModified":"2025-03-19T12:10:17+00:00","breadcrumb":{"@id":"https:\/\/wp.ufpel.edu.br\/ppgcem\/pt\/infraestrutura\/laboratorio-de-polimeros-materiais-compositos\/#breadcrumb"},"inLanguage":"pt-BR","potentialAction":[{"@type":"ReadAction","target":["https:\/\/wp.ufpel.edu.br\/ppgcem\/pt\/infraestrutura\/laboratorio-de-polimeros-materiais-compositos\/"]}]},{"@type":"BreadcrumbList","@id":"https:\/\/wp.ufpel.edu.br\/ppgcem\/pt\/infraestrutura\/laboratorio-de-polimeros-materiais-compositos\/#breadcrumb","itemListElement":[{"@type":"ListItem","position":1,"name":"In\u00edcio","item":"https:\/\/wp.ufpel.edu.br\/ppgcem\/pt\/"},{"@type":"ListItem","position":2,"name":"Grupos de Pesquisa\/Laborat\u00f3rios","item":"https:\/\/wp.ufpel.edu.br\/ppgcem\/pt\/infraestrutura\/"},{"@type":"ListItem","position":3,"name":"Laborat\u00f3rio de Pol\u00edmeros e Materiais Lignocelul\u00f3sicos (LabPMat)"}]},{"@type":"WebSite","@id":"https:\/\/wp.ufpel.edu.br\/ppgcem\/pt\/#website","url":"https:\/\/wp.ufpel.edu.br\/ppgcem\/pt\/","name":"Programa de P\u00f3s-Gradua\u00e7\u00e3o em Ci\u00eancia e Engenharia de Materiais","description":"","potentialAction":[{"@type":"SearchAction","target":{"@type":"EntryPoint","urlTemplate":"https:\/\/wp.ufpel.edu.br\/ppgcem\/pt\/?s={search_term_string}"},"query-input":{"@type":"PropertyValueSpecification","valueRequired":true,"valueName":"search_term_string"}}],"inLanguage":"pt-BR"}]}},"jetpack_sharing_enabled":true,"jetpack_shortlink":"https:\/\/wp.me\/P8zk0j-Iq","_links":{"self":[{"href":"https:\/\/wp.ufpel.edu.br\/ppgcem\/wp-json\/wp\/v2\/pages\/2754","targetHints":{"allow":["GET"]}}],"collection":[{"href":"https:\/\/wp.ufpel.edu.br\/ppgcem\/wp-json\/wp\/v2\/pages"}],"about":[{"href":"https:\/\/wp.ufpel.edu.br\/ppgcem\/wp-json\/wp\/v2\/types\/page"}],"author":[{"embeddable":true,"href":"https:\/\/wp.ufpel.edu.br\/ppgcem\/wp-json\/wp\/v2\/users\/370"}],"replies":[{"embeddable":true,"href":"https:\/\/wp.ufpel.edu.br\/ppgcem\/wp-json\/wp\/v2\/comments?post=2754"}],"version-history":[{"count":8,"href":"https:\/\/wp.ufpel.edu.br\/ppgcem\/wp-json\/wp\/v2\/pages\/2754\/revisions"}],"predecessor-version":[{"id":5166,"href":"https:\/\/wp.ufpel.edu.br\/ppgcem\/wp-json\/wp\/v2\/pages\/2754\/revisions\/5166"}],"up":[{"embeddable":true,"href":"https:\/\/wp.ufpel.edu.br\/ppgcem\/wp-json\/wp\/v2\/pages\/88"}],"wp:attachment":[{"href":"https:\/\/wp.ufpel.edu.br\/ppgcem\/wp-json\/wp\/v2\/media?parent=2754"}],"curies":[{"name":"wp","href":"https:\/\/api.w.org\/{rel}","templated":true}]}}