{"id":2445,"date":"2018-06-13T19:51:54","date_gmt":"2018-06-13T22:51:54","guid":{"rendered":"https:\/\/wp.ufpel.edu.br\/ppgcem\/?page_id=2445"},"modified":"2018-07-20T19:04:07","modified_gmt":"2018-07-20T22:04:07","slug":"qualificacoes-e-defesas","status":"publish","type":"page","link":"https:\/\/wp.ufpel.edu.br\/ppgcem\/informacoes-aos-alunos\/qualificacoes-e-defesas\/","title":{"rendered":"Qualifica\u00e7\u00f5es e Defesas"},"content":{"rendered":"<p>DA QUALIFICA\u00c7\u00c3O DE MESTRADO OU DOUTORADO<\/p>\n<p>O aluno do PPGCEM dever\u00e1 apresentar ao Colegiado o projeto de pesquisa a ser desenvolvido no mestrado ou doutorado para aprecia\u00e7\u00e3o e aprova\u00e7\u00e3o.<\/p>\n<p>O exame de qualifica\u00e7\u00e3o do projeto de pesquisa dever\u00e1 ser apresentado at\u00e9, no m\u00e1ximo, 6 meses (mestrado) e 12 meses (doutorado) ap\u00f3s a matr\u00edcula inicial como aluno regularmente matriculado no programa.<\/p>\n<p>O aluno que n\u00e3o apresentar seu projeto dentro do prazo estipulado no Par\u00e1grafo anterior somente ter\u00e1 a matr\u00edcula efetivada no semestre posterior mediante aprova\u00e7\u00e3o do Colegiado.<\/p>\n<p>A Banca Examinadora de Qualifica\u00e7\u00e3o de Mestrado ser\u00e1 composta por um presidente (orientador do aluno), sem direito a voto, e por, pelo menos, mais dois membros titulares e um suplente do corpo docente do Programa, de outro Programa de P\u00f3s-Gradua\u00e7\u00e3o da UFPel ou de outra institui\u00e7\u00e3o, sendo que o comit\u00ea de orienta\u00e7\u00e3o n\u00e3o poder\u00e1 fazer parte da banca, exceto o orientador.<\/p>\n<p>A Banca Examinadora Qualifica\u00e7\u00e3o de Doutorado ser\u00e1 composta por um presidente (orientador do aluno), sem direito a voto, e por, pelo menos, mais tr\u00eas membros titulares e um suplente do corpo docente do Programa, de outro Programa de P\u00f3s-Gradua\u00e7\u00e3o da UFPel ou de outra institui\u00e7\u00e3o, sendo que o comit\u00ea de orienta\u00e7\u00e3o n\u00e3o poder\u00e1 fazer parte da banca, exceto o orientador.<\/p>\n<p>As qualifica\u00e7\u00f5es e defesas de disserta\u00e7\u00f5es e teses devem ser agendadas preferencialmente para o hor\u00e1rio de Semin\u00e1rios. Utilize os formul\u00e1rios online a seguir para agendar a sua Qualifica\u00e7\u00e3o:<\/p>\n<p>&nbsp;<\/p>\n<ul>\n<li>Agendamento de Exame de Qualifica\u00e7\u00e3o de Mestrado: <a href=\"https:\/\/goo.gl\/forms\/2w4MMRE7R6qVc4OD3\">https:\/\/goo.gl\/forms\/2w4MMRE7R6qVc4OD3<\/a><\/li>\n<li>Agendamento de Exame de Qualifica\u00e7\u00e3o de Doutorado: <a href=\"https:\/\/goo.gl\/forms\/UXVhqaphxZCorHu33\">https:\/\/goo.gl\/forms\/UXVhqaphxZCorHu33<\/a><\/li>\n<\/ul>\n<p>&nbsp;<\/p>\n<p>&nbsp;<\/p>\n<p>DA DEFESA DE DISSERTA\u00c7\u00c3O OU TESE<\/p>\n<p>Para solicitar a defesa da disserta\u00e7\u00e3o ou tese, o aluno dever\u00e1 encaminhar solicita\u00e7\u00e3o de defesa, com a autoriza\u00e7\u00e3o do orientador e parecer substanciado da comiss\u00e3o de acompanhamento, constando de sugest\u00e3o de data e forma\u00e7\u00e3o de banca, ao colegiado, no m\u00ednimo 30 (trinta) dias antes da data sugerida.<\/p>\n<p>Com anteced\u00eancia de pelo menos 15 dias \u00e0 data marcada para a defesa, o aluno dever\u00e1 entregar um exemplar da disserta\u00e7\u00e3o para cada membro da banca.<\/p>\n<p>A Banca Examinadora de Defesa de Disserta\u00e7\u00e3o de Mestrado ser\u00e1 composta por um presidente (orientador do aluno), sem direito a voto, e por, pelo menos, mais dois membros titulares e um suplente do corpo docente do Programa, de outro Programa de P\u00f3s-Gradua\u00e7\u00e3o da UFPel ou de outra institui\u00e7\u00e3o, sendo que o comit\u00ea de orienta\u00e7\u00e3o n\u00e3o poder\u00e1 fazer parte da banca, exceto o orientador.<\/p>\n<p>A Banca Examinadora de Defesa de Tese de Doutorado ser\u00e1 composta por um presidente (orientador do aluno), sem direito a voto, e por, pelo menos, mais quatro membros titulares e dois suplente do corpo docente do Programa, de outro Programa de P\u00f3s-Gradua\u00e7\u00e3o da UFPel ou de outra institui\u00e7\u00e3o, sendo que o comit\u00ea de orienta\u00e7\u00e3o n\u00e3o poder\u00e1 fazer parte da banca, exceto o orientador. 50% dos membros da banca (incluindo suplentes) deve ser constitu\u00eddo por membros externos ao programa, na defesa final de tese ou disserta\u00e7\u00e3o.<\/p>\n<p>As qualifica\u00e7\u00f5es e defesas de disserta\u00e7\u00f5es e teses devem ser agendadas preferencialmente para o hor\u00e1rio de Semin\u00e1rios. Utilize os formul\u00e1rios online a seguir para agendar a sua defesa:<\/p>\n<p>&nbsp;<\/p>\n<ul>\n<li>Agendamento de Defesa de Disserta\u00e7\u00e3o: <a href=\"https:\/\/goo.gl\/forms\/jWJKVEVHHV56grFk2\">https:\/\/goo.gl\/forms\/jWJKVEVHHV56grFk2<\/a><\/li>\n<li>Agendamento de Defesa de Tese: <a href=\"https:\/\/goo.gl\/forms\/6cAGKkrmZ4zRufcI3\">https:\/\/goo.gl\/forms\/6cAGKkrmZ4zRufcI3<\/a><\/li>\n<\/ul>\n<p>&nbsp;<\/p>\n","protected":false},"excerpt":{"rendered":"<p>DA QUALIFICA\u00c7\u00c3O DE MESTRADO OU DOUTORADO O aluno do PPGCEM dever\u00e1 apresentar ao Colegiado o projeto de pesquisa a ser desenvolvido no mestrado ou doutorado para aprecia\u00e7\u00e3o e aprova\u00e7\u00e3o. O exame de qualifica\u00e7\u00e3o do projeto de pesquisa dever\u00e1 ser apresentado at\u00e9, no m\u00e1ximo, 6 meses (mestrado) e 12 meses (doutorado) ap\u00f3s a matr\u00edcula inicial como [&hellip;]<\/p>\n","protected":false},"author":370,"featured_media":0,"parent":626,"menu_order":0,"comment_status":"closed","ping_status":"closed","template":"","meta":{"jetpack_post_was_ever_published":false,"footnotes":""},"class_list":["post-2445","page","type-page","status-publish","hentry"],"yoast_head":"<!-- This site is optimized with the Yoast SEO plugin v26.7 - https:\/\/yoast.com\/wordpress\/plugins\/seo\/ -->\n<title>Qualifica\u00e7\u00f5es e Defesas &#8211; Programa de P\u00f3s-Gradua\u00e7\u00e3o em Ci\u00eancia e Engenharia de Materiais<\/title>\n<meta name=\"robots\" content=\"index, follow, max-snippet:-1, max-image-preview:large, max-video-preview:-1\" \/>\n<link rel=\"canonical\" href=\"https:\/\/wp.ufpel.edu.br\/ppgcem\/pt\/informacoes-aos-alunos\/qualificacoes-e-defesas\/\" \/>\n<meta property=\"og:locale\" content=\"pt_BR\" \/>\n<meta property=\"og:type\" content=\"article\" \/>\n<meta property=\"og:title\" content=\"Qualifica\u00e7\u00f5es e Defesas &#8211; Programa de P\u00f3s-Gradua\u00e7\u00e3o em Ci\u00eancia e Engenharia de Materiais\" \/>\n<meta property=\"og:description\" content=\"DA QUALIFICA\u00c7\u00c3O DE MESTRADO OU DOUTORADO O aluno do PPGCEM dever\u00e1 apresentar ao Colegiado o projeto de pesquisa a ser desenvolvido no mestrado ou doutorado para aprecia\u00e7\u00e3o e aprova\u00e7\u00e3o. O exame de qualifica\u00e7\u00e3o do projeto de pesquisa dever\u00e1 ser apresentado at\u00e9, no m\u00e1ximo, 6 meses (mestrado) e 12 meses (doutorado) ap\u00f3s a matr\u00edcula inicial como [&hellip;]\" \/>\n<meta property=\"og:url\" content=\"https:\/\/wp.ufpel.edu.br\/ppgcem\/pt\/informacoes-aos-alunos\/qualificacoes-e-defesas\/\" \/>\n<meta property=\"og:site_name\" content=\"Programa de P\u00f3s-Gradua\u00e7\u00e3o em Ci\u00eancia e Engenharia de Materiais\" \/>\n<meta property=\"article:modified_time\" content=\"2018-07-20T22:04:07+00:00\" \/>\n<meta name=\"twitter:card\" content=\"summary_large_image\" \/>\n<meta name=\"twitter:label1\" content=\"Est. tempo de leitura\" \/>\n\t<meta name=\"twitter:data1\" content=\"3 minutos\" \/>\n<script type=\"application\/ld+json\" class=\"yoast-schema-graph\">{\"@context\":\"https:\/\/schema.org\",\"@graph\":[{\"@type\":\"WebPage\",\"@id\":\"https:\/\/wp.ufpel.edu.br\/ppgcem\/pt\/informacoes-aos-alunos\/qualificacoes-e-defesas\/\",\"url\":\"https:\/\/wp.ufpel.edu.br\/ppgcem\/pt\/informacoes-aos-alunos\/qualificacoes-e-defesas\/\",\"name\":\"Qualifica\u00e7\u00f5es e Defesas &#8211; Programa de P\u00f3s-Gradua\u00e7\u00e3o em Ci\u00eancia e Engenharia de Materiais\",\"isPartOf\":{\"@id\":\"https:\/\/wp.ufpel.edu.br\/ppgcem\/pt\/#website\"},\"datePublished\":\"2018-06-13T22:51:54+00:00\",\"dateModified\":\"2018-07-20T22:04:07+00:00\",\"breadcrumb\":{\"@id\":\"https:\/\/wp.ufpel.edu.br\/ppgcem\/pt\/informacoes-aos-alunos\/qualificacoes-e-defesas\/#breadcrumb\"},\"inLanguage\":\"pt-BR\",\"potentialAction\":[{\"@type\":\"ReadAction\",\"target\":[\"https:\/\/wp.ufpel.edu.br\/ppgcem\/pt\/informacoes-aos-alunos\/qualificacoes-e-defesas\/\"]}]},{\"@type\":\"BreadcrumbList\",\"@id\":\"https:\/\/wp.ufpel.edu.br\/ppgcem\/pt\/informacoes-aos-alunos\/qualificacoes-e-defesas\/#breadcrumb\",\"itemListElement\":[{\"@type\":\"ListItem\",\"position\":1,\"name\":\"In\u00edcio\",\"item\":\"https:\/\/wp.ufpel.edu.br\/ppgcem\/pt\/\"},{\"@type\":\"ListItem\",\"position\":2,\"name\":\"Informa\u00e7\u00f5es e Documentos\",\"item\":\"https:\/\/wp.ufpel.edu.br\/ppgcem\/pt\/informacoes-aos-alunos\/\"},{\"@type\":\"ListItem\",\"position\":3,\"name\":\"Qualifica\u00e7\u00f5es e Defesas\"}]},{\"@type\":\"WebSite\",\"@id\":\"https:\/\/wp.ufpel.edu.br\/ppgcem\/pt\/#website\",\"url\":\"https:\/\/wp.ufpel.edu.br\/ppgcem\/pt\/\",\"name\":\"Programa de P\u00f3s-Gradua\u00e7\u00e3o em Ci\u00eancia e Engenharia de Materiais\",\"description\":\"\",\"potentialAction\":[{\"@type\":\"SearchAction\",\"target\":{\"@type\":\"EntryPoint\",\"urlTemplate\":\"https:\/\/wp.ufpel.edu.br\/ppgcem\/pt\/?s={search_term_string}\"},\"query-input\":{\"@type\":\"PropertyValueSpecification\",\"valueRequired\":true,\"valueName\":\"search_term_string\"}}],\"inLanguage\":\"pt-BR\"}]}<\/script>\n<!-- \/ Yoast SEO plugin. -->","yoast_head_json":{"title":"Qualifica\u00e7\u00f5es e Defesas &#8211; Programa de P\u00f3s-Gradua\u00e7\u00e3o em Ci\u00eancia e Engenharia de Materiais","robots":{"index":"index","follow":"follow","max-snippet":"max-snippet:-1","max-image-preview":"max-image-preview:large","max-video-preview":"max-video-preview:-1"},"canonical":"https:\/\/wp.ufpel.edu.br\/ppgcem\/pt\/informacoes-aos-alunos\/qualificacoes-e-defesas\/","og_locale":"pt_BR","og_type":"article","og_title":"Qualifica\u00e7\u00f5es e Defesas &#8211; Programa de P\u00f3s-Gradua\u00e7\u00e3o em Ci\u00eancia e Engenharia de Materiais","og_description":"DA QUALIFICA\u00c7\u00c3O DE MESTRADO OU DOUTORADO O aluno do PPGCEM dever\u00e1 apresentar ao Colegiado o projeto de pesquisa a ser desenvolvido no mestrado ou doutorado para aprecia\u00e7\u00e3o e aprova\u00e7\u00e3o. O exame de qualifica\u00e7\u00e3o do projeto de pesquisa dever\u00e1 ser apresentado at\u00e9, no m\u00e1ximo, 6 meses (mestrado) e 12 meses (doutorado) ap\u00f3s a matr\u00edcula inicial como [&hellip;]","og_url":"https:\/\/wp.ufpel.edu.br\/ppgcem\/pt\/informacoes-aos-alunos\/qualificacoes-e-defesas\/","og_site_name":"Programa de P\u00f3s-Gradua\u00e7\u00e3o em Ci\u00eancia e Engenharia de Materiais","article_modified_time":"2018-07-20T22:04:07+00:00","twitter_card":"summary_large_image","twitter_misc":{"Est. tempo de leitura":"3 minutos"},"schema":{"@context":"https:\/\/schema.org","@graph":[{"@type":"WebPage","@id":"https:\/\/wp.ufpel.edu.br\/ppgcem\/pt\/informacoes-aos-alunos\/qualificacoes-e-defesas\/","url":"https:\/\/wp.ufpel.edu.br\/ppgcem\/pt\/informacoes-aos-alunos\/qualificacoes-e-defesas\/","name":"Qualifica\u00e7\u00f5es e Defesas &#8211; Programa de P\u00f3s-Gradua\u00e7\u00e3o em Ci\u00eancia e Engenharia de Materiais","isPartOf":{"@id":"https:\/\/wp.ufpel.edu.br\/ppgcem\/pt\/#website"},"datePublished":"2018-06-13T22:51:54+00:00","dateModified":"2018-07-20T22:04:07+00:00","breadcrumb":{"@id":"https:\/\/wp.ufpel.edu.br\/ppgcem\/pt\/informacoes-aos-alunos\/qualificacoes-e-defesas\/#breadcrumb"},"inLanguage":"pt-BR","potentialAction":[{"@type":"ReadAction","target":["https:\/\/wp.ufpel.edu.br\/ppgcem\/pt\/informacoes-aos-alunos\/qualificacoes-e-defesas\/"]}]},{"@type":"BreadcrumbList","@id":"https:\/\/wp.ufpel.edu.br\/ppgcem\/pt\/informacoes-aos-alunos\/qualificacoes-e-defesas\/#breadcrumb","itemListElement":[{"@type":"ListItem","position":1,"name":"In\u00edcio","item":"https:\/\/wp.ufpel.edu.br\/ppgcem\/pt\/"},{"@type":"ListItem","position":2,"name":"Informa\u00e7\u00f5es e Documentos","item":"https:\/\/wp.ufpel.edu.br\/ppgcem\/pt\/informacoes-aos-alunos\/"},{"@type":"ListItem","position":3,"name":"Qualifica\u00e7\u00f5es e Defesas"}]},{"@type":"WebSite","@id":"https:\/\/wp.ufpel.edu.br\/ppgcem\/pt\/#website","url":"https:\/\/wp.ufpel.edu.br\/ppgcem\/pt\/","name":"Programa de P\u00f3s-Gradua\u00e7\u00e3o em Ci\u00eancia e Engenharia de Materiais","description":"","potentialAction":[{"@type":"SearchAction","target":{"@type":"EntryPoint","urlTemplate":"https:\/\/wp.ufpel.edu.br\/ppgcem\/pt\/?s={search_term_string}"},"query-input":{"@type":"PropertyValueSpecification","valueRequired":true,"valueName":"search_term_string"}}],"inLanguage":"pt-BR"}]}},"jetpack_sharing_enabled":true,"jetpack_shortlink":"https:\/\/wp.me\/P8zk0j-Dr","_links":{"self":[{"href":"https:\/\/wp.ufpel.edu.br\/ppgcem\/wp-json\/wp\/v2\/pages\/2445","targetHints":{"allow":["GET"]}}],"collection":[{"href":"https:\/\/wp.ufpel.edu.br\/ppgcem\/wp-json\/wp\/v2\/pages"}],"about":[{"href":"https:\/\/wp.ufpel.edu.br\/ppgcem\/wp-json\/wp\/v2\/types\/page"}],"author":[{"embeddable":true,"href":"https:\/\/wp.ufpel.edu.br\/ppgcem\/wp-json\/wp\/v2\/users\/370"}],"replies":[{"embeddable":true,"href":"https:\/\/wp.ufpel.edu.br\/ppgcem\/wp-json\/wp\/v2\/comments?post=2445"}],"version-history":[{"count":3,"href":"https:\/\/wp.ufpel.edu.br\/ppgcem\/wp-json\/wp\/v2\/pages\/2445\/revisions"}],"predecessor-version":[{"id":2631,"href":"https:\/\/wp.ufpel.edu.br\/ppgcem\/wp-json\/wp\/v2\/pages\/2445\/revisions\/2631"}],"up":[{"embeddable":true,"href":"https:\/\/wp.ufpel.edu.br\/ppgcem\/wp-json\/wp\/v2\/pages\/626"}],"wp:attachment":[{"href":"https:\/\/wp.ufpel.edu.br\/ppgcem\/wp-json\/wp\/v2\/media?parent=2445"}],"curies":[{"name":"wp","href":"https:\/\/api.w.org\/{rel}","templated":true}]}}