{"id":2378,"date":"2018-05-10T14:54:10","date_gmt":"2018-05-10T17:54:10","guid":{"rendered":"https:\/\/wp.ufpel.edu.br\/ppgcem\/?page_id=2378"},"modified":"2018-06-14T16:52:32","modified_gmt":"2018-06-14T19:52:32","slug":"about-the-university","status":"publish","type":"page","link":"https:\/\/wp.ufpel.edu.br\/ppgcem\/about-the-university\/","title":{"rendered":"About the university"},"content":{"rendered":"<p>Located in the south of the state of Rio Grande do Sul, in the city of Pelotas, which is 250km away from the capital of the state, Porto Alegre, the Universidade Federal de Pelotas (UFPel) always attentive to the scientific and technological growth and development of the country, as well as the public demands of the city and region, has been investing in the growth and pursuit of excellence in the areas that it operates. The mission of UFPel is to promote the integral and permanent graduation of professionals, building knowledge and culture, committed to the values of life and to the construction and progress of the society.<\/p>\n<p>UFPel was founded in 1969, from the transformation of the Universidade Federal Rural do Rio Grande do Sul (composed by the centennial Eliseu Maciel Agricultural School, Veterinary School and the Domestic Science School) and the annexation of the Dentistry and Law Schools, that were, at that time, bonded with the Federal University of Rio Grande do Sul. Private institutions that already existed in Pelotas were also added to Universidade Federal de Pelotas, such as Pelotas Conservatory of Music,\u00a0Dona Carmem Tr\u00e1paga Sim\u00f5es School of Fine Arts, the Medicine School from\u00a0Instituto Pr\u00f3-Ensino Superior do Sul do Estado and the Visconde da Gra\u00e7a Agrotechnical Complex (CAVG). The agricultural field has been of great importance for the development of the region with its predominant pastoral economy, and was also responsible for important contributions on the development of the University.<\/p>\n<p>The Universidade Federal de Pelotas has been increasingly investing in teaching, research and extension programs. Since 2007, when it joined the Reestruturing and Expansion Program of Federal Universities (REUNI) developed by the Ministry of Education, UFPel has registered significant improvements that correspond to its enlargement in the academic field through the increase in the number of admissions and the creation of new post and undergraduate programs, as much as to the expansion of its patrimony. But also,\u00a0 improvements mainly correspond to the implementation of inclusion and student assistance\u00a0policies to guarantee and magnify the access of low-income students, afro-descendants, quilombolas (Brazilian indigenous people) and persons with disabilities to the University.<\/p>\n<p>UFPel has 22 academic departments and relies on 96 presential undergraduate programs, being 66 of them bachelor of science degrees, 22 teaching degrees and 8 bachelor of technology degrees, and also three distance education degrees. The University also has 26 PhD programs, 50 master degree programs, 6 professional master programs and 34 specialization courses. When it comes to research, there are 2,698 current\u00a0 projects, distributed among different fields of study as well as thousands of extension projects with the purpose of inserting the UFPel in the local community.<\/p>\n<p>In terms of physical structures, UFPel\u2019s total area is reckoned at about\u00a02 111 106,22 m\u00b2. Our facilities are distributed among several places, mainly in Pelotas and Cap\u00e3o do Le\u00e3o. Students at UFPel rely on 398 classrooms, consisting of\u00a019 540,93 m\u00b2, 9 libraries that add\u00a03 928,96 m\u00b2, 700 laboratories and workshops available for teaching practices that add up to\u00a020 892,24 m\u00b2, 15 auditoriums totalizing\u00a01 960,98 m\u00b2, 3 school restaurants occupying\u00a01 605,34 m\u00b2 and a student residence that consists of 1 943,63 m\u00b2.<\/p>\n<p>UFPel is expected to bring dynamism to the economy of Pelotas and help in finding solutions for historical problems that used to trouble the development of the southern region as a whole. Nowadays, the University is one of the most important institutions for the city: its budget is ranked as the second highest of the city, only below the city hall\u2019s budget.<\/p>\n<p>In terms of human resources, UFPel estimates:<\/p>\n<p>Undergraduate Students | 16 461<br \/>\nEAD Students | 1 763<br \/>\nPhD Students | 1 034<br \/>\nMaster\u2019s Students | 1 174<br \/>\nSpecialization Students | 285<br \/>\nProfessional Master\u2019s Students | 110<br \/>\nTeachers | 1 356<br \/>\nTechnical-administrative Staff | 1 332<br \/>\nSubstitute Teachers | 99<\/p>\n<p>In 2017, UFPel was ranked 83rd in the\u00a0<a href=\"https:\/\/www.topuniversities.com\/university-rankings\/latin-american-university-rankings\/2018\">QS World University Rankings<\/a>\u00a0among Latin America universities and 170th among BRICS universities.<\/p>\n<p>Text written by CRINTER-UFPEL<\/p>\n<p>&nbsp;<\/p>\n<p><strong>If you want general information over portuguese lessons, accomodations in Pelotas, student cards, etc., please access:<\/strong> <a href=\"https:\/\/wp.ufpel.edu.br\/crinter\/international-students\/general-information\/\">https:\/\/wp.ufpel.edu.br\/crinter\/international-students\/general-information\/<\/a><\/p>\n<p><strong>If you want to know more about Pelotas, the city where&#8217;s located the University, acess this link:<\/strong> <a href=\"https:\/\/wp.ufpel.edu.br\/crinter\/international-students\/about-pelotas\/\">about Pelotas<\/a><\/p>\n","protected":false},"excerpt":{"rendered":"<p>Located in the south of the state of Rio Grande do Sul, in the city of Pelotas, which is 250km away from the capital of the state, Porto Alegre, the Universidade Federal de Pelotas (UFPel) always attentive to the scientific and technological growth and development of the country, as well as the public demands of [&hellip;]<\/p>\n","protected":false},"author":370,"featured_media":0,"parent":0,"menu_order":0,"comment_status":"closed","ping_status":"closed","template":"","meta":{"jetpack_post_was_ever_published":false,"footnotes":""},"class_list":["post-2378","page","type-page","status-publish","hentry"],"yoast_head":"<!-- This site is optimized with the Yoast SEO plugin v26.7 - https:\/\/yoast.com\/wordpress\/plugins\/seo\/ -->\n<title>About the university &#8211; Programa de P\u00f3s-Gradua\u00e7\u00e3o em Ci\u00eancia e Engenharia de Materiais<\/title>\n<meta name=\"robots\" content=\"index, follow, max-snippet:-1, max-image-preview:large, max-video-preview:-1\" \/>\n<link rel=\"canonical\" href=\"https:\/\/wp.ufpel.edu.br\/ppgcem\/en\/about-the-university\/\" \/>\n<meta property=\"og:locale\" content=\"pt_BR\" \/>\n<meta property=\"og:type\" content=\"article\" \/>\n<meta property=\"og:title\" content=\"About the university &#8211; Programa de P\u00f3s-Gradua\u00e7\u00e3o em Ci\u00eancia e Engenharia de Materiais\" \/>\n<meta property=\"og:description\" content=\"Located in the south of the state of Rio Grande do Sul, in the city of Pelotas, which is 250km away from the capital of the state, Porto Alegre, the Universidade Federal de Pelotas (UFPel) always attentive to the scientific and technological growth and development of the country, as well as the public demands of [&hellip;]\" \/>\n<meta property=\"og:url\" content=\"https:\/\/wp.ufpel.edu.br\/ppgcem\/en\/about-the-university\/\" \/>\n<meta property=\"og:site_name\" content=\"Programa de P\u00f3s-Gradua\u00e7\u00e3o em Ci\u00eancia e Engenharia de Materiais\" \/>\n<meta property=\"article:modified_time\" content=\"2018-06-14T19:52:32+00:00\" \/>\n<meta name=\"twitter:card\" content=\"summary_large_image\" \/>\n<meta name=\"twitter:label1\" content=\"Est. tempo de leitura\" \/>\n\t<meta name=\"twitter:data1\" content=\"3 minutos\" \/>\n<script type=\"application\/ld+json\" class=\"yoast-schema-graph\">{\"@context\":\"https:\/\/schema.org\",\"@graph\":[{\"@type\":\"WebPage\",\"@id\":\"https:\/\/wp.ufpel.edu.br\/ppgcem\/en\/about-the-university\/\",\"url\":\"https:\/\/wp.ufpel.edu.br\/ppgcem\/en\/about-the-university\/\",\"name\":\"About the university &#8211; Programa de P\u00f3s-Gradua\u00e7\u00e3o em Ci\u00eancia e Engenharia de Materiais\",\"isPartOf\":{\"@id\":\"https:\/\/wp.ufpel.edu.br\/ppgcem\/pt\/#website\"},\"datePublished\":\"2018-05-10T17:54:10+00:00\",\"dateModified\":\"2018-06-14T19:52:32+00:00\",\"breadcrumb\":{\"@id\":\"https:\/\/wp.ufpel.edu.br\/ppgcem\/en\/about-the-university\/#breadcrumb\"},\"inLanguage\":\"pt-BR\",\"potentialAction\":[{\"@type\":\"ReadAction\",\"target\":[\"https:\/\/wp.ufpel.edu.br\/ppgcem\/en\/about-the-university\/\"]}]},{\"@type\":\"BreadcrumbList\",\"@id\":\"https:\/\/wp.ufpel.edu.br\/ppgcem\/en\/about-the-university\/#breadcrumb\",\"itemListElement\":[{\"@type\":\"ListItem\",\"position\":1,\"name\":\"In\u00edcio\",\"item\":\"https:\/\/wp.ufpel.edu.br\/ppgcem\/pt\/\"},{\"@type\":\"ListItem\",\"position\":2,\"name\":\"About the university\"}]},{\"@type\":\"WebSite\",\"@id\":\"https:\/\/wp.ufpel.edu.br\/ppgcem\/pt\/#website\",\"url\":\"https:\/\/wp.ufpel.edu.br\/ppgcem\/pt\/\",\"name\":\"Programa de P\u00f3s-Gradua\u00e7\u00e3o em Ci\u00eancia e Engenharia de Materiais\",\"description\":\"\",\"potentialAction\":[{\"@type\":\"SearchAction\",\"target\":{\"@type\":\"EntryPoint\",\"urlTemplate\":\"https:\/\/wp.ufpel.edu.br\/ppgcem\/pt\/?s={search_term_string}\"},\"query-input\":{\"@type\":\"PropertyValueSpecification\",\"valueRequired\":true,\"valueName\":\"search_term_string\"}}],\"inLanguage\":\"pt-BR\"}]}<\/script>\n<!-- \/ Yoast SEO plugin. -->","yoast_head_json":{"title":"About the university &#8211; Programa de P\u00f3s-Gradua\u00e7\u00e3o em Ci\u00eancia e Engenharia de Materiais","robots":{"index":"index","follow":"follow","max-snippet":"max-snippet:-1","max-image-preview":"max-image-preview:large","max-video-preview":"max-video-preview:-1"},"canonical":"https:\/\/wp.ufpel.edu.br\/ppgcem\/en\/about-the-university\/","og_locale":"pt_BR","og_type":"article","og_title":"About the university &#8211; Programa de P\u00f3s-Gradua\u00e7\u00e3o em Ci\u00eancia e Engenharia de Materiais","og_description":"Located in the south of the state of Rio Grande do Sul, in the city of Pelotas, which is 250km away from the capital of the state, Porto Alegre, the Universidade Federal de Pelotas (UFPel) always attentive to the scientific and technological growth and development of the country, as well as the public demands of [&hellip;]","og_url":"https:\/\/wp.ufpel.edu.br\/ppgcem\/en\/about-the-university\/","og_site_name":"Programa de P\u00f3s-Gradua\u00e7\u00e3o em Ci\u00eancia e Engenharia de Materiais","article_modified_time":"2018-06-14T19:52:32+00:00","twitter_card":"summary_large_image","twitter_misc":{"Est. tempo de leitura":"3 minutos"},"schema":{"@context":"https:\/\/schema.org","@graph":[{"@type":"WebPage","@id":"https:\/\/wp.ufpel.edu.br\/ppgcem\/en\/about-the-university\/","url":"https:\/\/wp.ufpel.edu.br\/ppgcem\/en\/about-the-university\/","name":"About the university &#8211; Programa de P\u00f3s-Gradua\u00e7\u00e3o em Ci\u00eancia e Engenharia de Materiais","isPartOf":{"@id":"https:\/\/wp.ufpel.edu.br\/ppgcem\/pt\/#website"},"datePublished":"2018-05-10T17:54:10+00:00","dateModified":"2018-06-14T19:52:32+00:00","breadcrumb":{"@id":"https:\/\/wp.ufpel.edu.br\/ppgcem\/en\/about-the-university\/#breadcrumb"},"inLanguage":"pt-BR","potentialAction":[{"@type":"ReadAction","target":["https:\/\/wp.ufpel.edu.br\/ppgcem\/en\/about-the-university\/"]}]},{"@type":"BreadcrumbList","@id":"https:\/\/wp.ufpel.edu.br\/ppgcem\/en\/about-the-university\/#breadcrumb","itemListElement":[{"@type":"ListItem","position":1,"name":"In\u00edcio","item":"https:\/\/wp.ufpel.edu.br\/ppgcem\/pt\/"},{"@type":"ListItem","position":2,"name":"About the university"}]},{"@type":"WebSite","@id":"https:\/\/wp.ufpel.edu.br\/ppgcem\/pt\/#website","url":"https:\/\/wp.ufpel.edu.br\/ppgcem\/pt\/","name":"Programa de P\u00f3s-Gradua\u00e7\u00e3o em Ci\u00eancia e Engenharia de Materiais","description":"","potentialAction":[{"@type":"SearchAction","target":{"@type":"EntryPoint","urlTemplate":"https:\/\/wp.ufpel.edu.br\/ppgcem\/pt\/?s={search_term_string}"},"query-input":{"@type":"PropertyValueSpecification","valueRequired":true,"valueName":"search_term_string"}}],"inLanguage":"pt-BR"}]}},"jetpack_sharing_enabled":true,"jetpack_shortlink":"https:\/\/wp.me\/P8zk0j-Cm","_links":{"self":[{"href":"https:\/\/wp.ufpel.edu.br\/ppgcem\/wp-json\/wp\/v2\/pages\/2378","targetHints":{"allow":["GET"]}}],"collection":[{"href":"https:\/\/wp.ufpel.edu.br\/ppgcem\/wp-json\/wp\/v2\/pages"}],"about":[{"href":"https:\/\/wp.ufpel.edu.br\/ppgcem\/wp-json\/wp\/v2\/types\/page"}],"author":[{"embeddable":true,"href":"https:\/\/wp.ufpel.edu.br\/ppgcem\/wp-json\/wp\/v2\/users\/370"}],"replies":[{"embeddable":true,"href":"https:\/\/wp.ufpel.edu.br\/ppgcem\/wp-json\/wp\/v2\/comments?post=2378"}],"version-history":[{"count":5,"href":"https:\/\/wp.ufpel.edu.br\/ppgcem\/wp-json\/wp\/v2\/pages\/2378\/revisions"}],"predecessor-version":[{"id":2449,"href":"https:\/\/wp.ufpel.edu.br\/ppgcem\/wp-json\/wp\/v2\/pages\/2378\/revisions\/2449"}],"wp:attachment":[{"href":"https:\/\/wp.ufpel.edu.br\/ppgcem\/wp-json\/wp\/v2\/media?parent=2378"}],"curies":[{"name":"wp","href":"https:\/\/api.w.org\/{rel}","templated":true}]}}