{"id":2271,"date":"2018-03-01T17:17:46","date_gmt":"2018-03-01T20:17:46","guid":{"rendered":"https:\/\/wp.ufpel.edu.br\/ppgcem\/?page_id=2271"},"modified":"2018-03-01T17:42:29","modified_gmt":"2018-03-01T20:42:29","slug":"producao-cientifica-para-obtencao-de-diploma","status":"publish","type":"page","link":"https:\/\/wp.ufpel.edu.br\/ppgcem\/informacoes-aos-alunos\/producao-cientifica-para-obtencao-de-diploma\/","title":{"rendered":"Produ\u00e7\u00e3o Cient\u00edfica para Obten\u00e7\u00e3o de Diploma"},"content":{"rendered":"<p><strong>Para ingressantes em 2014\/1 a 2015\/2<\/strong>:<\/p>\n<p>Mestrado: 1 artigo\/patente submetido<\/p>\n<p>Doutorado: 2 produ\u00e7\u00f5es (artigo submetido Materiais-Qualis B ou patente depositada)<\/p>\n<p><strong>Para ingressantes 2016\/1 e 2016\/2:<\/strong><\/p>\n<p>Mestrado: 1 artigo submetido. Materiais-Qualis B.<br \/>\nDoutorado: 2 artigos submetidos para Doutorado. Materiais-Qualis B.<\/p>\n<p><strong>Para ingressantes 2017\/1 e 2017\/2:<\/strong><\/p>\n<p>Mestrado: 1 artigo submetido, aluno deve ser autor principal, junto com o orientador.<\/p>\n<p>Doutorado: 1 artigo aceito, relacionado ao projeto de Doutorado, aluno deve ser o autor principal junto ao orientador, em revista A1, A2, B1 da Qualis Materiais.<\/p>\n<p><strong>Para ingressantes 2018\/1 em diante:<\/strong><\/p>\n<p>Mestrado: 1 artigo submetido em revista do Qualis da \u00e1rea de Materiais, sendo que o aluno deve ser o autor principal, junto com o orientador.<\/p>\n<p>Doutorado: 1 artigo aceito em revista A1, A2 ou B1 da Qualis Materiais, relacionado ao projeto de Doutorado, sendo que o aluno deve ser autor principal junto ao orientador.<\/p>\n<p>&nbsp;<\/p>\n","protected":false},"excerpt":{"rendered":"<p>Para ingressantes em 2014\/1 a 2015\/2: Mestrado: 1 artigo\/patente submetido Doutorado: 2 produ\u00e7\u00f5es (artigo submetido Materiais-Qualis B ou patente depositada) Para ingressantes 2016\/1 e 2016\/2: Mestrado: 1 artigo submetido. Materiais-Qualis B. Doutorado: 2 artigos submetidos para Doutorado. Materiais-Qualis B. Para ingressantes 2017\/1 e 2017\/2: Mestrado: 1 artigo submetido, aluno deve ser autor principal, junto com [&hellip;]<\/p>\n","protected":false},"author":370,"featured_media":0,"parent":626,"menu_order":7,"comment_status":"closed","ping_status":"closed","template":"","meta":{"jetpack_post_was_ever_published":false,"footnotes":""},"class_list":["post-2271","page","type-page","status-publish","hentry"],"yoast_head":"<!-- This site is optimized with the Yoast SEO plugin v26.7 - https:\/\/yoast.com\/wordpress\/plugins\/seo\/ -->\n<title>Produ\u00e7\u00e3o Cient\u00edfica para Obten\u00e7\u00e3o de Diploma &#8211; Programa de P\u00f3s-Gradua\u00e7\u00e3o em Ci\u00eancia e Engenharia de Materiais<\/title>\n<meta name=\"robots\" content=\"index, follow, max-snippet:-1, max-image-preview:large, max-video-preview:-1\" \/>\n<link rel=\"canonical\" href=\"https:\/\/wp.ufpel.edu.br\/ppgcem\/pt\/informacoes-aos-alunos\/producao-cientifica-para-obtencao-de-diploma\/\" \/>\n<meta property=\"og:locale\" content=\"pt_BR\" \/>\n<meta property=\"og:type\" content=\"article\" \/>\n<meta property=\"og:title\" content=\"Produ\u00e7\u00e3o Cient\u00edfica para Obten\u00e7\u00e3o de Diploma &#8211; Programa de P\u00f3s-Gradua\u00e7\u00e3o em Ci\u00eancia e Engenharia de Materiais\" \/>\n<meta property=\"og:description\" content=\"Para ingressantes em 2014\/1 a 2015\/2: Mestrado: 1 artigo\/patente submetido Doutorado: 2 produ\u00e7\u00f5es (artigo submetido Materiais-Qualis B ou patente depositada) Para ingressantes 2016\/1 e 2016\/2: Mestrado: 1 artigo submetido. Materiais-Qualis B. Doutorado: 2 artigos submetidos para Doutorado. Materiais-Qualis B. Para ingressantes 2017\/1 e 2017\/2: Mestrado: 1 artigo submetido, aluno deve ser autor principal, junto com [&hellip;]\" \/>\n<meta property=\"og:url\" content=\"https:\/\/wp.ufpel.edu.br\/ppgcem\/pt\/informacoes-aos-alunos\/producao-cientifica-para-obtencao-de-diploma\/\" \/>\n<meta property=\"og:site_name\" content=\"Programa de P\u00f3s-Gradua\u00e7\u00e3o em Ci\u00eancia e Engenharia de Materiais\" \/>\n<meta property=\"article:modified_time\" content=\"2018-03-01T20:42:29+00:00\" \/>\n<meta name=\"twitter:card\" content=\"summary_large_image\" \/>\n<meta name=\"twitter:label1\" content=\"Est. tempo de leitura\" \/>\n\t<meta name=\"twitter:data1\" content=\"1 minuto\" \/>\n<script type=\"application\/ld+json\" class=\"yoast-schema-graph\">{\"@context\":\"https:\/\/schema.org\",\"@graph\":[{\"@type\":\"WebPage\",\"@id\":\"https:\/\/wp.ufpel.edu.br\/ppgcem\/pt\/informacoes-aos-alunos\/producao-cientifica-para-obtencao-de-diploma\/\",\"url\":\"https:\/\/wp.ufpel.edu.br\/ppgcem\/pt\/informacoes-aos-alunos\/producao-cientifica-para-obtencao-de-diploma\/\",\"name\":\"Produ\u00e7\u00e3o Cient\u00edfica para Obten\u00e7\u00e3o de Diploma &#8211; Programa de P\u00f3s-Gradua\u00e7\u00e3o em Ci\u00eancia e Engenharia de Materiais\",\"isPartOf\":{\"@id\":\"https:\/\/wp.ufpel.edu.br\/ppgcem\/pt\/#website\"},\"datePublished\":\"2018-03-01T20:17:46+00:00\",\"dateModified\":\"2018-03-01T20:42:29+00:00\",\"breadcrumb\":{\"@id\":\"https:\/\/wp.ufpel.edu.br\/ppgcem\/pt\/informacoes-aos-alunos\/producao-cientifica-para-obtencao-de-diploma\/#breadcrumb\"},\"inLanguage\":\"pt-BR\",\"potentialAction\":[{\"@type\":\"ReadAction\",\"target\":[\"https:\/\/wp.ufpel.edu.br\/ppgcem\/pt\/informacoes-aos-alunos\/producao-cientifica-para-obtencao-de-diploma\/\"]}]},{\"@type\":\"BreadcrumbList\",\"@id\":\"https:\/\/wp.ufpel.edu.br\/ppgcem\/pt\/informacoes-aos-alunos\/producao-cientifica-para-obtencao-de-diploma\/#breadcrumb\",\"itemListElement\":[{\"@type\":\"ListItem\",\"position\":1,\"name\":\"In\u00edcio\",\"item\":\"https:\/\/wp.ufpel.edu.br\/ppgcem\/pt\/\"},{\"@type\":\"ListItem\",\"position\":2,\"name\":\"Informa\u00e7\u00f5es e Documentos\",\"item\":\"https:\/\/wp.ufpel.edu.br\/ppgcem\/pt\/informacoes-aos-alunos\/\"},{\"@type\":\"ListItem\",\"position\":3,\"name\":\"Produ\u00e7\u00e3o Cient\u00edfica para Obten\u00e7\u00e3o de Diploma\"}]},{\"@type\":\"WebSite\",\"@id\":\"https:\/\/wp.ufpel.edu.br\/ppgcem\/pt\/#website\",\"url\":\"https:\/\/wp.ufpel.edu.br\/ppgcem\/pt\/\",\"name\":\"Programa de P\u00f3s-Gradua\u00e7\u00e3o em Ci\u00eancia e Engenharia de Materiais\",\"description\":\"\",\"potentialAction\":[{\"@type\":\"SearchAction\",\"target\":{\"@type\":\"EntryPoint\",\"urlTemplate\":\"https:\/\/wp.ufpel.edu.br\/ppgcem\/pt\/?s={search_term_string}\"},\"query-input\":{\"@type\":\"PropertyValueSpecification\",\"valueRequired\":true,\"valueName\":\"search_term_string\"}}],\"inLanguage\":\"pt-BR\"}]}<\/script>\n<!-- \/ Yoast SEO plugin. -->","yoast_head_json":{"title":"Produ\u00e7\u00e3o Cient\u00edfica para Obten\u00e7\u00e3o de Diploma &#8211; Programa de P\u00f3s-Gradua\u00e7\u00e3o em Ci\u00eancia e Engenharia de Materiais","robots":{"index":"index","follow":"follow","max-snippet":"max-snippet:-1","max-image-preview":"max-image-preview:large","max-video-preview":"max-video-preview:-1"},"canonical":"https:\/\/wp.ufpel.edu.br\/ppgcem\/pt\/informacoes-aos-alunos\/producao-cientifica-para-obtencao-de-diploma\/","og_locale":"pt_BR","og_type":"article","og_title":"Produ\u00e7\u00e3o Cient\u00edfica para Obten\u00e7\u00e3o de Diploma &#8211; Programa de P\u00f3s-Gradua\u00e7\u00e3o em Ci\u00eancia e Engenharia de Materiais","og_description":"Para ingressantes em 2014\/1 a 2015\/2: Mestrado: 1 artigo\/patente submetido Doutorado: 2 produ\u00e7\u00f5es (artigo submetido Materiais-Qualis B ou patente depositada) Para ingressantes 2016\/1 e 2016\/2: Mestrado: 1 artigo submetido. Materiais-Qualis B. Doutorado: 2 artigos submetidos para Doutorado. Materiais-Qualis B. Para ingressantes 2017\/1 e 2017\/2: Mestrado: 1 artigo submetido, aluno deve ser autor principal, junto com [&hellip;]","og_url":"https:\/\/wp.ufpel.edu.br\/ppgcem\/pt\/informacoes-aos-alunos\/producao-cientifica-para-obtencao-de-diploma\/","og_site_name":"Programa de P\u00f3s-Gradua\u00e7\u00e3o em Ci\u00eancia e Engenharia de Materiais","article_modified_time":"2018-03-01T20:42:29+00:00","twitter_card":"summary_large_image","twitter_misc":{"Est. tempo de leitura":"1 minuto"},"schema":{"@context":"https:\/\/schema.org","@graph":[{"@type":"WebPage","@id":"https:\/\/wp.ufpel.edu.br\/ppgcem\/pt\/informacoes-aos-alunos\/producao-cientifica-para-obtencao-de-diploma\/","url":"https:\/\/wp.ufpel.edu.br\/ppgcem\/pt\/informacoes-aos-alunos\/producao-cientifica-para-obtencao-de-diploma\/","name":"Produ\u00e7\u00e3o Cient\u00edfica para Obten\u00e7\u00e3o de Diploma &#8211; Programa de P\u00f3s-Gradua\u00e7\u00e3o em Ci\u00eancia e Engenharia de Materiais","isPartOf":{"@id":"https:\/\/wp.ufpel.edu.br\/ppgcem\/pt\/#website"},"datePublished":"2018-03-01T20:17:46+00:00","dateModified":"2018-03-01T20:42:29+00:00","breadcrumb":{"@id":"https:\/\/wp.ufpel.edu.br\/ppgcem\/pt\/informacoes-aos-alunos\/producao-cientifica-para-obtencao-de-diploma\/#breadcrumb"},"inLanguage":"pt-BR","potentialAction":[{"@type":"ReadAction","target":["https:\/\/wp.ufpel.edu.br\/ppgcem\/pt\/informacoes-aos-alunos\/producao-cientifica-para-obtencao-de-diploma\/"]}]},{"@type":"BreadcrumbList","@id":"https:\/\/wp.ufpel.edu.br\/ppgcem\/pt\/informacoes-aos-alunos\/producao-cientifica-para-obtencao-de-diploma\/#breadcrumb","itemListElement":[{"@type":"ListItem","position":1,"name":"In\u00edcio","item":"https:\/\/wp.ufpel.edu.br\/ppgcem\/pt\/"},{"@type":"ListItem","position":2,"name":"Informa\u00e7\u00f5es e Documentos","item":"https:\/\/wp.ufpel.edu.br\/ppgcem\/pt\/informacoes-aos-alunos\/"},{"@type":"ListItem","position":3,"name":"Produ\u00e7\u00e3o Cient\u00edfica para Obten\u00e7\u00e3o de Diploma"}]},{"@type":"WebSite","@id":"https:\/\/wp.ufpel.edu.br\/ppgcem\/pt\/#website","url":"https:\/\/wp.ufpel.edu.br\/ppgcem\/pt\/","name":"Programa de P\u00f3s-Gradua\u00e7\u00e3o em Ci\u00eancia e Engenharia de Materiais","description":"","potentialAction":[{"@type":"SearchAction","target":{"@type":"EntryPoint","urlTemplate":"https:\/\/wp.ufpel.edu.br\/ppgcem\/pt\/?s={search_term_string}"},"query-input":{"@type":"PropertyValueSpecification","valueRequired":true,"valueName":"search_term_string"}}],"inLanguage":"pt-BR"}]}},"jetpack_sharing_enabled":true,"jetpack_shortlink":"https:\/\/wp.me\/P8zk0j-AD","_links":{"self":[{"href":"https:\/\/wp.ufpel.edu.br\/ppgcem\/wp-json\/wp\/v2\/pages\/2271","targetHints":{"allow":["GET"]}}],"collection":[{"href":"https:\/\/wp.ufpel.edu.br\/ppgcem\/wp-json\/wp\/v2\/pages"}],"about":[{"href":"https:\/\/wp.ufpel.edu.br\/ppgcem\/wp-json\/wp\/v2\/types\/page"}],"author":[{"embeddable":true,"href":"https:\/\/wp.ufpel.edu.br\/ppgcem\/wp-json\/wp\/v2\/users\/370"}],"replies":[{"embeddable":true,"href":"https:\/\/wp.ufpel.edu.br\/ppgcem\/wp-json\/wp\/v2\/comments?post=2271"}],"version-history":[{"count":1,"href":"https:\/\/wp.ufpel.edu.br\/ppgcem\/wp-json\/wp\/v2\/pages\/2271\/revisions"}],"predecessor-version":[{"id":2273,"href":"https:\/\/wp.ufpel.edu.br\/ppgcem\/wp-json\/wp\/v2\/pages\/2271\/revisions\/2273"}],"up":[{"embeddable":true,"href":"https:\/\/wp.ufpel.edu.br\/ppgcem\/wp-json\/wp\/v2\/pages\/626"}],"wp:attachment":[{"href":"https:\/\/wp.ufpel.edu.br\/ppgcem\/wp-json\/wp\/v2\/media?parent=2271"}],"curies":[{"name":"wp","href":"https:\/\/api.w.org\/{rel}","templated":true}]}}