{"id":2064,"date":"2017-10-23T13:04:31","date_gmt":"2017-10-23T15:04:31","guid":{"rendered":"https:\/\/wp.ufpel.edu.br\/ppgcem\/?page_id=2064"},"modified":"2019-05-13T19:29:50","modified_gmt":"2019-05-13T22:29:50","slug":"portarias","status":"publish","type":"page","link":"https:\/\/wp.ufpel.edu.br\/ppgcem\/informacoes-aos-alunos\/portarias\/","title":{"rendered":"Portarias e resolu\u00e7\u00f5es"},"content":{"rendered":"<p>PORTARIAS DA CAPES<\/p>\n<ul>\n<li><a href=\"http:\/\/www.capes.gov.br\/bolsas\/bolsas-no-pais\/ds-e-proap\">p\u00e1gina da CAPES, portaria 76\/2010<\/a><\/li>\n<li><a href=\"http:\/\/www.ppgcem.ufscar.br\/noticias-arquivos\/capes-publicacoes-1\">Portaria 331\/2018 CAPES<\/a><\/li>\n<\/ul>\n<p>REGIMENTO GERAL DOS LABORAT\u00d3RIOS DE ENSINO, DE PESQUISA E DE EXTENS\u00c3O<\/p>\n<ul>\n<li><a href=\"https:\/\/wp.ufpel.edu.br\/nulab\/files\/2016\/12\/Res-COCEPE-37.2016.pdf\">Resolu\u00e7\u00e3o do COCEPE 37-2016<\/a><\/li>\n<\/ul>\n<p>RESOLU\u00c7\u00c3O n\u00b047, DE 21 DE DEZEMBRO DE 2017<br \/>\n<em>(Estabelece normas para exerc\u00edcio do Est\u00e1gio de Doc\u00eancia Orientada em componentes curriculares por alunos de P\u00f3s-Gradua\u00e7\u00e3o Stricto Sensu no \u00e2mbito da UFPel.)<\/em><\/p>\n<ul>\n<li><a href=\"https:\/\/wp.ufpel.edu.br\/ppgcem\/files\/2018\/07\/resolucao-UFPEL-docencia-orientada.pdf\">resolucao UFPEL docencia orientada<\/a><\/li>\n<\/ul>\n<p>RESOLU\u00c7\u00d5ES INTERNAS<\/p>\n","protected":false},"excerpt":{"rendered":"<p>PORTARIAS DA CAPES p\u00e1gina da CAPES, portaria 76\/2010 Portaria 331\/2018 CAPES REGIMENTO GERAL DOS LABORAT\u00d3RIOS DE ENSINO, DE PESQUISA E DE EXTENS\u00c3O Resolu\u00e7\u00e3o do COCEPE 37-2016 RESOLU\u00c7\u00c3O n\u00b047, DE 21 DE DEZEMBRO DE 2017 (Estabelece normas para exerc\u00edcio do Est\u00e1gio de Doc\u00eancia Orientada em componentes curriculares por alunos de P\u00f3s-Gradua\u00e7\u00e3o Stricto Sensu no \u00e2mbito da [&hellip;]<\/p>\n","protected":false},"author":370,"featured_media":0,"parent":626,"menu_order":-5,"comment_status":"closed","ping_status":"closed","template":"","meta":{"jetpack_post_was_ever_published":false,"footnotes":""},"class_list":["post-2064","page","type-page","status-publish","hentry"],"yoast_head":"<!-- This site is optimized with the Yoast SEO plugin v26.7 - https:\/\/yoast.com\/wordpress\/plugins\/seo\/ -->\n<title>Portarias e resolu\u00e7\u00f5es &#8211; Programa de P\u00f3s-Gradua\u00e7\u00e3o em Ci\u00eancia e Engenharia de Materiais<\/title>\n<meta name=\"robots\" content=\"index, follow, max-snippet:-1, max-image-preview:large, max-video-preview:-1\" \/>\n<link rel=\"canonical\" href=\"https:\/\/wp.ufpel.edu.br\/ppgcem\/pt\/informacoes-aos-alunos\/portarias\/\" \/>\n<meta property=\"og:locale\" content=\"pt_BR\" \/>\n<meta property=\"og:type\" content=\"article\" \/>\n<meta property=\"og:title\" content=\"Portarias e resolu\u00e7\u00f5es &#8211; Programa de P\u00f3s-Gradua\u00e7\u00e3o em Ci\u00eancia e Engenharia de Materiais\" \/>\n<meta property=\"og:description\" content=\"PORTARIAS DA CAPES p\u00e1gina da CAPES, portaria 76\/2010 Portaria 331\/2018 CAPES REGIMENTO GERAL DOS LABORAT\u00d3RIOS DE ENSINO, DE PESQUISA E DE EXTENS\u00c3O Resolu\u00e7\u00e3o do COCEPE 37-2016 RESOLU\u00c7\u00c3O n\u00b047, DE 21 DE DEZEMBRO DE 2017 (Estabelece normas para exerc\u00edcio do Est\u00e1gio de Doc\u00eancia Orientada em componentes curriculares por alunos de P\u00f3s-Gradua\u00e7\u00e3o Stricto Sensu no \u00e2mbito da [&hellip;]\" \/>\n<meta property=\"og:url\" content=\"https:\/\/wp.ufpel.edu.br\/ppgcem\/pt\/informacoes-aos-alunos\/portarias\/\" \/>\n<meta property=\"og:site_name\" content=\"Programa de P\u00f3s-Gradua\u00e7\u00e3o em Ci\u00eancia e Engenharia de Materiais\" \/>\n<meta property=\"article:modified_time\" content=\"2019-05-13T22:29:50+00:00\" \/>\n<meta name=\"twitter:card\" content=\"summary_large_image\" \/>\n<script type=\"application\/ld+json\" class=\"yoast-schema-graph\">{\"@context\":\"https:\/\/schema.org\",\"@graph\":[{\"@type\":\"WebPage\",\"@id\":\"https:\/\/wp.ufpel.edu.br\/ppgcem\/pt\/informacoes-aos-alunos\/portarias\/\",\"url\":\"https:\/\/wp.ufpel.edu.br\/ppgcem\/pt\/informacoes-aos-alunos\/portarias\/\",\"name\":\"Portarias e resolu\u00e7\u00f5es &#8211; Programa de P\u00f3s-Gradua\u00e7\u00e3o em Ci\u00eancia e Engenharia de Materiais\",\"isPartOf\":{\"@id\":\"https:\/\/wp.ufpel.edu.br\/ppgcem\/pt\/#website\"},\"datePublished\":\"2017-10-23T15:04:31+00:00\",\"dateModified\":\"2019-05-13T22:29:50+00:00\",\"breadcrumb\":{\"@id\":\"https:\/\/wp.ufpel.edu.br\/ppgcem\/pt\/informacoes-aos-alunos\/portarias\/#breadcrumb\"},\"inLanguage\":\"pt-BR\",\"potentialAction\":[{\"@type\":\"ReadAction\",\"target\":[\"https:\/\/wp.ufpel.edu.br\/ppgcem\/pt\/informacoes-aos-alunos\/portarias\/\"]}]},{\"@type\":\"BreadcrumbList\",\"@id\":\"https:\/\/wp.ufpel.edu.br\/ppgcem\/pt\/informacoes-aos-alunos\/portarias\/#breadcrumb\",\"itemListElement\":[{\"@type\":\"ListItem\",\"position\":1,\"name\":\"In\u00edcio\",\"item\":\"https:\/\/wp.ufpel.edu.br\/ppgcem\/pt\/\"},{\"@type\":\"ListItem\",\"position\":2,\"name\":\"Informa\u00e7\u00f5es e Documentos\",\"item\":\"https:\/\/wp.ufpel.edu.br\/ppgcem\/pt\/informacoes-aos-alunos\/\"},{\"@type\":\"ListItem\",\"position\":3,\"name\":\"Portarias e resolu\u00e7\u00f5es\"}]},{\"@type\":\"WebSite\",\"@id\":\"https:\/\/wp.ufpel.edu.br\/ppgcem\/pt\/#website\",\"url\":\"https:\/\/wp.ufpel.edu.br\/ppgcem\/pt\/\",\"name\":\"Programa de P\u00f3s-Gradua\u00e7\u00e3o em Ci\u00eancia e Engenharia de Materiais\",\"description\":\"\",\"potentialAction\":[{\"@type\":\"SearchAction\",\"target\":{\"@type\":\"EntryPoint\",\"urlTemplate\":\"https:\/\/wp.ufpel.edu.br\/ppgcem\/pt\/?s={search_term_string}\"},\"query-input\":{\"@type\":\"PropertyValueSpecification\",\"valueRequired\":true,\"valueName\":\"search_term_string\"}}],\"inLanguage\":\"pt-BR\"}]}<\/script>\n<!-- \/ Yoast SEO plugin. -->","yoast_head_json":{"title":"Portarias e resolu\u00e7\u00f5es &#8211; Programa de P\u00f3s-Gradua\u00e7\u00e3o em Ci\u00eancia e Engenharia de Materiais","robots":{"index":"index","follow":"follow","max-snippet":"max-snippet:-1","max-image-preview":"max-image-preview:large","max-video-preview":"max-video-preview:-1"},"canonical":"https:\/\/wp.ufpel.edu.br\/ppgcem\/pt\/informacoes-aos-alunos\/portarias\/","og_locale":"pt_BR","og_type":"article","og_title":"Portarias e resolu\u00e7\u00f5es &#8211; Programa de P\u00f3s-Gradua\u00e7\u00e3o em Ci\u00eancia e Engenharia de Materiais","og_description":"PORTARIAS DA CAPES p\u00e1gina da CAPES, portaria 76\/2010 Portaria 331\/2018 CAPES REGIMENTO GERAL DOS LABORAT\u00d3RIOS DE ENSINO, DE PESQUISA E DE EXTENS\u00c3O Resolu\u00e7\u00e3o do COCEPE 37-2016 RESOLU\u00c7\u00c3O n\u00b047, DE 21 DE DEZEMBRO DE 2017 (Estabelece normas para exerc\u00edcio do Est\u00e1gio de Doc\u00eancia Orientada em componentes curriculares por alunos de P\u00f3s-Gradua\u00e7\u00e3o Stricto Sensu no \u00e2mbito da [&hellip;]","og_url":"https:\/\/wp.ufpel.edu.br\/ppgcem\/pt\/informacoes-aos-alunos\/portarias\/","og_site_name":"Programa de P\u00f3s-Gradua\u00e7\u00e3o em Ci\u00eancia e Engenharia de Materiais","article_modified_time":"2019-05-13T22:29:50+00:00","twitter_card":"summary_large_image","schema":{"@context":"https:\/\/schema.org","@graph":[{"@type":"WebPage","@id":"https:\/\/wp.ufpel.edu.br\/ppgcem\/pt\/informacoes-aos-alunos\/portarias\/","url":"https:\/\/wp.ufpel.edu.br\/ppgcem\/pt\/informacoes-aos-alunos\/portarias\/","name":"Portarias e resolu\u00e7\u00f5es &#8211; Programa de P\u00f3s-Gradua\u00e7\u00e3o em Ci\u00eancia e Engenharia de Materiais","isPartOf":{"@id":"https:\/\/wp.ufpel.edu.br\/ppgcem\/pt\/#website"},"datePublished":"2017-10-23T15:04:31+00:00","dateModified":"2019-05-13T22:29:50+00:00","breadcrumb":{"@id":"https:\/\/wp.ufpel.edu.br\/ppgcem\/pt\/informacoes-aos-alunos\/portarias\/#breadcrumb"},"inLanguage":"pt-BR","potentialAction":[{"@type":"ReadAction","target":["https:\/\/wp.ufpel.edu.br\/ppgcem\/pt\/informacoes-aos-alunos\/portarias\/"]}]},{"@type":"BreadcrumbList","@id":"https:\/\/wp.ufpel.edu.br\/ppgcem\/pt\/informacoes-aos-alunos\/portarias\/#breadcrumb","itemListElement":[{"@type":"ListItem","position":1,"name":"In\u00edcio","item":"https:\/\/wp.ufpel.edu.br\/ppgcem\/pt\/"},{"@type":"ListItem","position":2,"name":"Informa\u00e7\u00f5es e Documentos","item":"https:\/\/wp.ufpel.edu.br\/ppgcem\/pt\/informacoes-aos-alunos\/"},{"@type":"ListItem","position":3,"name":"Portarias e resolu\u00e7\u00f5es"}]},{"@type":"WebSite","@id":"https:\/\/wp.ufpel.edu.br\/ppgcem\/pt\/#website","url":"https:\/\/wp.ufpel.edu.br\/ppgcem\/pt\/","name":"Programa de P\u00f3s-Gradua\u00e7\u00e3o em Ci\u00eancia e Engenharia de Materiais","description":"","potentialAction":[{"@type":"SearchAction","target":{"@type":"EntryPoint","urlTemplate":"https:\/\/wp.ufpel.edu.br\/ppgcem\/pt\/?s={search_term_string}"},"query-input":{"@type":"PropertyValueSpecification","valueRequired":true,"valueName":"search_term_string"}}],"inLanguage":"pt-BR"}]}},"jetpack_sharing_enabled":true,"jetpack_shortlink":"https:\/\/wp.me\/P8zk0j-xi","_links":{"self":[{"href":"https:\/\/wp.ufpel.edu.br\/ppgcem\/wp-json\/wp\/v2\/pages\/2064","targetHints":{"allow":["GET"]}}],"collection":[{"href":"https:\/\/wp.ufpel.edu.br\/ppgcem\/wp-json\/wp\/v2\/pages"}],"about":[{"href":"https:\/\/wp.ufpel.edu.br\/ppgcem\/wp-json\/wp\/v2\/types\/page"}],"author":[{"embeddable":true,"href":"https:\/\/wp.ufpel.edu.br\/ppgcem\/wp-json\/wp\/v2\/users\/370"}],"replies":[{"embeddable":true,"href":"https:\/\/wp.ufpel.edu.br\/ppgcem\/wp-json\/wp\/v2\/comments?post=2064"}],"version-history":[{"count":8,"href":"https:\/\/wp.ufpel.edu.br\/ppgcem\/wp-json\/wp\/v2\/pages\/2064\/revisions"}],"predecessor-version":[{"id":3018,"href":"https:\/\/wp.ufpel.edu.br\/ppgcem\/wp-json\/wp\/v2\/pages\/2064\/revisions\/3018"}],"up":[{"embeddable":true,"href":"https:\/\/wp.ufpel.edu.br\/ppgcem\/wp-json\/wp\/v2\/pages\/626"}],"wp:attachment":[{"href":"https:\/\/wp.ufpel.edu.br\/ppgcem\/wp-json\/wp\/v2\/media?parent=2064"}],"curies":[{"name":"wp","href":"https:\/\/api.w.org\/{rel}","templated":true}]}}