{"id":180,"date":"2014-10-14T15:32:34","date_gmt":"2014-10-14T18:32:34","guid":{"rendered":"https:\/\/wp.ufpel.edu.br\/ppgcem\/?page_id=180"},"modified":"2016-02-26T18:09:02","modified_gmt":"2016-02-26T21:09:02","slug":"2014-2","status":"publish","type":"page","link":"https:\/\/wp.ufpel.edu.br\/ppgcem\/dissertacoes-e-teses\/dissertacoes\/2014-2\/","title":{"rendered":"2014"},"content":{"rendered":"<p><strong>AN\u00c1LISE DE FALHA EM ROLETE RECRAVADOR SUJEITO A SOLICITA\u00c7\u00d5ES SIMULT\u00c2NEAS DE CORROS\u00c3O E DESGASTE<\/strong><\/p>\n<ul>\n<li>AUTOR: Frederico Trindade Grequi<\/li>\n<li>ORIENTADOR: Sergio da Silva Cava<\/li>\n<li>DATA: 19\/12\/2014<\/li>\n<li>ACESSE A DISSERTA\u00c7\u00c3O:\u00a0 <a href=\"https:\/\/www.dropbox.com\/s\/zae0447l4957l09\/Disserta%C3%A7%C3%A3o%20Corrigida%20Frederico%20Trindade%20Grequi.pdf?dl=0\">clique aqui.<\/a><\/li>\n<\/ul>\n<p><strong>Efeito do tratamento de superf\u00edcie na resist\u00eancia mec\u00e2nica de porcelana odontol\u00f3gica<\/strong><\/p>\n<ul>\n<li>AUTOR: Leonardo Dias Soares<\/li>\n<li>ORIENTADOR:<\/li>\n<li>DATA: 17\/12\/2014<\/li>\n<li>ACESSE A DISSERTA\u00c7\u00c3O: <a href=\"https:\/\/www.dropbox.com\/s\/ouvflsop8vyjc17\/Disserta%C3%83%C2%A7%C3%83%C2%A3o%20Leonardo%20CD.docx?dl=0\">clique aqui.<\/a><\/li>\n<\/ul>\n<p><strong>Durabilidade da madeira de quatro esp\u00e9cies de eucaliptos submetidas a testes de campo<\/strong><\/p>\n<ul>\n<li>AUTOR: Rafael de Avila Delucis<\/li>\n<li>ORIENTADOR:<\/li>\n<li>DATA: 09\/12\/2014<\/li>\n<li>ACESSE A DISSERTA\u00c7\u00c3O: <a href=\"https:\/\/www.dropbox.com\/s\/4bdick6fj06asnk\/Durabilidade%20da%20madeira%20de%20quatro%20esp%C3%A9cies%20de%20eucaliptos%20submetidas%20a%20testes%20de%20campo.pdf?dl=0\">clique aqui.<\/a><\/li>\n<\/ul>\n<p><strong>CONVERS\u00c3O DA LIGNINA KRAFT POR DOIS M\u00c9TODOS DE LIQUEFA\u00c7\u00c3O<\/strong><\/p>\n<ul>\n<li>AUTOR: Silvia Helena Fuentes da Silva<\/li>\n<li>ORIENTADOR:<\/li>\n<li>DATA:\u00a0 08\/12\/2014<\/li>\n<li>ACESSE A DISSERTA\u00c7\u00c3O:\u00a0 <a href=\"https:\/\/www.dropbox.com\/s\/06mf82tllb5ztz4\/bookdissertacaol.pdf?dl=0\">clique aqui.<\/a><\/li>\n<\/ul>\n<p><strong>Possibilidade de incorpora\u00e7\u00e3o de cinza volante e cinza de casca de arroz na produ\u00e7\u00e3o de Engineered Cementitious Composites<\/strong><\/p>\n<ul>\n<li>AUTOR: Liane Porto Griepp<\/li>\n<li>ORIENTADOR:<\/li>\n<li>DATA: 05\/12\/2014<\/li>\n<li>ACESSE A DISSERTA\u00c7\u00c3O: <a href=\"https:\/\/www.dropbox.com\/s\/qna0bjw930s4j7l\/Disserta%C3%A7%C3%A3o_Liane_Revisada_0512.pdf?dl=0\">clique aqui.<\/a><\/li>\n<\/ul>\n<p><strong>Fotorresposta de uma c\u00e9lula eletroqu\u00edmica nanocristalina sensibilizada por corante a base de ess\u00eancia de beterraba<\/strong><\/p>\n<ul>\n<li>AUTOR: Carlos Jesus Anghinoni Correa<\/li>\n<li>ORIENTADOR:<\/li>\n<li>DATA: 01\/12\/2014<\/li>\n<li>ACESSE A DISSERTA\u00c7\u00c3O: <a href=\"https:\/\/www.dropbox.com\/s\/zcevcjnahcyjwkx\/mestrado_CARLOS%20JESUS.pdf?dl=0\">clique aqui.<\/a><\/li>\n<\/ul>\n<p>&nbsp;<\/p>\n<p><strong>PROPRIEDADES FOTOCR\u00d4MICAS E ELETROCR\u00d4MICAS DOS FILMES DE WO3 E WO3:Li + e WO3: Li + :ZrO2<\/strong><\/p>\n<ul>\n<li>AUTOR: Daiane Mendes Landarim<\/li>\n<li>ORIENTADOR: Cesar Antonio Oropesa Avellaneda<\/li>\n<li>DATA: 30\/09\/2014<\/li>\n<li>ACESSE A DISSERTA\u00c7\u00c3O: <a href=\"https:\/\/www.dropbox.com\/s\/2hhnhdlfb3famo1\/Disserta%C3%A7%C3%A3o%20Daiane%20vers%C3%A3o%20FINAL%20FINAL.pdf?dl=0\">clique aqui.<\/a><\/li>\n<\/ul>\n<p><strong>Adi\u00e7\u00e3o de Nanotubos de Carbono de Paredes M\u00faltiplas em Argamassas de Revestimento<\/strong><\/p>\n<ul>\n<li>AUTOR: Rogerio Daltro Knuth<\/li>\n<li>ORIENTADOR: Margarete Regina Freitas Gon\u00e7alves<\/li>\n<li>DATA: 29\/09\/2014<\/li>\n<li>ACESSE A DISSERTA\u00c7\u00c3O: <a href=\"https:\/\/www.dropbox.com\/s\/l6829eloswcuwrm\/Disserta%C3%A7%C3%A3o_%20Rogerio_Final_vers%C3%A3o%20final%20-%2029%20out%202014.pdf?dl=0\">clique aqui<\/a><\/li>\n<\/ul>\n<p><strong>Caracteriza\u00e7\u00e3o de materiais comp\u00f3sitos a base de a\u00e7o inox e alumina<\/strong><\/p>\n<ul>\n<li>AUTOR: F\u00e1bio Rodrigues Pereira<\/li>\n<li>ORIENTADOR: Sergio da Silva Cava<\/li>\n<li>DATA: 14\/08\/2014<\/li>\n<li>ACESSE A DISSERTA\u00c7\u00c3O:<a href=\"https:\/\/www.dropbox.com\/s\/i8e5js3b5azemee\/disserta%C3%A7%C3%A3o%20F%C3%A1bio.pdf?dl=0\"> Caracteriza\u00e7\u00e3o de materiais comp\u00f3sitos a base de a\u00e7o inox e alumina<\/a><\/li>\n<\/ul>\n<p><strong>An\u00e1lise do uso de fibras lignocelul\u00f3sicas obtidas de talos de cascas de bananas na produ\u00e7\u00e3o de placas termo isolantes<\/strong><\/p>\n<ul>\n<li>AUTOR: Jos\u00e9 Euclides Rodrigues Beltran<\/li>\n<li>ORIENTADOR: Margarete Regina Freitas Gon\u00e7alves<\/li>\n<li>DATA: 20\/03\/2014<\/li>\n<li>ACESSE A DISSERTA\u00c7\u00c3O: <a href=\"https:\/\/www.dropbox.com\/s\/siw72iiisdkqswl\/Disserta%C3%A7%C3%A3o%20jOS%C3%89%20EUCLIDES.pdf?dl=0\">An\u00e1lise do uso de fibras lignocelul\u00f3sicas obtidas de talos de cascas de bananas na produ\u00e7\u00e3o de placas termo isolantes<\/a><\/li>\n<\/ul>\n<p><strong>Perfil de \u00e1cidos graxos do biodiesel obtido por esterifica\u00e7\u00e3o in-situ da biomassa das algas<\/strong> <em>Palisada furcata<\/em>, <em>Phormidium sp.<\/em>,<em> Chroococcales sp.<\/em> <strong>e<\/strong> <em>Pseudanabaena sp<\/em>.<\/p>\n<ul>\n<li>AUTOR: Carolina Elicker<\/li>\n<li>ORIENTADOR: Claudio Martin Pereira de Pereira<\/li>\n<li>DATA: 20\/03\/2014<\/li>\n<li>ACESSE A DISSERTA\u00c7\u00c3O: <a href=\"https:\/\/www.dropbox.com\/s\/zfne7ucj1moppod\/Disserta%C3%A7%C3%A3o%2002-04_carolina.pdf?dl=0\">Perfil de \u00e1cidos graxos do biodiesel obtido por esterifica\u00e7\u00e3o in-situ da biomassa das algas Palisada furcata, Phormidium sp., Chroococcales sp. e Pseudanabaena sp.<\/a><\/li>\n<\/ul>\n<p><strong>Comportamento cin\u00e9tico e de tens\u00e3o de contra\u00e7\u00e3o de elast\u00f4meros submetidos com diferentes sistemas de inicia\u00e7\u00e3o<\/strong><\/p>\n<ul>\n<li>AUTOR: Guilherme Duarte de Barros<\/li>\n<li>ORIENTADOR: Fabr\u00edcio Aulo Ogliari<\/li>\n<li>DATA:\u00a019\/03\/2014<\/li>\n<li>ACESSE A DISSERTA\u00c7\u00c3O: <a href=\"https:\/\/www.dropbox.com\/s\/0705rl3z0sr5d0d\/Disserta%C3%A7%C3%A3o%20Guilherme%20Duarte%20de%20Barros.pdf?dl=0\">Comportamento cin\u00e9tico e de tens\u00e3o de contra\u00e7\u00e3o de elast\u00f4meros submetidos com diferentes sistemas de inicia\u00e7\u00e3o<\/a><\/li>\n<\/ul>\n<p><strong>Caracteriza\u00e7\u00e3o da madeira de tr\u00eas esp\u00e9cies florestais plasticizadas por tratamentos hidrot\u00e9rmicos<\/strong><\/p>\n<ul>\n<li>AUTOR: Matheus Lemos de Peres<\/li>\n<li>ORIENTADOR: Darci Alberto Gatto<\/li>\n<li>DATA:\u00a013\/03\/2014<\/li>\n<li>ACESSE A DISSERTA\u00c7\u00c3O: <a href=\"https:\/\/www.dropbox.com\/s\/so5s5m043soxk6i\/Disserta%C3%A7%C3%A3o%20de%20Mestrado%20-%20Matheus%20Peres%20-%20Vers%C3%A3o%20Final.pdf?dl=0\">Caracteriza\u00e7\u00e3o da madeira de tr\u00eas esp\u00e9cies florestais plasticizadas por tratamentos hidrot\u00e9rmicos<\/a><\/li>\n<\/ul>\n<p><strong>Nanobiotecnologia: avalia\u00e7\u00e3o de nanotubos de carbono funcionalizados para transfec\u00e7\u00e3o de DNA em c\u00e9lulas<\/strong><\/p>\n<ul>\n<li>AUTOR: Filipe Barbosa Reis<\/li>\n<li>ORIENTADOR: Fabiana K\u00f6mmling Seixas<\/li>\n<li>DATA:\u00a020\/02\/2014<\/li>\n<li>Trabalho confidencial por dep\u00f3sito de patente.<\/li>\n<\/ul>\n<p><strong>Estrat\u00e9gias no preparo de amostras para determina\u00e7\u00e3o de Br e Cl em pol\u00edmeros oriundos de equipamentos el\u00e9tricos e eletr\u00f4nicos<\/strong><\/p>\n<ul>\n<li>AUTOR: Natanael Rodrigo Xavier Pires<\/li>\n<li>ORIENTADOR: M\u00e1rcia Foster Mesko<\/li>\n<li>DATA:\u00a018\/02\/2014<\/li>\n<li>ACESSE A DISSERTA\u00c7\u00c3O: <a href=\"https:\/\/www.dropbox.com\/s\/ctregnocfr3908g\/Disserta%C3%A7%C3%A3o%20Natanael%20Pires.pdf?dl=0\">Estrat\u00e9gias no preparo de amostras para determina\u00e7\u00e3o de Br e Cl em pol\u00edmeros oriundos de equipamentos el\u00e9tricos e eletr\u00f4nicos<\/a><\/li>\n<\/ul>\n<p><strong>S\u00edntese e caracteriza\u00e7\u00e3o de nanocomp\u00f3sitos derivados do \u00f3xido de grafeno pela incorpora\u00e7\u00e3o de nanopart\u00edculas met\u00e1licas de Ag, Fe e Ni, com aplica\u00e7\u00f5es tecnol\u00f3gicas<\/strong><\/p>\n<ul>\n<li>AUTOR: Gerson Rutz Dewantier<\/li>\n<li>ORIENTADOR: Neftal\u00ed L\u00eanin Vilarreal Carre\u00f1o<\/li>\n<li>DATA:\u00a010\/02\/2014<\/li>\n<li>ACESSE A DISSERTA\u00c7\u00c3O: <a href=\"https:\/\/www.dropbox.com\/s\/euv158okdbm2t26\/DISSERT%20Gerson%20Dewantier.pdf?dl=0https:\/\/www.dropbox.com\/s\/o7lilbyinkrp4wm\/MONTAGEM_7.pdf?dl=0\">S\u00edntese e caracteriza\u00e7\u00e3o de nanocomp\u00f3sitos derivados do \u00f3xido de grafeno pela incorpora\u00e7\u00e3o de nanopart\u00edculas met\u00e1licas de Ag, Fe e Ni, com aplica\u00e7\u00f5es tecnol\u00f3gicas<\/a><\/li>\n<\/ul>\n<p><strong>Caracter\u00edsticas tecnol\u00f3gicas das madeiras de <\/strong><em>Corymbia citriodora<\/em><strong> e <\/strong><em>Eucalyptus grandis<\/em><strong> submetidas ao processo de encharcamento<\/strong><\/p>\n<ul>\n<li>AUTOR: Tainise Vergara Louren\u00e7on<\/li>\n<li>ORIENTADOR: Margarete Regina Freitas Gon\u00e7alves<\/li>\n<li>DATA:\u00a017\/01\/2014<\/li>\n<li>ACESSE A DISSERTA\u00c7\u00c3O: <a href=\"https:\/\/www.dropbox.com\/s\/dsh8vohlh1v353h\/DISSERT_Tainise.pdf?dl=0\">Caracter\u00edsticas tecnol\u00f3gicas das madeiras de Corymbia citriodora e Eucalyptus grandis submetidas ao processo de encharcamento<\/a><\/li>\n<\/ul>\n<p><strong>Tratamento da madeira de duas esp\u00e9cies florestais por polimeriza\u00e7\u00e3o in situ de mon\u00f4meros metacrilatos<\/strong><\/p>\n<ul>\n<li>AUTOR: Bruno Dufau Mattos<\/li>\n<li>ORIENTADOR: Darci Alberto Gatto<\/li>\n<li>DATA:\u00a016\/01\/2014<\/li>\n<li>ACESSE A DISSERTA\u00c7\u00c3O: <a href=\"https:\/\/www.dropbox.com\/s\/efzcotmv78r8aek\/DISSERTBRUNO.pdf?dl=0\">Tratamento da madeira de duas esp\u00e9cies florestais por polimeriza\u00e7\u00e3o in situ de mon\u00f4meros metacrilatos<\/a><\/li>\n<\/ul>\n","protected":false},"excerpt":{"rendered":"<p>AN\u00c1LISE DE FALHA EM ROLETE RECRAVADOR SUJEITO A SOLICITA\u00c7\u00d5ES SIMULT\u00c2NEAS DE CORROS\u00c3O E DESGASTE AUTOR: Frederico Trindade Grequi ORIENTADOR: Sergio da Silva Cava DATA: 19\/12\/2014 ACESSE A DISSERTA\u00c7\u00c3O:\u00a0 clique aqui. Efeito do tratamento de superf\u00edcie na resist\u00eancia mec\u00e2nica de porcelana odontol\u00f3gica AUTOR: Leonardo Dias Soares ORIENTADOR: DATA: 17\/12\/2014 ACESSE A DISSERTA\u00c7\u00c3O: clique aqui. Durabilidade da [&hellip;]<\/p>\n","protected":false},"author":370,"featured_media":0,"parent":490,"menu_order":1,"comment_status":"closed","ping_status":"closed","template":"","meta":{"jetpack_post_was_ever_published":false,"footnotes":""},"class_list":["post-180","page","type-page","status-publish","hentry"],"yoast_head":"<!-- This site is optimized with the Yoast SEO plugin v26.7 - https:\/\/yoast.com\/wordpress\/plugins\/seo\/ -->\n<title>2014 &#8211; Programa de P\u00f3s-Gradua\u00e7\u00e3o em Ci\u00eancia e Engenharia de Materiais<\/title>\n<meta name=\"robots\" content=\"index, follow, max-snippet:-1, max-image-preview:large, max-video-preview:-1\" \/>\n<link rel=\"canonical\" href=\"https:\/\/wp.ufpel.edu.br\/ppgcem\/pt\/dissertacoes-e-teses\/dissertacoes\/2014-2\/\" \/>\n<meta property=\"og:locale\" content=\"pt_BR\" \/>\n<meta property=\"og:type\" content=\"article\" \/>\n<meta property=\"og:title\" content=\"2014 &#8211; Programa de P\u00f3s-Gradua\u00e7\u00e3o em Ci\u00eancia e Engenharia de Materiais\" \/>\n<meta property=\"og:description\" content=\"AN\u00c1LISE DE FALHA EM ROLETE RECRAVADOR SUJEITO A SOLICITA\u00c7\u00d5ES SIMULT\u00c2NEAS DE CORROS\u00c3O E DESGASTE AUTOR: Frederico Trindade Grequi ORIENTADOR: Sergio da Silva Cava DATA: 19\/12\/2014 ACESSE A DISSERTA\u00c7\u00c3O:\u00a0 clique aqui. Efeito do tratamento de superf\u00edcie na resist\u00eancia mec\u00e2nica de porcelana odontol\u00f3gica AUTOR: Leonardo Dias Soares ORIENTADOR: DATA: 17\/12\/2014 ACESSE A DISSERTA\u00c7\u00c3O: clique aqui. Durabilidade da [&hellip;]\" \/>\n<meta property=\"og:url\" content=\"https:\/\/wp.ufpel.edu.br\/ppgcem\/pt\/dissertacoes-e-teses\/dissertacoes\/2014-2\/\" \/>\n<meta property=\"og:site_name\" content=\"Programa de P\u00f3s-Gradua\u00e7\u00e3o em Ci\u00eancia e Engenharia de Materiais\" \/>\n<meta property=\"article:modified_time\" content=\"2016-02-26T21:09:02+00:00\" \/>\n<meta name=\"twitter:card\" content=\"summary_large_image\" \/>\n<meta name=\"twitter:label1\" content=\"Est. tempo de leitura\" \/>\n\t<meta name=\"twitter:data1\" content=\"4 minutos\" \/>\n<script type=\"application\/ld+json\" class=\"yoast-schema-graph\">{\"@context\":\"https:\/\/schema.org\",\"@graph\":[{\"@type\":\"WebPage\",\"@id\":\"https:\/\/wp.ufpel.edu.br\/ppgcem\/pt\/dissertacoes-e-teses\/dissertacoes\/2014-2\/\",\"url\":\"https:\/\/wp.ufpel.edu.br\/ppgcem\/pt\/dissertacoes-e-teses\/dissertacoes\/2014-2\/\",\"name\":\"2014 &#8211; Programa de P\u00f3s-Gradua\u00e7\u00e3o em Ci\u00eancia e Engenharia de Materiais\",\"isPartOf\":{\"@id\":\"https:\/\/wp.ufpel.edu.br\/ppgcem\/pt\/#website\"},\"datePublished\":\"2014-10-14T18:32:34+00:00\",\"dateModified\":\"2016-02-26T21:09:02+00:00\",\"breadcrumb\":{\"@id\":\"https:\/\/wp.ufpel.edu.br\/ppgcem\/pt\/dissertacoes-e-teses\/dissertacoes\/2014-2\/#breadcrumb\"},\"inLanguage\":\"pt-BR\",\"potentialAction\":[{\"@type\":\"ReadAction\",\"target\":[\"https:\/\/wp.ufpel.edu.br\/ppgcem\/pt\/dissertacoes-e-teses\/dissertacoes\/2014-2\/\"]}]},{\"@type\":\"BreadcrumbList\",\"@id\":\"https:\/\/wp.ufpel.edu.br\/ppgcem\/pt\/dissertacoes-e-teses\/dissertacoes\/2014-2\/#breadcrumb\",\"itemListElement\":[{\"@type\":\"ListItem\",\"position\":1,\"name\":\"In\u00edcio\",\"item\":\"https:\/\/wp.ufpel.edu.br\/ppgcem\/pt\/\"},{\"@type\":\"ListItem\",\"position\":2,\"name\":\"Disserta\u00e7\u00f5es e Teses\",\"item\":\"https:\/\/wp.ufpel.edu.br\/ppgcem\/pt\/dissertacoes-e-teses\/\"},{\"@type\":\"ListItem\",\"position\":3,\"name\":\"Disserta\u00e7\u00f5es\",\"item\":\"https:\/\/wp.ufpel.edu.br\/ppgcem\/pt\/dissertacoes-e-teses\/dissertacoes\/\"},{\"@type\":\"ListItem\",\"position\":4,\"name\":\"2014\"}]},{\"@type\":\"WebSite\",\"@id\":\"https:\/\/wp.ufpel.edu.br\/ppgcem\/pt\/#website\",\"url\":\"https:\/\/wp.ufpel.edu.br\/ppgcem\/pt\/\",\"name\":\"Programa de P\u00f3s-Gradua\u00e7\u00e3o em Ci\u00eancia e Engenharia de Materiais\",\"description\":\"\",\"potentialAction\":[{\"@type\":\"SearchAction\",\"target\":{\"@type\":\"EntryPoint\",\"urlTemplate\":\"https:\/\/wp.ufpel.edu.br\/ppgcem\/pt\/?s={search_term_string}\"},\"query-input\":{\"@type\":\"PropertyValueSpecification\",\"valueRequired\":true,\"valueName\":\"search_term_string\"}}],\"inLanguage\":\"pt-BR\"}]}<\/script>\n<!-- \/ Yoast SEO plugin. -->","yoast_head_json":{"title":"2014 &#8211; Programa de P\u00f3s-Gradua\u00e7\u00e3o em Ci\u00eancia e Engenharia de Materiais","robots":{"index":"index","follow":"follow","max-snippet":"max-snippet:-1","max-image-preview":"max-image-preview:large","max-video-preview":"max-video-preview:-1"},"canonical":"https:\/\/wp.ufpel.edu.br\/ppgcem\/pt\/dissertacoes-e-teses\/dissertacoes\/2014-2\/","og_locale":"pt_BR","og_type":"article","og_title":"2014 &#8211; Programa de P\u00f3s-Gradua\u00e7\u00e3o em Ci\u00eancia e Engenharia de Materiais","og_description":"AN\u00c1LISE DE FALHA EM ROLETE RECRAVADOR SUJEITO A SOLICITA\u00c7\u00d5ES SIMULT\u00c2NEAS DE CORROS\u00c3O E DESGASTE AUTOR: Frederico Trindade Grequi ORIENTADOR: Sergio da Silva Cava DATA: 19\/12\/2014 ACESSE A DISSERTA\u00c7\u00c3O:\u00a0 clique aqui. Efeito do tratamento de superf\u00edcie na resist\u00eancia mec\u00e2nica de porcelana odontol\u00f3gica AUTOR: Leonardo Dias Soares ORIENTADOR: DATA: 17\/12\/2014 ACESSE A DISSERTA\u00c7\u00c3O: clique aqui. Durabilidade da [&hellip;]","og_url":"https:\/\/wp.ufpel.edu.br\/ppgcem\/pt\/dissertacoes-e-teses\/dissertacoes\/2014-2\/","og_site_name":"Programa de P\u00f3s-Gradua\u00e7\u00e3o em Ci\u00eancia e Engenharia de Materiais","article_modified_time":"2016-02-26T21:09:02+00:00","twitter_card":"summary_large_image","twitter_misc":{"Est. tempo de leitura":"4 minutos"},"schema":{"@context":"https:\/\/schema.org","@graph":[{"@type":"WebPage","@id":"https:\/\/wp.ufpel.edu.br\/ppgcem\/pt\/dissertacoes-e-teses\/dissertacoes\/2014-2\/","url":"https:\/\/wp.ufpel.edu.br\/ppgcem\/pt\/dissertacoes-e-teses\/dissertacoes\/2014-2\/","name":"2014 &#8211; Programa de P\u00f3s-Gradua\u00e7\u00e3o em Ci\u00eancia e Engenharia de Materiais","isPartOf":{"@id":"https:\/\/wp.ufpel.edu.br\/ppgcem\/pt\/#website"},"datePublished":"2014-10-14T18:32:34+00:00","dateModified":"2016-02-26T21:09:02+00:00","breadcrumb":{"@id":"https:\/\/wp.ufpel.edu.br\/ppgcem\/pt\/dissertacoes-e-teses\/dissertacoes\/2014-2\/#breadcrumb"},"inLanguage":"pt-BR","potentialAction":[{"@type":"ReadAction","target":["https:\/\/wp.ufpel.edu.br\/ppgcem\/pt\/dissertacoes-e-teses\/dissertacoes\/2014-2\/"]}]},{"@type":"BreadcrumbList","@id":"https:\/\/wp.ufpel.edu.br\/ppgcem\/pt\/dissertacoes-e-teses\/dissertacoes\/2014-2\/#breadcrumb","itemListElement":[{"@type":"ListItem","position":1,"name":"In\u00edcio","item":"https:\/\/wp.ufpel.edu.br\/ppgcem\/pt\/"},{"@type":"ListItem","position":2,"name":"Disserta\u00e7\u00f5es e Teses","item":"https:\/\/wp.ufpel.edu.br\/ppgcem\/pt\/dissertacoes-e-teses\/"},{"@type":"ListItem","position":3,"name":"Disserta\u00e7\u00f5es","item":"https:\/\/wp.ufpel.edu.br\/ppgcem\/pt\/dissertacoes-e-teses\/dissertacoes\/"},{"@type":"ListItem","position":4,"name":"2014"}]},{"@type":"WebSite","@id":"https:\/\/wp.ufpel.edu.br\/ppgcem\/pt\/#website","url":"https:\/\/wp.ufpel.edu.br\/ppgcem\/pt\/","name":"Programa de P\u00f3s-Gradua\u00e7\u00e3o em Ci\u00eancia e Engenharia de Materiais","description":"","potentialAction":[{"@type":"SearchAction","target":{"@type":"EntryPoint","urlTemplate":"https:\/\/wp.ufpel.edu.br\/ppgcem\/pt\/?s={search_term_string}"},"query-input":{"@type":"PropertyValueSpecification","valueRequired":true,"valueName":"search_term_string"}}],"inLanguage":"pt-BR"}]}},"jetpack_sharing_enabled":true,"jetpack_shortlink":"https:\/\/wp.me\/P8zk0j-2U","_links":{"self":[{"href":"https:\/\/wp.ufpel.edu.br\/ppgcem\/wp-json\/wp\/v2\/pages\/180","targetHints":{"allow":["GET"]}}],"collection":[{"href":"https:\/\/wp.ufpel.edu.br\/ppgcem\/wp-json\/wp\/v2\/pages"}],"about":[{"href":"https:\/\/wp.ufpel.edu.br\/ppgcem\/wp-json\/wp\/v2\/types\/page"}],"author":[{"embeddable":true,"href":"https:\/\/wp.ufpel.edu.br\/ppgcem\/wp-json\/wp\/v2\/users\/370"}],"replies":[{"embeddable":true,"href":"https:\/\/wp.ufpel.edu.br\/ppgcem\/wp-json\/wp\/v2\/comments?post=180"}],"version-history":[{"count":16,"href":"https:\/\/wp.ufpel.edu.br\/ppgcem\/wp-json\/wp\/v2\/pages\/180\/revisions"}],"predecessor-version":[{"id":846,"href":"https:\/\/wp.ufpel.edu.br\/ppgcem\/wp-json\/wp\/v2\/pages\/180\/revisions\/846"}],"up":[{"embeddable":true,"href":"https:\/\/wp.ufpel.edu.br\/ppgcem\/wp-json\/wp\/v2\/pages\/490"}],"wp:attachment":[{"href":"https:\/\/wp.ufpel.edu.br\/ppgcem\/wp-json\/wp\/v2\/media?parent=180"}],"curies":[{"name":"wp","href":"https:\/\/api.w.org\/{rel}","templated":true}]}}