{"id":1783,"date":"2017-05-10T12:36:34","date_gmt":"2017-05-10T15:36:34","guid":{"rendered":"https:\/\/wp.ufpel.edu.br\/ppgcem\/?page_id=1783"},"modified":"2025-03-19T08:59:14","modified_gmt":"2025-03-19T11:59:14","slug":"laboratorio-crescimento-de-cristais-avancados-e-fotonica","status":"publish","type":"page","link":"https:\/\/wp.ufpel.edu.br\/ppgcem\/infraestrutura\/laboratorio-crescimento-de-cristais-avancados-e-fotonica\/","title":{"rendered":"Laborat\u00f3rio Crescimento de Cristais Avan\u00e7ados e Fot\u00f4nica"},"content":{"rendered":"<p>O\u00a0<strong>Laborat\u00f3rio Crescimento de Cristais Avan\u00e7ados e Fot\u00f4nica (CCAF)<\/strong> \u00e9 um laborat\u00f3rio de pesquisa vinculado ao <strong>Programa de P\u00f3s-Gradua\u00e7\u00e3o em Ci\u00eancia e Engenharia de Materiais (PPGCEM)<\/strong>\u00a0da\u00a0<strong>UFPel<\/strong>, liderado pelos professores\u00a0<strong>Cristiane Wienke Raubach Ratmann (<a href=\"http:\/\/buscatextual.cnpq.br\/buscatextual\/visualizacv.do?id=K4238914T2\">Lattes<\/a>)<\/strong>,\u00a0<strong>M\u00e1rio L\u00facio Moreira (<a href=\"http:\/\/lattes.cnpq.br\/6395095165722635\">Lattes<\/a>)<\/strong>,\u00a0<strong>Mateus Meneguetti Ferrer<\/strong> <strong>(<a href=\"http:\/\/lattes.cnpq.br\/6355560471517685\">Lattes<\/a>) <\/strong>e\u00a0<strong>Sergio da Silva Cava (<a href=\"http:\/\/lattes.cnpq.br\/2853098230406981\">Lattes<\/a>)<\/strong>. O laborat\u00f3rio tem como foco o desenvolvimento de materiais cer\u00e2micos, fot\u00f4nica e energias renov\u00e1veis, contribuindo para avan\u00e7os cient\u00edficos e tecnol\u00f3gicos alinhados aos\u00a0<strong>Objetivos de Desenvolvimento Sustent\u00e1vel (ODS)<\/strong>\u00a0da ONU.<\/p>\n<h4><strong>Principais Linhas de Pesquisa<\/strong><\/h4>\n<p>As principais linhas de pesquisa do CCAF incluem:<\/p>\n<ol start=\"1\">\n<li><strong>Crescimento de Cristais:<\/strong><br \/>\nO laborat\u00f3rio utiliza diferentes m\u00e9todos de s\u00edntese de materiais cer\u00e2micos, visando a obten\u00e7\u00e3o de nanopart\u00edculas com diversas aplica\u00e7\u00f5es. Os m\u00e9todos de s\u00edntese incluem:<\/p>\n<ul>\n<li><strong>M\u00e9todo Pechini:<\/strong>\u00a0Utilizado para s\u00edntese de aluminas e aluminatos de c\u00e1lcio, com aplica\u00e7\u00f5es em c\u00e9lulas a combust\u00edvel e cimento odontol\u00f3gico.<\/li>\n<li><strong>S\u00edntese por Combust\u00e3o:<\/strong>\u00a0Utilizado para s\u00edntese de aluminatos de c\u00e1lcio, perovskitas, TiO2, ZnO e hidroxiapatita, com aplica\u00e7\u00f5es em c\u00e9lulas solares e odontologia.<\/li>\n<li><strong>Sol-Gel:<\/strong>\u00a0Utilizado para obten\u00e7\u00e3o de filmes finos para prote\u00e7\u00e3o de superf\u00edcies met\u00e1licas e tratamento de superf\u00edcies hidrof\u00f3bicas\/hidrof\u00edlicas.<\/li>\n<li><strong>Hidrotermal Micro-ondas:<\/strong>\u00a0Utilizado para s\u00edntese de part\u00edculas com propriedades \u00f3ticas e magn\u00e9ticas especiais, com aplica\u00e7\u00f5es em c\u00e9lulas solares e biotecnologia.<\/li>\n<\/ul>\n<p>Esta linha de pesquisa est\u00e1 alinhada ao\u00a0<strong>ODS 9: Ind\u00fastria, Inova\u00e7\u00e3o e Infraestrutura<\/strong>, ao promover tecnologias inovadoras para a ind\u00fastria.<\/li>\n<li><strong>Energias Renov\u00e1veis:<\/strong><br \/>\nO CCAF concentra-se no desenvolvimento de materiais para aplica\u00e7\u00f5es em energias renov\u00e1veis, com destaque para c\u00e9lulas solares sensibilizadas por corante. O laborat\u00f3rio utiliza o m\u00e9todo hidrotermal assistido por micro-ondas para a s\u00edntese de \u00f3xidos cer\u00e2micos, como Di\u00f3xido de Tit\u00e2nio, Titanatos de Alcalinos Terrosos e \u00d3xido de Zinco, que s\u00e3o utilizados como filmes semicondutores. Esta linha de pesquisa contribui para o\u00a0<strong>ODS 7: Energia Limpa e Acess\u00edvel<\/strong>, ao promover tecnologias sustent\u00e1veis para gera\u00e7\u00e3o de energia.<\/li>\n<li><strong>Fot\u00f4nica:<\/strong><br \/>\nO laborat\u00f3rio desenvolve pesquisas em fot\u00f4nica, com foco no estudo de materiais com propriedades \u00f3ticas e fot\u00f4nicas avan\u00e7adas. Estas pesquisas t\u00eam aplica\u00e7\u00f5es em comunica\u00e7\u00f5es \u00f3ticas, sensores e dispositivos fot\u00f4nicos, contribuindo para o\u00a0<strong>ODS 9: Ind\u00fastria, Inova\u00e7\u00e3o e Infraestrutura<\/strong>.<\/li>\n<li><strong>Materiais Multifuncionais:<\/strong><br \/>\nO CCAF investiga materiais nanoestruturados do tipo\u00a0<strong>core-shell<\/strong>, que integram m\u00faltiplas propriedades f\u00edsicas de interesse tecnol\u00f3gico. Esses materiais s\u00e3o utilizados em dispositivos eletro-eletr\u00f4nicos de alto desempenho, contribuindo para o\u00a0<strong>ODS 9: Ind\u00fastria, Inova\u00e7\u00e3o e Infraestrutura<\/strong>.<\/li>\n<\/ol>\n<h4><strong>Compromisso com a Sustentabilidade e Inova\u00e7\u00e3o<\/strong><\/h4>\n<p>O CCAF se destaca pelo seu compromisso com a sustentabilidade e a inova\u00e7\u00e3o, buscando solu\u00e7\u00f5es tecnol\u00f3gicas que promovam o uso eficiente de recursos naturais e a redu\u00e7\u00e3o do impacto ambiental. Ao focar em energias renov\u00e1veis, fot\u00f4nica e materiais multifuncionais, o laborat\u00f3rio contribui para o avan\u00e7o cient\u00edfico e tecnol\u00f3gico em conformidade com os\u00a0<strong>ODS 7: Energia Limpa e Acess\u00edvel<\/strong>\u00a0e\u00a0<strong>ODS 9: Ind\u00fastria, Inova\u00e7\u00e3o e Infraestrutura<\/strong>.<\/p>\n<h4><strong>Infraestrutura e Equipamentos<\/strong><\/h4>\n<p>O laborat\u00f3rio conta com uma infraestrutura moderna e equipamentos de ponta, que permitem a realiza\u00e7\u00e3o de pesquisas avan\u00e7adas em s\u00edntese e caracteriza\u00e7\u00e3o de materiais. Entre os equipamentos dispon\u00edveis est\u00e3o:<\/p>\n<ul>\n<li><strong>Capelas qu\u00edmicas:<\/strong>\u00a0Para manipula\u00e7\u00e3o segura de reagentes e s\u00edntese de materiais.<\/li>\n<li><strong>Fornos tubulares:<\/strong>\u00a0Para tratamentos t\u00e9rmicos e s\u00edntese de materiais cer\u00e2micos.<\/li>\n<li><strong>Espectrofot\u00f4metros:<\/strong>\u00a0Para an\u00e1lise de propriedades \u00f3ticas e fot\u00f4nicas de materiais.<\/li>\n<li><strong>Sistema hidrot\u00e9rmico assistido por micro-ondas:<\/strong>\u00a0Para s\u00edntese de nanopart\u00edculas com controle morfol\u00f3gico e propriedades especiais.<\/li>\n<\/ul>\n<h4><strong>Acesso ao Laborat\u00f3rio<\/strong><\/h4>\n<p>Para mais informa\u00e7\u00f5es sobre o Laborat\u00f3rio Crescimento de Cristais Avan\u00e7ados e Fot\u00f4nica (CCAF), acesse o site oficial:\u00a0<a href=\"https:\/\/wp.ufpel.edu.br\/ccaf\/\" target=\"_blank\" rel=\"noopener noreferrer\">https:\/\/wp.ufpel.edu.br\/ccaf\/<\/a>.<br \/>\nSiga tamb\u00e9m o laborat\u00f3rio no Instagram:\u00a0<a href=\"https:\/\/www.instagram.com\/ccaf___ufpel\" target=\"_blank\" rel=\"noopener noreferrer\">https:\/\/www.instagram.com\/ccaf___ufpel<\/a>.<\/p>\n","protected":false},"excerpt":{"rendered":"<p>O\u00a0Laborat\u00f3rio Crescimento de Cristais Avan\u00e7ados e Fot\u00f4nica (CCAF) \u00e9 um laborat\u00f3rio de pesquisa vinculado ao Programa de P\u00f3s-Gradua\u00e7\u00e3o em Ci\u00eancia e Engenharia de Materiais (PPGCEM)\u00a0da\u00a0UFPel, liderado pelos professores\u00a0Cristiane Wienke Raubach Ratmann (Lattes),\u00a0M\u00e1rio L\u00facio Moreira (Lattes),\u00a0Mateus Meneguetti Ferrer (Lattes) e\u00a0Sergio da Silva Cava (Lattes). O laborat\u00f3rio tem como foco o desenvolvimento de materiais cer\u00e2micos, fot\u00f4nica e [&hellip;]<\/p>\n","protected":false},"author":370,"featured_media":0,"parent":88,"menu_order":0,"comment_status":"closed","ping_status":"closed","template":"","meta":{"jetpack_post_was_ever_published":false,"footnotes":""},"class_list":["post-1783","page","type-page","status-publish","hentry"],"yoast_head":"<!-- This site is optimized with the Yoast SEO plugin v26.7 - https:\/\/yoast.com\/wordpress\/plugins\/seo\/ -->\n<title>Laborat\u00f3rio Crescimento de Cristais Avan\u00e7ados e Fot\u00f4nica &#8211; Programa de P\u00f3s-Gradua\u00e7\u00e3o em Ci\u00eancia e Engenharia de Materiais<\/title>\n<meta name=\"robots\" content=\"index, follow, max-snippet:-1, max-image-preview:large, max-video-preview:-1\" \/>\n<link rel=\"canonical\" href=\"https:\/\/wp.ufpel.edu.br\/ppgcem\/pt\/infraestrutura\/laboratorio-crescimento-de-cristais-avancados-e-fotonica\/\" \/>\n<meta property=\"og:locale\" content=\"pt_BR\" \/>\n<meta property=\"og:type\" content=\"article\" \/>\n<meta property=\"og:title\" content=\"Laborat\u00f3rio Crescimento de Cristais Avan\u00e7ados e Fot\u00f4nica &#8211; Programa de P\u00f3s-Gradua\u00e7\u00e3o em Ci\u00eancia e Engenharia de Materiais\" \/>\n<meta property=\"og:description\" content=\"O\u00a0Laborat\u00f3rio Crescimento de Cristais Avan\u00e7ados e Fot\u00f4nica (CCAF) \u00e9 um laborat\u00f3rio de pesquisa vinculado ao Programa de P\u00f3s-Gradua\u00e7\u00e3o em Ci\u00eancia e Engenharia de Materiais (PPGCEM)\u00a0da\u00a0UFPel, liderado pelos professores\u00a0Cristiane Wienke Raubach Ratmann (Lattes),\u00a0M\u00e1rio L\u00facio Moreira (Lattes),\u00a0Mateus Meneguetti Ferrer (Lattes) e\u00a0Sergio da Silva Cava (Lattes). O laborat\u00f3rio tem como foco o desenvolvimento de materiais cer\u00e2micos, fot\u00f4nica e [&hellip;]\" \/>\n<meta property=\"og:url\" content=\"https:\/\/wp.ufpel.edu.br\/ppgcem\/pt\/infraestrutura\/laboratorio-crescimento-de-cristais-avancados-e-fotonica\/\" \/>\n<meta property=\"og:site_name\" content=\"Programa de P\u00f3s-Gradua\u00e7\u00e3o em Ci\u00eancia e Engenharia de Materiais\" \/>\n<meta property=\"article:modified_time\" content=\"2025-03-19T11:59:14+00:00\" \/>\n<meta name=\"twitter:card\" content=\"summary_large_image\" \/>\n<meta name=\"twitter:label1\" content=\"Est. tempo de leitura\" \/>\n\t<meta name=\"twitter:data1\" content=\"4 minutos\" \/>\n<script type=\"application\/ld+json\" class=\"yoast-schema-graph\">{\"@context\":\"https:\/\/schema.org\",\"@graph\":[{\"@type\":\"WebPage\",\"@id\":\"https:\/\/wp.ufpel.edu.br\/ppgcem\/pt\/infraestrutura\/laboratorio-crescimento-de-cristais-avancados-e-fotonica\/\",\"url\":\"https:\/\/wp.ufpel.edu.br\/ppgcem\/pt\/infraestrutura\/laboratorio-crescimento-de-cristais-avancados-e-fotonica\/\",\"name\":\"Laborat\u00f3rio Crescimento de Cristais Avan\u00e7ados e Fot\u00f4nica &#8211; Programa de P\u00f3s-Gradua\u00e7\u00e3o em Ci\u00eancia e Engenharia de Materiais\",\"isPartOf\":{\"@id\":\"https:\/\/wp.ufpel.edu.br\/ppgcem\/pt\/#website\"},\"datePublished\":\"2017-05-10T15:36:34+00:00\",\"dateModified\":\"2025-03-19T11:59:14+00:00\",\"breadcrumb\":{\"@id\":\"https:\/\/wp.ufpel.edu.br\/ppgcem\/pt\/infraestrutura\/laboratorio-crescimento-de-cristais-avancados-e-fotonica\/#breadcrumb\"},\"inLanguage\":\"pt-BR\",\"potentialAction\":[{\"@type\":\"ReadAction\",\"target\":[\"https:\/\/wp.ufpel.edu.br\/ppgcem\/pt\/infraestrutura\/laboratorio-crescimento-de-cristais-avancados-e-fotonica\/\"]}]},{\"@type\":\"BreadcrumbList\",\"@id\":\"https:\/\/wp.ufpel.edu.br\/ppgcem\/pt\/infraestrutura\/laboratorio-crescimento-de-cristais-avancados-e-fotonica\/#breadcrumb\",\"itemListElement\":[{\"@type\":\"ListItem\",\"position\":1,\"name\":\"In\u00edcio\",\"item\":\"https:\/\/wp.ufpel.edu.br\/ppgcem\/pt\/\"},{\"@type\":\"ListItem\",\"position\":2,\"name\":\"Grupos de Pesquisa\/Laborat\u00f3rios\",\"item\":\"https:\/\/wp.ufpel.edu.br\/ppgcem\/pt\/infraestrutura\/\"},{\"@type\":\"ListItem\",\"position\":3,\"name\":\"Laborat\u00f3rio Crescimento de Cristais Avan\u00e7ados e Fot\u00f4nica\"}]},{\"@type\":\"WebSite\",\"@id\":\"https:\/\/wp.ufpel.edu.br\/ppgcem\/pt\/#website\",\"url\":\"https:\/\/wp.ufpel.edu.br\/ppgcem\/pt\/\",\"name\":\"Programa de P\u00f3s-Gradua\u00e7\u00e3o em Ci\u00eancia e Engenharia de Materiais\",\"description\":\"\",\"potentialAction\":[{\"@type\":\"SearchAction\",\"target\":{\"@type\":\"EntryPoint\",\"urlTemplate\":\"https:\/\/wp.ufpel.edu.br\/ppgcem\/pt\/?s={search_term_string}\"},\"query-input\":{\"@type\":\"PropertyValueSpecification\",\"valueRequired\":true,\"valueName\":\"search_term_string\"}}],\"inLanguage\":\"pt-BR\"}]}<\/script>\n<!-- \/ Yoast SEO plugin. -->","yoast_head_json":{"title":"Laborat\u00f3rio Crescimento de Cristais Avan\u00e7ados e Fot\u00f4nica &#8211; Programa de P\u00f3s-Gradua\u00e7\u00e3o em Ci\u00eancia e Engenharia de Materiais","robots":{"index":"index","follow":"follow","max-snippet":"max-snippet:-1","max-image-preview":"max-image-preview:large","max-video-preview":"max-video-preview:-1"},"canonical":"https:\/\/wp.ufpel.edu.br\/ppgcem\/pt\/infraestrutura\/laboratorio-crescimento-de-cristais-avancados-e-fotonica\/","og_locale":"pt_BR","og_type":"article","og_title":"Laborat\u00f3rio Crescimento de Cristais Avan\u00e7ados e Fot\u00f4nica &#8211; Programa de P\u00f3s-Gradua\u00e7\u00e3o em Ci\u00eancia e Engenharia de Materiais","og_description":"O\u00a0Laborat\u00f3rio Crescimento de Cristais Avan\u00e7ados e Fot\u00f4nica (CCAF) \u00e9 um laborat\u00f3rio de pesquisa vinculado ao Programa de P\u00f3s-Gradua\u00e7\u00e3o em Ci\u00eancia e Engenharia de Materiais (PPGCEM)\u00a0da\u00a0UFPel, liderado pelos professores\u00a0Cristiane Wienke Raubach Ratmann (Lattes),\u00a0M\u00e1rio L\u00facio Moreira (Lattes),\u00a0Mateus Meneguetti Ferrer (Lattes) e\u00a0Sergio da Silva Cava (Lattes). O laborat\u00f3rio tem como foco o desenvolvimento de materiais cer\u00e2micos, fot\u00f4nica e [&hellip;]","og_url":"https:\/\/wp.ufpel.edu.br\/ppgcem\/pt\/infraestrutura\/laboratorio-crescimento-de-cristais-avancados-e-fotonica\/","og_site_name":"Programa de P\u00f3s-Gradua\u00e7\u00e3o em Ci\u00eancia e Engenharia de Materiais","article_modified_time":"2025-03-19T11:59:14+00:00","twitter_card":"summary_large_image","twitter_misc":{"Est. tempo de leitura":"4 minutos"},"schema":{"@context":"https:\/\/schema.org","@graph":[{"@type":"WebPage","@id":"https:\/\/wp.ufpel.edu.br\/ppgcem\/pt\/infraestrutura\/laboratorio-crescimento-de-cristais-avancados-e-fotonica\/","url":"https:\/\/wp.ufpel.edu.br\/ppgcem\/pt\/infraestrutura\/laboratorio-crescimento-de-cristais-avancados-e-fotonica\/","name":"Laborat\u00f3rio Crescimento de Cristais Avan\u00e7ados e Fot\u00f4nica &#8211; Programa de P\u00f3s-Gradua\u00e7\u00e3o em Ci\u00eancia e Engenharia de Materiais","isPartOf":{"@id":"https:\/\/wp.ufpel.edu.br\/ppgcem\/pt\/#website"},"datePublished":"2017-05-10T15:36:34+00:00","dateModified":"2025-03-19T11:59:14+00:00","breadcrumb":{"@id":"https:\/\/wp.ufpel.edu.br\/ppgcem\/pt\/infraestrutura\/laboratorio-crescimento-de-cristais-avancados-e-fotonica\/#breadcrumb"},"inLanguage":"pt-BR","potentialAction":[{"@type":"ReadAction","target":["https:\/\/wp.ufpel.edu.br\/ppgcem\/pt\/infraestrutura\/laboratorio-crescimento-de-cristais-avancados-e-fotonica\/"]}]},{"@type":"BreadcrumbList","@id":"https:\/\/wp.ufpel.edu.br\/ppgcem\/pt\/infraestrutura\/laboratorio-crescimento-de-cristais-avancados-e-fotonica\/#breadcrumb","itemListElement":[{"@type":"ListItem","position":1,"name":"In\u00edcio","item":"https:\/\/wp.ufpel.edu.br\/ppgcem\/pt\/"},{"@type":"ListItem","position":2,"name":"Grupos de Pesquisa\/Laborat\u00f3rios","item":"https:\/\/wp.ufpel.edu.br\/ppgcem\/pt\/infraestrutura\/"},{"@type":"ListItem","position":3,"name":"Laborat\u00f3rio Crescimento de Cristais Avan\u00e7ados e Fot\u00f4nica"}]},{"@type":"WebSite","@id":"https:\/\/wp.ufpel.edu.br\/ppgcem\/pt\/#website","url":"https:\/\/wp.ufpel.edu.br\/ppgcem\/pt\/","name":"Programa de P\u00f3s-Gradua\u00e7\u00e3o em Ci\u00eancia e Engenharia de Materiais","description":"","potentialAction":[{"@type":"SearchAction","target":{"@type":"EntryPoint","urlTemplate":"https:\/\/wp.ufpel.edu.br\/ppgcem\/pt\/?s={search_term_string}"},"query-input":{"@type":"PropertyValueSpecification","valueRequired":true,"valueName":"search_term_string"}}],"inLanguage":"pt-BR"}]}},"jetpack_sharing_enabled":true,"jetpack_shortlink":"https:\/\/wp.me\/P8zk0j-sL","_links":{"self":[{"href":"https:\/\/wp.ufpel.edu.br\/ppgcem\/wp-json\/wp\/v2\/pages\/1783","targetHints":{"allow":["GET"]}}],"collection":[{"href":"https:\/\/wp.ufpel.edu.br\/ppgcem\/wp-json\/wp\/v2\/pages"}],"about":[{"href":"https:\/\/wp.ufpel.edu.br\/ppgcem\/wp-json\/wp\/v2\/types\/page"}],"author":[{"embeddable":true,"href":"https:\/\/wp.ufpel.edu.br\/ppgcem\/wp-json\/wp\/v2\/users\/370"}],"replies":[{"embeddable":true,"href":"https:\/\/wp.ufpel.edu.br\/ppgcem\/wp-json\/wp\/v2\/comments?post=1783"}],"version-history":[{"count":4,"href":"https:\/\/wp.ufpel.edu.br\/ppgcem\/wp-json\/wp\/v2\/pages\/1783\/revisions"}],"predecessor-version":[{"id":5152,"href":"https:\/\/wp.ufpel.edu.br\/ppgcem\/wp-json\/wp\/v2\/pages\/1783\/revisions\/5152"}],"up":[{"embeddable":true,"href":"https:\/\/wp.ufpel.edu.br\/ppgcem\/wp-json\/wp\/v2\/pages\/88"}],"wp:attachment":[{"href":"https:\/\/wp.ufpel.edu.br\/ppgcem\/wp-json\/wp\/v2\/media?parent=1783"}],"curies":[{"name":"wp","href":"https:\/\/api.w.org\/{rel}","templated":true}]}}