{"id":176,"date":"2014-10-14T15:22:39","date_gmt":"2014-10-14T18:22:39","guid":{"rendered":"https:\/\/wp.ufpel.edu.br\/ppgcem\/?page_id=176"},"modified":"2016-02-17T14:22:14","modified_gmt":"2016-02-17T16:22:14","slug":"2013-2","status":"publish","type":"page","link":"https:\/\/wp.ufpel.edu.br\/ppgcem\/dissertacoes-e-teses\/dissertacoes\/2013-2\/","title":{"rendered":"2013"},"content":{"rendered":"<p><strong>Propriedades eletrocr\u00f4micas de filmes finos de WO3, WO3:Li+ e WO3:Li+:TiO2\u00a0<\/strong><\/p>\n<ul>\n<li>AUTOR: Caroline Schneider Lopes<\/li>\n<li>ORIENTADOR: C\u00e9sar Ant\u00f4nio Oropesa Avellaneda<\/li>\n<li>DATA:\u00a020\/12\/2013<\/li>\n<li>ACESSE A DISSERTA\u00c7\u00c3O: <a href=\"https:\/\/www.dropbox.com\/s\/fyhz7vcu3z87ou1\/CAROLINE%20SCHNEIDER%20LUCIO%20FINAL.pdf?dl=0\">Propriedades eletrocr\u00f4micas de filmes finos de WO3, WO3:Li+ e WO3:Li+:TiO2 <\/a><\/li>\n<\/ul>\n<p><strong>Avalia\u00e7\u00e3o da incorpora\u00e7\u00e3o de lodo de esta\u00e7\u00e3o de tratamento de esgoto como mat\u00e9ria-prima na produ\u00e7\u00e3o de materiais cer\u00e2micos<\/strong><\/p>\n<ul>\n<li>AUTOR: Eduardo Echevengu\u00e1 Barcellos<\/li>\n<li>ORIENTADOR: Carlos P\u00e9rez Bergmann<\/li>\n<li>DATA:\u00a005\/12\/2013<\/li>\n<li>ACESSE A DISSERTA\u00c7\u00c3O: <a href=\"https:\/\/www.dropbox.com\/s\/tndvmw4vre5dcti\/EDUARDO%20DISSERTA%C3%87%C3%83O%20MESTRADO%20FINAL.pdf?dl=0\">Avalia\u00e7\u00e3o da incorpora\u00e7\u00e3o de lodo de esta\u00e7\u00e3o de tratamento de esgoto como mat\u00e9ria-prima na produ\u00e7\u00e3o de materiais cer\u00e2micos<\/a><\/li>\n<\/ul>\n<p><strong>Obten\u00e7\u00e3o e aplica\u00e7\u00e3o biol\u00f3gica de nanocomp\u00f3sitos a base de \u00f3xido de grafeno<\/strong><\/p>\n<ul>\n<li>AUTOR: Ananda Morais Barbosa<\/li>\n<li>ORIENTADOR: Neftal\u00ed L\u00eanin Vilarreal Carre\u00f1o<\/li>\n<li>DATA:\u00a004\/09\/2013<\/li>\n<li>ACESSE A DISSERTA\u00c7\u00c3O: <a href=\"https:\/\/www.dropbox.com\/s\/f0tmvycqibjn92v\/ananda_Obten%C3%A7%C3%A3o%20e%20aplica%C3%A7%C3%A3o%20biol%C3%B3gica%20de%20nanocomp%C3%B3sitos%20a%20base%20de%20%C3%B3xido%20de%20grafeno.pdf?dl=0\">Obten\u00e7\u00e3o e aplica\u00e7\u00e3o biol\u00f3gica de nanocomp\u00f3sitos a base de \u00f3xido de grafeno<\/a><\/li>\n<\/ul>\n<p><strong>Comportamento f\u00edsico-mec\u00e2nico de comp\u00f3sitos cimento-madeira desenvolvidos a partir de res\u00edduos madeireiros<\/strong><\/p>\n<ul>\n<li>AUTOR: Aline de Oliveira Machado<\/li>\n<li>ORIENTADOR: Estela Garcez<\/li>\n<li>DATA: 02\/09\/2013<\/li>\n<li>ACESSE A DISSERTA\u00c7\u00c3O: <a href=\"https:\/\/www.dropbox.com\/s\/c91ceq1dic3hstg\/MACHADO%2C%20Aline%20de%20Oliveira.pdf?dl=0\">Comportamento f\u00edsico-mec\u00e2nico de comp\u00f3sitos cimento-madeira desenvolvidos a partir de res\u00edduos madeireiros<\/a><\/li>\n<\/ul>\n<p><strong>Desenvolvimento de nanocomp\u00f3sitos de matriz polim\u00e9rica biodegrad\u00e1vel a base de agar refor\u00e7ados com nanofillers de di\u00f3xido de tit\u00e2nio ou hidroxiapatita<\/strong><\/p>\n<ul>\n<li>AUTOR: Viviane Coelho Duarte<\/li>\n<li>ORIENTADOR: Neftal\u00ed L\u00eanin Vilarreal Carre\u00f1o<\/li>\n<li>DATA:\u00a002\/09\/2013<\/li>\n<li>ACESSE A DISSERTA\u00c7\u00c3O: <a href=\"https:\/\/www.dropbox.com\/s\/sh7g8fc09yljzt2\/Disserta%C3%A7%C3%A3o%20Viviane%20Duarte%2009%20de%20setembro%20vers%C3%A3o%20corrigida.pdf?dl=0\">Desenvolvimento de nanocomp\u00f3sitos de matriz polim\u00e9rica biodegrad\u00e1vel a base de agar refor\u00e7ados com nanofillers de di\u00f3xido de tit\u00e2nio ou hidroxiapatita<\/a><\/li>\n<\/ul>\n<p><strong>Prepara\u00e7\u00e3o e Caracteriza\u00e7\u00e3o de Filmes Finos Eletrocr\u00f4micos sol-gel Mo03<\/strong><\/p>\n<ul>\n<li>AUTOR: Jos\u00e9 Carlos Bernedo Alcazar<\/li>\n<li>ORIENTADOR: C\u00e9sar Ant\u00f4nio Oropesa Avellaneda<\/li>\n<li>DATA:\u00a002\/09\/2013<\/li>\n<li>ACESSE A DISSERTA\u00c7\u00c3O: <a href=\"https:\/\/www.dropbox.com\/s\/jlydmckbnwuafkc\/alcazar_FINAL_22a_09_08_2013_Disertacao_MoO3.pdf?dl=0\">Prepara\u00e7\u00e3o e Caracteriza\u00e7\u00e3o de Filmes Finos Eletrocr\u00f4micos sol-gel Mo03<\/a><\/li>\n<\/ul>\n<p><strong>Investiga\u00e7\u00e3o experimental das transi\u00e7\u00f5es de fase do aluminato de c\u00e1lcio e suas caracter\u00edsticas \u00f3ticas e estruturais<\/strong><\/p>\n<ul>\n<li>AUTOR: Faili Cintia Tomsen Veiga<\/li>\n<li>ORIENTADOR: Sergio da Silva Cava<\/li>\n<li>DATA:\u00a011\/07\/2013<\/li>\n<li>ACESSE A DISSERTA\u00c7\u00c3O: <a href=\"https:\/\/www.dropbox.com\/s\/p9vxt9kxwclvxxw\/Faili_cintia_2013_DISSERTACAO_corrigida_FINAL_1.pdf?dl=0\">Investiga\u00e7\u00e3o experimental das transi\u00e7\u00f5es de fase do aluminato de c\u00e1lcio e suas caracter\u00edsticas \u00f3ticas e estruturais<\/a><\/li>\n<\/ul>\n<p><strong>Sele\u00e7\u00e3o de solventes para uni\u00e3o de materiais polim\u00e9ricos: modelamento te\u00f3rico e aplica\u00e7\u00e3o<\/strong><\/p>\n<ul>\n<li>AUTOR: Juliano Hamerski<\/li>\n<li>ORIENTADOR: Fabr\u00edcio Aulo Ogliari<\/li>\n<li>DATA:\u00a011\/07\/2013<\/li>\n<li>ACESSE A DISSERTA\u00c7\u00c3O: <a href=\"https:\/\/www.dropbox.com\/s\/1yrkrj59awkrp4i\/juliano_Sele%C3%A7%C3%A3o%20de%20solventes%20para%20uni%C3%A3o%20de%20materiais%20polim%C3%A9ricos%20modelamento%20te%C3%B3rico%20e%20aplica%C3%A7%C3%A3o.pdf?dl=0\">Sele\u00e7\u00e3o de solventes para uni\u00e3o de materiais polim\u00e9ricos: modelamento te\u00f3rico e aplica\u00e7\u00e3o<\/a><\/li>\n<\/ul>\n<p><strong>Refor\u00e7o de comp\u00f3sitos ciment\u00edcios aditivados com fibras de eucalipto e de pinus, puras e com TEOS<\/strong><\/p>\n<ul>\n<li>AUTOR: Alessandra Buss Tessaro<\/li>\n<li>ORIENTADOR: Margarete Regina Freitas Gon\u00e7alves<\/li>\n<li>DATA:\u00a022\/03\/2013<\/li>\n<li>ACESSE A DISSERTA\u00c7\u00c3O: <a href=\"https:\/\/www.dropbox.com\/s\/9r5u6k9p1qab31j\/Alessandra%20Tessaro%20Final-%20Mestrado%20UFPel.docx.pdf?dl=0\">Refor\u00e7o de comp\u00f3sitos ciment\u00edcios aditivados com fibras de eucalipto e de pinus, puras e com TEOS<\/a><\/li>\n<\/ul>\n<p><strong><a href=\"https:\/\/www.dropbox.com\/s\/qs8mn9v2x8nzksf\/Carlos%20Francisco%20Veiga%20Barbosa.pdf?dl=0\">Eletr\u00f3litos polim\u00e9ricos a base de \u00e1gar e nanopart\u00edculas de NiO<\/a><\/strong><\/p>\n<ul>\n<li>AUTOR:\u00a0Carlos Francisco Veiga Barbosa<\/li>\n<li>ORIENTADOR: C\u00e9sar Ant\u00f4nio Oropesa Avellaneda<\/li>\n<li>DATA:\u00a005\/03\/2013<\/li>\n<li>ACESSE A DISSERTA\u00c7\u00c3O: <strong><a href=\"https:\/\/www.dropbox.com\/s\/qs8mn9v2x8nzksf\/Carlos%20Francisco%20Veiga%20Barbosa.pdf?dl=0\">Eletr\u00f3litos polim\u00e9ricos a base de \u00e1gar e nanopart\u00edculas de NiO<\/a><\/strong><\/li>\n<\/ul>\n","protected":false},"excerpt":{"rendered":"<p>Propriedades eletrocr\u00f4micas de filmes finos de WO3, WO3:Li+ e WO3:Li+:TiO2\u00a0 AUTOR: Caroline Schneider Lopes ORIENTADOR: C\u00e9sar Ant\u00f4nio Oropesa Avellaneda DATA:\u00a020\/12\/2013 ACESSE A DISSERTA\u00c7\u00c3O: Propriedades eletrocr\u00f4micas de filmes finos de WO3, WO3:Li+ e WO3:Li+:TiO2 Avalia\u00e7\u00e3o da incorpora\u00e7\u00e3o de lodo de esta\u00e7\u00e3o de tratamento de esgoto como mat\u00e9ria-prima na produ\u00e7\u00e3o de materiais cer\u00e2micos AUTOR: Eduardo Echevengu\u00e1 Barcellos [&hellip;]<\/p>\n","protected":false},"author":370,"featured_media":0,"parent":490,"menu_order":2,"comment_status":"closed","ping_status":"closed","template":"","meta":{"jetpack_post_was_ever_published":false,"footnotes":""},"class_list":["post-176","page","type-page","status-publish","hentry"],"yoast_head":"<!-- This site is optimized with the Yoast SEO plugin v26.7 - https:\/\/yoast.com\/wordpress\/plugins\/seo\/ -->\n<title>2013 &#8211; Programa de P\u00f3s-Gradua\u00e7\u00e3o em Ci\u00eancia e Engenharia de Materiais<\/title>\n<meta name=\"robots\" content=\"index, follow, max-snippet:-1, max-image-preview:large, max-video-preview:-1\" \/>\n<link rel=\"canonical\" href=\"https:\/\/wp.ufpel.edu.br\/ppgcem\/pt\/dissertacoes-e-teses\/dissertacoes\/2013-2\/\" \/>\n<meta property=\"og:locale\" content=\"pt_BR\" \/>\n<meta property=\"og:type\" content=\"article\" \/>\n<meta property=\"og:title\" content=\"2013 &#8211; Programa de P\u00f3s-Gradua\u00e7\u00e3o em Ci\u00eancia e Engenharia de Materiais\" \/>\n<meta property=\"og:description\" content=\"Propriedades eletrocr\u00f4micas de filmes finos de WO3, WO3:Li+ e WO3:Li+:TiO2\u00a0 AUTOR: Caroline Schneider Lopes ORIENTADOR: C\u00e9sar Ant\u00f4nio Oropesa Avellaneda DATA:\u00a020\/12\/2013 ACESSE A DISSERTA\u00c7\u00c3O: Propriedades eletrocr\u00f4micas de filmes finos de WO3, WO3:Li+ e WO3:Li+:TiO2 Avalia\u00e7\u00e3o da incorpora\u00e7\u00e3o de lodo de esta\u00e7\u00e3o de tratamento de esgoto como mat\u00e9ria-prima na produ\u00e7\u00e3o de materiais cer\u00e2micos AUTOR: Eduardo Echevengu\u00e1 Barcellos [&hellip;]\" \/>\n<meta property=\"og:url\" content=\"https:\/\/wp.ufpel.edu.br\/ppgcem\/pt\/dissertacoes-e-teses\/dissertacoes\/2013-2\/\" \/>\n<meta property=\"og:site_name\" content=\"Programa de P\u00f3s-Gradua\u00e7\u00e3o em Ci\u00eancia e Engenharia de Materiais\" \/>\n<meta property=\"article:modified_time\" content=\"2016-02-17T16:22:14+00:00\" \/>\n<meta name=\"twitter:card\" content=\"summary_large_image\" \/>\n<meta name=\"twitter:label1\" content=\"Est. tempo de leitura\" \/>\n\t<meta name=\"twitter:data1\" content=\"3 minutos\" \/>\n<script type=\"application\/ld+json\" class=\"yoast-schema-graph\">{\"@context\":\"https:\/\/schema.org\",\"@graph\":[{\"@type\":\"WebPage\",\"@id\":\"https:\/\/wp.ufpel.edu.br\/ppgcem\/pt\/dissertacoes-e-teses\/dissertacoes\/2013-2\/\",\"url\":\"https:\/\/wp.ufpel.edu.br\/ppgcem\/pt\/dissertacoes-e-teses\/dissertacoes\/2013-2\/\",\"name\":\"2013 &#8211; Programa de P\u00f3s-Gradua\u00e7\u00e3o em Ci\u00eancia e Engenharia de Materiais\",\"isPartOf\":{\"@id\":\"https:\/\/wp.ufpel.edu.br\/ppgcem\/pt\/#website\"},\"datePublished\":\"2014-10-14T18:22:39+00:00\",\"dateModified\":\"2016-02-17T16:22:14+00:00\",\"breadcrumb\":{\"@id\":\"https:\/\/wp.ufpel.edu.br\/ppgcem\/pt\/dissertacoes-e-teses\/dissertacoes\/2013-2\/#breadcrumb\"},\"inLanguage\":\"pt-BR\",\"potentialAction\":[{\"@type\":\"ReadAction\",\"target\":[\"https:\/\/wp.ufpel.edu.br\/ppgcem\/pt\/dissertacoes-e-teses\/dissertacoes\/2013-2\/\"]}]},{\"@type\":\"BreadcrumbList\",\"@id\":\"https:\/\/wp.ufpel.edu.br\/ppgcem\/pt\/dissertacoes-e-teses\/dissertacoes\/2013-2\/#breadcrumb\",\"itemListElement\":[{\"@type\":\"ListItem\",\"position\":1,\"name\":\"In\u00edcio\",\"item\":\"https:\/\/wp.ufpel.edu.br\/ppgcem\/pt\/\"},{\"@type\":\"ListItem\",\"position\":2,\"name\":\"Disserta\u00e7\u00f5es e Teses\",\"item\":\"https:\/\/wp.ufpel.edu.br\/ppgcem\/pt\/dissertacoes-e-teses\/\"},{\"@type\":\"ListItem\",\"position\":3,\"name\":\"Disserta\u00e7\u00f5es\",\"item\":\"https:\/\/wp.ufpel.edu.br\/ppgcem\/pt\/dissertacoes-e-teses\/dissertacoes\/\"},{\"@type\":\"ListItem\",\"position\":4,\"name\":\"2013\"}]},{\"@type\":\"WebSite\",\"@id\":\"https:\/\/wp.ufpel.edu.br\/ppgcem\/pt\/#website\",\"url\":\"https:\/\/wp.ufpel.edu.br\/ppgcem\/pt\/\",\"name\":\"Programa de P\u00f3s-Gradua\u00e7\u00e3o em Ci\u00eancia e Engenharia de Materiais\",\"description\":\"\",\"potentialAction\":[{\"@type\":\"SearchAction\",\"target\":{\"@type\":\"EntryPoint\",\"urlTemplate\":\"https:\/\/wp.ufpel.edu.br\/ppgcem\/pt\/?s={search_term_string}\"},\"query-input\":{\"@type\":\"PropertyValueSpecification\",\"valueRequired\":true,\"valueName\":\"search_term_string\"}}],\"inLanguage\":\"pt-BR\"}]}<\/script>\n<!-- \/ Yoast SEO plugin. -->","yoast_head_json":{"title":"2013 &#8211; Programa de P\u00f3s-Gradua\u00e7\u00e3o em Ci\u00eancia e Engenharia de Materiais","robots":{"index":"index","follow":"follow","max-snippet":"max-snippet:-1","max-image-preview":"max-image-preview:large","max-video-preview":"max-video-preview:-1"},"canonical":"https:\/\/wp.ufpel.edu.br\/ppgcem\/pt\/dissertacoes-e-teses\/dissertacoes\/2013-2\/","og_locale":"pt_BR","og_type":"article","og_title":"2013 &#8211; Programa de P\u00f3s-Gradua\u00e7\u00e3o em Ci\u00eancia e Engenharia de Materiais","og_description":"Propriedades eletrocr\u00f4micas de filmes finos de WO3, WO3:Li+ e WO3:Li+:TiO2\u00a0 AUTOR: Caroline Schneider Lopes ORIENTADOR: C\u00e9sar Ant\u00f4nio Oropesa Avellaneda DATA:\u00a020\/12\/2013 ACESSE A DISSERTA\u00c7\u00c3O: Propriedades eletrocr\u00f4micas de filmes finos de WO3, WO3:Li+ e WO3:Li+:TiO2 Avalia\u00e7\u00e3o da incorpora\u00e7\u00e3o de lodo de esta\u00e7\u00e3o de tratamento de esgoto como mat\u00e9ria-prima na produ\u00e7\u00e3o de materiais cer\u00e2micos AUTOR: Eduardo Echevengu\u00e1 Barcellos [&hellip;]","og_url":"https:\/\/wp.ufpel.edu.br\/ppgcem\/pt\/dissertacoes-e-teses\/dissertacoes\/2013-2\/","og_site_name":"Programa de P\u00f3s-Gradua\u00e7\u00e3o em Ci\u00eancia e Engenharia de Materiais","article_modified_time":"2016-02-17T16:22:14+00:00","twitter_card":"summary_large_image","twitter_misc":{"Est. tempo de leitura":"3 minutos"},"schema":{"@context":"https:\/\/schema.org","@graph":[{"@type":"WebPage","@id":"https:\/\/wp.ufpel.edu.br\/ppgcem\/pt\/dissertacoes-e-teses\/dissertacoes\/2013-2\/","url":"https:\/\/wp.ufpel.edu.br\/ppgcem\/pt\/dissertacoes-e-teses\/dissertacoes\/2013-2\/","name":"2013 &#8211; Programa de P\u00f3s-Gradua\u00e7\u00e3o em Ci\u00eancia e Engenharia de Materiais","isPartOf":{"@id":"https:\/\/wp.ufpel.edu.br\/ppgcem\/pt\/#website"},"datePublished":"2014-10-14T18:22:39+00:00","dateModified":"2016-02-17T16:22:14+00:00","breadcrumb":{"@id":"https:\/\/wp.ufpel.edu.br\/ppgcem\/pt\/dissertacoes-e-teses\/dissertacoes\/2013-2\/#breadcrumb"},"inLanguage":"pt-BR","potentialAction":[{"@type":"ReadAction","target":["https:\/\/wp.ufpel.edu.br\/ppgcem\/pt\/dissertacoes-e-teses\/dissertacoes\/2013-2\/"]}]},{"@type":"BreadcrumbList","@id":"https:\/\/wp.ufpel.edu.br\/ppgcem\/pt\/dissertacoes-e-teses\/dissertacoes\/2013-2\/#breadcrumb","itemListElement":[{"@type":"ListItem","position":1,"name":"In\u00edcio","item":"https:\/\/wp.ufpel.edu.br\/ppgcem\/pt\/"},{"@type":"ListItem","position":2,"name":"Disserta\u00e7\u00f5es e Teses","item":"https:\/\/wp.ufpel.edu.br\/ppgcem\/pt\/dissertacoes-e-teses\/"},{"@type":"ListItem","position":3,"name":"Disserta\u00e7\u00f5es","item":"https:\/\/wp.ufpel.edu.br\/ppgcem\/pt\/dissertacoes-e-teses\/dissertacoes\/"},{"@type":"ListItem","position":4,"name":"2013"}]},{"@type":"WebSite","@id":"https:\/\/wp.ufpel.edu.br\/ppgcem\/pt\/#website","url":"https:\/\/wp.ufpel.edu.br\/ppgcem\/pt\/","name":"Programa de P\u00f3s-Gradua\u00e7\u00e3o em Ci\u00eancia e Engenharia de Materiais","description":"","potentialAction":[{"@type":"SearchAction","target":{"@type":"EntryPoint","urlTemplate":"https:\/\/wp.ufpel.edu.br\/ppgcem\/pt\/?s={search_term_string}"},"query-input":{"@type":"PropertyValueSpecification","valueRequired":true,"valueName":"search_term_string"}}],"inLanguage":"pt-BR"}]}},"jetpack_sharing_enabled":true,"jetpack_shortlink":"https:\/\/wp.me\/P8zk0j-2Q","_links":{"self":[{"href":"https:\/\/wp.ufpel.edu.br\/ppgcem\/wp-json\/wp\/v2\/pages\/176","targetHints":{"allow":["GET"]}}],"collection":[{"href":"https:\/\/wp.ufpel.edu.br\/ppgcem\/wp-json\/wp\/v2\/pages"}],"about":[{"href":"https:\/\/wp.ufpel.edu.br\/ppgcem\/wp-json\/wp\/v2\/types\/page"}],"author":[{"embeddable":true,"href":"https:\/\/wp.ufpel.edu.br\/ppgcem\/wp-json\/wp\/v2\/users\/370"}],"replies":[{"embeddable":true,"href":"https:\/\/wp.ufpel.edu.br\/ppgcem\/wp-json\/wp\/v2\/comments?post=176"}],"version-history":[{"count":7,"href":"https:\/\/wp.ufpel.edu.br\/ppgcem\/wp-json\/wp\/v2\/pages\/176\/revisions"}],"predecessor-version":[{"id":803,"href":"https:\/\/wp.ufpel.edu.br\/ppgcem\/wp-json\/wp\/v2\/pages\/176\/revisions\/803"}],"up":[{"embeddable":true,"href":"https:\/\/wp.ufpel.edu.br\/ppgcem\/wp-json\/wp\/v2\/pages\/490"}],"wp:attachment":[{"href":"https:\/\/wp.ufpel.edu.br\/ppgcem\/wp-json\/wp\/v2\/media?parent=176"}],"curies":[{"name":"wp","href":"https:\/\/api.w.org\/{rel}","templated":true}]}}