{"id":1749,"date":"2017-04-20T17:20:38","date_gmt":"2017-04-20T20:20:38","guid":{"rendered":"https:\/\/wp.ufpel.edu.br\/ppgcem\/?page_id=1749"},"modified":"2025-03-17T16:35:20","modified_gmt":"2025-03-17T19:35:20","slug":"2017-2","status":"publish","type":"page","link":"https:\/\/wp.ufpel.edu.br\/ppgcem\/dissertacoes-e-teses\/teses\/2017-2\/","title":{"rendered":"2017"},"content":{"rendered":"<table style=\"height: 786px;\" width=\"700\">\n<tbody>\n<tr style=\"height: 90px;\">\n<td style=\"height: 90px;\" width=\"337\">\n<h4><strong>Tese (clique para acessar o arquivo)<\/strong><\/h4>\n<\/td>\n<td style=\"height: 90px;\" width=\"220\">\n<h4><strong>Nome do Aluno<\/strong><\/h4>\n<\/td>\n<td style=\"height: 90px;\" width=\"220\">\n<h4><strong>Nome do Orientador<\/strong><\/h4>\n<\/td>\n<td style=\"height: 90px;\" width=\"124\">\n<h4><strong>Data da Defesa<\/strong><\/h4>\n<\/td>\n<\/tr>\n<tr style=\"height: 72px;\">\n<td style=\"height: 72px;\" width=\"337\"><a href=\"https:\/\/drive.google.com\/open?id=1a6V7o7kB3Da7IK5qMc_zuv3xvxp1DUW8\">Obten\u00e7\u00e3o de um novo pigmento a partir de um res\u00edduo agroindustrial<\/a><\/td>\n<td style=\"height: 72px;\" width=\"220\">SUELEN RODRIGUES ALMEIDA<\/td>\n<td style=\"height: 72px;\" width=\"220\"><\/td>\n<td style=\"height: 72px;\" width=\"124\">15\/12\/2017<\/td>\n<\/tr>\n<tr style=\"height: 96px;\">\n<td style=\"height: 96px;\" width=\"337\"><a href=\"https:\/\/drive.google.com\/open?id=1Sai9CJc1aXsTuv1C8SPJGwCZd933clRP\">Influ\u00eancia do tipo de solvente e da temperatura no processo de rotofia\u00e7\u00e3o de fibras de poliestireno<\/a><\/td>\n<td style=\"height: 96px;\" width=\"220\">GUILHERME DUARTE DE BARROS<\/td>\n<td style=\"height: 96px;\" width=\"220\"><\/td>\n<td style=\"height: 96px;\" width=\"124\">12\/12\/2017<\/td>\n<\/tr>\n<tr style=\"height: 120px;\">\n<td style=\"height: 120px;\" width=\"337\"><a href=\"https:\/\/drive.google.com\/open?id=15xl48KYy0q1Z5PBYKq1BhVwfAkYvsbYp\">Influ\u00eancia da inser\u00e7\u00e3o dos \u00edons Bi3+, La3+, Fe3+ e Mn3+ na distor\u00e7\u00e3o da rede cristalina, redu\u00e7\u00e3o do bandgap e efeito fotovoltaico do KNbO3<\/a><\/td>\n<td style=\"height: 120px;\" width=\"220\">CAROLINA ELICKER<\/td>\n<td style=\"height: 120px;\" width=\"220\"><\/td>\n<td style=\"height: 120px;\" width=\"124\">01\/12\/2017<\/td>\n<\/tr>\n<tr style=\"height: 72px;\">\n<td style=\"height: 72px;\" width=\"337\"><a href=\"https:\/\/drive.google.com\/open?id=1Lo1TxTX-FSGx0E-iPgI2qw3oo0oP97rq\">Sistema de libera\u00e7\u00e3o de f\u00e1rmaco a base de membranas de celulose nanocristalina<\/a><\/td>\n<td style=\"height: 72px;\" width=\"220\">ANANDA MORAIS BARBOSA<\/td>\n<td style=\"height: 72px;\" width=\"220\"><\/td>\n<td style=\"height: 72px;\" width=\"124\">23\/10\/2017<\/td>\n<\/tr>\n<tr style=\"height: 120px;\">\n<td style=\"height: 120px;\" width=\"337\"><a href=\"https:\/\/drive.google.com\/open?id=1LfQjRjisZG4Rf94MFsBTKjvOTWs_ROtv\">S\u00edntese e Caracteriza\u00e7\u00e3o de ZnO Nanoparticulado e Avalia\u00e7\u00e3o do Efeito Fotocatal\u00edtico Para Aplica\u00e7\u00e3o na Preserva\u00e7\u00e3o da Madeira.<\/a><\/td>\n<td style=\"height: 120px;\" width=\"220\">MATHEUS LEMOS DE PERES<\/td>\n<td style=\"height: 120px;\" width=\"220\"><\/td>\n<td style=\"height: 120px;\" width=\"124\">26\/06\/2017<\/td>\n<\/tr>\n<tr style=\"height: 96px;\">\n<td style=\"height: 96px;\" width=\"337\"><a href=\"https:\/\/drive.google.com\/open?id=1MWlg7LxFSiFWgwpFsxIv8IK22zyv4BK4\">S\u00edntese qu\u00edmica de materiais a base de zirconato de c\u00e1lcio para c\u00e9lulas a combust\u00edvel de \u00f3xido s\u00f3lido (SOFC<\/a>)<\/td>\n<td style=\"height: 96px;\" width=\"220\">BRUNO MULLER VIEIRA<\/td>\n<td style=\"height: 96px;\" width=\"220\"><\/td>\n<td style=\"height: 96px;\" width=\"124\">28\/04\/2017<\/td>\n<\/tr>\n<tr style=\"height: 120px;\">\n<td style=\"height: 120px;\" width=\"337\"><a href=\"https:\/\/drive.google.com\/open?id=1qb8SXUZ-EoD1MlR5K9UISvkVC8r8DCYy\">Influ\u00eancia da substiuti\u00e7\u00e3o parcial de areia por argilas organof\u00edlicas nas propriedades f\u00edsicas e mec\u00e2nicas de comp\u00f3sitos de cimento.<\/a><\/td>\n<td style=\"height: 120px;\" width=\"220\">ALESSANDRA BUSS TESSARO<\/td>\n<td style=\"height: 120px;\" width=\"220\"><\/td>\n<td style=\"height: 120px;\" width=\"124\">19\/04\/2017<\/td>\n<\/tr>\n<\/tbody>\n<\/table>\n<p>&nbsp;<\/p>\n","protected":false},"excerpt":{"rendered":"<p>Tese (clique para acessar o arquivo) Nome do Aluno Nome do Orientador Data da Defesa Obten\u00e7\u00e3o de um novo pigmento a partir de um res\u00edduo agroindustrial SUELEN RODRIGUES ALMEIDA 15\/12\/2017 Influ\u00eancia do tipo de solvente e da temperatura no processo de rotofia\u00e7\u00e3o de fibras de poliestireno GUILHERME DUARTE DE BARROS 12\/12\/2017 Influ\u00eancia da inser\u00e7\u00e3o dos [&hellip;]<\/p>\n","protected":false},"author":370,"featured_media":0,"parent":1741,"menu_order":-1,"comment_status":"closed","ping_status":"closed","template":"","meta":{"jetpack_post_was_ever_published":false,"footnotes":""},"class_list":["post-1749","page","type-page","status-publish","hentry"],"yoast_head":"<!-- This site is optimized with the Yoast SEO plugin v26.7 - https:\/\/yoast.com\/wordpress\/plugins\/seo\/ -->\n<title>2017 &#8211; Programa de P\u00f3s-Gradua\u00e7\u00e3o em Ci\u00eancia e Engenharia de Materiais<\/title>\n<meta name=\"robots\" content=\"index, follow, max-snippet:-1, max-image-preview:large, max-video-preview:-1\" \/>\n<link rel=\"canonical\" href=\"https:\/\/wp.ufpel.edu.br\/ppgcem\/pt\/dissertacoes-e-teses\/teses\/2017-2\/\" \/>\n<meta property=\"og:locale\" content=\"pt_BR\" \/>\n<meta property=\"og:type\" content=\"article\" \/>\n<meta property=\"og:title\" content=\"2017 &#8211; Programa de P\u00f3s-Gradua\u00e7\u00e3o em Ci\u00eancia e Engenharia de Materiais\" \/>\n<meta property=\"og:description\" content=\"Tese (clique para acessar o arquivo) Nome do Aluno Nome do Orientador Data da Defesa Obten\u00e7\u00e3o de um novo pigmento a partir de um res\u00edduo agroindustrial SUELEN RODRIGUES ALMEIDA 15\/12\/2017 Influ\u00eancia do tipo de solvente e da temperatura no processo de rotofia\u00e7\u00e3o de fibras de poliestireno GUILHERME DUARTE DE BARROS 12\/12\/2017 Influ\u00eancia da inser\u00e7\u00e3o dos [&hellip;]\" \/>\n<meta property=\"og:url\" content=\"https:\/\/wp.ufpel.edu.br\/ppgcem\/pt\/dissertacoes-e-teses\/teses\/2017-2\/\" \/>\n<meta property=\"og:site_name\" content=\"Programa de P\u00f3s-Gradua\u00e7\u00e3o em Ci\u00eancia e Engenharia de Materiais\" \/>\n<meta property=\"article:modified_time\" content=\"2025-03-17T19:35:20+00:00\" \/>\n<meta name=\"twitter:card\" content=\"summary_large_image\" \/>\n<meta name=\"twitter:label1\" content=\"Est. tempo de leitura\" \/>\n\t<meta name=\"twitter:data1\" content=\"1 minuto\" \/>\n<script type=\"application\/ld+json\" class=\"yoast-schema-graph\">{\"@context\":\"https:\/\/schema.org\",\"@graph\":[{\"@type\":\"WebPage\",\"@id\":\"https:\/\/wp.ufpel.edu.br\/ppgcem\/pt\/dissertacoes-e-teses\/teses\/2017-2\/\",\"url\":\"https:\/\/wp.ufpel.edu.br\/ppgcem\/pt\/dissertacoes-e-teses\/teses\/2017-2\/\",\"name\":\"2017 &#8211; Programa de P\u00f3s-Gradua\u00e7\u00e3o em Ci\u00eancia e Engenharia de Materiais\",\"isPartOf\":{\"@id\":\"https:\/\/wp.ufpel.edu.br\/ppgcem\/pt\/#website\"},\"datePublished\":\"2017-04-20T20:20:38+00:00\",\"dateModified\":\"2025-03-17T19:35:20+00:00\",\"breadcrumb\":{\"@id\":\"https:\/\/wp.ufpel.edu.br\/ppgcem\/pt\/dissertacoes-e-teses\/teses\/2017-2\/#breadcrumb\"},\"inLanguage\":\"pt-BR\",\"potentialAction\":[{\"@type\":\"ReadAction\",\"target\":[\"https:\/\/wp.ufpel.edu.br\/ppgcem\/pt\/dissertacoes-e-teses\/teses\/2017-2\/\"]}]},{\"@type\":\"BreadcrumbList\",\"@id\":\"https:\/\/wp.ufpel.edu.br\/ppgcem\/pt\/dissertacoes-e-teses\/teses\/2017-2\/#breadcrumb\",\"itemListElement\":[{\"@type\":\"ListItem\",\"position\":1,\"name\":\"In\u00edcio\",\"item\":\"https:\/\/wp.ufpel.edu.br\/ppgcem\/pt\/\"},{\"@type\":\"ListItem\",\"position\":2,\"name\":\"Disserta\u00e7\u00f5es e Teses\",\"item\":\"https:\/\/wp.ufpel.edu.br\/ppgcem\/pt\/dissertacoes-e-teses\/\"},{\"@type\":\"ListItem\",\"position\":3,\"name\":\"Teses\",\"item\":\"https:\/\/wp.ufpel.edu.br\/ppgcem\/pt\/dissertacoes-e-teses\/teses\/\"},{\"@type\":\"ListItem\",\"position\":4,\"name\":\"2017\"}]},{\"@type\":\"WebSite\",\"@id\":\"https:\/\/wp.ufpel.edu.br\/ppgcem\/pt\/#website\",\"url\":\"https:\/\/wp.ufpel.edu.br\/ppgcem\/pt\/\",\"name\":\"Programa de P\u00f3s-Gradua\u00e7\u00e3o em Ci\u00eancia e Engenharia de Materiais\",\"description\":\"\",\"potentialAction\":[{\"@type\":\"SearchAction\",\"target\":{\"@type\":\"EntryPoint\",\"urlTemplate\":\"https:\/\/wp.ufpel.edu.br\/ppgcem\/pt\/?s={search_term_string}\"},\"query-input\":{\"@type\":\"PropertyValueSpecification\",\"valueRequired\":true,\"valueName\":\"search_term_string\"}}],\"inLanguage\":\"pt-BR\"}]}<\/script>\n<!-- \/ Yoast SEO plugin. -->","yoast_head_json":{"title":"2017 &#8211; Programa de P\u00f3s-Gradua\u00e7\u00e3o em Ci\u00eancia e Engenharia de Materiais","robots":{"index":"index","follow":"follow","max-snippet":"max-snippet:-1","max-image-preview":"max-image-preview:large","max-video-preview":"max-video-preview:-1"},"canonical":"https:\/\/wp.ufpel.edu.br\/ppgcem\/pt\/dissertacoes-e-teses\/teses\/2017-2\/","og_locale":"pt_BR","og_type":"article","og_title":"2017 &#8211; Programa de P\u00f3s-Gradua\u00e7\u00e3o em Ci\u00eancia e Engenharia de Materiais","og_description":"Tese (clique para acessar o arquivo) Nome do Aluno Nome do Orientador Data da Defesa Obten\u00e7\u00e3o de um novo pigmento a partir de um res\u00edduo agroindustrial SUELEN RODRIGUES ALMEIDA 15\/12\/2017 Influ\u00eancia do tipo de solvente e da temperatura no processo de rotofia\u00e7\u00e3o de fibras de poliestireno GUILHERME DUARTE DE BARROS 12\/12\/2017 Influ\u00eancia da inser\u00e7\u00e3o dos [&hellip;]","og_url":"https:\/\/wp.ufpel.edu.br\/ppgcem\/pt\/dissertacoes-e-teses\/teses\/2017-2\/","og_site_name":"Programa de P\u00f3s-Gradua\u00e7\u00e3o em Ci\u00eancia e Engenharia de Materiais","article_modified_time":"2025-03-17T19:35:20+00:00","twitter_card":"summary_large_image","twitter_misc":{"Est. tempo de leitura":"1 minuto"},"schema":{"@context":"https:\/\/schema.org","@graph":[{"@type":"WebPage","@id":"https:\/\/wp.ufpel.edu.br\/ppgcem\/pt\/dissertacoes-e-teses\/teses\/2017-2\/","url":"https:\/\/wp.ufpel.edu.br\/ppgcem\/pt\/dissertacoes-e-teses\/teses\/2017-2\/","name":"2017 &#8211; Programa de P\u00f3s-Gradua\u00e7\u00e3o em Ci\u00eancia e Engenharia de Materiais","isPartOf":{"@id":"https:\/\/wp.ufpel.edu.br\/ppgcem\/pt\/#website"},"datePublished":"2017-04-20T20:20:38+00:00","dateModified":"2025-03-17T19:35:20+00:00","breadcrumb":{"@id":"https:\/\/wp.ufpel.edu.br\/ppgcem\/pt\/dissertacoes-e-teses\/teses\/2017-2\/#breadcrumb"},"inLanguage":"pt-BR","potentialAction":[{"@type":"ReadAction","target":["https:\/\/wp.ufpel.edu.br\/ppgcem\/pt\/dissertacoes-e-teses\/teses\/2017-2\/"]}]},{"@type":"BreadcrumbList","@id":"https:\/\/wp.ufpel.edu.br\/ppgcem\/pt\/dissertacoes-e-teses\/teses\/2017-2\/#breadcrumb","itemListElement":[{"@type":"ListItem","position":1,"name":"In\u00edcio","item":"https:\/\/wp.ufpel.edu.br\/ppgcem\/pt\/"},{"@type":"ListItem","position":2,"name":"Disserta\u00e7\u00f5es e Teses","item":"https:\/\/wp.ufpel.edu.br\/ppgcem\/pt\/dissertacoes-e-teses\/"},{"@type":"ListItem","position":3,"name":"Teses","item":"https:\/\/wp.ufpel.edu.br\/ppgcem\/pt\/dissertacoes-e-teses\/teses\/"},{"@type":"ListItem","position":4,"name":"2017"}]},{"@type":"WebSite","@id":"https:\/\/wp.ufpel.edu.br\/ppgcem\/pt\/#website","url":"https:\/\/wp.ufpel.edu.br\/ppgcem\/pt\/","name":"Programa de P\u00f3s-Gradua\u00e7\u00e3o em Ci\u00eancia e Engenharia de Materiais","description":"","potentialAction":[{"@type":"SearchAction","target":{"@type":"EntryPoint","urlTemplate":"https:\/\/wp.ufpel.edu.br\/ppgcem\/pt\/?s={search_term_string}"},"query-input":{"@type":"PropertyValueSpecification","valueRequired":true,"valueName":"search_term_string"}}],"inLanguage":"pt-BR"}]}},"jetpack_sharing_enabled":true,"jetpack_shortlink":"https:\/\/wp.me\/P8zk0j-sd","_links":{"self":[{"href":"https:\/\/wp.ufpel.edu.br\/ppgcem\/wp-json\/wp\/v2\/pages\/1749","targetHints":{"allow":["GET"]}}],"collection":[{"href":"https:\/\/wp.ufpel.edu.br\/ppgcem\/wp-json\/wp\/v2\/pages"}],"about":[{"href":"https:\/\/wp.ufpel.edu.br\/ppgcem\/wp-json\/wp\/v2\/types\/page"}],"author":[{"embeddable":true,"href":"https:\/\/wp.ufpel.edu.br\/ppgcem\/wp-json\/wp\/v2\/users\/370"}],"replies":[{"embeddable":true,"href":"https:\/\/wp.ufpel.edu.br\/ppgcem\/wp-json\/wp\/v2\/comments?post=1749"}],"version-history":[{"count":7,"href":"https:\/\/wp.ufpel.edu.br\/ppgcem\/wp-json\/wp\/v2\/pages\/1749\/revisions"}],"predecessor-version":[{"id":5057,"href":"https:\/\/wp.ufpel.edu.br\/ppgcem\/wp-json\/wp\/v2\/pages\/1749\/revisions\/5057"}],"up":[{"embeddable":true,"href":"https:\/\/wp.ufpel.edu.br\/ppgcem\/wp-json\/wp\/v2\/pages\/1741"}],"wp:attachment":[{"href":"https:\/\/wp.ufpel.edu.br\/ppgcem\/wp-json\/wp\/v2\/media?parent=1749"}],"curies":[{"name":"wp","href":"https:\/\/api.w.org\/{rel}","templated":true}]}}