{"id":171,"date":"2014-10-14T15:09:41","date_gmt":"2014-10-14T18:09:41","guid":{"rendered":"https:\/\/wp.ufpel.edu.br\/ppgcem\/?page_id=171"},"modified":"2015-07-02T19:12:39","modified_gmt":"2015-07-02T22:12:39","slug":"2012-2","status":"publish","type":"page","link":"https:\/\/wp.ufpel.edu.br\/ppgcem\/dissertacoes-e-teses\/dissertacoes\/2012-2\/","title":{"rendered":"2012"},"content":{"rendered":"<p><strong>Filmes finos de Nb2O5, Nb2O5:Li+ e Nb2O5:Li+:V2O5 preparados pelo processo sol-gel<\/strong><\/p>\n<ul>\n<li>AUTOR: Gustavo Fabro de Azevedo<\/li>\n<li>ORIENTADOR: C\u00e9sar Ant\u00f4nio Oropesa Avellaneda<\/li>\n<li>DATA:\u00a021\/12\/2012<\/li>\n<\/ul>\n<p><strong>Propriedades tecnol\u00f3gicas da madeira termorretificada de tr\u00eas esp\u00e9cies de<\/strong> <em>Eucalyptus<\/em><\/p>\n<ul>\n<li>AUTOR:\u00a0Pedro Henrique Gonzalez de Cademartori<\/li>\n<li>ORIENTADOR: Darci Alberto Gatto<\/li>\n<li>DATA:\u00a017\/12\/2012<\/li>\n<\/ul>\n<p><strong>Influ\u00eancia de tratamentos aplicados em serragem de<\/strong> <em>Pinus elliottii<\/em> <strong>nas propriedades f\u00edsicas e mec\u00e2nicas de comp\u00f3sitos cimento-madeira<\/strong><\/p>\n<ul>\n<li>\u00a0AUTOR: Thiara Moura dos Santos<\/li>\n<li>ORIENTADOR: M\u00f4nica Regina Garcez<\/li>\n<li>DATA: 04\/12\/2012<\/li>\n<\/ul>\n<p><strong>Casquilhos \u00e0 base de prata para aplica\u00e7\u00e3o em motores veiculares \u00e0 combust\u00e3o interna<\/strong><\/p>\n<ul>\n<li>AUTOR: Jos\u00e9 Artur Ramos da Silva<\/li>\n<li>ORIENTADOR: Sergio da Silva Cava<\/li>\n<li>DATA:\u00a026\/10\/2012<\/li>\n<\/ul>\n<p><strong>S\u00edntese do bioquerosene derivado da am\u00eandoa da semente do buti\u00e1<\/strong><\/p>\n<ul>\n<li>AUTOR: Bruno M\u00fcller Vieira<\/li>\n<li>ORIENTADOR: Claudio Martin Pereira de Pereira<\/li>\n<li>DATA:\u00a028\/09\/2012<\/li>\n<\/ul>\n<p><strong>Obten\u00e7\u00e3o de alumina porosa por meio de r\u00e9plica de fibras org\u00e2nicas<\/strong><\/p>\n<ul>\n<li>AUTOR: Tiago Delbruck\u00eb<\/li>\n<li>ORIENTADOR: Sergio da Silva Cava<\/li>\n<li>DATA:\u00a020\/04\/2012<\/li>\n<\/ul>\n<p>&nbsp;<\/p>\n","protected":false},"excerpt":{"rendered":"<p>Filmes finos de Nb2O5, Nb2O5:Li+ e Nb2O5:Li+:V2O5 preparados pelo processo sol-gel AUTOR: Gustavo Fabro de Azevedo ORIENTADOR: C\u00e9sar Ant\u00f4nio Oropesa Avellaneda DATA:\u00a021\/12\/2012 Propriedades tecnol\u00f3gicas da madeira termorretificada de tr\u00eas esp\u00e9cies de Eucalyptus AUTOR:\u00a0Pedro Henrique Gonzalez de Cademartori ORIENTADOR: Darci Alberto Gatto DATA:\u00a017\/12\/2012 Influ\u00eancia de tratamentos aplicados em serragem de Pinus elliottii nas propriedades f\u00edsicas e [&hellip;]<\/p>\n","protected":false},"author":370,"featured_media":0,"parent":490,"menu_order":3,"comment_status":"closed","ping_status":"closed","template":"","meta":{"jetpack_post_was_ever_published":false,"footnotes":""},"class_list":["post-171","page","type-page","status-publish","hentry"],"yoast_head":"<!-- This site is optimized with the Yoast SEO plugin v26.7 - https:\/\/yoast.com\/wordpress\/plugins\/seo\/ -->\n<title>2012 &#8211; Programa de P\u00f3s-Gradua\u00e7\u00e3o em Ci\u00eancia e Engenharia de Materiais<\/title>\n<meta name=\"robots\" content=\"index, follow, max-snippet:-1, max-image-preview:large, max-video-preview:-1\" \/>\n<link rel=\"canonical\" href=\"https:\/\/wp.ufpel.edu.br\/ppgcem\/pt\/dissertacoes-e-teses\/dissertacoes\/2012-2\/\" \/>\n<meta property=\"og:locale\" content=\"pt_BR\" \/>\n<meta property=\"og:type\" content=\"article\" \/>\n<meta property=\"og:title\" content=\"2012 &#8211; Programa de P\u00f3s-Gradua\u00e7\u00e3o em Ci\u00eancia e Engenharia de Materiais\" \/>\n<meta property=\"og:description\" content=\"Filmes finos de Nb2O5, Nb2O5:Li+ e Nb2O5:Li+:V2O5 preparados pelo processo sol-gel AUTOR: Gustavo Fabro de Azevedo ORIENTADOR: C\u00e9sar Ant\u00f4nio Oropesa Avellaneda DATA:\u00a021\/12\/2012 Propriedades tecnol\u00f3gicas da madeira termorretificada de tr\u00eas esp\u00e9cies de Eucalyptus AUTOR:\u00a0Pedro Henrique Gonzalez de Cademartori ORIENTADOR: Darci Alberto Gatto DATA:\u00a017\/12\/2012 Influ\u00eancia de tratamentos aplicados em serragem de Pinus elliottii nas propriedades f\u00edsicas e [&hellip;]\" \/>\n<meta property=\"og:url\" content=\"https:\/\/wp.ufpel.edu.br\/ppgcem\/pt\/dissertacoes-e-teses\/dissertacoes\/2012-2\/\" \/>\n<meta property=\"og:site_name\" content=\"Programa de P\u00f3s-Gradua\u00e7\u00e3o em Ci\u00eancia e Engenharia de Materiais\" \/>\n<meta property=\"article:modified_time\" content=\"2015-07-02T22:12:39+00:00\" \/>\n<meta name=\"twitter:card\" content=\"summary_large_image\" \/>\n<meta name=\"twitter:label1\" content=\"Est. tempo de leitura\" \/>\n\t<meta name=\"twitter:data1\" content=\"1 minuto\" \/>\n<script type=\"application\/ld+json\" class=\"yoast-schema-graph\">{\"@context\":\"https:\/\/schema.org\",\"@graph\":[{\"@type\":\"WebPage\",\"@id\":\"https:\/\/wp.ufpel.edu.br\/ppgcem\/pt\/dissertacoes-e-teses\/dissertacoes\/2012-2\/\",\"url\":\"https:\/\/wp.ufpel.edu.br\/ppgcem\/pt\/dissertacoes-e-teses\/dissertacoes\/2012-2\/\",\"name\":\"2012 &#8211; Programa de P\u00f3s-Gradua\u00e7\u00e3o em Ci\u00eancia e Engenharia de Materiais\",\"isPartOf\":{\"@id\":\"https:\/\/wp.ufpel.edu.br\/ppgcem\/pt\/#website\"},\"datePublished\":\"2014-10-14T18:09:41+00:00\",\"dateModified\":\"2015-07-02T22:12:39+00:00\",\"breadcrumb\":{\"@id\":\"https:\/\/wp.ufpel.edu.br\/ppgcem\/pt\/dissertacoes-e-teses\/dissertacoes\/2012-2\/#breadcrumb\"},\"inLanguage\":\"pt-BR\",\"potentialAction\":[{\"@type\":\"ReadAction\",\"target\":[\"https:\/\/wp.ufpel.edu.br\/ppgcem\/pt\/dissertacoes-e-teses\/dissertacoes\/2012-2\/\"]}]},{\"@type\":\"BreadcrumbList\",\"@id\":\"https:\/\/wp.ufpel.edu.br\/ppgcem\/pt\/dissertacoes-e-teses\/dissertacoes\/2012-2\/#breadcrumb\",\"itemListElement\":[{\"@type\":\"ListItem\",\"position\":1,\"name\":\"In\u00edcio\",\"item\":\"https:\/\/wp.ufpel.edu.br\/ppgcem\/pt\/\"},{\"@type\":\"ListItem\",\"position\":2,\"name\":\"Disserta\u00e7\u00f5es e Teses\",\"item\":\"https:\/\/wp.ufpel.edu.br\/ppgcem\/pt\/dissertacoes-e-teses\/\"},{\"@type\":\"ListItem\",\"position\":3,\"name\":\"Disserta\u00e7\u00f5es\",\"item\":\"https:\/\/wp.ufpel.edu.br\/ppgcem\/pt\/dissertacoes-e-teses\/dissertacoes\/\"},{\"@type\":\"ListItem\",\"position\":4,\"name\":\"2012\"}]},{\"@type\":\"WebSite\",\"@id\":\"https:\/\/wp.ufpel.edu.br\/ppgcem\/pt\/#website\",\"url\":\"https:\/\/wp.ufpel.edu.br\/ppgcem\/pt\/\",\"name\":\"Programa de P\u00f3s-Gradua\u00e7\u00e3o em Ci\u00eancia e Engenharia de Materiais\",\"description\":\"\",\"potentialAction\":[{\"@type\":\"SearchAction\",\"target\":{\"@type\":\"EntryPoint\",\"urlTemplate\":\"https:\/\/wp.ufpel.edu.br\/ppgcem\/pt\/?s={search_term_string}\"},\"query-input\":{\"@type\":\"PropertyValueSpecification\",\"valueRequired\":true,\"valueName\":\"search_term_string\"}}],\"inLanguage\":\"pt-BR\"}]}<\/script>\n<!-- \/ Yoast SEO plugin. -->","yoast_head_json":{"title":"2012 &#8211; Programa de P\u00f3s-Gradua\u00e7\u00e3o em Ci\u00eancia e Engenharia de Materiais","robots":{"index":"index","follow":"follow","max-snippet":"max-snippet:-1","max-image-preview":"max-image-preview:large","max-video-preview":"max-video-preview:-1"},"canonical":"https:\/\/wp.ufpel.edu.br\/ppgcem\/pt\/dissertacoes-e-teses\/dissertacoes\/2012-2\/","og_locale":"pt_BR","og_type":"article","og_title":"2012 &#8211; Programa de P\u00f3s-Gradua\u00e7\u00e3o em Ci\u00eancia e Engenharia de Materiais","og_description":"Filmes finos de Nb2O5, Nb2O5:Li+ e Nb2O5:Li+:V2O5 preparados pelo processo sol-gel AUTOR: Gustavo Fabro de Azevedo ORIENTADOR: C\u00e9sar Ant\u00f4nio Oropesa Avellaneda DATA:\u00a021\/12\/2012 Propriedades tecnol\u00f3gicas da madeira termorretificada de tr\u00eas esp\u00e9cies de Eucalyptus AUTOR:\u00a0Pedro Henrique Gonzalez de Cademartori ORIENTADOR: Darci Alberto Gatto DATA:\u00a017\/12\/2012 Influ\u00eancia de tratamentos aplicados em serragem de Pinus elliottii nas propriedades f\u00edsicas e [&hellip;]","og_url":"https:\/\/wp.ufpel.edu.br\/ppgcem\/pt\/dissertacoes-e-teses\/dissertacoes\/2012-2\/","og_site_name":"Programa de P\u00f3s-Gradua\u00e7\u00e3o em Ci\u00eancia e Engenharia de Materiais","article_modified_time":"2015-07-02T22:12:39+00:00","twitter_card":"summary_large_image","twitter_misc":{"Est. tempo de leitura":"1 minuto"},"schema":{"@context":"https:\/\/schema.org","@graph":[{"@type":"WebPage","@id":"https:\/\/wp.ufpel.edu.br\/ppgcem\/pt\/dissertacoes-e-teses\/dissertacoes\/2012-2\/","url":"https:\/\/wp.ufpel.edu.br\/ppgcem\/pt\/dissertacoes-e-teses\/dissertacoes\/2012-2\/","name":"2012 &#8211; Programa de P\u00f3s-Gradua\u00e7\u00e3o em Ci\u00eancia e Engenharia de Materiais","isPartOf":{"@id":"https:\/\/wp.ufpel.edu.br\/ppgcem\/pt\/#website"},"datePublished":"2014-10-14T18:09:41+00:00","dateModified":"2015-07-02T22:12:39+00:00","breadcrumb":{"@id":"https:\/\/wp.ufpel.edu.br\/ppgcem\/pt\/dissertacoes-e-teses\/dissertacoes\/2012-2\/#breadcrumb"},"inLanguage":"pt-BR","potentialAction":[{"@type":"ReadAction","target":["https:\/\/wp.ufpel.edu.br\/ppgcem\/pt\/dissertacoes-e-teses\/dissertacoes\/2012-2\/"]}]},{"@type":"BreadcrumbList","@id":"https:\/\/wp.ufpel.edu.br\/ppgcem\/pt\/dissertacoes-e-teses\/dissertacoes\/2012-2\/#breadcrumb","itemListElement":[{"@type":"ListItem","position":1,"name":"In\u00edcio","item":"https:\/\/wp.ufpel.edu.br\/ppgcem\/pt\/"},{"@type":"ListItem","position":2,"name":"Disserta\u00e7\u00f5es e Teses","item":"https:\/\/wp.ufpel.edu.br\/ppgcem\/pt\/dissertacoes-e-teses\/"},{"@type":"ListItem","position":3,"name":"Disserta\u00e7\u00f5es","item":"https:\/\/wp.ufpel.edu.br\/ppgcem\/pt\/dissertacoes-e-teses\/dissertacoes\/"},{"@type":"ListItem","position":4,"name":"2012"}]},{"@type":"WebSite","@id":"https:\/\/wp.ufpel.edu.br\/ppgcem\/pt\/#website","url":"https:\/\/wp.ufpel.edu.br\/ppgcem\/pt\/","name":"Programa de P\u00f3s-Gradua\u00e7\u00e3o em Ci\u00eancia e Engenharia de Materiais","description":"","potentialAction":[{"@type":"SearchAction","target":{"@type":"EntryPoint","urlTemplate":"https:\/\/wp.ufpel.edu.br\/ppgcem\/pt\/?s={search_term_string}"},"query-input":{"@type":"PropertyValueSpecification","valueRequired":true,"valueName":"search_term_string"}}],"inLanguage":"pt-BR"}]}},"jetpack_sharing_enabled":true,"jetpack_shortlink":"https:\/\/wp.me\/P8zk0j-2L","_links":{"self":[{"href":"https:\/\/wp.ufpel.edu.br\/ppgcem\/wp-json\/wp\/v2\/pages\/171","targetHints":{"allow":["GET"]}}],"collection":[{"href":"https:\/\/wp.ufpel.edu.br\/ppgcem\/wp-json\/wp\/v2\/pages"}],"about":[{"href":"https:\/\/wp.ufpel.edu.br\/ppgcem\/wp-json\/wp\/v2\/types\/page"}],"author":[{"embeddable":true,"href":"https:\/\/wp.ufpel.edu.br\/ppgcem\/wp-json\/wp\/v2\/users\/370"}],"replies":[{"embeddable":true,"href":"https:\/\/wp.ufpel.edu.br\/ppgcem\/wp-json\/wp\/v2\/comments?post=171"}],"version-history":[{"count":3,"href":"https:\/\/wp.ufpel.edu.br\/ppgcem\/wp-json\/wp\/v2\/pages\/171\/revisions"}],"predecessor-version":[{"id":174,"href":"https:\/\/wp.ufpel.edu.br\/ppgcem\/wp-json\/wp\/v2\/pages\/171\/revisions\/174"}],"up":[{"embeddable":true,"href":"https:\/\/wp.ufpel.edu.br\/ppgcem\/wp-json\/wp\/v2\/pages\/490"}],"wp:attachment":[{"href":"https:\/\/wp.ufpel.edu.br\/ppgcem\/wp-json\/wp\/v2\/media?parent=171"}],"curies":[{"name":"wp","href":"https:\/\/api.w.org\/{rel}","templated":true}]}}