{"id":1689,"date":"2017-04-17T17:37:46","date_gmt":"2017-04-17T20:37:46","guid":{"rendered":"https:\/\/wp.ufpel.edu.br\/ppgcem\/?page_id=1689"},"modified":"2017-04-18T15:16:01","modified_gmt":"2017-04-18T18:16:01","slug":"2015-2","status":"publish","type":"page","link":"https:\/\/wp.ufpel.edu.br\/ppgcem\/dissertacoes-e-teses\/dissertacoes\/2015-2\/","title":{"rendered":"2015"},"content":{"rendered":"<p>Propriedades tecnol\u00f3gicas da madeira de Pinus elliotti Engelm. tratada com nanopart\u00edculas de Di\u00f3xido de Tit\u00e2nio (TiO2) &#8211; Nanowood<\/p>\n<ul>\n<li>AUTOR: Paula Zanatta<\/li>\n<li>ORIENTADOR: Prof. Dr. Mario Lucio Moreira<\/li>\n<li>DATA: 05\/03\/2015<\/li>\n<li>Disserta\u00e7\u00e3o sigilosa.<\/li>\n<\/ul>\n<p>FILTRAGEM DE \u00c1GUA DA CHUVA POR ARGAMASSA DE CIMENTO COM LIGNINA E CARV\u00c3O ATIVADO<\/p>\n<ul>\n<li>AUTOR: Cleidi Victoria Pinto<\/li>\n<li>ORIENTADOR: Prof. Dr. Darci Alberto Gatto<\/li>\n<li>DATA: 24\/04\/2015<\/li>\n<li>ACESSE A DISSERTA\u00c7\u00c3O: <a href=\"https:\/\/drive.google.com\/open?id=0B_M1U2LlEwspRGN2VldVTnM4U28\">clique aqui<\/a><\/li>\n<\/ul>\n<p>Prepara\u00e7\u00e3o e Caracteriza\u00e7\u00e3o de Eletr\u00f3litos S\u00f3lidos Polim\u00e9ricos \u00e0 Base de Goma Xantana<\/p>\n<ul>\n<li>AUTOR: Fabiele Collovini Tavares<\/li>\n<li>ORIENTADOR: Prof. Dr. Cesar Antonio Oropesa Avellaneda<\/li>\n<li>DATA: 21\/05\/2015<\/li>\n<li>ACESSE A DISSERTA\u00c7\u00c3O: <a href=\"https:\/\/drive.google.com\/open?id=0B_M1U2LlEwspbGZoRkhUTWpSdzg\">clique aqui<\/a><\/li>\n<\/ul>\n<p>FILMES FINOS DE V<sub>2<\/sub>O<sub>5<\/sub> DOPADOS COM Nb<sub>2<\/sub>O<sub>5<\/sub><\/p>\n<ul>\n<li>AUTOR: Talita Marth Westphal<\/li>\n<li>ORIENTADOR: Prof. Dr. Cesar Antonio Oropesa Avellaneda<\/li>\n<li>DATA: 30\/06\/2015<\/li>\n<li>ACESSE A DISSERTA\u00c7\u00c3O: <a href=\"https:\/\/drive.google.com\/open?id=0B_M1U2LlEwspSFM0YnV3RF9DSXM\">clique aqui<\/a><\/li>\n<\/ul>\n<p>Caracteriza\u00e7\u00e3o da biodegradabilidade de comp\u00f3sitos de fibras vegetais com ligante PVA<\/p>\n<ul>\n<li>AUTOR: Faili Tomsen<\/li>\n<li>ORIENTADOR: Profa. Dra. Margarete Regina Freitas Gon\u00e7alves<\/li>\n<li>DATA: 21\/08\/2015<\/li>\n<li>ACESSE A DISSERTA\u00c7\u00c3O: <a href=\"https:\/\/drive.google.com\/open?id=0B_M1U2LlEwspSjdHVXZmTXlpM1k\">clique aqui<\/a><\/li>\n<\/ul>\n<p>NANOCOMP\u00d3SITO DE FIBRA DE CARBONO E TIO2 OBTIDO VIA\u00a0 HIDROTERMAL ASSISTIDA POR MICRO-ONDAS<\/p>\n<ul>\n<li>AUTOR: Ricardo Marques e Silva<\/li>\n<li>ORIENTADOR: Prof. Dr. Neftal\u00ed Lenin Villarreal Carre\u00f1o<\/li>\n<li>DATA: 27\/08\/2015<\/li>\n<li>ACESSE A DISSERTA\u00c7\u00c3O: <a href=\"https:\/\/drive.google.com\/open?id=0B_M1U2LlEwspUjBUV0pjUjQ4T0U\">clique aqui<\/a><\/li>\n<\/ul>\n<p>DESENVOLVIMENTO DE M\u00c9TODOS ASSISTIDOS POR RADIA\u00c7\u00c3O MICRO-ONDAS PARA A S\u00cdNTESE DIRETA E R\u00c1PIDA DE NIOBATO DE L\u00cdTIO (LiNbO3)<\/p>\n<ul>\n<li>AUTOR: Vinicius Gon\u00e7alves Deon<\/li>\n<li>ORIENTADOR: Prof. Dr. Neftal\u00ed Lenin Villarreal Carre\u00f1o<\/li>\n<li>DATA: 05\/10\/2015<\/li>\n<li>ACESSE A DISSERTA\u00c7\u00c3O: <a href=\"https:\/\/drive.google.com\/open?id=0B_M1U2LlEwspRTUxLXIzUTR0S2s\">clique aqui<\/a><\/li>\n<\/ul>\n<p>NANOCOMP\u00d3SITO DE FIBRA DE CARBONO E TIO2 OBTIDO VIA\u00a0 HIDROTERMAL ASSISTIDA POR MICRO-ONDAS<\/p>\n<ul>\n<li>AUTOR: Camila Ferraz Corr\u00eaa<\/li>\n<li>ORIENTADOR: Prof. Dr. Neftal\u00ed Lenin Villarreal Carre\u00f1o<\/li>\n<li>DATA: 17\/12\/2015<\/li>\n<li>ACESSE A DISSERTA\u00c7\u00c3O: <a href=\"https:\/\/drive.google.com\/open?id=0B_M1U2LlEwspdkp1N3g3N0NkcEU\">clique aqui<\/a><\/li>\n<\/ul>\n","protected":false},"excerpt":{"rendered":"<p>Propriedades tecnol\u00f3gicas da madeira de Pinus elliotti Engelm. tratada com nanopart\u00edculas de Di\u00f3xido de Tit\u00e2nio (TiO2) &#8211; Nanowood AUTOR: Paula Zanatta ORIENTADOR: Prof. Dr. Mario Lucio Moreira DATA: 05\/03\/2015 Disserta\u00e7\u00e3o sigilosa. FILTRAGEM DE \u00c1GUA DA CHUVA POR ARGAMASSA DE CIMENTO COM LIGNINA E CARV\u00c3O ATIVADO AUTOR: Cleidi Victoria Pinto ORIENTADOR: Prof. Dr. Darci Alberto Gatto [&hellip;]<\/p>\n","protected":false},"author":370,"featured_media":0,"parent":490,"menu_order":0,"comment_status":"closed","ping_status":"closed","template":"","meta":{"jetpack_post_was_ever_published":false,"footnotes":""},"class_list":["post-1689","page","type-page","status-publish","hentry"],"yoast_head":"<!-- This site is optimized with the Yoast SEO plugin v26.7 - https:\/\/yoast.com\/wordpress\/plugins\/seo\/ -->\n<title>2015 &#8211; Programa de P\u00f3s-Gradua\u00e7\u00e3o em Ci\u00eancia e Engenharia de Materiais<\/title>\n<meta name=\"robots\" content=\"index, follow, max-snippet:-1, max-image-preview:large, max-video-preview:-1\" \/>\n<link rel=\"canonical\" href=\"https:\/\/wp.ufpel.edu.br\/ppgcem\/pt\/dissertacoes-e-teses\/dissertacoes\/2015-2\/\" \/>\n<meta property=\"og:locale\" content=\"pt_BR\" \/>\n<meta property=\"og:type\" content=\"article\" \/>\n<meta property=\"og:title\" content=\"2015 &#8211; Programa de P\u00f3s-Gradua\u00e7\u00e3o em Ci\u00eancia e Engenharia de Materiais\" \/>\n<meta property=\"og:description\" content=\"Propriedades tecnol\u00f3gicas da madeira de Pinus elliotti Engelm. tratada com nanopart\u00edculas de Di\u00f3xido de Tit\u00e2nio (TiO2) &#8211; Nanowood AUTOR: Paula Zanatta ORIENTADOR: Prof. Dr. Mario Lucio Moreira DATA: 05\/03\/2015 Disserta\u00e7\u00e3o sigilosa. FILTRAGEM DE \u00c1GUA DA CHUVA POR ARGAMASSA DE CIMENTO COM LIGNINA E CARV\u00c3O ATIVADO AUTOR: Cleidi Victoria Pinto ORIENTADOR: Prof. Dr. Darci Alberto Gatto [&hellip;]\" \/>\n<meta property=\"og:url\" content=\"https:\/\/wp.ufpel.edu.br\/ppgcem\/pt\/dissertacoes-e-teses\/dissertacoes\/2015-2\/\" \/>\n<meta property=\"og:site_name\" content=\"Programa de P\u00f3s-Gradua\u00e7\u00e3o em Ci\u00eancia e Engenharia de Materiais\" \/>\n<meta property=\"article:modified_time\" content=\"2017-04-18T18:16:01+00:00\" \/>\n<meta name=\"twitter:card\" content=\"summary_large_image\" \/>\n<meta name=\"twitter:label1\" content=\"Est. tempo de leitura\" \/>\n\t<meta name=\"twitter:data1\" content=\"1 minuto\" \/>\n<script type=\"application\/ld+json\" class=\"yoast-schema-graph\">{\"@context\":\"https:\/\/schema.org\",\"@graph\":[{\"@type\":\"WebPage\",\"@id\":\"https:\/\/wp.ufpel.edu.br\/ppgcem\/pt\/dissertacoes-e-teses\/dissertacoes\/2015-2\/\",\"url\":\"https:\/\/wp.ufpel.edu.br\/ppgcem\/pt\/dissertacoes-e-teses\/dissertacoes\/2015-2\/\",\"name\":\"2015 &#8211; Programa de P\u00f3s-Gradua\u00e7\u00e3o em Ci\u00eancia e Engenharia de Materiais\",\"isPartOf\":{\"@id\":\"https:\/\/wp.ufpel.edu.br\/ppgcem\/pt\/#website\"},\"datePublished\":\"2017-04-17T20:37:46+00:00\",\"dateModified\":\"2017-04-18T18:16:01+00:00\",\"breadcrumb\":{\"@id\":\"https:\/\/wp.ufpel.edu.br\/ppgcem\/pt\/dissertacoes-e-teses\/dissertacoes\/2015-2\/#breadcrumb\"},\"inLanguage\":\"pt-BR\",\"potentialAction\":[{\"@type\":\"ReadAction\",\"target\":[\"https:\/\/wp.ufpel.edu.br\/ppgcem\/pt\/dissertacoes-e-teses\/dissertacoes\/2015-2\/\"]}]},{\"@type\":\"BreadcrumbList\",\"@id\":\"https:\/\/wp.ufpel.edu.br\/ppgcem\/pt\/dissertacoes-e-teses\/dissertacoes\/2015-2\/#breadcrumb\",\"itemListElement\":[{\"@type\":\"ListItem\",\"position\":1,\"name\":\"In\u00edcio\",\"item\":\"https:\/\/wp.ufpel.edu.br\/ppgcem\/pt\/\"},{\"@type\":\"ListItem\",\"position\":2,\"name\":\"Disserta\u00e7\u00f5es e Teses\",\"item\":\"https:\/\/wp.ufpel.edu.br\/ppgcem\/pt\/dissertacoes-e-teses\/\"},{\"@type\":\"ListItem\",\"position\":3,\"name\":\"Disserta\u00e7\u00f5es\",\"item\":\"https:\/\/wp.ufpel.edu.br\/ppgcem\/pt\/dissertacoes-e-teses\/dissertacoes\/\"},{\"@type\":\"ListItem\",\"position\":4,\"name\":\"2015\"}]},{\"@type\":\"WebSite\",\"@id\":\"https:\/\/wp.ufpel.edu.br\/ppgcem\/pt\/#website\",\"url\":\"https:\/\/wp.ufpel.edu.br\/ppgcem\/pt\/\",\"name\":\"Programa de P\u00f3s-Gradua\u00e7\u00e3o em Ci\u00eancia e Engenharia de Materiais\",\"description\":\"\",\"potentialAction\":[{\"@type\":\"SearchAction\",\"target\":{\"@type\":\"EntryPoint\",\"urlTemplate\":\"https:\/\/wp.ufpel.edu.br\/ppgcem\/pt\/?s={search_term_string}\"},\"query-input\":{\"@type\":\"PropertyValueSpecification\",\"valueRequired\":true,\"valueName\":\"search_term_string\"}}],\"inLanguage\":\"pt-BR\"}]}<\/script>\n<!-- \/ Yoast SEO plugin. -->","yoast_head_json":{"title":"2015 &#8211; Programa de P\u00f3s-Gradua\u00e7\u00e3o em Ci\u00eancia e Engenharia de Materiais","robots":{"index":"index","follow":"follow","max-snippet":"max-snippet:-1","max-image-preview":"max-image-preview:large","max-video-preview":"max-video-preview:-1"},"canonical":"https:\/\/wp.ufpel.edu.br\/ppgcem\/pt\/dissertacoes-e-teses\/dissertacoes\/2015-2\/","og_locale":"pt_BR","og_type":"article","og_title":"2015 &#8211; Programa de P\u00f3s-Gradua\u00e7\u00e3o em Ci\u00eancia e Engenharia de Materiais","og_description":"Propriedades tecnol\u00f3gicas da madeira de Pinus elliotti Engelm. tratada com nanopart\u00edculas de Di\u00f3xido de Tit\u00e2nio (TiO2) &#8211; Nanowood AUTOR: Paula Zanatta ORIENTADOR: Prof. Dr. Mario Lucio Moreira DATA: 05\/03\/2015 Disserta\u00e7\u00e3o sigilosa. FILTRAGEM DE \u00c1GUA DA CHUVA POR ARGAMASSA DE CIMENTO COM LIGNINA E CARV\u00c3O ATIVADO AUTOR: Cleidi Victoria Pinto ORIENTADOR: Prof. Dr. Darci Alberto Gatto [&hellip;]","og_url":"https:\/\/wp.ufpel.edu.br\/ppgcem\/pt\/dissertacoes-e-teses\/dissertacoes\/2015-2\/","og_site_name":"Programa de P\u00f3s-Gradua\u00e7\u00e3o em Ci\u00eancia e Engenharia de Materiais","article_modified_time":"2017-04-18T18:16:01+00:00","twitter_card":"summary_large_image","twitter_misc":{"Est. tempo de leitura":"1 minuto"},"schema":{"@context":"https:\/\/schema.org","@graph":[{"@type":"WebPage","@id":"https:\/\/wp.ufpel.edu.br\/ppgcem\/pt\/dissertacoes-e-teses\/dissertacoes\/2015-2\/","url":"https:\/\/wp.ufpel.edu.br\/ppgcem\/pt\/dissertacoes-e-teses\/dissertacoes\/2015-2\/","name":"2015 &#8211; Programa de P\u00f3s-Gradua\u00e7\u00e3o em Ci\u00eancia e Engenharia de Materiais","isPartOf":{"@id":"https:\/\/wp.ufpel.edu.br\/ppgcem\/pt\/#website"},"datePublished":"2017-04-17T20:37:46+00:00","dateModified":"2017-04-18T18:16:01+00:00","breadcrumb":{"@id":"https:\/\/wp.ufpel.edu.br\/ppgcem\/pt\/dissertacoes-e-teses\/dissertacoes\/2015-2\/#breadcrumb"},"inLanguage":"pt-BR","potentialAction":[{"@type":"ReadAction","target":["https:\/\/wp.ufpel.edu.br\/ppgcem\/pt\/dissertacoes-e-teses\/dissertacoes\/2015-2\/"]}]},{"@type":"BreadcrumbList","@id":"https:\/\/wp.ufpel.edu.br\/ppgcem\/pt\/dissertacoes-e-teses\/dissertacoes\/2015-2\/#breadcrumb","itemListElement":[{"@type":"ListItem","position":1,"name":"In\u00edcio","item":"https:\/\/wp.ufpel.edu.br\/ppgcem\/pt\/"},{"@type":"ListItem","position":2,"name":"Disserta\u00e7\u00f5es e Teses","item":"https:\/\/wp.ufpel.edu.br\/ppgcem\/pt\/dissertacoes-e-teses\/"},{"@type":"ListItem","position":3,"name":"Disserta\u00e7\u00f5es","item":"https:\/\/wp.ufpel.edu.br\/ppgcem\/pt\/dissertacoes-e-teses\/dissertacoes\/"},{"@type":"ListItem","position":4,"name":"2015"}]},{"@type":"WebSite","@id":"https:\/\/wp.ufpel.edu.br\/ppgcem\/pt\/#website","url":"https:\/\/wp.ufpel.edu.br\/ppgcem\/pt\/","name":"Programa de P\u00f3s-Gradua\u00e7\u00e3o em Ci\u00eancia e Engenharia de Materiais","description":"","potentialAction":[{"@type":"SearchAction","target":{"@type":"EntryPoint","urlTemplate":"https:\/\/wp.ufpel.edu.br\/ppgcem\/pt\/?s={search_term_string}"},"query-input":{"@type":"PropertyValueSpecification","valueRequired":true,"valueName":"search_term_string"}}],"inLanguage":"pt-BR"}]}},"jetpack_sharing_enabled":true,"jetpack_shortlink":"https:\/\/wp.me\/P8zk0j-rf","_links":{"self":[{"href":"https:\/\/wp.ufpel.edu.br\/ppgcem\/wp-json\/wp\/v2\/pages\/1689","targetHints":{"allow":["GET"]}}],"collection":[{"href":"https:\/\/wp.ufpel.edu.br\/ppgcem\/wp-json\/wp\/v2\/pages"}],"about":[{"href":"https:\/\/wp.ufpel.edu.br\/ppgcem\/wp-json\/wp\/v2\/types\/page"}],"author":[{"embeddable":true,"href":"https:\/\/wp.ufpel.edu.br\/ppgcem\/wp-json\/wp\/v2\/users\/370"}],"replies":[{"embeddable":true,"href":"https:\/\/wp.ufpel.edu.br\/ppgcem\/wp-json\/wp\/v2\/comments?post=1689"}],"version-history":[{"count":14,"href":"https:\/\/wp.ufpel.edu.br\/ppgcem\/wp-json\/wp\/v2\/pages\/1689\/revisions"}],"predecessor-version":[{"id":1713,"href":"https:\/\/wp.ufpel.edu.br\/ppgcem\/wp-json\/wp\/v2\/pages\/1689\/revisions\/1713"}],"up":[{"embeddable":true,"href":"https:\/\/wp.ufpel.edu.br\/ppgcem\/wp-json\/wp\/v2\/pages\/490"}],"wp:attachment":[{"href":"https:\/\/wp.ufpel.edu.br\/ppgcem\/wp-json\/wp\/v2\/media?parent=1689"}],"curies":[{"name":"wp","href":"https:\/\/api.w.org\/{rel}","templated":true}]}}