{"id":1210,"date":"2016-08-23T15:28:20","date_gmt":"2016-08-23T18:28:20","guid":{"rendered":"https:\/\/wp.ufpel.edu.br\/ppgcem\/?page_id=1210"},"modified":"2025-03-22T11:16:45","modified_gmt":"2025-03-22T14:16:45","slug":"dados-da-ufpel","status":"publish","type":"page","link":"https:\/\/wp.ufpel.edu.br\/ppgcem\/apresentacao\/dados-da-ufpel\/","title":{"rendered":"Dados da UFPEL"},"content":{"rendered":"<p style=\"text-align: left;\"><strong>FUNDA\u00c7\u00c3O UNIVERSIDADE FEDERAL DE PELOTAS \u2013 UFPel<\/strong><\/p>\n<p style=\"text-align: left;\"><strong>CNPJ:<\/strong> 92.242.080\/0001-00<\/p>\n<p><a href=\"https:\/\/wp.ufpel.edu.br\/planejamentoufpel\/files\/2022\/09\/PROPLAN-CDIP_PDI-2022-2026_rev15-23SET22.pdf\">PDI vigente \u2013 2022-2026<\/a><\/p>\n<p>&nbsp;<\/p>\n<p><strong>REITORA<\/strong><\/p>\n<p>Ursula Rosa da Silva<\/p>\n<p>reitoria@ufpel.edu.br<\/p>\n<p>&nbsp;<\/p>\n<p><strong>CHEFE DE GABINETE<\/strong><\/p>\n<p>Renata Vieira Rodrigues Severo<\/p>\n<p>chefedegabinete@ufpel.edu.br<\/p>\n<p>&nbsp;<\/p>\n<p><strong>ASSESSORES DA REITORIA<\/strong><\/p>\n<p>Marco Aur\u00e9lio Romeu Fernandes<\/p>\n<p>Daniel Bruno Momoli\u00a0 \u2013 assessoria.reitoria@ufpel.edu.br<\/p>\n<p>&nbsp;<\/p>\n<p><strong>SECRETARIA DO GABINETE DA REITORIA<\/strong><\/p>\n<p>Adriane Alves da Rocha<\/p>\n<p>Luiza Chaves Gastal<\/p>\n<p>Carlos Leonardo Cavalheiro Huck<\/p>\n<p>Leandra Fagundes da Silva<\/p>\n<p>(53) 3284 4000<\/p>\n<p>reitoria@ufpel.edu.br<\/p>\n<p>&nbsp;<\/p>\n<p><strong>N\u00daCLEO DE PORTARIAS<\/strong><\/p>\n<p>Adriane Doumid Borges<\/p>\n<p>nuport@ufpel.edu.br<\/p>\n<p>&nbsp;<\/p>\n<p style=\"text-align: left;\"><strong>Endere\u00e7o:<\/strong> Rua Gomes Carneiro, n\u00ba 01 \u2013 Centro. CEP. 96.010-610. Pelotas-RS.<br \/>\n<strong>E-mail:<\/strong> reitor@ufpel.edu.br<\/p>\n<p>&nbsp;<\/p>\n<p>&nbsp;<\/p>\n","protected":false},"excerpt":{"rendered":"<p>FUNDA\u00c7\u00c3O UNIVERSIDADE FEDERAL DE PELOTAS \u2013 UFPel CNPJ: 92.242.080\/0001-00 PDI vigente \u2013 2022-2026 &nbsp; REITORA Ursula Rosa da Silva reitoria@ufpel.edu.br &nbsp; CHEFE DE GABINETE Renata Vieira Rodrigues Severo chefedegabinete@ufpel.edu.br &nbsp; ASSESSORES DA REITORIA Marco Aur\u00e9lio Romeu Fernandes Daniel Bruno Momoli\u00a0 \u2013 assessoria.reitoria@ufpel.edu.br &nbsp; SECRETARIA DO GABINETE DA REITORIA Adriane Alves da Rocha Luiza Chaves Gastal [&hellip;]<\/p>\n","protected":false},"author":370,"featured_media":0,"parent":2,"menu_order":0,"comment_status":"closed","ping_status":"closed","template":"","meta":{"jetpack_post_was_ever_published":false,"footnotes":""},"class_list":["post-1210","page","type-page","status-publish","hentry"],"yoast_head":"<!-- This site is optimized with the Yoast SEO plugin v26.7 - https:\/\/yoast.com\/wordpress\/plugins\/seo\/ -->\n<title>Dados da UFPEL &#8211; Programa de P\u00f3s-Gradua\u00e7\u00e3o em Ci\u00eancia e Engenharia de Materiais<\/title>\n<meta name=\"robots\" content=\"index, follow, max-snippet:-1, max-image-preview:large, max-video-preview:-1\" \/>\n<link rel=\"canonical\" href=\"https:\/\/wp.ufpel.edu.br\/ppgcem\/pt\/apresentacao\/dados-da-ufpel\/\" \/>\n<meta property=\"og:locale\" content=\"pt_BR\" \/>\n<meta property=\"og:type\" content=\"article\" \/>\n<meta property=\"og:title\" content=\"Dados da UFPEL &#8211; Programa de P\u00f3s-Gradua\u00e7\u00e3o em Ci\u00eancia e Engenharia de Materiais\" \/>\n<meta property=\"og:description\" content=\"FUNDA\u00c7\u00c3O UNIVERSIDADE FEDERAL DE PELOTAS \u2013 UFPel CNPJ: 92.242.080\/0001-00 PDI vigente \u2013 2022-2026 &nbsp; REITORA Ursula Rosa da Silva reitoria@ufpel.edu.br &nbsp; CHEFE DE GABINETE Renata Vieira Rodrigues Severo chefedegabinete@ufpel.edu.br &nbsp; ASSESSORES DA REITORIA Marco Aur\u00e9lio Romeu Fernandes Daniel Bruno Momoli\u00a0 \u2013 assessoria.reitoria@ufpel.edu.br &nbsp; SECRETARIA DO GABINETE DA REITORIA Adriane Alves da Rocha Luiza Chaves Gastal [&hellip;]\" \/>\n<meta property=\"og:url\" content=\"https:\/\/wp.ufpel.edu.br\/ppgcem\/pt\/apresentacao\/dados-da-ufpel\/\" \/>\n<meta property=\"og:site_name\" content=\"Programa de P\u00f3s-Gradua\u00e7\u00e3o em Ci\u00eancia e Engenharia de Materiais\" \/>\n<meta property=\"article:modified_time\" content=\"2025-03-22T14:16:45+00:00\" \/>\n<meta name=\"twitter:card\" content=\"summary_large_image\" \/>\n<meta name=\"twitter:label1\" content=\"Est. tempo de leitura\" \/>\n\t<meta name=\"twitter:data1\" content=\"1 minuto\" \/>\n<script type=\"application\/ld+json\" class=\"yoast-schema-graph\">{\"@context\":\"https:\/\/schema.org\",\"@graph\":[{\"@type\":\"WebPage\",\"@id\":\"https:\/\/wp.ufpel.edu.br\/ppgcem\/pt\/apresentacao\/dados-da-ufpel\/\",\"url\":\"https:\/\/wp.ufpel.edu.br\/ppgcem\/pt\/apresentacao\/dados-da-ufpel\/\",\"name\":\"Dados da UFPEL &#8211; Programa de P\u00f3s-Gradua\u00e7\u00e3o em Ci\u00eancia e Engenharia de Materiais\",\"isPartOf\":{\"@id\":\"https:\/\/wp.ufpel.edu.br\/ppgcem\/pt\/#website\"},\"datePublished\":\"2016-08-23T18:28:20+00:00\",\"dateModified\":\"2025-03-22T14:16:45+00:00\",\"breadcrumb\":{\"@id\":\"https:\/\/wp.ufpel.edu.br\/ppgcem\/pt\/apresentacao\/dados-da-ufpel\/#breadcrumb\"},\"inLanguage\":\"pt-BR\",\"potentialAction\":[{\"@type\":\"ReadAction\",\"target\":[\"https:\/\/wp.ufpel.edu.br\/ppgcem\/pt\/apresentacao\/dados-da-ufpel\/\"]}]},{\"@type\":\"BreadcrumbList\",\"@id\":\"https:\/\/wp.ufpel.edu.br\/ppgcem\/pt\/apresentacao\/dados-da-ufpel\/#breadcrumb\",\"itemListElement\":[{\"@type\":\"ListItem\",\"position\":1,\"name\":\"In\u00edcio\",\"item\":\"https:\/\/wp.ufpel.edu.br\/ppgcem\/pt\/\"},{\"@type\":\"ListItem\",\"position\":2,\"name\":\"Sobre o PPGCEM\",\"item\":\"https:\/\/wp.ufpel.edu.br\/ppgcem\/pt\/apresentacao\/\"},{\"@type\":\"ListItem\",\"position\":3,\"name\":\"Dados da UFPEL\"}]},{\"@type\":\"WebSite\",\"@id\":\"https:\/\/wp.ufpel.edu.br\/ppgcem\/pt\/#website\",\"url\":\"https:\/\/wp.ufpel.edu.br\/ppgcem\/pt\/\",\"name\":\"Programa de P\u00f3s-Gradua\u00e7\u00e3o em Ci\u00eancia e Engenharia de Materiais\",\"description\":\"\",\"potentialAction\":[{\"@type\":\"SearchAction\",\"target\":{\"@type\":\"EntryPoint\",\"urlTemplate\":\"https:\/\/wp.ufpel.edu.br\/ppgcem\/pt\/?s={search_term_string}\"},\"query-input\":{\"@type\":\"PropertyValueSpecification\",\"valueRequired\":true,\"valueName\":\"search_term_string\"}}],\"inLanguage\":\"pt-BR\"}]}<\/script>\n<!-- \/ Yoast SEO plugin. -->","yoast_head_json":{"title":"Dados da UFPEL &#8211; Programa de P\u00f3s-Gradua\u00e7\u00e3o em Ci\u00eancia e Engenharia de Materiais","robots":{"index":"index","follow":"follow","max-snippet":"max-snippet:-1","max-image-preview":"max-image-preview:large","max-video-preview":"max-video-preview:-1"},"canonical":"https:\/\/wp.ufpel.edu.br\/ppgcem\/pt\/apresentacao\/dados-da-ufpel\/","og_locale":"pt_BR","og_type":"article","og_title":"Dados da UFPEL &#8211; Programa de P\u00f3s-Gradua\u00e7\u00e3o em Ci\u00eancia e Engenharia de Materiais","og_description":"FUNDA\u00c7\u00c3O UNIVERSIDADE FEDERAL DE PELOTAS \u2013 UFPel CNPJ: 92.242.080\/0001-00 PDI vigente \u2013 2022-2026 &nbsp; REITORA Ursula Rosa da Silva reitoria@ufpel.edu.br &nbsp; CHEFE DE GABINETE Renata Vieira Rodrigues Severo chefedegabinete@ufpel.edu.br &nbsp; ASSESSORES DA REITORIA Marco Aur\u00e9lio Romeu Fernandes Daniel Bruno Momoli\u00a0 \u2013 assessoria.reitoria@ufpel.edu.br &nbsp; SECRETARIA DO GABINETE DA REITORIA Adriane Alves da Rocha Luiza Chaves Gastal [&hellip;]","og_url":"https:\/\/wp.ufpel.edu.br\/ppgcem\/pt\/apresentacao\/dados-da-ufpel\/","og_site_name":"Programa de P\u00f3s-Gradua\u00e7\u00e3o em Ci\u00eancia e Engenharia de Materiais","article_modified_time":"2025-03-22T14:16:45+00:00","twitter_card":"summary_large_image","twitter_misc":{"Est. tempo de leitura":"1 minuto"},"schema":{"@context":"https:\/\/schema.org","@graph":[{"@type":"WebPage","@id":"https:\/\/wp.ufpel.edu.br\/ppgcem\/pt\/apresentacao\/dados-da-ufpel\/","url":"https:\/\/wp.ufpel.edu.br\/ppgcem\/pt\/apresentacao\/dados-da-ufpel\/","name":"Dados da UFPEL &#8211; Programa de P\u00f3s-Gradua\u00e7\u00e3o em Ci\u00eancia e Engenharia de Materiais","isPartOf":{"@id":"https:\/\/wp.ufpel.edu.br\/ppgcem\/pt\/#website"},"datePublished":"2016-08-23T18:28:20+00:00","dateModified":"2025-03-22T14:16:45+00:00","breadcrumb":{"@id":"https:\/\/wp.ufpel.edu.br\/ppgcem\/pt\/apresentacao\/dados-da-ufpel\/#breadcrumb"},"inLanguage":"pt-BR","potentialAction":[{"@type":"ReadAction","target":["https:\/\/wp.ufpel.edu.br\/ppgcem\/pt\/apresentacao\/dados-da-ufpel\/"]}]},{"@type":"BreadcrumbList","@id":"https:\/\/wp.ufpel.edu.br\/ppgcem\/pt\/apresentacao\/dados-da-ufpel\/#breadcrumb","itemListElement":[{"@type":"ListItem","position":1,"name":"In\u00edcio","item":"https:\/\/wp.ufpel.edu.br\/ppgcem\/pt\/"},{"@type":"ListItem","position":2,"name":"Sobre o PPGCEM","item":"https:\/\/wp.ufpel.edu.br\/ppgcem\/pt\/apresentacao\/"},{"@type":"ListItem","position":3,"name":"Dados da UFPEL"}]},{"@type":"WebSite","@id":"https:\/\/wp.ufpel.edu.br\/ppgcem\/pt\/#website","url":"https:\/\/wp.ufpel.edu.br\/ppgcem\/pt\/","name":"Programa de P\u00f3s-Gradua\u00e7\u00e3o em Ci\u00eancia e Engenharia de Materiais","description":"","potentialAction":[{"@type":"SearchAction","target":{"@type":"EntryPoint","urlTemplate":"https:\/\/wp.ufpel.edu.br\/ppgcem\/pt\/?s={search_term_string}"},"query-input":{"@type":"PropertyValueSpecification","valueRequired":true,"valueName":"search_term_string"}}],"inLanguage":"pt-BR"}]}},"jetpack_sharing_enabled":true,"jetpack_shortlink":"https:\/\/wp.me\/P8zk0j-jw","_links":{"self":[{"href":"https:\/\/wp.ufpel.edu.br\/ppgcem\/wp-json\/wp\/v2\/pages\/1210","targetHints":{"allow":["GET"]}}],"collection":[{"href":"https:\/\/wp.ufpel.edu.br\/ppgcem\/wp-json\/wp\/v2\/pages"}],"about":[{"href":"https:\/\/wp.ufpel.edu.br\/ppgcem\/wp-json\/wp\/v2\/types\/page"}],"author":[{"embeddable":true,"href":"https:\/\/wp.ufpel.edu.br\/ppgcem\/wp-json\/wp\/v2\/users\/370"}],"replies":[{"embeddable":true,"href":"https:\/\/wp.ufpel.edu.br\/ppgcem\/wp-json\/wp\/v2\/comments?post=1210"}],"version-history":[{"count":5,"href":"https:\/\/wp.ufpel.edu.br\/ppgcem\/wp-json\/wp\/v2\/pages\/1210\/revisions"}],"predecessor-version":[{"id":5205,"href":"https:\/\/wp.ufpel.edu.br\/ppgcem\/wp-json\/wp\/v2\/pages\/1210\/revisions\/5205"}],"up":[{"embeddable":true,"href":"https:\/\/wp.ufpel.edu.br\/ppgcem\/wp-json\/wp\/v2\/pages\/2"}],"wp:attachment":[{"href":"https:\/\/wp.ufpel.edu.br\/ppgcem\/wp-json\/wp\/v2\/media?parent=1210"}],"curies":[{"name":"wp","href":"https:\/\/api.w.org\/{rel}","templated":true}]}}