{"id":94,"date":"2016-10-31T17:25:15","date_gmt":"2016-10-31T19:25:15","guid":{"rendered":"https:\/\/wp.ufpel.edu.br\/ppgcamb\/?page_id=94"},"modified":"2019-05-02T15:49:54","modified_gmt":"2019-05-02T18:49:54","slug":"avaliacao-de-impactos-ambientais","status":"publish","type":"page","link":"https:\/\/wp.ufpel.edu.br\/ppgcamb\/disciplinas\/obrigatorias\/avaliacao-de-impactos-ambientais\/","title":{"rendered":"Avalia\u00e7\u00e3o de Impactos Ambientais"},"content":{"rendered":"<p><strong>Carga Hor\u00e1ria<\/strong>:\u00a068 horas<\/p>\n<p><strong>Cr\u00e9ditos<\/strong>: 4<\/p>\n<p><strong>C\u00f3digo: <\/strong>1640262<\/p>\n<p><strong>Ementa<\/strong><\/p>\n<p>Conceitos b\u00e1sicos.<\/p>\n<p>Princ\u00edpios, objetivos, hist\u00f3rico e necessidade da avalia\u00e7\u00e3o de impacto ambiental (AIA).<\/p>\n<p>Quadro legal e institucional brasileiro em AIA.<\/p>\n<p>Os diversos tipos de estudos ambientais pertinentes ao processo de AIA.<\/p>\n<p>Processo, principais componentes e etapas b\u00e1sicas para elabora\u00e7\u00e3o de um estudo de impacto ambiental.<\/p>\n<p>Termos de refer\u00eancia, conceitos e participa\u00e7\u00e3o p\u00fablica.<\/p>\n<p>T\u00e9cnicas de previs\u00e3o de impactos.<\/p>\n<p>M\u00e9todos e procedimento para avaliar a import\u00e2ncia de impactos.<\/p>\n<p>Planos de gest\u00e3o e sua rela\u00e7\u00e3o com os estudos ambientais.<\/p>\n<p>An\u00e1lise dos estudos ambientais.<\/p>\n<p>Implementa\u00e7\u00e3o de projetos, supervis\u00e3o e gest\u00e3o ambiental.<\/p>\n<p>Introdu\u00e7\u00e3o \u00e0 avalia\u00e7\u00e3o ambiental estrat\u00e9gica.<\/p>\n<p><strong>\u00a0<\/strong><\/p>\n<p><strong>Bibliografia<\/strong><\/p>\n<p>LUIS ENRIQUE SANCHEZ (2008). Avalia\u00e7\u00e3o de impactos ambientais: conceitos e m\u00e9todos. Editora Oficina de textos.<\/p>\n<p>LUIZ ROBERTO TOMMASI (1994). Estudo de impacto ambiental, 1\u00aa edi\u00e7\u00e3o.<\/p>\n<p>SUET\u00d4NIO MOTA (2006). Introdu\u00e7\u00e3o \u00e0 engenharia ambiental, 4\u00aa edi\u00e7\u00e3o.<\/p>\n<p>AB&#8217;SABER, A.N. Base Conceituais e Papel do Conhecimento na Previs\u00e3o de Impactos. In: M\u00dcLER,Clarita. Plantenberg e Azis AB&#8217; Saber (ORGS). Avalia\u00e7\u00e3o de Impactos. 1994. p. 27 &#8211; 50.<\/p>\n<p>BITAR, O. (ORG) O Meio F\u00edsico em Estudos de Impacto Ambiental. 25 p. 1990. IPT, Boletim 56.<\/p>\n<p>BRANCO, S.M. Ecossist\u00eamica: uma abordagem integrada dos problemas do meio ambiente. S\u00e3o Paulo ; Editora Blucher. 1989.<\/p>\n<p>JULIEN, B. et al. An Environmental ImpactIdentification System. Journal de Environmental Management, v.36, p.167-184. 1992.<\/p>\n<p>KIRCHOFF, D. Avalia\u00e7\u00e3o de risco ambiental e o processo de licenciamento: O caso do gasoduto de distribui\u00e7\u00e3o g\u00e1s brasiliano. Trecho S\u00e3o Carlos \/ Porto Ferreira (SP). 2004. Disserta\u00e7\u00e3o (Mestrado) Escola de Engenharia de S\u00e3o Carlos, USP, 2004.<\/p>\n<p>LAWRENCE, D. Environmental Impact Assessment: Practical solutions to recurrent problems. New York: John Willey. 2003.<\/p>\n<p>MAGLIO, I.C. Quest\u00f5es Verificadas na Aplica\u00e7\u00e3o do EPIA\/RIMA: A experi\u00eancia da Secretaria do Meio Ambiente de S\u00e3o Paulo. In: TAUK ,Sania, Org. An\u00e1lise ambiental &#8211; Uma vis\u00e3o multidisciplinar. Editora UNEPS, 1991. p. 64-70.<\/p>\n<p>MILAR\u00c9, E. Estudo pr\u00e9vio de impacto ambiental no Brasil. In: PLANTENBERG, Clarita Muller; AB&#8217;SABER, Azis (Eds.). Previs\u00e3o de Impactos. 1994. p. 51-80.<\/p>\n<p>MORRIS, P. Environmental Impact Assessment. New York: Spon Press, 2001.<\/p>\n<p>RONZA, C. A pol\u00edtica do meio ambiente e as contradi\u00e7\u00f5es do Estado. AIA em S\u00e3o Paulo. 1988. (Disserta\u00e7\u00e3o de Mestrado). IG\/UNICAMP, 1988.<\/p>\n<p>SPALLING, H. &#8211; Avalia\u00e7\u00e3o dos efeitos cumulativos &#8211; conceitos e princ\u00edpios. Avalia\u00e7\u00e3o de Impactos, v.1, n.2, p. 55- 68, 1996.<\/p>\n<p>TEIXEIRA, M.G. An\u00e1lise dos Relat\u00f3rios de Impactos Ambientais de grandes hidrel\u00e9tricas no Brasil. In: PLANTENBERG, Clarita M\u00fcller ; AB&#8217;SABER, Aziz (Eds.) Avalia\u00e7\u00e3o Impactos, p. 163-187, 1994.<\/p>\n<p>TOMMASI, L.C. Avalia\u00e7\u00e3o de Impacto Ambiental. S\u00e3o Paulo: CETESB. 1994.<\/p>\n","protected":false},"excerpt":{"rendered":"<p>Carga Hor\u00e1ria:\u00a068 horas Cr\u00e9ditos: 4 C\u00f3digo: 1640262 Ementa Conceitos b\u00e1sicos. Princ\u00edpios, objetivos, hist\u00f3rico e necessidade da avalia\u00e7\u00e3o de impacto ambiental (AIA). Quadro legal e institucional brasileiro em AIA. Os diversos tipos de estudos ambientais pertinentes ao processo de AIA. Processo, principais componentes e etapas b\u00e1sicas para elabora\u00e7\u00e3o de um estudo de impacto ambiental. Termos de [&hellip;]<\/p>\n","protected":false},"author":707,"featured_media":0,"parent":26,"menu_order":0,"comment_status":"closed","ping_status":"closed","template":"","meta":{"footnotes":""},"class_list":["post-94","page","type-page","status-publish","hentry"],"_links":{"self":[{"href":"https:\/\/wp.ufpel.edu.br\/ppgcamb\/wp-json\/wp\/v2\/pages\/94","targetHints":{"allow":["GET"]}}],"collection":[{"href":"https:\/\/wp.ufpel.edu.br\/ppgcamb\/wp-json\/wp\/v2\/pages"}],"about":[{"href":"https:\/\/wp.ufpel.edu.br\/ppgcamb\/wp-json\/wp\/v2\/types\/page"}],"author":[{"embeddable":true,"href":"https:\/\/wp.ufpel.edu.br\/ppgcamb\/wp-json\/wp\/v2\/users\/707"}],"replies":[{"embeddable":true,"href":"https:\/\/wp.ufpel.edu.br\/ppgcamb\/wp-json\/wp\/v2\/comments?post=94"}],"version-history":[{"count":6,"href":"https:\/\/wp.ufpel.edu.br\/ppgcamb\/wp-json\/wp\/v2\/pages\/94\/revisions"}],"predecessor-version":[{"id":990,"href":"https:\/\/wp.ufpel.edu.br\/ppgcamb\/wp-json\/wp\/v2\/pages\/94\/revisions\/990"}],"up":[{"embeddable":true,"href":"https:\/\/wp.ufpel.edu.br\/ppgcamb\/wp-json\/wp\/v2\/pages\/26"}],"wp:attachment":[{"href":"https:\/\/wp.ufpel.edu.br\/ppgcamb\/wp-json\/wp\/v2\/media?parent=94"}],"curies":[{"name":"wp","href":"https:\/\/api.w.org\/{rel}","templated":true}]}}