{"id":90,"date":"2016-10-31T17:21:20","date_gmt":"2016-10-31T19:21:20","guid":{"rendered":"https:\/\/wp.ufpel.edu.br\/ppgcamb\/?page_id=90"},"modified":"2024-02-09T12:42:23","modified_gmt":"2024-02-09T15:42:23","slug":"sustentabilidadegestaoambiental","status":"publish","type":"page","link":"https:\/\/wp.ufpel.edu.br\/ppgcamb\/disciplinas\/obrigatorias\/sustentabilidadegestaoambiental\/","title":{"rendered":"Sustentabilidade e Gest\u00e3o Ambiental"},"content":{"rendered":"<p><strong>Carga Hor\u00e1ria<\/strong>: 68\u00a0horas<\/p>\n<p><strong>Cr\u00e9ditos<\/strong>:\u00a04<\/p>\n<p><strong>C\u00f3digo:<\/strong> 15000941<\/p>\n<p><strong>Ementa<\/strong><\/p>\n<p>Meio Ambiente e Sustentabilidade. Quest\u00f5es Ambientais e sua Evolu\u00e7\u00e3o. Objetivos de Desenvolvimento Sustent\u00e1vel (ONU). Popula\u00e7\u00e3o, Urbaniza\u00e7\u00e3o e Desenvolvimento. Dimens\u00f5es da sustentabilidade no saneamento ambiental. Aspectos gerais da Legisla\u00e7\u00e3o Ambiental das diferentes vertentes do saneamento, planejamento,zoneamento, ordenamento territorial e governa\u00e7a. Controle da Qualidade Ambiental. Sustentabilidade e Energias\u00a0 Renov\u00e1veis. Tecnologia e inova\u00e7\u00e3o para gest\u00e3o e planejamento ambiental.<\/p>\n<p>&nbsp;<\/p>\n<p><strong>Programa Anal\u00edtico<\/strong><\/p>\n<p>1. Conceitos Gerais de Meio Ambiente e Sustentabilidade.<br \/>\n2. Quest\u00f5es Ambientais e sua Evolu\u00e7\u00e3o.<br \/>\n3. Objetivos de Desenvolvimento Sustent\u00e1vel (ONU).<br \/>\n4. Popula\u00e7\u00e3o, Urbaniza\u00e7\u00e3o e Desenvolvimento. Dimens\u00f5es da sustentabilidade no saneamento ambiental.<br \/>\n5. Aspectos gerais da Legisla\u00e7\u00e3o Ambiental das diferentes vertentes do saneamento,planejamento, zoneamento, ordenamento territorial e governan\u00e7a.<br \/>\n6. Controle da Qualidade Ambiental.<br \/>\n7. Tecnologia e Inova\u00e7\u00e3o para gest\u00e3o e planejamento ambiental.<br \/>\n8. Conceitos de Sustentabilidade e Energias Renov\u00e1veis.<\/p>\n<p>&nbsp;<\/p>\n<p>&nbsp;<\/p>\n<p><strong>Bibliografia<\/strong><\/p>\n<p>BUILDING AND ENVIRONMENT &#8211; 0360-1323<\/p>\n<p>JOURNAL OF URBAN PLANNING AND DEVELOPMENT &#8211; 0733-948<\/p>\n<p>ACS SUSTAINABLE CHEMISTRY &amp; ENGINEERING &#8211; 2168-0485<\/p>\n<p>AMBIENTE E SOCIEDADE &#8211; 1414-753X<\/p>\n<p><strong>Engenharia e meio ambiente aspectos conceituais e pr\u00e1ticos<\/strong>. Rio de Janeiro LTC2021.<\/p>\n<p>MILLER, G. Tyler.\u00a0<strong>Ci\u00eancia ambiental<\/strong>.\u00a02. S\u00e3o Paulo Cengage Learning 2016.<\/p>\n<p>REIS, Lineu Belico dos.\u00a0<strong>Energia, recursos naturais e a pr\u00e1tica do desenvolvimentosustent\u00e1vel.<\/strong>\u00a03. S\u00e3o Paulo Manole 2019.<\/p>\n<p>KOHN, Ricardo.\u00a0<strong>Ambiente e sustentabilidade\u00a0metodologias para gest\u00e3o<\/strong>. Rio deJaneiro LTC 2015.<\/p>\n<p>Bursztyn, M. A., Bursztyn, M. (2012).<strong>\u00a0Fundamentos de pol\u00edtica e gest\u00e3o ambiental<\/strong>: caminhos para a sustentabilidade. Brasil: Garamond.<\/p>\n","protected":false},"excerpt":{"rendered":"<p>Carga Hor\u00e1ria: 68\u00a0horas Cr\u00e9ditos:\u00a04 C\u00f3digo: 15000941 Ementa Meio Ambiente e Sustentabilidade. Quest\u00f5es Ambientais e sua Evolu\u00e7\u00e3o. Objetivos de Desenvolvimento Sustent\u00e1vel (ONU). Popula\u00e7\u00e3o, Urbaniza\u00e7\u00e3o e Desenvolvimento. Dimens\u00f5es da sustentabilidade no saneamento ambiental. Aspectos gerais da Legisla\u00e7\u00e3o Ambiental das diferentes vertentes do saneamento, planejamento,zoneamento, ordenamento territorial e governa\u00e7a. Controle da Qualidade Ambiental. Sustentabilidade e Energias\u00a0 Renov\u00e1veis. Tecnologia [&hellip;]<\/p>\n","protected":false},"author":707,"featured_media":0,"parent":26,"menu_order":0,"comment_status":"closed","ping_status":"closed","template":"","meta":{"footnotes":""},"class_list":["post-90","page","type-page","status-publish","hentry"],"_links":{"self":[{"href":"https:\/\/wp.ufpel.edu.br\/ppgcamb\/wp-json\/wp\/v2\/pages\/90","targetHints":{"allow":["GET"]}}],"collection":[{"href":"https:\/\/wp.ufpel.edu.br\/ppgcamb\/wp-json\/wp\/v2\/pages"}],"about":[{"href":"https:\/\/wp.ufpel.edu.br\/ppgcamb\/wp-json\/wp\/v2\/types\/page"}],"author":[{"embeddable":true,"href":"https:\/\/wp.ufpel.edu.br\/ppgcamb\/wp-json\/wp\/v2\/users\/707"}],"replies":[{"embeddable":true,"href":"https:\/\/wp.ufpel.edu.br\/ppgcamb\/wp-json\/wp\/v2\/comments?post=90"}],"version-history":[{"count":8,"href":"https:\/\/wp.ufpel.edu.br\/ppgcamb\/wp-json\/wp\/v2\/pages\/90\/revisions"}],"predecessor-version":[{"id":5265,"href":"https:\/\/wp.ufpel.edu.br\/ppgcamb\/wp-json\/wp\/v2\/pages\/90\/revisions\/5265"}],"up":[{"embeddable":true,"href":"https:\/\/wp.ufpel.edu.br\/ppgcamb\/wp-json\/wp\/v2\/pages\/26"}],"wp:attachment":[{"href":"https:\/\/wp.ufpel.edu.br\/ppgcamb\/wp-json\/wp\/v2\/media?parent=90"}],"curies":[{"name":"wp","href":"https:\/\/api.w.org\/{rel}","templated":true}]}}