{"id":83,"date":"2016-10-31T17:13:38","date_gmt":"2016-10-31T19:13:38","guid":{"rendered":"https:\/\/wp.ufpel.edu.br\/ppgcamb\/?page_id=83"},"modified":"2024-09-04T16:57:55","modified_gmt":"2024-09-04T19:57:55","slug":"ciencias-ambientais","status":"publish","type":"page","link":"https:\/\/wp.ufpel.edu.br\/ppgcamb\/disciplinas\/obrigatorias\/ciencias-ambientais\/","title":{"rendered":"Ci\u00eancias Ambientais I"},"content":{"rendered":"<p><strong>Carga Hor\u00e1ria<\/strong>: 68 horas<\/p>\n<p><strong>Cr\u00e9ditos<\/strong>: 4<\/p>\n<p><strong>C\u00f3digo:<\/strong> 15000978<\/p>\n<p><strong>Ementa<\/strong><\/p>\n<p>Polui\u00e7\u00e3o e ecossistemas. Caracter\u00edsticas de \u00e1guas e efluentes; Autodepura\u00e7\u00e3o e Eutrofiza\u00e7\u00e3o. \u00cdndices de Qualidade de \u00e1gua; Conceito de Solo; G\u00eanese do Solo; Propriedades Qu\u00edmicas, f\u00edsicas e microbiol\u00f3gicas do solo; . O ar atmosf\u00e9rico: caracter\u00edsticas da atmosfera, principais poluentes e fontes, qualidade do ar.\u00a0Principais tecnologias voltas \u00e0\u00a0polui\u00e7\u00e3o: mensura\u00e7\u00e3o, monitoramento e tratamento.<\/p>\n<p>&nbsp;<\/p>\n<p><strong>Programa Anal\u00edtico<\/strong><\/p>\n<p class=\"Tabela_Texto_Alinhado_Esquerda\">Polui\u00e7\u00e3o e ecossistemas.<\/p>\n<p class=\"Tabela_Texto_Alinhado_Esquerda\">Caracter\u00edsticas de \u00e1guas e efluentes; Autodepura\u00e7\u00e3o e Eutrofiza\u00e7\u00e3o.<\/p>\n<p class=\"Tabela_Texto_Alinhado_Esquerda\">\u00cdndices de Qualidade de \u00e1gua; Conceito de Solo; G\u00eanese do Solo; Propriedades Qu\u00edmicas, f\u00edsicas e microbiol\u00f3gicas do solo.<\/p>\n<p class=\"Tabela_Texto_Alinhado_Esquerda\">O ar atmosf\u00e9rico: caracter\u00edsticas da atmosfera, principais poluentes e fontes, qualidade do ar.<\/p>\n<p class=\"Tabela_Texto_Alinhado_Esquerda\">Principais tecnologias voltas \u00e0\u00a0polui\u00e7\u00e3o: mensura\u00e7\u00e3o, monitoramento e tratamento.<\/p>\n<p><strong>\u00a0<\/strong><\/p>\n<p><strong>Bibliografia<\/strong><\/p>\n<p class=\"Texto_Justificado\">Metcalf, L.; Eddy, H.P.Tratamento de Efluentes e Recupera\u00e7\u00e3o de Recursos. 5 Ed. McGraw. 2016. 2008p.<\/p>\n<p class=\"Texto_Justificado\">ENVIRONMENT INTERNATIONAL. 0160-4120<\/p>\n<p class=\"Texto_Justificado\">ENVIRONMENTAL POLLUTION. 0269-7491<\/p>\n<p class=\"Texto_Justificado\">JOURNAL OF ENVIRONMENTAL MANAGEMENT. 0301-4797<\/p>\n<p class=\"Texto_Justificado\">SCIENCE OF THE TOTAL ENVIRONMENT.\u00a00048-9697<\/p>\n<p class=\"Texto_Justificado\">CRITICAL REVIEWS IN ENVIRONMENTAL SCIENCE AND TECHNOLOGY.\u00a01064-3389<\/p>\n<p class=\"Texto_Justificado\">JOURNAL OF HAZARDOUS MATERIALS.\u00a00304-3894<\/p>\n<p class=\"Texto_Justificado\">ECOTOXICOLOGY AND ENVIRONMENTAL SAFETY.\u00a00147-6513<\/p>\n<p class=\"Texto_Justificado\">CHEMOSPHERE.\u00a00045-6535<\/p>\n<p class=\"Texto_Justificado\">AMBIENTE E SOCIEDADE &#8211; 1414-753X<\/p>\n","protected":false},"excerpt":{"rendered":"<p>Carga Hor\u00e1ria: 68 horas Cr\u00e9ditos: 4 C\u00f3digo: 15000978 Ementa Polui\u00e7\u00e3o e ecossistemas. Caracter\u00edsticas de \u00e1guas e efluentes; Autodepura\u00e7\u00e3o e Eutrofiza\u00e7\u00e3o. \u00cdndices de Qualidade de \u00e1gua; Conceito de Solo; G\u00eanese do Solo; Propriedades Qu\u00edmicas, f\u00edsicas e microbiol\u00f3gicas do solo; . O ar atmosf\u00e9rico: caracter\u00edsticas da atmosfera, principais poluentes e fontes, qualidade do ar.\u00a0Principais tecnologias voltas \u00e0\u00a0polui\u00e7\u00e3o: [&hellip;]<\/p>\n","protected":false},"author":707,"featured_media":0,"parent":26,"menu_order":0,"comment_status":"closed","ping_status":"closed","template":"","meta":{"footnotes":""},"class_list":["post-83","page","type-page","status-publish","hentry"],"_links":{"self":[{"href":"https:\/\/wp.ufpel.edu.br\/ppgcamb\/wp-json\/wp\/v2\/pages\/83","targetHints":{"allow":["GET"]}}],"collection":[{"href":"https:\/\/wp.ufpel.edu.br\/ppgcamb\/wp-json\/wp\/v2\/pages"}],"about":[{"href":"https:\/\/wp.ufpel.edu.br\/ppgcamb\/wp-json\/wp\/v2\/types\/page"}],"author":[{"embeddable":true,"href":"https:\/\/wp.ufpel.edu.br\/ppgcamb\/wp-json\/wp\/v2\/users\/707"}],"replies":[{"embeddable":true,"href":"https:\/\/wp.ufpel.edu.br\/ppgcamb\/wp-json\/wp\/v2\/comments?post=83"}],"version-history":[{"count":10,"href":"https:\/\/wp.ufpel.edu.br\/ppgcamb\/wp-json\/wp\/v2\/pages\/83\/revisions"}],"predecessor-version":[{"id":5571,"href":"https:\/\/wp.ufpel.edu.br\/ppgcamb\/wp-json\/wp\/v2\/pages\/83\/revisions\/5571"}],"up":[{"embeddable":true,"href":"https:\/\/wp.ufpel.edu.br\/ppgcamb\/wp-json\/wp\/v2\/pages\/26"}],"wp:attachment":[{"href":"https:\/\/wp.ufpel.edu.br\/ppgcamb\/wp-json\/wp\/v2\/media?parent=83"}],"curies":[{"name":"wp","href":"https:\/\/api.w.org\/{rel}","templated":true}]}}