{"id":6714,"date":"2026-01-26T10:37:02","date_gmt":"2026-01-26T13:37:02","guid":{"rendered":"https:\/\/wp.ufpel.edu.br\/ppgcamb\/?page_id=6714"},"modified":"2026-03-23T13:52:43","modified_gmt":"2026-03-23T16:52:43","slug":"oferta-2026","status":"publish","type":"page","link":"https:\/\/wp.ufpel.edu.br\/ppgcamb\/oferta-2026\/","title":{"rendered":"Oferta 2026"},"content":{"rendered":"<p class=\"Texto_Justificado_Recuo_Primeira_Linha\"><b>Calend\u00e1rio Acad\u00eamico da P\u00f3s-Gradua\u00e7\u00e3o de 2026<\/b>\u00a0da Universidade Federal de Pelotas:<\/p>\n<p class=\"Texto_Justificado_Recuo_Primeira_Linha\"><b>2026\/1:<\/b><\/p>\n<p class=\"Texto_Justificado_Recuo_Primeira_Linha\">03\/02\/2026 \u2013 In\u00edcio da oferta das disciplinas e atividades para 2026\/01.<\/p>\n<p>19\/02\/2026 \u2013 Matr\u00edcula para 2026\/01.<\/p>\n<p class=\"Texto_Justificado_Recuo_Primeira_Linha\">23\/03\/2026 \u2013 In\u00edcio do per\u00edodo letivo.<\/p>\n<p class=\"Texto_Justificado_Recuo_Primeira_Linha\">25\/07\/2026 \u2013 T\u00e9rmino do per\u00edodo letivo.<\/p>\n<p class=\"Texto_Justificado_Recuo_Primeira_Linha\">25\/07\/2026 \u2013 T\u00e9rmino de ofertas de disciplinas e atividades para 2026\/01.<\/p>\n<p>&nbsp;<\/p>\n<p>&nbsp;<\/p>\n<table dir=\"ltr\" style=\"width: 738px; height: 826px;\" border=\"1\" cellspacing=\"0\" cellpadding=\"0\" data-sheets-root=\"1\" data-sheets-baot=\"1\">\n<colgroup>\n<col width=\"100\" \/>\n<col width=\"205\" \/>\n<col width=\"205\" \/>\n<col width=\"205\" \/>\n<col width=\"205\" \/>\n<col width=\"205\" \/><\/colgroup>\n<tbody>\n<tr>\n<td style=\"width: 63px;\"><\/td>\n<td style=\"width: 142px;\"><span style=\"font-size: 10pt;\">Segunda-feira<\/span><\/td>\n<td style=\"width: 136px;\"><span style=\"font-size: 10pt;\">ter\u00e7a-feira<\/span><\/td>\n<td style=\"width: 142px;\"><span style=\"font-size: 10pt;\">quarta-feira<\/span><\/td>\n<td style=\"width: 142px;\"><span style=\"font-size: 10pt;\">quinta-feira<\/span><\/td>\n<td style=\"width: 101px;\"><span style=\"font-size: 10pt;\">sexta-feira<\/span><\/td>\n<\/tr>\n<tr>\n<td style=\"width: 63px;\" colspan=\"1\" rowspan=\"3\">\n<div><span style=\"font-size: 10pt;\">Manh\u00e3<\/span><\/div>\n<\/td>\n<td style=\"width: 142px;\"><\/td>\n<td style=\"width: 136px;\"><span style=\"font-size: 10pt;\">8h &#8211; T\u00f3picos Especiais em Gest\u00e3o e Avalia\u00e7\u00e3o de Ambientes Naturais e Antr\u00f3picos &#8211; Tem\u00e1tica: Elabora\u00e7\u00e3o de Pol\u00edticas, Programas e Planos Ambientais<\/span><\/td>\n<td style=\"width: 142px;\"><span style=\"font-size: 10pt;\">8h &#8211; T\u00f3picos Especiais em Tecnologias Aplicadas ao Meio Ambiente Sustent\u00e1vel &#8211; Tem\u00e1tica: Materiais Lignocelul\u00f3sicos<\/span><\/td>\n<td style=\"width: 142px;\">\n<p><strong>8:00h<\/strong>&#8211; T\u00f3picos Especiais em Tecnologias Aplicadas ao Meio Ambiente Sustent\u00e1vel \u2013 Ci\u00eancia e Sustentabilidade da Madeira (sala 1 Pr\u00e9dio da Engenharia Industrial Madeireira)<\/p>\n<p><strong>8h<\/strong> -Ci\u00eancias Ambientais II<\/td>\n<td style=\"width: 101px;\"><\/td>\n<\/tr>\n<tr>\n<td style=\"width: 142px;\"><\/td>\n<td style=\"width: 136px;\"><\/td>\n<td style=\"width: 142px;\"><\/td>\n<td style=\"width: 142px;\"><\/td>\n<td style=\"width: 101px;\"><\/td>\n<\/tr>\n<tr>\n<td style=\"width: 142px;\"><\/td>\n<td style=\"width: 136px;\"><\/td>\n<td style=\"width: 142px;\"><\/td>\n<td style=\"width: 142px;\"><\/td>\n<td style=\"width: 101px;\"><\/td>\n<\/tr>\n<tr>\n<td style=\"width: 63px;\" colspan=\"1\" rowspan=\"3\">\n<div><span style=\"font-size: 10pt;\">Tarde<\/span><\/div>\n<\/td>\n<td style=\"width: 142px;\">\n<p><strong>13h30mim-<\/strong>Materiais e Tecnologias Sustent\u00e1vies(sala 303 do Ceng)<\/p>\n<p>&nbsp;<\/p>\n<p>&nbsp;<\/td>\n<td style=\"width: 136px;\"><\/td>\n<td style=\"width: 142px;\"><span style=\"font-size: 10pt;\"><strong>13h30min<\/strong> Ci\u00eancias Ambientais I<\/span><\/td>\n<td style=\"width: 142px;\">\n<p>&nbsp;<\/p>\n<p>&nbsp;<\/p>\n<p><strong>13h30min<\/strong> Sustentabilidade e Gest\u00e3o Ambiental<\/td>\n<td style=\"width: 101px;\"><\/td>\n<\/tr>\n<tr>\n<td style=\"width: 142px;\"><\/td>\n<td style=\"width: 136px;\"><\/td>\n<td style=\"width: 142px;\"><\/td>\n<td style=\"width: 142px;\"><\/td>\n<td style=\"width: 101px;\"><\/td>\n<\/tr>\n<tr>\n<td style=\"width: 142px;\"><\/td>\n<td style=\"width: 136px;\"><span style=\"font-size: 10pt;\"><strong>13h30min<\/strong> Gerenciamento e Tratamento de Res\u00edduos S\u00f3lidos<\/span><\/td>\n<td style=\"width: 142px;\"><\/td>\n<td style=\"width: 142px;\"><\/td>\n<td style=\"width: 101px;\"><\/td>\n<\/tr>\n<tr>\n<td style=\"width: 63px;\"><span style=\"font-size: 10pt;\">Noite<\/span><\/td>\n<td style=\"width: 142px;\"><\/td>\n<td style=\"width: 136px;\"><\/td>\n<td style=\"width: 142px;\"><\/td>\n<td style=\"width: 142px;\"><\/td>\n<td style=\"width: 101px;\"><\/td>\n<\/tr>\n<\/tbody>\n<\/table>\n<p>&nbsp;<\/p>\n<p>***O sistema n\u00e3o permite o cadastro de duas disciplinas no mesmo hor\u00e1rio e nem disciplinas concentradas<\/p>\n<p>**Podem ocorrer ajustes que ser\u00e3o combinados com os alunos em aula<\/p>\n<p>Elabora\u00e7\u00e3o de disserta\u00e7\u00e3o -c\u00f3digo 9999803*<\/p>\n<p>*Essas disciplinas dever\u00e3o ser solicitadas por e-mail a secretaria do programa informando o<br \/>\nnome do orientador, o nome do aluno, a matr\u00edcula do aluno no curso.<\/p>\n<p>&nbsp;<\/p>\n<p>&nbsp;<\/p>\n<p class=\"Texto_Justificado_Recuo_Primeira_Linha\"><b>2026\/2:<\/b><\/p>\n<p class=\"Texto_Justificado_Recuo_Primeira_Linha\">27\/07\/2026 \u2013 In\u00edcio da oferta das disciplinas e atividades para 2026\/02.<\/p>\n<p class=\"Texto_Justificado_Recuo_Primeira_Linha\">12\/08\/2026 \u2013 In\u00edcio do per\u00edodo letivo.<\/p>\n<p class=\"Texto_Justificado_Recuo_Primeira_Linha\">12\/12\/2026 \u2013 T\u00e9rmino do per\u00edodo letivo.<\/p>\n<p class=\"Texto_Justificado_Recuo_Primeira_Linha\">12\/12\/2026 \u2013 T\u00e9rmino de ofertas de disciplinas e atividades para 2026\/02.<\/p>\n<div id=\"simple-translate\" class=\"simple-translate-system-theme\">\n<div>\n<div class=\"simple-translate-button isShow\" style=\"background-image: url('moz-extension:\/\/b05d4359-d644-4209-af7d-d4335fa4b32e\/icons\/512.png'); height: 22px; width: 22px; top: 740px; left: 507px;\"><\/div>\n<div class=\"simple-translate-panel \" style=\"width: 300px; height: 200px; top: 0px; left: 0px; font-size: 13px;\">\n<div class=\"simple-translate-result-wrapper\" style=\"overflow: hidden;\">\n<div class=\"simple-translate-move\" draggable=\"true\"><\/div>\n<div class=\"simple-translate-result-contents\">\n<p class=\"simple-translate-candidate\" dir=\"auto\">\n<\/div>\n<\/div>\n<\/div>\n<\/div>\n<\/div>\n","protected":false},"excerpt":{"rendered":"<p>Calend\u00e1rio Acad\u00eamico da P\u00f3s-Gradua\u00e7\u00e3o de 2026\u00a0da Universidade Federal de Pelotas: 2026\/1: 03\/02\/2026 \u2013 In\u00edcio da oferta das disciplinas e atividades para 2026\/01. 19\/02\/2026 \u2013 Matr\u00edcula para 2026\/01. 23\/03\/2026 \u2013 In\u00edcio do per\u00edodo letivo. 25\/07\/2026 \u2013 T\u00e9rmino do per\u00edodo letivo. 25\/07\/2026 \u2013 T\u00e9rmino de ofertas de disciplinas e atividades para 2026\/01. &nbsp; &nbsp; Segunda-feira ter\u00e7a-feira quarta-feira [&hellip;]<\/p>\n","protected":false},"author":707,"featured_media":0,"parent":0,"menu_order":0,"comment_status":"closed","ping_status":"closed","template":"","meta":{"footnotes":""},"class_list":["post-6714","page","type-page","status-publish","hentry"],"_links":{"self":[{"href":"https:\/\/wp.ufpel.edu.br\/ppgcamb\/wp-json\/wp\/v2\/pages\/6714","targetHints":{"allow":["GET"]}}],"collection":[{"href":"https:\/\/wp.ufpel.edu.br\/ppgcamb\/wp-json\/wp\/v2\/pages"}],"about":[{"href":"https:\/\/wp.ufpel.edu.br\/ppgcamb\/wp-json\/wp\/v2\/types\/page"}],"author":[{"embeddable":true,"href":"https:\/\/wp.ufpel.edu.br\/ppgcamb\/wp-json\/wp\/v2\/users\/707"}],"replies":[{"embeddable":true,"href":"https:\/\/wp.ufpel.edu.br\/ppgcamb\/wp-json\/wp\/v2\/comments?post=6714"}],"version-history":[{"count":4,"href":"https:\/\/wp.ufpel.edu.br\/ppgcamb\/wp-json\/wp\/v2\/pages\/6714\/revisions"}],"predecessor-version":[{"id":6896,"href":"https:\/\/wp.ufpel.edu.br\/ppgcamb\/wp-json\/wp\/v2\/pages\/6714\/revisions\/6896"}],"wp:attachment":[{"href":"https:\/\/wp.ufpel.edu.br\/ppgcamb\/wp-json\/wp\/v2\/media?parent=6714"}],"curies":[{"name":"wp","href":"https:\/\/api.w.org\/{rel}","templated":true}]}}