{"id":6383,"date":"2025-09-15T11:50:22","date_gmt":"2025-09-15T14:50:22","guid":{"rendered":"https:\/\/wp.ufpel.edu.br\/ppgcamb\/?page_id=6383"},"modified":"2025-09-15T11:50:22","modified_gmt":"2025-09-15T14:50:22","slug":"oferta-2025-2","status":"publish","type":"page","link":"https:\/\/wp.ufpel.edu.br\/ppgcamb\/oferta-2025-2\/","title":{"rendered":"Oferta 2025\/2"},"content":{"rendered":"<p>Segue, abaixo, a pr\u00e9via dos hor\u00e1rios e das disciplinas ofertadas para o semestre 2025\/2.<\/p>\n<p>&nbsp;<\/p>\n<p>&nbsp;<\/p>\n<table width=\"685\">\n<tbody>\n<tr>\n<td width=\"193\">Nome da disciplina<\/td>\n<td width=\"60\">C\u00f3digo<\/td>\n<td width=\"110\">Professor<\/td>\n<td width=\"106\">Dia e hor\u00e1rio<\/td>\n<td width=\"129\">Vagas<\/td>\n<td width=\"87\">regime<\/td>\n<\/tr>\n<tr>\n<td width=\"193\"><strong>Ci\u00eancias Ambientais I<\/strong><\/td>\n<td width=\"60\"><strong>\u00a0<\/strong><\/td>\n<td width=\"110\"><strong>Pascal Silas<\/strong><\/td>\n<td width=\"106\">\n<p><strong>Quarta 13h30min<\/strong><\/p>\n<p><strong>\u00a0<\/strong><\/td>\n<td width=\"129\"><strong>30<\/strong><\/td>\n<td width=\"87\"><strong>normal<\/strong><\/td>\n<\/tr>\n<tr>\n<td width=\"193\"><strong>Sustentabilidade e Gest\u00e3o Ambiental<\/strong><\/td>\n<td width=\"60\"><strong>\u00a0<\/strong><\/td>\n<td width=\"110\">\n<p><strong>Andr\u00e9a, Diuliana, Mar\u00edlia<\/strong><\/p>\n<p><strong>\u00a0<\/strong><\/td>\n<td width=\"106\"><strong>Quinta 14h<\/strong><\/td>\n<td width=\"129\"><strong>15<\/strong><\/td>\n<td width=\"87\"><strong>normal<\/strong><\/td>\n<\/tr>\n<tr>\n<td width=\"193\">\n<p><strong>Doc\u00eancia Orientada (orientados Prof\u00aa. Tirzah Siqueira)<\/strong><\/p>\n<p><strong>\u00a0<\/strong><\/td>\n<td width=\"60\"><strong>\u00a0<\/strong><\/td>\n<td width=\"110\"><strong>Tirzah Siqueira<\/strong><\/td>\n<td width=\"106\"><strong>Sexta 14h<\/strong><\/td>\n<td width=\"129\"><strong>06<\/strong><\/td>\n<td width=\"87\"><strong>normal<\/strong><\/td>\n<\/tr>\n<tr>\n<td width=\"193\">\n<p><strong>T\u00d3PICOS ESPECIAIS EM GEST\u00c3O E AVALIA\u00c7\u00c3O DE AMBIENTES NATURAIS E ANTR\u00d3PICOS\u00a0<\/strong>(Ementa: Estat\u00edstica Aplicada)<\/p>\n<p>&nbsp;<\/p>\n<p>&nbsp;<\/td>\n<td width=\"60\"><strong>\u00a0<\/strong><\/td>\n<td width=\"110\"><strong>Everton Cavalheiro<\/strong><\/td>\n<td width=\"106\"><strong>Quarta 8h<\/strong><\/td>\n<td width=\"129\"><strong>30<\/strong><\/td>\n<td width=\"87\"><strong>normal<\/strong><\/td>\n<\/tr>\n<tr>\n<td width=\"193\"><strong>Educa\u00e7\u00e3o Ambiental e Sanit\u00e1ria<\/strong><\/td>\n<td width=\"60\"><strong>\u00a0<\/strong><\/td>\n<td width=\"110\"><strong>Eduarda, Luciara, Roberta<\/strong><\/td>\n<td width=\"106\">\n<p><strong>Ter\u00e7a 13h30min<\/strong><\/p>\n<p><strong>\u00a0<\/strong><\/p>\n<p><strong>\u00a0<\/strong><\/td>\n<td width=\"129\"><strong>20<\/strong><\/td>\n<td width=\"87\"><strong>concentrado<\/strong><\/td>\n<\/tr>\n<tr>\n<td width=\"193\"><strong>Qu\u00edmica Ambiental<\/strong><\/td>\n<td width=\"60\"><strong>\u00a0<\/strong><\/td>\n<td width=\"110\">\n<p><strong>Rubia<\/strong><\/p>\n<p><strong>C\u00edcero Escobar<\/strong><\/p>\n<p><strong>\u00a0<\/strong><\/td>\n<td width=\"106\">\n<p><strong>Ter\u00e7a 8h<\/strong><\/p>\n<p><strong>\u00a0<\/strong><\/td>\n<td width=\"129\"><strong>30<\/strong><\/td>\n<td width=\"87\">\n<p><strong>normal<\/strong><\/p>\n<p><strong>\u00a0<\/strong><\/td>\n<\/tr>\n<tr>\n<td width=\"193\">\n<p><strong>T\u00d3PICOS ESPECIAIS EM GEST\u00c3O E AVALIA\u00c7\u00c3O DE AMBIENTES NATURAIS E ANTR\u00d3PICOS<\/strong><strong>\u00a0<\/strong>(Ementa: Desenvolvimento Sustent\u00e1vel \u2013 M\u00e9todo do Bar\u00f4metro da Sustentabilidade) \u2013 n\u00edvel avan\u00e7ado<strong>\u00a0<\/strong><strong>\u00a0<\/strong><\/p>\n<p><strong>\u00a0<\/strong><\/td>\n<td width=\"60\"><strong>\u00a0<\/strong><\/td>\n<td width=\"110\"><strong>Tirzah Siqueira<\/strong><\/td>\n<td width=\"106\"><strong>Ter\u00e7a 14h<\/strong><\/td>\n<td width=\"129\"><strong>1<\/strong><\/td>\n<td width=\"87\"><strong>normal<\/strong><\/td>\n<\/tr>\n<tr>\n<td width=\"193\"><strong>Materiais e Tecnologias Sustent\u00e1veis<\/strong><\/td>\n<td width=\"60\"><strong>\u00a0<\/strong><\/td>\n<td width=\"110\"><strong>Pascal Silas<\/strong><\/td>\n<td width=\"106\"><strong>Segunda 13h30min<\/strong><\/td>\n<td width=\"129\"><strong>30<\/strong><\/td>\n<td width=\"87\"><strong>normal<\/strong><\/td>\n<\/tr>\n<tr>\n<td width=\"193\"><strong>\u00a0<\/strong><\/td>\n<td width=\"60\"><strong>\u00a0<\/strong><\/td>\n<td width=\"110\"><strong>\u00a0<\/strong><\/td>\n<td width=\"106\"><strong>\u00a0<\/strong><\/td>\n<td width=\"129\"><strong>\u00a0<\/strong><\/td>\n<td width=\"87\"><strong>\u00a0<\/strong><\/td>\n<\/tr>\n<tr>\n<td width=\"193\">\n<p><strong>Mapeamento Ambiental<\/strong><\/p>\n<p>n\u00edvel b\u00e1sico<\/p>\n<p><strong>\u00a0<\/strong><\/p>\n<p><strong>\u00a0<\/strong><\/td>\n<td width=\"60\"><strong>\u00a0<\/strong><\/td>\n<td width=\"110\"><strong>Diuliana Leandro<\/strong><\/td>\n<td width=\"106\">\n<p><strong>Hor\u00e1rios a definir (prov\u00e1vel aulas aos s\u00e1bados e noite)<\/strong><\/p>\n<p><strong>\u00a0<\/strong><\/td>\n<td width=\"129\"><strong>15<\/strong><\/td>\n<td width=\"87\"><strong>Concentrado<\/strong><\/td>\n<\/tr>\n<tr>\n<td width=\"193\">\n<p><strong>T\u00d3PICOS ESPECIAIS EM GEST\u00c3O E AVALIA\u00c7\u00c3O DE AMBIENTES NATURAIS E ANTR\u00d3PICOS<\/strong><strong>\u00a0<\/strong>(Ementa: Modelagem da Dispers\u00e3o de Poluentes Atmosf\u00e9ricos) \u2013 n\u00edvel b\u00e1sico<strong>\u00a0<\/strong><\/p>\n<p><strong>\u00a0<\/strong><\/td>\n<td width=\"60\"><strong>\u00a0<\/strong><\/td>\n<td width=\"110\"><strong>Daniela Buske<\/strong><\/td>\n<td width=\"106\"><strong>Segunda 19h<\/strong><\/td>\n<td width=\"129\"><strong>15<\/strong><\/td>\n<td width=\"87\"><strong>normal<\/strong><\/td>\n<\/tr>\n<\/tbody>\n<\/table>\n<p>&nbsp;<\/p>\n","protected":false},"excerpt":{"rendered":"<p>Segue, abaixo, a pr\u00e9via dos hor\u00e1rios e das disciplinas ofertadas para o semestre 2025\/2. &nbsp; &nbsp; Nome da disciplina C\u00f3digo Professor Dia e hor\u00e1rio Vagas regime Ci\u00eancias Ambientais I \u00a0 Pascal Silas Quarta 13h30min \u00a0 30 normal Sustentabilidade e Gest\u00e3o Ambiental \u00a0 Andr\u00e9a, Diuliana, Mar\u00edlia \u00a0 Quinta 14h 15 normal Doc\u00eancia Orientada (orientados Prof\u00aa. Tirzah [&hellip;]<\/p>\n","protected":false},"author":707,"featured_media":0,"parent":0,"menu_order":0,"comment_status":"closed","ping_status":"closed","template":"","meta":{"footnotes":""},"class_list":["post-6383","page","type-page","status-publish","hentry"],"_links":{"self":[{"href":"https:\/\/wp.ufpel.edu.br\/ppgcamb\/wp-json\/wp\/v2\/pages\/6383","targetHints":{"allow":["GET"]}}],"collection":[{"href":"https:\/\/wp.ufpel.edu.br\/ppgcamb\/wp-json\/wp\/v2\/pages"}],"about":[{"href":"https:\/\/wp.ufpel.edu.br\/ppgcamb\/wp-json\/wp\/v2\/types\/page"}],"author":[{"embeddable":true,"href":"https:\/\/wp.ufpel.edu.br\/ppgcamb\/wp-json\/wp\/v2\/users\/707"}],"replies":[{"embeddable":true,"href":"https:\/\/wp.ufpel.edu.br\/ppgcamb\/wp-json\/wp\/v2\/comments?post=6383"}],"version-history":[{"count":1,"href":"https:\/\/wp.ufpel.edu.br\/ppgcamb\/wp-json\/wp\/v2\/pages\/6383\/revisions"}],"predecessor-version":[{"id":6386,"href":"https:\/\/wp.ufpel.edu.br\/ppgcamb\/wp-json\/wp\/v2\/pages\/6383\/revisions\/6386"}],"wp:attachment":[{"href":"https:\/\/wp.ufpel.edu.br\/ppgcamb\/wp-json\/wp\/v2\/media?parent=6383"}],"curies":[{"name":"wp","href":"https:\/\/api.w.org\/{rel}","templated":true}]}}